{"id":7136,"date":"2017-12-28T12:35:09","date_gmt":"2017-12-28T11:35:09","guid":{"rendered":"http:\/\/www.lassebacklund.fi\/?page_id=7136"},"modified":"2018-09-21T22:39:23","modified_gmt":"2018-09-21T20:39:23","slug":"tidningsartiklar-fran-1940-talet","status":"publish","type":"page","link":"https:\/\/www.lassebacklund.fi\/?page_id=7136","title":{"rendered":"Tidningsartiklar fr\u00e5n 1940-talet."},"content":{"rendered":"<p><span style=\"color: #000080;\">\u00c5r 1940 b\u00f6rjade i Sverige en motionst\u00e4vling, som skulle engagera folket under det p\u00e5g\u00e5ende v\u00e4rldskriget. F\u00f6ljande \u00e5r ville Finland vara med och den t\u00e4vlingen mellan de b\u00e5da l\u00e4nderna kallades \u201dRiksmarschen\u201d. Det g\u00e4llde att marschera en viss l\u00e4ngd p\u00e5 en viss tid, och p\u00e5 detta s\u00e4tt samla m\u00e4rken.<\/span><\/p>\n<p><span style=\"color: #000080;\">I Syd-\u00d6sterbotten 10.5.1941 publicerades en artikel om Riksmarschen i Dagsmark:<\/span><\/p>\n<p>79 m\u00e4rken har redan er\u00f6vrats. Under f\u00f6rsta t\u00e4vlingsdagen den 4 maj avlades 79 godk\u00e4nda prov. \u00c4ldsta deltagaren var 56-\u00e5riga Oskar \u00c5bb som marscherade 15 km p\u00e5 tiden 1 tim. 59 minuter. F\u00f6ljande flickor marscherade str\u00e4ckan p\u00e5 1 tim. 15 minuter: Else Gr\u00f6nlund, Elvi L\u00f6vholm, Frida Klemets. Pojkar under 13 \u00e5r: Paul Englund 1 tim. 15 minuter. Damer Else Norrg\u00e5rd 1 tim. 19 min, Elvi Roseng\u00e5rd 1 tim. 19 minuter.<\/p>\n<p>Topptiden f\u00f6r de manliga deltagarna hade Nils Gr\u00f6nlund, 16 \u00e5r med tiden 1 tim. 45 min, Alvar Bj\u00f6rklund och Rurik Nor\u00e9n hade samma tid.<\/p>\n<p>I morgon s\u00f6ndag kan de som inte \u00e4nnu marscherat, avl\u00e4gga provet. Start vid ungdomshemmet kl. 11. F\u00f6r Korsb\u00e4ck anordnas g\u00e5ngt\u00e4vlingar \u00e4vens\u00e5 i morgon kl 15,30 med start vid ungdomshemmet i Korsb\u00e4ck och f\u00f6rsigg\u00e5r t\u00e4vlingen p\u00e5 banan mot Dagsmark. Alla med!<\/p>\n<p><span style=\"color: #000080;\">Syd-\u00d6sterbotten 3.1.1942:<\/span><\/p>\n<p><strong>-Befolkningsm\u00e4ngden.<\/strong> I Lappfj\u00e4rds f\u00f6rsamling fanns det vid \u00e5rsskiftet totalt 6\u00a0349 personer, av dessa var 3\u00a0628 av mank\u00f6n. J\u00e4mf\u00f6rt med \u00e5ret innan har f\u00f6rsamlingen minskats med 43 personer.<\/p>\n<p>I Sideby fanns det vid samma tid 3\u00a0508 personer, i N\u00e4rpes 11\u00a0253, i Tj\u00f6ck 1\u00a0389 och i Kristinestad 2\u00a0909 personer.<\/p>\n<p><strong>-F\u00f6r 75 \u00e5r sedan<\/strong>, n\u00e4rmare best\u00e4mt den 17 november 1865 blev bonden Josef Pettersson Ingves i Lappfj\u00e4rd bel\u00f6nad med Kejserliga Hush\u00e5llss\u00e4llskapets silvermedalj, att i gr\u00f6nt band b\u00e4ras i knapph\u00e5let. Medaljen erh\u00f6lls f\u00f6r lantmannaidoghet och s\u00e4rskilt f\u00f6r konstruktion av den s\u00e5 kallade \u201dLappfj\u00e4rdska v\u00e4ndplogen\u201d.<\/p>\n<p><span style=\"color: #000080;\">Syd-\u00d6sterbotten 17.1.1942:<\/span><\/p>\n<p><span style=\"color: #000080;\">V\u00f6r\u00e5 har i l\u00e5nga tider kallats f\u00f6r \u201dR\u00e5gens rike\u201d men enligt utr\u00e4kningar 1941, s\u00e5 har Lappfj\u00e4rd procentuellt en betydligt st\u00f6rre areal med odlad r\u00e5g. Det h\u00e4r beror fr\u00e4mst p\u00e5 att det i Dagsmark skett en s\u00e5 stor \u00f6kning, som medf\u00f6rt att V\u00f6r\u00e5 hamnat p\u00e5 andra plats. Det h\u00e4r fick signaturen \u201d-d\u201d att skriva en inlaga som han kallar<\/span><\/p>\n<p><strong>Dagsmarkbrev.<\/strong><\/p>\n<p>Julen, \u00e5rets st\u00f6rsta h\u00f6gtid, \u00e4r numera bara ett minne blott. Med undantag f\u00f6r barnen har h\u00f6gtiden s\u00e4kert f\u00f6r flertalet varit en l\u00e5ng st\u00e4mningsl\u00f6s vardag, i synnerhet f\u00f6r dem som har sina egna vid fronten, f\u00f6r att inte tala om dem som redan f\u00e5tt hem dem som d\u00f6da. Livet \u00e4r h\u00e5rt och d\u00f6den bitter.<\/p>\n<p>F\u00e5r man ta notisskrivare fr\u00e5n Lappfj\u00e4rd p\u00e5 fullt allvar s\u00e5 har de \u00e5tminstone tv\u00e5 g\u00e5nger med litet mellanrum i denna tidning gett Dagsmark hederstiteln \u201dR\u00e5gens rike\u201d. Det \u00e4r n\u00e4stan s\u00e5 att det b\u00f6rjar g\u00e5 en \u00e5t huvudet. T\u00e4nk en s\u00e5dan \u00e4ra, detta hedersnamn har s\u00e4kerligen varit orsak till att m\u00e5ngen v\u00f6r\u00e5bo med m\u00f6ssan p\u00e5 ena \u00f6rat en stor del av sitt liv, men det var ju sant att V\u00f6r\u00e5 i geng\u00e4ld skulle f\u00e5 titeln \u201dKornets rike\u201d, s\u00e5 v\u00f6r\u00e5borna f\u00e5r bara f\u00f6ra m\u00f6ssa till det andra \u00f6rat.<\/p>\n<p>D\u00e5 vi nu en g\u00e5ng h\u00e5ller p\u00e5 att bli uppdragna p\u00e5 \u00e4rans flaggst\u00e5ng, b\u00f6r vi dagsmarkbor inte vara sena med att hj\u00e4lpa till litet grand och samtidigt passa p\u00e5 och tala om att h\u00e4r sysslas med b\u00e5de ett och annat ocks\u00e5 utom att odla r\u00e5g. H\u00e4r arbetar bland annat en andelskassa, d\u00e4r de b\u00e5de s\u00e4tts in och tas ut, pengar f\u00f6rst\u00e5s. Mera v\u00e5gar man inte s\u00e4ga nu f\u00f6r tillf\u00e4llet innan \u201dskattegubbarna\u201d slitit sina byxarsel blanka i oro \u00f6ver det kommande \u00e5rets stora utgifter, som nu skall likvideras med pengar som de har f\u00e5tt i uppdrag att uttaxera.<\/p>\n<p>Ljusandelslaget som f\u00f6rser bygden med b\u00e5de ljus och kraftstr\u00f6m, ja till och med \u201dgatubelysning\u201d, som andelslaget inte ens dragit sig f\u00f6r, b\u00f6r p\u00e5 inga villkor gl\u00f6mmas.<\/p>\n<p>Mejeriet sedan, aj det borde jag inte ha n\u00e4mnt, ty det blir en post p\u00e5 kreditsidan, d\u00e4r f\u00f6rlorar mj\u00f6lkleverant\u00f6rerna n\u00e4rap\u00e5 markslanten f\u00f6r varje kilogram mj\u00f6lk som levereras, men det \u00e4r en sak som redan i b\u00f6rjan borde ha framh\u00e5llits. En sak som mig veterligen ingen heller n\u00e5gonsin velat bestrida \u00e4r att h\u00e4r i bygden bor ett i allo genompr\u00e4ktigt folk och eng\u00e5ng s\u00e5 sinnade t\u00e4nker vi som s\u00e5, blott vi f\u00e5r n\u00e5gonting f\u00f6r den mj\u00f6lk vi levererar \u00e4r det ingen orsak till knot, v\u00e4rre saker kan man r\u00e5ka ut f\u00f6r.<\/p>\n<p>Jag m\u00e5ste nu sluta med en innerlig \u00f6nskan om god forts\u00e4ttning f\u00f6r oss alla p\u00e5 det nya \u00e5ret 1942, oaktat ryssen h\u00e5ller p\u00e5 och dunkar p\u00e5 farstud\u00f6rren. Adj\u00f6 s\u00e5 l\u00e4nge.<\/p>\n<p><span style=\"color: #000080;\">Syd-\u00d6sterbotten 22.1.1942:<\/span><\/p>\n<p><strong>Dagsmark marthaf\u00f6rening.<\/strong><\/p>\n<p><strong>F\u00f6reningen har under det g\u00e5ngna \u00e5ret h\u00e5llit tio m\u00f6ten.<\/strong><\/p>\n<p>Dagsmark marthaf\u00f6rening h\u00f6ll \u00e5rsm\u00f6te hos ordf\u00f6randen den 19 januari p\u00e5 kv\u00e4llen. M\u00f6tet \u00f6ppnades med s\u00e5ngen \u201dS\u00e5 i k\u00e4rlek, tr\u00f6ttna icke\u201d. F\u00f6rhandlingarna leddes av Amanda Nelson och Guldi Lillkull f\u00f6rde protokollet. Av \u00e5rsber\u00e4ttelsen framgick att f\u00f6reningen under det g\u00e5ngna \u00e5ret h\u00e5llit 10 m\u00f6ten, p\u00e5 sm\u00e5skolan och i marthornas hem med i medeltal 20 n\u00e4rvarande.<\/p>\n<p>Under \u00e5ret har f\u00f6reningen haft bes\u00f6k av tv\u00e5 konsulenter, konsulent Groop och fr\u00f6ken Ruth Pihlflycht. F\u00f6reningen ordf\u00f6rande fr\u00f6ken Selma Gr\u00f6ndahl fyllde under \u00e5ret 50 \u00e5r och uppvaktades med en g\u00e5va och med s\u00e5ng. Medlemsantalet \u00e4r f\u00f6r n\u00e4rvarande 45. En av f\u00f6reningens mest aktiva medlemmar, Agnes Storkull har genom d\u00f6den avg\u00e5tt och f\u00f6reningen lade ned en krans p\u00e5 hennes grav. Julpaket s\u00e4ndes till julen \u00e5t de som \u00e4r utkallade i kriget fr\u00e5n byn. F\u00f6reningen har k\u00f6pt ett minnesalbum \u00e5t anh\u00f6riga till en av de stupade i vinterkriget.<\/p>\n<p>Sedan \u00e5rsber\u00e4ttelsen uppl\u00e4sts och godk\u00e4nts, och kassa och revisionsber\u00e4ttelsen f\u00f6redragits, beviljades styrelsen tacksam ansvarsfrihet. D\u00e4refter f\u00f6ljde val av styrelse och valdes f\u00f6ljande: ordf\u00f6rande Elvira Eklund, viceordf\u00f6rande Selma Gr\u00f6ndahl, sekreterare Guldi Lillkullm kass\u00f6r Julanda Mitts. \u00d6vriga i styrelsen blev M\u00e4rtha Rosengren. \u00d6vriga funktion\u00e4rer Hulda Hemberg, Edit Wester, Hulda L\u00f6vgren, Elvira Eklund, Selma Andersson, Elna Lindfors, Hj\u00f6rdis Myllyniemi, Hulda Lindell och Signe Nystr\u00f6m.<\/p>\n<p><span style=\"color: #000080;\">Syd-\u00d6sterbotten 28.2.1942:<\/span><\/p>\n<p><strong>Dagsmark andelskassa.<\/strong><\/p>\n<p>Andelskassan redovisar f\u00f6r \u00f6kad utl\u00e5ning. Andelsmejeriet har inv\u00e4gt 371,570 kg mj\u00f6lk.<\/p>\n<p>Dagsmark Andelsmejeri och andelskassa h\u00f6ll v\u00e5rst\u00e4mma senaste onsdag kl. 13. Andelskassans r\u00e4kenskaper f\u00f6redrogs f\u00f6rst, varvid ordet leddes av Frans Storkull med J. V. Bj\u00f6rklund som sekreterare. Medlemsantalet har under det g\u00e5ngna \u00e5ret icke \u00f6kats utan f\u00f6rblev vid det gamla, som utgjorde 98 del\u00e4gare. Under det till\u00e4ndalupna \u00e5ret har andelskassan utl\u00e5nat 31 s\u00e4rskilda l\u00e5n, uppg\u00e5ende till 191,400 mark. Av gamla l\u00e5n hade inbetalats senaste \u00e5r 213,900 mark. Vid \u00e5rets ing\u00e5ng hade utl\u00e5ningarnas summa stigit till 675,950 mark medan morsvarande tal vid utg\u00e5ngen av senaste \u00e5r var 653,450 mark, vilket utg\u00f6r en minskning av 23,500 mark. Denna minskning har sin naturliga orsak. D\u00e4remot har kassans inl\u00e5ningar gjort ett betydande uppsving senaste \u00e5r, d\u00e5 depositionsstocken \u00f6kats med 81,039 mark och ins\u00e4ttarnas antal ha \u00f6kat med 15 nya deponenter. Deponenternas antal uppgick vid \u00e5rsskiftet till 156 och de totala ins\u00e4ttningarna till 778,886 mark.<\/p>\n<p>Efter andelskassans f\u00f6rhandlingar vidtog andelsmejeriets som leddes av Erik Englund med Frans Agn\u00e4s vid protokollet. Mejeriet hade under det senaste \u00e5ret varit i g\u00e5ng under 229 dagar, varvid inv\u00e4gts 371,570 kg mj\u00f6lk. Medelfetthalten utgjorde 3,62 %. Som helmj\u00f6lk har av inv\u00e4gda mj\u00f6lkm\u00e4ngden s\u00e5lts 8,561 kg samt till avl\u00f6ningar \u00e5t personalen har utgivits 1,116 kg. Resten 361,893 kg har anv\u00e4nts till sm\u00f6rtillverkning varav erh\u00e5llits 15,136 kg sm\u00f6r. Till 1 kg sm\u00f6r har \u00e5tg\u00e5tt 23,8 kg mj\u00f6lk.<\/p>\n<p>Totalinkomsten av f\u00f6rs\u00e5lda produkter under \u00e5ret uppgick till 628,023. I mj\u00f6lklikvider till leverant\u00f6rerna har utbetalats 532,144, vilket utg\u00f6r 1,432 per kg mj\u00f6lk. Driftskostnaderna senaste \u00e5r uppgick till 79,586 mark eller 12,6 %av inkomsterna.<\/p>\n<p><span style=\"color: #000080;\">Syd-\u00d6sterbotten 27.5.1942:<\/span><\/p>\n<p><strong>Femlingar i f\u00e5rahuset.<\/strong><\/p>\n<p>H\u00e4rom dagen gav en tacka, \u00e4gd av bonden Urho Myllyniemi i Dagsmark, livet \u00e5t fem lamm, vilka alla \u00e4ro vid b\u00e4sta vig\u00f6r. En annan tacka gramf\u00f6dde samma dag fyra lamm av vilka ett dock dog.<\/p>\n<p>Antingen har man i Dagsmark en f\u00f6rstklassig f\u00e5rstam eller s\u00e5 har de nyligen publicerade rekordsiffrorna i fr\u00e5ga om nativiteten gjort sin verkan \u00e4ven i f\u00e5rahuset. Men hur som helst s\u00e5 \u00e4r det ingen alldaglig f\u00f6reteelse att en tacka ger livet \u00e5t fem v\u00e4lskapta lamm.<\/p>\n<p><span style=\"color: #000080;\">Syd-\u00d6sterbotten 21.7.1942:<\/span><\/p>\n<p><strong>Simkurs i Dagsmark.<\/strong><\/p>\n<p>Under tiden 30 juni till 9 juli h\u00f6lls i Dagsmark en simkurs, vilken leddes av folkskoll\u00e4raren Frans Steng\u00e5rd fr\u00e5n Korsb\u00e4ck. Kursen hade samlat 29 elever, 10 gossar och 19 flickor. Vid kursens slut hade 12 deltagare avlagt fordringarna f\u00f6r intressem\u00e4rket. Kursen finansierades av Lappfj\u00e4rds kommun med 300 mark och av f\u00f6reningen Folkh\u00e4lsan i Lappfj\u00e4rd som deltog med 200 mark.<\/p>\n<p><span style=\"color: #000080;\">Syd-\u00d6sterbotten 15.8.1942:<\/span><\/p>\n<p><strong>Efterforskningar p\u00e5 Hang\u00f6omr\u00e5det.<\/strong><\/p>\n<p>B\u00f6nderna Josef Berglund och Josef Dahlroos fr\u00e5n Dagsmark ha begivit sig till Hang\u00f6omr\u00e5det f\u00f6r att anst\u00e4lla efterforskningar efter soldat Selim Dahlroos, vilken f\u00f6rsvann under striderna d\u00e4rst\u00e4des den 30 juni 1941.<\/p>\n<p><span style=\"color: #000080;\">Syd-\u00d6sterbotten 10.10.1942:<\/span><\/p>\n<p><strong>Lyckad klubbutst\u00e4llning i Dagsmark.<\/strong><\/p>\n<p>Senaste s\u00f6ndag hade Lappfj\u00e4rds lantbruksklubb anordnat en klubbfest med utst\u00e4llning i Dagsmark ungdomsf\u00f6renings lokal. Festen som var talrikt bes\u00f6kt inleddes med s\u00e5ngen \u201dJag \u00e4lskar min hembygd\u201d.<\/p>\n<p>Fil. mag. J. R. af H\u00e4llstr\u00f6m h\u00e4lsade de n\u00e4rvarande v\u00e4lkomna och manade de unga till fortsatt arbete f\u00f6r hembygdens f\u00f6rkovran. Programmet upptog h\u00e4refter deklamation av klubbmedlemmen Elice Klockars samt k\u00f6rs\u00e5ng av skolelever fr\u00e5n Dagsmark under ledning av l\u00e4rare Einar Lind.<\/p>\n<p>Klubbledaren, l\u00e4rare Selim Bj\u00f6rses f\u00f6redrog en ber\u00e4ttelse \u00f6ver klubbens verksamhet och framgick det att medlemsantalet nu stigit till 193 och att de flesta medlemmar odlat k\u00f6ksv\u00e4xter. Han gav \u00e4ven en kort \u00f6versikt \u00f6ver klubbarbetet i Dagsmark under de g\u00e5ngna \u00e5ren och tackade dagsmarkborna f\u00f6r det intresse de visat klubbarbetet.<\/p>\n<p>\u00c5ke Hemberg deklamerade och ett sk\u00e4mtstycke uppf\u00f6rdes av tre klubbflickor. Som f\u00f6rsta nummer efter pausen sj\u00f6ngs Modersm\u00e5lets s\u00e5ng varefter mag. J. R. af H\u00e4llstr\u00f6m h\u00f6ll et f\u00f6redrag. Programmet upptog vidare duetts\u00e5ng av systrarna Karin och Gunvor Andtfolk och deklamation av klubbmedlemmen Else-Maj Hemberg.<\/p>\n<p>L\u00e4raren Selim Bj\u00f6rses gav h\u00e4refter en \u00f6verblick av utst\u00e4llningen och tvenne klubbflickor uppf\u00f6rde ett stycke med humoristiskt inneh\u00e5ll. Vidare upptog programmet s\u00e5ng av tre klubbmedlemmar.<\/p>\n<p>H\u00e4rp\u00e5 f\u00f6ljde utdelning av lantbruksklubbens f\u00f6rtj\u00e4nstm\u00e4rken, som tilldelades f\u00f6ljande klubbmedlemmar: Nils Kl\u00e5vus, Astrid Kl\u00e5vus, Greta Vesterlund, Karin Ebb, Karin Skogman, Elin Nygren, Helga Myllykorpi, Alice Hellman, Lars B\u00f6rje Engelholm, Kurt \u00c5lgars, Johan \u00c5lgars, Elsi Sandbacka, Margit Lillsj\u00f6, Gunhild Guss, Margit Roseng\u00e5rd, Birgit Englund, Paul Englund, \u00c5ke Hemberg, \u00c5ke L\u00f6vgren, Lars L\u00f6vgren, \u00c5ke Kankaanp\u00e4\u00e4, Karin Lindqvist, Margit Joensuu, Enid Villamo, Kurt Klockars, Astrid Klemets, Torsten Hemg\u00e5rd, Alice Landg\u00e4rds, Rigmor Mj\u00f6rses, Jenny Holmberg, Per Andtfolk och J\u00f6rgen Byholm.<\/p>\n<p>Efter utdelningen av f\u00f6rtj\u00e4nsttecknet upptog programmet s\u00e5ng av systrarna Andtfolk, samt som sista nummer en tabl\u00e5. Festen var allt igenom lyckad och salen var fylld till sista plats.<\/p>\n<p><span style=\"color: #000080;\">Syd-\u00d6sterbotten 5.1.1943:<\/span><\/p>\n<p>Folkm\u00e4ngden i kommunerna har i de flesta fall minskat, fr\u00e4mst p\u00e5 grund av det p\u00e5g\u00e5ende kriget. I Kristinestad minskade befolkningen med 4 personer till 2\u00a0909, i Lappfj\u00e4rd en \u00f6kning med 12 personer till 6\u00a0364, i N\u00e4rpes minskning 15 personer till 11\u00a0291.<\/p>\n<p>Kommunerna uppgjorde \u00e5rligen en inventariel\u00e4ngd, som upptog den egendom som kommunen \u00e4gde vid \u00e5rsskiftet. \u00c5r 1943 var Lappfj\u00e4rds kommuns nettof\u00f6rm\u00f6genhet 5\u00a0927\u00a0547 mark medan skulderna uppgick till 694,355 mark. Jordomr\u00e5dena v\u00e4rderades till 625\u00a0434, skogarna till 401\u00a0934 och fonderna uppgick till 1\u00a0077\u00a0957 mark. Kommunen \u00e4gde 542 hektar skog.<\/p>\n<p><span style=\"color: #000080;\">Syd-\u00d6sterbotten 28.3.1944:<\/span><\/p>\n<h6><strong>Gosse innebr\u00e4nd i Dagsmark.<\/strong><\/h6>\n<p><strong>Bonden Artturi Luomas bostadsbyggnad lagd i aska.<\/strong><\/p>\n<p>Senaste s\u00f6ndagskv\u00e4ll utbr\u00f6t i Dagsmark hos bonden Artturi Luoma en eldsv\u00e5da som lade bostadsbyggnaden i aska. Huru elden uppkommit \u00e4r ej k\u00e4nt men troligtvis fick den sin b\u00f6rjan i mellantaket.<\/p>\n<p>D\u00e5 Luoma sj\u00e4lv befinner sig i milit\u00e4rtj\u00e4nst bodde i g\u00e5rden endast hans hustru och 5-\u00e5riga son. D\u00e5 hustrun p\u00e5 kv\u00e4llssidan lagt sonen till s\u00e4ngs och g\u00e5tt ut till f\u00e4huset, observerade hon n\u00e4r hon skulle g\u00e5 till brunnen efter vatten, tjock r\u00f6k och eld slog ut ur byggnaden. Samtidigt med henne hade \u00e4ven grannarna blivit varskodda av eldskenet och hastat till unds\u00e4ttning. En bonde som anl\u00e4nde till platsen f\u00f6rs\u00f6kte genom att sl\u00e5 in f\u00f6nstret komma den sovande gossen till hj\u00e4lp, men lyckades inte d\u00e5 byggnaden \u00e4ven inv\u00e4ndigt redan stod i l\u00e5gor.<\/p>\n<p>Trots energiska sl\u00e4ckningsf\u00f6rs\u00f6k kunde man inte bli herre \u00f6ver elden utan byggnaden brann ned till grunden. Uthusen i n\u00e4rheten lyckades man r\u00e4dda undan eldens framfart, likas\u00e5 kreaturen. L\u00e5gt r\u00e4knat stiger skadan till 30-40, 000 mark och enligt vads om uppgavs var hela fastigheten och l\u00f6s\u00f6ret f\u00f6rs\u00e4krat till 10,000 mark. En stor m\u00e4ngd g\u00e5ngkl\u00e4der, ryor, s\u00e4ngkl\u00e4der samt cykel, symaskin och m\u00f6bler blev l\u00e5gornas rov.<\/p>\n<p><span style=\"color: #000080;\">Syd-\u00d6sterbotten 10.6. 1944:<\/span><\/p>\n<h6><strong>Stora skador p\u00e5 odlingar i Dagsmark.<\/strong><\/h6>\n<p>\u00d6versv\u00e4mning senaste h\u00f6st och vinter har f\u00f6rst\u00f6rt v\u00e4rdefull mark.<\/p>\n<p>Storsj\u00f6 och Lillsj\u00f6 tr\u00e4sken i Dagsmark, vilka torrlades 1932 och 1933 har under de g\u00e5ngna \u00e5ren gett stora sk\u00f6rdar. Speciellt har markerna varit \u00e4gnade f\u00f6r timotejfr\u00f6odling. Under h\u00f6sten steg dock vattnet s\u00e5 h\u00f6gt att stora delar av \u00e5krarna var helt \u00f6versv\u00e4mmade. D\u00e5 vattnet blev liggande \u00f6ver vintern och ist\u00e4cke bildades kunde man befara att v\u00e4xtligheten skulle lida stor skada. Farh\u00e5gorna har nu besannats och man ber\u00e4knar att tv\u00e5 tredjedelar av den torrlagda odlingsmarken lidit allvarligt men av \u00f6versv\u00e4mningen.<\/p>\n<p>Skadorna som stiger till hundratusentals mark drabbar s\u00e4rskilt tungt de mark\u00e4gare som har st\u00f6rre odlingar p\u00e5 de n\u00e4mnda omr\u00e5dena.<\/p>\n<p><span style=\"color: #000080;\">Syd-\u00d6sterbotten 4.7. 1944:<\/span><\/p>\n<h6><strong>Hotfull brand i Dagsmark.<\/strong><\/h6>\n<p><strong>Ria och v\u00e4rdefulla jordbruksredskap l\u00e5gornas rov.<\/strong><\/p>\n<p>I l\u00f6rdags p\u00e5 eftermiddagen observerades att eld utbrutit i bonden Wilhelm M\u00e4kitalos ria i Dagsmark. Rian som inom kort stod i ljusan l\u00e5ga kunde trots riklig tillg\u00e5ng p\u00e5 vattnen och stort uppb\u00e5d av sl\u00e4ckningsmanskap inte r\u00e4ddas, utan den brann ned till grunden.<\/p>\n<p>De angr\u00e4nsande byggnaderna var starkt hotade och gnistor ant\u00e4nde takl\u00e4ggningen p\u00e5 samtliga bostads- och uthusbyggnader, vilka dock kunde r\u00e4ddas genom ih\u00e4rdigt sl\u00e4ckningsarbete. I rian f\u00f6rvarades flera harvar, en h\u00e4str\u00e4fsa och k\u00f6rredskap, vilka samtliga f\u00f6rst\u00f6rdes.<\/p>\n<p>Det \u00e4r inte k\u00e4nt hur elden kommit l\u00f6s. Den brunna rian var l\u00e5gt f\u00f6rs\u00e4krad, likas\u00e5 l\u00f6segendomen. Skadorna ber\u00e4knas stiga till 50-60,000 mark.<\/p>\n<p><span style=\"color: #000080;\">Syd-\u00d6sterbotten 25.7. 1944:<\/span><\/p>\n<p><strong>Blixtnedslag i Dagsmark<\/strong><\/p>\n<p>ant\u00e4nde vid 15-tiden i s\u00f6ndags bland annat <a href=\"http:\/\/www.lassebacklund.fi\/?page_id=2186\">systrarna Dis\u00e9ns stuga.<\/a> Ingen av systrarna var hemma vid tillf\u00e4llet och n\u00e4r elden observerades var stugan s\u00e5 \u00f6vert\u00e4nd att ingenting av den v\u00e4rdefulla inredningen best\u00e5ende av m\u00f6bler, s\u00e4ng- och g\u00e5ngkl\u00e4der samt husger\u00e5d kunde r\u00e4ddas undan l\u00e5gorna. Trots det skyfallsliknande regnet nedbrann bostadsbyggnaden helt och h\u00e5llet, Stugan var l\u00e5gt f\u00f6rs\u00e4krad och den uppkomna skadan ber\u00e4knas \u00f6verstiga 100,000 mark.<\/p>\n<p><span style=\"color: #000080;\">Syd-\u00d6sterbotten 21.11. 1944:<\/span><\/p>\n<p><strong>Eldsv\u00e5da i Dagsmark.<\/strong><\/p>\n<p>Grankull &amp; Co:s s\u00e5g brann ned till grunden natten mot l\u00f6rdagen.<\/p>\n<p>Vid 2-tiden natten mot l\u00f6rdagen 18.11.1944 observerades att eld utbrutit i f.d. Nylunds s\u00e5g i Dagsmark. S\u00e5ginr\u00e4ttningen, vilken f\u00f6r en tid sedan ink\u00f6ptes av tr\u00e4varufirman Grankull &amp; Co, undergick en fullst\u00e4ndig modernisering och var n\u00e4stan i fullt skick att vidta med s\u00e5gningen inom den n\u00e4rmaste framtiden.<\/p>\n<p>Hur elden kommit l\u00f6s \u00e4r \u00e4nnu oklart. S\u00e5ginr\u00e4ttningen som var uppf\u00f6rd av br\u00e4der, brann ned till grunden. L\u00e5gt r\u00e4knat stiger skadorna av den brunna s\u00e5gen till ett par hundratusen marks v\u00e4rde.<\/p>\n","protected":false},"excerpt":{"rendered":"<p>\u00c5r 1940 b\u00f6rjade i Sverige en motionst\u00e4vling, som skulle engagera folket under det p\u00e5g\u00e5ende v\u00e4rldskriget. F\u00f6ljande \u00e5r ville Finland vara med och den t\u00e4vlingen mellan de b\u00e5da l\u00e4nderna kallades \u201dRiksmarschen\u201d. Det g\u00e4llde att marschera en viss l\u00e4ngd p\u00e5 en viss <a class=\"more-link\" href=\"https:\/\/www.lassebacklund.fi\/?page_id=7136\">Forts\u00e4tt l\u00e4sa <span class=\"screen-reader-text\">  Tidningsartiklar fr\u00e5n 1940-talet.<\/span><span class=\"meta-nav\">&rarr;<\/span><\/a><\/p>\n","protected":false},"author":1,"featured_media":0,"parent":25,"menu_order":1940,"comment_status":"closed","ping_status":"closed","template":"","meta":{"footnotes":""},"class_list":["post-7136","page","type-page","status-publish","hentry"],"_links":{"self":[{"href":"https:\/\/www.lassebacklund.fi\/index.php?rest_route=\/wp\/v2\/pages\/7136","targetHints":{"allow":["GET"]}}],"collection":[{"href":"https:\/\/www.lassebacklund.fi\/index.php?rest_route=\/wp\/v2\/pages"}],"about":[{"href":"https:\/\/www.lassebacklund.fi\/index.php?rest_route=\/wp\/v2\/types\/page"}],"author":[{"embeddable":true,"href":"https:\/\/www.lassebacklund.fi\/index.php?rest_route=\/wp\/v2\/users\/1"}],"replies":[{"embeddable":true,"href":"https:\/\/www.lassebacklund.fi\/index.php?rest_route=%2Fwp%2Fv2%2Fcomments&post=7136"}],"version-history":[{"count":12,"href":"https:\/\/www.lassebacklund.fi\/index.php?rest_route=\/wp\/v2\/pages\/7136\/revisions"}],"predecessor-version":[{"id":9821,"href":"https:\/\/www.lassebacklund.fi\/index.php?rest_route=\/wp\/v2\/pages\/7136\/revisions\/9821"}],"up":[{"embeddable":true,"href":"https:\/\/www.lassebacklund.fi\/index.php?rest_route=\/wp\/v2\/pages\/25"}],"wp:attachment":[{"href":"https:\/\/www.lassebacklund.fi\/index.php?rest_route=%2Fwp%2Fv2%2Fmedia&parent=7136"}],"curies":[{"name":"wp","href":"https:\/\/api.w.org\/{rel}","templated":true}]}}