{"id":7125,"date":"2017-12-23T23:04:52","date_gmt":"2017-12-23T22:04:52","guid":{"rendered":"http:\/\/www.lassebacklund.fi\/?page_id=7125"},"modified":"2025-07-31T23:29:37","modified_gmt":"2025-07-31T20:29:37","slug":"styrelsemedlemmar-i-dagsmark-andelshandel","status":"publish","type":"page","link":"https:\/\/www.lassebacklund.fi\/?page_id=7125","title":{"rendered":"Styrelsemedlemmar i Dagsmark Andelshandel"},"content":{"rendered":"<p>Den f\u00f6rsta styrelsen <strong>som valdes 1908<\/strong> bestod av bonden Erland B\u00e5sk som ordf\u00f6rande och skomakaren Karl Johan Lindell som viceordf\u00f6rande och bonden Josef Backlund som kass\u00f6r. I styrelsen invaldes ocks\u00e5 b\u00f6nderna Henrik Eriksson Klemets, Josef Josefsson Klemets, Viktor Eklund och Henrik Agn\u00e4s.<\/p>\n<p>Dessa var alla n\u00e4rvarande vid styrelsem\u00f6tena. P\u00e5 det f\u00f6rsta styrelsem\u00f6tet fanns ocks\u00e5 f\u00f6ljande experter med: Johan Santaniemi, Gustaf Storkull, Erik Anders Broberg, Oskar Granat, Viktor Rosenback, Josef Josefsson B\u00e5sk och Konstantin Vidberg.<\/p>\n<p><strong>\u00c5r 1909<\/strong> hade styrelsen n\u00e4stan samma sammans\u00e4ttning: Erland B\u00e5sk, Karl Johan Lindell, Josef Backlund, Josef Josefsson Klemets, Viktor Eklund, Henrik Agn\u00e4s och i st\u00e4llet f\u00f6r Henrik Klemets valdes Erik Anders Broberg. Till suppleanter valdes Viktor Rosenback, Karl Blomkvist och Emil Klemets. Ordf\u00f6randen skulle f\u00e5 40 mark i \u00e5rsarvode och kass\u00f6ren fick 85 mark.<\/p>\n<p><strong>\u00c5r 1910<\/strong> valdes Josef Lillkull i styrelsen ist\u00e4llet f\u00f6r Broberg som farit till Amerika. De \u00f6vriga var Erland B\u00e5sk, Josef Backlund, Henrik Bj\u00f6rklund, Viktor Andersson Klemets, Viktor Eklund och Henrik Agn\u00e4s.<\/p>\n<p><strong>\u00c5r 1911<\/strong> byttes en del ut och valda blev ordf\u00f6rande Erik Anders Roseng\u00e5rd, medlemmar Karl Br\u00e4nnkull, Viktor Nyroos, kass\u00f6ren Henrik Agn\u00e4s, viceordf\u00f6rande Josef Lillkull, Henrik Bj\u00f6rklund, Viktor Andersson Klemets. Suppleanter Josef Str\u00f6mberg och Alfred Nordberg. D\u00e5 Erik Anders Roseng\u00e5rd blev vald till f\u00f6rest\u00e5ndare s\u00e5 blev Josef Lillkull ny ordf\u00f6rande.<\/p>\n<p><strong>\u00c5r 1912<\/strong> valdes i stort sett samma styrelse, suppleanter blev Josef Str\u00f6mberg, Erik Anders Sundblom och Josef Andersson Storkull. M\u00f6jligtvis blev n\u00e5gra personer utbytta i styrelsen, fast det inte omn\u00e4mns i protokollboken f\u00f6r p\u00e5 styrelsem\u00f6tena finns ofta med Niklas Nystr\u00f6m och Viktor R\u00f6nnqvist.<\/p>\n<p><strong>\u00c5r 1913<\/strong> utbyttes flera medlemmar i styrelsen och den ser ut att ha f\u00f6ljande sammans\u00e4ttning: ordf\u00f6rande Josef Lillkull, Erik Anders Sundblom, Erik Anders Rosengren, Josef Str\u00f6mberg, Viktor Nyroos, Viktor Andersson Klemets, Erland Gr\u00f6nroos och Niklas Nystr\u00f6m. Karl Br\u00e4nnkull blev inte omvald eftersom \u201dhan avskedades f\u00f6r uraktl\u00e5tenhet att infinna sig vid styrelsem\u00f6ten jemte andra olegenheter\u201d.<\/p>\n<p><strong>\u00c5r 1914<\/strong> invaldes som nya i styrelsen Viktor Rosenlund, Viktor Rosenberg och Erland Rosenstedt eller Rosenback. De \u00f6vriga torde ha varit ordf\u00f6rande Josef Lillkull, kass\u00f6r Josef Str\u00f6mberg, Erik Anders Rosengren och Viktor Eklund.<\/p>\n<p><strong>\u00c5r 1915<\/strong> var det vissa sv\u00e5righeter att f\u00e5 ihop en styrelse men den torde ha f\u00e5tt f\u00f6ljande sammans\u00e4ttning: ordf\u00f6rande Johan Lillkull, Erland B\u00e5sk, Erik Anders Broberg, Alfred Nordberg, Josef Str\u00f6mberg, Viktor Rosenlund och Erik Anders Rosengren.<\/p>\n<p>I november 1915 h\u00f6lls ordinarie st\u00e4mma p\u00e5 b\u00f6nehuset. <strong>F\u00f6r \u00e5r 1916<\/strong> valdes ordf\u00f6rande Johan Lillkull, kass\u00f6r Erland B\u00e5sk, Axel Hummelg\u00e5rd, senare Forslin, Josef Backlund, Erik Anders Broberg, Alfred Nordberg och Josef Nyg\u00e5rd.<\/p>\n<p>I oktober 1916 h\u00f6lls st\u00e4mma \u201d\u00e5 ordinarie st\u00e4lle\u201d och som det senare skulle visa bli andelslagets sista. F\u00f6r f\u00f6ljande \u00e5r valdes Emil B\u00e5sk, Erik Johan Ekberg, Viktor Stenlund, Axel Hummelg\u00e5rd, Josef Backlund, Johan Lillkull och Erland B\u00e5sk.<\/p>\n","protected":false},"excerpt":{"rendered":"<p>Den f\u00f6rsta styrelsen som valdes 1908 bestod av bonden Erland B\u00e5sk som ordf\u00f6rande och skomakaren Karl Johan Lindell som viceordf\u00f6rande och bonden Josef Backlund som kass\u00f6r. I styrelsen invaldes ocks\u00e5 b\u00f6nderna Henrik Eriksson Klemets, Josef Josefsson Klemets, Viktor Eklund och <a class=\"more-link\" href=\"https:\/\/www.lassebacklund.fi\/?page_id=7125\">Forts\u00e4tt l\u00e4sa <span class=\"screen-reader-text\">  Styrelsemedlemmar i Dagsmark Andelshandel<\/span><span class=\"meta-nav\">&rarr;<\/span><\/a><\/p>\n","protected":false},"author":1,"featured_media":0,"parent":7102,"menu_order":0,"comment_status":"closed","ping_status":"closed","template":"","meta":{"footnotes":""},"class_list":["post-7125","page","type-page","status-publish","hentry"],"_links":{"self":[{"href":"https:\/\/www.lassebacklund.fi\/index.php?rest_route=\/wp\/v2\/pages\/7125","targetHints":{"allow":["GET"]}}],"collection":[{"href":"https:\/\/www.lassebacklund.fi\/index.php?rest_route=\/wp\/v2\/pages"}],"about":[{"href":"https:\/\/www.lassebacklund.fi\/index.php?rest_route=\/wp\/v2\/types\/page"}],"author":[{"embeddable":true,"href":"https:\/\/www.lassebacklund.fi\/index.php?rest_route=\/wp\/v2\/users\/1"}],"replies":[{"embeddable":true,"href":"https:\/\/www.lassebacklund.fi\/index.php?rest_route=%2Fwp%2Fv2%2Fcomments&post=7125"}],"version-history":[{"count":3,"href":"https:\/\/www.lassebacklund.fi\/index.php?rest_route=\/wp\/v2\/pages\/7125\/revisions"}],"predecessor-version":[{"id":24447,"href":"https:\/\/www.lassebacklund.fi\/index.php?rest_route=\/wp\/v2\/pages\/7125\/revisions\/24447"}],"up":[{"embeddable":true,"href":"https:\/\/www.lassebacklund.fi\/index.php?rest_route=\/wp\/v2\/pages\/7102"}],"wp:attachment":[{"href":"https:\/\/www.lassebacklund.fi\/index.php?rest_route=%2Fwp%2Fv2%2Fmedia&parent=7125"}],"curies":[{"name":"wp","href":"https:\/\/api.w.org\/{rel}","templated":true}]}}