{"id":7107,"date":"2017-12-23T10:15:47","date_gmt":"2017-12-23T09:15:47","guid":{"rendered":"http:\/\/www.lassebacklund.fi\/?page_id=7107"},"modified":"2017-12-23T10:16:24","modified_gmt":"2017-12-23T09:16:24","slug":"medlemmar-i-dagsmark-andelshandel","status":"publish","type":"page","link":"https:\/\/www.lassebacklund.fi\/?page_id=7107","title":{"rendered":"Medlemmar i Dagsmark Andelshandel."},"content":{"rendered":"<p>Andelshandeln verkade i Bod-Mina Ulfves g\u00e5rd p\u00e5 Sebbasbackan fr\u00e5n 1908 till 1916 d\u00e5 Erland Nor\u00e9n k\u00f6pte butiken. Medlemsinsatsen var 5 mark.<\/p>\n<ol>\n<li>Erland B\u00e5sk, bonde<\/li>\n<li>Erik Anders Klemets, bonde<\/li>\n<li>Viktor Josefsson Klemets, bonde<\/li>\n<li>Henrik Eriksson Klemets, bonde<\/li>\n<li>Viktor Eriksson Klemets, torpare<\/li>\n<li>Erik Johansson Eriksson, torpare<\/li>\n<li>Viktor Rosenback, bonde<\/li>\n<li>Viktor Nyros, bonde<\/li>\n<li>Erland Rosenback, bonde<\/li>\n<li>Viktor Lillkull, bonde<\/li>\n<li>Erland Josefsson Klemets, bonde<\/li>\n<li>Viktor Andersson Klemets, bonde<\/li>\n<li>Emil Henriksson Klemets, bondeson<\/li>\n<li>Karl Josefsson Klemets, bonde<\/li>\n<li>Erik Anders Rosengren, bonde<\/li>\n<li>Henrik Bj\u00f6rklund, bonde<\/li>\n<li>Karl B\u00e5sk, bonde<\/li>\n<li>Karl Lindell, bonde<\/li>\n<li>Erland Hammarberg, bonde fr\u00e5n Korsb\u00e4ck<\/li>\n<li>Josef Andersson Storkull, inhyses<\/li>\n<li>Viktor Henriksson Rosenback, bonde<\/li>\n<li>Johan Granlund, parcell\u00e4gare<\/li>\n<li>Viktor Guss, bonde<\/li>\n<li>Oskar Granat, inhyses<\/li>\n<li>Erik Anders Roseng\u00e5rd, bonde<\/li>\n<li>Karl Andersson Storkull, bonde<\/li>\n<li>Erland Lindqvist, bonde fr\u00e5n Korsb\u00e4ck<\/li>\n<li>Viktor Josefsson L\u00e5ng, bonde<\/li>\n<li>Erik Anders Broberg, mj\u00f6lnare<\/li>\n<li>Josef Backlund, bonde<\/li>\n<li>Henrik Agnes, bonde<\/li>\n<li>Viktor Storkull, bonde<\/li>\n<li>Anders Forsg\u00e5rd, bonde, genom d\u00f6den avg\u00e5tt<\/li>\n<li>Josef Josefsson Klemets, bonde<\/li>\n<li>Josef Karlsson L\u00e5ng, bonde<\/li>\n<li>Anders Lillkull, bonde<\/li>\n<li>Josef Storkull, bonde<\/li>\n<li>Viktor Johansson Storkull, bonde<\/li>\n<li>Viktor Josefsson Rosenlund, bonde<\/li>\n<li>Josef Johansson Rosenback, bonde<\/li>\n<li>Viktor Nyback, bonde i Dagsmark<\/li>\n<li>Henrik L\u00e5ngfors, bonde<\/li>\n<li>Maria Storkull, inhyses<\/li>\n<li>Josef Mattsson Storkull, bonde<\/li>\n<li>Olga S\u00f6derholm, torpare<\/li>\n<li>Viktor Eklund, bonde<\/li>\n<li>Erik Anders Storkull, bondeson<\/li>\n<li>Josef Josefsson B\u00e5sk, bonde<\/li>\n<li>Karl Eriksson Lillkull, inhyses<\/li>\n<li>Maja Greta Grans, inhyses<\/li>\n<li>Axel Henriksson Lillsj\u00f6, inhyses<\/li>\n<li>Josef Andersson Klemets, bonde<\/li>\n<li>Vilhelmina Forsb\u00e4ck, parcell\u00e4gare<\/li>\n<li>Edla Storkull, sytningskvinna<\/li>\n<li>Viktor Ebb, inhyses<\/li>\n<li>Josef Klemets, sytningsman<\/li>\n<li>Anna Kajsa Karlsdotter Lillkull, parcell\u00e4gare<\/li>\n<li>Maria Andersdotter L\u00e5ng, inhyses<\/li>\n<li>Vilhelmina B\u00e5sk, parcell\u00e4gare<\/li>\n<li>Karl Mickelsson Rosenback, inhyses<\/li>\n<li>Karl Karlsson Lindell, skomakare<\/li>\n<li>Maria Karlsdotter Lindell, inhyses<\/li>\n<li>Vilhelmina Fr\u00f6berg, torpare<\/li>\n<li>Henrik Eriksson Klemetsby, bonde<\/li>\n<li>Matts Koskenkorva, mj\u00f6lnare<\/li>\n<li>Vilhelmina Rosenback, torpare, flyttat till Lappfj\u00e4rd<\/li>\n<li>Gustaf Niemi, inhyses, genom d\u00f6den avg\u00e5tt<\/li>\n<li>Maja Lena Asplund, bonde, avled f\u00f6re betalning<\/li>\n<li>Kajsa H\u00e4gg, inhyses<\/li>\n<li>Anna Kajsa Klemets, inskriven 22.3 1908, uppsagt 16.11 1911 pga bortflyttning, medlemsskapet \u00f6verflyttat till Axel Hummelg\u00e5rd, senare Forslin. Se Nr 113.<\/li>\n<li>Maja Sofia Klemets, sytningskvinna, med d\u00f6den avg\u00e5tt f\u00f6re n\u00e5gon betalning<\/li>\n<li>Karl Vidberg, inhyses<\/li>\n<li>Edla Eriksdotter Storkull, inhyses<\/li>\n<li>Maja Lena Klemets, sytningskvinna<\/li>\n<li>Johan Santaniemi, torpare<\/li>\n<li>Karl Storkull, torpare<\/li>\n<li>Greta Sj\u00f6gren, inhyses<\/li>\n<li>Sofia Josefsdotter Lillkull, Ekberg, inhyses<\/li>\n<li>Viktor Str\u00f6mberg, inhyses<\/li>\n<li>Otto Hietaoja, parcell\u00e4gare<\/li>\n<li>Gustaf Beckelund, torpare, avlidit 1912, insatsen 5 mk anv\u00e4nts f\u00f6r betalande av kredit<\/li>\n<li>Anders R\u00f6nnlund, torpare, avg\u00e5tt genom bosatt i annan by<\/li>\n<li>Viktor Stenlund, bonde<\/li>\n<li>Erland Lind, bonde<\/li>\n<li>Viktor Eriksson Korsb\u00e4ck, bonde<\/li>\n<li>Karl Johansson P\u00e4rus, torpare, bor i Lappfj\u00e4rd<\/li>\n<li>Anna Sofia B\u00e5sk, sytnings\u00e4nka<\/li>\n<li>Sofia L\u00e5ng, sytningskvinna<\/li>\n<li>Hilda Kaskim\u00e4ki, torpare, icke medlem<\/li>\n<li>Karolina L\u00e5ng, torpare, icke medlem<\/li>\n<li>Viktor Karlsson L\u00e5ng, sytningsman<\/li>\n<li>Johannes Stenlund, bonde<\/li>\n<li>J. H. Lillsj\u00f6, bagare<\/li>\n<li>Karl Stenlund, sytningsman, genom d\u00f6den avg\u00e5tt<\/li>\n<li>Emil B\u00e5sk, bondeson<\/li>\n<li>Josef Mitts, inhyses<\/li>\n<li>Viktor Eliasson Rosenback, bonde<\/li>\n<li>Maja Lena Storkull, sytningskvinna<\/li>\n<li>Hilma Josefsdotter Rosenback, inhyses<\/li>\n<li>Karl Henriksson Rosenback, bondeson<\/li>\n<li>Frans Viktorsson Klemets, torpare<\/li>\n<li>Henrik J\u00e4rvel\u00e4, torpare i Korsb\u00e4ck<\/li>\n<li>Johan Viktor Jokkaasson J\u00e4rvel\u00e4, bonde i Korsb\u00e4ck<\/li>\n<li>Anders Lillsj\u00f6, sytningsman i Korsb\u00e4ck, genom d\u00f6den afg\u00e5tt<\/li>\n<li>Malakias B\u00e5sk, sytningsman<\/li>\n<li>Karl Blomkvist, bonde, avg\u00e5tt 13.9 1915<\/li>\n<li>Henrik Anders Korsb\u00e4ck, bonde i Korsb\u00e4ck<\/li>\n<li>Josef Josefsson Korsb\u00e4ck, bonde i Korsb\u00e4ck<\/li>\n<li>Karl Henrik Karlsson Korsb\u00e4ck el. Liljenblad, bonde<\/li>\n<li>Erland Storkull, m\u00e5lare<\/li>\n<li>Alfrid Nordb\u00e4rg, bonde<\/li>\n<li>Erik Josefsson L\u00e5ng, inhyses, medlem 4.6 1912<\/li>\n<li>Axel Josefsson Hummelg\u00e5rd, bonde, \u00f6vertagit Anna Kajsa Klemets insats. Medlem 26. 10 1912<\/li>\n<li>Johan Josefsson Lillkull, bondeson, medlem 5.11 1912<\/li>\n<li>Maria Johan Eriksdotter S\u00f6derholm, parcell\u00e4gare, medlem 31.10 1913<\/li>\n<li>Viktor Nyholm, bonde, medlem 18.11 1913<\/li>\n<li>Frans Henriksson Agn\u00e4s, bondeson, medlem 22.1 1914<\/li>\n<li>Johan Nyholm, torpare i Korsb\u00e4ck, medlem 19.2 1914<\/li>\n<\/ol>\n","protected":false},"excerpt":{"rendered":"<p>Andelshandeln verkade i Bod-Mina Ulfves g\u00e5rd p\u00e5 Sebbasbackan fr\u00e5n 1908 till 1916 d\u00e5 Erland Nor\u00e9n k\u00f6pte butiken. Medlemsinsatsen var 5 mark. Erland B\u00e5sk, bonde Erik Anders Klemets, bonde Viktor Josefsson Klemets, bonde Henrik Eriksson Klemets, bonde Viktor Eriksson Klemets, torpare <a class=\"more-link\" href=\"https:\/\/www.lassebacklund.fi\/?page_id=7107\">Forts\u00e4tt l\u00e4sa <span class=\"screen-reader-text\">  Medlemmar i Dagsmark Andelshandel.<\/span><span class=\"meta-nav\">&rarr;<\/span><\/a><\/p>\n","protected":false},"author":1,"featured_media":0,"parent":7102,"menu_order":0,"comment_status":"closed","ping_status":"closed","template":"","meta":{"footnotes":""},"class_list":["post-7107","page","type-page","status-publish","hentry"],"_links":{"self":[{"href":"https:\/\/www.lassebacklund.fi\/index.php?rest_route=\/wp\/v2\/pages\/7107","targetHints":{"allow":["GET"]}}],"collection":[{"href":"https:\/\/www.lassebacklund.fi\/index.php?rest_route=\/wp\/v2\/pages"}],"about":[{"href":"https:\/\/www.lassebacklund.fi\/index.php?rest_route=\/wp\/v2\/types\/page"}],"author":[{"embeddable":true,"href":"https:\/\/www.lassebacklund.fi\/index.php?rest_route=\/wp\/v2\/users\/1"}],"replies":[{"embeddable":true,"href":"https:\/\/www.lassebacklund.fi\/index.php?rest_route=%2Fwp%2Fv2%2Fcomments&post=7107"}],"version-history":[{"count":2,"href":"https:\/\/www.lassebacklund.fi\/index.php?rest_route=\/wp\/v2\/pages\/7107\/revisions"}],"predecessor-version":[{"id":7109,"href":"https:\/\/www.lassebacklund.fi\/index.php?rest_route=\/wp\/v2\/pages\/7107\/revisions\/7109"}],"up":[{"embeddable":true,"href":"https:\/\/www.lassebacklund.fi\/index.php?rest_route=\/wp\/v2\/pages\/7102"}],"wp:attachment":[{"href":"https:\/\/www.lassebacklund.fi\/index.php?rest_route=%2Fwp%2Fv2%2Fmedia&parent=7107"}],"curies":[{"name":"wp","href":"https:\/\/api.w.org\/{rel}","templated":true}]}}