{"id":688,"date":"2016-09-17T08:55:16","date_gmt":"2016-09-17T06:55:16","guid":{"rendered":"http:\/\/www.lassebacklund.fi\/?page_id=688"},"modified":"2026-03-11T23:51:54","modified_gmt":"2026-03-11T21:51:54","slug":"rosenlunds-julias-stuga-i-storfors-pa-dagsmarkvagen-88","status":"publish","type":"page","link":"https:\/\/www.lassebacklund.fi\/?page_id=688","title":{"rendered":"Rosenlund Julias stuga i Storfors p\u00e5 Dagsmarkv\u00e4gen 88"},"content":{"rendered":"<figure id=\"attachment_686\" aria-describedby=\"caption-attachment-686\" style=\"width: 965px\" class=\"wp-caption alignnone\"><img loading=\"lazy\" decoding=\"async\" class=\"size-full wp-image-686\" src=\"http:\/\/www.lassebacklund.fi\/wp-content\/uploads\/2016\/09\/1-14.jpg\" alt=\"S\u00e5 h\u00e4r s\u00e5g Julias g\u00e5rd ut \u00e5r 2013, fotograferad fr\u00e5n s\u00f6der.\" width=\"965\" height=\"724\" srcset=\"https:\/\/www.lassebacklund.fi\/wp-content\/uploads\/2016\/09\/1-14.jpg 965w, https:\/\/www.lassebacklund.fi\/wp-content\/uploads\/2016\/09\/1-14-300x225.jpg 300w, https:\/\/www.lassebacklund.fi\/wp-content\/uploads\/2016\/09\/1-14-768x576.jpg 768w\" sizes=\"auto, (max-width: 965px) 100vw, 965px\" \/><figcaption id=\"caption-attachment-686\" class=\"wp-caption-text\">S\u00e5 h\u00e4r s\u00e5g Julias g\u00e5rd ut \u00e5r 2013, fotograferad fr\u00e5n s\u00f6der.<\/figcaption><\/figure>\n<p><strong><span style=\"color: #000080;\">Uppgjort av Lasse Backlund 2016, med hj\u00e4lp av Eugen Bj\u00f6rs och Inga-Lill Sandstr\u00f6m.<\/span><\/strong><\/p>\n<h3><strong>L\u00e4nkar:<\/strong><\/h3>\n<p><span style=\"color: #000080;\"><strong>-om du vill l\u00e4sa varifr\u00e5n namnet &#8221;Ulla&#8221; kommer, s\u00e5 skall du klicka <a href=\"https:\/\/www.lassebacklund.fi\/?page_id=23596\">H\u00c4R!<\/a><\/strong><\/span><\/p>\n<p><span style=\"color: #000080;\"><strong>-om du vill l\u00e4sa om dr\u00e5pet p\u00e5 Josef Rosenlund \u00e5r 1921, s\u00e5 skall du klicka <a href=\"https:\/\/www.lassebacklund.fi\/?page_id=12098\">H\u00c4R!<\/a><\/strong><\/span><\/p>\n<p>Det h\u00e4r huset stod i tiderna i Klemets\u00e4ndan n\u00e5gonstans mellan <a href=\"https:\/\/www.lassebacklund.fi\/?page_id=433\">Norrg\u00e5rd Emils<\/a> och <a href=\"https:\/\/www.lassebacklund.fi\/?page_id=5566\">Norrg\u00e5rd Gunnars<\/a> g\u00e5rdar och d\u00e4r bodde d\u00e5 Gustav Benjaminsson Granlund, tidigare Niemi (1847-1910) fr\u00e5n M\u00f6rtmark, som kallades \u201dLillstu Gustav\u201d. Han var gift med Edla Karolina Storkull (1857-1928). Huset bortflyttades i n\u00e5got skede till det st\u00e4lle d\u00e4r <a href=\"https:\/\/www.lassebacklund.fi\/?page_id=368\">Gullmes g\u00e5rd i dag st\u00e5r i Storfors<\/a>. Den parcellen heter L\u00e5gmark som Josef Bj\u00f6rs \u00e5r 1916 hade l\u00e5tit bryta ut fr\u00e5n <a href=\"https:\/\/www.lassebacklund.fi\/?page_id=327\">Klemes Kalles hemman<\/a> och d\u00e4r bodde d\u00e5 backstugu\u00e4nkan Edla Granlund (f. 1857). Hos henne bodde sonen Frans (f. 1893, d\u00f6d i Amerika 14.6.1951), som for till Amerika 1914 och bodde i Gardner \u00e4nda till d\u00f6d dag. I Amerika anv\u00e4nde han namnet Frank E. Erickson och han var gift med Mary Carlson-Erickson och hade med henne en son. Hos Edla bodde ocks\u00e5 d\u00f6ttrarna Alma Granlund (f. 1896) och Hulda (f.1899, till Amerika, gift Ingves.). Barnens \u00e4ldsta bror Erik Anders (f.1877) hade rest till Amerika redan 1893.<\/p>\n<p><strong>\u00c5r 1910, den 28 augusti<\/strong> arrenderade Edla Granlund en torpl\u00e4genhet p\u00e5 50 \u00e5rs tid av Klemes Kalle och det h\u00f6rde till Spagmossen ben\u00e4mnda \u00e4goskifte. I n\u00e5got skede flyttade hon torpbyggnaden fr\u00e5n l\u00e4genheten &#8221;L\u00e5gmark&#8221;. <strong>\u00c5r 1922, den 18 mars<\/strong> anh\u00f6ll Edla Granlund att hon skulle f\u00e5 l\u00f6sa in torpl\u00e4genheten enligt den ny torplagen. Hemmanet \u00e4gdes d\u00e5 av E. A. Leikas och han godk\u00e4nde Edlas anh\u00e5lla och han skulle f\u00e5 300 mark i ers\u00e4ttning. Legon\u00e4mnden sammantr\u00e4dde den 1 juli samma \u00e5r och den godk\u00e4nde Edlas anh\u00e5llan och det gjorde hemmanets f\u00f6ljande \u00e4gare, garvaren Suominen ocks\u00e5. <strong>\u00c5r 1925<\/strong> br\u00f6ts l\u00e4genhet p\u00e5 1,5 ha ur och den fick d\u00e5 namnet Granstr\u00f6m 1:42 p\u00e5 Klemets hemman.<\/p>\n<p><strong>\u00c5r 1928, den 23 februari<\/strong> avled Edla Granlund och enligt ett muntligt testamente i januari 1928 \u00f6vertog dottern Alma torpstugan. L\u00e4rarinnan Hulda Lindell och Amanda V\u00f6rlund kunde vittna att Edla \u00f6nskat att dottern Alma skulle erh\u00e5lla torpstugan eftersom hon hade sk\u00f6tt om Edla under l\u00e5nga tider. I laga ordning fick Alma lagfart i slutet av \u00e5ret.<\/p>\n<p>I maj 1946 s\u00e5lde Alma Granlund tomten med huset f\u00f6r 55 000 mark \u00e5t Nikolai Frig\u00e5rd (1907-1978) och Julia Frig\u00e5rd, tidigare Rosenlund (f. Niemi i B\u00f6tom 1894, d\u00f6d 1984).<\/p>\n<h4><strong>Nikolai Frig\u00e5rd.<\/strong><\/h4>\n<p>Nikolai var son till Mauritz Frig\u00e5rd (f\u00f6dd p\u00e5 Kankaanp\u00e4\u00e4\u00a0 hemman i Stor\u00e5 1880, d\u00f6d i Norrviken 1931) och Ida N\u00f6jd (1876-1965). Efter att Mauritz avlidit 1931 flyttade &#8221;Mauritsas Ida&#8221; ner <a href=\"https:\/\/www.lassebacklund.fi\/?page_id=14121\">till Nystad i Dagsmark<\/a>, d\u00e4r hon bodde till 1950, d\u00e5 hon flyttade till R\u00e4fs\u00f6 i Bj\u00f6rneborg.<\/p>\n<p>\u00c5r 1940 gifte sig Nikolai med \u00e4nkan Julia Rosenlund (f\u00f6dd Niemi i B\u00f6tom 1894-1984). Julia hade tidigare varit gift med Emil Rosenlund (1896-1931 i Lappfj\u00e4rd). Emil var son till Josef Henrik Josefsson Rosenlund (1875-1921) och Edla Sofia Karlsdotter P\u00e4rus (1868-1934). Emil var bror bland annat till Ida (1899-1986) som \u00e5r 1920 gifte sig med Frans Nygren och fick 10 barn. Julia och Emil Rosenlund bodde i &#8221;Ulla backan&#8221; n\u00e4ra Lang\u00e5sv\u00e4gen i Perus. Om du vill l\u00e4sa mera om Josef Rosenlund, s\u00e5 skall du klicka <a href=\"http:\/\/www.lassebacklund.fi\/?page_id=12098\"><span style=\"text-decoration: underline;\"><span style=\"color: #000080; text-decoration: underline;\"><strong>H\u00c4R!<\/strong><\/span><\/span><\/a><\/p>\n<p>Emil deltog i inb\u00f6rdeskriget \u00e5r 1918 i det ber\u00f6mda Melins kompani i striderna i Tammerfors. Han skadades &#8221;den blodiga sk\u00e4rtorsdagen &#8221; den 28 mars, vilket betydde att han inte deltog i intagningen av Tammerfors eller i slaget om N\u00e4silinna.<\/p>\n<p>Emil och Julia Rosenlund fick 2 barn, dottern Tyyne dog som 16-\u00e5ring 1936 i lungsot och sonen Matti (f.1922 d\u00f6d i Sverige 1983). Sonen Matti skadades sv\u00e5rt en ny\u00e5rsnatt 1949 av en hemmagjord bomb och han miste synen p\u00e5 ena \u00f6gat och f\u00f6rlorade ena handen. Trots sin skadade hand var han en duktig arbetare och kunde arbeta i skogen lika bra som alla andra. Han gifte sig \u00e5r 1954 med Dagny Bj\u00f6rs som \u00e4r syster med Eugen Bj\u00f6rs.<\/p>\n<p>\u00c5r 1931 dog Emil Rosenlund d\u00e5 han d\u00f6dades av en sten, som Nikolai Frig\u00e5rd kastade mot honom. Nikolai (1907-1978) var son till Mauritz Frig\u00e5rd fr\u00e5n Kankaanp\u00e4\u00e4\u00a0 hemman i Stor\u00e5 som hade gift sig med Ida Katarina N\u00f6jd fr\u00e5n Dagsmark. Enligt protokollen fr\u00e5n tingsr\u00e4tten i Lappfj\u00e4rd, s\u00e5 tr\u00e4ffades Emil Rosenlund och Nikolai Frig\u00e5rd en morgon och de b\u00f6rjade f\u00f6rt\u00e4ra br\u00e4nnvin. S\u00e5 h\u00f6ll de p\u00e5 hela dagen men p\u00e5 kv\u00e4llen blev det gr\u00e4l och br\u00e5k, d\u00e4r till och med en yxa var inblandad. Emils son Matti som bara var 9 \u00e5r d\u00e5, deltog ocks\u00e5 i br\u00e5ket som slutade med att Nikolai kastade en sten mot\u00a0 Emil, som tr\u00e4ffade honom i pannan. Han skadades s\u00e5 illa att han senare avled. Vid f\u00f6rh\u00f6ren efter\u00e5t uppgav Nikolai att det inte tidigare hade varit n\u00e5got br\u00e5k mellan m\u00e4nnen och att alltsammans hade skett i misstag.<\/p>\n<p>Nikolai d\u00f6mdes av h\u00e4radsr\u00e4tten till 5 \u00e5rs tukthus men hovr\u00e4tten, som hade hittat f\u00f6rmildrande omst\u00e4ndigheter lindrade i december 1931 straffet till 3 \u00e5rs tukthus. Nikolai hamnade allts\u00e5 i f\u00e4ngelse men efter tiden i f\u00e4ngelset s\u00e5 gifte sig Nikolai med \u00e4nkan Julia \u00e5r 1940.<\/p>\n<figure id=\"attachment_23590\" aria-describedby=\"caption-attachment-23590\" style=\"width: 1024px\" class=\"wp-caption alignnone\"><img loading=\"lazy\" decoding=\"async\" class=\"size-full wp-image-23590\" src=\"https:\/\/www.lassebacklund.fi\/wp-content\/uploads\/2025\/01\/Ulla-Juli.jpg\" alt=\"\" width=\"1024\" height=\"747\" srcset=\"https:\/\/www.lassebacklund.fi\/wp-content\/uploads\/2025\/01\/Ulla-Juli.jpg 1024w, https:\/\/www.lassebacklund.fi\/wp-content\/uploads\/2025\/01\/Ulla-Juli-300x219.jpg 300w, https:\/\/www.lassebacklund.fi\/wp-content\/uploads\/2025\/01\/Ulla-Juli-768x560.jpg 768w\" sizes=\"auto, (max-width: 1024px) 100vw, 1024px\" \/><figcaption id=\"caption-attachment-23590\" class=\"wp-caption-text\">&#8221;Ulla Juuli&#8221; utanf\u00f6r sin stuga i Storfors. Fotot utl\u00e5nat av Dennis Bj\u00f6rs.<\/figcaption><\/figure>\n<figure id=\"attachment_23588\" aria-describedby=\"caption-attachment-23588\" style=\"width: 855px\" class=\"wp-caption alignnone\"><img loading=\"lazy\" decoding=\"async\" class=\"size-full wp-image-23588\" src=\"https:\/\/www.lassebacklund.fi\/wp-content\/uploads\/2025\/01\/Karta.png\" alt=\"\" width=\"855\" height=\"796\" srcset=\"https:\/\/www.lassebacklund.fi\/wp-content\/uploads\/2025\/01\/Karta.png 855w, https:\/\/www.lassebacklund.fi\/wp-content\/uploads\/2025\/01\/Karta-300x279.png 300w, https:\/\/www.lassebacklund.fi\/wp-content\/uploads\/2025\/01\/Karta-768x715.png 768w\" sizes=\"auto, (max-width: 855px) 100vw, 855px\" \/><figcaption id=\"caption-attachment-23588\" class=\"wp-caption-text\">\u00c5r 1959, den 25 maj k\u00f6pte Nikolai Frig\u00e5rd en tomt p\u00e5 ett halvt hektar av Selim Kronmans hemman Forsholm. Den nya tomten fick namnet Kvarnsn\u00e5r 40:67 och p\u00e5 tomten uppf\u00f6rde Nikolai en mindre g\u00e5rd, d\u00e4r han sedan bodde s\u00e5 l\u00e4nge han levde.<\/figcaption><\/figure>\n<p>Nikolai och Julia skilde sig \u00e5r 1961 och efter det bodde Nikolai ensam i den lilla stugan n\u00e4ra folkskolan i Perus.<\/p>\n<figure id=\"attachment_687\" aria-describedby=\"caption-attachment-687\" style=\"width: 1386px\" class=\"wp-caption aligncenter\"><img loading=\"lazy\" decoding=\"async\" class=\"size-full wp-image-687\" src=\"http:\/\/www.lassebacklund.fi\/wp-content\/uploads\/2016\/09\/2-14.jpg\" alt=\"Trots att Rosenlunds g\u00e5rd ligger n\u00e4ra Dagsmarkv\u00e4gen, s\u00e5 \u00e4r den knappt synlig p\u00e5 grund av den t\u00e4ta vegetationen. Detta foto togs 2013 fr\u00e5n landsv\u00e4gen.\" width=\"1386\" height=\"1039\" srcset=\"https:\/\/www.lassebacklund.fi\/wp-content\/uploads\/2016\/09\/2-14.jpg 1386w, https:\/\/www.lassebacklund.fi\/wp-content\/uploads\/2016\/09\/2-14-300x225.jpg 300w, https:\/\/www.lassebacklund.fi\/wp-content\/uploads\/2016\/09\/2-14-768x576.jpg 768w, https:\/\/www.lassebacklund.fi\/wp-content\/uploads\/2016\/09\/2-14-1024x768.jpg 1024w\" sizes=\"auto, (max-width: 1386px) 100vw, 1386px\" \/><figcaption id=\"caption-attachment-687\" class=\"wp-caption-text\">Trots att Julias g\u00e5rd ligger n\u00e4ra Dagsmarkv\u00e4gen, s\u00e5 \u00e4r den knappt synlig p\u00e5 grund av den t\u00e4ta vegetationen. Detta foto togs 2013 fr\u00e5n landsv\u00e4gen. P\u00e5 senare tid har det r\u00f6jts omkring huset, s\u00e5 att det numera \u00e4r fullt synligt.<\/figcaption><\/figure>\n<figure id=\"attachment_2377\" aria-describedby=\"caption-attachment-2377\" style=\"width: 274px\" class=\"wp-caption aligncenter\"><img loading=\"lazy\" decoding=\"async\" class=\" wp-image-2377\" src=\"http:\/\/www.lassebacklund.fi\/wp-content\/uploads\/2017\/01\/Matti-Rosenlunds-olycka.jpg\" alt=\"P\u00e5 ny\u00e5rsaftonen 31 december 1949 skadades Matti Rosenlund av en hemmagjord bomb, artikeln ur Syd-\u00d6sterbotten 3 januari 1950.\" width=\"274\" height=\"425\" srcset=\"https:\/\/www.lassebacklund.fi\/wp-content\/uploads\/2017\/01\/Matti-Rosenlunds-olycka.jpg 216w, https:\/\/www.lassebacklund.fi\/wp-content\/uploads\/2017\/01\/Matti-Rosenlunds-olycka-193x300.jpg 193w\" sizes=\"auto, (max-width: 274px) 100vw, 274px\" \/><figcaption id=\"caption-attachment-2377\" class=\"wp-caption-text\">P\u00e5 ny\u00e5rsaftonen 31 december 1949 skadades Matti Rosenlund av en hemmagjord bomb, artikeln ur Syd-\u00d6sterbotten 3 januari 1950.<\/figcaption><\/figure>\n","protected":false},"excerpt":{"rendered":"<p>Uppgjort av Lasse Backlund 2016, med hj\u00e4lp av Eugen Bj\u00f6rs och Inga-Lill Sandstr\u00f6m. L\u00e4nkar: -om du vill l\u00e4sa varifr\u00e5n namnet &#8221;Ulla&#8221; kommer, s\u00e5 skall du klicka H\u00c4R! -om du vill l\u00e4sa om dr\u00e5pet p\u00e5 Josef Rosenlund \u00e5r 1921, s\u00e5 skall <a class=\"more-link\" href=\"https:\/\/www.lassebacklund.fi\/?page_id=688\">Forts\u00e4tt l\u00e4sa <span class=\"screen-reader-text\">  Rosenlund Julias stuga i Storfors p\u00e5 Dagsmarkv\u00e4gen 88<\/span><span class=\"meta-nav\">&rarr;<\/span><\/a><\/p>\n","protected":false},"author":1,"featured_media":0,"parent":61,"menu_order":88,"comment_status":"closed","ping_status":"closed","template":"","meta":{"footnotes":""},"class_list":["post-688","page","type-page","status-publish","hentry"],"_links":{"self":[{"href":"https:\/\/www.lassebacklund.fi\/index.php?rest_route=\/wp\/v2\/pages\/688","targetHints":{"allow":["GET"]}}],"collection":[{"href":"https:\/\/www.lassebacklund.fi\/index.php?rest_route=\/wp\/v2\/pages"}],"about":[{"href":"https:\/\/www.lassebacklund.fi\/index.php?rest_route=\/wp\/v2\/types\/page"}],"author":[{"embeddable":true,"href":"https:\/\/www.lassebacklund.fi\/index.php?rest_route=\/wp\/v2\/users\/1"}],"replies":[{"embeddable":true,"href":"https:\/\/www.lassebacklund.fi\/index.php?rest_route=%2Fwp%2Fv2%2Fcomments&post=688"}],"version-history":[{"count":34,"href":"https:\/\/www.lassebacklund.fi\/index.php?rest_route=\/wp\/v2\/pages\/688\/revisions"}],"predecessor-version":[{"id":25676,"href":"https:\/\/www.lassebacklund.fi\/index.php?rest_route=\/wp\/v2\/pages\/688\/revisions\/25676"}],"up":[{"embeddable":true,"href":"https:\/\/www.lassebacklund.fi\/index.php?rest_route=\/wp\/v2\/pages\/61"}],"wp:attachment":[{"href":"https:\/\/www.lassebacklund.fi\/index.php?rest_route=%2Fwp%2Fv2%2Fmedia&parent=688"}],"curies":[{"name":"wp","href":"https:\/\/api.w.org\/{rel}","templated":true}]}}