{"id":6735,"date":"2017-11-29T14:56:38","date_gmt":"2017-11-29T13:56:38","guid":{"rendered":"http:\/\/www.lassebacklund.fi\/?page_id=6735"},"modified":"2023-08-11T23:34:46","modified_gmt":"2023-08-11T20:34:46","slug":"parungropar-och-kallare","status":"publish","type":"page","link":"https:\/\/www.lassebacklund.fi\/?page_id=6735","title":{"rendered":"P\u00e4rungropar och \u2013k\u00e4llare."},"content":{"rendered":"<p><span style=\"color: #000080;\">Artikel skriven av Valter W. Forsblom och publicerades i boken \u201dFolkloristiska och etnografiska studier\u201d som Svenska Litteraturs\u00e4llskapet gav ut 1916.<\/span><\/p>\n<p>De med inre mullb\u00e4nkar f\u00f6rsedda husen var ofta f\u00f6rsedda med en p\u00e4rungrop under golvet i stugan. Denna grop har en ing\u00e5ng direkt fr\u00e5n stugan genom en i stuggolvet befintlig \u00f6ppning, t\u00e4ckts med l\u00f6stagbar lucka av br\u00e4der. De h\u00e4r p\u00e4rungroparna f\u00f6rsvinner dock p\u00e5 samma g\u00e5ng som husen b\u00f6rjar f\u00f6rses med trossbotten. Man har d\u00e4rf\u00f6r varit tvungen att inr\u00e4tta p\u00e4rungropar av annan konstruktion.<\/p>\n<figure id=\"attachment_6730\" aria-describedby=\"caption-attachment-6730\" style=\"width: 481px\" class=\"wp-caption aligncenter\"><img loading=\"lazy\" decoding=\"async\" class=\" wp-image-6730\" src=\"http:\/\/www.lassebacklund.fi\/wp-content\/uploads\/2017\/11\/P\u00e4rungrop-1.jpg\" alt=\"Skiss av en p\u00e4rungrop i Korsb\u00e4ck i Dagsmark.\" width=\"481\" height=\"226\" srcset=\"https:\/\/www.lassebacklund.fi\/wp-content\/uploads\/2017\/11\/P\u00e4rungrop-1.jpg 1188w, https:\/\/www.lassebacklund.fi\/wp-content\/uploads\/2017\/11\/P\u00e4rungrop-1-300x141.jpg 300w, https:\/\/www.lassebacklund.fi\/wp-content\/uploads\/2017\/11\/P\u00e4rungrop-1-768x361.jpg 768w, https:\/\/www.lassebacklund.fi\/wp-content\/uploads\/2017\/11\/P\u00e4rungrop-1-1024x482.jpg 1024w\" sizes=\"auto, (max-width: 481px) 100vw, 481px\" \/><figcaption id=\"caption-attachment-6730\" class=\"wp-caption-text\">Skiss av en p\u00e4rungrop i Korsb\u00e4ck i Dagsmark.<\/figcaption><\/figure>\n<figure id=\"attachment_6731\" aria-describedby=\"caption-attachment-6731\" style=\"width: 704px\" class=\"wp-caption aligncenter\"><img loading=\"lazy\" decoding=\"async\" class=\" wp-image-6731\" src=\"http:\/\/www.lassebacklund.fi\/wp-content\/uploads\/2017\/11\/P\u00e4rungrop-2-Agn\u00e4s-Mina-Ida-och-Frans.jpg\" alt=\"Agn\u00e4s Mina visar upp en h\u00f6g p\u00e4rungrop p\u00e5 Sebbasbackan i Dagsmark. I famnen har hon dottern Ida och till h\u00f6ger st\u00e5r Agn\u00e4s-Frans.\" width=\"704\" height=\"493\" srcset=\"https:\/\/www.lassebacklund.fi\/wp-content\/uploads\/2017\/11\/P\u00e4rungrop-2-Agn\u00e4s-Mina-Ida-och-Frans.jpg 1101w, https:\/\/www.lassebacklund.fi\/wp-content\/uploads\/2017\/11\/P\u00e4rungrop-2-Agn\u00e4s-Mina-Ida-och-Frans-300x210.jpg 300w, https:\/\/www.lassebacklund.fi\/wp-content\/uploads\/2017\/11\/P\u00e4rungrop-2-Agn\u00e4s-Mina-Ida-och-Frans-768x539.jpg 768w, https:\/\/www.lassebacklund.fi\/wp-content\/uploads\/2017\/11\/P\u00e4rungrop-2-Agn\u00e4s-Mina-Ida-och-Frans-1024x718.jpg 1024w\" sizes=\"auto, (max-width: 704px) 100vw, 704px\" \/><figcaption id=\"caption-attachment-6731\" class=\"wp-caption-text\">Agn\u00e4s Mina visar upp en h\u00f6g p\u00e4rungrop p\u00e5 Sebbasbackan i Dagsmark. I famnen har hon dottern Ida och till h\u00f6ger st\u00e5r Agn\u00e4s-Frans.<\/figcaption><\/figure>\n<p>De primitivaste av dessa \u00e4r de som finns p\u00e5 bilderna h\u00e4r ovan. Dessa best\u00e5r av en i jorden gr\u00e4vd och med stenar kantad grop, som f\u00f6rsetts med halmtak. Taket som \u00e4r av vanlig halmtakstyp vilar p\u00e5 en tak\u00e5s, som ligger ovanp\u00e5 tv\u00e5 bockar. D\u00f6rren till skjulet finns i den med br\u00e4der t\u00e4ckta gaveln. Ing\u00e5ngen till sj\u00e4lva gropen \u00e4r t\u00e4ckt med en br\u00e4dlucka, som ibland p\u00e5 vintern d\u00e5 det \u00e4r riktigt kallt \u00e4r \u00f6vert\u00e4ckt med ett lager av jordtorvor och halm. Pot\u00e4terna f\u00f6rvaras i l\u00e5rar i gropen, l\u00e4ngs med gropens v\u00e4ggar.<\/p>\n<figure id=\"attachment_6732\" aria-describedby=\"caption-attachment-6732\" style=\"width: 619px\" class=\"wp-caption aligncenter\"><img loading=\"lazy\" decoding=\"async\" class=\" wp-image-6732\" src=\"http:\/\/www.lassebacklund.fi\/wp-content\/uploads\/2017\/11\/P\u00e4rungrop-3-Johan-Korsb\u00e4ck.jpg\" alt=\"P\u00e4rungrop hos Johan Korsb\u00e4ck uppe i Tr\u00e4sk.\" width=\"619\" height=\"384\" srcset=\"https:\/\/www.lassebacklund.fi\/wp-content\/uploads\/2017\/11\/P\u00e4rungrop-3-Johan-Korsb\u00e4ck.jpg 1097w, https:\/\/www.lassebacklund.fi\/wp-content\/uploads\/2017\/11\/P\u00e4rungrop-3-Johan-Korsb\u00e4ck-300x186.jpg 300w, https:\/\/www.lassebacklund.fi\/wp-content\/uploads\/2017\/11\/P\u00e4rungrop-3-Johan-Korsb\u00e4ck-768x476.jpg 768w, https:\/\/www.lassebacklund.fi\/wp-content\/uploads\/2017\/11\/P\u00e4rungrop-3-Johan-Korsb\u00e4ck-1024x635.jpg 1024w\" sizes=\"auto, (max-width: 619px) 100vw, 619px\" \/><figcaption id=\"caption-attachment-6732\" class=\"wp-caption-text\">P\u00e4rungrop hos Johan Korsb\u00e4ck uppe i Tr\u00e4sk.<\/figcaption><\/figure>\n<p>P\u00e4rungropen p\u00e5 denna bild skyddas av ett skjul, som \u00e4r sammanfogat av kluvna stockar. V\u00e4ggarna i denna st\u00f6ds av stolpar som parvis \u00e4r nedslagna i jorden. Stolparna som s\u00e4tts tv\u00e5 och tv\u00e5, binds ihop med vidjor och mellan stolparna radas sedan v\u00e4ggstockarna. Taket som best\u00e5r av tv\u00e5 lager med br\u00e4der sluttar mot den bakre, lite l\u00e4gre bakv\u00e4ggen. D\u00f6rren som ocks\u00e5 \u00e4r gjord av br\u00e4der s\u00e4tts i den h\u00f6gre l\u00e5ngv\u00e4ggen.<\/p>\n<figure id=\"attachment_6733\" aria-describedby=\"caption-attachment-6733\" style=\"width: 671px\" class=\"wp-caption aligncenter\"><img loading=\"lazy\" decoding=\"async\" class=\" wp-image-6733\" src=\"http:\/\/www.lassebacklund.fi\/wp-content\/uploads\/2017\/11\/P\u00e4rungrop-4-Josefina-R\u00f6nnqvist-Sideby.jpg\" alt=\"P\u00e4rungrop byggd av kullerstenar hos Josefina R\u00f6nnqvist i Sideby.\" width=\"671\" height=\"400\" srcset=\"https:\/\/www.lassebacklund.fi\/wp-content\/uploads\/2017\/11\/P\u00e4rungrop-4-Josefina-R\u00f6nnqvist-Sideby.jpg 1116w, https:\/\/www.lassebacklund.fi\/wp-content\/uploads\/2017\/11\/P\u00e4rungrop-4-Josefina-R\u00f6nnqvist-Sideby-300x179.jpg 300w, https:\/\/www.lassebacklund.fi\/wp-content\/uploads\/2017\/11\/P\u00e4rungrop-4-Josefina-R\u00f6nnqvist-Sideby-768x458.jpg 768w, https:\/\/www.lassebacklund.fi\/wp-content\/uploads\/2017\/11\/P\u00e4rungrop-4-Josefina-R\u00f6nnqvist-Sideby-1024x610.jpg 1024w\" sizes=\"auto, (max-width: 671px) 100vw, 671px\" \/><figcaption id=\"caption-attachment-6733\" class=\"wp-caption-text\">P\u00e4rungrop byggd av kullerstenar hos Josefina R\u00f6nnqvist i Sideby.<\/figcaption><\/figure>\n<p>Det h\u00e4r \u00e4r en helt annan typ av p\u00e4rungrop, som m\u00e4ter ca 1,90 x 2,50 m. V\u00e4ggarna \u00e4r gjorda av uppstaplade kullerstenar och \u00e4r 1,5 m tjocka. I ena gaveln finns en g\u00e5ng som \u00e4r 70 cm bred och \u00e4r f\u00f6rsedd med tv\u00e5 d\u00f6rrar.<\/p>\n<figure id=\"attachment_6734\" aria-describedby=\"caption-attachment-6734\" style=\"width: 403px\" class=\"wp-caption aligncenter\"><img loading=\"lazy\" decoding=\"async\" class=\" wp-image-6734\" src=\"http:\/\/www.lassebacklund.fi\/wp-content\/uploads\/2017\/11\/P\u00e4rungrop-5.jpg\" alt=\"H\u00e4r tv\u00e5 skisser av Josefina R\u00f6nnqvist p\u00e4rungrop i Sideby. \u00d6vre bilden visar gropen uppifr\u00e5n och p\u00e5 den undre ser vi hur gropen s\u00e5g ut framifr\u00e5n.\" width=\"403\" height=\"657\" srcset=\"https:\/\/www.lassebacklund.fi\/wp-content\/uploads\/2017\/11\/P\u00e4rungrop-5.jpg 737w, https:\/\/www.lassebacklund.fi\/wp-content\/uploads\/2017\/11\/P\u00e4rungrop-5-184x300.jpg 184w, https:\/\/www.lassebacklund.fi\/wp-content\/uploads\/2017\/11\/P\u00e4rungrop-5-628x1024.jpg 628w\" sizes=\"auto, (max-width: 403px) 100vw, 403px\" \/><figcaption id=\"caption-attachment-6734\" class=\"wp-caption-text\">H\u00e4r tv\u00e5 skisser av Josefina R\u00f6nnqvist p\u00e4rungrop i Sideby. \u00d6vre bilden visar gropen uppifr\u00e5n och p\u00e5 den undre ser vi hur gropen s\u00e5g ut framifr\u00e5n.<\/figcaption><\/figure>\n<p>Mellantaket best\u00e5r av runda tr\u00e4dstammar som \u00e4r radade bredvid varandra i gropens l\u00e4ngriktning. P\u00e5 taket en takfyllning av jord. Vattentaket \u00e4r gjort av ett dubbelt lager med br\u00e4der med mellanliggande halm. Det yttre br\u00e4dlagret \u00e4r t\u00e4ckt av n\u00e4ver och takvedar i vanlig ordning.<\/p>\n<p>Dessa av bruten sten uppf\u00f6rda k\u00e4llare med murade v\u00e4ggar f\u00f6rekommer h\u00e4r och var i Syd\u00f6sterbotten men har tillsvidare inte f\u00e5tt n\u00e5gon st\u00f6rre spridning.<\/p>\n","protected":false},"excerpt":{"rendered":"<p>Artikel skriven av Valter W. Forsblom och publicerades i boken \u201dFolkloristiska och etnografiska studier\u201d som Svenska Litteraturs\u00e4llskapet gav ut 1916. De med inre mullb\u00e4nkar f\u00f6rsedda husen var ofta f\u00f6rsedda med en p\u00e4rungrop under golvet i stugan. Denna grop har en <a class=\"more-link\" href=\"https:\/\/www.lassebacklund.fi\/?page_id=6735\">Forts\u00e4tt l\u00e4sa <span class=\"screen-reader-text\">  P\u00e4rungropar och \u2013k\u00e4llare.<\/span><span class=\"meta-nav\">&rarr;<\/span><\/a><\/p>\n","protected":false},"author":1,"featured_media":0,"parent":19,"menu_order":280,"comment_status":"closed","ping_status":"closed","template":"","meta":{"footnotes":""},"class_list":["post-6735","page","type-page","status-publish","hentry"],"_links":{"self":[{"href":"https:\/\/www.lassebacklund.fi\/index.php?rest_route=\/wp\/v2\/pages\/6735","targetHints":{"allow":["GET"]}}],"collection":[{"href":"https:\/\/www.lassebacklund.fi\/index.php?rest_route=\/wp\/v2\/pages"}],"about":[{"href":"https:\/\/www.lassebacklund.fi\/index.php?rest_route=\/wp\/v2\/types\/page"}],"author":[{"embeddable":true,"href":"https:\/\/www.lassebacklund.fi\/index.php?rest_route=\/wp\/v2\/users\/1"}],"replies":[{"embeddable":true,"href":"https:\/\/www.lassebacklund.fi\/index.php?rest_route=%2Fwp%2Fv2%2Fcomments&post=6735"}],"version-history":[{"count":1,"href":"https:\/\/www.lassebacklund.fi\/index.php?rest_route=\/wp\/v2\/pages\/6735\/revisions"}],"predecessor-version":[{"id":6736,"href":"https:\/\/www.lassebacklund.fi\/index.php?rest_route=\/wp\/v2\/pages\/6735\/revisions\/6736"}],"up":[{"embeddable":true,"href":"https:\/\/www.lassebacklund.fi\/index.php?rest_route=\/wp\/v2\/pages\/19"}],"wp:attachment":[{"href":"https:\/\/www.lassebacklund.fi\/index.php?rest_route=%2Fwp%2Fv2%2Fmedia&parent=6735"}],"curies":[{"name":"wp","href":"https:\/\/api.w.org\/{rel}","templated":true}]}}