{"id":6718,"date":"2017-11-28T22:26:31","date_gmt":"2017-11-28T21:26:31","guid":{"rendered":"http:\/\/www.lassebacklund.fi\/?page_id=6718"},"modified":"2026-04-09T09:27:08","modified_gmt":"2026-04-09T06:27:08","slug":"ab-parusfors-oy-lappfjard-socken","status":"publish","type":"page","link":"https:\/\/www.lassebacklund.fi\/?page_id=6718","title":{"rendered":"Ab P\u00e4rusfors Oy i Lappfj\u00e4rd socken"},"content":{"rendered":"<h3><strong>Viktor k\u00f6per in mark f\u00f6r det kommande kraftverket<\/strong><\/h3>\n<p><strong>\u00c5r 1915, den 24 januari<\/strong> k\u00f6pte Viktor och Ida Nylund ett mindre omr\u00e5de p\u00e5 ca 1 500 kvm d\u00e4r kanalen till kraftverket skulle gr\u00e4vas. S\u00e4ljare var Josef Josefsson Qvis eller P\u00e4rus och hans hustru Karolina Johansdotter. Det h\u00e4r omr\u00e5det br\u00f6ts sedan ut fr\u00e5n det h\u00e4r Perus hemmanet Stenfors och det fick namnet Kvarnudd II 21:19. Ungef\u00e4r samtidigt s\u00e5lde Josef och Karolina Qvis ett annat omr\u00e5de p\u00e5 n\u00e4rmare ett halvt hektar \u00e5t kvarn\u00e4garen Josef och Ida Koskinen och det omr\u00e5det fick namnet Koskiranta 21:20. Omr\u00e5det l\u00e5g i den \u00f6stra delen, n\u00e4rmast hemmanet Stenfors.<\/p>\n<figure id=\"attachment_25780\" aria-describedby=\"caption-attachment-25780\" style=\"width: 2560px\" class=\"wp-caption alignnone\"><img loading=\"lazy\" decoding=\"async\" class=\"size-full wp-image-25780\" src=\"https:\/\/www.lassebacklund.fi\/wp-content\/uploads\/2026\/04\/Parusfors-plankarta-1915-scaled.jpg\" alt=\"\" width=\"2560\" height=\"1481\" srcset=\"https:\/\/www.lassebacklund.fi\/wp-content\/uploads\/2026\/04\/Parusfors-plankarta-1915-scaled.jpg 2560w, https:\/\/www.lassebacklund.fi\/wp-content\/uploads\/2026\/04\/Parusfors-plankarta-1915-300x174.jpg 300w, https:\/\/www.lassebacklund.fi\/wp-content\/uploads\/2026\/04\/Parusfors-plankarta-1915-1024x592.jpg 1024w, https:\/\/www.lassebacklund.fi\/wp-content\/uploads\/2026\/04\/Parusfors-plankarta-1915-768x444.jpg 768w, https:\/\/www.lassebacklund.fi\/wp-content\/uploads\/2026\/04\/Parusfors-plankarta-1915-1536x889.jpg 1536w, https:\/\/www.lassebacklund.fi\/wp-content\/uploads\/2026\/04\/Parusfors-plankarta-1915-2048x1185.jpg 2048w\" sizes=\"auto, (max-width: 2560px) 100vw, 2560px\" \/><figcaption id=\"caption-attachment-25780\" class=\"wp-caption-text\">\u00c5r 1915 l\u00e4t Viktor Nylund g\u00f6ra en vattenverkssyn \u00f6ver det kommande kraftverksomr\u00e5det i H\u00e5k\u00e5skforsen. I forsen fanns det fr\u00e5n tidigare R\u00e5ksfors kvarn p\u00e5 s\u00f6dra sidan av \u00e5n, i det nedre loppet i R\u00e5ksforsen. P\u00e5 samma sida i den s\u00f6dra f\u00e5ran fanns Holmkvarnen i den s\u00e5 kallade Lillkvarnforsen. P\u00e5 \u00e5ns norra sida fanns Qvis s\u00e5gen i den norra f\u00e5ran i den s\u00e5 kallade P\u00e4rusforsen. Hela forsomr\u00e5det hade i tiderna hetat H\u00f6gfors, som ocks\u00e5 kallades H\u00e5k\u00e5skforsen.<\/figcaption><\/figure>\n<p><strong>\u00c5r 1916, i januari<\/strong> kom Viktor Nylund \u00f6verens med en grupp lappfj\u00e4rdsbor att k\u00f6pa deras motordrivna elverk i Lappfj\u00e4rd. Det h\u00e4r elverket hade byggts av lappfj\u00e4rdsborna och det placerades p\u00e5 det omr\u00e5de d\u00e4r l\u00e5gstadieskolan finns i dag. Omr\u00e5det \u00e4gdes av lantm\u00e4tare Oskar Malmberg, som var den som drev p\u00e5 denna fr\u00e5ga. Eln\u00e4tet i Lappfj\u00e4rd byggdes under \u00e5r 1912 och i januari 1913 kunde r\u00e5oljemotorn starta, den som drog generatorn. Sj\u00e4lva aff\u00e4ren genomf\u00f6rdes \u00e5r 1917.<\/p>\n<p><strong>\u00c5r 1917, den 4 mars<\/strong> k\u00f6pte Viktor och Ida Nylund ett markomr\u00e5de av Mitts skattehemman i Lappfj\u00e4rd. S\u00e4ljare var Henrik Karlsson och Anna Kajsa Mitts och de hade i sin tur f\u00f6rv\u00e4rvat hela hemmanet p\u00e5 1\/24 dels mtl med namnet \u00c5back 22:5 redan 1898.<\/p>\n<p><strong>\u00c5r 1917, den 20 november<\/strong> k\u00f6pte Viktor och Ida Nylund omr\u00e5det Koskiranta p\u00e5 ca ett halvt hektar av Josef och Ida Koskinen och i k\u00f6pet ingick de byggnader, som de hade uppf\u00f6rt p\u00e5 omr\u00e5det.<\/p>\n<h4><strong>Ab P\u00e4rusfors Oy i Lappfj\u00e4rd grundas 1918<\/strong><\/h4>\n<p><span style=\"color: #000080;\">Kung\u00f6relse i \u201dRegistreringstidning f\u00f6r varum\u00e4rken\u201d som utkom 1918.<\/span><\/p>\n<p>Bolagets \u00e4ndam\u00e5l \u00e4r att \u00e5stadkomma elektrisk str\u00f6m f\u00f6r leverering af ljus och kraft, att drifva kvarnr\u00f6relse samt tr\u00e4f\u00f6r\u00e4dling \u00e4fvensom handelsr\u00f6relse i Lappfj\u00e4rds socken.<\/p>\n<p>Styrelse: herrar Erik T\u00f6tterman, verkst\u00e4llande direkt\u00f6r, Viktor Nylund och Wilhelm Starck, ordinarie ledam\u00f6ter, samt herrar Alexander Slotte och Josef Henrik Storkull, suppleanter.<\/p>\n<p>Bolagets firma tecknas af verkst\u00e4llande direkt\u00f6ren ensam per procura eller, af de tv\u00e5 \u00f6friga styrelseledam\u00f6terna gemensamt.<\/p>\n<p>Bolagsordningen antagen den 12 april 1918; fastst\u00e4lld af Finlands Senat den 1 juni 1918. Aktiekapitalet: 200,000 mark, hvaraf 50,000 mark \u00e4r inbetaldt. Aktiekapitalet kan h\u00f6jas till 400,000 mark.<\/p>\n<p>Aktier: 2,000 \u00e5 100 mark st\u00e4llda p\u00e5 viss man. Tiden, inom hvilken aktiekapitalet i sin helhet skall vara inbetaldt: den 1 december 1918. Kallelse till bolagsst\u00e4mma delgifves bolagsm\u00e4nnen genom kung\u00f6relse uti en ortstidning, hvilken kung\u00f6relse b\u00f6r inf\u00f6ras en g\u00e5ng minst 14 dagar f\u00f6re st\u00e4mman, s\u00e5framt den ej p\u00e5 annat s\u00e4tt af direktionen bevisligen delgifves samtliga aktion\u00e4rer, \u00f6friga tillk\u00e4nnagifvanden meddelas samtliga bolagsm\u00e4n p\u00e5 enahanda s\u00e4tt.<\/p>\n<h4><strong>Viktor och Ida s\u00e4ljer markerna \u00e5t bolaget<\/strong><\/h4>\n<p><strong>\u00c5r 1917, den 31 december<\/strong> s\u00e5lde Viktor och Ida Nylund de tre markomr\u00e5den som de ink\u00f6pt och de s\u00e5lde \u00e5t det nya bolaget Ab P\u00e4rusfors Oy. Kvarnudd II s\u00e5ldes f\u00f6r 2 000 mark, Koskiranta s\u00e5ldes f\u00f6r 4 500 mark och Kvarnudd s\u00e5ldes f\u00f6r 6 000 mark.<\/p>\n","protected":false},"excerpt":{"rendered":"<p>Viktor k\u00f6per in mark f\u00f6r det kommande kraftverket \u00c5r 1915, den 24 januari k\u00f6pte Viktor och Ida Nylund ett mindre omr\u00e5de p\u00e5 ca 1 500 kvm d\u00e4r kanalen till kraftverket skulle gr\u00e4vas. S\u00e4ljare var Josef Josefsson Qvis eller P\u00e4rus och <a class=\"more-link\" href=\"https:\/\/www.lassebacklund.fi\/?page_id=6718\">Forts\u00e4tt l\u00e4sa <span class=\"screen-reader-text\">  Ab P\u00e4rusfors Oy i Lappfj\u00e4rd socken<\/span><span class=\"meta-nav\">&rarr;<\/span><\/a><\/p>\n","protected":false},"author":1,"featured_media":0,"parent":1696,"menu_order":0,"comment_status":"closed","ping_status":"closed","template":"","meta":{"footnotes":""},"class_list":["post-6718","page","type-page","status-publish","hentry"],"_links":{"self":[{"href":"https:\/\/www.lassebacklund.fi\/index.php?rest_route=\/wp\/v2\/pages\/6718","targetHints":{"allow":["GET"]}}],"collection":[{"href":"https:\/\/www.lassebacklund.fi\/index.php?rest_route=\/wp\/v2\/pages"}],"about":[{"href":"https:\/\/www.lassebacklund.fi\/index.php?rest_route=\/wp\/v2\/types\/page"}],"author":[{"embeddable":true,"href":"https:\/\/www.lassebacklund.fi\/index.php?rest_route=\/wp\/v2\/users\/1"}],"replies":[{"embeddable":true,"href":"https:\/\/www.lassebacklund.fi\/index.php?rest_route=%2Fwp%2Fv2%2Fcomments&post=6718"}],"version-history":[{"count":5,"href":"https:\/\/www.lassebacklund.fi\/index.php?rest_route=\/wp\/v2\/pages\/6718\/revisions"}],"predecessor-version":[{"id":25782,"href":"https:\/\/www.lassebacklund.fi\/index.php?rest_route=\/wp\/v2\/pages\/6718\/revisions\/25782"}],"up":[{"embeddable":true,"href":"https:\/\/www.lassebacklund.fi\/index.php?rest_route=\/wp\/v2\/pages\/1696"}],"wp:attachment":[{"href":"https:\/\/www.lassebacklund.fi\/index.php?rest_route=%2Fwp%2Fv2%2Fmedia&parent=6718"}],"curies":[{"name":"wp","href":"https:\/\/api.w.org\/{rel}","templated":true}]}}