{"id":6667,"date":"2017-11-25T23:10:07","date_gmt":"2017-11-25T22:10:07","guid":{"rendered":"http:\/\/www.lassebacklund.fi\/?page_id=6667"},"modified":"2017-11-25T23:15:26","modified_gmt":"2017-11-25T22:15:26","slug":"eldsvada-hos-johan-larsson-lillkull-ar-1801","status":"publish","type":"page","link":"https:\/\/www.lassebacklund.fi\/?page_id=6667","title":{"rendered":"Eldsv\u00e5da hos Johan Larsson Lillkull \u00e5r 1801."},"content":{"rendered":"<p><span style=\"color: #000080;\">Denna utredning \u00e4r gjord av Inga-Lill Sandstr\u00f6m, som \u00e4r f\u00f6dd och uppvuxen p\u00e5 Sunnantillv\u00e4gen men numera bosatt i Vasa.<\/span><\/p>\n<p>Ur tingsprotokollet f\u00f6rt vid lagtima h\u00f6sttinget i Lappfj\u00e4rd 30 november 1801.<\/p>\n<p>Bonden Johan Larsson Lillkull f\u00f6retr\u00e4dde i n\u00e4rvaro af den f\u00f6rsamlade, med genom utf\u00e4rdade kung\u00f6relser inkallade, sokne allmogen, samt anh\u00f6ll att brandstod m\u00e5tte honom beviljas f\u00f6r den skada som genom upkommen v\u00e5deld den 6 sidsne junii hos honom timat hvar\u00f6ver han inl\u00e4mnade et synetestament s\u00e5 lydande:<\/p>\n<p>\u00c5r 1801 den 10 junii blef af undertecknade upp\u00e5 Skatte Bondens ifr\u00e5n Dagsmarkby, Johan Larsson Lillkulls anmodan den Brandskada synt och v\u00e4rderad som medelst vid 6:e i denna m\u00e5nad kl. 4 a 5 eftermiddagen uppkommen och timad h\u00e4ftig v\u00e5deld f\u00f6r S\u00f6kanden medtagit och i aska lagt nedann\u00e4mde Man- och Ladug\u00e5rdshus.<\/p>\n<p>Innan syn och v\u00e4rdering av Eldskadan f\u00f6retogs s\u00f6kte underskrefvne utr\u00f6na orsaken til eldens l\u00f6skomst d\u00e5 det upgafs och f\u00f6rmentes at S\u00f6kandens afledne Sv\u00e5gers Torparen Jonas Ahlkullas omyndige son Johan Jonasson om ungef\u00e4r 7 \u00e5rs \u00e5lder jemte flere andra af Byalagets sm\u00e5 barn i s\u00e5 m\u00e5tto v\u00e5llat eldens l\u00f6skomst at de utan det hemmavardna G\u00e5rdsfolkets vetskap och minne upgjort Eld emellan ett Chaise Lider och ett n\u00e4ra st\u00e5ende gammalt F\u00e5rhus, hvarigenom Elden under d\u00e5 p\u00e5st\u00e5ende starka torka och n\u00e5gon sydv\u00e4stlig bl\u00e5st, oaktad all sorgf\u00e4llig anstalth til eldsl\u00e4ckning, \u00a0ganska hastigt och h\u00e4ftigt, innan n\u00e5gon det har vetat, angripit \u00c5byggnaden som s\u00e5ledes blifvit ett \u00f6mkeligt rof f\u00f6r Eldens l\u00e5gor och raseri.<\/p>\n<p>De afbr\u00e4nda husen uppg\u00e5fvos och utreddes hafva varit af f\u00f6ljande beskaffenhet och v\u00e4rde.<\/p>\n<h3><strong><u>HUSEN I MANG\u00c5RDEN<\/u><\/strong><\/h3>\n<p>&nbsp;<\/p>\n<ol>\n<li>\u00a0En \u00e5r 1786 af Lindtall timmer \u00e5 stenfot under skurtak av n\u00e4fver och takved upf\u00f6rd Bagarestuga med F\u00f6rstuga och d\u00e4ri inredt kaldkammare, 18 alnar l\u00e5nga, 12 breda och 5\u00bd h\u00f6ga til takbandet, innanredda med 7: fenster i 4: lufter, D\u00f6rrar med l\u00e5s, g\u00e5lf, mellantak \u00e5 bjelkar, samt spisel med Bakugn m.m samt utantil bekl\u00e4dde med Br\u00e4der \u00e5 s\u00f6dra och \u00d6stra v\u00e4ggarne och alla v\u00e4ggar med r\u00f6df\u00e4rg anstrukna. Ans\u00e5gs i det minsta vara v\u00e4rde: \u00a0\u00a045:-<\/li>\n<\/ol>\n<p>&nbsp;<\/p>\n<ol start=\"2\">\n<li>En f\u00f6r n\u00e5gra \u00e5r sedan reparerad gammal och \u00e4ndrad Bagarestuga med F\u00f6rstuga och kaldkammare d\u00e4ri af furutimmer under n\u00e4fver- och takvedstak inredd med 5:fenster i 3. lufter; mellantak, g\u00e5lf, d\u00f6rrar, spisel och Bakugn m.m; Skattades ringast til: \u00a0\u00a0\u00a030:-<\/li>\n<\/ol>\n<p>&nbsp;<\/p>\n<ol start=\"3\">\n<li>En \u00e5r 1775 af furu upbyggd G\u00e4stelstufva med f\u00f6rstuga och d\u00e4ri \u00e4fven inr\u00e4ttad kaldkammare, til 15 aln. L\u00e4ngd, 10 bredd och 5\u00bd alnar h\u00f6gd under lika skurtak som de f\u00f6rra med 5:fenster i 3:ne lufter, mellantak, g\u00e5lf, d\u00f6rrar och spisel m.m br\u00e4dslagen och r\u00f6df\u00e4rgad \u00e5 \u00d6stra och S\u00f6dra v\u00e4ggarna, alltsammans f\u00f6r bepr\u00f6fvad kostnad: \u00a036:-<\/li>\n<\/ol>\n<p>&nbsp;<\/p>\n<ol start=\"4\">\n<li>En \u00e5r 1781 upf\u00f6rth och sedan f\u00f6rh\u00f6jd s\u00e4des- och mj\u00f6lboda p\u00e5 syllor af Lindtall timmer 8 alnar i fyrkant och 9: h\u00f6g med n\u00e4fver- och takvedstak i godt st\u00e5nd: 10:-<\/li>\n<\/ol>\n<p>&nbsp;<\/p>\n<ol start=\"5\">\n<li>En gammal liten Dito af furu \u00e5 stolpar med n\u00e4fver-och takveds skurtak: 2:-<\/li>\n<\/ol>\n<p>&nbsp;<\/p>\n<ol start=\"6\">\n<li>Ett \u00e5r 1797 upf\u00f6rth Chaise Lider af gran 9 alnar i qvadrat och 4 h\u00f6gt med br\u00e4dtak och utbyggt portsk\u00e5f jemte g\u00e5lf: 4:-<\/li>\n<\/ol>\n<p>&nbsp;<\/p>\n<ol start=\"7\">\n<li>Ett gammalt redskapshus af gran 10 alnar l\u00e5ngt, 7 bredt och 4 h\u00f6gt med nytt br\u00e4dtak: 2:35<\/li>\n<\/ol>\n<p>&nbsp;<\/p>\n<ol start=\"8\">\n<li>Ett gammalt, b\u00e4ttre och h\u00f6gre Dito af gran gentemot stallet, under n\u00e4fver- och takvedstak:4:-<\/li>\n<\/ol>\n<p>&nbsp;<\/p>\n<ol start=\"9\">\n<li>Ett Med Lider af Grantimmer med nytt br\u00e4dtak och utbygt Portsk\u00e5f: 4:-<\/li>\n<\/ol>\n<p>&nbsp;<\/p>\n<h3><strong><u>I \u00a0Ladug\u00e5rden.<\/u><\/strong><\/h3>\n<p>&nbsp;<\/p>\n<ol start=\"10\">\n<li>Ett \u00e5r 1776 av Grantimmer under N\u00e4fver- och takveds skurtak upf\u00f6rt Stall med mellanbotn samt utbygt portsk\u00e5f och port n\u00f6digt innanrett och r\u00f6df\u00e4rgat \u00e5 S\u00f6dra v\u00e4ggen, efter bepr\u00f6fvande minst v\u00e4rth: 6:-<\/li>\n<\/ol>\n<p>&nbsp;<\/p>\n<ol start=\"11\">\n<li>Ett \u00e5r 1789 af talltimmer upf\u00f6rdt F\u00e4hus 15 alnar l\u00e5ngt, 12 bredt och 4 Dito h\u00f6gt till takbandet med mellanbotn, samt n\u00e4fver och takvedstak: \u00a06:-<\/li>\n<\/ol>\n<p>&nbsp;<\/p>\n<ol start=\"12\">\n<li>Ett Dito mindre av Tall och lika Structur med sidstn\u00e4mde: \u00a04:-<\/li>\n<\/ol>\n<p>&nbsp;<\/p>\n<ol start=\"13\">\n<li>Ett nyligen reparerat gammalt F\u00e5rhus av furu med nytt n\u00e4fver- och takvedstak: 3:-<\/li>\n<\/ol>\n<p>&nbsp;<\/p>\n<ol start=\"14\">\n<li>En \u00e5r 1786 af gran upbygd Foderlada under n\u00e4fver- och takvedstak, 9 alnar i fyrkant och 4 dito h\u00f6g, v\u00e4rdt: 4:-<\/li>\n<li>Ett litet Svinhus av gran med n\u00e4fver- och torftak: 1:-<\/li>\n<\/ol>\n<p>J\u00e4mte \u00e5tskilliga l\u00f6s\u00f6ren, best\u00e5ende uti penningar, kl\u00e4der, husger\u00e5d och kj\u00f6rredskap etz:ra, har f\u00f6r S\u00f6kanden j\u00e4mv\u00e4l upbrunnit:<\/p>\n<p>2\u00bd tunna r\u00e5g \u00e1 8:-, : 20:-<\/p>\n<p>1 tunna korn: \u00a06:32<\/p>\n<p>300 st kakor, minst; hvarav st\u00f6rsta delen varit r\u00e5gbr\u00f6dskakor: \u00a016:32<\/p>\n<p>&nbsp;<\/p>\n<p>1 tunna kornmj\u00f6l: \u00a06:32 &#8212;- 50:-<\/p>\n<p>Och obem\u00e4lt l\u00e4mna 1___ Fl\u00e4sk och 1___ Sm\u00f6r, d\u00e4rf\u00f6re ej brandstod torde best\u00e5s.<\/p>\n<p>&nbsp;<\/p>\n<h5><strong>Summa: <\/strong>\u00a0\u00a0\u00a0\u00a0\u00a0\u00a0\u00a0\u00a0\u00a0\u00a0\u00a0\u00a0\u00a0\u00a0\u00a0\u00a0\u00a0<strong>211:32<\/strong><\/h5>\n<p>&nbsp;<\/p>\n<p>S\u00e5ledes vara upgifvit, Synt och befunnits samt de afbr\u00e4nda Husen efter b\u00e4sta f\u00f6rst\u00e5nd och \u00f6fvertygelse ej h\u00f6gre v\u00e4rderade, \u00e4n at ju de samma kostat \u00e5boen vida mera, \u00e4n hvartil de h\u00e4r \u00e4ro upskattade:<\/p>\n<p>Det intyga, \u00c5r och dag f\u00f6reskrefne:<\/p>\n<p>M Sundblad<\/p>\n<p>Henric Holm. \u00a0\u00a0\u00a0\u00a0\u00a0\u00a0\u00a0\u00a0\u00a0\u00a0\u00a0Eric Hinders<\/p>\n<p>H\u00e4radsn\u00e4mndem\u00e4n<\/p>\n<p>Eric Eriksson Storkull<\/p>\n<p>Skattebonde<\/p>\n<p>&nbsp;<\/p>\n","protected":false},"excerpt":{"rendered":"<p>Denna utredning \u00e4r gjord av Inga-Lill Sandstr\u00f6m, som \u00e4r f\u00f6dd och uppvuxen p\u00e5 Sunnantillv\u00e4gen men numera bosatt i Vasa. Ur tingsprotokollet f\u00f6rt vid lagtima h\u00f6sttinget i Lappfj\u00e4rd 30 november 1801. Bonden Johan Larsson Lillkull f\u00f6retr\u00e4dde i n\u00e4rvaro af den f\u00f6rsamlade, <a class=\"more-link\" href=\"https:\/\/www.lassebacklund.fi\/?page_id=6667\">Forts\u00e4tt l\u00e4sa <span class=\"screen-reader-text\">  Eldsv\u00e5da hos Johan Larsson Lillkull \u00e5r 1801.<\/span><span class=\"meta-nav\">&rarr;<\/span><\/a><\/p>\n","protected":false},"author":1,"featured_media":0,"parent":6662,"menu_order":0,"comment_status":"closed","ping_status":"closed","template":"","meta":{"footnotes":""},"class_list":["post-6667","page","type-page","status-publish","hentry"],"_links":{"self":[{"href":"https:\/\/www.lassebacklund.fi\/index.php?rest_route=\/wp\/v2\/pages\/6667","targetHints":{"allow":["GET"]}}],"collection":[{"href":"https:\/\/www.lassebacklund.fi\/index.php?rest_route=\/wp\/v2\/pages"}],"about":[{"href":"https:\/\/www.lassebacklund.fi\/index.php?rest_route=\/wp\/v2\/types\/page"}],"author":[{"embeddable":true,"href":"https:\/\/www.lassebacklund.fi\/index.php?rest_route=\/wp\/v2\/users\/1"}],"replies":[{"embeddable":true,"href":"https:\/\/www.lassebacklund.fi\/index.php?rest_route=%2Fwp%2Fv2%2Fcomments&post=6667"}],"version-history":[{"count":3,"href":"https:\/\/www.lassebacklund.fi\/index.php?rest_route=\/wp\/v2\/pages\/6667\/revisions"}],"predecessor-version":[{"id":6669,"href":"https:\/\/www.lassebacklund.fi\/index.php?rest_route=\/wp\/v2\/pages\/6667\/revisions\/6669"}],"up":[{"embeddable":true,"href":"https:\/\/www.lassebacklund.fi\/index.php?rest_route=\/wp\/v2\/pages\/6662"}],"wp:attachment":[{"href":"https:\/\/www.lassebacklund.fi\/index.php?rest_route=%2Fwp%2Fv2%2Fmedia&parent=6667"}],"curies":[{"name":"wp","href":"https:\/\/api.w.org\/{rel}","templated":true}]}}