{"id":6649,"date":"2017-11-24T22:19:36","date_gmt":"2017-11-24T21:19:36","guid":{"rendered":"http:\/\/www.lassebacklund.fi\/?page_id=6649"},"modified":"2024-04-25T10:11:51","modified_gmt":"2024-04-25T07:11:51","slug":"selims-foton-fran-1944-1945","status":"publish","type":"page","link":"https:\/\/www.lassebacklund.fi\/?page_id=6649","title":{"rendered":"Selims foton fr\u00e5n 1944-1945"},"content":{"rendered":"<p>H\u00e4r n\u00e5gra av Selim Bj\u00f6rses\u00b4 fotografier tagna \u00e5ren 1944 och 1945. Eric Stens har identifierat personerna och skrivit de flesta texter. Fotografierna \u00e4r fr\u00e5n Svenska Litteraturs\u00e4llskapets arkiv i Vasa.<\/p>\n<figure id=\"attachment_6641\" aria-describedby=\"caption-attachment-6641\" style=\"width: 1058px\" class=\"wp-caption aligncenter\"><img loading=\"lazy\" decoding=\"async\" class=\"size-full wp-image-6641\" src=\"http:\/\/www.lassebacklund.fi\/wp-content\/uploads\/2017\/11\/ota295_foto_0566.jpg\" alt=\"S\u00e5 h\u00e4r s\u00e5g det moderna Stuckis mejeri ut med det senaste i maskinv\u00e4g.\" width=\"1058\" height=\"764\" srcset=\"https:\/\/www.lassebacklund.fi\/wp-content\/uploads\/2017\/11\/ota295_foto_0566.jpg 1058w, https:\/\/www.lassebacklund.fi\/wp-content\/uploads\/2017\/11\/ota295_foto_0566-300x217.jpg 300w, https:\/\/www.lassebacklund.fi\/wp-content\/uploads\/2017\/11\/ota295_foto_0566-768x555.jpg 768w, https:\/\/www.lassebacklund.fi\/wp-content\/uploads\/2017\/11\/ota295_foto_0566-1024x739.jpg 1024w\" sizes=\"auto, (max-width: 1058px) 100vw, 1058px\" \/><figcaption id=\"caption-attachment-6641\" class=\"wp-caption-text\">S\u00e5 h\u00e4r s\u00e5g det moderna Stuckis mejeri ut med det senaste i maskinv\u00e4g.<\/figcaption><\/figure>\n<figure id=\"attachment_6640\" aria-describedby=\"caption-attachment-6640\" style=\"width: 1182px\" class=\"wp-caption aligncenter\"><img loading=\"lazy\" decoding=\"async\" class=\"size-full wp-image-6640\" src=\"http:\/\/www.lassebacklund.fi\/wp-content\/uploads\/2017\/11\/ota295_foto_0565.jpg\" alt=\"Selim Rosenbergs g\u00e5rd mellan folkh\u00f6gskolan och norra folkskolan. G\u00e5rden revs sedan \u00e5r 1957 och det st\u00e5tliga f\u00e4huset fr\u00e5n Storg\u00e5rds tid revs 1988.\" width=\"1182\" height=\"649\" srcset=\"https:\/\/www.lassebacklund.fi\/wp-content\/uploads\/2017\/11\/ota295_foto_0565.jpg 1182w, https:\/\/www.lassebacklund.fi\/wp-content\/uploads\/2017\/11\/ota295_foto_0565-300x165.jpg 300w, https:\/\/www.lassebacklund.fi\/wp-content\/uploads\/2017\/11\/ota295_foto_0565-768x422.jpg 768w, https:\/\/www.lassebacklund.fi\/wp-content\/uploads\/2017\/11\/ota295_foto_0565-1024x562.jpg 1024w\" sizes=\"auto, (max-width: 1182px) 100vw, 1182px\" \/><figcaption id=\"caption-attachment-6640\" class=\"wp-caption-text\">Selim Rosenbergs g\u00e5rd mellan folkh\u00f6gskolan och norra folkskolan. G\u00e5rden revs sedan \u00e5r 1957 och det st\u00e5tliga f\u00e4huset fr\u00e5n Storg\u00e5rds tid revs 1988.<\/figcaption><\/figure>\n<figure id=\"attachment_6639\" aria-describedby=\"caption-attachment-6639\" style=\"width: 1191px\" class=\"wp-caption aligncenter\"><img loading=\"lazy\" decoding=\"async\" class=\"size-full wp-image-6639\" src=\"http:\/\/www.lassebacklund.fi\/wp-content\/uploads\/2017\/11\/ota295_foto_0564.jpg\" alt=\"Alvina Bj\u00f6rses sitter p\u00e5 brotrappan d\u00e4r hemma tillsammans med 2 barnbarn, en katt och en tr\u00e4h\u00e4st som g\u00e5r p\u00e5 hjul.\" width=\"1191\" height=\"778\" srcset=\"https:\/\/www.lassebacklund.fi\/wp-content\/uploads\/2017\/11\/ota295_foto_0564.jpg 1191w, https:\/\/www.lassebacklund.fi\/wp-content\/uploads\/2017\/11\/ota295_foto_0564-300x196.jpg 300w, https:\/\/www.lassebacklund.fi\/wp-content\/uploads\/2017\/11\/ota295_foto_0564-768x502.jpg 768w, https:\/\/www.lassebacklund.fi\/wp-content\/uploads\/2017\/11\/ota295_foto_0564-1024x669.jpg 1024w\" sizes=\"auto, (max-width: 1191px) 100vw, 1191px\" \/><figcaption id=\"caption-attachment-6639\" class=\"wp-caption-text\">Alvina Bj\u00f6rses sitter p\u00e5 brotrappan d\u00e4r hemma tillsammans med 2 barnbarn, en katt och en tr\u00e4h\u00e4st som g\u00e5r p\u00e5 hjul.<\/figcaption><\/figure>\n<figure id=\"attachment_6638\" aria-describedby=\"caption-attachment-6638\" style=\"width: 1188px\" class=\"wp-caption aligncenter\"><img loading=\"lazy\" decoding=\"async\" class=\"size-full wp-image-6638\" src=\"http:\/\/www.lassebacklund.fi\/wp-content\/uploads\/2017\/11\/ota295_foto_0563.jpg\" alt=\"Lappfj\u00e4rds \u00e5.\" width=\"1188\" height=\"609\" srcset=\"https:\/\/www.lassebacklund.fi\/wp-content\/uploads\/2017\/11\/ota295_foto_0563.jpg 1188w, https:\/\/www.lassebacklund.fi\/wp-content\/uploads\/2017\/11\/ota295_foto_0563-300x154.jpg 300w, https:\/\/www.lassebacklund.fi\/wp-content\/uploads\/2017\/11\/ota295_foto_0563-768x394.jpg 768w, https:\/\/www.lassebacklund.fi\/wp-content\/uploads\/2017\/11\/ota295_foto_0563-1024x525.jpg 1024w\" sizes=\"auto, (max-width: 1188px) 100vw, 1188px\" \/><figcaption id=\"caption-attachment-6638\" class=\"wp-caption-text\">Lappfj\u00e4rds \u00e5.<\/figcaption><\/figure>\n<figure id=\"attachment_6637\" aria-describedby=\"caption-attachment-6637\" style=\"width: 1185px\" class=\"wp-caption aligncenter\"><img loading=\"lazy\" decoding=\"async\" class=\"size-full wp-image-6637\" src=\"http:\/\/www.lassebacklund.fi\/wp-content\/uploads\/2017\/11\/ota295_foto_0562.jpg\" alt=\"Fotografi taget fr\u00e5n norra sidan mot kyrkan. Framf\u00f6r kyrkan Lillmangs g\u00e5rd med de 4 f\u00f6nstren och till h\u00f6ger\" width=\"1185\" height=\"687\" srcset=\"https:\/\/www.lassebacklund.fi\/wp-content\/uploads\/2017\/11\/ota295_foto_0562.jpg 1185w, https:\/\/www.lassebacklund.fi\/wp-content\/uploads\/2017\/11\/ota295_foto_0562-300x174.jpg 300w, https:\/\/www.lassebacklund.fi\/wp-content\/uploads\/2017\/11\/ota295_foto_0562-768x445.jpg 768w, https:\/\/www.lassebacklund.fi\/wp-content\/uploads\/2017\/11\/ota295_foto_0562-1024x594.jpg 1024w\" sizes=\"auto, (max-width: 1185px) 100vw, 1185px\" \/><figcaption id=\"caption-attachment-6637\" class=\"wp-caption-text\">Fotografi taget fr\u00e5n norra sidan mot kyrkan. Framf\u00f6r kyrkan Lillmangs g\u00e5rd med de 4 f\u00f6nstren och till h\u00f6ger<\/figcaption><\/figure>\n<figure id=\"attachment_6636\" aria-describedby=\"caption-attachment-6636\" style=\"width: 1200px\" class=\"wp-caption aligncenter\"><img loading=\"lazy\" decoding=\"async\" class=\"size-full wp-image-6636\" src=\"http:\/\/www.lassebacklund.fi\/wp-content\/uploads\/2017\/11\/ota295_foto_0560.jpg\" alt=\"Under krigs\u00e5ren samlade skolbarnen papper, flaskor och skrot f\u00f6r arm\u00e9ns r\u00e4kning. H\u00e4r de levererat skrot med b\u00e5de h\u00e4st och skottk\u00e4rra till Starckes lada.\" width=\"1200\" height=\"807\" srcset=\"https:\/\/www.lassebacklund.fi\/wp-content\/uploads\/2017\/11\/ota295_foto_0560.jpg 1200w, https:\/\/www.lassebacklund.fi\/wp-content\/uploads\/2017\/11\/ota295_foto_0560-300x202.jpg 300w, https:\/\/www.lassebacklund.fi\/wp-content\/uploads\/2017\/11\/ota295_foto_0560-768x516.jpg 768w, https:\/\/www.lassebacklund.fi\/wp-content\/uploads\/2017\/11\/ota295_foto_0560-1024x689.jpg 1024w\" sizes=\"auto, (max-width: 1200px) 100vw, 1200px\" \/><figcaption id=\"caption-attachment-6636\" class=\"wp-caption-text\">Under krigs\u00e5ren samlade skolbarnen papper, flaskor och skrot f\u00f6r arm\u00e9ns r\u00e4kning. H\u00e4r de levererat skrot med b\u00e5de h\u00e4st och skottk\u00e4rra till Starckes lada.<\/figcaption><\/figure>\n<figure id=\"attachment_6635\" aria-describedby=\"caption-attachment-6635\" style=\"width: 1200px\" class=\"wp-caption aligncenter\"><img loading=\"lazy\" decoding=\"async\" class=\"size-full wp-image-6635\" src=\"http:\/\/www.lassebacklund.fi\/wp-content\/uploads\/2017\/11\/ota295_foto_0559.jpg\" alt=\"Festkl\u00e4dda ungdomar utanf\u00f6r s\u00f6dra skolan.\" width=\"1200\" height=\"808\" srcset=\"https:\/\/www.lassebacklund.fi\/wp-content\/uploads\/2017\/11\/ota295_foto_0559.jpg 1200w, https:\/\/www.lassebacklund.fi\/wp-content\/uploads\/2017\/11\/ota295_foto_0559-300x202.jpg 300w, https:\/\/www.lassebacklund.fi\/wp-content\/uploads\/2017\/11\/ota295_foto_0559-768x517.jpg 768w, https:\/\/www.lassebacklund.fi\/wp-content\/uploads\/2017\/11\/ota295_foto_0559-1024x689.jpg 1024w\" sizes=\"auto, (max-width: 1200px) 100vw, 1200px\" \/><figcaption id=\"caption-attachment-6635\" class=\"wp-caption-text\">Festkl\u00e4dda ungdomar utanf\u00f6r s\u00f6dra skolan.<\/figcaption><\/figure>\n<figure id=\"attachment_6634\" aria-describedby=\"caption-attachment-6634\" style=\"width: 1200px\" class=\"wp-caption aligncenter\"><img loading=\"lazy\" decoding=\"async\" class=\"size-full wp-image-6634\" src=\"http:\/\/www.lassebacklund.fi\/wp-content\/uploads\/2017\/11\/ota295_foto_0558.jpg\" alt=\"Skolelever utanf\u00f6r s\u00f6dra folkskolan.\" width=\"1200\" height=\"809\" srcset=\"https:\/\/www.lassebacklund.fi\/wp-content\/uploads\/2017\/11\/ota295_foto_0558.jpg 1200w, https:\/\/www.lassebacklund.fi\/wp-content\/uploads\/2017\/11\/ota295_foto_0558-300x202.jpg 300w, https:\/\/www.lassebacklund.fi\/wp-content\/uploads\/2017\/11\/ota295_foto_0558-768x518.jpg 768w, https:\/\/www.lassebacklund.fi\/wp-content\/uploads\/2017\/11\/ota295_foto_0558-1024x690.jpg 1024w\" sizes=\"auto, (max-width: 1200px) 100vw, 1200px\" \/><figcaption id=\"caption-attachment-6634\" class=\"wp-caption-text\">Skolelever utanf\u00f6r s\u00f6dra folkskolan.<\/figcaption><\/figure>\n<figure id=\"attachment_6633\" aria-describedby=\"caption-attachment-6633\" style=\"width: 1200px\" class=\"wp-caption aligncenter\"><img loading=\"lazy\" decoding=\"async\" class=\"size-full wp-image-6633\" src=\"http:\/\/www.lassebacklund.fi\/wp-content\/uploads\/2017\/11\/ota295_foto_0557.jpg\" alt=\"Skoleleverna k\u00f6rde ved till skolan p\u00e5 v\u00e5rvintern 1944.\" width=\"1200\" height=\"805\" srcset=\"https:\/\/www.lassebacklund.fi\/wp-content\/uploads\/2017\/11\/ota295_foto_0557.jpg 1200w, https:\/\/www.lassebacklund.fi\/wp-content\/uploads\/2017\/11\/ota295_foto_0557-300x201.jpg 300w, https:\/\/www.lassebacklund.fi\/wp-content\/uploads\/2017\/11\/ota295_foto_0557-768x515.jpg 768w, https:\/\/www.lassebacklund.fi\/wp-content\/uploads\/2017\/11\/ota295_foto_0557-1024x687.jpg 1024w\" sizes=\"auto, (max-width: 1200px) 100vw, 1200px\" \/><figcaption id=\"caption-attachment-6633\" class=\"wp-caption-text\">Skoleleverna k\u00f6rde ved till skolan p\u00e5 v\u00e5rvintern 1944.<\/figcaption><\/figure>\n<figure id=\"attachment_6632\" aria-describedby=\"caption-attachment-6632\" style=\"width: 1200px\" class=\"wp-caption aligncenter\"><img loading=\"lazy\" decoding=\"async\" class=\"size-full wp-image-6632\" src=\"http:\/\/www.lassebacklund.fi\/wp-content\/uploads\/2017\/11\/ota295_foto_0556.jpg\" alt=\"Lottor uppst\u00e4llda vid hj\u00e4ltegravarna p\u00e5 de stupades dag.\" width=\"1200\" height=\"810\" srcset=\"https:\/\/www.lassebacklund.fi\/wp-content\/uploads\/2017\/11\/ota295_foto_0556.jpg 1200w, https:\/\/www.lassebacklund.fi\/wp-content\/uploads\/2017\/11\/ota295_foto_0556-300x203.jpg 300w, https:\/\/www.lassebacklund.fi\/wp-content\/uploads\/2017\/11\/ota295_foto_0556-768x518.jpg 768w, https:\/\/www.lassebacklund.fi\/wp-content\/uploads\/2017\/11\/ota295_foto_0556-1024x691.jpg 1024w\" sizes=\"auto, (max-width: 1200px) 100vw, 1200px\" \/><figcaption id=\"caption-attachment-6632\" class=\"wp-caption-text\">Lottor uppst\u00e4llda vid hj\u00e4ltegravarna p\u00e5 de stupades dag.<\/figcaption><\/figure>\n<figure id=\"attachment_6631\" aria-describedby=\"caption-attachment-6631\" style=\"width: 1172px\" class=\"wp-caption aligncenter\"><img loading=\"lazy\" decoding=\"async\" class=\"size-full wp-image-6631\" src=\"http:\/\/www.lassebacklund.fi\/wp-content\/uploads\/2017\/11\/ota295_foto_0284.jpg\" alt=\"Skyddsk\u00e5rister och lottor fr\u00e5n Lappfj\u00e4rd.\" width=\"1172\" height=\"761\" srcset=\"https:\/\/www.lassebacklund.fi\/wp-content\/uploads\/2017\/11\/ota295_foto_0284.jpg 1172w, https:\/\/www.lassebacklund.fi\/wp-content\/uploads\/2017\/11\/ota295_foto_0284-300x195.jpg 300w, https:\/\/www.lassebacklund.fi\/wp-content\/uploads\/2017\/11\/ota295_foto_0284-768x499.jpg 768w, https:\/\/www.lassebacklund.fi\/wp-content\/uploads\/2017\/11\/ota295_foto_0284-1024x665.jpg 1024w\" sizes=\"auto, (max-width: 1172px) 100vw, 1172px\" \/><figcaption id=\"caption-attachment-6631\" class=\"wp-caption-text\">Skyddsk\u00e5rister och lottor fr\u00e5n Lappfj\u00e4rd.<\/figcaption><\/figure>\n<p>Mera foton av Selim Bj\u00f6rses hittar du genom att klicka<a href=\"https:\/\/www.lassebacklund.fi\/?page_id=7082\"><span style=\"color: #000080;\"><strong> H\u00c4R!<\/strong><\/span><\/a><\/p>\n","protected":false},"excerpt":{"rendered":"<p>H\u00e4r n\u00e5gra av Selim Bj\u00f6rses\u00b4 fotografier tagna \u00e5ren 1944 och 1945. Eric Stens har identifierat personerna och skrivit de flesta texter. Fotografierna \u00e4r fr\u00e5n Svenska Litteraturs\u00e4llskapets arkiv i Vasa. Mera foton av Selim Bj\u00f6rses hittar du genom att klicka H\u00c4R!<\/p>\n","protected":false},"author":1,"featured_media":0,"parent":4555,"menu_order":1945,"comment_status":"closed","ping_status":"closed","template":"","meta":{"footnotes":""},"class_list":["post-6649","page","type-page","status-publish","hentry"],"_links":{"self":[{"href":"https:\/\/www.lassebacklund.fi\/index.php?rest_route=\/wp\/v2\/pages\/6649","targetHints":{"allow":["GET"]}}],"collection":[{"href":"https:\/\/www.lassebacklund.fi\/index.php?rest_route=\/wp\/v2\/pages"}],"about":[{"href":"https:\/\/www.lassebacklund.fi\/index.php?rest_route=\/wp\/v2\/types\/page"}],"author":[{"embeddable":true,"href":"https:\/\/www.lassebacklund.fi\/index.php?rest_route=\/wp\/v2\/users\/1"}],"replies":[{"embeddable":true,"href":"https:\/\/www.lassebacklund.fi\/index.php?rest_route=%2Fwp%2Fv2%2Fcomments&post=6649"}],"version-history":[{"count":2,"href":"https:\/\/www.lassebacklund.fi\/index.php?rest_route=\/wp\/v2\/pages\/6649\/revisions"}],"predecessor-version":[{"id":22772,"href":"https:\/\/www.lassebacklund.fi\/index.php?rest_route=\/wp\/v2\/pages\/6649\/revisions\/22772"}],"up":[{"embeddable":true,"href":"https:\/\/www.lassebacklund.fi\/index.php?rest_route=\/wp\/v2\/pages\/4555"}],"wp:attachment":[{"href":"https:\/\/www.lassebacklund.fi\/index.php?rest_route=%2Fwp%2Fv2%2Fmedia&parent=6649"}],"curies":[{"name":"wp","href":"https:\/\/api.w.org\/{rel}","templated":true}]}}