{"id":6478,"date":"2017-11-09T18:03:45","date_gmt":"2017-11-09T17:03:45","guid":{"rendered":"http:\/\/www.lassebacklund.fi\/?page_id=6478"},"modified":"2017-11-09T18:06:12","modified_gmt":"2017-11-09T17:06:12","slug":"paavo-talvela-berattar-om-intagningen","status":"publish","type":"page","link":"https:\/\/www.lassebacklund.fi\/?page_id=6478","title":{"rendered":"Paavo Talvela ber\u00e4ttar om intagningen."},"content":{"rendered":"<p>Paavo Talvela som ledde de skyddsk\u00e5rsstyrkor som den 31 januari 1918 fr\u00e5n Lappfj\u00e4rdsh\u00e5llet skulle inta Kristinestad, ber\u00e4ttar h\u00e4r p\u00e5 finska hur det hela gick till. Hans ber\u00e4ttelse finns i det lokalhistoriska arkivet i Kristinestad:<\/p>\n<p><img loading=\"lazy\" decoding=\"async\" class=\"alignnone size-full wp-image-6470\" src=\"http:\/\/www.lassebacklund.fi\/wp-content\/uploads\/2017\/11\/112.jpg\" alt=\"112\" width=\"766\" height=\"1122\" srcset=\"https:\/\/www.lassebacklund.fi\/wp-content\/uploads\/2017\/11\/112.jpg 766w, https:\/\/www.lassebacklund.fi\/wp-content\/uploads\/2017\/11\/112-205x300.jpg 205w, https:\/\/www.lassebacklund.fi\/wp-content\/uploads\/2017\/11\/112-699x1024.jpg 699w\" sizes=\"auto, (max-width: 766px) 100vw, 766px\" \/><\/p>\n<p><img loading=\"lazy\" decoding=\"async\" class=\"alignnone size-full wp-image-6471\" src=\"http:\/\/www.lassebacklund.fi\/wp-content\/uploads\/2017\/11\/113.jpg\" alt=\"113\" width=\"692\" height=\"1068\" srcset=\"https:\/\/www.lassebacklund.fi\/wp-content\/uploads\/2017\/11\/113.jpg 692w, https:\/\/www.lassebacklund.fi\/wp-content\/uploads\/2017\/11\/113-194x300.jpg 194w, https:\/\/www.lassebacklund.fi\/wp-content\/uploads\/2017\/11\/113-663x1024.jpg 663w\" sizes=\"auto, (max-width: 692px) 100vw, 692px\" \/><\/p>\n<p><img loading=\"lazy\" decoding=\"async\" class=\"alignnone size-full wp-image-6472\" src=\"http:\/\/www.lassebacklund.fi\/wp-content\/uploads\/2017\/11\/114.jpg\" alt=\"114\" width=\"833\" height=\"1239\" srcset=\"https:\/\/www.lassebacklund.fi\/wp-content\/uploads\/2017\/11\/114.jpg 833w, https:\/\/www.lassebacklund.fi\/wp-content\/uploads\/2017\/11\/114-202x300.jpg 202w, https:\/\/www.lassebacklund.fi\/wp-content\/uploads\/2017\/11\/114-768x1142.jpg 768w, https:\/\/www.lassebacklund.fi\/wp-content\/uploads\/2017\/11\/114-688x1024.jpg 688w\" sizes=\"auto, (max-width: 833px) 100vw, 833px\" \/><\/p>\n<p><img loading=\"lazy\" decoding=\"async\" class=\"alignnone size-full wp-image-6473\" src=\"http:\/\/www.lassebacklund.fi\/wp-content\/uploads\/2017\/11\/115.jpg\" alt=\"115\" width=\"808\" height=\"1230\" srcset=\"https:\/\/www.lassebacklund.fi\/wp-content\/uploads\/2017\/11\/115.jpg 808w, https:\/\/www.lassebacklund.fi\/wp-content\/uploads\/2017\/11\/115-197x300.jpg 197w, https:\/\/www.lassebacklund.fi\/wp-content\/uploads\/2017\/11\/115-768x1169.jpg 768w, https:\/\/www.lassebacklund.fi\/wp-content\/uploads\/2017\/11\/115-673x1024.jpg 673w\" sizes=\"auto, (max-width: 808px) 100vw, 808px\" \/><\/p>\n<p><img loading=\"lazy\" decoding=\"async\" class=\"alignnone size-full wp-image-6474\" src=\"http:\/\/www.lassebacklund.fi\/wp-content\/uploads\/2017\/11\/116.jpg\" alt=\"116\" width=\"778\" height=\"1174\" srcset=\"https:\/\/www.lassebacklund.fi\/wp-content\/uploads\/2017\/11\/116.jpg 778w, https:\/\/www.lassebacklund.fi\/wp-content\/uploads\/2017\/11\/116-199x300.jpg 199w, https:\/\/www.lassebacklund.fi\/wp-content\/uploads\/2017\/11\/116-768x1159.jpg 768w, https:\/\/www.lassebacklund.fi\/wp-content\/uploads\/2017\/11\/116-679x1024.jpg 679w\" sizes=\"auto, (max-width: 778px) 100vw, 778px\" \/><\/p>\n<p><img loading=\"lazy\" decoding=\"async\" class=\"alignnone size-full wp-image-6475\" src=\"http:\/\/www.lassebacklund.fi\/wp-content\/uploads\/2017\/11\/117.jpg\" alt=\"117\" width=\"779\" height=\"1166\" srcset=\"https:\/\/www.lassebacklund.fi\/wp-content\/uploads\/2017\/11\/117.jpg 779w, https:\/\/www.lassebacklund.fi\/wp-content\/uploads\/2017\/11\/117-200x300.jpg 200w, https:\/\/www.lassebacklund.fi\/wp-content\/uploads\/2017\/11\/117-768x1150.jpg 768w, https:\/\/www.lassebacklund.fi\/wp-content\/uploads\/2017\/11\/117-684x1024.jpg 684w\" sizes=\"auto, (max-width: 779px) 100vw, 779px\" \/><\/p>\n<p><img loading=\"lazy\" decoding=\"async\" class=\"alignnone size-full wp-image-6476\" src=\"http:\/\/www.lassebacklund.fi\/wp-content\/uploads\/2017\/11\/118.jpg\" alt=\"118\" width=\"822\" height=\"1261\" srcset=\"https:\/\/www.lassebacklund.fi\/wp-content\/uploads\/2017\/11\/118.jpg 822w, https:\/\/www.lassebacklund.fi\/wp-content\/uploads\/2017\/11\/118-196x300.jpg 196w, https:\/\/www.lassebacklund.fi\/wp-content\/uploads\/2017\/11\/118-768x1178.jpg 768w, https:\/\/www.lassebacklund.fi\/wp-content\/uploads\/2017\/11\/118-668x1024.jpg 668w\" sizes=\"auto, (max-width: 822px) 100vw, 822px\" \/><\/p>\n<p><img loading=\"lazy\" decoding=\"async\" class=\"alignnone size-full wp-image-6477\" src=\"http:\/\/www.lassebacklund.fi\/wp-content\/uploads\/2017\/11\/119.jpg\" alt=\"119\" width=\"778\" height=\"1164\" srcset=\"https:\/\/www.lassebacklund.fi\/wp-content\/uploads\/2017\/11\/119.jpg 778w, https:\/\/www.lassebacklund.fi\/wp-content\/uploads\/2017\/11\/119-201x300.jpg 201w, https:\/\/www.lassebacklund.fi\/wp-content\/uploads\/2017\/11\/119-768x1149.jpg 768w, https:\/\/www.lassebacklund.fi\/wp-content\/uploads\/2017\/11\/119-684x1024.jpg 684w\" sizes=\"auto, (max-width: 778px) 100vw, 778px\" \/><\/p>\n","protected":false},"excerpt":{"rendered":"<p>Paavo Talvela som ledde de skyddsk\u00e5rsstyrkor som den 31 januari 1918 fr\u00e5n Lappfj\u00e4rdsh\u00e5llet skulle inta Kristinestad, ber\u00e4ttar h\u00e4r p\u00e5 finska hur det hela gick till. Hans ber\u00e4ttelse finns i det lokalhistoriska arkivet i Kristinestad:<\/p>\n","protected":false},"author":1,"featured_media":0,"parent":3747,"menu_order":0,"comment_status":"closed","ping_status":"closed","template":"","meta":{"footnotes":""},"class_list":["post-6478","page","type-page","status-publish","hentry"],"_links":{"self":[{"href":"https:\/\/www.lassebacklund.fi\/index.php?rest_route=\/wp\/v2\/pages\/6478","targetHints":{"allow":["GET"]}}],"collection":[{"href":"https:\/\/www.lassebacklund.fi\/index.php?rest_route=\/wp\/v2\/pages"}],"about":[{"href":"https:\/\/www.lassebacklund.fi\/index.php?rest_route=\/wp\/v2\/types\/page"}],"author":[{"embeddable":true,"href":"https:\/\/www.lassebacklund.fi\/index.php?rest_route=\/wp\/v2\/users\/1"}],"replies":[{"embeddable":true,"href":"https:\/\/www.lassebacklund.fi\/index.php?rest_route=%2Fwp%2Fv2%2Fcomments&post=6478"}],"version-history":[{"count":2,"href":"https:\/\/www.lassebacklund.fi\/index.php?rest_route=\/wp\/v2\/pages\/6478\/revisions"}],"predecessor-version":[{"id":6480,"href":"https:\/\/www.lassebacklund.fi\/index.php?rest_route=\/wp\/v2\/pages\/6478\/revisions\/6480"}],"up":[{"embeddable":true,"href":"https:\/\/www.lassebacklund.fi\/index.php?rest_route=\/wp\/v2\/pages\/3747"}],"wp:attachment":[{"href":"https:\/\/www.lassebacklund.fi\/index.php?rest_route=%2Fwp%2Fv2%2Fmedia&parent=6478"}],"curies":[{"name":"wp","href":"https:\/\/api.w.org\/{rel}","templated":true}]}}