{"id":6443,"date":"2017-11-06T18:06:42","date_gmt":"2017-11-06T17:06:42","guid":{"rendered":"http:\/\/www.lassebacklund.fi\/?page_id=6443"},"modified":"2024-10-13T09:52:13","modified_gmt":"2024-10-13T06:52:13","slug":"anna-rogel-med-slaktingar-i-dagsmark","status":"publish","type":"page","link":"https:\/\/www.lassebacklund.fi\/?page_id=6443","title":{"rendered":"Anna Rogel, med sl\u00e4ktingar i Dagsmark."},"content":{"rendered":"<p><span style=\"color: #000080;\">Nedtecknat av Lasse Backlund i november 2017, med hj\u00e4lp av Erkki Hietaniemis uppgifter och av Rogel-sukuseura. Vill du l\u00e4sa mera om sl\u00e4kten Rogel, klicka d\u00e5 <span style=\"text-decoration: underline;\"><strong><a href=\"http:\/\/www.rogelsukuseura.fi\/index.php\">H\u00c4R!<\/a><\/strong><\/span><\/span><\/p>\n<p>Anna Michelsdotter Rogel f\u00f6ddes i Alakyl\u00e4 i Sastmola 1751 och hon \u00e4r mest k\u00e4nd f\u00f6r att hon under sin sjuka tid lyckades skapa en v\u00e4ckelser\u00f6relse som sedan spred sig i Finland och till och med \u00f6ver till Sverige. Hon blev allvarligt sjuk i 19-\u00e5rs \u00e5lder och blev s\u00e4ngliggande f\u00f6r resten av sitt liv. Ett halv\u00e5r efter att hon hade insjuknat b\u00f6rjade hon i jultiden 1770 predika h\u00f6gt, trots att hon var s\u00e5 gott som medvetsl\u00f6s eller \u00e5tminstone sov djupt. Sastmola var vid denna tid en tv\u00e5spr\u00e5kig ort och hon predikade p\u00e5 b\u00e5de svenska och finska och detta v\u00e4ckte stor f\u00f6rundran bland de som h\u00f6rde detta.<\/p>\n<p>Carl Fredrik Mennander som var biskop i \u00c5bo uppmanade \u00e5r 1774 kyrkoherde Eneberg i Sastmola att noggrant notera vad denna Anna talade om och sedan ge detaljerade och eventuella kopplingar till domkapitlet i \u00c5bo. Det visade sig att Annas s\u00f6mnpredikningar och f\u00f6rkunnelser \u00f6verensst\u00e4mde med det som de kristna f\u00f6rkunnade, vilket betydde att hennes predikningar inte beh\u00f6vde hindras p\u00e5 n\u00e5got s\u00e4tt.<\/p>\n<p>Anna Rogels predikningar r\u00f6nte ett stort intresse och \u00e5h\u00f6rare anl\u00e4nde till Sastmola fr\u00e5n hela Satakunda och fr\u00e5n Syd\u00f6sterbotten. I b\u00e4sta fall kunde upp till tusen personer n\u00e4rvara vid hennes predikningar.<\/p>\n<p>S\u00f6mnpredikningarna p\u00e5verkade m\u00e4nniskorna mycket starkt och hon betonade Guds k\u00e4rlek och barmh\u00e4rtighet. Mellan predikningar sj\u00f6ng hon ocks\u00e5 sina egna s\u00e5nger och alltsammans slutade med att hon v\u00e4lsignade och bad f\u00f6r alla kristna m\u00e4nniskor, f\u00f6r kungen och f\u00f6r pr\u00e4sterna.<\/p>\n<p>\u00c5r 1774 f\u00f6rdes Anna Rogel till handlanden Johan Bladh i Vasa och m\u00f6jligtvis ocks\u00e5 till Ume\u00e5 f\u00f6r v\u00e5rd men Anna f\u00f6rblev s\u00e4ngliggande livet ut. Vid utredningar \u00f6ver v\u00e4ckelsepredikanter fr\u00e5n H\u00e4lsningland i Sverige finns i arkiven anteckningar att Anna skulle ha predikat f\u00f6r dem men det kan ocks\u00e5 vara s\u00e5 att \u00e5h\u00f6rare d\u00e4rifr\u00e5n m\u00f6jligtvis hade bes\u00f6kt henne i Finland.<\/p>\n<p>Av de brev som prosten Eneberg skickade till domkapitlet i \u00c5bo framg\u00e5r att Anna i unga \u00e5r var tystl\u00e5ten, som inte pratade med andra barn utan ville vara f\u00f6r sig sj\u00e4lv. D\u00e5 hon l\u00e4rde sig att l\u00e4sa, s\u00e5 l\u00e4rde hon sig katekesen utantill och i skriftskolan var hon den b\u00e4sta eleven i kristendomskunskap.<\/p>\n<p>Annas minne lever fortfarande i v\u00e4ckelser\u00f6relserna i v\u00e4stra Finland. Trots att Anna p\u00e5stod att efter hon vaknat ur sin dvala inte hade n\u00e5got minne alls av predningarna, s\u00e5 visar anteckningarna att predikningarna varit noggranna och djupg\u00e5ende. Eneberg som ofta bes\u00f6kte Anna intygar att hon inte pratade i s\u00f6mnen, sladdrade eller s\u00e5g syner.<\/p>\n<p>Anna Rogel l\u00e5g sjuk i 14 \u00e5r och 2 m\u00e5nader och hon dog \u00e5r 1784 i 32 \u00e5rs \u00e5lder, ogift och barnl\u00f6s. Sl\u00e4kten Rogel \u00e4r i dag spridd och det finns mer \u00e4n 30\u00a0000 \u00e4ttlingar.<\/p>\n<p>Vill du l\u00e4sa mera om Anna Rogel, s\u00e5 finns det en l\u00e5ng historik skriven p\u00e5 finska, det \u00e4r bara att klicka <a href=\"http:\/\/www.rogelsukuseura.fi\/index.php?m=sivu&amp;pid=18\"><span style=\"text-decoration: underline;\"><span style=\"color: #000080;\"><strong>H\u00c4R!<\/strong><\/span><\/span><\/a><\/p>\n<figure id=\"attachment_12737\" aria-describedby=\"caption-attachment-12737\" style=\"width: 4032px\" class=\"wp-caption alignnone\"><img loading=\"lazy\" decoding=\"async\" class=\"size-full wp-image-12737\" src=\"http:\/\/www.lassebacklund.fi\/wp-content\/uploads\/2019\/06\/Anna-Rogels-minnessten-i-Merikarvia.jpg\" alt=\"\" width=\"4032\" height=\"3024\" srcset=\"https:\/\/www.lassebacklund.fi\/wp-content\/uploads\/2019\/06\/Anna-Rogels-minnessten-i-Merikarvia.jpg 4032w, https:\/\/www.lassebacklund.fi\/wp-content\/uploads\/2019\/06\/Anna-Rogels-minnessten-i-Merikarvia-300x225.jpg 300w, https:\/\/www.lassebacklund.fi\/wp-content\/uploads\/2019\/06\/Anna-Rogels-minnessten-i-Merikarvia-768x576.jpg 768w, https:\/\/www.lassebacklund.fi\/wp-content\/uploads\/2019\/06\/Anna-Rogels-minnessten-i-Merikarvia-1024x768.jpg 1024w\" sizes=\"auto, (max-width: 4032px) 100vw, 4032px\" \/><figcaption id=\"caption-attachment-12737\" class=\"wp-caption-text\">3 km s\u00f6der om Merikarvia st\u00e5r minnesm\u00e4rket efter Anna Rogel. Fotot fr\u00e5n juni 2019.<\/figcaption><\/figure>\n<h3><strong>Anna Rogels sl\u00e4kt i Dagsmark.<\/strong><\/h3>\n<p>Men vem var denna <strong>Anna Michelsdotter Rogel<\/strong>, som har s\u00e5 m\u00e5nga sl\u00e4ktingar i Dagsmark? Som sagt s\u00e5 f\u00f6ddes hon i Sastmola 1751 och var dotter till bonden p\u00e5 Rogel hemman <strong>Michel Henriksson<\/strong> (Mikko Heikinpoika) f\u00f6dd 1676, d\u00f6d 1763. Fadern Michel Henriksson upplevde Stora ofreden d\u00e5 ryssarna under \u00e5ren 1714-1721 ockuperade Finland. Ryssarna r\u00f6vade och h\u00e4rjade och visade en grymhet, som vi idag inte kan f\u00f6rst\u00e5. Flera personer f\u00f6rdes bort till Ryssland i f\u00e5ngenskap, g\u00e5rdar br\u00e4ndes och egendomar sk\u00f6vlades. Kyrkoherden i Sastmola d\u00f6dades 1716 och en ny fick de f\u00f6rst 1721 d\u00e5 ryssarna hade gett sig av.<\/p>\n<p>Michel Henriksson Rogel var son till <strong>Henrik Michelsson Rogel<\/strong>, som f\u00f6ddes ungef\u00e4r 1642 i Vanhakyl\u00e4 i Stor\u00e5. Henrik Michelsson i sin tur var son till <strong>Michel Sigfridsson<\/strong> (Mikko Sipinpoika) som var gift med <strong>Margheta Mattsdotter<\/strong> (Marketta Matintyt\u00e4r).<\/p>\n<p>Denna Margetha, som allts\u00e5 var Anna Rogels farfars mor, var syster till J\u00f6ran Mattsson som tog \u00f6ver Storkulls hemman. Hon var ocks\u00e5 syster till Bertil Mattsson som \u00f6vertog \u00f6dehemmanet L\u00e5ng och till Walborg Mattsdotter som blev nybyggare p\u00e5 hemmanet Finne eller Rosenback, samtliga hemman i Dagsmark. En senare sl\u00e4kting blev sedan nybyggare p\u00e5 Lillsj\u00f6 hemman.<\/p>\n","protected":false},"excerpt":{"rendered":"<p>Nedtecknat av Lasse Backlund i november 2017, med hj\u00e4lp av Erkki Hietaniemis uppgifter och av Rogel-sukuseura. Vill du l\u00e4sa mera om sl\u00e4kten Rogel, klicka d\u00e5 H\u00c4R! Anna Michelsdotter Rogel f\u00f6ddes i Alakyl\u00e4 i Sastmola 1751 och hon \u00e4r mest k\u00e4nd <a class=\"more-link\" href=\"https:\/\/www.lassebacklund.fi\/?page_id=6443\">Forts\u00e4tt l\u00e4sa <span class=\"screen-reader-text\">  Anna Rogel, med sl\u00e4ktingar i Dagsmark.<\/span><span class=\"meta-nav\">&rarr;<\/span><\/a><\/p>\n","protected":false},"author":1,"featured_media":0,"parent":19,"menu_order":250,"comment_status":"closed","ping_status":"closed","template":"","meta":{"footnotes":""},"class_list":["post-6443","page","type-page","status-publish","hentry"],"_links":{"self":[{"href":"https:\/\/www.lassebacklund.fi\/index.php?rest_route=\/wp\/v2\/pages\/6443","targetHints":{"allow":["GET"]}}],"collection":[{"href":"https:\/\/www.lassebacklund.fi\/index.php?rest_route=\/wp\/v2\/pages"}],"about":[{"href":"https:\/\/www.lassebacklund.fi\/index.php?rest_route=\/wp\/v2\/types\/page"}],"author":[{"embeddable":true,"href":"https:\/\/www.lassebacklund.fi\/index.php?rest_route=\/wp\/v2\/users\/1"}],"replies":[{"embeddable":true,"href":"https:\/\/www.lassebacklund.fi\/index.php?rest_route=%2Fwp%2Fv2%2Fcomments&post=6443"}],"version-history":[{"count":8,"href":"https:\/\/www.lassebacklund.fi\/index.php?rest_route=\/wp\/v2\/pages\/6443\/revisions"}],"predecessor-version":[{"id":23232,"href":"https:\/\/www.lassebacklund.fi\/index.php?rest_route=\/wp\/v2\/pages\/6443\/revisions\/23232"}],"up":[{"embeddable":true,"href":"https:\/\/www.lassebacklund.fi\/index.php?rest_route=\/wp\/v2\/pages\/19"}],"wp:attachment":[{"href":"https:\/\/www.lassebacklund.fi\/index.php?rest_route=%2Fwp%2Fv2%2Fmedia&parent=6443"}],"curies":[{"name":"wp","href":"https:\/\/api.w.org\/{rel}","templated":true}]}}