{"id":6377,"date":"2017-10-28T21:53:07","date_gmt":"2017-10-28T19:53:07","guid":{"rendered":"http:\/\/www.lassebacklund.fi\/?page_id=6377"},"modified":"2017-10-28T21:53:07","modified_gmt":"2017-10-28T19:53:07","slug":"offervillighet-i-lappfjard","status":"publish","type":"page","link":"https:\/\/www.lassebacklund.fi\/?page_id=6377","title":{"rendered":"Offervillighet i Lappfj\u00e4rd."},"content":{"rendered":"<p><span style=\"color: #000080;\">Artikel i tidningen Samarbetet 1.7.1915, skriven av signaturen &#8221;Lappfj\u00e4rding&#8221;:<\/span><\/p>\n<p>F\u00e5 \u00e4r de handelslag, som startat mera olyckligt \u00e4n Lappfj\u00e4rd Andelshandel. Den f\u00f6rsta handelsf\u00f6rest\u00e5ndaren var en od\u00e5ga med storhetsvansinne, om man d\u00f6mer honom efter resultatet av vad han hann \u00e5stadkomma, innan han l\u00e4mnade aff\u00e4ren. Och dock fanns det f\u00f6ruts\u00e4ttningar f\u00f6r att en andelshandel skulle l\u00f6na sig. Orten \u00e4r t\u00e4tt befolkad och \u00e5rsoms\u00e4ttningen steg redan till 80,000: \u2014 mk. Men hela sk\u00f6tseln var fr\u00e5n b\u00f6rjan alldeles p\u00e5 tok. F\u00f6rest\u00e5ndaren k\u00f6pte varor ideligen utan ber\u00e4kning p\u00e5 att kunna oms\u00e4tta dem \u00e5ter i penningar. V\u00e4rdet av de varor, som vid en inventering fanns p\u00e5 lager, steg till mer \u00e4n Fmk. 60,000: \u2014.<\/p>\n<p>Dessutom fanns s\u00e5som tillg\u00e5ngar \u00e5tskilliga tusen mark i utest\u00e5ende fordringar. Den naturligaste f\u00f6ljden av allt blev en tillbakag\u00e5ng. Centrallagets instrukt\u00f6rer r\u00e5dde till st\u00f6rre f\u00f6rsiktighet vid ink\u00f6pen, minskning av det onaturligt stora varulagret och upph\u00f6rande med all kredithandel. Styrelsen f\u00f6rs\u00f6kte sitt b\u00e4sta men var vid inventeringarna alltf\u00f6r f\u00f6rsiktig i hopp om b\u00e4ttre tider. Man gjorde ej tillr\u00e4ckliga avskrivningar av fruktan f\u00f6r att ett mycket d\u00e5ligt resultat helt och h\u00e5llet skulle avskr\u00e4cka medlemmar och kunder fr\u00e5n aff\u00e4ren. D\u00e4rf\u00f6r har 5 \u00e1 6 \u00e5r som tillg\u00e5ngar upptagits stora belopp, som hade bort helt och h\u00e5llet avskrivas.<\/p>\n<p>Vid senaste \u00e5rsskifte synes dock andelshandeln ha kommit till en v\u00e4ndpunkt. Alla tidigare fonder ha emellertid redan anv\u00e4nts till t\u00e4ckande av f\u00f6rlusterna och dessutom \u00e5terst\u00e5r en obet\u00e4ckt f\u00f6rlust uppg\u00e5ende till Fmk. 622: \u2014. P\u00e5 v\u00e5rst\u00e4mman upptogs till diskusson fr\u00e5gan om andelslagets vara eller icke vara. Och man tycktes ha gott hopp. S\u00e5 l\u00e4nge hopp finns lever den sjuke, lyder ju ordst\u00e4vet. Styrelsemedlemmarna yrkade nu liksom m\u00e5ngen g\u00e5ng tidigare p\u00e5 ett forts\u00e4ttande av aff\u00e4rsr\u00f6relsen. De f\u00f6rband sig dessutom j\u00e4mte n\u00e5gra andra medlemmar att \u00e5t handelslaget ge ett 5,000: \u2014 mk stort l\u00e5n utan r\u00e4nta mot inteckning i andelshandelns skog. Detta l\u00e5nebelopp erlades redan i maj. L\u00f6nerna har \u00e4venledes minskats med 20: \u2014 mk per m\u00e5nad. S\u00e5lunda erh\u00e5ller andelslaget en besparing p\u00e5 mer \u00e4n 500: \u2014 mk \u00e5rligen. Envar f\u00f6rst\u00e5r att \u00e5tg\u00e4rder som dessa har stor betydelse. Att hoppas \u00e4r ocks\u00e5 att medlemmarna ih\u00e5gkomma att om i en framtid andelslaget blir starkare dessa g\u00e4rningar icke bli obel\u00f6nade. Vid senaste halv\u00e5rsskifte f\u00f6retogs inventering och resultatet visade redan nu, oaktat normala avskrivningar gjorts, en vinst uppg\u00e5ende till cirka 500: \u2014 mk. V\u00e4rdet av varulagret b\u00f6rjar n\u00e4rma sig det normala och utg\u00f6r f\u00f6r n\u00e4rvarande 15,000: \u2014 s\u00e5ledes blott en fj\u00e4rdedel av vad det var f\u00f6r n\u00e5gra \u00e5r tillbaka. Utest\u00e5ende fordringar uppg\u00e5r nu till n\u00e5got \u00f6ver 1,000: \u2014 mk, ty kredithandeln \u00e4r i det n\u00e4rmaste avskaffad. Handelslaget \u00e4r nu liksom p\u00e5nyttf\u00f6tt och kan med st\u00f6rre f\u00f6rhoppningar arbeta i en framtid. Det g\u00e4ller numera att \u00e5ter \u00bbkomma i ropet\u00bb, vinna en st\u00f6rre medlems- och kundkrets och s\u00e5lunda sm\u00e5ningom komma till en st\u00f6rre oms\u00e4ttning, ty \u00e4ven denna har nedg\u00e5tt med cirka 30,000: \u2014 och utgjorde f\u00f6r \u00e5r 1914 endast 49,000: \u2014.<\/p>\n<p>Lappfj\u00e4rding.<\/p>\n","protected":false},"excerpt":{"rendered":"<p>Artikel i tidningen Samarbetet 1.7.1915, skriven av signaturen &#8221;Lappfj\u00e4rding&#8221;: F\u00e5 \u00e4r de handelslag, som startat mera olyckligt \u00e4n Lappfj\u00e4rd Andelshandel. Den f\u00f6rsta handelsf\u00f6rest\u00e5ndaren var en od\u00e5ga med storhetsvansinne, om man d\u00f6mer honom efter resultatet av vad han hann \u00e5stadkomma, innan <a class=\"more-link\" href=\"https:\/\/www.lassebacklund.fi\/?page_id=6377\">Forts\u00e4tt l\u00e4sa <span class=\"screen-reader-text\">  Offervillighet i Lappfj\u00e4rd.<\/span><span class=\"meta-nav\">&rarr;<\/span><\/a><\/p>\n","protected":false},"author":1,"featured_media":0,"parent":1417,"menu_order":0,"comment_status":"closed","ping_status":"closed","template":"","meta":{"footnotes":""},"class_list":["post-6377","page","type-page","status-publish","hentry"],"_links":{"self":[{"href":"https:\/\/www.lassebacklund.fi\/index.php?rest_route=\/wp\/v2\/pages\/6377","targetHints":{"allow":["GET"]}}],"collection":[{"href":"https:\/\/www.lassebacklund.fi\/index.php?rest_route=\/wp\/v2\/pages"}],"about":[{"href":"https:\/\/www.lassebacklund.fi\/index.php?rest_route=\/wp\/v2\/types\/page"}],"author":[{"embeddable":true,"href":"https:\/\/www.lassebacklund.fi\/index.php?rest_route=\/wp\/v2\/users\/1"}],"replies":[{"embeddable":true,"href":"https:\/\/www.lassebacklund.fi\/index.php?rest_route=%2Fwp%2Fv2%2Fcomments&post=6377"}],"version-history":[{"count":1,"href":"https:\/\/www.lassebacklund.fi\/index.php?rest_route=\/wp\/v2\/pages\/6377\/revisions"}],"predecessor-version":[{"id":6378,"href":"https:\/\/www.lassebacklund.fi\/index.php?rest_route=\/wp\/v2\/pages\/6377\/revisions\/6378"}],"up":[{"embeddable":true,"href":"https:\/\/www.lassebacklund.fi\/index.php?rest_route=\/wp\/v2\/pages\/1417"}],"wp:attachment":[{"href":"https:\/\/www.lassebacklund.fi\/index.php?rest_route=%2Fwp%2Fv2%2Fmedia&parent=6377"}],"curies":[{"name":"wp","href":"https:\/\/api.w.org\/{rel}","templated":true}]}}