{"id":6356,"date":"2017-10-27T22:33:25","date_gmt":"2017-10-27T20:33:25","guid":{"rendered":"http:\/\/www.lassebacklund.fi\/?page_id=6356"},"modified":"2023-08-11T23:25:51","modified_gmt":"2023-08-11T20:25:51","slug":"estlanders-berattelser","status":"publish","type":"page","link":"https:\/\/www.lassebacklund.fi\/?page_id=6356","title":{"rendered":"Estlanders ber\u00e4ttelser."},"content":{"rendered":"<p>Carl Gustaf Estlander f\u00f6ddes i Lappfj\u00e4rd 1834 och han var son till kyrkoherden Jakob Johan Estlander och Maria Elisabet Rislachius, som var pr\u00e4stdotter fr\u00e5n Nedervetil. Carl Gustaf var professor i litteratur i Helsingfors och han skrev m\u00e5nga b\u00f6cker med vitt skilda \u00e4mnen. \u00c5r 1876 grundade han tidskriften &#8221;Finsk Tidskrift&#8221; som allts\u00e5 \u00e4r en av de \u00e4ldsta tidskrifter i Finland som fortfarande utkommer. Carl Gustaf var den ledande personen d\u00e5 &#8221;Svenska litteraturs\u00e4llskapet&#8221; grundades 1885, allts\u00e5 det s\u00e4llskap som i dag f\u00f6rvaltar stora fonder, s\u00e5som Svenska kulturfonden och Frans Henriksons fond.<\/p>\n<p>Om du vill l\u00e4sa vad tidningarna skrev om C.G. Estlander p\u00e5 hans \u00e5lders h\u00f6st och efter hans d\u00f6d, s\u00e5 klicka <a href=\"http:\/\/www.lassebacklund.fi\/?page_id=6405\"><span style=\"text-decoration: underline;\"><span style=\"color: #000080; text-decoration: underline;\"><strong>H\u00c4R!<\/strong><\/span><\/span><\/a> I sina ungdomsminnen har han skrivit om m\u00e5nga h\u00e4ndelser i hemtrakterna i Lappfj\u00e4rd och det \u00e4r bara att klicka p\u00e5 n\u00e5gon l\u00e4mplig knapp h\u00e4r under, s\u00e5 kan du ta del av hans ber\u00e4ttelser.<\/p>\n<h6><a class=\"fasc-button fasc-size-medium fasc-type-glossy fasc-rounded-medium\" style=\"background-color: #33809e; color: #ffffff;\" href=\"http:\/\/www.lassebacklund.fi\/?page_id=6431\">Barndom och hembygd<\/a><\/h6>\n<h6><a class=\"fasc-button fasc-size-medium fasc-type-glossy fasc-rounded-medium\" style=\"background-color: #33809e; color: #ffffff;\" href=\"http:\/\/www.lassebacklund.fi\/?page_id=6424\">I skolan i Wasa<\/a><\/h6>\n<h6><a class=\"fasc-button fasc-size-medium fasc-type-glossy fasc-rounded-medium\" style=\"background-color: #33809e; color: #ffffff;\" href=\"http:\/\/www.lassebacklund.fi\/?page_id=6421\">P\u00e5 gymnasiet<\/a><\/h6>\n<h6><a class=\"fasc-button fasc-size-medium fasc-type-glossy fasc-rounded-medium\" style=\"background-color: #33809e; color: #ffffff;\" href=\"http:\/\/www.lassebacklund.fi\/?page_id=6401\">S\u00e4gner om Finska kriget 1808-09<\/a><\/h6>\n<h6><a class=\"fasc-button fasc-size-medium fasc-type-glossy fasc-rounded-medium\" style=\"background-color: #33809e; color: #ffffff;\" href=\"http:\/\/www.lassebacklund.fi\/?page_id=6358\">N\u00e4r prostg\u00e5rden brann och den nya kyrkan byggdes<\/a><\/h6>\n<h6><a class=\"fasc-button fasc-size-medium fasc-type-glossy fasc-rounded-medium\" style=\"background-color: #33809e; color: #ffffff;\" href=\"http:\/\/www.lassebacklund.fi\/?page_id=6381\">Kattpojken<\/a><\/h6>\n<h6><a class=\"fasc-button fasc-size-medium fasc-type-glossy fasc-rounded-medium\" style=\"background-color: #33809e; color: #ffffff;\" href=\"http:\/\/www.lassebacklund.fi\/?page_id=6438\">Mina f\u00f6rsta student\u00e5r, avsnitt 6<\/a><\/h6>\n<h6><a class=\"fasc-button fasc-size-medium fasc-type-glossy fasc-rounded-medium\" style=\"background-color: #33809e; color: #ffffff;\" href=\"http:\/\/www.lassebacklund.fi\/?page_id=6492\">Julkorset och andra julminnen<\/a><\/h6>\n<h6><a class=\"fasc-button fasc-size-medium fasc-type-glossy fasc-rounded-medium\" style=\"background-color: #33809e; color: #ffffff;\" href=\"http:\/\/www.lassebacklund.fi\/?page_id=6435\">Ungdomsminnen, avsnitt 8<\/a><\/h6>\n<p><a class=\"fasc-button fasc-size-medium fasc-type-glossy fasc-rounded-medium\" style=\"background-color: #33809e; color: #ffffff;\" href=\"http:\/\/www.lassebacklund.fi\/?page_id=6495\">Krigsminnen fr\u00e5n kriget 1854<\/a><\/p>\n<p><a class=\"fasc-button fasc-size-medium fasc-type-glossy fasc-rounded-medium\" style=\"background-color: #33809e; color: #ffffff;\" href=\"http:\/\/www.lassebacklund.fi\/?page_id=6743\">En av de f\u00f6rlorade i v\u00e5r konst<\/a><\/p>\n<figure id=\"attachment_6355\" aria-describedby=\"caption-attachment-6355\" style=\"width: 250px\" class=\"wp-caption aligncenter\"><img loading=\"lazy\" decoding=\"async\" class=\"size-full wp-image-6355\" src=\"http:\/\/www.lassebacklund.fi\/wp-content\/uploads\/2017\/10\/Carl_Gustaf_Estlander_1834-1910.jpg\" alt=\"H\u00e4r pr\u00e4stsonen Carl Gustaf Estlander (1834-1910) i yngre \u00e5r.\" width=\"250\" height=\"389\" srcset=\"https:\/\/www.lassebacklund.fi\/wp-content\/uploads\/2017\/10\/Carl_Gustaf_Estlander_1834-1910.jpg 250w, https:\/\/www.lassebacklund.fi\/wp-content\/uploads\/2017\/10\/Carl_Gustaf_Estlander_1834-1910-193x300.jpg 193w\" sizes=\"auto, (max-width: 250px) 100vw, 250px\" \/><figcaption id=\"caption-attachment-6355\" class=\"wp-caption-text\">Pr\u00e4stsonen Carl Gustaf Estlander (1834-1910) i yngre \u00e5r.<\/figcaption><\/figure>\n<figure id=\"attachment_6370\" aria-describedby=\"caption-attachment-6370\" style=\"width: 530px\" class=\"wp-caption aligncenter\"><img loading=\"lazy\" decoding=\"async\" class=\"size-full wp-image-6370\" src=\"http:\/\/www.lassebacklund.fi\/wp-content\/uploads\/2017\/10\/Carl_Gustaf_Estlander-Albert-Edelfelt.jpg\" alt=\"Albert Edelfelts tavla fr\u00e5n 1896 f\u00f6rest\u00e4llande Carl Gustaf Estlander.\" width=\"530\" height=\"650\" srcset=\"https:\/\/www.lassebacklund.fi\/wp-content\/uploads\/2017\/10\/Carl_Gustaf_Estlander-Albert-Edelfelt.jpg 530w, https:\/\/www.lassebacklund.fi\/wp-content\/uploads\/2017\/10\/Carl_Gustaf_Estlander-Albert-Edelfelt-245x300.jpg 245w\" sizes=\"auto, (max-width: 530px) 100vw, 530px\" \/><figcaption id=\"caption-attachment-6370\" class=\"wp-caption-text\">Albert Edelfelts tavla fr\u00e5n 1896 f\u00f6rest\u00e4llande statsr\u00e5det Carl Gustaf Estlander.<\/figcaption><\/figure>\n<figure id=\"attachment_6354\" aria-describedby=\"caption-attachment-6354\" style=\"width: 250px\" class=\"wp-caption aligncenter\"><img loading=\"lazy\" decoding=\"async\" class=\"size-full wp-image-6354\" src=\"http:\/\/www.lassebacklund.fi\/wp-content\/uploads\/2017\/10\/Carl_Gustaf_Estlander_1834-1910_finl\u00e4ndsk_humanist.jpg\" alt=\"Carl Gustaf Estlander (1834-1910) som var f\u00f6dd i Lappfj\u00e4rd men verkade som professor i Helsingfors.\" width=\"250\" height=\"313\" srcset=\"https:\/\/www.lassebacklund.fi\/wp-content\/uploads\/2017\/10\/Carl_Gustaf_Estlander_1834-1910_finl\u00e4ndsk_humanist.jpg 250w, https:\/\/www.lassebacklund.fi\/wp-content\/uploads\/2017\/10\/Carl_Gustaf_Estlander_1834-1910_finl\u00e4ndsk_humanist-240x300.jpg 240w\" sizes=\"auto, (max-width: 250px) 100vw, 250px\" \/><figcaption id=\"caption-attachment-6354\" class=\"wp-caption-text\">Carl Gustaf Estlander (1834-1910) som var f\u00f6dd i Lappfj\u00e4rd men verkade som professor i Helsingfors.<\/figcaption><\/figure>\n<figure id=\"attachment_6367\" aria-describedby=\"caption-attachment-6367\" style=\"width: 1472px\" class=\"wp-caption aligncenter\"><img loading=\"lazy\" decoding=\"async\" class=\"size-full wp-image-6367\" src=\"http:\/\/www.lassebacklund.fi\/wp-content\/uploads\/2017\/10\/Carl-Gustafs-sl\u00e4kttavla.jpg\" alt=\"Cal Gustaf Estlanders sl\u00e4kttavla som visar att flera av hans f\u00f6rf\u00e4der hade varit kyrkoherdar i Lappfj\u00e4rd.\" width=\"1472\" height=\"1076\" srcset=\"https:\/\/www.lassebacklund.fi\/wp-content\/uploads\/2017\/10\/Carl-Gustafs-sl\u00e4kttavla.jpg 1472w, https:\/\/www.lassebacklund.fi\/wp-content\/uploads\/2017\/10\/Carl-Gustafs-sl\u00e4kttavla-300x219.jpg 300w, https:\/\/www.lassebacklund.fi\/wp-content\/uploads\/2017\/10\/Carl-Gustafs-sl\u00e4kttavla-768x561.jpg 768w, https:\/\/www.lassebacklund.fi\/wp-content\/uploads\/2017\/10\/Carl-Gustafs-sl\u00e4kttavla-1024x749.jpg 1024w\" sizes=\"auto, (max-width: 1472px) 100vw, 1472px\" \/><figcaption id=\"caption-attachment-6367\" class=\"wp-caption-text\">Carl Gustaf Estlanders sl\u00e4kttavla som visar att flera av hans f\u00f6rf\u00e4der hade varit kyrkoherdar i Lappfj\u00e4rd.<\/figcaption><\/figure>\n<figure id=\"attachment_6366\" aria-describedby=\"caption-attachment-6366\" style=\"width: 624px\" class=\"wp-caption aligncenter\"><img loading=\"lazy\" decoding=\"async\" class=\"size-full wp-image-6366\" src=\"http:\/\/www.lassebacklund.fi\/wp-content\/uploads\/2017\/10\/Carl-Gustaf-finsk-tidskrift_1_01_01_1878-1_s624x0_q80_noupscale.jpg\" alt=\"Carl Gustaf Estlander gav under flera \u00e5r ut en tidskrift som han kallade &quot;Finsk tidskrift&quot;, d\u00e4r han sedan publicerade flera av sin egna ber\u00e4ttelser fr\u00e5n Lappfj\u00e4rd.\" width=\"624\" height=\"943\" srcset=\"https:\/\/www.lassebacklund.fi\/wp-content\/uploads\/2017\/10\/Carl-Gustaf-finsk-tidskrift_1_01_01_1878-1_s624x0_q80_noupscale.jpg 624w, https:\/\/www.lassebacklund.fi\/wp-content\/uploads\/2017\/10\/Carl-Gustaf-finsk-tidskrift_1_01_01_1878-1_s624x0_q80_noupscale-199x300.jpg 199w\" sizes=\"auto, (max-width: 624px) 100vw, 624px\" \/><figcaption id=\"caption-attachment-6366\" class=\"wp-caption-text\">Carl Gustaf Estlander gav under flera \u00e5r ut en tidskrift som han kallade &#8221;Finsk tidskrift&#8221;, d\u00e4r han sedan publicerade flera av sin egna ber\u00e4ttelser fr\u00e5n Lappfj\u00e4rd.<\/figcaption><\/figure>\n<p>&nbsp;<\/p>\n<p><img loading=\"lazy\" decoding=\"async\" class=\"size-full wp-image-6364 aligncenter\" src=\"http:\/\/www.lassebacklund.fi\/wp-content\/uploads\/2017\/10\/Carl-Gustaf-221160927_b631a204-a65e-4f8c-993e-4dcd4f9814c6.jpg\" alt=\"Carl Gustaf 221160927_b631a204-a65e-4f8c-993e-4dcd4f9814c6\" width=\"528\" height=\"768\" srcset=\"https:\/\/www.lassebacklund.fi\/wp-content\/uploads\/2017\/10\/Carl-Gustaf-221160927_b631a204-a65e-4f8c-993e-4dcd4f9814c6.jpg 528w, https:\/\/www.lassebacklund.fi\/wp-content\/uploads\/2017\/10\/Carl-Gustaf-221160927_b631a204-a65e-4f8c-993e-4dcd4f9814c6-206x300.jpg 206w\" sizes=\"auto, (max-width: 528px) 100vw, 528px\" \/><\/p>\n<figure id=\"attachment_6365\" aria-describedby=\"caption-attachment-6365\" style=\"width: 1190px\" class=\"wp-caption aligncenter\"><img loading=\"lazy\" decoding=\"async\" class=\"wp-image-6365 size-full\" src=\"http:\/\/www.lassebacklund.fi\/wp-content\/uploads\/2017\/10\/Carl-Gustaf-estlander_carl_gustaf.jpg\" alt=\"Byst av Carl Gustaf Estlander, som f\u00f6ddes och v\u00e4xte upp i Lappfj\u00e4rd.\" width=\"1190\" height=\"960\" srcset=\"https:\/\/www.lassebacklund.fi\/wp-content\/uploads\/2017\/10\/Carl-Gustaf-estlander_carl_gustaf.jpg 1190w, https:\/\/www.lassebacklund.fi\/wp-content\/uploads\/2017\/10\/Carl-Gustaf-estlander_carl_gustaf-300x242.jpg 300w, https:\/\/www.lassebacklund.fi\/wp-content\/uploads\/2017\/10\/Carl-Gustaf-estlander_carl_gustaf-768x620.jpg 768w, https:\/\/www.lassebacklund.fi\/wp-content\/uploads\/2017\/10\/Carl-Gustaf-estlander_carl_gustaf-1024x826.jpg 1024w\" sizes=\"auto, (max-width: 1190px) 100vw, 1190px\" \/><figcaption id=\"caption-attachment-6365\" class=\"wp-caption-text\">Portr\u00e4ttbyst av Carl Gustaf Estlander, som finns p\u00e5 Gamla kyrkog\u00e5rden i Helsingfors.<\/figcaption><\/figure>\n<figure id=\"attachment_6745\" aria-describedby=\"caption-attachment-6745\" style=\"width: 2304px\" class=\"wp-caption aligncenter\"><img loading=\"lazy\" decoding=\"async\" class=\"size-full wp-image-6745\" src=\"http:\/\/www.lassebacklund.fi\/wp-content\/uploads\/2017\/12\/Estlanders-tavla-av-Barkman.jpg\" alt=\"Den h\u00e4r tavlan m\u00e5lade Herman Adrian Barkman, f\u00f6rest\u00e4llande kyrkoherden Jakob Jonas Estlander. Dem har h\u00e4ngt i sakristian i Lappfj\u00e4rds kyrka \u00e4nda sedan den byggdes. \" width=\"2304\" height=\"1704\" srcset=\"https:\/\/www.lassebacklund.fi\/wp-content\/uploads\/2017\/12\/Estlanders-tavla-av-Barkman.jpg 2304w, https:\/\/www.lassebacklund.fi\/wp-content\/uploads\/2017\/12\/Estlanders-tavla-av-Barkman-300x222.jpg 300w, https:\/\/www.lassebacklund.fi\/wp-content\/uploads\/2017\/12\/Estlanders-tavla-av-Barkman-768x568.jpg 768w, https:\/\/www.lassebacklund.fi\/wp-content\/uploads\/2017\/12\/Estlanders-tavla-av-Barkman-1024x757.jpg 1024w\" sizes=\"auto, (max-width: 2304px) 100vw, 2304px\" \/><figcaption id=\"caption-attachment-6745\" class=\"wp-caption-text\">Den h\u00e4r tavlan m\u00e5lade Herman Adrian Barkman, f\u00f6rest\u00e4llande kyrkoherden Jakob Jonas Estlander, som allts\u00e5 var Carl Gustafs far. Den har h\u00e4ngt i sakristian i Lappfj\u00e4rds kyrka \u00e4nda sedan den byggdes.<\/figcaption><\/figure>\n","protected":false},"excerpt":{"rendered":"<p>Carl Gustaf Estlander f\u00f6ddes i Lappfj\u00e4rd 1834 och han var son till kyrkoherden Jakob Johan Estlander och Maria Elisabet Rislachius, som var pr\u00e4stdotter fr\u00e5n Nedervetil. Carl Gustaf var professor i litteratur i Helsingfors och han skrev m\u00e5nga b\u00f6cker med vitt <a class=\"more-link\" href=\"https:\/\/www.lassebacklund.fi\/?page_id=6356\">Forts\u00e4tt l\u00e4sa <span class=\"screen-reader-text\">  Estlanders ber\u00e4ttelser.<\/span><span class=\"meta-nav\">&rarr;<\/span><\/a><\/p>\n","protected":false},"author":1,"featured_media":0,"parent":19,"menu_order":130,"comment_status":"closed","ping_status":"closed","template":"","meta":{"footnotes":""},"class_list":["post-6356","page","type-page","status-publish","hentry"],"_links":{"self":[{"href":"https:\/\/www.lassebacklund.fi\/index.php?rest_route=\/wp\/v2\/pages\/6356","targetHints":{"allow":["GET"]}}],"collection":[{"href":"https:\/\/www.lassebacklund.fi\/index.php?rest_route=\/wp\/v2\/pages"}],"about":[{"href":"https:\/\/www.lassebacklund.fi\/index.php?rest_route=\/wp\/v2\/types\/page"}],"author":[{"embeddable":true,"href":"https:\/\/www.lassebacklund.fi\/index.php?rest_route=\/wp\/v2\/users\/1"}],"replies":[{"embeddable":true,"href":"https:\/\/www.lassebacklund.fi\/index.php?rest_route=%2Fwp%2Fv2%2Fcomments&post=6356"}],"version-history":[{"count":26,"href":"https:\/\/www.lassebacklund.fi\/index.php?rest_route=\/wp\/v2\/pages\/6356\/revisions"}],"predecessor-version":[{"id":21797,"href":"https:\/\/www.lassebacklund.fi\/index.php?rest_route=\/wp\/v2\/pages\/6356\/revisions\/21797"}],"up":[{"embeddable":true,"href":"https:\/\/www.lassebacklund.fi\/index.php?rest_route=\/wp\/v2\/pages\/19"}],"wp:attachment":[{"href":"https:\/\/www.lassebacklund.fi\/index.php?rest_route=%2Fwp%2Fv2%2Fmedia&parent=6356"}],"curies":[{"name":"wp","href":"https:\/\/api.w.org\/{rel}","templated":true}]}}