{"id":6319,"date":"2017-10-26T11:50:26","date_gmt":"2017-10-26T09:50:26","guid":{"rendered":"http:\/\/www.lassebacklund.fi\/?page_id=6319"},"modified":"2023-08-11T23:29:19","modified_gmt":"2023-08-11T20:29:19","slug":"visor-och-ramsor","status":"publish","type":"page","link":"https:\/\/www.lassebacklund.fi\/?page_id=6319","title":{"rendered":"Visor och ramsor."},"content":{"rendered":"<p>Om du tycker om gamla trallv\u00e4nliga visor eller passliga ramsor, s\u00e5 skall du klicka p\u00e5 knapparna h\u00e4r under.<\/p>\n<h6><a class=\"fasc-button fasc-size-medium fasc-type-glossy fasc-rounded-medium\" style=\"background-color: #33809e; color: #ffffff;\" href=\"http:\/\/www.lassebacklund.fi\/?page_id=13488\">Dagsmark City<\/a><\/h6>\n<h6><a class=\"fasc-button fasc-size-medium fasc-type-glossy fasc-rounded-medium\" style=\"background-color: #33809e; color: #ffffff;\" href=\"http:\/\/www.lassebacklund.fi\/?page_id=13495\">Majbo-hyllning<\/a><\/h6>\n<h6><a class=\"fasc-button fasc-size-medium fasc-type-glossy fasc-rounded-medium\" style=\"background-color: #33809e; color: #ffffff;\" href=\"http:\/\/www.lassebacklund.fi\/?page_id=6321\">B\u00e5sk-Isaks visa om Eljas \u00e5 Klara<\/a><\/h6>\n<h6><a class=\"fasc-button fasc-size-medium fasc-type-glossy fasc-rounded-medium\" style=\"background-color: #33809e; color: #ffffff;\" href=\"http:\/\/www.lassebacklund.fi\/?page_id=13467\">Hembygdss\u00e5ng<\/a><\/h6>\n<h6><a class=\"fasc-button fasc-size-medium fasc-type-glossy fasc-rounded-medium\" style=\"background-color: #33809e; color: #ffffff;\" href=\"http:\/\/www.lassebacklund.fi\/?page_id=13484\">V\u00e5ra r\u00f6\u00f6ter<\/a><\/h6>\n<p><a class=\"fasc-button fasc-size-medium fasc-type-glossy fasc-rounded-medium\" style=\"background-color: #33809e; color: #ffffff;\" href=\"http:\/\/www.lassebacklund.fi\/?page_id=14327\">Helgas barnvisor<\/a><\/p>\n","protected":false},"excerpt":{"rendered":"<p>Om du tycker om gamla trallv\u00e4nliga visor eller passliga ramsor, s\u00e5 skall du klicka p\u00e5 knapparna h\u00e4r under. Dagsmark City Majbo-hyllning B\u00e5sk-Isaks visa om Eljas \u00e5 Klara Hembygdss\u00e5ng V\u00e5ra r\u00f6\u00f6ter Helgas barnvisor<\/p>\n","protected":false},"author":1,"featured_media":0,"parent":19,"menu_order":170,"comment_status":"closed","ping_status":"closed","template":"","meta":{"footnotes":""},"class_list":["post-6319","page","type-page","status-publish","hentry"],"_links":{"self":[{"href":"https:\/\/www.lassebacklund.fi\/index.php?rest_route=\/wp\/v2\/pages\/6319","targetHints":{"allow":["GET"]}}],"collection":[{"href":"https:\/\/www.lassebacklund.fi\/index.php?rest_route=\/wp\/v2\/pages"}],"about":[{"href":"https:\/\/www.lassebacklund.fi\/index.php?rest_route=\/wp\/v2\/types\/page"}],"author":[{"embeddable":true,"href":"https:\/\/www.lassebacklund.fi\/index.php?rest_route=\/wp\/v2\/users\/1"}],"replies":[{"embeddable":true,"href":"https:\/\/www.lassebacklund.fi\/index.php?rest_route=%2Fwp%2Fv2%2Fcomments&post=6319"}],"version-history":[{"count":14,"href":"https:\/\/www.lassebacklund.fi\/index.php?rest_route=\/wp\/v2\/pages\/6319\/revisions"}],"predecessor-version":[{"id":14332,"href":"https:\/\/www.lassebacklund.fi\/index.php?rest_route=\/wp\/v2\/pages\/6319\/revisions\/14332"}],"up":[{"embeddable":true,"href":"https:\/\/www.lassebacklund.fi\/index.php?rest_route=\/wp\/v2\/pages\/19"}],"wp:attachment":[{"href":"https:\/\/www.lassebacklund.fi\/index.php?rest_route=%2Fwp%2Fv2%2Fmedia&parent=6319"}],"curies":[{"name":"wp","href":"https:\/\/api.w.org\/{rel}","templated":true}]}}