{"id":6292,"date":"2017-10-22T14:59:13","date_gmt":"2017-10-22T12:59:13","guid":{"rendered":"http:\/\/www.lassebacklund.fi\/?page_id=6292"},"modified":"2024-10-13T10:39:36","modified_gmt":"2024-10-13T07:39:36","slug":"finska-kriget-1808-09","status":"publish","type":"page","link":"https:\/\/www.lassebacklund.fi\/?page_id=6292","title":{"rendered":"Finska kriget 1808-09"},"content":{"rendered":"<p>Sedan l\u00e5nga tider tillbaka i historien har omr\u00e5det Finland varit en del av stormaktsriket Sverige. Eftersom Sverige under l\u00e5nga tider var i krig med ett eller flera grannl\u00e4nder, betydde det att Finland och \u00d6sterbotten ocks\u00e5 drabbades. V\u00e5rt geografiska l\u00e4ge med Ryssland som granne medf\u00f6rde att ryssarna flera g\u00e5nger ockuperade v\u00e5rt land i krigen mot Sverige, fr\u00e4mst under Stora och Lilla ofreden p\u00e5 1700-talet. Men d\u00e5 fred sl\u00f6ts \u00e5tertog Sverige makten \u00f6ver Finland och ryssarna drog sig tillbaka.<\/p>\n<p>I det s\u00e5 kallade Finska kriget 1808-09 mellan Ryssland och Sverige, ockuperade Ryssland igen hela Finland. Det h\u00e4r kriget var en del av Napoleonkriget nere i Europa och v\u00e5rt land blev en spelbricka i stormaktskampen. Ocks\u00e5 v\u00e5ra trakter ockuperades och vittnesm\u00e5len \u00f6ver ryssarnas framfart bland ortsbefolkningen \u00e4r grymma. N\u00e5got krig i egentlig mening var det inte, eftersom den ryska arm\u00e9n ganska enkelt och utan st\u00f6rre slag kunde marschera in i landet. Den svenska arm\u00e9n var totalt stridsovillig och i Stockholm r\u00e5dde oenighet om hur kriget skulle f\u00f6ras. Egentliga strider eller &#8221;affairer&#8221; som de kallades i tiderna f\u00f6rdes endast i Savolax och i Syd\u00f6sterbotten. Det blodiga slaget i Oravais blev ocks\u00e5 det sista, eftersom den svenska arm\u00e9n d\u00e4r led ett s\u00e5 sv\u00e5rt nederlag att allt motst\u00e5nd d\u00e4refter var l\u00f6nl\u00f6st.<\/p>\n<p>Det \u00e4r m\u00f6jligt att om inte nationalskalden Johan Ludvig Runeberg skulle ha skrivit om hj\u00e4ltarna och striderna i sin bok &#8221;F\u00e4nrik St\u00e5ls s\u00e4gner&#8221;, s\u00e5 skulle det Finska kriget helt ha fallit i gl\u00f6mska. F\u00f6r Sverige var f\u00f6rlusten av den \u00f6stra rikshalvan ett stort nederlag, vilket ledde till att den svenska kungen Gustav IV Adolf avsattes i en statskupp.<\/p>\n<p>I september 1809 sl\u00f6ts freden i Fredrikshamn och Sverige f\u00f6rlorade de \u00f6stra landskapen, allts\u00e5&nbsp; nuvarande Finland, som det visade sig f\u00f6r gott. En allm\u00e4n uppfattning \u00e4r att detta krig var en stor f\u00f6rlust f\u00f6r Finland men i verkligheten var kriget och den d\u00e4rp\u00e5 f\u00f6ljande freden en stor lycka f\u00f6r det finska folket. F\u00f6r Storfurstend\u00f6met Finland blev det flera stora f\u00f6rb\u00e4ttringar efter freden, eftersom landet fick beh\u00e5lla alla r\u00e4ttigheter som det hade haft men slapp s\u00e5 gott som alla skyldigheter. Men s\u00e5ren efter det Finska kriget \u00e4r sv\u00e5rl\u00e4kta och rysshatet har en tendens att till en del forts\u00e4tta \u00e4nnu i v\u00e5ra dagar.<\/p>\n<p>Vill du l\u00e4sa mera om h\u00e4ndelser i v\u00e5r region under Finska kriget, s\u00e5 v\u00e4lj kategori genom att klicka p\u00e5 knappar h\u00e4r under:<\/p>\n<h6><a class=\"fasc-button fasc-size-medium fasc-type-glossy fasc-rounded-medium\" style=\"background-color: #33809e; color: #ffffff;\" href=\"http:\/\/www.lassebacklund.fi\/?page_id=16089\">Striderna i Lappfj\u00e4rd enligt Lasse Backlund<\/a><\/h6>\n<h6><a class=\"fasc-button fasc-size-medium fasc-type-flat fasc-rounded-medium\" style=\"background-color: #33809e; color: #ffffff;\" href=\"https:\/\/www.lassebacklund.fi\/?page_id=19199\">Rurik Nylunds ber\u00e4ttelse om striderna i Lappfj\u00e4rd<\/a><\/h6>\n<h6><a class=\"fasc-button fasc-size-medium fasc-type-glossy fasc-rounded-medium\" style=\"background-color: #33809e; color: #ffffff;\" href=\"http:\/\/www.lassebacklund.fi\/?page_id=6316\">N\u00e4r Ryssen kom till Lappfj\u00e4rd, av Karl Johan Roos<\/a><\/h6>\n<h6><a class=\"fasc-button fasc-size-medium fasc-type-glossy fasc-rounded-medium\" style=\"background-color: #33809e; color: #ffffff;\" href=\"http:\/\/www.lassebacklund.fi\/?page_id=6305\">Ber\u00e4ttelse fr\u00e5n Lappfj\u00e4rd 1808, av Elias Lagus<\/a><\/h6>\n<h6><a class=\"fasc-button fasc-size-medium fasc-type-glossy fasc-rounded-medium\" style=\"background-color: #33809e; color: #ffffff;\" href=\"http:\/\/www.lassebacklund.fi\/?page_id=8052\">Krigsminnen fr\u00e5n 1808, av G\u00e5nge Rolf<\/a><\/h6>\n<h6><a class=\"fasc-button fasc-size-medium fasc-type-glossy fasc-rounded-medium\" style=\"background-color: #33809e; color: #ffffff;\" href=\"http:\/\/www.lassebacklund.fi\/?page_id=15860\">H\u00e4ndelserna i \u00d6mossa enligt Hilma Norrg\u00e5rd.<\/a><\/h6>\n<h6><a class=\"fasc-button fasc-size-medium fasc-type-glossy fasc-rounded-medium\" style=\"background-color: #33809e; color: #ffffff;\" href=\"http:\/\/www.lassebacklund.fi\/?page_id=15875\">Wilhelm von Schwerin<\/a><\/h6>\n<h6><a class=\"fasc-button fasc-size-medium fasc-type-glossy fasc-rounded-medium\" style=\"background-color: #33809e; color: #ffffff;\" href=\"http:\/\/www.lassebacklund.fi\/?page_id=16292\">Soldat Matts Hwasse fr\u00e5n Lappfj\u00e4rd<\/a><\/h6>\n<h6><a class=\"fasc-button fasc-size-medium fasc-type-glossy fasc-rounded-medium\" style=\"background-color: #33809e; color: #ffffff;\" href=\"http:\/\/www.lassebacklund.fi\/?page_id=8451\">Den svenska trumslagaren som kom till Lappfj\u00e4rd<\/a><\/h6>\n<h6><a class=\"fasc-button fasc-size-medium fasc-type-glossy fasc-rounded-medium\" style=\"background-color: #33809e; color: #ffffff;\" href=\"http:\/\/www.lassebacklund.fi\/?page_id=16326\">Kyrkoherde Carl H\u00e4gg ber\u00e4ttar<\/a><\/h6>\n<h6><a class=\"fasc-button fasc-size-medium fasc-type-glossy fasc-rounded-medium\" style=\"background-color: #33809e; color: #ffffff;\" href=\"http:\/\/www.lassebacklund.fi\/?page_id=16333\">Vegesacks rapport om aff\u00e4ren vid Lappfj\u00e4rd <\/a><\/h6>\n<h6><a class=\"fasc-button fasc-size-medium fasc-type-glossy fasc-rounded-medium\" style=\"background-color: #33809e; color: #ffffff;\" href=\"http:\/\/www.lassebacklund.fi\/?page_id=16337\">Gyllenb\u00f6gels rapport om aff\u00e4ren vid Kristinestad och Tj\u00f6ck<\/a><\/h6>\n<p><a class=\"fasc-button fasc-size-medium fasc-type-glossy fasc-rounded-medium\" style=\"background-color: #33809e; color: #ffffff;\" href=\"https:\/\/www.lassebacklund.fi\/?page_id=21900\">N\u00e4rpesbornas stoltaste historiska minne<\/a><\/p>\n<h6><a class=\"fasc-button fasc-size-medium fasc-type-glossy fasc-rounded-medium\" style=\"background-color: #33809e; color: #ffffff;\" href=\"https:\/\/www.lassebacklund.fi\/?page_id=19292\">Striden vid Finby bro i N\u00e4rpes<\/a><\/h6>\n<h6><a class=\"fasc-button fasc-size-medium fasc-type-glossy fasc-rounded-medium\" style=\"background-color: #33809e; color: #ffffff;\" href=\"https:\/\/www.lassebacklund.fi\/?page_id=19303\">Striderna i Kauhajoki 10 aug 1808 enligt Walter Sj\u00f6blom<\/a><\/h6>\n<h6><a class=\"fasc-button fasc-size-medium fasc-type-glossy fasc-rounded-medium\" style=\"background-color: #33809e; color: #ffffff;\" href=\"http:\/\/www.lassebacklund.fi\/?page_id=16481\">Vegesack landsteg inte i Kristinestad, utan i Kask\u00f6<\/a><\/h6>\n<h6><a class=\"fasc-button fasc-size-medium fasc-type-glossy fasc-rounded-medium\" style=\"background-color: #33809e; color: #ffffff;\" href=\"https:\/\/www.lassebacklund.fi\/?page_id=19381\">Anteckningar fr\u00e5n kriget 1808<\/a><\/h6>\n<h6><a class=\"fasc-button fasc-size-medium fasc-type-glossy fasc-rounded-medium\" style=\"background-color: #33809e; color: #ffffff;\" href=\"https:\/\/www.lassebacklund.fi\/?page_id=19987\">Slaget vid Lappfj\u00e4rd 1808 enligt Sydin 1908<\/a><\/h6>\n<h6><a class=\"fasc-button fasc-size-medium fasc-type-glossy fasc-rounded-medium\" style=\"background-color: #33809e; color: #ffffff;\" href=\"https:\/\/www.lassebacklund.fi\/?page_id=20002\">Krigsh\u00e4ndelserna i Kristinestad, av G. Skrifvars<\/a><\/h6>\n<h6><a class=\"fasc-button fasc-size-medium fasc-type-glossy fasc-rounded-medium\" style=\"background-color: #33809e; color: #ffffff;\" href=\"https:\/\/www.lassebacklund.fi\/?page_id=19387\">Kriget enligt \u00c5bo Tidning<\/a><\/h6>\n<h6><a class=\"fasc-button fasc-size-medium fasc-type-glossy fasc-rounded-medium\" style=\"background-color: #33809e; color: #ffffff;\" href=\"https:\/\/www.lassebacklund.fi\/?page_id=19511\">Sekelminnen ur Kristinestads historia<\/a><\/h6>\n<p><a class=\"fasc-button fasc-size-medium fasc-type-glossy fasc-rounded-medium\" style=\"background-color: #33809e; color: #ffffff;\" href=\"https:\/\/www.lassebacklund.fi\/?page_id=22277\">Kalbo Jakob och den d\u00f6dade ryssen<\/a><\/p>\n<p><a class=\"fasc-button fasc-size-medium fasc-type-glossy fasc-rounded-medium\" style=\"background-color: #33809e; color: #ffffff;\" href=\"https:\/\/www.lassebacklund.fi\/?page_id=22548\">Jack i Finska kriget<\/a><\/p>\n<h6>&nbsp;<\/h6>\n<h3><strong>Foton fr\u00e5n Finska kriget.<\/strong><\/h3>\n<figure id=\"attachment_6297\" aria-describedby=\"caption-attachment-6297\" style=\"width: 618px\" class=\"wp-caption aligncenter\"><img loading=\"lazy\" decoding=\"async\" class=\" wp-image-6297\" src=\"http:\/\/www.lassebacklund.fi\/wp-content\/uploads\/2017\/10\/Bj\u00f6rneborgarnas_marsch_akvarell_av_Albert_Edelfelt_fr\u00e5n_1900.jpg\" alt=\"Albert Edelfelts akvarell &quot;Bj\u00f6rneborgarnas marsch&quot; fr\u00e5n 1900 visar en del av de svensk-finska trupperna under det Finska kriget 1808-09.\" width=\"618\" height=\"825\" srcset=\"https:\/\/www.lassebacklund.fi\/wp-content\/uploads\/2017\/10\/Bj\u00f6rneborgarnas_marsch_akvarell_av_Albert_Edelfelt_fr\u00e5n_1900.jpg 800w, https:\/\/www.lassebacklund.fi\/wp-content\/uploads\/2017\/10\/Bj\u00f6rneborgarnas_marsch_akvarell_av_Albert_Edelfelt_fr\u00e5n_1900-225x300.jpg 225w, https:\/\/www.lassebacklund.fi\/wp-content\/uploads\/2017\/10\/Bj\u00f6rneborgarnas_marsch_akvarell_av_Albert_Edelfelt_fr\u00e5n_1900-768x1025.jpg 768w, https:\/\/www.lassebacklund.fi\/wp-content\/uploads\/2017\/10\/Bj\u00f6rneborgarnas_marsch_akvarell_av_Albert_Edelfelt_fr\u00e5n_1900-767x1024.jpg 767w\" sizes=\"auto, (max-width: 618px) 100vw, 618px\" \/><figcaption id=\"caption-attachment-6297\" class=\"wp-caption-text\">Albert Edelfelts akvarell &#8221;Bj\u00f6rneborgarnas marsch&#8221; fr\u00e5n 1900 visar en del av de svensk-finska trupperna under det Finska kriget 1808-09.<\/figcaption><\/figure>\n<figure id=\"attachment_6395\" aria-describedby=\"caption-attachment-6395\" style=\"width: 462px\" class=\"wp-caption aligncenter\"><img loading=\"lazy\" decoding=\"async\" class=\" wp-image-6395\" src=\"http:\/\/www.lassebacklund.fi\/wp-content\/uploads\/2017\/10\/Orlov-Denisov.jpg\" alt=\"General Orloff-Denisoff (1775-1844).\" width=\"462\" height=\"524\" srcset=\"https:\/\/www.lassebacklund.fi\/wp-content\/uploads\/2017\/10\/Orlov-Denisov.jpg 800w, https:\/\/www.lassebacklund.fi\/wp-content\/uploads\/2017\/10\/Orlov-Denisov-265x300.jpg 265w, https:\/\/www.lassebacklund.fi\/wp-content\/uploads\/2017\/10\/Orlov-Denisov-768x871.jpg 768w\" sizes=\"auto, (max-width: 462px) 100vw, 462px\" \/><figcaption id=\"caption-attachment-6395\" class=\"wp-caption-text\">Den ryska generalen Orloff-Denisoff (1775-1844) som vistades i Lappfj\u00e4rd under finska kriget 1808-1809. Han \u00e4r k\u00e4nd som en grym och h\u00e4nsynsl\u00f6s officer, som pinade och v\u00e5ldf\u00f6rde sig p\u00e5 lokalbefolkningen.<\/figcaption><\/figure>\n<figure id=\"attachment_6298\" aria-describedby=\"caption-attachment-6298\" style=\"width: 731px\" class=\"wp-caption aligncenter\"><img loading=\"lazy\" decoding=\"async\" class=\" wp-image-6298\" src=\"http:\/\/www.lassebacklund.fi\/wp-content\/uploads\/2017\/10\/D\u00f6beln_vid_Jutas_-_teckning_av_Albert_Edelfelt.jpg\" alt=\"Albert Edelfelts teckning &quot;D\u00f6beln vid Jutas&quot;.\" width=\"731\" height=\"928\" srcset=\"https:\/\/www.lassebacklund.fi\/wp-content\/uploads\/2017\/10\/D\u00f6beln_vid_Jutas_-_teckning_av_Albert_Edelfelt.jpg 800w, https:\/\/www.lassebacklund.fi\/wp-content\/uploads\/2017\/10\/D\u00f6beln_vid_Jutas_-_teckning_av_Albert_Edelfelt-236x300.jpg 236w, https:\/\/www.lassebacklund.fi\/wp-content\/uploads\/2017\/10\/D\u00f6beln_vid_Jutas_-_teckning_av_Albert_Edelfelt-768x975.jpg 768w\" sizes=\"auto, (max-width: 731px) 100vw, 731px\" \/><figcaption id=\"caption-attachment-6298\" class=\"wp-caption-text\">Albert Edelfelts teckning &#8221;D\u00f6beln vid Jutas&#8221;.<\/figcaption><\/figure>\n<figure id=\"attachment_6302\" aria-describedby=\"caption-attachment-6302\" style=\"width: 762px\" class=\"wp-caption aligncenter\"><img loading=\"lazy\" decoding=\"async\" class=\" wp-image-6302\" src=\"http:\/\/www.lassebacklund.fi\/wp-content\/uploads\/2017\/10\/Albert_Edelfelt_-_Sven_Duva.jpg\" alt=\"Runeberg skrev och Albert Edelfelt ritade den popul\u00e4ra soldaten Sven Duva, som inte sl\u00e4ppte n\u00e5gon \u00f6ver bron.\" width=\"762\" height=\"1071\" srcset=\"https:\/\/www.lassebacklund.fi\/wp-content\/uploads\/2017\/10\/Albert_Edelfelt_-_Sven_Duva.jpg 1010w, https:\/\/www.lassebacklund.fi\/wp-content\/uploads\/2017\/10\/Albert_Edelfelt_-_Sven_Duva-213x300.jpg 213w, https:\/\/www.lassebacklund.fi\/wp-content\/uploads\/2017\/10\/Albert_Edelfelt_-_Sven_Duva-768x1080.jpg 768w, https:\/\/www.lassebacklund.fi\/wp-content\/uploads\/2017\/10\/Albert_Edelfelt_-_Sven_Duva-728x1024.jpg 728w\" sizes=\"auto, (max-width: 762px) 100vw, 762px\" \/><figcaption id=\"caption-attachment-6302\" class=\"wp-caption-text\">Runeberg skrev och Albert Edelfelt ritade den popul\u00e4ra soldaten Sven Duva, som inte sl\u00e4ppte n\u00e5gon \u00f6ver bron.<\/figcaption><\/figure>\n<figure id=\"attachment_6299\" aria-describedby=\"caption-attachment-6299\" style=\"width: 800px\" class=\"wp-caption aligncenter\"><img loading=\"lazy\" decoding=\"async\" class=\"size-full wp-image-6299\" src=\"http:\/\/www.lassebacklund.fi\/wp-content\/uploads\/2017\/10\/Fi_krig_map1.jpg\" alt=\"P\u00e5 kartan syns de viktigaste orterna i Finland under det Finska kriget 1808-09.\" width=\"800\" height=\"623\" srcset=\"https:\/\/www.lassebacklund.fi\/wp-content\/uploads\/2017\/10\/Fi_krig_map1.jpg 800w, https:\/\/www.lassebacklund.fi\/wp-content\/uploads\/2017\/10\/Fi_krig_map1-300x234.jpg 300w, https:\/\/www.lassebacklund.fi\/wp-content\/uploads\/2017\/10\/Fi_krig_map1-768x598.jpg 768w\" sizes=\"auto, (max-width: 800px) 100vw, 800px\" \/><figcaption id=\"caption-attachment-6299\" class=\"wp-caption-text\">P\u00e5 kartan syns de viktigaste orterna i Finland under det Finska kriget 1808-09.<\/figcaption><\/figure>\n<figure id=\"attachment_6300\" aria-describedby=\"caption-attachment-6300\" style=\"width: 652px\" class=\"wp-caption aligncenter\"><img loading=\"lazy\" decoding=\"async\" class=\"size-full wp-image-6300\" src=\"http:\/\/www.lassebacklund.fi\/wp-content\/uploads\/2017\/10\/Fredf\u00f6rdraget-fr\u00e5n-17-september-1809-i-Fredrikshamn.jpg\" alt=\"Fredsavtalet mellan Ryssland och Sverige skrevs i Fredrikshamn den 17 september 1809. Det skrevs p\u00e5 franska och undertecknades av Anders Fredrik Skj\u00f6ldebrand och Curt von Stedingk fr\u00e5n Sverige och Nikolaj Rumtjantev och David Alopaeus fr\u00e5n Ryssland. I och med detta fredsavtal skildes Finland fr\u00e5n Sverige f\u00f6r gott.\" width=\"652\" height=\"1055\" srcset=\"https:\/\/www.lassebacklund.fi\/wp-content\/uploads\/2017\/10\/Fredf\u00f6rdraget-fr\u00e5n-17-september-1809-i-Fredrikshamn.jpg 652w, https:\/\/www.lassebacklund.fi\/wp-content\/uploads\/2017\/10\/Fredf\u00f6rdraget-fr\u00e5n-17-september-1809-i-Fredrikshamn-185x300.jpg 185w, https:\/\/www.lassebacklund.fi\/wp-content\/uploads\/2017\/10\/Fredf\u00f6rdraget-fr\u00e5n-17-september-1809-i-Fredrikshamn-633x1024.jpg 633w\" sizes=\"auto, (max-width: 652px) 100vw, 652px\" \/><figcaption id=\"caption-attachment-6300\" class=\"wp-caption-text\">Fredsavtalet mellan Ryssland och det svenska riket skrevs i Fredrikshamn den 17 september 1809. Det skrevs p\u00e5 franska och undertecknades av Anders Fredrik Skj\u00f6ldebrand och Curt von Stedingh fr\u00e5n det svenska riket och Nikolaj Rumtjantev och David Alopaeus fr\u00e5n det ryska riket. I och med detta fredsavtal skildes alla svenska landskap, som l\u00e5g \u00f6ster om Torne \u00e4lv till Ryssland f\u00f6r gott.<\/figcaption><\/figure>\n<h4><strong>Fredsf\u00f6rdraget i korthet.<\/strong><\/h4>\n<p>Den svenska kungen och den ryska kejsaren deltog inte i fredsf\u00f6rhandlingarna i Fredrikshamn, utan de anv\u00e4nde sig endast av ombud med l\u00e5ngt g\u00e5ende fullmakter. Sj\u00e4lva fredsf\u00f6rdraget skrevs p\u00e5 franska men det lyder i stort s\u00e5 h\u00e4r i f\u00f6rkortad form och p\u00e5 f\u00f6rst\u00e5elig svenska:<\/p>\n<p>1). H\u00e4refter skall fred, v\u00e4nskap och gott f\u00f6rst\u00e5nd r\u00e5da mellan l\u00e4nderna. Allt skall g\u00f6ras f\u00f6r att i framtiden undvika s\u00e5dant som kan st\u00f6ra den lyckligt \u00e5terst\u00e4llda f\u00f6reningen.<\/p>\n<p>2). Sverige lovar att \u00e5teruppta v\u00e4nskapliga f\u00f6rbindelser med ryska rikets bundsf\u00f6rvanter. Sverige lovade ocks\u00e5 att stoppa alla krigs- och handelsfartyg fr\u00e5n Storbritannien att anl\u00f6pa svenska hamnar. Endast salt och kolonialvaror som var n\u00f6dv\u00e4ndiga f\u00f6r det svenska folket fick k\u00f6pas fr\u00e5n Storbritannien.<\/p>\n<p>3). Sverige avst\u00e5r fr\u00e5n alla r\u00e4ttigheter och titlar, som h\u00f6r till de omr\u00e5den som den ryska arm\u00e9n hade lagt under sig under det avslutade kriget. Dessa omr\u00e5den var Kymmene l\u00e4n, Nyland och Tavastehus l\u00e4n, \u00c5bo- och Bj\u00f6rneborgs l\u00e4n, de \u00e5l\u00e4ndska \u00f6arna, Savolax, Karelen, Vasa och Ule\u00e5borgs l\u00e4n. Dit h\u00f6rde ocks\u00e5 den del av V\u00e4sterbotten som l\u00e5g p\u00e5 den \u00f6stra sidan om Torne\u00e5 \u00e4lv. De h\u00e4r omr\u00e5dena med alla inv\u00e5nare, st\u00e4der, hamnar, f\u00e4stningar, byar och \u00f6ar skall med alla tillh\u00f6righeter, r\u00e4ttigheter och avkastningar med full \u00e4gander\u00e4tt tillh\u00f6ra det ryska riket och bli inf\u00f6rlivade med Ryssland.<\/p>\n<p>4). \u00c5lands hav, Bottniska viken och Torne\u00e5 och Muonio \u00e4lvar skall i framtiden utg\u00f6ra gr\u00e4ns mellan rikena. De \u00f6ar som ligger n\u00e4rmare ryska riket skall tillh\u00f6ra Ryssland medan de som ligger n\u00e4rmare svenska riket skall tillh\u00f6ra Sverige.<\/p>\n<p>5). Eftersom den ryska kejsaren redan visat prov p\u00e5 mildhet och r\u00e4ttvisa, d\u00e5 han tidigare hade lovat att fri ut\u00f6vning av religion, egendomsr\u00e4tt och privilegier skall r\u00e5da i de er\u00f6vrade omr\u00e5dena, s\u00e5 k\u00e4nde sig den svenska kungen vara fri fr\u00e5n alla f\u00f6rpliktelser till f\u00f6rm\u00e5n f\u00f6r de forna unders\u00e5tarna.<\/p>\n<p>6). Efter att detta fredsf\u00f6rdrag har blivit undertecknat skall vederb\u00f6rande \u201dstrax och med skyndsamhet\u201d meddela \u00f6verbef\u00e4lhavarna f\u00f6r arm\u00e9erna att fientligheterna till lands och till sj\u00f6ss skall upph\u00f6ra. S\u00e5dana skador som arm\u00e9erna \u00e5stadkommer efter undertecknandet skall \u00e5terst\u00e4llas med det snaraste.<\/p>\n<p>7). Inom 4 veckor efter undertecknandet s\u00e5 skall alla ryska trupper avl\u00e4gsna sig fr\u00e5n V\u00e4sterbotten, \u00f6ver till den \u00f6stra sidan av Torne\u00e5 \u00e4lv. Under dessa 4 veckor f\u00e5r inte de ryska trupperna g\u00f6ra n\u00e5gra utskrivningar av varken mat eller f\u00f6rn\u00f6denheter, utan allt vad de beh\u00f6ver skall de h\u00e4mta fr\u00e5n egna magasin.<\/p>\n<p>8). Alla krigsf\u00e5ngar, tagna b\u00e5de p\u00e5 land och till sj\u00f6ss skall inom 3 m\u00e5naders tid \u00e5terl\u00e4mnas till det egna riket. Detta g\u00e4ller inte finska krigsf\u00e5ngar.<\/p>\n<p>9). De svenska medborgare, som har varit bosatta i Finland har r\u00e4tt att under de n\u00e4rmaste tre \u00e5ren flytta tillbaka till Sverige och utan skatt \u00f6verflytta sina egendomar dit. Det samma g\u00e4ller f\u00f6r finl\u00e4ndare som har varit bosatta i Sverige.<\/p>\n<p>10). Inga inv\u00e5nare skall kunna st\u00e4llas till svars f\u00f6r g\u00e4rningar eller brott som har gjorts f\u00f6re undertecknandet av detta f\u00f6rdrag.<\/p>\n<p>11). Alla arkiv, enskilda dokument, planer och kartor \u00f6ver f\u00e4stningarna, l\u00e4nderna och st\u00e4derna i det er\u00f6vrade omr\u00e5det och som finns arkiverade i lantm\u00e4terikontoret, skall \u00f6verl\u00e4mnas till kejsaren.<\/p>\n<p>12). Alla skulder som finnar i Sverige och svenskar i Finland har haft, skall betalas p\u00e5 utsatt tid men betalningstiden skall f\u00f6rl\u00e4ngas med den tid som kriget har p\u00e5g\u00e5tt.<\/p>\n<p>13). Eventuella arv skall i framtiden kunna betalas fr\u00e5n Finland till Sverige och vice versa, utan n\u00e5gra som helst skatter eller p\u00e5f\u00f6ljder.<\/p>\n<p>14). Det handelskontrakt, som i tiderna hade ing\u00e5tts mellan svenska och ryska riket och som skulle upph\u00f6ra i oktober 1811, f\u00f6rl\u00e4ngdes nu till februari 1813.<\/p>\n<p>15). De finska unders\u00e5tarna skall i forts\u00e4ttningen ha r\u00e4tt att inf\u00f6ra malm, tackj\u00e4rn, kalk, byggnadssten till mas- och sm\u00e4ltugnar och n\u00e5gra andra viktiga varor. Till Sverige skall kunna f\u00f6ras boskap, fisk, spannm\u00e5l, l\u00e4rft, tj\u00e4ra, tr\u00e4varor av alla slag fr\u00e5n det blivande storfurstend\u00f6met.<\/p>\n<p>16). D\u00e5 krigsfartyg fr\u00e5n Ryssland och Sverige i forts\u00e4ttningen m\u00f6tas p\u00e5 haven, skall salut ges med fullkomligt j\u00e4mlikhet. D\u00e5 krigsfartyg m\u00f6ts skall den med mindre v\u00e4rdighet skjuta salut f\u00f6rst och den skall alltid besvaras av den andra parten.<\/p>\n<p>17). Om det blir sv\u00e5righeter med att tolka detta f\u00f6rdrag, skall tvisten behandlas av l\u00e4ndernas ambassad\u00f6rer och ministrar \u201dmed samma billighet och j\u00e4mkning, som varit till grund f\u00f6r detta traktat\u201d.<\/p>\n","protected":false},"excerpt":{"rendered":"<p>Sedan l\u00e5nga tider tillbaka i historien har omr\u00e5det Finland varit en del av stormaktsriket Sverige. Eftersom Sverige under l\u00e5nga tider var i krig med ett eller flera grannl\u00e4nder, betydde det att Finland och \u00d6sterbotten ocks\u00e5 drabbades. V\u00e5rt geografiska l\u00e4ge med <a class=\"more-link\" href=\"https:\/\/www.lassebacklund.fi\/?page_id=6292\">Forts\u00e4tt l\u00e4sa <span class=\"screen-reader-text\">  Finska kriget 1808-09<\/span><span class=\"meta-nav\">&rarr;<\/span><\/a><\/p>\n","protected":false},"author":1,"featured_media":0,"parent":6289,"menu_order":3,"comment_status":"closed","ping_status":"closed","template":"","meta":{"footnotes":""},"class_list":["post-6292","page","type-page","status-publish","hentry"],"_links":{"self":[{"href":"https:\/\/www.lassebacklund.fi\/index.php?rest_route=\/wp\/v2\/pages\/6292","targetHints":{"allow":["GET"]}}],"collection":[{"href":"https:\/\/www.lassebacklund.fi\/index.php?rest_route=\/wp\/v2\/pages"}],"about":[{"href":"https:\/\/www.lassebacklund.fi\/index.php?rest_route=\/wp\/v2\/types\/page"}],"author":[{"embeddable":true,"href":"https:\/\/www.lassebacklund.fi\/index.php?rest_route=\/wp\/v2\/users\/1"}],"replies":[{"embeddable":true,"href":"https:\/\/www.lassebacklund.fi\/index.php?rest_route=%2Fwp%2Fv2%2Fcomments&post=6292"}],"version-history":[{"count":67,"href":"https:\/\/www.lassebacklund.fi\/index.php?rest_route=\/wp\/v2\/pages\/6292\/revisions"}],"predecessor-version":[{"id":23233,"href":"https:\/\/www.lassebacklund.fi\/index.php?rest_route=\/wp\/v2\/pages\/6292\/revisions\/23233"}],"up":[{"embeddable":true,"href":"https:\/\/www.lassebacklund.fi\/index.php?rest_route=\/wp\/v2\/pages\/6289"}],"wp:attachment":[{"href":"https:\/\/www.lassebacklund.fi\/index.php?rest_route=%2Fwp%2Fv2%2Fmedia&parent=6292"}],"curies":[{"name":"wp","href":"https:\/\/api.w.org\/{rel}","templated":true}]}}