{"id":6289,"date":"2017-10-22T14:33:51","date_gmt":"2017-10-22T12:33:51","guid":{"rendered":"http:\/\/www.lassebacklund.fi\/?page_id=6289"},"modified":"2023-11-14T22:52:58","modified_gmt":"2023-11-14T20:52:58","slug":"vara-krig","status":"publish","type":"page","link":"https:\/\/www.lassebacklund.fi\/?page_id=6289","title":{"rendered":"V\u00e5ra krig"},"content":{"rendered":"<p>Under historiens g\u00e5ng har Finland varit indraget i krig flera g\u00e5nger och varje g\u00e5ng har fienden funnits bakom den \u00f6stra gr\u00e4nsen. Fr\u00e5n v\u00e5r Kristinestads horisont sett ligger \u00f6stgr\u00e4nsen l\u00e5ngt borta men \u00e4nd\u00e5 har v\u00e5rt omr\u00e5de drabbats av de fientliga \u00f6verfallen. Under 1700-talet var hela Finland under l\u00e5nga tider ockuperat av ryssarna och p\u00e5 1800-talet under \u00e5ren 1808-09. Under det f\u00f6rsta v\u00e4rldskriget var ryska trupper stationerade i Finland men efter att de f\u00f6rdrevs 1918 har v\u00e5rt land inte varit ockuperat av n\u00e5got annat land.<\/p>\n<p>Vill du l\u00e4sa mera om h\u00e4ndelser eller episoder fr\u00e5n Syd\u00f6sterbotten, s\u00e5 v\u00e4lj kategori h\u00e4r nedan.<\/p>\n<h6><a class=\"fasc-button fasc-size-medium fasc-type-glossy fasc-rounded-medium\" style=\"background-color: #33809e; color: #ffffff;\" href=\"http:\/\/www.lassebacklund.fi\/?page_id=8207\">Stora ofreden 1713-1721<\/a><\/h6>\n<h6><a class=\"fasc-button fasc-size-medium fasc-type-glossy fasc-rounded-medium\" style=\"background-color: #33809e; color: #ffffff;\" href=\"http:\/\/www.lassebacklund.fi\/?page_id=8121\">Lilla ofreden 1742-1743<\/a><\/h6>\n<h6><a class=\"fasc-button fasc-size-medium fasc-type-glossy fasc-rounded-medium\" style=\"background-color: #33809e; color: #ffffff;\" href=\"http:\/\/www.lassebacklund.fi\/?page_id=6292\">Finska kriget 1808-1809<\/a><\/h6>\n<h6><a class=\"fasc-button fasc-size-medium fasc-type-glossy fasc-rounded-medium\" style=\"background-color: #33809e; color: #ffffff;\" href=\"http:\/\/www.lassebacklund.fi\/?page_id=16241\">Krimkrigets inverkan p\u00e5 Kristinestad<\/a><\/h6>\n<figure id=\"attachment_21799\" aria-describedby=\"caption-attachment-21799\" style=\"width: 847px\" class=\"wp-caption alignnone\"><img loading=\"lazy\" decoding=\"async\" class=\"size-full wp-image-21799\" src=\"https:\/\/www.lassebacklund.fi\/wp-content\/uploads\/2022\/06\/Monumentet-vid-lokalen-i-Lappfjard-basta.jpg\" alt=\"\" width=\"847\" height=\"1130\" srcset=\"https:\/\/www.lassebacklund.fi\/wp-content\/uploads\/2022\/06\/Monumentet-vid-lokalen-i-Lappfjard-basta.jpg 847w, https:\/\/www.lassebacklund.fi\/wp-content\/uploads\/2022\/06\/Monumentet-vid-lokalen-i-Lappfjard-basta-225x300.jpg 225w, https:\/\/www.lassebacklund.fi\/wp-content\/uploads\/2022\/06\/Monumentet-vid-lokalen-i-Lappfjard-basta-768x1025.jpg 768w\" sizes=\"auto, (max-width: 847px) 100vw, 847px\" \/><figcaption id=\"caption-attachment-21799\" class=\"wp-caption-text\">\u00c5r 1999 reste staden Kristinestad detta minnesm\u00e4rke \u00f6ver de lappfj\u00e4rdsbor som stred i b\u00e5de vinter- och forts\u00e4ttningskriget \u00e5ren 1939-1945. Minnesm\u00e4rket finns p\u00e5 ungdomslokalens g\u00e5rdsplan och h\u00e4r samlades m\u00e4nnen f\u00f6re avf\u00e4rd till t\u00e5gstationen, d\u00e4rifr\u00e5n de reste \u00f6sterut mot ok\u00e4nda \u00f6den.<\/figcaption><\/figure>\n","protected":false},"excerpt":{"rendered":"<p>Under historiens g\u00e5ng har Finland varit indraget i krig flera g\u00e5nger och varje g\u00e5ng har fienden funnits bakom den \u00f6stra gr\u00e4nsen. Fr\u00e5n v\u00e5r Kristinestads horisont sett ligger \u00f6stgr\u00e4nsen l\u00e5ngt borta men \u00e4nd\u00e5 har v\u00e5rt omr\u00e5de drabbats av de fientliga \u00f6verfallen. <a class=\"more-link\" href=\"https:\/\/www.lassebacklund.fi\/?page_id=6289\">Forts\u00e4tt l\u00e4sa <span class=\"screen-reader-text\">  V\u00e5ra krig<\/span><span class=\"meta-nav\">&rarr;<\/span><\/a><\/p>\n","protected":false},"author":1,"featured_media":0,"parent":17,"menu_order":17,"comment_status":"closed","ping_status":"closed","template":"","meta":{"footnotes":""},"class_list":["post-6289","page","type-page","status-publish","hentry"],"_links":{"self":[{"href":"https:\/\/www.lassebacklund.fi\/index.php?rest_route=\/wp\/v2\/pages\/6289","targetHints":{"allow":["GET"]}}],"collection":[{"href":"https:\/\/www.lassebacklund.fi\/index.php?rest_route=\/wp\/v2\/pages"}],"about":[{"href":"https:\/\/www.lassebacklund.fi\/index.php?rest_route=\/wp\/v2\/types\/page"}],"author":[{"embeddable":true,"href":"https:\/\/www.lassebacklund.fi\/index.php?rest_route=\/wp\/v2\/users\/1"}],"replies":[{"embeddable":true,"href":"https:\/\/www.lassebacklund.fi\/index.php?rest_route=%2Fwp%2Fv2%2Fcomments&post=6289"}],"version-history":[{"count":12,"href":"https:\/\/www.lassebacklund.fi\/index.php?rest_route=\/wp\/v2\/pages\/6289\/revisions"}],"predecessor-version":[{"id":22283,"href":"https:\/\/www.lassebacklund.fi\/index.php?rest_route=\/wp\/v2\/pages\/6289\/revisions\/22283"}],"up":[{"embeddable":true,"href":"https:\/\/www.lassebacklund.fi\/index.php?rest_route=\/wp\/v2\/pages\/17"}],"wp:attachment":[{"href":"https:\/\/www.lassebacklund.fi\/index.php?rest_route=%2Fwp%2Fv2%2Fmedia&parent=6289"}],"curies":[{"name":"wp","href":"https:\/\/api.w.org\/{rel}","templated":true}]}}