{"id":6155,"date":"2017-10-09T17:52:17","date_gmt":"2017-10-09T15:52:17","guid":{"rendered":"http:\/\/www.lassebacklund.fi\/?page_id=6155"},"modified":"2018-07-11T21:16:22","modified_gmt":"2018-07-11T19:16:22","slug":"slaktnamn-som-borjar-pa-f","status":"publish","type":"page","link":"https:\/\/www.lassebacklund.fi\/?page_id=6155","title":{"rendered":"Sl\u00e4ktnamn som b\u00f6rjar p\u00e5 F."},"content":{"rendered":"<p><img loading=\"lazy\" decoding=\"async\" class=\"alignnone size-full wp-image-6147\" src=\"http:\/\/www.lassebacklund.fi\/wp-content\/uploads\/2017\/10\/Forslin-Alfhild.jpg\" alt=\"Forslin Alfhild\" width=\"1032\" height=\"989\" srcset=\"https:\/\/www.lassebacklund.fi\/wp-content\/uploads\/2017\/10\/Forslin-Alfhild.jpg 1032w, https:\/\/www.lassebacklund.fi\/wp-content\/uploads\/2017\/10\/Forslin-Alfhild-300x288.jpg 300w, https:\/\/www.lassebacklund.fi\/wp-content\/uploads\/2017\/10\/Forslin-Alfhild-768x736.jpg 768w, https:\/\/www.lassebacklund.fi\/wp-content\/uploads\/2017\/10\/Forslin-Alfhild-1024x981.jpg 1024w\" sizes=\"auto, (max-width: 1032px) 100vw, 1032px\" \/><\/p>\n<p><img loading=\"lazy\" decoding=\"async\" class=\"alignnone size-full wp-image-9125\" src=\"http:\/\/www.lassebacklund.fi\/wp-content\/uploads\/2018\/07\/Forslin-Anna-Kajsa.jpg\" alt=\"Forslin Anna Kajsa\" width=\"874\" height=\"464\" srcset=\"https:\/\/www.lassebacklund.fi\/wp-content\/uploads\/2018\/07\/Forslin-Anna-Kajsa.jpg 874w, https:\/\/www.lassebacklund.fi\/wp-content\/uploads\/2018\/07\/Forslin-Anna-Kajsa-300x159.jpg 300w, https:\/\/www.lassebacklund.fi\/wp-content\/uploads\/2018\/07\/Forslin-Anna-Kajsa-768x408.jpg 768w\" sizes=\"auto, (max-width: 874px) 100vw, 874px\" \/><\/p>\n<p><img loading=\"lazy\" decoding=\"async\" class=\"alignnone size-full wp-image-6148\" src=\"http:\/\/www.lassebacklund.fi\/wp-content\/uploads\/2017\/10\/Forslin-Axel.jpg\" alt=\"Forslin Axel\" width=\"2667\" height=\"1370\" srcset=\"https:\/\/www.lassebacklund.fi\/wp-content\/uploads\/2017\/10\/Forslin-Axel.jpg 2667w, https:\/\/www.lassebacklund.fi\/wp-content\/uploads\/2017\/10\/Forslin-Axel-300x154.jpg 300w, https:\/\/www.lassebacklund.fi\/wp-content\/uploads\/2017\/10\/Forslin-Axel-768x395.jpg 768w, https:\/\/www.lassebacklund.fi\/wp-content\/uploads\/2017\/10\/Forslin-Axel-1024x526.jpg 1024w\" sizes=\"auto, (max-width: 2667px) 100vw, 2667px\" \/><\/p>\n<p><img loading=\"lazy\" decoding=\"async\" class=\"alignnone size-full wp-image-6149\" src=\"http:\/\/www.lassebacklund.fi\/wp-content\/uploads\/2017\/10\/Forslin-Bertel.jpg\" alt=\"Forslin Bertel\" width=\"2552\" height=\"1465\" srcset=\"https:\/\/www.lassebacklund.fi\/wp-content\/uploads\/2017\/10\/Forslin-Bertel.jpg 2552w, https:\/\/www.lassebacklund.fi\/wp-content\/uploads\/2017\/10\/Forslin-Bertel-300x172.jpg 300w, https:\/\/www.lassebacklund.fi\/wp-content\/uploads\/2017\/10\/Forslin-Bertel-768x441.jpg 768w, https:\/\/www.lassebacklund.fi\/wp-content\/uploads\/2017\/10\/Forslin-Bertel-1024x588.jpg 1024w\" sizes=\"auto, (max-width: 2552px) 100vw, 2552px\" \/><\/p>\n<p><img loading=\"lazy\" decoding=\"async\" class=\"alignnone size-full wp-image-6150\" src=\"http:\/\/www.lassebacklund.fi\/wp-content\/uploads\/2017\/10\/Forslin-Selma.jpg\" alt=\"Forslin Selma\" width=\"1341\" height=\"1215\" srcset=\"https:\/\/www.lassebacklund.fi\/wp-content\/uploads\/2017\/10\/Forslin-Selma.jpg 1341w, https:\/\/www.lassebacklund.fi\/wp-content\/uploads\/2017\/10\/Forslin-Selma-300x272.jpg 300w, https:\/\/www.lassebacklund.fi\/wp-content\/uploads\/2017\/10\/Forslin-Selma-768x696.jpg 768w, https:\/\/www.lassebacklund.fi\/wp-content\/uploads\/2017\/10\/Forslin-Selma-1024x928.jpg 1024w\" sizes=\"auto, (max-width: 1341px) 100vw, 1341px\" \/><\/p>\n<p><img loading=\"lazy\" decoding=\"async\" class=\"alignnone size-full wp-image-6151\" src=\"http:\/\/www.lassebacklund.fi\/wp-content\/uploads\/2017\/10\/Forslund-Sigvald.jpg\" alt=\"Forslund Sigvald\" width=\"2229\" height=\"1031\" srcset=\"https:\/\/www.lassebacklund.fi\/wp-content\/uploads\/2017\/10\/Forslund-Sigvald.jpg 2229w, https:\/\/www.lassebacklund.fi\/wp-content\/uploads\/2017\/10\/Forslund-Sigvald-300x139.jpg 300w, https:\/\/www.lassebacklund.fi\/wp-content\/uploads\/2017\/10\/Forslund-Sigvald-768x355.jpg 768w, https:\/\/www.lassebacklund.fi\/wp-content\/uploads\/2017\/10\/Forslund-Sigvald-1024x474.jpg 1024w\" sizes=\"auto, (max-width: 2229px) 100vw, 2229px\" \/><\/p>\n<p><img loading=\"lazy\" decoding=\"async\" class=\"alignnone size-full wp-image-6152\" src=\"http:\/\/www.lassebacklund.fi\/wp-content\/uploads\/2017\/10\/Forsman-Inga-f.-Lillsj\u00f6.jpg\" alt=\"Forsman Inga, f. Lillsj\u00f6\" width=\"2341\" height=\"1029\" srcset=\"https:\/\/www.lassebacklund.fi\/wp-content\/uploads\/2017\/10\/Forsman-Inga-f.-Lillsj\u00f6.jpg 2341w, https:\/\/www.lassebacklund.fi\/wp-content\/uploads\/2017\/10\/Forsman-Inga-f.-Lillsj\u00f6-300x132.jpg 300w, https:\/\/www.lassebacklund.fi\/wp-content\/uploads\/2017\/10\/Forsman-Inga-f.-Lillsj\u00f6-768x338.jpg 768w, https:\/\/www.lassebacklund.fi\/wp-content\/uploads\/2017\/10\/Forsman-Inga-f.-Lillsj\u00f6-1024x450.jpg 1024w\" sizes=\"auto, (max-width: 2341px) 100vw, 2341px\" \/><\/p>\n<p><img loading=\"lazy\" decoding=\"async\" class=\"alignnone size-full wp-image-6153\" src=\"http:\/\/www.lassebacklund.fi\/wp-content\/uploads\/2017\/10\/Fritzen-Nils.jpg\" alt=\"Fritzen Nils\" width=\"1796\" height=\"1243\" srcset=\"https:\/\/www.lassebacklund.fi\/wp-content\/uploads\/2017\/10\/Fritzen-Nils.jpg 1796w, https:\/\/www.lassebacklund.fi\/wp-content\/uploads\/2017\/10\/Fritzen-Nils-300x208.jpg 300w, https:\/\/www.lassebacklund.fi\/wp-content\/uploads\/2017\/10\/Fritzen-Nils-768x532.jpg 768w, https:\/\/www.lassebacklund.fi\/wp-content\/uploads\/2017\/10\/Fritzen-Nils-1024x709.jpg 1024w\" sizes=\"auto, (max-width: 1796px) 100vw, 1796px\" \/><\/p>\n<p><img loading=\"lazy\" decoding=\"async\" class=\"alignnone size-full wp-image-6154\" src=\"http:\/\/www.lassebacklund.fi\/wp-content\/uploads\/2017\/10\/Fr\u00f6berg-Adelina.jpg\" alt=\"Fr\u00f6berg Adelina\" width=\"1429\" height=\"1546\" srcset=\"https:\/\/www.lassebacklund.fi\/wp-content\/uploads\/2017\/10\/Fr\u00f6berg-Adelina.jpg 1429w, https:\/\/www.lassebacklund.fi\/wp-content\/uploads\/2017\/10\/Fr\u00f6berg-Adelina-277x300.jpg 277w, https:\/\/www.lassebacklund.fi\/wp-content\/uploads\/2017\/10\/Fr\u00f6berg-Adelina-768x831.jpg 768w, https:\/\/www.lassebacklund.fi\/wp-content\/uploads\/2017\/10\/Fr\u00f6berg-Adelina-947x1024.jpg 947w\" sizes=\"auto, (max-width: 1429px) 100vw, 1429px\" \/><\/p>\n","protected":false},"excerpt":{"rendered":"","protected":false},"author":1,"featured_media":0,"parent":27,"menu_order":6,"comment_status":"closed","ping_status":"closed","template":"","meta":{"footnotes":""},"class_list":["post-6155","page","type-page","status-publish","hentry"],"_links":{"self":[{"href":"https:\/\/www.lassebacklund.fi\/index.php?rest_route=\/wp\/v2\/pages\/6155","targetHints":{"allow":["GET"]}}],"collection":[{"href":"https:\/\/www.lassebacklund.fi\/index.php?rest_route=\/wp\/v2\/pages"}],"about":[{"href":"https:\/\/www.lassebacklund.fi\/index.php?rest_route=\/wp\/v2\/types\/page"}],"author":[{"embeddable":true,"href":"https:\/\/www.lassebacklund.fi\/index.php?rest_route=\/wp\/v2\/users\/1"}],"replies":[{"embeddable":true,"href":"https:\/\/www.lassebacklund.fi\/index.php?rest_route=%2Fwp%2Fv2%2Fcomments&post=6155"}],"version-history":[{"count":2,"href":"https:\/\/www.lassebacklund.fi\/index.php?rest_route=\/wp\/v2\/pages\/6155\/revisions"}],"predecessor-version":[{"id":9126,"href":"https:\/\/www.lassebacklund.fi\/index.php?rest_route=\/wp\/v2\/pages\/6155\/revisions\/9126"}],"up":[{"embeddable":true,"href":"https:\/\/www.lassebacklund.fi\/index.php?rest_route=\/wp\/v2\/pages\/27"}],"wp:attachment":[{"href":"https:\/\/www.lassebacklund.fi\/index.php?rest_route=%2Fwp%2Fv2%2Fmedia&parent=6155"}],"curies":[{"name":"wp","href":"https:\/\/api.w.org\/{rel}","templated":true}]}}