{"id":6118,"date":"2017-10-03T22:09:46","date_gmt":"2017-10-03T20:09:46","guid":{"rendered":"http:\/\/www.lassebacklund.fi\/?page_id=6118"},"modified":"2026-01-08T00:14:31","modified_gmt":"2026-01-07T22:14:31","slug":"sandlunds-eller-joranas-pa-sunnantillvagen-203","status":"publish","type":"page","link":"https:\/\/www.lassebacklund.fi\/?page_id=6118","title":{"rendered":"Sandlunds eller J\u00f6ranas p\u00e5 Sunnantillv\u00e4gen 203"},"content":{"rendered":"<figure id=\"attachment_6116\" aria-describedby=\"caption-attachment-6116\" style=\"width: 1408px\" class=\"wp-caption alignnone\"><img loading=\"lazy\" decoding=\"async\" class=\"size-full wp-image-6116\" src=\"http:\/\/www.lassebacklund.fi\/wp-content\/uploads\/2017\/10\/G\u00e5rden.jpg\" alt=\"Trots sin h\u00f6ga \u00e5lder \u00e4r g\u00e5rden d\u00e4r \u201dJ\u00f6ranas\u201d fortfarande i bra skick. Fotot fr\u00e5n sommaren 2017.\" width=\"1408\" height=\"872\" srcset=\"https:\/\/www.lassebacklund.fi\/wp-content\/uploads\/2017\/10\/G\u00e5rden.jpg 1408w, https:\/\/www.lassebacklund.fi\/wp-content\/uploads\/2017\/10\/G\u00e5rden-300x186.jpg 300w, https:\/\/www.lassebacklund.fi\/wp-content\/uploads\/2017\/10\/G\u00e5rden-768x476.jpg 768w, https:\/\/www.lassebacklund.fi\/wp-content\/uploads\/2017\/10\/G\u00e5rden-1024x634.jpg 1024w\" sizes=\"auto, (max-width: 1408px) 100vw, 1408px\" \/><figcaption id=\"caption-attachment-6116\" class=\"wp-caption-text\">Sandlunds g\u00e5rd d\u00e4r \u201dJ\u00f6ranas\u201d \u00e4r mycket gammal, enligt l\u00e4raren Einar Lind skulle den till och med vara den \u00e4ldsta bevarade och fortfarande bebodda g\u00e5rden i Dagsmark. Trots sin h\u00f6ga \u00e5lder \u00e4r g\u00e5rden fortfarande i bra skick. Fotot fr\u00e5n sommaren 2017.<\/figcaption><\/figure>\n<p><span style=\"color: #000080;\"><strong>Sammanst\u00e4llt av Lasse Backlund i oktober 2017.\u00a0 Uppgifterna \u00e4r tagna ur gamla k\u00f6pebrev, lagfarter och sl\u00e4ktutredningar.<\/strong><\/span><\/p>\n<h2>G\u00e5rdens historia.<\/h2>\n<h5><strong>Johan Henrik Klemets d.\u00e4.<\/strong><\/h5>\n<p>Det \u00e4r troligtvis Johan Henrik Larsson Klemets (1805-1854) och hans hustru Anna Maja (f. L\u00e5ng 1804-1875) som byggde den f\u00f6rst men den har nog flyttats i n\u00e5got skede d\u00e5 den fick en riktig stenfot av kilade stenar.<\/p>\n<p><strong>Johan Henrik d.\u00e4.<\/strong> var son till mj\u00f6lnaren p\u00e5 Klemets kvarn Lars Larsson Klemets (1761-1834) och Anna Johansdotter L\u00e5ng (1770-1833). Johan Henrik f\u00f6ddes d\u00e4r Erikas, allts\u00e5 <strong>Vesterbackas<\/strong>\u00a0p\u00e5 andra sidan \u00e5n, d\u00e4r hans bror Anders Klemets fortsatte som mj\u00f6lnare p\u00e5 Klemets kvarn. Johan Henrik flyttade till J\u00f6ranas d\u00e5 han gifte sig med Anna Maja.<\/p>\n<p><strong>Anna Maja L\u00e5ng<\/strong> var dotter till J\u00f6ran J\u00f6ransson L\u00e5ng, som var f\u00f6dd i Karkku (1769-1849) och det \u00e4r nog efter denna J\u00f6ran som hela sl\u00e4ktet har kallats J\u00f6ranas.<\/p>\n<p>Johan Henrik och Anna Maja Klemets fick flera barn, bland annat:<\/p>\n<p>&#8211;<strong>Maja Greta<\/strong> (1837-1913) som \u00e5r 1857 gifte sig med Johan Johansson Lillsj\u00f6 (1835-1915) och de bodde i Lillsj\u00f6 i en g\u00e5rd som stod mittemot <a href=\"https:\/\/www.lassebacklund.fi\/?page_id=6069\"><strong>Josef Dahlroos g\u00e5rd<\/strong><\/a>. De fick barnen Erik Johan som gifte sig med <a href=\"https:\/\/www.lassebacklund.fi\/?page_id=25220\"><strong>Vilhelmina &#8221;Skogs-Mina&#8221; Gustavsdotter Rosenback<\/strong><\/a> fr\u00e5n Kvarn\u00e5 och Viktor som kallades \u201dLillsj\u00f6 Gam\u00e4lin\u201d som \u00e5r 1917 flyttade till Stormyron och blev bonde d\u00e4r.<\/p>\n<p><strong>&#8211;<a href=\"http:\/\/www.lassebacklund.fi\/?page_id=2034\">Erik som kallades \u201dEerkas\u201d<\/a><\/strong> (1832-1894) som \u00e5r 1858 gifte sig med Maja Greta Klemets (1832-1894) och de blev torpare p\u00e5 Klemets, p\u00e5 det st\u00e4lle vi kallar <a href=\"https:\/\/www.lassebacklund.fi\/?page_id=2034\"><strong>Nybergas eller Mannfolk Egilas<\/strong><\/a>. De fick barnen Viktor Klemets, som ca 1910 bytte namn till Nyberg (1864-1952) och Ida Sundblom (1878-1954) som kallades Dalmanas-Ida.<\/p>\n<p>&#8211;<strong>Anna Kajsa<\/strong> (1834-1918) som \u00e5r 1861 gifte sig med Johan Andersson Korsb\u00e4ck och de fick d\u00f6ttrarna Kajsa Hallonqvist (1871-1960) och Anna Sofia Lillsj\u00f6 (1863-1944).<\/p>\n<p>&#8211;<strong>Johan Henrik d.y<\/strong>. (1830-1900) som \u00e5r 1857 gifte sig med Anna Greta Johansdotter Lillsj\u00f6 (f. 1832). Denna Anna Greta var syster till Johan Lillsj\u00f6, som gifte sig med Maja Greta, allts\u00e5 ett exempel p\u00e5 att ett syskonpar gifte sig med ett annat syskonpar \u2013 samma \u00e5r till p\u00e5 k\u00f6pet. Johan Henrik och Anna Greta tog \u00f6ver hemg\u00e5rden d\u00e4r \u201dJ\u00f6ranas\u201d och blev b\u00f6nder d\u00e4r.<\/p>\n<h3><strong>Johan Henrik Klemets d.y. tar \u00f6ver<\/strong><\/h3>\n<p>Det var den \u00e4ldsta sonen Johan Henrik Klemets d.y. som blev bonde d\u00e4r \u201dJ\u00f6ranas\u201d och hustrun Anna Greta hittade han i Lillsj\u00f6.<\/p>\n<p>Johan Henrik och Anna Greta fick 3 barn:<\/p>\n<p>&#8211;<strong>Viktor Norrg\u00e5rd<\/strong> (1859-1945) som \u00e5r 1884 gifte sig med Edla Lillkull (1862-1918) som var dotter till <a href=\"https:\/\/www.lassebacklund.fi\/?page_id=2213\"><strong>\u201dRebeck-Kalle\u201d<\/strong><\/a> p\u00e5 A-sidon. Viktor och Edla fick sedan barnen <strong><a href=\"http:\/\/www.lassebacklund.fi\/?page_id=2370\">\u201dDal\u201d Frans Gr\u00f6nlund<\/a><\/strong>, <strong>\u201d<a href=\"http:\/\/www.lassebacklund.fi\/?page_id=5566\">J\u00f6ranas\u201d Erland Norrg\u00e5rd <\/a><\/strong>och <a href=\"http:\/\/www.lassebacklund.fi\/?page_id=433\">\u201d<strong>J\u00f6ranas\u201d Emil Norrg\u00e5rd<\/strong><\/a><strong>.<\/strong><\/p>\n<p>&#8211;<strong>Vilhelmina<\/strong> (1870-1944) som \u00e5r 1892 gifte sig med <strong><a href=\"http:\/\/www.lassebacklund.fi\/?page_id=932\">Josef Nyg\u00e5rd i Korsb\u00e4ck <\/a><\/strong>och flyttade dit. F\u00f6re gifterm\u00e5let kallades hon &#8221;J\u00f6rarnas Mina&#8221; och efter\u00e5t &#8221;K\u00e5rk Antas Mina&#8221;.<\/p>\n<p>&#8211;<strong>Johan<\/strong> (1863-1947) som kallades &#8221;J\u00f6ranas J\u00e5han&#8221; tog sl\u00e4ktnamnet Sandlund n\u00e4r han gifte sig \u00e5r 1892 med Anna Kajsa Klemets (1866-1931). Johan och Anna Kajsa tog \u00f6ver hemg\u00e5rden d\u00e4r \u201dJ\u00f6ranas\u201d och blev b\u00f6nder d\u00e4r.<\/p>\n<h3><strong>Johan Sandlund tar \u00f6ver<\/strong><\/h3>\n<figure id=\"attachment_6112\" aria-describedby=\"caption-attachment-6112\" style=\"width: 1225px\" class=\"wp-caption aligncenter\"><img loading=\"lazy\" decoding=\"async\" class=\"size-full wp-image-6112\" src=\"http:\/\/www.lassebacklund.fi\/wp-content\/uploads\/2017\/10\/2.jpg\" alt=\"I b\u00f6rjan p\u00e5 1900-talet d\u00e5 storskiftet genomf\u00f6rdes fick Johan och Anna Kajsa sitt hemman Sandlund 1:8 samlat i ett enda skifte, f\u00f6rutom skogarna som fanns p\u00e5 Berg\u00e5sen och i Svartmossen. Hela hemmanet var lite \u00f6ver 30 hektar stort.\" width=\"1225\" height=\"788\" srcset=\"https:\/\/www.lassebacklund.fi\/wp-content\/uploads\/2017\/10\/2.jpg 1225w, https:\/\/www.lassebacklund.fi\/wp-content\/uploads\/2017\/10\/2-300x193.jpg 300w, https:\/\/www.lassebacklund.fi\/wp-content\/uploads\/2017\/10\/2-768x494.jpg 768w, https:\/\/www.lassebacklund.fi\/wp-content\/uploads\/2017\/10\/2-1024x659.jpg 1024w\" sizes=\"auto, (max-width: 1225px) 100vw, 1225px\" \/><figcaption id=\"caption-attachment-6112\" class=\"wp-caption-text\">I b\u00f6rjan p\u00e5 1900-talet d\u00e5 storskiftet genomf\u00f6rdes fick Johan och Anna Kajsa sitt hemman Sandlund 1:8 samlat i ett enda skifte, f\u00f6rutom skogarna som fanns p\u00e5 Berg\u00e5sen och i Svartmossen. Hela hemmanet var lite \u00f6ver 30 hektar stort.<\/figcaption><\/figure>\n<p>Johan och Anna Kajsa Sandlund fick 3 barn:<\/p>\n<p>-Selma <strong><span style=\"text-decoration: underline;\">Amanda<\/span> <\/strong>(1893-1942) som gifte sig \u00e5r 1941, allts\u00e5 ett \u00e5r f\u00f6re hon dog med Erik Anders Broberg (1878-1954). Inga barn. I arv efter modern och brodern Anselm hade Amanda f\u00e5tt en del mark, bland annat en tomt som l\u00e5g p\u00e5 den \u00f6stra sidan om v\u00e4gen ner till Klemets bron. D\u00e4r byggde &#8221;J\u00f6ranas Manda&#8221; Amanda en g\u00e5rd, som var ihop byggd med ett uthus och hon flyttade dit. Amanda l\u00e4r ha v\u00e4ntat i flera \u00e5r p\u00e5 att &#8221;Halt Erik&#8221; Asplund i granng\u00e5rden skulle fria, men f\u00f6rg\u00e4ves. Det l\u00e4r till och med ha varit s\u00e5 n\u00e4ra att Manda skulle h\u00e4mta Erik f\u00f6r att fara till Stadin f\u00f6r att f\u00f6rlova sig men Erik tyckte &#8221;kanske vi v\u00e4ntar lite \u00e4nnu&#8221;. S\u00e5 d\u00e5 blev det f\u00f6r Amanda att gifta sig p\u00e5 gamla dar med \u00e4nklingen Broberg i st\u00e4llet, d\u00e5 var hon redan l\u00e5ngt \u00f6ver 40 \u00e5r.<\/p>\n<p>D\u00e5 Amanda gifte sig 1941 med Broberg flyttade hon till<a href=\"https:\/\/www.lassebacklund.fi\/?page_id=22892\"> hans g\u00e5rd som stod upp mot Nystad,<\/a> men redan f\u00f6ljande \u00e5r k\u00f6pte de en <a href=\"https:\/\/www.lassebacklund.fi\/?page_id=22910\">g\u00e5rd i Kias-kroken<\/a>. Broberg och Selma gjorde ett inb\u00f6rdes testamente och enligt det s\u00e5 skulle den efterlevande vid ett d\u00f6dsfall \u00e4rva all egendom. Efter Selmas d\u00f6dsfall kunde hennes far Johan och brodern Frans inte godk\u00e4nna detta, utan efter en process fick de Broberg att \u00f6verl\u00e5ta Selmas arvejord tillbaka till Johan och Frans. \u00c5r 1943 gav fadern Johan sin andel i denna uppg\u00f6relse \u00e5t sonen Frans. I augusti 1953 s\u00e5lde Erik Anders Broberg och hans f\u00f6ljande hustru Adelina tomten n\u00e4ra Klemets bron \u00e5t bonden Valter L\u00e5ngfors, som rev ner g\u00e5rden. Tomten \u00e4r fortfarande i sl\u00e4kten L\u00e5ngfors \u00e4go. Halt Erik Asplund levde sedan hela livet som ungkarl tillsammans med sin syster nere vid Klemets bron.<\/p>\n<p>&#8211;<strong>Anselm<\/strong> (1902-1935) ogift och barnl\u00f6s.<\/p>\n<p>&#8211;<strong>Frans<\/strong> (1896-1942) som \u00e5r 1938, d\u00e5 han var 42 \u00e5r gammal, gifte sig med grannflickan Hilma Rosenlund (1903-2000) fr\u00e5n Skomakas. Hilma l\u00e4r ha g\u00e5tt och v\u00e4ntat p\u00e5 att &#8221;Erikas Artur&#8221; Vesterg\u00e5rd skulle \u00e5terv\u00e4nda fr\u00e5n Canada, d\u00e5 skulle de gifta sig. Men Artur kom aldrig och d\u00e5 blev det att gifta sig med granng\u00e5rds-Frans i st\u00e4llet. Hilma var d\u00e5 35 \u00e5r gammal och 4 \u00e5r efter vigseln avled Frans och efter det levde Hilma ensam och barnl\u00f6s. Erikas Artur dog sedan i Vancouver 1968.<\/p>\n<h3><strong>Frans Sandlund tar \u00f6ver<\/strong><\/h3>\n<p>I september 1936 k\u00f6pte Frans Sandlund h\u00e4lften av fadern Johans hemman, mot sytning och krav p\u00e5 livstids sk\u00f6tsel f\u00f6r s\u00e4ljaren. Frans och Hilma blev allts\u00e5 b\u00f6nder p\u00e5 \u201dJ\u00f6ranas\u201d hemman. N\u00e5gra barn fick de inte och Frans dog redan 1946 i 50 \u00e5rs \u00e5lder. Genom ett inb\u00f6rdes testamente \u00e4rvde \u00e4nkan Hilma allting och stod d\u00e5 som \u00e4gare till Sandlunds hemman. Till sin hj\u00e4lp att sk\u00f6ta hemmanet fick hon Helmer Holmqvist fr\u00e5n Kol\u00e4ngen. D\u00e5 Helmer \u00e5r 1948 gifte sig med Gunhild Lindell, s\u00e5 b\u00f6rjade de bo i lillstugan hos Sandlunds tills de fick den egna g\u00e5rden byggd p\u00e5 andra sidan \u00e5n.<\/p>\n<h3><strong>Egil Norrvik tar \u00f6ver<\/strong><\/h3>\n<p>\u00c5r 1955, den 3 juni s\u00e5lde \u00e4nkan Hilma Sandlund g\u00e5rden och hemmanet \u00e5t Egil Norrvik (1928-2016) f\u00f6r 1, 9 miljoner gamla mark. Sandlunds hemman bestod d\u00e5 av 9 ha \u00e5kermark och 16 ha skog. Hilma fick livstids r\u00e4tt att bo i lillstugan, gratis vatten och 10 kubikmeter med blandved varje \u00e5r. Egil flyttade in i den gamla g\u00e5rden och efter det bodde Hilma i lillstugan.<\/p>\n<p>Egil var f\u00f6dd i Norrviken och var son till Selim Norrvik, f\u00f6dd Knus och Jolanda, f\u00f6dd Rosenback. Till julen 1955 gifte sig Egil med Birgit Englund (1928-2017) fr\u00e5n Palon och de bodde efter det i den gamla g\u00e5rden.<\/p>\n<figure id=\"attachment_6113\" aria-describedby=\"caption-attachment-6113\" style=\"width: 1281px\" class=\"wp-caption aligncenter\"><img loading=\"lazy\" decoding=\"async\" class=\"size-full wp-image-6113\" src=\"http:\/\/www.lassebacklund.fi\/wp-content\/uploads\/2017\/10\/3.jpg\" alt=\"Efter att Hilma Sandlund hade s\u00e5lt hemmanet \u00e5t familjen Norrvik flyttade hon till lillstugan och hon bodde ensam d\u00e4r under en l\u00e5ng tid. Hilma dog \u00e5r 2000 och hon var den sista som bodde i lillstugan. I v\u00e4nstra kanten syns hennes barndomshem d\u00e4r \u201dSkomakas\u201d. Fotot fr\u00e5n 2003.\" width=\"1281\" height=\"968\" srcset=\"https:\/\/www.lassebacklund.fi\/wp-content\/uploads\/2017\/10\/3.jpg 1281w, https:\/\/www.lassebacklund.fi\/wp-content\/uploads\/2017\/10\/3-300x227.jpg 300w, https:\/\/www.lassebacklund.fi\/wp-content\/uploads\/2017\/10\/3-768x580.jpg 768w, https:\/\/www.lassebacklund.fi\/wp-content\/uploads\/2017\/10\/3-1024x774.jpg 1024w\" sizes=\"auto, (max-width: 1281px) 100vw, 1281px\" \/><figcaption id=\"caption-attachment-6113\" class=\"wp-caption-text\">Efter att Hilma Sandlund hade s\u00e5lt hemmanet \u00e5t familjen Norrvik flyttade hon till den h\u00e4r lillstugan och hon bodde ensam d\u00e4r under en l\u00e5ng tid. Hilma dog \u00e5r 2000 och hon var den sista som bodde i lillstugan. I v\u00e4nstra kanten syns hennes barndomshem d\u00e4r \u201dSkomakas\u201d. Fotot fr\u00e5n 2003.<\/figcaption><\/figure>\n<p>Egil och Birgit flyttade till den gamla bondg\u00e5rden d\u00e4r J\u00f6ranas, d\u00e5 de k\u00f6pte hemmanet av Hilma. I b\u00f6rjan p\u00e5 1960-talet k\u00f6pte de <a href=\"https:\/\/www.lassebacklund.fi\/?page_id=15809\">\u201dK\u00e5rk Erk J\u00e5hanas\u201d hemman och g\u00e5rd i Palon<\/a> och de uppf\u00f6rde d\u00e4r en ny g\u00e5rd, svinhus och m\u00e5nga andra byggnader och de flyttade dit med sin familj. Efter det stod g\u00e5rden d\u00e4r \u201dJ\u00f6ranas\u201d tom en tid tills f\u00f6ljande generation tog \u00f6ver g\u00e5rden och satte den i skick och den \u00e4r fortfarande bebodd.<\/p>\n<h3><strong>Foton.<\/strong><\/h3>\n<figure id=\"attachment_11061\" aria-describedby=\"caption-attachment-11061\" style=\"width: 1496px\" class=\"wp-caption aligncenter\"><img loading=\"lazy\" decoding=\"async\" class=\"size-full wp-image-11061\" src=\"http:\/\/www.lassebacklund.fi\/wp-content\/uploads\/2019\/01\/Gruppfoto-ungdomar-1.jpg\" alt=\"\" width=\"1496\" height=\"1165\" srcset=\"https:\/\/www.lassebacklund.fi\/wp-content\/uploads\/2019\/01\/Gruppfoto-ungdomar-1.jpg 1496w, https:\/\/www.lassebacklund.fi\/wp-content\/uploads\/2019\/01\/Gruppfoto-ungdomar-1-300x234.jpg 300w, https:\/\/www.lassebacklund.fi\/wp-content\/uploads\/2019\/01\/Gruppfoto-ungdomar-1-768x598.jpg 768w, https:\/\/www.lassebacklund.fi\/wp-content\/uploads\/2019\/01\/Gruppfoto-ungdomar-1-1024x797.jpg 1024w\" sizes=\"auto, (max-width: 1496px) 100vw, 1496px\" \/><figcaption id=\"caption-attachment-11061\" class=\"wp-caption-text\">Dagsmarkungdomar kl\u00e4dda i folkdr\u00e4kter i b\u00f6rjan av 30-talet. Syskonen Manda, Anselm och Frans finns med p\u00e5 bilden.<\/figcaption><\/figure>\n<figure id=\"attachment_6114\" aria-describedby=\"caption-attachment-6114\" style=\"width: 1148px\" class=\"wp-caption aligncenter\"><img loading=\"lazy\" decoding=\"async\" class=\"size-full wp-image-6114\" src=\"http:\/\/www.lassebacklund.fi\/wp-content\/uploads\/2017\/10\/4.jpg\" alt=\"P\u00e5 lantbruksutst\u00e4llningen i Lappfj\u00e4rd \u00e5r 1938 fick Frans Sandlund detta fina diplom av \u00d6sterbottens Svenska Lantbrukss\u00e4llskap. Diplomet visar att Frans \u00e4gde en del av Klemets hemman som funnits i 330 \u00e5r, allts\u00e5 sedan 1608.\" width=\"1148\" height=\"1604\" srcset=\"https:\/\/www.lassebacklund.fi\/wp-content\/uploads\/2017\/10\/4.jpg 1148w, https:\/\/www.lassebacklund.fi\/wp-content\/uploads\/2017\/10\/4-215x300.jpg 215w, https:\/\/www.lassebacklund.fi\/wp-content\/uploads\/2017\/10\/4-768x1073.jpg 768w, https:\/\/www.lassebacklund.fi\/wp-content\/uploads\/2017\/10\/4-733x1024.jpg 733w\" sizes=\"auto, (max-width: 1148px) 100vw, 1148px\" \/><figcaption id=\"caption-attachment-6114\" class=\"wp-caption-text\">P\u00e5 lantbruksutst\u00e4llningen i Lappfj\u00e4rd \u00e5r 1938 fick Frans Sandlund detta fina diplom av \u00d6sterbottens Svenska Lantbrukss\u00e4llskap. Diplomet visar att Frans \u00e4gde en del av Klemets hemman som funnits i 330 \u00e5r, allts\u00e5 sedan 1608.<\/figcaption><\/figure>\n<figure id=\"attachment_6117\" aria-describedby=\"caption-attachment-6117\" style=\"width: 1209px\" class=\"wp-caption aligncenter\"><img loading=\"lazy\" decoding=\"async\" class=\"size-full wp-image-6117\" src=\"http:\/\/www.lassebacklund.fi\/wp-content\/uploads\/2017\/10\/Sandlunds-g\u00e5rd-och-lillstuga.jpg\" alt=\"P\u00e5 fotot fr\u00e5n 2017 ser vi att storstugan och lillstugan st\u00e5r n\u00e4ra varandra d\u00e4r J\u00f6ranas.\" width=\"1209\" height=\"795\" srcset=\"https:\/\/www.lassebacklund.fi\/wp-content\/uploads\/2017\/10\/Sandlunds-g\u00e5rd-och-lillstuga.jpg 1209w, https:\/\/www.lassebacklund.fi\/wp-content\/uploads\/2017\/10\/Sandlunds-g\u00e5rd-och-lillstuga-300x197.jpg 300w, https:\/\/www.lassebacklund.fi\/wp-content\/uploads\/2017\/10\/Sandlunds-g\u00e5rd-och-lillstuga-768x505.jpg 768w, https:\/\/www.lassebacklund.fi\/wp-content\/uploads\/2017\/10\/Sandlunds-g\u00e5rd-och-lillstuga-1024x673.jpg 1024w\" sizes=\"auto, (max-width: 1209px) 100vw, 1209px\" \/><figcaption id=\"caption-attachment-6117\" class=\"wp-caption-text\">P\u00e5 fotot fr\u00e5n 2017 ser vi att storstugan och lillstugan st\u00e5r n\u00e4ra varandra d\u00e4r Sandlundas.<\/figcaption><\/figure>\n<figure id=\"attachment_6115\" aria-describedby=\"caption-attachment-6115\" style=\"width: 1408px\" class=\"wp-caption aligncenter\"><img loading=\"lazy\" decoding=\"async\" class=\"size-full wp-image-6115\" src=\"http:\/\/www.lassebacklund.fi\/wp-content\/uploads\/2017\/10\/6.jpg\" alt=\"Uthusen d\u00e4r \u201dJ\u00f6ranas\u201d har st\u00e5tt tomma en l\u00e4ngre tid. Fotot fr\u00e5n 2017 \u00e4r taget fr\u00e5n Sunnantillv\u00e4gen.\" width=\"1408\" height=\"876\" srcset=\"https:\/\/www.lassebacklund.fi\/wp-content\/uploads\/2017\/10\/6.jpg 1408w, https:\/\/www.lassebacklund.fi\/wp-content\/uploads\/2017\/10\/6-300x187.jpg 300w, https:\/\/www.lassebacklund.fi\/wp-content\/uploads\/2017\/10\/6-768x478.jpg 768w, https:\/\/www.lassebacklund.fi\/wp-content\/uploads\/2017\/10\/6-1024x637.jpg 1024w\" sizes=\"auto, (max-width: 1408px) 100vw, 1408px\" \/><figcaption id=\"caption-attachment-6115\" class=\"wp-caption-text\">Uthusen d\u00e4r \u201dJ\u00f6ranas\u201d har st\u00e5tt tomma en l\u00e4ngre tid. Fotot fr\u00e5n 2017 \u00e4r taget fr\u00e5n Sunnantillv\u00e4gen.<\/figcaption><\/figure>\n","protected":false},"excerpt":{"rendered":"<p>Sammanst\u00e4llt av Lasse Backlund i oktober 2017.\u00a0 Uppgifterna \u00e4r tagna ur gamla k\u00f6pebrev, lagfarter och sl\u00e4ktutredningar. G\u00e5rdens historia. Johan Henrik Klemets d.\u00e4. Det \u00e4r troligtvis Johan Henrik Larsson Klemets (1805-1854) och hans hustru Anna Maja (f. L\u00e5ng 1804-1875) som byggde <a class=\"more-link\" href=\"https:\/\/www.lassebacklund.fi\/?page_id=6118\">Forts\u00e4tt l\u00e4sa <span class=\"screen-reader-text\">  Sandlunds eller J\u00f6ranas p\u00e5 Sunnantillv\u00e4gen 203<\/span><span class=\"meta-nav\">&rarr;<\/span><\/a><\/p>\n","protected":false},"author":1,"featured_media":0,"parent":90,"menu_order":203,"comment_status":"closed","ping_status":"closed","template":"","meta":{"footnotes":""},"class_list":["post-6118","page","type-page","status-publish","hentry"],"_links":{"self":[{"href":"https:\/\/www.lassebacklund.fi\/index.php?rest_route=\/wp\/v2\/pages\/6118","targetHints":{"allow":["GET"]}}],"collection":[{"href":"https:\/\/www.lassebacklund.fi\/index.php?rest_route=\/wp\/v2\/pages"}],"about":[{"href":"https:\/\/www.lassebacklund.fi\/index.php?rest_route=\/wp\/v2\/types\/page"}],"author":[{"embeddable":true,"href":"https:\/\/www.lassebacklund.fi\/index.php?rest_route=\/wp\/v2\/users\/1"}],"replies":[{"embeddable":true,"href":"https:\/\/www.lassebacklund.fi\/index.php?rest_route=%2Fwp%2Fv2%2Fcomments&post=6118"}],"version-history":[{"count":21,"href":"https:\/\/www.lassebacklund.fi\/index.php?rest_route=\/wp\/v2\/pages\/6118\/revisions"}],"predecessor-version":[{"id":25402,"href":"https:\/\/www.lassebacklund.fi\/index.php?rest_route=\/wp\/v2\/pages\/6118\/revisions\/25402"}],"up":[{"embeddable":true,"href":"https:\/\/www.lassebacklund.fi\/index.php?rest_route=\/wp\/v2\/pages\/90"}],"wp:attachment":[{"href":"https:\/\/www.lassebacklund.fi\/index.php?rest_route=%2Fwp%2Fv2%2Fmedia&parent=6118"}],"curies":[{"name":"wp","href":"https:\/\/api.w.org\/{rel}","templated":true}]}}