{"id":6036,"date":"2017-09-27T18:45:02","date_gmt":"2017-09-27T16:45:02","guid":{"rendered":"http:\/\/www.lassebacklund.fi\/?page_id=6036"},"modified":"2017-10-29T15:47:03","modified_gmt":"2017-10-29T14:47:03","slug":"kvarna-sag-pa-lillsjovagen","status":"publish","type":"page","link":"https:\/\/www.lassebacklund.fi\/?page_id=6036","title":{"rendered":"Kvarn\u00e5 S\u00e5g p\u00e5 Lillsj\u00f6v\u00e4gen."},"content":{"rendered":"<p><span style=\"color: #000080;\">Sammanst\u00e4llt av Lasse Backlund 2014, med hj\u00e4lp av Ralf Nyholm. F\u00f6rnyades i september 2017.<\/span><\/p>\n<figure id=\"attachment_6025\" aria-describedby=\"caption-attachment-6025\" style=\"width: 1164px\" class=\"wp-caption aligncenter\"><img loading=\"lazy\" decoding=\"async\" class=\"wp-image-6025 size-full\" src=\"http:\/\/www.lassebacklund.fi\/wp-content\/uploads\/2017\/09\/1-2.jpg\" alt=\"Flygfoto fr\u00e5n tidigt 60-tal d\u00e4r Kvarn\u00e5 S\u00e5g syns mitt i bild och s\u00e5g\u00e4garen Emil Nyholm g\u00e5rd till h\u00f6ger. Sj\u00e4lva s\u00e5gbyggnaden byggdes i b\u00f6rjan p\u00e5 1950-talet, d\u00e5 den gamla fr\u00e5n 1930 revs.\" width=\"1164\" height=\"787\" srcset=\"https:\/\/www.lassebacklund.fi\/wp-content\/uploads\/2017\/09\/1-2.jpg 1164w, https:\/\/www.lassebacklund.fi\/wp-content\/uploads\/2017\/09\/1-2-300x203.jpg 300w, https:\/\/www.lassebacklund.fi\/wp-content\/uploads\/2017\/09\/1-2-768x519.jpg 768w, https:\/\/www.lassebacklund.fi\/wp-content\/uploads\/2017\/09\/1-2-1024x692.jpg 1024w\" sizes=\"auto, (max-width: 1164px) 100vw, 1164px\" \/><figcaption id=\"caption-attachment-6025\" class=\"wp-caption-text\">Flygfoto fr\u00e5n tidigt 60-tal d\u00e4r Kvarn\u00e5 S\u00e5g syns mitt i bild och s\u00e5g\u00e4garen Emil Nyholms g\u00e5rd till h\u00f6ger. Sj\u00e4lva s\u00e5gbyggnaden byggdes i b\u00f6rjan p\u00e5 1950-talet, d\u00e5 den gamla fr\u00e5n 30-talet revs.<\/figcaption><\/figure>\n<p>Den h\u00e4r s\u00e5gen p\u00e5 Lillsj\u00f6v\u00e4gen i Kvarn\u00e5 byggdes p\u00e5 1950-talet av s\u00e5g\u00e4garen Emil Nyholm (f.1900 i Norrviken i Korsb\u00e4ck, d. 1978). Men redan\u00a0i b\u00f6rjan p\u00e5 30-talet\u00a0byggde han den f\u00f6rsta s\u00e5gen h\u00e4r p\u00e5 samma st\u00e4lle men den revs d\u00e5 den nuvarande byggdes.<\/p>\n<p>Emil som var f\u00f6dd i Norrviken flyttade till Dagsmark redan i augusti 1925 d\u00e5 han k\u00f6pte Mattssons lemonadfabrik p\u00e5 Korsb\u00e4ckv\u00e4gen 6. \u00c5r 1930 s\u00e5lde han lemonadfabriken och g\u00e5rden \u00e5t Vilhelm Norrback fr\u00e5n Tj\u00f6ck. Vill du l\u00e4sa mera om denna lemonadfabrik, s\u00e5 klicka <a href=\"http:\/\/www.lassebacklund.fi\/?page_id=906\"><span style=\"text-decoration: underline;\"><span style=\"color: #000080;\"><strong>H\u00c4R!<\/strong><\/span><\/span><\/a><\/p>\n<p>Emil byggde d\u00e5 en ny g\u00e5rd \u00e5t sig p\u00e5 Lillsj\u00f6v\u00e4gen 117 och samtidigt b\u00f6rjade han bygga en s\u00e5g i Kvarn\u00e5. N\u00e5gon s\u00e5g fanns allts\u00e5 inte d\u00e4r fr\u00e5n tidigare men f\u00f6r l\u00e5nga tider sedan hade det funnits en kvarn p\u00e5 Malarudden p\u00e5 andra sidan \u00e5n. M\u00f6jligtvis fanns det f\u00e4rdigt en damm i \u00e5n fr\u00e5n den tiden, f\u00f6r de f\u00f6rsta \u00e5rtiondena drevs Kvarn\u00e5 S\u00e5g enbart med vattenkraft.<\/p>\n<p>Hur den f\u00f6rsta s\u00e5gen s\u00e5g ut vet vi inte men den revs d\u00e5 den nya s\u00e5gen byggdes i b\u00f6rjan p\u00e5 1950-talet.<\/p>\n<figure id=\"attachment_6391\" aria-describedby=\"caption-attachment-6391\" style=\"width: 1109px\" class=\"wp-caption aligncenter\"><img loading=\"lazy\" decoding=\"async\" class=\"size-full wp-image-6391\" src=\"http:\/\/www.lassebacklund.fi\/wp-content\/uploads\/2017\/10\/Byggandet-av-nya-s\u00e5gen.jpg\" alt=\"I september 1952 hade bygget av den nya s\u00e5gen framskridit s\u00e5 l\u00e5ngt att det gick att l\u00e4gga p\u00e5 taket.\" width=\"1109\" height=\"557\" srcset=\"https:\/\/www.lassebacklund.fi\/wp-content\/uploads\/2017\/10\/Byggandet-av-nya-s\u00e5gen.jpg 1109w, https:\/\/www.lassebacklund.fi\/wp-content\/uploads\/2017\/10\/Byggandet-av-nya-s\u00e5gen-300x151.jpg 300w, https:\/\/www.lassebacklund.fi\/wp-content\/uploads\/2017\/10\/Byggandet-av-nya-s\u00e5gen-768x386.jpg 768w, https:\/\/www.lassebacklund.fi\/wp-content\/uploads\/2017\/10\/Byggandet-av-nya-s\u00e5gen-1024x514.jpg 1024w\" sizes=\"auto, (max-width: 1109px) 100vw, 1109px\" \/><figcaption id=\"caption-attachment-6391\" class=\"wp-caption-text\">I september 1952 hade bygget av den nya s\u00e5gen framskridit s\u00e5 l\u00e5ngt att det gick att l\u00e4gga p\u00e5 taket.<\/figcaption><\/figure>\n<p>P\u00e5 1950-talet blev det sv\u00e5rare att driva s\u00e5gen med vattenkraft efter att utdikningarna av Dagsmark Storsj\u00f6 Tr\u00e4sk gjorts. F\u00f6re utdikningarna hade vattenstr\u00f6mmarna varit j\u00e4mnare under en l\u00e4ngre period men\u00a0efter att Lill\u00e5n f\u00f6rdjupades\u00a0kom allt vatten s\u00e5 att s\u00e4ga p\u00e5 en g\u00e5ng. P\u00e5 grund av denna oregelbundenhet av vattenstr\u00f6mmarna b\u00f6rjade s\u00e5gen drivas med elektricitet fr\u00e5n Dagsmark Elandelslag, fr\u00e5n transformatorn i Palon. Eftersom den ocks\u00e5 var svag s\u00e5 anv\u00e4ndes \u00e4ven en Gr\u00f6nlund kult\u00e4ndarmotor tillverkad i Kask\u00f6. P\u00e5 60-talet anv\u00e4ndes ocks\u00e5 en dieselmotor som drog en generator. Den anv\u00e4ndes fram till oljekrisen 1973-74 d\u00e5 priset p\u00e5 br\u00e4nnoljan steg rej\u00e4lt.<\/p>\n<p>Emil Nyholm k\u00f6pte upp s\u00e5gstockar i n\u00e4romr\u00e5det och de s\u00e5gade varorna exporterades \u00f6ver hamnarna i Kristinestad och Kask\u00f6. Som mest kunde det vara upp till 10 personer i arbete p\u00e5 s\u00e5gen. Frans Lindfors arbetade d\u00e4r liksom Leander Nyholm, Hemming Nyholm, Emil Hammarberg, Nils Norrgrann, Mauno Rintala, Erkki Rintala, Juho Rintala, Gunnar Vidberg, Nils Berglund, Levi Berg, Boris Lindblad, B\u00f6rje Viklund, Bertel L\u00e5ngfors, Rudi Nyberg, Torsten Rosenback, Karl Lillkull, Helge Nyholm, Alf Granskog, Pauli Mannila och s\u00e4kerligen m\u00e5nga fler. Vissa arbetade kortare tider men somliga arbetade p\u00e5 s\u00e5gen under en l\u00e5ng tid.<\/p>\n<p>Emil Nyholm drev s\u00e5gen till \u00e5r 1965 d\u00e5 den \u00f6vertogs av sonen Ralf. \u00a0I mitten av 1980-talet var verksamheten allvarligt hotad d\u00e5 vevaxeln som drog ramen helt pl\u00f6tsligt brast. Eftersom ramen var gammal fanns det ingen ny axel att f\u00e5 och \u00e4garen Ralf Nyholm \u00f6verv\u00e4gde att helt l\u00e4gga ner verksamheten. Men han b\u00f6rjade i alla fall leta efter en bra begagnad ram som kunde ers\u00e4tta den s\u00f6ndriga och en s\u00e5dan hittade han i Kauhava. Och inte bara en utan det var till och med tv\u00e5 och en halv. Det blev aff\u00e4r och Ralf och n\u00e5gra s\u00e5garbetare b\u00f6rjade montera ner ramarna. Detta tog flera dagar i anspr\u00e5k och \u00e4nnu l\u00e4ngre tog det att installera ramen i Kvarn\u00e5. Det blev att gjuta ett nytt fundament under ramen och det gick \u00e5t mer \u00e4n 50 m\u00b3 betong plus flera stenlass.<\/p>\n<figure id=\"attachment_6034\" aria-describedby=\"caption-attachment-6034\" style=\"width: 752px\" class=\"wp-caption aligncenter\"><img loading=\"lazy\" decoding=\"async\" class=\" wp-image-6034\" src=\"http:\/\/www.lassebacklund.fi\/wp-content\/uploads\/2017\/09\/WEB-Kone-ja-ter\u00e4s-Oy-h\u00e5llbara-rams\u00e5g.jpg\" alt=\"Den h\u00e4r ramen installerades p\u00e5 80-talet.\" width=\"752\" height=\"1003\" srcset=\"https:\/\/www.lassebacklund.fi\/wp-content\/uploads\/2017\/09\/WEB-Kone-ja-ter\u00e4s-Oy-h\u00e5llbara-rams\u00e5g.jpg 1500w, https:\/\/www.lassebacklund.fi\/wp-content\/uploads\/2017\/09\/WEB-Kone-ja-ter\u00e4s-Oy-h\u00e5llbara-rams\u00e5g-225x300.jpg 225w, https:\/\/www.lassebacklund.fi\/wp-content\/uploads\/2017\/09\/WEB-Kone-ja-ter\u00e4s-Oy-h\u00e5llbara-rams\u00e5g-768x1024.jpg 768w\" sizes=\"auto, (max-width: 752px) 100vw, 752px\" \/><figcaption id=\"caption-attachment-6034\" class=\"wp-caption-text\">Den h\u00e4r ramen installerades p\u00e5 80-talet.<\/figcaption><\/figure>\n<p>Denna ram har fungerat bra och \u00e4r fortfarande i g\u00e5ng.<\/p>\n<p>\u00c5r 2006 gick Ralf i pension och han s\u00e5lde Kvarn\u00e5 S\u00e5g \u00e5t Mikael Wiklund fr\u00e5n \u00c5backan.<\/p>\n<figure id=\"attachment_6040\" aria-describedby=\"caption-attachment-6040\" style=\"width: 1024px\" class=\"wp-caption aligncenter\"><img loading=\"lazy\" decoding=\"async\" class=\"size-full wp-image-6040\" src=\"http:\/\/www.lassebacklund.fi\/wp-content\/uploads\/2017\/09\/Mikael-Viklund-i-kafferummet.jpg\" alt=\"Sedan 2006 \u00e4r Mikael Wiklund \u00e4gare till Kvarn\u00e5 S\u00e5g och h\u00e4r sitter han i kvarnkammaren. Foto John Hammarberg.\" width=\"1024\" height=\"768\" srcset=\"https:\/\/www.lassebacklund.fi\/wp-content\/uploads\/2017\/09\/Mikael-Viklund-i-kafferummet.jpg 1024w, https:\/\/www.lassebacklund.fi\/wp-content\/uploads\/2017\/09\/Mikael-Viklund-i-kafferummet-300x225.jpg 300w, https:\/\/www.lassebacklund.fi\/wp-content\/uploads\/2017\/09\/Mikael-Viklund-i-kafferummet-768x576.jpg 768w\" sizes=\"auto, (max-width: 1024px) 100vw, 1024px\" \/><figcaption id=\"caption-attachment-6040\" class=\"wp-caption-text\">Sedan 2006 \u00e4r Mikael Wiklund \u00e4gare till Kvarn\u00e5 S\u00e5g och h\u00e4r sitter han i kvarnkammaren. Foto John Hammarberg.<\/figcaption><\/figure>\n<h3><strong>Foton.<\/strong><\/h3>\n<figure id=\"attachment_6044\" aria-describedby=\"caption-attachment-6044\" style=\"width: 2560px\" class=\"wp-caption aligncenter\"><img loading=\"lazy\" decoding=\"async\" class=\"size-full wp-image-6044\" src=\"http:\/\/www.lassebacklund.fi\/wp-content\/uploads\/2017\/09\/20170927_195946.jpg\" alt=\"I februari 1952 gjorde byggm\u00e4staren Erik Hinds denna ritning till Emil Nyholms nya s\u00e5gbyggnad. Byggnadsn\u00e4mnden i Lappfj\u00e4rd godk\u00e4nde ritningarna och ordf\u00f6randen Gunnar Gr\u00f6ndahl skrev kort och gott &quot;Godk\u00e4nd&quot; p\u00e5 baksidan av ritningen.\" width=\"2560\" height=\"1536\" srcset=\"https:\/\/www.lassebacklund.fi\/wp-content\/uploads\/2017\/09\/20170927_195946.jpg 2560w, https:\/\/www.lassebacklund.fi\/wp-content\/uploads\/2017\/09\/20170927_195946-300x180.jpg 300w, https:\/\/www.lassebacklund.fi\/wp-content\/uploads\/2017\/09\/20170927_195946-768x461.jpg 768w, https:\/\/www.lassebacklund.fi\/wp-content\/uploads\/2017\/09\/20170927_195946-1024x614.jpg 1024w\" sizes=\"auto, (max-width: 2560px) 100vw, 2560px\" \/><figcaption id=\"caption-attachment-6044\" class=\"wp-caption-text\">I februari 1952 gjorde byggm\u00e4staren Erik Hinds denna ritning till Emil Nyholms nya s\u00e5gbyggnad. Byggnadsn\u00e4mnden i Lappfj\u00e4rd godk\u00e4nde ritningarna och ordf\u00f6randen Gunnar Gr\u00f6ndahl skrev kort och gott &#8221;Godk\u00e4nd&#8221; p\u00e5 baksidan av ritningen.<\/figcaption><\/figure>\n<figure id=\"attachment_6026\" aria-describedby=\"caption-attachment-6026\" style=\"width: 1322px\" class=\"wp-caption aligncenter\"><img loading=\"lazy\" decoding=\"async\" class=\"wp-image-6026 size-full\" src=\"http:\/\/www.lassebacklund.fi\/wp-content\/uploads\/2017\/09\/2-1.jpg\" alt=\"P\u00e5 bilden tv\u00e5 arbetare p\u00e5 s\u00e5gbacken.\" width=\"1322\" height=\"897\" srcset=\"https:\/\/www.lassebacklund.fi\/wp-content\/uploads\/2017\/09\/2-1.jpg 1322w, https:\/\/www.lassebacklund.fi\/wp-content\/uploads\/2017\/09\/2-1-300x204.jpg 300w, https:\/\/www.lassebacklund.fi\/wp-content\/uploads\/2017\/09\/2-1-768x521.jpg 768w, https:\/\/www.lassebacklund.fi\/wp-content\/uploads\/2017\/09\/2-1-1024x695.jpg 1024w\" sizes=\"auto, (max-width: 1322px) 100vw, 1322px\" \/><figcaption id=\"caption-attachment-6026\" class=\"wp-caption-text\">H\u00e4r ser vi hur Lauri och Alf hanterar stockar p\u00e5 s\u00e5gbacken. Foto: Ralf Nyholm.<\/figcaption><\/figure>\n<figure id=\"attachment_6027\" aria-describedby=\"caption-attachment-6027\" style=\"width: 1333px\" class=\"wp-caption aligncenter\"><img loading=\"lazy\" decoding=\"async\" class=\"wp-image-6027 size-full\" src=\"http:\/\/www.lassebacklund.fi\/wp-content\/uploads\/2017\/09\/3-2.jpg\" alt=\"Pauli Mannila lastar av stockar p\u00e5 s\u00e5gbacken.\" width=\"1333\" height=\"905\" srcset=\"https:\/\/www.lassebacklund.fi\/wp-content\/uploads\/2017\/09\/3-2.jpg 1333w, https:\/\/www.lassebacklund.fi\/wp-content\/uploads\/2017\/09\/3-2-300x204.jpg 300w, https:\/\/www.lassebacklund.fi\/wp-content\/uploads\/2017\/09\/3-2-768x521.jpg 768w, https:\/\/www.lassebacklund.fi\/wp-content\/uploads\/2017\/09\/3-2-1024x695.jpg 1024w\" sizes=\"auto, (max-width: 1333px) 100vw, 1333px\" \/><figcaption id=\"caption-attachment-6027\" class=\"wp-caption-text\">Pauli Mannila lastar av stockar p\u00e5 s\u00e5gbacken. Foto Ralf Nyholm.<\/figcaption><\/figure>\n<figure id=\"attachment_6028\" aria-describedby=\"caption-attachment-6028\" style=\"width: 1328px\" class=\"wp-caption aligncenter\"><img loading=\"lazy\" decoding=\"async\" class=\"wp-image-6028 size-full\" src=\"http:\/\/www.lassebacklund.fi\/wp-content\/uploads\/2017\/09\/4-2.jpg\" alt=\"Levi Berg och Boris Lindblad stabbar plankor p\u00e5 s\u00e5gbacken.\" width=\"1328\" height=\"913\" srcset=\"https:\/\/www.lassebacklund.fi\/wp-content\/uploads\/2017\/09\/4-2.jpg 1328w, https:\/\/www.lassebacklund.fi\/wp-content\/uploads\/2017\/09\/4-2-300x206.jpg 300w, https:\/\/www.lassebacklund.fi\/wp-content\/uploads\/2017\/09\/4-2-768x528.jpg 768w, https:\/\/www.lassebacklund.fi\/wp-content\/uploads\/2017\/09\/4-2-1024x704.jpg 1024w\" sizes=\"auto, (max-width: 1328px) 100vw, 1328px\" \/><figcaption id=\"caption-attachment-6028\" class=\"wp-caption-text\">Levi Berg och Boris Lindblad stabbar plankor p\u00e5 s\u00e5gbacken. Foto Ralf Nyholm.<\/figcaption><\/figure>\n<figure id=\"attachment_6029\" aria-describedby=\"caption-attachment-6029\" style=\"width: 1600px\" class=\"wp-caption aligncenter\"><img loading=\"lazy\" decoding=\"async\" class=\"size-full wp-image-6029\" src=\"http:\/\/www.lassebacklund.fi\/wp-content\/uploads\/2017\/09\/5-1.jpg\" alt=\"Kvarn\u00e5 S\u00e5g \u00e5r 2003.\" width=\"1600\" height=\"1200\" srcset=\"https:\/\/www.lassebacklund.fi\/wp-content\/uploads\/2017\/09\/5-1.jpg 1600w, https:\/\/www.lassebacklund.fi\/wp-content\/uploads\/2017\/09\/5-1-300x225.jpg 300w, https:\/\/www.lassebacklund.fi\/wp-content\/uploads\/2017\/09\/5-1-768x576.jpg 768w, https:\/\/www.lassebacklund.fi\/wp-content\/uploads\/2017\/09\/5-1-1024x768.jpg 1024w\" sizes=\"auto, (max-width: 1600px) 100vw, 1600px\" \/><figcaption id=\"caption-attachment-6029\" class=\"wp-caption-text\">Kvarn\u00e5 S\u00e5g \u00e5r 2003.<\/figcaption><\/figure>\n<figure id=\"attachment_6030\" aria-describedby=\"caption-attachment-6030\" style=\"width: 1385px\" class=\"wp-caption aligncenter\"><img loading=\"lazy\" decoding=\"async\" class=\"size-full wp-image-6030\" src=\"http:\/\/www.lassebacklund.fi\/wp-content\/uploads\/2017\/09\/6-1.jpg\" alt=\"Kvarn\u00e5 S\u00e5g \u00e5r 2008.\" width=\"1385\" height=\"1039\" srcset=\"https:\/\/www.lassebacklund.fi\/wp-content\/uploads\/2017\/09\/6-1.jpg 1385w, https:\/\/www.lassebacklund.fi\/wp-content\/uploads\/2017\/09\/6-1-300x225.jpg 300w, https:\/\/www.lassebacklund.fi\/wp-content\/uploads\/2017\/09\/6-1-768x576.jpg 768w, https:\/\/www.lassebacklund.fi\/wp-content\/uploads\/2017\/09\/6-1-1024x768.jpg 1024w\" sizes=\"auto, (max-width: 1385px) 100vw, 1385px\" \/><figcaption id=\"caption-attachment-6030\" class=\"wp-caption-text\">Kvarn\u00e5 S\u00e5g \u00e5r 2008.<\/figcaption><\/figure>\n<figure id=\"attachment_6031\" aria-describedby=\"caption-attachment-6031\" style=\"width: 1382px\" class=\"wp-caption aligncenter\"><img loading=\"lazy\" decoding=\"async\" class=\"size-full wp-image-6031\" src=\"http:\/\/www.lassebacklund.fi\/wp-content\/uploads\/2017\/09\/7-1.jpg\" alt=\"H\u00f6sten 2013 var det tomt p\u00e5 s\u00e5gbacken.\" width=\"1382\" height=\"640\" srcset=\"https:\/\/www.lassebacklund.fi\/wp-content\/uploads\/2017\/09\/7-1.jpg 1382w, https:\/\/www.lassebacklund.fi\/wp-content\/uploads\/2017\/09\/7-1-300x139.jpg 300w, https:\/\/www.lassebacklund.fi\/wp-content\/uploads\/2017\/09\/7-1-768x356.jpg 768w, https:\/\/www.lassebacklund.fi\/wp-content\/uploads\/2017\/09\/7-1-1024x474.jpg 1024w\" sizes=\"auto, (max-width: 1382px) 100vw, 1382px\" \/><figcaption id=\"caption-attachment-6031\" class=\"wp-caption-text\">H\u00f6sten 2013 var det tomt p\u00e5 s\u00e5gbacken.<\/figcaption><\/figure>\n<figure id=\"attachment_6035\" aria-describedby=\"caption-attachment-6035\" style=\"width: 2000px\" class=\"wp-caption aligncenter\"><img loading=\"lazy\" decoding=\"async\" class=\"size-full wp-image-6035\" src=\"http:\/\/www.lassebacklund.fi\/wp-content\/uploads\/2017\/09\/WEB-Mikael-Wiklund-s\u00e5gar-stockar-\u00e5t-Norrvikarna.jpg\" alt=\"H\u00e4r sitter den nuvarande s\u00e5g\u00e4garen Mikael Wiklund och justerar stocken f\u00f6re den g\u00e5r igenom ramen.\" width=\"2000\" height=\"1500\" srcset=\"https:\/\/www.lassebacklund.fi\/wp-content\/uploads\/2017\/09\/WEB-Mikael-Wiklund-s\u00e5gar-stockar-\u00e5t-Norrvikarna.jpg 2000w, https:\/\/www.lassebacklund.fi\/wp-content\/uploads\/2017\/09\/WEB-Mikael-Wiklund-s\u00e5gar-stockar-\u00e5t-Norrvikarna-300x225.jpg 300w, https:\/\/www.lassebacklund.fi\/wp-content\/uploads\/2017\/09\/WEB-Mikael-Wiklund-s\u00e5gar-stockar-\u00e5t-Norrvikarna-768x576.jpg 768w, https:\/\/www.lassebacklund.fi\/wp-content\/uploads\/2017\/09\/WEB-Mikael-Wiklund-s\u00e5gar-stockar-\u00e5t-Norrvikarna-1024x768.jpg 1024w\" sizes=\"auto, (max-width: 2000px) 100vw, 2000px\" \/><figcaption id=\"caption-attachment-6035\" class=\"wp-caption-text\">H\u00e4r sitter den nuvarande s\u00e5g\u00e4garen Mikael Wiklund och justerar stocken f\u00f6re den g\u00e5r igenom ramen.<\/figcaption><\/figure>\n<figure id=\"attachment_6033\" aria-describedby=\"caption-attachment-6033\" style=\"width: 1982px\" class=\"wp-caption aligncenter\"><img loading=\"lazy\" decoding=\"async\" class=\"size-full wp-image-6033\" src=\"http:\/\/www.lassebacklund.fi\/wp-content\/uploads\/2017\/09\/WEB-B\u00f6rje-k\u00f6r-stockar-med-hjullastaren.jpg\" alt=\"Fr\u00e5n s\u00e5gbacken k\u00f6rs stockarna fram till s\u00e5gbyggnaden med en truck.\" width=\"1982\" height=\"915\" srcset=\"https:\/\/www.lassebacklund.fi\/wp-content\/uploads\/2017\/09\/WEB-B\u00f6rje-k\u00f6r-stockar-med-hjullastaren.jpg 1982w, https:\/\/www.lassebacklund.fi\/wp-content\/uploads\/2017\/09\/WEB-B\u00f6rje-k\u00f6r-stockar-med-hjullastaren-300x138.jpg 300w, https:\/\/www.lassebacklund.fi\/wp-content\/uploads\/2017\/09\/WEB-B\u00f6rje-k\u00f6r-stockar-med-hjullastaren-768x355.jpg 768w, https:\/\/www.lassebacklund.fi\/wp-content\/uploads\/2017\/09\/WEB-B\u00f6rje-k\u00f6r-stockar-med-hjullastaren-1024x473.jpg 1024w\" sizes=\"auto, (max-width: 1982px) 100vw, 1982px\" \/><figcaption id=\"caption-attachment-6033\" class=\"wp-caption-text\">Fr\u00e5n s\u00e5gbacken k\u00f6rs stockarna fram till s\u00e5gbyggnaden med en truck.<\/figcaption><\/figure>\n<figure id=\"attachment_6032\" aria-describedby=\"caption-attachment-6032\" style=\"width: 1388px\" class=\"wp-caption aligncenter\"><img loading=\"lazy\" decoding=\"async\" class=\"size-full wp-image-6032\" src=\"http:\/\/www.lassebacklund.fi\/wp-content\/uploads\/2017\/09\/Norrvikare.jpg\" alt=\"Efter rams\u00e5gningen s\u00e5 l\u00e4ggs br\u00e4derna och plankorna \u00e5t sidan f\u00f6r att i f\u00f6ljande skede kants\u00e5gas.\" width=\"1388\" height=\"1041\" srcset=\"https:\/\/www.lassebacklund.fi\/wp-content\/uploads\/2017\/09\/Norrvikare.jpg 1388w, https:\/\/www.lassebacklund.fi\/wp-content\/uploads\/2017\/09\/Norrvikare-300x225.jpg 300w, https:\/\/www.lassebacklund.fi\/wp-content\/uploads\/2017\/09\/Norrvikare-768x576.jpg 768w, https:\/\/www.lassebacklund.fi\/wp-content\/uploads\/2017\/09\/Norrvikare-1024x768.jpg 1024w\" sizes=\"auto, (max-width: 1388px) 100vw, 1388px\" \/><figcaption id=\"caption-attachment-6032\" class=\"wp-caption-text\">Efter rams\u00e5gningen s\u00e5 l\u00e4ggs br\u00e4derna och plankorna \u00e5t sidan f\u00f6r att i f\u00f6ljande skede kants\u00e5gas.<\/figcaption><\/figure>\n<figure id=\"attachment_3846\" aria-describedby=\"caption-attachment-3846\" style=\"width: 548px\" class=\"wp-caption aligncenter\"><img loading=\"lazy\" decoding=\"async\" class=\" wp-image-3846\" src=\"http:\/\/www.lassebacklund.fi\/wp-content\/uploads\/2017\/04\/Emil-Nyholm-p\u00e5-75-\u00e5rsdagen-\u00e5r-1975.jpg\" alt=\"Emil Nyholm som &quot;va lika gamb\u00e4l s\u00e5m Kekkonen&quot; fyllde 75 \u00e5r 1975.\" width=\"548\" height=\"574\" srcset=\"https:\/\/www.lassebacklund.fi\/wp-content\/uploads\/2017\/04\/Emil-Nyholm-p\u00e5-75-\u00e5rsdagen-\u00e5r-1975.jpg 959w, https:\/\/www.lassebacklund.fi\/wp-content\/uploads\/2017\/04\/Emil-Nyholm-p\u00e5-75-\u00e5rsdagen-\u00e5r-1975-286x300.jpg 286w, https:\/\/www.lassebacklund.fi\/wp-content\/uploads\/2017\/04\/Emil-Nyholm-p\u00e5-75-\u00e5rsdagen-\u00e5r-1975-768x805.jpg 768w\" sizes=\"auto, (max-width: 548px) 100vw, 548px\" \/><figcaption id=\"caption-attachment-3846\" class=\"wp-caption-text\">Emil Nyholm som &#8221;va lika gamb\u00e4l s\u00e5m Kekkonen&#8221; fyllde 75 \u00e5r 1975.<\/figcaption><\/figure>\n<figure id=\"attachment_6046\" aria-describedby=\"caption-attachment-6046\" style=\"width: 332px\" class=\"wp-caption aligncenter\"><img loading=\"lazy\" decoding=\"async\" class=\"size-full wp-image-6046\" src=\"http:\/\/www.lassebacklund.fi\/wp-content\/uploads\/2017\/09\/19390117-Nyholms-kvarn-och-s\u00e5g.jpg\" alt=\"\u00c5r 1939 annonserade Emil d\u00e5 han beh\u00f6vde mera stockar och det var mer \u00e4n en g\u00e5ng som annonsmottagaren p\u00e5 tidningen Syd-\u00d6sterbotten missf\u00f6rstod firmanamnet. &quot;Nyholms Kvarn\u00e5 S\u00e5g&quot; skrev ofta &quot;Nyholms kvarn och s\u00e5g&quot;.\" width=\"332\" height=\"150\" srcset=\"https:\/\/www.lassebacklund.fi\/wp-content\/uploads\/2017\/09\/19390117-Nyholms-kvarn-och-s\u00e5g.jpg 332w, https:\/\/www.lassebacklund.fi\/wp-content\/uploads\/2017\/09\/19390117-Nyholms-kvarn-och-s\u00e5g-300x136.jpg 300w\" sizes=\"auto, (max-width: 332px) 100vw, 332px\" \/><figcaption id=\"caption-attachment-6046\" class=\"wp-caption-text\">\u00c5r 1939 annonserade Emil d\u00e5 han beh\u00f6vde mera stockar och det var mer \u00e4n en g\u00e5ng som annonsmottagaren p\u00e5 tidningen Syd-\u00d6sterbotten missf\u00f6rstod firmanamnet. &#8221;Nyholms Kvarn\u00e5 S\u00e5g&#8221; skrev ofta &#8221;Nyholms kvarn och s\u00e5g&#8221;.<\/figcaption><\/figure>\n<figure id=\"attachment_2128\" aria-describedby=\"caption-attachment-2128\" style=\"width: 569px\" class=\"wp-caption aligncenter\"><img loading=\"lazy\" decoding=\"async\" class=\"wp-image-2128 size-full\" src=\"http:\/\/www.lassebacklund.fi\/wp-content\/uploads\/2016\/11\/Nyholm-Emil-s\u00e5g\u00e4gare.jpg\" alt=\"S\u00e5g\u00e4garen Emil Nyholm.\" width=\"569\" height=\"736\" srcset=\"https:\/\/www.lassebacklund.fi\/wp-content\/uploads\/2016\/11\/Nyholm-Emil-s\u00e5g\u00e4gare.jpg 569w, https:\/\/www.lassebacklund.fi\/wp-content\/uploads\/2016\/11\/Nyholm-Emil-s\u00e5g\u00e4gare-232x300.jpg 232w\" sizes=\"auto, (max-width: 569px) 100vw, 569px\" \/><figcaption id=\"caption-attachment-2128\" class=\"wp-caption-text\">S\u00e5g\u00e4garen Emil Nyholm. Foto Ellen \u00c5n\u00e4s.<\/figcaption><\/figure>\n","protected":false},"excerpt":{"rendered":"<p>Sammanst\u00e4llt av Lasse Backlund 2014, med hj\u00e4lp av Ralf Nyholm. F\u00f6rnyades i september 2017. Den h\u00e4r s\u00e5gen p\u00e5 Lillsj\u00f6v\u00e4gen i Kvarn\u00e5 byggdes p\u00e5 1950-talet av s\u00e5g\u00e4garen Emil Nyholm (f.1900 i Norrviken i Korsb\u00e4ck, d. 1978). Men redan\u00a0i b\u00f6rjan p\u00e5 30-talet\u00a0byggde <a class=\"more-link\" href=\"https:\/\/www.lassebacklund.fi\/?page_id=6036\">Forts\u00e4tt l\u00e4sa <span class=\"screen-reader-text\">  Kvarn\u00e5 S\u00e5g p\u00e5 Lillsj\u00f6v\u00e4gen.<\/span><span class=\"meta-nav\">&rarr;<\/span><\/a><\/p>\n","protected":false},"author":1,"featured_media":0,"parent":23,"menu_order":0,"comment_status":"closed","ping_status":"closed","template":"","meta":{"footnotes":""},"class_list":["post-6036","page","type-page","status-publish","hentry"],"_links":{"self":[{"href":"https:\/\/www.lassebacklund.fi\/index.php?rest_route=\/wp\/v2\/pages\/6036","targetHints":{"allow":["GET"]}}],"collection":[{"href":"https:\/\/www.lassebacklund.fi\/index.php?rest_route=\/wp\/v2\/pages"}],"about":[{"href":"https:\/\/www.lassebacklund.fi\/index.php?rest_route=\/wp\/v2\/types\/page"}],"author":[{"embeddable":true,"href":"https:\/\/www.lassebacklund.fi\/index.php?rest_route=\/wp\/v2\/users\/1"}],"replies":[{"embeddable":true,"href":"https:\/\/www.lassebacklund.fi\/index.php?rest_route=%2Fwp%2Fv2%2Fcomments&post=6036"}],"version-history":[{"count":9,"href":"https:\/\/www.lassebacklund.fi\/index.php?rest_route=\/wp\/v2\/pages\/6036\/revisions"}],"predecessor-version":[{"id":6392,"href":"https:\/\/www.lassebacklund.fi\/index.php?rest_route=\/wp\/v2\/pages\/6036\/revisions\/6392"}],"up":[{"embeddable":true,"href":"https:\/\/www.lassebacklund.fi\/index.php?rest_route=\/wp\/v2\/pages\/23"}],"wp:attachment":[{"href":"https:\/\/www.lassebacklund.fi\/index.php?rest_route=%2Fwp%2Fv2%2Fmedia&parent=6036"}],"curies":[{"name":"wp","href":"https:\/\/api.w.org\/{rel}","templated":true}]}}