{"id":5982,"date":"2017-09-24T21:07:17","date_gmt":"2017-09-24T19:07:17","guid":{"rendered":"http:\/\/www.lassebacklund.fi\/?page_id=5982"},"modified":"2025-10-31T09:22:58","modified_gmt":"2025-10-31T07:22:58","slug":"slaktnamn-som-borjar-pa-d","status":"publish","type":"page","link":"https:\/\/www.lassebacklund.fi\/?page_id=5982","title":{"rendered":"Sl\u00e4ktnamn som b\u00f6rjar p\u00e5 D."},"content":{"rendered":"<p><img loading=\"lazy\" decoding=\"async\" class=\"alignnone size-full wp-image-24005\" src=\"https:\/\/www.lassebacklund.fi\/wp-content\/uploads\/2025\/04\/Dahl-Maja-Lena-battre.jpg\" alt=\"\" width=\"1890\" height=\"1512\" srcset=\"https:\/\/www.lassebacklund.fi\/wp-content\/uploads\/2025\/04\/Dahl-Maja-Lena-battre.jpg 1890w, https:\/\/www.lassebacklund.fi\/wp-content\/uploads\/2025\/04\/Dahl-Maja-Lena-battre-300x240.jpg 300w, https:\/\/www.lassebacklund.fi\/wp-content\/uploads\/2025\/04\/Dahl-Maja-Lena-battre-1024x819.jpg 1024w, https:\/\/www.lassebacklund.fi\/wp-content\/uploads\/2025\/04\/Dahl-Maja-Lena-battre-768x614.jpg 768w, https:\/\/www.lassebacklund.fi\/wp-content\/uploads\/2025\/04\/Dahl-Maja-Lena-battre-1536x1229.jpg 1536w\" sizes=\"auto, (max-width: 1890px) 100vw, 1890px\" \/><\/p>\n<p><img loading=\"lazy\" decoding=\"async\" class=\"alignnone size-full wp-image-5984\" src=\"http:\/\/www.lassebacklund.fi\/wp-content\/uploads\/2017\/09\/Dahlb\u00e4ck-Margit.jpg\" alt=\"Dahlb\u00e4ck Margit\" width=\"2327\" height=\"1069\" srcset=\"https:\/\/www.lassebacklund.fi\/wp-content\/uploads\/2017\/09\/Dahlb\u00e4ck-Margit.jpg 2327w, https:\/\/www.lassebacklund.fi\/wp-content\/uploads\/2017\/09\/Dahlb\u00e4ck-Margit-300x138.jpg 300w, https:\/\/www.lassebacklund.fi\/wp-content\/uploads\/2017\/09\/Dahlb\u00e4ck-Margit-768x353.jpg 768w, https:\/\/www.lassebacklund.fi\/wp-content\/uploads\/2017\/09\/Dahlb\u00e4ck-Margit-1024x470.jpg 1024w\" sizes=\"auto, (max-width: 2327px) 100vw, 2327px\" \/><\/p>\n<p><img loading=\"lazy\" decoding=\"async\" class=\"alignnone size-full wp-image-5985\" src=\"http:\/\/www.lassebacklund.fi\/wp-content\/uploads\/2017\/09\/Dahlroos-Alice-Adele.jpg\" alt=\"Dahlroos Alice Adele\" width=\"2331\" height=\"925\" srcset=\"https:\/\/www.lassebacklund.fi\/wp-content\/uploads\/2017\/09\/Dahlroos-Alice-Adele.jpg 2331w, https:\/\/www.lassebacklund.fi\/wp-content\/uploads\/2017\/09\/Dahlroos-Alice-Adele-300x119.jpg 300w, https:\/\/www.lassebacklund.fi\/wp-content\/uploads\/2017\/09\/Dahlroos-Alice-Adele-768x305.jpg 768w, https:\/\/www.lassebacklund.fi\/wp-content\/uploads\/2017\/09\/Dahlroos-Alice-Adele-1024x406.jpg 1024w\" sizes=\"auto, (max-width: 2331px) 100vw, 2331px\" \/><\/p>\n<p><img loading=\"lazy\" decoding=\"async\" class=\"alignnone size-full wp-image-24987\" src=\"https:\/\/www.lassebacklund.fi\/wp-content\/uploads\/2025\/10\/Dahlroos-Alice-Vineta.jpg\" alt=\"\" width=\"1174\" height=\"669\" srcset=\"https:\/\/www.lassebacklund.fi\/wp-content\/uploads\/2025\/10\/Dahlroos-Alice-Vineta.jpg 1174w, https:\/\/www.lassebacklund.fi\/wp-content\/uploads\/2025\/10\/Dahlroos-Alice-Vineta-300x171.jpg 300w, https:\/\/www.lassebacklund.fi\/wp-content\/uploads\/2025\/10\/Dahlroos-Alice-Vineta-1024x584.jpg 1024w, https:\/\/www.lassebacklund.fi\/wp-content\/uploads\/2025\/10\/Dahlroos-Alice-Vineta-768x438.jpg 768w\" sizes=\"auto, (max-width: 1174px) 100vw, 1174px\" \/><\/p>\n<p><img loading=\"lazy\" decoding=\"async\" class=\"alignnone size-full wp-image-5986\" src=\"http:\/\/www.lassebacklund.fi\/wp-content\/uploads\/2017\/09\/Dahlroos-Arvid.jpg\" alt=\"Dahlroos Arvid\" width=\"2140\" height=\"1025\" srcset=\"https:\/\/www.lassebacklund.fi\/wp-content\/uploads\/2017\/09\/Dahlroos-Arvid.jpg 2140w, https:\/\/www.lassebacklund.fi\/wp-content\/uploads\/2017\/09\/Dahlroos-Arvid-300x144.jpg 300w, https:\/\/www.lassebacklund.fi\/wp-content\/uploads\/2017\/09\/Dahlroos-Arvid-768x368.jpg 768w, https:\/\/www.lassebacklund.fi\/wp-content\/uploads\/2017\/09\/Dahlroos-Arvid-1024x490.jpg 1024w\" sizes=\"auto, (max-width: 2140px) 100vw, 2140px\" \/><\/p>\n<p><img loading=\"lazy\" decoding=\"async\" class=\"alignnone size-full wp-image-10898\" src=\"http:\/\/www.lassebacklund.fi\/wp-content\/uploads\/2019\/01\/Dahlroos-Carola.jpg\" alt=\"\" width=\"1192\" height=\"1825\" srcset=\"https:\/\/www.lassebacklund.fi\/wp-content\/uploads\/2019\/01\/Dahlroos-Carola.jpg 1192w, https:\/\/www.lassebacklund.fi\/wp-content\/uploads\/2019\/01\/Dahlroos-Carola-196x300.jpg 196w, https:\/\/www.lassebacklund.fi\/wp-content\/uploads\/2019\/01\/Dahlroos-Carola-768x1176.jpg 768w, https:\/\/www.lassebacklund.fi\/wp-content\/uploads\/2019\/01\/Dahlroos-Carola-669x1024.jpg 669w\" sizes=\"auto, (max-width: 1192px) 100vw, 1192px\" \/><\/p>\n<p><img loading=\"lazy\" decoding=\"async\" class=\"alignnone size-full wp-image-23163\" src=\"https:\/\/www.lassebacklund.fi\/wp-content\/uploads\/2024\/09\/Dahlroos-Maj-Britt.jpg\" alt=\"\" width=\"788\" height=\"720\" srcset=\"https:\/\/www.lassebacklund.fi\/wp-content\/uploads\/2024\/09\/Dahlroos-Maj-Britt.jpg 788w, https:\/\/www.lassebacklund.fi\/wp-content\/uploads\/2024\/09\/Dahlroos-Maj-Britt-300x274.jpg 300w, https:\/\/www.lassebacklund.fi\/wp-content\/uploads\/2024\/09\/Dahlroos-Maj-Britt-768x702.jpg 768w\" sizes=\"auto, (max-width: 788px) 100vw, 788px\" \/><\/p>\n<p><img loading=\"lazy\" decoding=\"async\" class=\"alignnone size-full wp-image-5987\" src=\"http:\/\/www.lassebacklund.fi\/wp-content\/uploads\/2017\/09\/Dahlroos-Otto.jpg\" alt=\"Dahlroos Otto\" width=\"1197\" height=\"1496\" srcset=\"https:\/\/www.lassebacklund.fi\/wp-content\/uploads\/2017\/09\/Dahlroos-Otto.jpg 1197w, https:\/\/www.lassebacklund.fi\/wp-content\/uploads\/2017\/09\/Dahlroos-Otto-240x300.jpg 240w, https:\/\/www.lassebacklund.fi\/wp-content\/uploads\/2017\/09\/Dahlroos-Otto-768x960.jpg 768w, https:\/\/www.lassebacklund.fi\/wp-content\/uploads\/2017\/09\/Dahlroos-Otto-819x1024.jpg 819w\" sizes=\"auto, (max-width: 1197px) 100vw, 1197px\" \/><\/p>\n<p><img loading=\"lazy\" decoding=\"async\" class=\"alignnone size-full wp-image-5988\" src=\"http:\/\/www.lassebacklund.fi\/wp-content\/uploads\/2017\/09\/Dahlroos-Selim.jpg\" alt=\"Dahlroos Selim\" width=\"619\" height=\"510\" srcset=\"https:\/\/www.lassebacklund.fi\/wp-content\/uploads\/2017\/09\/Dahlroos-Selim.jpg 619w, https:\/\/www.lassebacklund.fi\/wp-content\/uploads\/2017\/09\/Dahlroos-Selim-300x247.jpg 300w\" sizes=\"auto, (max-width: 619px) 100vw, 619px\" \/><\/p>\n<p><img loading=\"lazy\" decoding=\"async\" class=\"alignnone size-full wp-image-5989\" src=\"http:\/\/www.lassebacklund.fi\/wp-content\/uploads\/2017\/09\/Dahlroos-Sylvi.jpg\" alt=\"Dahlroos Sylvi\" width=\"2238\" height=\"1174\" srcset=\"https:\/\/www.lassebacklund.fi\/wp-content\/uploads\/2017\/09\/Dahlroos-Sylvi.jpg 2238w, https:\/\/www.lassebacklund.fi\/wp-content\/uploads\/2017\/09\/Dahlroos-Sylvi-300x157.jpg 300w, https:\/\/www.lassebacklund.fi\/wp-content\/uploads\/2017\/09\/Dahlroos-Sylvi-768x403.jpg 768w, https:\/\/www.lassebacklund.fi\/wp-content\/uploads\/2017\/09\/Dahlroos-Sylvi-1024x537.jpg 1024w\" sizes=\"auto, (max-width: 2238px) 100vw, 2238px\" \/><\/p>\n<p><img loading=\"lazy\" decoding=\"async\" class=\"alignnone size-full wp-image-15622\" src=\"http:\/\/www.lassebacklund.fi\/wp-content\/uploads\/2020\/02\/Dowling-Elna-Amanda.jpg\" alt=\"\" width=\"906\" height=\"299\" srcset=\"https:\/\/www.lassebacklund.fi\/wp-content\/uploads\/2020\/02\/Dowling-Elna-Amanda.jpg 906w, https:\/\/www.lassebacklund.fi\/wp-content\/uploads\/2020\/02\/Dowling-Elna-Amanda-300x99.jpg 300w, https:\/\/www.lassebacklund.fi\/wp-content\/uploads\/2020\/02\/Dowling-Elna-Amanda-768x253.jpg 768w\" sizes=\"auto, (max-width: 906px) 100vw, 906px\" \/><\/p>\n","protected":false},"excerpt":{"rendered":"","protected":false},"author":1,"featured_media":0,"parent":27,"menu_order":4,"comment_status":"closed","ping_status":"closed","template":"","meta":{"footnotes":""},"class_list":["post-5982","page","type-page","status-publish","hentry"],"_links":{"self":[{"href":"https:\/\/www.lassebacklund.fi\/index.php?rest_route=\/wp\/v2\/pages\/5982","targetHints":{"allow":["GET"]}}],"collection":[{"href":"https:\/\/www.lassebacklund.fi\/index.php?rest_route=\/wp\/v2\/pages"}],"about":[{"href":"https:\/\/www.lassebacklund.fi\/index.php?rest_route=\/wp\/v2\/types\/page"}],"author":[{"embeddable":true,"href":"https:\/\/www.lassebacklund.fi\/index.php?rest_route=\/wp\/v2\/users\/1"}],"replies":[{"embeddable":true,"href":"https:\/\/www.lassebacklund.fi\/index.php?rest_route=%2Fwp%2Fv2%2Fcomments&post=5982"}],"version-history":[{"count":9,"href":"https:\/\/www.lassebacklund.fi\/index.php?rest_route=\/wp\/v2\/pages\/5982\/revisions"}],"predecessor-version":[{"id":24988,"href":"https:\/\/www.lassebacklund.fi\/index.php?rest_route=\/wp\/v2\/pages\/5982\/revisions\/24988"}],"up":[{"embeddable":true,"href":"https:\/\/www.lassebacklund.fi\/index.php?rest_route=\/wp\/v2\/pages\/27"}],"wp:attachment":[{"href":"https:\/\/www.lassebacklund.fi\/index.php?rest_route=%2Fwp%2Fv2%2Fmedia&parent=5982"}],"curies":[{"name":"wp","href":"https:\/\/api.w.org\/{rel}","templated":true}]}}