{"id":59,"date":"2016-07-13T12:49:09","date_gmt":"2016-07-13T10:49:09","guid":{"rendered":"http:\/\/www.lassebacklund.fi\/wp\/?page_id=59"},"modified":"2019-03-09T00:41:30","modified_gmt":"2019-03-08T22:41:30","slug":"byasvagen","status":"publish","type":"page","link":"https:\/\/www.lassebacklund.fi\/?page_id=59","title":{"rendered":"By\u00e5sv\u00e4gen"},"content":{"rendered":"<p>Klicka p\u00e5 knappen h\u00e4r under, s\u00e5 f\u00e5r du l\u00e4sa mera om Kl\u00e5vus g\u00e5rd.<\/p>\n<h6><a class=\"fasc-button fasc-size-medium fasc-type-glossy fasc-rounded-medium\" style=\"background-color: #33809e; color: #ffffff;\" href=\"http:\/\/www.lassebacklund.fi\/?page_id=860\">2 Kl\u00e5vus<\/a><\/h6>\n<p><a class=\"fasc-button fasc-size-medium fasc-type-glossy fasc-rounded-medium\" style=\"background-color: #33809e; color: #ffffff;\" href=\"http:\/\/www.lassebacklund.fi\/?page_id=11402\">5 Lillsj\u00f6 Frans och Manda<\/a><\/p>\n<p><a class=\"fasc-button fasc-size-medium fasc-type-glossy fasc-rounded-medium\" style=\"background-color: #33809e; color: #ffffff;\" href=\"http:\/\/www.lassebacklund.fi\/?page_id=11562\">13 Rintam\u00e4kis g\u00e5rd<\/a><\/p>\n<p><a class=\"fasc-button fasc-size-medium fasc-type-glossy fasc-rounded-medium\" style=\"background-color: #33809e; color: #ffffff;\" href=\"http:\/\/www.lassebacklund.fi\/?page_id=11344\">18 Skomakas Minas torp<\/a><\/p>\n","protected":false},"excerpt":{"rendered":"<p>Klicka p\u00e5 knappen h\u00e4r under, s\u00e5 f\u00e5r du l\u00e4sa mera om Kl\u00e5vus g\u00e5rd. 2 Kl\u00e5vus 5 Lillsj\u00f6 Frans och Manda 13 Rintam\u00e4kis g\u00e5rd 18 Skomakas Minas torp<\/p>\n","protected":false},"author":1,"featured_media":0,"parent":51,"menu_order":2,"comment_status":"closed","ping_status":"closed","template":"","meta":{"footnotes":""},"class_list":["post-59","page","type-page","status-publish","hentry"],"_links":{"self":[{"href":"https:\/\/www.lassebacklund.fi\/index.php?rest_route=\/wp\/v2\/pages\/59","targetHints":{"allow":["GET"]}}],"collection":[{"href":"https:\/\/www.lassebacklund.fi\/index.php?rest_route=\/wp\/v2\/pages"}],"about":[{"href":"https:\/\/www.lassebacklund.fi\/index.php?rest_route=\/wp\/v2\/types\/page"}],"author":[{"embeddable":true,"href":"https:\/\/www.lassebacklund.fi\/index.php?rest_route=\/wp\/v2\/users\/1"}],"replies":[{"embeddable":true,"href":"https:\/\/www.lassebacklund.fi\/index.php?rest_route=%2Fwp%2Fv2%2Fcomments&post=59"}],"version-history":[{"count":13,"href":"https:\/\/www.lassebacklund.fi\/index.php?rest_route=\/wp\/v2\/pages\/59\/revisions"}],"predecessor-version":[{"id":11579,"href":"https:\/\/www.lassebacklund.fi\/index.php?rest_route=\/wp\/v2\/pages\/59\/revisions\/11579"}],"up":[{"embeddable":true,"href":"https:\/\/www.lassebacklund.fi\/index.php?rest_route=\/wp\/v2\/pages\/51"}],"wp:attachment":[{"href":"https:\/\/www.lassebacklund.fi\/index.php?rest_route=%2Fwp%2Fv2%2Fmedia&parent=59"}],"curies":[{"name":"wp","href":"https:\/\/api.w.org\/{rel}","templated":true}]}}