{"id":5842,"date":"2017-09-17T22:18:05","date_gmt":"2017-09-17T20:18:05","guid":{"rendered":"http:\/\/www.lassebacklund.fi\/?page_id=5842"},"modified":"2025-08-05T14:56:55","modified_gmt":"2025-08-05T11:56:55","slug":"borg-oskar-pa-byasen-dagsmarkvagen-368","status":"publish","type":"page","link":"https:\/\/www.lassebacklund.fi\/?page_id=5842","title":{"rendered":"Borg-Oskar p\u00e5 By\u00e5sen, Dagsmarkv\u00e4gen 369"},"content":{"rendered":"<p><span style=\"color: #000080;\">Det \u00e4r inte mycket vi k\u00e4nner till om Borg-Oskar, som bodde i en liten stuga p\u00e5 B\u00e5sk hemman. Stugan stod i tiderna bakom Eliel Holmbergs uthus, p\u00e5 norra sidan av Gr\u00f6ndahlas t\u00e5. Stugan revs p\u00e5 1950-talet och det enda som finns kvar av den \u00e4r en murgrund som g\u00f6mmer sig bland buskarna.<\/span><\/p>\n<p><span style=\"color: #000080;\">Eva Gr\u00f6nlund fr\u00e5n Vasa, men som \u00e4r uppv\u00e4xt p\u00e5 Sunnantillv\u00e4gen, har med Inga-Lill Sandstr\u00f6ms hj\u00e4lp rett ut vem denne man var.<\/span><\/p>\n<p><strong>Karl <u>Oskar<\/u> Granat<\/strong> (1865-1930) f\u00f6ddes i september 1865 p\u00e5 Storkull hemman i Dagsmark. Pappan hette Johan Henrik Granat och han var f\u00f6dd p\u00e5 Lillhannus hemman i Lappfj\u00e4rd \u00e5r 1837 och modern hette Maria Sofia Borgstr\u00f6m och hon var f\u00f6dd 1836. Maria Sofia var dotter till Anna Greta Borgstr\u00f6m, som var f\u00f6dd i Lappfj\u00e4rd 1812. Anna Greta gifte sig sedan med Johan Erik Hammarberg, som var f\u00f6dd \u00e5r 1816 p\u00e5 L\u00e5ng hemman i Dagsmark och de fick tillsammans \u00e4nnu 3 barn. Familjen bodde p\u00e5 B\u00e5sk hemman.<\/p>\n<p>Karl <u>Oskar<\/u> hade 2 \u00e4ldre syskon, Josef Henrik (f. 1861 p\u00e5 Rosenback hemman) och Maria Sofia (f. 1863 p\u00e5 Rosenback hemman. Hon gifte sig sedan med Johan Viktor Sj\u00f6blom fr\u00e5n Kristinestad). De h\u00e4r 3 barnen blev tidigt f\u00f6r\u00e4ldral\u00f6sa f\u00f6r fadern Johan Henrik dog \u00e5r 1866 i thyfus och modern dog kort d\u00e4refter. \u00a0\u00c5r 1867 omn\u00e4mns de 3 barnen som v\u00e4rnl\u00f6sa barn p\u00e5 B\u00e5sk hemman. Detta h\u00e4nde under den period som r\u00e4knas som den v\u00e4rsta hungersn\u00f6den i mannaminna.<\/p>\n<p>H\u00f6gst troligt var det mormor Anna Greta Borgstr\u00f6m som nu fick ta hand om de 3 sm\u00e5barnen och de v\u00e4xte s\u00e4kert upp i mycket sv\u00e5ra f\u00f6rh\u00e5llanden.<\/p>\n<p>\u00c5r 1891 d\u00e5 Karl <u>Oskar<\/u> var 26 \u00e5r, s\u00e5 gifte han sig med &#8221;Maja&#8221;, allts\u00e5 Edla <span style=\"text-decoration: underline;\">Maria<\/span> Johansdotter (f. 1862 i Lappfj\u00e4rd, d\u00f6d i Dagsmark \u00e5r 1933). Edla <span style=\"text-decoration: underline;\">Maria<\/span> hade fr\u00e5n tidigare ett barn, dottern Maria Augusta (1887-1960) och denna Maria Augusta gifte sig \u00e5r 1909 med fiskaren Johannes Stenlund (1887-1953) fr\u00e5n Kristinestad och de fick hela 13 barn.<\/p>\n<p>Den \u00e4ldsta sonen hette John Stenlund (1910-1988) och han v\u00e4xte upp hos sin mormor Edla och dennes man Borg-Oskar i Dagsmark. Han fick f\u00f6ljaktligen namnet \u201dBorg-John\u201d och han gifte sig \u00e5r 1929 till Bertby i V\u00f6r\u00e5, men han flyttade sedan till V\u00e4ster\u00e5s d\u00e4r han ocks\u00e5 dog.<\/p>\n<p>Den \u00e4ldsta dottern Anni (1911-1977) gifte sig med formannen \u00c5ke Weckstr\u00f6m (1909-1989), allts\u00e5 han som sedan k\u00f6pte Carlsro och grundade ett museum d\u00e4r.<\/p>\n<p>Karl <u>Oskar<\/u> fick troligen sitt smeknamn \u201dBorg-Oskar\u201d av sin mormor Anna Greta Borgstr\u00f6m som han v\u00e4xte upp hos. \u201dBorg-Oskar\u201d har inte l\u00e4mnat m\u00e5nga m\u00e4rken efter sig i Dagsmark, annat \u00e4n att han \u00e5r 1908 var suppleant i Dagsmark Andelshandels styrelse.<\/p>\n<p>I unga \u00e5r flyttade Borg-Oskar till By\u00e5sen, d\u00e4r han anlade ett torp p\u00e5 Str\u00f6mbergs hemman, p\u00e5 ett st\u00e4lle som i dag kan ha adressen Dagsmarkv\u00e4gen 369.<\/p>\n<p><strong>\u00c5r 1908<\/strong> arrenderade Borg-Oskar ett markomr\u00e5de av Henrik och Ida Vesterg\u00e5rd i Klemets\u00e4ndan &#8221;en \u00e5dlings mark i s\u00e5 kallade Ris\u00e5sm\u00e5san p\u00e5 s\u00f6dra sidan om t\u00e5get till bonden Johan Klemets r\u00e5, ned\u00e5t, fr\u00e5n nu befintliga \u00f6fra st\u00e4ngslet ett och en half hektar dels odlad och o\u00e5dlad mark, f\u00f6r ett jenast erlagt pris fyrahundrafemtio mark, samt i \u00e5rligt arrende 2 mark i \u00e5ret, som skall erl\u00e4ggas den 1 oktober varje \u00e5r&#8221;. &#8221;Borg-Oskar&#8221; allts\u00e5 Oskar Granat arrenderade omr\u00e5det och arrendetiden best\u00e4mdes till 50 \u00e5r. &#8221;Marken f\u00e5r jenast till annan person \u00f6fverl\u00e5tas men icke till n\u00e5gon finska talande person, som af fastighetsegaren godk\u00e4nnes&#8221; best\u00e4mdes det ocks\u00e5 i arrendekontraktet, som hade namnet &#8221;Bomber och Granater&#8221;.<\/p>\n<h4><strong>\u00d6vrigt<\/strong><\/h4>\n<p>P\u00e5 sidan 83 i Lappfj\u00e4rds historia, del 3 citeras en vaggvisa av Borg-Oskar p\u00e5 detta vis:<\/p>\n<p>&#8221;T\u00e5 Borg-Oskar var n\u00e4r oss, s\u00e5 sat an \u00e5 gunga Anna \u00e5p kn\u00e4. S\u00e5 b\u00f6rja an sjong, t\u00e5 sjongd an:<\/p>\n<h6>Vi ska sjong om brischon braschon,<\/h6>\n<h6>Tullder-Erk \u00e5 Maj i bastun,<\/h6>\n<h6>b\u00e5d Kaal \u00e5 mamm \u00e5 jag<\/h6>\n<h6>b\u00e5d kaal \u00e5 mamm \u00e5 jag<\/h6>\n<h6>Vi ska sjong om tulderitutin<\/h6>\n<h6>Packas-Maj \u00e5 bj\u00f6nin sj\u00f6lv.<\/h6>\n<h6>Stubba, stubba alla k\u00e4ringar<\/h6>\n<h6>slarvar Erkas dansin f\u00f6r sig sj\u00f6lv&#8221;<\/h6>\n<figure id=\"attachment_24469\" aria-describedby=\"caption-attachment-24469\" style=\"width: 1380px\" class=\"wp-caption alignnone\"><img loading=\"lazy\" decoding=\"async\" class=\"size-full wp-image-24469\" src=\"https:\/\/www.lassebacklund.fi\/wp-content\/uploads\/2025\/08\/Borg-Oskars-visa.jpg\" alt=\"\" width=\"1380\" height=\"1510\" srcset=\"https:\/\/www.lassebacklund.fi\/wp-content\/uploads\/2025\/08\/Borg-Oskars-visa.jpg 1380w, https:\/\/www.lassebacklund.fi\/wp-content\/uploads\/2025\/08\/Borg-Oskars-visa-274x300.jpg 274w, https:\/\/www.lassebacklund.fi\/wp-content\/uploads\/2025\/08\/Borg-Oskars-visa-936x1024.jpg 936w, https:\/\/www.lassebacklund.fi\/wp-content\/uploads\/2025\/08\/Borg-Oskars-visa-768x840.jpg 768w\" sizes=\"auto, (max-width: 1380px) 100vw, 1380px\" \/><figcaption id=\"caption-attachment-24469\" class=\"wp-caption-text\">Borg-Oskaras vaggvisa, som Huhtala Selma sj\u00f6ng f\u00f6r Ann-Mari H\u00e4ggman \u00e5r 1976. Lappfj\u00e4rds Damk\u00f6r har tagit upp visan p\u00e5 sin repertoar och framf\u00f6rt den, bland annat i kyrkan.<\/figcaption><\/figure>\n<h3><strong>Annat<\/strong><\/h3>\n<p>\u00c5r 1912 omn\u00e4mns han i tidningen Syd-\u00d6sterbotten i mindre smickrande ordalag:<\/p>\n<p><span style=\"color: #000080;\"><strong><em>\u201dV\u00e4lf\u00f6rtj\u00e4nt n\u00e4pst.<\/em><\/strong><\/span><\/p>\n<p><span style=\"color: #000080;\"><em>Backstugusittaren Oskar Granath i Dagsmark, som ansett n\u00f6digt, att i kampen f\u00f6r sin tillvaro h\u00e5lla sig med h\u00e4st, har \u2013 ehuru t\u00e4ta ombyten f\u00f6rsigg\u00e5tt \u2013 icke lyckats f\u00e5 en s\u00e5dan h\u00e4st, vars yttre vittnat om god omv\u00e5rdnad. F\u00f6ljden h\u00e4rav blev att Granaths h\u00e4stkrake h\u00e4romdagen avlivades p\u00e5 order av polismyndigheten, vederb\u00f6rande till v\u00e4lf\u00f6rtj\u00e4nt straff och andra till varnagel. Vi v\u00e5ga hoppas, att slika fall av djurpl\u00e5geri framgent med str\u00e4nghet beivras.\u201d<\/em><\/span><\/p>\n<figure id=\"attachment_24465\" aria-describedby=\"caption-attachment-24465\" style=\"width: 873px\" class=\"wp-caption alignnone\"><img loading=\"lazy\" decoding=\"async\" class=\"size-full wp-image-24465\" src=\"https:\/\/www.lassebacklund.fi\/wp-content\/uploads\/2025\/08\/Pa-nytt-kopia-rotated.jpg\" alt=\"\" width=\"873\" height=\"1164\" srcset=\"https:\/\/www.lassebacklund.fi\/wp-content\/uploads\/2025\/08\/Pa-nytt-kopia-rotated.jpg 873w, https:\/\/www.lassebacklund.fi\/wp-content\/uploads\/2025\/08\/Pa-nytt-kopia-225x300.jpg 225w, https:\/\/www.lassebacklund.fi\/wp-content\/uploads\/2025\/08\/Pa-nytt-kopia-768x1024.jpg 768w\" sizes=\"auto, (max-width: 873px) 100vw, 873px\" \/><figcaption id=\"caption-attachment-24465\" class=\"wp-caption-text\">Allt som finns kvar av Borg-Oskars stuga bakom Eliel Holmbergs uthus \u00e4r en husgrund med d\u00e4rtill h\u00f6rande murgrund. Fotot fr\u00e5n sommaren 2017.<\/figcaption><\/figure>\n","protected":false},"excerpt":{"rendered":"<p>Det \u00e4r inte mycket vi k\u00e4nner till om Borg-Oskar, som bodde i en liten stuga p\u00e5 B\u00e5sk hemman. Stugan stod i tiderna bakom Eliel Holmbergs uthus, p\u00e5 norra sidan av Gr\u00f6ndahlas t\u00e5. Stugan revs p\u00e5 1950-talet och det enda som <a class=\"more-link\" href=\"https:\/\/www.lassebacklund.fi\/?page_id=5842\">Forts\u00e4tt l\u00e4sa <span class=\"screen-reader-text\">  Borg-Oskar p\u00e5 By\u00e5sen, Dagsmarkv\u00e4gen 369<\/span><span class=\"meta-nav\">&rarr;<\/span><\/a><\/p>\n","protected":false},"author":1,"featured_media":0,"parent":61,"menu_order":369,"comment_status":"closed","ping_status":"closed","template":"","meta":{"footnotes":""},"class_list":["post-5842","page","type-page","status-publish","hentry"],"_links":{"self":[{"href":"https:\/\/www.lassebacklund.fi\/index.php?rest_route=\/wp\/v2\/pages\/5842","targetHints":{"allow":["GET"]}}],"collection":[{"href":"https:\/\/www.lassebacklund.fi\/index.php?rest_route=\/wp\/v2\/pages"}],"about":[{"href":"https:\/\/www.lassebacklund.fi\/index.php?rest_route=\/wp\/v2\/types\/page"}],"author":[{"embeddable":true,"href":"https:\/\/www.lassebacklund.fi\/index.php?rest_route=\/wp\/v2\/users\/1"}],"replies":[{"embeddable":true,"href":"https:\/\/www.lassebacklund.fi\/index.php?rest_route=%2Fwp%2Fv2%2Fcomments&post=5842"}],"version-history":[{"count":10,"href":"https:\/\/www.lassebacklund.fi\/index.php?rest_route=\/wp\/v2\/pages\/5842\/revisions"}],"predecessor-version":[{"id":24470,"href":"https:\/\/www.lassebacklund.fi\/index.php?rest_route=\/wp\/v2\/pages\/5842\/revisions\/24470"}],"up":[{"embeddable":true,"href":"https:\/\/www.lassebacklund.fi\/index.php?rest_route=\/wp\/v2\/pages\/61"}],"wp:attachment":[{"href":"https:\/\/www.lassebacklund.fi\/index.php?rest_route=%2Fwp%2Fv2%2Fmedia&parent=5842"}],"curies":[{"name":"wp","href":"https:\/\/api.w.org\/{rel}","templated":true}]}}