{"id":5755,"date":"2017-09-04T20:53:52","date_gmt":"2017-09-04T18:53:52","guid":{"rendered":"http:\/\/www.lassebacklund.fi\/?page_id=5755"},"modified":"2026-01-08T00:01:45","modified_gmt":"2026-01-07T22:01:45","slug":"fran-lang-till-klemets-till-nygard","status":"publish","type":"page","link":"https:\/\/www.lassebacklund.fi\/?page_id=5755","title":{"rendered":"Nyg\u00e5rds g\u00e5rd p\u00e5 Korsb\u00e4ckv\u00e4gen 416"},"content":{"rendered":"<figure id=\"attachment_25207\" aria-describedby=\"caption-attachment-25207\" style=\"width: 1612px\" class=\"wp-caption alignnone\"><img loading=\"lazy\" decoding=\"async\" class=\"size-full wp-image-25207\" src=\"https:\/\/www.lassebacklund.fi\/wp-content\/uploads\/2025\/12\/IMG_7182.jpg\" alt=\"\" width=\"1612\" height=\"1209\" srcset=\"https:\/\/www.lassebacklund.fi\/wp-content\/uploads\/2025\/12\/IMG_7182.jpg 1612w, https:\/\/www.lassebacklund.fi\/wp-content\/uploads\/2025\/12\/IMG_7182-300x225.jpg 300w, https:\/\/www.lassebacklund.fi\/wp-content\/uploads\/2025\/12\/IMG_7182-1024x768.jpg 1024w, https:\/\/www.lassebacklund.fi\/wp-content\/uploads\/2025\/12\/IMG_7182-768x576.jpg 768w, https:\/\/www.lassebacklund.fi\/wp-content\/uploads\/2025\/12\/IMG_7182-1536x1152.jpg 1536w\" sizes=\"auto, (max-width: 1612px) 100vw, 1612px\" \/><figcaption id=\"caption-attachment-25207\" class=\"wp-caption-text\">Den h\u00e4r g\u00e5rden uppf\u00f6rde bonden Josef Josefsson Klemets (1869-1945) och hans hustru Wilhelmina (1870-1944) \u00e5r 1911 d\u00e5 de visste att hemmanet Nyg\u00e5rd skulle placeras h\u00e4r, bakom Berg\u00e5sen. M\u00f6jligtvis har den h\u00e4r g\u00e5rden tidigare st\u00e5tt n\u00e5gonstans p\u00e5 K\u00e5rkbackan, d\u00e4r sl\u00e4kten bodde. Fotot taget fr\u00e5n landsv\u00e4gen \u00e5r 2022.<\/figcaption><\/figure>\n<p><strong><span style=\"color: #000080;\">Uppgjort av Lasse Backlund i september 2017 med hj\u00e4lp av Eva Gr\u00f6nlund, Elgot Nyg\u00e5rd och Wilhelm Jansson.<\/span><\/strong><\/p>\n<h3><strong>G\u00e5rdens historia &#8221;Fr\u00e5n L\u00e5ng till Klemets till Nyg\u00e5rd&#8221;<\/strong><\/h3>\n<p>\u201dK\u00e5rk Ant\u201d, allts\u00e5 Anders Eriksson L\u00e5ng var f\u00f6dd 1804 och han bodde p\u00e5 Brobackan eller p\u00e5 K\u00e5rkbackan, n\u00e4ra nuvarande <a href=\"https:\/\/www.lassebacklund.fi\/?page_id=12575\">sportplan.<\/a> Han var gift med Brita Cajsa Hans Henriksdotter Sm\u00e5tr\u00e4sk (f.1809). D\u00e4r f\u00f6ddes deras son Josef Andersson L\u00e5ng den 19 mars 1841 och han kallades &#8221;K\u00e5rk Antas Gam\u00e4l Josip&#8221;. \u00c5r 1865 gifte han sig med Henrika \u00c5djers (1841-1932) fr\u00e5n Lappfj\u00e4rd. I kyrkboken st\u00e5r det att paret under \u00e5ren 1865-1868 bodde p\u00e5 \u201d\u00c5ggers\u201d i Lappfj\u00e4rd, h\u00f6gst troligt p\u00e5 hemmanets marker i Norrviken och det var med andra ord under de h\u00e5rda n\u00f6d\u00e5ren.<\/p>\n<h4><strong>Josef Andersson L\u00e5ng tar \u00f6ver ett stort Klemets hemman<\/strong><\/h4>\n<p>I b\u00f6rjan av 1860-talet f\u00f6rv\u00e4rvade Josef Andersson L\u00e5ng h\u00e4lften av Erik Klemets stora hemman. Erik, som kallades &#8221;Klemes Erk&#8221; hade sedan 1843 sitt boningshus p\u00e5 den s\u00e5 kallade Majbo-tomten d\u00e4r<strong> <a href=\"https:\/\/www.lassebacklund.fi\/?page_id=7496\">ungdomsf\u00f6reningens nya Majbo<\/a><\/strong> ocks\u00e5 st\u00e5r.\u00a0 Hemmanet d\u00e4remot var utspritt \u00f6ver hela byn, ocks\u00e5 bakom Berg\u00e5sen. P\u00e5 grund av missbruk hamnade Erik under f\u00f6rmyndarskap \u00e5r 1857 eftersom det fanns en risk han, hustrun och de fyra barnen skulle bli fattigf\u00f6rs\u00f6rjningen till last. Eriks hemman s\u00e5ldes efter en tid ut i tre mindre delar:<\/p>\n<p>-En fj\u00e4rdedel \u00f6vertogs av Eriks syster Maria Helena (1818-1906) i Klemets\u00e4ndan, som \u00e5r 1884 gav det vidare \u00e5t sin son Viktor R\u00f6nnqvist, som kallades &#8221;Rooraas Viktor&#8221;.\u00a0 Av den delen bildades sedan <strong><a href=\"https:\/\/www.lassebacklund.fi\/?page_id=11629\">hemmanet R\u00f6nnkvist.<\/a><\/strong><\/p>\n<p>-En annan fj\u00e4rdedel s\u00e5ldes \u00e5t Eriks andra syster Anna Kajsa (1824-1910) och hennes man Josef Storkull, senare Klemets (1822-1867).\u00a0 Den fj\u00e4rdedelen s\u00e5ldes sedan \u00e5t deras son Josef Henrik (1845-1893) och hans hustru Maja Lena (1842-1927). Vid storskiftet 1900-1912 bildades hemmanet Gr\u00f6nlund, d\u00e4r Majbo st\u00e5r i dag.<\/p>\n<p>-Halva hemmanet s\u00e5ldes \u00e5t &#8221;K\u00e5rk Antas Gam\u00e4l Josip&#8221;, allts\u00e5 Josef Andersson L\u00e5ng, som d\u00e5 bodde p\u00e5 K\u00e5rkbackan i Dagsmark. Det var kanske i samband med k\u00f6pte av detta Klemets hemman som Josef och hans hustru Henrika bytte sl\u00e4ktnamn till Klemets. i n\u00e5got skede bytte sl\u00e4ktnamn till Klemets. Det lite oklart vilket \u00e5r Josef och Henrika flyttade till Kytt\u00e5kers vid Stolidbackan i Korsb\u00e4ck. Kanske var det genast \u00e5r 1872 d\u00e5 de fick lagfart p\u00e5 hemmanet eller kanske var det \u00e5r 1911 n\u00e4r de uppf\u00f6rde g\u00e5rden.<\/p>\n<p>Det var allts\u00e5 hit som Josef Andersson L\u00e5ng och hans &#8221;Rika&#8221;, allts\u00e5 Henrika flyttade och blev b\u00f6nder p\u00e5 Klemets. \u00c5r 1869 f\u00f6ddes sonen Josef Josefsson Klemets och \u00e5r 1872 fick s\u00e5 Josef Andersson fastebrev, allts\u00e5 lagfart p\u00e5 1\/24 del mantal av Klemets hemman, som han hade k\u00f6pt av &#8221;Klemes Erk&#8221;. \u00c5r 1875 k\u00f6pte Josef Andersson in ett hemman till, som var lika stort och det hade tillh\u00f6rt en Johan Johansson Klemets, som nyligen hade avlidit. Josef Andersson kunde d\u00e4refter r\u00e4knas som en av de st\u00f6rre b\u00f6nderna i Dagsmark.<\/p>\n<h4><strong>Josef Josefsson \u00f6vertar ena hemmanet av fadern Josef Andersson<\/strong><\/h4>\n<p><strong>\u00c5r 1897<\/strong> \u00f6verl\u00e4t Josef Andersson det ena hemmanet \u00e5t sonen Josef Josefsson Klemets, som kallades &#8221;K\u00e5rk Antas Josip&#8221;. \u00c5r 1892 gifte sig Josef med Vilhelmina Johan Henriksdotter Klemets fr\u00e5n <strong><a href=\"https:\/\/www.lassebacklund.fi\/?page_id=6118\">J\u00f6ranas<\/a><\/strong> och dessa fick fastebrev \u00e5r 1897. Efter gifterm\u00e5let b\u00f6rjade Wilhelmina kallas &#8221;K\u00e5rk Antas Mina&#8221;. Enligt k\u00f6pebrevet s\u00e5 skulle de ge sytning \u00e5t f\u00f6r\u00e4ldrarna och s\u00e5 l\u00f6ste de ut systern Amanda med 700 mark. Denna Vilhelmina som Josef Josefsson gifte sig med, var syster till <strong><a href=\"https:\/\/www.lassebacklund.fi\/?page_id=433\">Viktor Norrg\u00e5rd (1859-1945)<\/a><\/strong> i Klemets\u00e4ndan och till<strong> <a href=\"https:\/\/www.lassebacklund.fi\/?page_id=6118\">Johan Sandlund (1863-1947)<\/a><\/strong> p\u00e5 A-sidon.<\/p>\n<h3><strong>Torpet.<\/strong><\/h3>\n<p>\u00c5r 1878 gjorde Josef Andersson L\u00e5ng eller Klemets upp ett torpkontrakt med Henrik Eriksson Ahlkulla och torpet skulle ha legat nedanf\u00f6r nuvarande Nyg\u00e5rds ner mot Lill\u00e5n och Lillsj\u00f6n. Ahlkulla var torpare h\u00e4r i 16 \u00e5r och f\u00f6ljande torpare blev en Johan Johansson Kontola fr\u00e5n Wesij\u00e4rvi fr\u00e5n 1894.<\/p>\n<p>Efter en tid blev denne Kontola st\u00e4md till tinget av Josef Andersson och dennes son Josef Josefsson. Orsaken var att Kontola hade flyttat g\u00e4rdesg\u00e5rdar och s\u00e5 hade han tillverkat h\u00f6st\u00f6rar, som han tog ur Josef Andersson och Joses Josefssons skogar. Dessutom hade Kontola b\u00e4rgat h\u00f6 p\u00e5 deras marker och f\u00f6r dessa f\u00f6rseelser d\u00f6mdes Kontola att betala ers\u00e4ttning till \u00e4garna. Kontola for sedan till Amerika 1898.<\/p>\n<h3><strong>Storskiftet 1900-1912.<\/strong><\/h3>\n<p>I samband med storskiftet fick Josef Andersson Klemets och Henrika sitt hemman Nyg\u00e5rd Nr 1:13 placerat i ett enda skifte l\u00e4ngs Kytt\u00e5kerst\u00e5, medan sonen Josef Josefsson hemman Bergroth Nr 1:12 placerades n\u00e4rmare skogen, ocks\u00e5 det i ett enda skifte.<\/p>\n<figure id=\"attachment_4038\" aria-describedby=\"caption-attachment-4038\" style=\"width: 1393px\" class=\"wp-caption aligncenter\"><img loading=\"lazy\" decoding=\"async\" class=\"wp-image-4038 size-full\" src=\"http:\/\/www.lassebacklund.fi\/wp-content\/uploads\/2017\/05\/12-Bergroth.jpg\" alt=\"12 Bergroth\" width=\"1393\" height=\"901\" srcset=\"https:\/\/www.lassebacklund.fi\/wp-content\/uploads\/2017\/05\/12-Bergroth.jpg 1393w, https:\/\/www.lassebacklund.fi\/wp-content\/uploads\/2017\/05\/12-Bergroth-300x194.jpg 300w, https:\/\/www.lassebacklund.fi\/wp-content\/uploads\/2017\/05\/12-Bergroth-768x497.jpg 768w, https:\/\/www.lassebacklund.fi\/wp-content\/uploads\/2017\/05\/12-Bergroth-1024x662.jpg 1024w\" sizes=\"auto, (max-width: 1393px) 100vw, 1393px\" \/><figcaption id=\"caption-attachment-4038\" class=\"wp-caption-text\">Bergroth hemman 1:12, som p\u00e5 senare tid \u00e4gdes av Anselm Nyg\u00e5rd<\/figcaption><\/figure>\n<p>&nbsp;<\/p>\n<figure id=\"attachment_4039\" aria-describedby=\"caption-attachment-4039\" style=\"width: 1384px\" class=\"wp-caption aligncenter\"><img loading=\"lazy\" decoding=\"async\" class=\"wp-image-4039 size-full\" src=\"http:\/\/www.lassebacklund.fi\/wp-content\/uploads\/2017\/05\/13-Nyg\u00e5rd.jpg\" alt=\"13 Nyg\u00e5rd\" width=\"1384\" height=\"741\" srcset=\"https:\/\/www.lassebacklund.fi\/wp-content\/uploads\/2017\/05\/13-Nyg\u00e5rd.jpg 1384w, https:\/\/www.lassebacklund.fi\/wp-content\/uploads\/2017\/05\/13-Nyg\u00e5rd-300x161.jpg 300w, https:\/\/www.lassebacklund.fi\/wp-content\/uploads\/2017\/05\/13-Nyg\u00e5rd-768x411.jpg 768w, https:\/\/www.lassebacklund.fi\/wp-content\/uploads\/2017\/05\/13-Nyg\u00e5rd-1024x548.jpg 1024w\" sizes=\"auto, (max-width: 1384px) 100vw, 1384px\" \/><figcaption id=\"caption-attachment-4039\" class=\"wp-caption-text\">Nyg\u00e5rd hemman 1:12, som p\u00e5 senare tid \u00e4gdes av Frans Nyg\u00e5rd.<\/figcaption><\/figure>\n<p><strong>\u00c5r 1911<\/strong> byggde sonen Josef Josefsson och Vilhelmina Nyg\u00e5rd en g\u00e5rd p\u00e5 Nyg\u00e5rd hemman, som fortfarande st\u00e5r kvar.<\/p>\n<figure id=\"attachment_5758\" aria-describedby=\"caption-attachment-5758\" style=\"width: 2304px\" class=\"wp-caption aligncenter\"><img loading=\"lazy\" decoding=\"async\" class=\"size-full wp-image-5758\" src=\"http:\/\/www.lassebacklund.fi\/wp-content\/uploads\/2017\/09\/Elgotas.jpg\" alt=\"Den h\u00e4r g\u00e5rden p\u00e5 Korsb\u00e4ckv\u00e4gen 416 byggdes omkring 1911 och har efter det renoverats flera g\u00e5nger. Fotot fr\u00e5n 2017.\" width=\"2304\" height=\"1704\" srcset=\"https:\/\/www.lassebacklund.fi\/wp-content\/uploads\/2017\/09\/Elgotas.jpg 2304w, https:\/\/www.lassebacklund.fi\/wp-content\/uploads\/2017\/09\/Elgotas-300x222.jpg 300w, https:\/\/www.lassebacklund.fi\/wp-content\/uploads\/2017\/09\/Elgotas-768x568.jpg 768w, https:\/\/www.lassebacklund.fi\/wp-content\/uploads\/2017\/09\/Elgotas-1024x757.jpg 1024w\" sizes=\"auto, (max-width: 2304px) 100vw, 2304px\" \/><figcaption id=\"caption-attachment-5758\" class=\"wp-caption-text\">Den h\u00e4r g\u00e5rden p\u00e5 Korsb\u00e4ckv\u00e4gen 416 byggdes omkring 1911 och har efter det renoverats flera g\u00e5nger. F\u00f6rsta som bodde h\u00e4r var Josef Josefsson Nyg\u00e5rd och hans hustru Vilhelmina. Sedan \u00f6vertogs den av deras son Frans Nyg\u00e5rd och efter Frans sonen Elgot. G\u00e5rden har \u00f6vertagits av Elgots sl\u00e4ktingar och \u00e4r obebodd idag. Fotot fr\u00e5n 2017.<\/figcaption><\/figure>\n<h4><strong>Josef Josefsson \u00f6vertar det andra hemmanet av fadern<\/strong><\/h4>\n<p><strong>\u00c5r 1914<\/strong> \u00f6verl\u00e4t &#8221;K\u00e5rk Antas Josip&#8221;, allts\u00e5 Josef Andersson Klemets och hustrun Henrika ocks\u00e5 det andra hemmanet \u00e5t sonen Josef Josefsson Klemets, vilket betydde att denne d\u00e5 \u00e4gde b\u00e5da hemmanen Bergrot och Nyg\u00e5rd.<\/p>\n<figure id=\"attachment_5757\" aria-describedby=\"caption-attachment-5757\" style=\"width: 2304px\" class=\"wp-caption aligncenter\"><img loading=\"lazy\" decoding=\"async\" class=\"size-full wp-image-5757\" src=\"http:\/\/www.lassebacklund.fi\/wp-content\/uploads\/2017\/09\/Elgotas-lillstugan.jpg\" alt=\"Den h\u00e4r lillstugan som st\u00e5r n\u00e4ra Korsb\u00e4ckv\u00e4gen byggdes omkring 1911 \u00e5t Henrika Klemets, som dog \u00e5r 1932.\" width=\"2304\" height=\"1704\" srcset=\"https:\/\/www.lassebacklund.fi\/wp-content\/uploads\/2017\/09\/Elgotas-lillstugan.jpg 2304w, https:\/\/www.lassebacklund.fi\/wp-content\/uploads\/2017\/09\/Elgotas-lillstugan-300x222.jpg 300w, https:\/\/www.lassebacklund.fi\/wp-content\/uploads\/2017\/09\/Elgotas-lillstugan-768x568.jpg 768w, https:\/\/www.lassebacklund.fi\/wp-content\/uploads\/2017\/09\/Elgotas-lillstugan-1024x757.jpg 1024w\" sizes=\"auto, (max-width: 2304px) 100vw, 2304px\" \/><figcaption id=\"caption-attachment-5757\" class=\"wp-caption-text\">Den h\u00e4r lillstugan som st\u00e5r n\u00e4ra Korsb\u00e4ckv\u00e4gen byggdes omkring 1911 som sytningsstuga \u00e5t Henrika Klemets, som dog \u00e5r 1932.<\/figcaption><\/figure>\n<p>Samtidigt med att det st\u00f6rre boningshuset uppf\u00f6rdes byggdes den mindre lillstugan p\u00e5 samma tomt och dit flyttade bland annat Josefs mor Henrika. Hon blev \u00f6ver 90 \u00e5r gammal och hon bodde d\u00e4r tills hon dog 1932. F\u00f6ljande att bo i lillstugan var Josef och Vilhelmina Nyg\u00e5rd, som flyttade dit d\u00e5 sonen Frans Nyg\u00e5rd (1900-1967) \u00e5r 1927 tog \u00f6ver hemmanet och flyttade in i storstugan tillsammans med hustrun Selma (f. R\u00f6nnblad 1898-1988). Frans Nyg\u00e5rd gifte sig med Selma 16 april 1922, samma dag som Selmas syster Hulda gifte sig med Artur Berg fr\u00e5n Norrviken.<\/p>\n<p><strong>\u00c5r 1964<\/strong> flyttade Frans och Selma Nyg\u00e5rd in i lillstugan, d\u00e5 deras son Elgot Nyg\u00e5rd (f. 1928) gifte sig med Ragni H\u00e4llfors (f. 1934) och flyttade in i storstugan. Sedan Selma dog har ingen bott i lillstugan.<\/p>\n<figure id=\"attachment_926\" aria-describedby=\"caption-attachment-926\" style=\"width: 1262px\" class=\"wp-caption aligncenter\"><img loading=\"lazy\" decoding=\"async\" class=\"wp-image-926 size-full\" src=\"http:\/\/www.lassebacklund.fi\/wp-content\/uploads\/2016\/09\/1-21.jpg\" alt=\"H\u00e4r K\u00e5rk-Antas g\u00e5rden uppe i Korsb\u00e4ck. St\u00e4llet hette tidigare Kytt\u00e5kersbackan men efter att Erland Hammarberg med sin familj flyttade fr\u00e5n Storliden till grannskapet, s\u00e5 b\u00f6rjade st\u00e4llet kallas f\u00f6r Stolidbackan.\" width=\"1262\" height=\"946\" srcset=\"https:\/\/www.lassebacklund.fi\/wp-content\/uploads\/2016\/09\/1-21.jpg 1262w, https:\/\/www.lassebacklund.fi\/wp-content\/uploads\/2016\/09\/1-21-300x225.jpg 300w, https:\/\/www.lassebacklund.fi\/wp-content\/uploads\/2016\/09\/1-21-768x576.jpg 768w, https:\/\/www.lassebacklund.fi\/wp-content\/uploads\/2016\/09\/1-21-1024x768.jpg 1024w\" sizes=\"auto, (max-width: 1262px) 100vw, 1262px\" \/><figcaption id=\"caption-attachment-926\" class=\"wp-caption-text\">Den h\u00e4r g\u00e5rden som st\u00e5r p\u00e5 Korsb\u00e4ckv\u00e4gen 378, p\u00e5 Bergroth hemman flyttades efter storskiftet p\u00e5 20-talet till sin nuvarande plats fr\u00e5n Dagsmark. H\u00e4r bodde Anselm Nyg\u00e5rd, f\u00f6rst med hustrun Fanny och efter hennes d\u00f6d med Martta. Efter att Martta dog har ingen bott i g\u00e5rden.<\/figcaption><\/figure>\n<h4><strong>Frans Nyg\u00e5rd och Anselm Nyg\u00e5rd \u00f6vertar varsitt hemman<\/strong><\/h4>\n<p><strong>\u00c5r 1927, den 17 december<\/strong> \u00f6verl\u00e4t Josef Josefsson sitt Bergroth hemman nr 1:12 \u00e5r sonen Anselm Nyg\u00e5rd. Hemmanet var v\u00e4rderat till 20 000 mark men k\u00f6peskillingen utgjordes av ett livstids sytningskontrakt. I k\u00f6pet ingick alla byggnader och h\u00e4lften av alla k\u00f6rredskap, en halv lott i Storsj\u00f6 tr\u00e4sk, 7 andelar i ett motortr\u00f6skverk, en h\u00e4st och 2 kor. Det best\u00e4mdes ocks\u00e5 att om Anselm avlider f\u00e5r hemmanet inte s\u00e4ljas \u00e5t utomst\u00e5ende, utan de \u00f6vriga anh\u00f6rigas tillst\u00e5nd.<\/p>\n<p>P\u00e5 detta hemman Bergroth Nr 1:12 hade Josef Josefsson Nyg\u00e5rd p\u00e5 1920-talet byggt en g\u00e5rd \u00e5t sonen Anselm Nyg\u00e5rd (1906-1977) som \u00e5r 1930 gifte sig med Fanny Klemets fr\u00e5n Dagsmark, som dog i barns\u00e4ng f\u00f6ljande \u00e5r. Denna g\u00e5rd hade tidigare st\u00e5tt p\u00e5 K\u00e5rkbackan n\u00e4ra sportplanen men flyttades allts\u00e5 p\u00e5 1920-talet till det st\u00e4lle d\u00e4r den fortfarande st\u00e5r. H\u00e4r bodde sedan Anselm Nyg\u00e5rd och hans andra hustru Martta hela livet och g\u00e5rden st\u00e5r tom sedan n\u00e5gra \u00e5r tillbaka.<\/p>\n<p><strong>\u00c5r 1927, de 17 decembe<\/strong>r, allts\u00e5 samma dag s\u00e5lde Josef Josefsson det andra hemmanet Nyg\u00e5rd 1:13 \u00e5t den andra sonen Frans, som d\u00e5 var gift med Selma. Hemmanet som var v\u00e4rt 20 000 mark betalades med livstidssytning. I k\u00f6pet ingick alla byggnader utom lillstugan som stod n\u00e4rmare v\u00e4gen, ett mindre f\u00e4hus och ett nytt h\u00e4rbre och s\u00e5 m\u00e5ste Frans bygga ocks\u00e5 ett vedlider. I \u00f6vrigt g\u00e4llde samma villkor som i Anselms k\u00f6pebrev.<\/p>\n","protected":false},"excerpt":{"rendered":"<p>Uppgjort av Lasse Backlund i september 2017 med hj\u00e4lp av Eva Gr\u00f6nlund, Elgot Nyg\u00e5rd och Wilhelm Jansson. G\u00e5rdens historia &#8221;Fr\u00e5n L\u00e5ng till Klemets till Nyg\u00e5rd&#8221; \u201dK\u00e5rk Ant\u201d, allts\u00e5 Anders Eriksson L\u00e5ng var f\u00f6dd 1804 och han bodde p\u00e5 Brobackan eller <a class=\"more-link\" href=\"https:\/\/www.lassebacklund.fi\/?page_id=5755\">Forts\u00e4tt l\u00e4sa <span class=\"screen-reader-text\">  Nyg\u00e5rds g\u00e5rd p\u00e5 Korsb\u00e4ckv\u00e4gen 416<\/span><span class=\"meta-nav\">&rarr;<\/span><\/a><\/p>\n","protected":false},"author":1,"featured_media":0,"parent":75,"menu_order":416,"comment_status":"closed","ping_status":"closed","template":"","meta":{"footnotes":""},"class_list":["post-5755","page","type-page","status-publish","hentry"],"_links":{"self":[{"href":"https:\/\/www.lassebacklund.fi\/index.php?rest_route=\/wp\/v2\/pages\/5755","targetHints":{"allow":["GET"]}}],"collection":[{"href":"https:\/\/www.lassebacklund.fi\/index.php?rest_route=\/wp\/v2\/pages"}],"about":[{"href":"https:\/\/www.lassebacklund.fi\/index.php?rest_route=\/wp\/v2\/types\/page"}],"author":[{"embeddable":true,"href":"https:\/\/www.lassebacklund.fi\/index.php?rest_route=\/wp\/v2\/users\/1"}],"replies":[{"embeddable":true,"href":"https:\/\/www.lassebacklund.fi\/index.php?rest_route=%2Fwp%2Fv2%2Fcomments&post=5755"}],"version-history":[{"count":18,"href":"https:\/\/www.lassebacklund.fi\/index.php?rest_route=\/wp\/v2\/pages\/5755\/revisions"}],"predecessor-version":[{"id":25401,"href":"https:\/\/www.lassebacklund.fi\/index.php?rest_route=\/wp\/v2\/pages\/5755\/revisions\/25401"}],"up":[{"embeddable":true,"href":"https:\/\/www.lassebacklund.fi\/index.php?rest_route=\/wp\/v2\/pages\/75"}],"wp:attachment":[{"href":"https:\/\/www.lassebacklund.fi\/index.php?rest_route=%2Fwp%2Fv2%2Fmedia&parent=5755"}],"curies":[{"name":"wp","href":"https:\/\/api.w.org\/{rel}","templated":true}]}}