{"id":5713,"date":"2017-08-23T21:11:21","date_gmt":"2017-08-23T19:11:21","guid":{"rendered":"http:\/\/www.lassebacklund.fi\/?page_id=5713"},"modified":"2024-04-25T10:08:02","modified_gmt":"2024-04-25T07:08:02","slug":"selims-foton-fran-ar-1941","status":"publish","type":"page","link":"https:\/\/www.lassebacklund.fi\/?page_id=5713","title":{"rendered":"Selims foton fr\u00e5n \u00e5r 1941."},"content":{"rendered":"<p>H\u00e4r n\u00e5gra av Selim Bj\u00f6rses\u00b4 fotografier tagna \u00e5r 1941. Eric Stens har identifierat personerna och skrivit de flesta texter. Fotografierna \u00e4r fr\u00e5n Svenska Litteraturs\u00e4llskapets arkiv i Vasa.<\/p>\n<figure id=\"attachment_5712\" aria-describedby=\"caption-attachment-5712\" style=\"width: 961px\" class=\"wp-caption aligncenter\"><img loading=\"lazy\" decoding=\"async\" class=\"size-full wp-image-5712\" src=\"http:\/\/www.lassebacklund.fi\/wp-content\/uploads\/2017\/08\/Skolelever.jpg\" alt=\"Emmi Bast och Josef Nessler ser ner p\u00e5 eleverna fr\u00e5n v\u00e4nster: Etel Storsj\u00f6, Margit Lindahl, Anna Myllykorpi, Ulla Storsj\u00f6, Astrid Nissander, Nils Hellman, Margit Rosendahl, Lars B\u00f6rje Engelholm, Nils Kl\u00e5vus och Runar Storsj\u00f6.\" width=\"961\" height=\"655\" srcset=\"https:\/\/www.lassebacklund.fi\/wp-content\/uploads\/2017\/08\/Skolelever.jpg 961w, https:\/\/www.lassebacklund.fi\/wp-content\/uploads\/2017\/08\/Skolelever-300x204.jpg 300w, https:\/\/www.lassebacklund.fi\/wp-content\/uploads\/2017\/08\/Skolelever-768x523.jpg 768w\" sizes=\"auto, (max-width: 961px) 100vw, 961px\" \/><figcaption id=\"caption-attachment-5712\" class=\"wp-caption-text\">Emmi Bast och Josef Nessler ser ner p\u00e5 eleverna fr\u00e5n v\u00e4nster: Etel Storsj\u00f6, Margit Lindahl, Anna Myllykorpi, Ulla Storsj\u00f6, Astrid Nissander, Nils Hellman, Margit Rosendahl, Lars B\u00f6rje Engelholm, Nils Kl\u00e5vus och Runar Storsj\u00f6.<\/figcaption><\/figure>\n<figure id=\"attachment_5711\" aria-describedby=\"caption-attachment-5711\" style=\"width: 1243px\" class=\"wp-caption aligncenter\"><img loading=\"lazy\" decoding=\"async\" class=\"size-full wp-image-5711\" src=\"http:\/\/www.lassebacklund.fi\/wp-content\/uploads\/2017\/08\/Riksmarschen.jpg\" alt=\"\u00c5r 1941 anordnades den s\u00e5 kallade Riksmarschen mellan Sverige och Finland. Avsikten var att st\u00e4rka folkets h\u00e4lsa och en miljon svenskar deltog men Finland vann med 1,5 miljoner deltagare.\" width=\"1243\" height=\"738\" srcset=\"https:\/\/www.lassebacklund.fi\/wp-content\/uploads\/2017\/08\/Riksmarschen.jpg 1243w, https:\/\/www.lassebacklund.fi\/wp-content\/uploads\/2017\/08\/Riksmarschen-300x178.jpg 300w, https:\/\/www.lassebacklund.fi\/wp-content\/uploads\/2017\/08\/Riksmarschen-768x456.jpg 768w, https:\/\/www.lassebacklund.fi\/wp-content\/uploads\/2017\/08\/Riksmarschen-1024x608.jpg 1024w\" sizes=\"auto, (max-width: 1243px) 100vw, 1243px\" \/><figcaption id=\"caption-attachment-5711\" class=\"wp-caption-text\">\u00c5r 1941 anordnades den s\u00e5 kallade Riksmarschen mellan Sverige och Finland. Avsikten var att st\u00e4rka folkets h\u00e4lsa och en miljon svenskar deltog men Finland vann med 1,5 miljoner deltagare.<\/figcaption><\/figure>\n<figure id=\"attachment_5710\" aria-describedby=\"caption-attachment-5710\" style=\"width: 1175px\" class=\"wp-caption aligncenter\"><img loading=\"lazy\" decoding=\"async\" class=\"size-full wp-image-5710\" src=\"http:\/\/www.lassebacklund.fi\/wp-content\/uploads\/2017\/08\/ota295_foto_0526.jpg\" alt=\"L\u00e4raren och fotografen Selim Bj\u00f6rses nere vid fj\u00e4rden.\" width=\"1175\" height=\"710\" srcset=\"https:\/\/www.lassebacklund.fi\/wp-content\/uploads\/2017\/08\/ota295_foto_0526.jpg 1175w, https:\/\/www.lassebacklund.fi\/wp-content\/uploads\/2017\/08\/ota295_foto_0526-300x181.jpg 300w, https:\/\/www.lassebacklund.fi\/wp-content\/uploads\/2017\/08\/ota295_foto_0526-768x464.jpg 768w, https:\/\/www.lassebacklund.fi\/wp-content\/uploads\/2017\/08\/ota295_foto_0526-1024x619.jpg 1024w\" sizes=\"auto, (max-width: 1175px) 100vw, 1175px\" \/><figcaption id=\"caption-attachment-5710\" class=\"wp-caption-text\">L\u00e4raren och fotografen Selim Bj\u00f6rses nere vid fj\u00e4rden.<\/figcaption><\/figure>\n<figure id=\"attachment_5709\" aria-describedby=\"caption-attachment-5709\" style=\"width: 1200px\" class=\"wp-caption aligncenter\"><img loading=\"lazy\" decoding=\"async\" class=\"size-full wp-image-5709\" src=\"http:\/\/www.lassebacklund.fi\/wp-content\/uploads\/2017\/08\/ota295_foto_0513.jpg\" alt=\"I denna g\u00e5rd bodde Sandra Klemets bakom Krokberget.\" width=\"1200\" height=\"804\" srcset=\"https:\/\/www.lassebacklund.fi\/wp-content\/uploads\/2017\/08\/ota295_foto_0513.jpg 1200w, https:\/\/www.lassebacklund.fi\/wp-content\/uploads\/2017\/08\/ota295_foto_0513-300x201.jpg 300w, https:\/\/www.lassebacklund.fi\/wp-content\/uploads\/2017\/08\/ota295_foto_0513-768x515.jpg 768w, https:\/\/www.lassebacklund.fi\/wp-content\/uploads\/2017\/08\/ota295_foto_0513-1024x686.jpg 1024w\" sizes=\"auto, (max-width: 1200px) 100vw, 1200px\" \/><figcaption id=\"caption-attachment-5709\" class=\"wp-caption-text\">I denna g\u00e5rd bodde Sandra Klemets bakom Krokberget.<\/figcaption><\/figure>\n<figure id=\"attachment_5708\" aria-describedby=\"caption-attachment-5708\" style=\"width: 1923px\" class=\"wp-caption aligncenter\"><img loading=\"lazy\" decoding=\"async\" class=\"size-full wp-image-5708\" src=\"http:\/\/www.lassebacklund.fi\/wp-content\/uploads\/2017\/08\/ota295_foto_0512-WEB-Tr\u00e4skvik-skola.jpg\" alt=\"P\u00e5 stranden bortom Sindersj\u00f6n st\u00e5r folkskolan i Tr\u00e4skvik.\" width=\"1923\" height=\"1154\" srcset=\"https:\/\/www.lassebacklund.fi\/wp-content\/uploads\/2017\/08\/ota295_foto_0512-WEB-Tr\u00e4skvik-skola.jpg 1923w, https:\/\/www.lassebacklund.fi\/wp-content\/uploads\/2017\/08\/ota295_foto_0512-WEB-Tr\u00e4skvik-skola-300x180.jpg 300w, https:\/\/www.lassebacklund.fi\/wp-content\/uploads\/2017\/08\/ota295_foto_0512-WEB-Tr\u00e4skvik-skola-768x461.jpg 768w, https:\/\/www.lassebacklund.fi\/wp-content\/uploads\/2017\/08\/ota295_foto_0512-WEB-Tr\u00e4skvik-skola-1024x615.jpg 1024w\" sizes=\"auto, (max-width: 1923px) 100vw, 1923px\" \/><figcaption id=\"caption-attachment-5708\" class=\"wp-caption-text\">P\u00e5 stranden bortom Sindersj\u00f6n st\u00e5r folkskolan i Tr\u00e4skvik.<\/figcaption><\/figure>\n<figure id=\"attachment_5707\" aria-describedby=\"caption-attachment-5707\" style=\"width: 791px\" class=\"wp-caption aligncenter\"><img loading=\"lazy\" decoding=\"async\" class=\"size-full wp-image-5707\" src=\"http:\/\/www.lassebacklund.fi\/wp-content\/uploads\/2017\/08\/ota295_foto_0511.jpg\" alt=\"P\u00e5 vintern 1941 finns det redan dubbla rader med vita kors vid hj\u00e4ltegravarna i Lappfj\u00e4rd.\" width=\"791\" height=\"776\" srcset=\"https:\/\/www.lassebacklund.fi\/wp-content\/uploads\/2017\/08\/ota295_foto_0511.jpg 791w, https:\/\/www.lassebacklund.fi\/wp-content\/uploads\/2017\/08\/ota295_foto_0511-300x294.jpg 300w, https:\/\/www.lassebacklund.fi\/wp-content\/uploads\/2017\/08\/ota295_foto_0511-768x753.jpg 768w\" sizes=\"auto, (max-width: 791px) 100vw, 791px\" \/><figcaption id=\"caption-attachment-5707\" class=\"wp-caption-text\">P\u00e5 vintern 1941 finns det redan dubbla rader med vita kors vid hj\u00e4ltegravarna i Lappfj\u00e4rd.<\/figcaption><\/figure>\n<figure id=\"attachment_5706\" aria-describedby=\"caption-attachment-5706\" style=\"width: 1200px\" class=\"wp-caption aligncenter\"><img loading=\"lazy\" decoding=\"async\" class=\"size-full wp-image-5706\" src=\"http:\/\/www.lassebacklund.fi\/wp-content\/uploads\/2017\/08\/ota295_foto_0510.jpg\" alt=\"Klubbmedlemmar p\u00e5 en kort utf\u00e4rd, h\u00e4r framf\u00f6r Molanders g\u00e5rd vid gam\u00e4lbroen.\" width=\"1200\" height=\"805\" srcset=\"https:\/\/www.lassebacklund.fi\/wp-content\/uploads\/2017\/08\/ota295_foto_0510.jpg 1200w, https:\/\/www.lassebacklund.fi\/wp-content\/uploads\/2017\/08\/ota295_foto_0510-300x201.jpg 300w, https:\/\/www.lassebacklund.fi\/wp-content\/uploads\/2017\/08\/ota295_foto_0510-768x515.jpg 768w, https:\/\/www.lassebacklund.fi\/wp-content\/uploads\/2017\/08\/ota295_foto_0510-1024x687.jpg 1024w\" sizes=\"auto, (max-width: 1200px) 100vw, 1200px\" \/><figcaption id=\"caption-attachment-5706\" class=\"wp-caption-text\">Klubbmedlemmar p\u00e5 en kort utf\u00e4rd, h\u00e4r framf\u00f6r Molanders g\u00e5rd vid gam\u00e4lbroen.<\/figcaption><\/figure>\n<figure id=\"attachment_5705\" aria-describedby=\"caption-attachment-5705\" style=\"width: 1188px\" class=\"wp-caption aligncenter\"><img loading=\"lazy\" decoding=\"async\" class=\"size-full wp-image-5705\" src=\"http:\/\/www.lassebacklund.fi\/wp-content\/uploads\/2017\/08\/ota295_foto_0508.jpg\" alt=\"Elevernas ringlekar p\u00e5 skolg\u00e5rden. Mitt i bild &quot;Gustas Kaalas&quot; g\u00e5rd, allts\u00e5 Artur och Hilma \u00c5djers g\u00e5rd. Till v\u00e4nster st\u00e5r Arturs farmor Henrikas g\u00e5rd, d\u00e4r ocks\u00e5 Arturs faster Manda bodde..\" width=\"1188\" height=\"787\" srcset=\"https:\/\/www.lassebacklund.fi\/wp-content\/uploads\/2017\/08\/ota295_foto_0508.jpg 1188w, https:\/\/www.lassebacklund.fi\/wp-content\/uploads\/2017\/08\/ota295_foto_0508-300x199.jpg 300w, https:\/\/www.lassebacklund.fi\/wp-content\/uploads\/2017\/08\/ota295_foto_0508-768x509.jpg 768w, https:\/\/www.lassebacklund.fi\/wp-content\/uploads\/2017\/08\/ota295_foto_0508-1024x678.jpg 1024w\" sizes=\"auto, (max-width: 1188px) 100vw, 1188px\" \/><figcaption id=\"caption-attachment-5705\" class=\"wp-caption-text\">Elevernas ringlekar p\u00e5 skolg\u00e5rden. Mitt i bild &#8221;Gustas Kaalas&#8221; g\u00e5rd, allts\u00e5 Artur och Hilma \u00c5djers g\u00e5rd. Till v\u00e4nster st\u00e5r Arturs farmor Henrikas g\u00e5rd, d\u00e4r ocks\u00e5 Arturs faster Manda bodde..<\/figcaption><\/figure>\n<figure id=\"attachment_5704\" aria-describedby=\"caption-attachment-5704\" style=\"width: 1200px\" class=\"wp-caption aligncenter\"><img loading=\"lazy\" decoding=\"async\" class=\"size-full wp-image-5704\" src=\"http:\/\/www.lassebacklund.fi\/wp-content\/uploads\/2017\/08\/ota295_foto_0507.jpg\" alt=\"Flickorna p\u00e5 kokkurs i s\u00f6dra skolan.\" width=\"1200\" height=\"806\" srcset=\"https:\/\/www.lassebacklund.fi\/wp-content\/uploads\/2017\/08\/ota295_foto_0507.jpg 1200w, https:\/\/www.lassebacklund.fi\/wp-content\/uploads\/2017\/08\/ota295_foto_0507-300x202.jpg 300w, https:\/\/www.lassebacklund.fi\/wp-content\/uploads\/2017\/08\/ota295_foto_0507-768x516.jpg 768w, https:\/\/www.lassebacklund.fi\/wp-content\/uploads\/2017\/08\/ota295_foto_0507-1024x688.jpg 1024w\" sizes=\"auto, (max-width: 1200px) 100vw, 1200px\" \/><figcaption id=\"caption-attachment-5704\" class=\"wp-caption-text\">Flickorna p\u00e5 kokkurs i s\u00f6dra skolan.<\/figcaption><\/figure>\n<figure id=\"attachment_5703\" aria-describedby=\"caption-attachment-5703\" style=\"width: 1200px\" class=\"wp-caption aligncenter\"><img loading=\"lazy\" decoding=\"async\" class=\"size-full wp-image-5703\" src=\"http:\/\/www.lassebacklund.fi\/wp-content\/uploads\/2017\/08\/ota295_foto_0506.jpg\" alt=\"L\u00e4rare Selim Bj\u00f6rses blommande kaktus i sitt hem 1941.\" width=\"1200\" height=\"812\" srcset=\"https:\/\/www.lassebacklund.fi\/wp-content\/uploads\/2017\/08\/ota295_foto_0506.jpg 1200w, https:\/\/www.lassebacklund.fi\/wp-content\/uploads\/2017\/08\/ota295_foto_0506-300x203.jpg 300w, https:\/\/www.lassebacklund.fi\/wp-content\/uploads\/2017\/08\/ota295_foto_0506-768x520.jpg 768w, https:\/\/www.lassebacklund.fi\/wp-content\/uploads\/2017\/08\/ota295_foto_0506-1024x693.jpg 1024w\" sizes=\"auto, (max-width: 1200px) 100vw, 1200px\" \/><figcaption id=\"caption-attachment-5703\" class=\"wp-caption-text\">L\u00e4rare Selim Bj\u00f6rses blommande kaktus i sitt hem 1941.<\/figcaption><\/figure>\n<figure id=\"attachment_5702\" aria-describedby=\"caption-attachment-5702\" style=\"width: 1200px\" class=\"wp-caption aligncenter\"><img loading=\"lazy\" decoding=\"async\" class=\"size-full wp-image-5702\" src=\"http:\/\/www.lassebacklund.fi\/wp-content\/uploads\/2017\/08\/ota295_foto_0505.jpg\" alt=\"Sommaren 1941 gjorde klubbmedlemmarna en utf\u00e4rd till H\u00e4rkmeri, d\u00e4r flickorna hade lekar i det gr\u00f6na.\" width=\"1200\" height=\"803\" srcset=\"https:\/\/www.lassebacklund.fi\/wp-content\/uploads\/2017\/08\/ota295_foto_0505.jpg 1200w, https:\/\/www.lassebacklund.fi\/wp-content\/uploads\/2017\/08\/ota295_foto_0505-300x201.jpg 300w, https:\/\/www.lassebacklund.fi\/wp-content\/uploads\/2017\/08\/ota295_foto_0505-768x514.jpg 768w, https:\/\/www.lassebacklund.fi\/wp-content\/uploads\/2017\/08\/ota295_foto_0505-1024x685.jpg 1024w\" sizes=\"auto, (max-width: 1200px) 100vw, 1200px\" \/><figcaption id=\"caption-attachment-5702\" class=\"wp-caption-text\">Sommaren 1941 gjorde klubbmedlemmarna en utf\u00e4rd till H\u00e4rkmeri, d\u00e4r flickorna hade lekar i det gr\u00f6na.<\/figcaption><\/figure>\n<figure id=\"attachment_5701\" aria-describedby=\"caption-attachment-5701\" style=\"width: 1169px\" class=\"wp-caption aligncenter\"><img loading=\"lazy\" decoding=\"async\" class=\"size-full wp-image-5701\" src=\"http:\/\/www.lassebacklund.fi\/wp-content\/uploads\/2017\/08\/ota295_foto_0502.jpg\" alt=\"Med tidstypiska p\u00e5sab\u00f6xor och st\u00f6vlar st\u00e5r Bernt Kronman i sitt morotsland. Notera den fina g\u00e4rdesg\u00e5rden i bakgrunden.\" width=\"1169\" height=\"688\" srcset=\"https:\/\/www.lassebacklund.fi\/wp-content\/uploads\/2017\/08\/ota295_foto_0502.jpg 1169w, https:\/\/www.lassebacklund.fi\/wp-content\/uploads\/2017\/08\/ota295_foto_0502-300x177.jpg 300w, https:\/\/www.lassebacklund.fi\/wp-content\/uploads\/2017\/08\/ota295_foto_0502-768x452.jpg 768w, https:\/\/www.lassebacklund.fi\/wp-content\/uploads\/2017\/08\/ota295_foto_0502-1024x603.jpg 1024w\" sizes=\"auto, (max-width: 1169px) 100vw, 1169px\" \/><figcaption id=\"caption-attachment-5701\" class=\"wp-caption-text\">Med tidstypiska p\u00e5sab\u00f6xor och st\u00f6vlar st\u00e5r Bernt Kronman i sitt morotsland. Notera den fina g\u00e4rdesg\u00e5rden i bakgrunden.<\/figcaption><\/figure>\n<figure id=\"attachment_5700\" aria-describedby=\"caption-attachment-5700\" style=\"width: 1123px\" class=\"wp-caption aligncenter\"><img loading=\"lazy\" decoding=\"async\" class=\"size-full wp-image-5700\" src=\"http:\/\/www.lassebacklund.fi\/wp-content\/uploads\/2017\/08\/ota295_foto_0501.jpg\" alt=\"De rimfrostiga telefonlinjerna skymmer ungdomslokalen en vinterdag 1941.\" width=\"1123\" height=\"703\" srcset=\"https:\/\/www.lassebacklund.fi\/wp-content\/uploads\/2017\/08\/ota295_foto_0501.jpg 1123w, https:\/\/www.lassebacklund.fi\/wp-content\/uploads\/2017\/08\/ota295_foto_0501-300x188.jpg 300w, https:\/\/www.lassebacklund.fi\/wp-content\/uploads\/2017\/08\/ota295_foto_0501-768x481.jpg 768w, https:\/\/www.lassebacklund.fi\/wp-content\/uploads\/2017\/08\/ota295_foto_0501-1024x641.jpg 1024w\" sizes=\"auto, (max-width: 1123px) 100vw, 1123px\" \/><figcaption id=\"caption-attachment-5700\" class=\"wp-caption-text\">De rimfrostiga telefonlinjerna skymmer ungdomslokalen en vinterdag 1941.<\/figcaption><\/figure>\n<figure id=\"attachment_5699\" aria-describedby=\"caption-attachment-5699\" style=\"width: 2000px\" class=\"wp-caption aligncenter\"><img loading=\"lazy\" decoding=\"async\" class=\"size-full wp-image-5699\" src=\"http:\/\/www.lassebacklund.fi\/wp-content\/uploads\/2017\/08\/ota295_foto_0500WEB-Johan-Reinholm-med-kaniner.jpg\" alt=\"Johan Reinholm visar upp sina kaniner.\" width=\"2000\" height=\"1353\" srcset=\"https:\/\/www.lassebacklund.fi\/wp-content\/uploads\/2017\/08\/ota295_foto_0500WEB-Johan-Reinholm-med-kaniner.jpg 2000w, https:\/\/www.lassebacklund.fi\/wp-content\/uploads\/2017\/08\/ota295_foto_0500WEB-Johan-Reinholm-med-kaniner-300x203.jpg 300w, https:\/\/www.lassebacklund.fi\/wp-content\/uploads\/2017\/08\/ota295_foto_0500WEB-Johan-Reinholm-med-kaniner-768x520.jpg 768w, https:\/\/www.lassebacklund.fi\/wp-content\/uploads\/2017\/08\/ota295_foto_0500WEB-Johan-Reinholm-med-kaniner-1024x693.jpg 1024w\" sizes=\"auto, (max-width: 2000px) 100vw, 2000px\" \/><figcaption id=\"caption-attachment-5699\" class=\"wp-caption-text\">Johan Reinholm visar upp sina kaniner.<\/figcaption><\/figure>\n<figure id=\"attachment_5698\" aria-describedby=\"caption-attachment-5698\" style=\"width: 1200px\" class=\"wp-caption aligncenter\"><img loading=\"lazy\" decoding=\"async\" class=\"size-full wp-image-5698\" src=\"http:\/\/www.lassebacklund.fi\/wp-content\/uploads\/2017\/08\/ota295_foto_0499.jpg\" alt=\"Marita \u00c5lgars l\u00e4ngst fram och de andra flickorna ser ut att njuta av lemonaden under sin sommarutf\u00e4rd till H\u00e4rkmeri.\" width=\"1200\" height=\"806\" srcset=\"https:\/\/www.lassebacklund.fi\/wp-content\/uploads\/2017\/08\/ota295_foto_0499.jpg 1200w, https:\/\/www.lassebacklund.fi\/wp-content\/uploads\/2017\/08\/ota295_foto_0499-300x202.jpg 300w, https:\/\/www.lassebacklund.fi\/wp-content\/uploads\/2017\/08\/ota295_foto_0499-768x516.jpg 768w, https:\/\/www.lassebacklund.fi\/wp-content\/uploads\/2017\/08\/ota295_foto_0499-1024x688.jpg 1024w\" sizes=\"auto, (max-width: 1200px) 100vw, 1200px\" \/><figcaption id=\"caption-attachment-5698\" class=\"wp-caption-text\">Marita \u00c5lgars l\u00e4ngst fram och de andra flickorna ser ut att njuta av lemonaden under sin sommarutf\u00e4rd till H\u00e4rkmeri.<\/figcaption><\/figure>\n<figure id=\"attachment_5697\" aria-describedby=\"caption-attachment-5697\" style=\"width: 1200px\" class=\"wp-caption aligncenter\"><img loading=\"lazy\" decoding=\"async\" class=\"size-full wp-image-5697\" src=\"http:\/\/www.lassebacklund.fi\/wp-content\/uploads\/2017\/08\/ota295_foto_0498.jpg\" alt=\"Skolbarnen p\u00e5 skidutf\u00e4rd i mars 1941.\" width=\"1200\" height=\"813\" srcset=\"https:\/\/www.lassebacklund.fi\/wp-content\/uploads\/2017\/08\/ota295_foto_0498.jpg 1200w, https:\/\/www.lassebacklund.fi\/wp-content\/uploads\/2017\/08\/ota295_foto_0498-300x203.jpg 300w, https:\/\/www.lassebacklund.fi\/wp-content\/uploads\/2017\/08\/ota295_foto_0498-768x520.jpg 768w, https:\/\/www.lassebacklund.fi\/wp-content\/uploads\/2017\/08\/ota295_foto_0498-1024x694.jpg 1024w\" sizes=\"auto, (max-width: 1200px) 100vw, 1200px\" \/><figcaption id=\"caption-attachment-5697\" class=\"wp-caption-text\">Skolbarnen p\u00e5 skidutf\u00e4rd i mars 1941.<\/figcaption><\/figure>\n<figure id=\"attachment_5696\" aria-describedby=\"caption-attachment-5696\" style=\"width: 1177px\" class=\"wp-caption aligncenter\"><img loading=\"lazy\" decoding=\"async\" class=\"size-full wp-image-5696\" src=\"http:\/\/www.lassebacklund.fi\/wp-content\/uploads\/2017\/08\/ota295_foto_0497.jpg\" alt=\"Klubbmedlemmarna sitter uppradade vid H\u00e4rkmeri fj\u00e4rden under utf\u00e4rden 1941.\" width=\"1177\" height=\"783\" srcset=\"https:\/\/www.lassebacklund.fi\/wp-content\/uploads\/2017\/08\/ota295_foto_0497.jpg 1177w, https:\/\/www.lassebacklund.fi\/wp-content\/uploads\/2017\/08\/ota295_foto_0497-300x200.jpg 300w, https:\/\/www.lassebacklund.fi\/wp-content\/uploads\/2017\/08\/ota295_foto_0497-768x511.jpg 768w, https:\/\/www.lassebacklund.fi\/wp-content\/uploads\/2017\/08\/ota295_foto_0497-1024x681.jpg 1024w\" sizes=\"auto, (max-width: 1177px) 100vw, 1177px\" \/><figcaption id=\"caption-attachment-5696\" class=\"wp-caption-text\">Klubbmedlemmarna sitter uppradade vid H\u00e4rkmeri fj\u00e4rden under utf\u00e4rden 1941.<\/figcaption><\/figure>\n<figure id=\"attachment_5695\" aria-describedby=\"caption-attachment-5695\" style=\"width: 1200px\" class=\"wp-caption aligncenter\"><img loading=\"lazy\" decoding=\"async\" class=\"size-full wp-image-5695\" src=\"http:\/\/www.lassebacklund.fi\/wp-content\/uploads\/2017\/08\/ota295_foto_0496.jpg\" alt=\"Otto Knus grav vid kyrkan.\" width=\"1200\" height=\"806\" srcset=\"https:\/\/www.lassebacklund.fi\/wp-content\/uploads\/2017\/08\/ota295_foto_0496.jpg 1200w, https:\/\/www.lassebacklund.fi\/wp-content\/uploads\/2017\/08\/ota295_foto_0496-300x202.jpg 300w, https:\/\/www.lassebacklund.fi\/wp-content\/uploads\/2017\/08\/ota295_foto_0496-768x516.jpg 768w, https:\/\/www.lassebacklund.fi\/wp-content\/uploads\/2017\/08\/ota295_foto_0496-1024x688.jpg 1024w\" sizes=\"auto, (max-width: 1200px) 100vw, 1200px\" \/><figcaption id=\"caption-attachment-5695\" class=\"wp-caption-text\">Otto Knus grav vid kyrkan.<\/figcaption><\/figure>\n<figure id=\"attachment_5694\" aria-describedby=\"caption-attachment-5694\" style=\"width: 1200px\" class=\"wp-caption aligncenter\"><img loading=\"lazy\" decoding=\"async\" class=\"size-full wp-image-5694\" src=\"http:\/\/www.lassebacklund.fi\/wp-content\/uploads\/2017\/08\/ota295_foto_0495.jpg\" alt=\"Eleverna i s\u00f6dra skolan st\u00e5r samlade framf\u00f6r Rundradions buss som parkerat p\u00e5 g\u00e5rden.\" width=\"1200\" height=\"811\" srcset=\"https:\/\/www.lassebacklund.fi\/wp-content\/uploads\/2017\/08\/ota295_foto_0495.jpg 1200w, https:\/\/www.lassebacklund.fi\/wp-content\/uploads\/2017\/08\/ota295_foto_0495-300x203.jpg 300w, https:\/\/www.lassebacklund.fi\/wp-content\/uploads\/2017\/08\/ota295_foto_0495-768x519.jpg 768w, https:\/\/www.lassebacklund.fi\/wp-content\/uploads\/2017\/08\/ota295_foto_0495-1024x692.jpg 1024w\" sizes=\"auto, (max-width: 1200px) 100vw, 1200px\" \/><figcaption id=\"caption-attachment-5694\" class=\"wp-caption-text\">Eleverna i s\u00f6dra skolan st\u00e5r samlade framf\u00f6r Rundradions buss som parkerat p\u00e5 g\u00e5rden.<\/figcaption><\/figure>\n<figure id=\"attachment_5693\" aria-describedby=\"caption-attachment-5693\" style=\"width: 978px\" class=\"wp-caption aligncenter\"><img loading=\"lazy\" decoding=\"async\" class=\"size-full wp-image-5693\" src=\"http:\/\/www.lassebacklund.fi\/wp-content\/uploads\/2017\/08\/Krigare-p\u00e5-v\u00e4g.jpg\" alt=\"8\/JR 61 tross p\u00e5 v\u00e4g till \u00f6stfronten. De hade just startat fr\u00e5n lokalen i bakgrunden och redan efter 100 meter gick seldonen s\u00f6nder. L\u00e4ngst till v\u00e4nster Artur Bj\u00f6rses.\" width=\"978\" height=\"603\" srcset=\"https:\/\/www.lassebacklund.fi\/wp-content\/uploads\/2017\/08\/Krigare-p\u00e5-v\u00e4g.jpg 978w, https:\/\/www.lassebacklund.fi\/wp-content\/uploads\/2017\/08\/Krigare-p\u00e5-v\u00e4g-300x185.jpg 300w, https:\/\/www.lassebacklund.fi\/wp-content\/uploads\/2017\/08\/Krigare-p\u00e5-v\u00e4g-768x474.jpg 768w\" sizes=\"auto, (max-width: 978px) 100vw, 978px\" \/><figcaption id=\"caption-attachment-5693\" class=\"wp-caption-text\">8\/JR 61 tross p\u00e5 v\u00e4g till \u00f6stfronten. De hade just startat fr\u00e5n lokalen i bakgrunden och redan efter 100 meter gick seldonen s\u00f6nder. L\u00e4ngst till v\u00e4nster Artur Bj\u00f6rses.<\/figcaption><\/figure>\n<p>Mera foton av Selim Bj\u00f6rses hittar du genom att klicka<a href=\"https:\/\/www.lassebacklund.fi\/?page_id=6275\"><span style=\"color: #000080;\"><strong> H\u00c4R!<\/strong><\/span><\/a><\/p>\n","protected":false},"excerpt":{"rendered":"<p>H\u00e4r n\u00e5gra av Selim Bj\u00f6rses\u00b4 fotografier tagna \u00e5r 1941. Eric Stens har identifierat personerna och skrivit de flesta texter. Fotografierna \u00e4r fr\u00e5n Svenska Litteraturs\u00e4llskapets arkiv i Vasa. Mera foton av Selim Bj\u00f6rses hittar du genom att klicka H\u00c4R!<\/p>\n","protected":false},"author":1,"featured_media":0,"parent":4555,"menu_order":1941,"comment_status":"closed","ping_status":"closed","template":"","meta":{"footnotes":""},"class_list":["post-5713","page","type-page","status-publish","hentry"],"_links":{"self":[{"href":"https:\/\/www.lassebacklund.fi\/index.php?rest_route=\/wp\/v2\/pages\/5713","targetHints":{"allow":["GET"]}}],"collection":[{"href":"https:\/\/www.lassebacklund.fi\/index.php?rest_route=\/wp\/v2\/pages"}],"about":[{"href":"https:\/\/www.lassebacklund.fi\/index.php?rest_route=\/wp\/v2\/types\/page"}],"author":[{"embeddable":true,"href":"https:\/\/www.lassebacklund.fi\/index.php?rest_route=\/wp\/v2\/users\/1"}],"replies":[{"embeddable":true,"href":"https:\/\/www.lassebacklund.fi\/index.php?rest_route=%2Fwp%2Fv2%2Fcomments&post=5713"}],"version-history":[{"count":2,"href":"https:\/\/www.lassebacklund.fi\/index.php?rest_route=\/wp\/v2\/pages\/5713\/revisions"}],"predecessor-version":[{"id":22769,"href":"https:\/\/www.lassebacklund.fi\/index.php?rest_route=\/wp\/v2\/pages\/5713\/revisions\/22769"}],"up":[{"embeddable":true,"href":"https:\/\/www.lassebacklund.fi\/index.php?rest_route=\/wp\/v2\/pages\/4555"}],"wp:attachment":[{"href":"https:\/\/www.lassebacklund.fi\/index.php?rest_route=%2Fwp%2Fv2%2Fmedia&parent=5713"}],"curies":[{"name":"wp","href":"https:\/\/api.w.org\/{rel}","templated":true}]}}