{"id":57,"date":"2016-07-13T12:47:44","date_gmt":"2016-07-13T10:47:44","guid":{"rendered":"http:\/\/www.lassebacklund.fi\/wp\/?page_id=57"},"modified":"2019-01-15T20:36:56","modified_gmt":"2019-01-15T19:36:56","slug":"bygranden","status":"publish","type":"page","link":"https:\/\/www.lassebacklund.fi\/?page_id=57","title":{"rendered":"Bygr\u00e4nden"},"content":{"rendered":"<p><span class=\"Normal-C\">Klicka p\u00e5 \u00f6nskad g\u00e5rd och husnummer h\u00e4r nedan, s\u00e5 f\u00e5r du l\u00e4sa mera.&nbsp;<\/span><\/p>\n<h6><a class=\"fasc-button fasc-size-medium fasc-type-glossy fasc-rounded-medium\" style=\"background-color: #33809e; color: #ffffff;\" href=\"http:\/\/www.lassebacklund.fi\/?page_id=253\">1 Sparbankshuset<\/a><\/h6>\n<h6><a class=\"fasc-button fasc-size-medium fasc-type-glossy fasc-rounded-medium\" style=\"background-color: #33809e; color: #ffffff;\" href=\"http:\/\/www.lassebacklund.fi\/?page_id=298\">2 Nelsons aff\u00e4r<\/a><\/h6>\n<h6><a class=\"fasc-button fasc-size-medium fasc-type-glossy fasc-rounded-medium\" style=\"background-color: #33809e; color: #ffffff;\" href=\"http:\/\/www.lassebacklund.fi\/?page_id=276\">7 \u00c5lgars<\/a><\/h6>\n<h6><a class=\"fasc-button fasc-size-medium fasc-type-glossy fasc-rounded-medium\" style=\"background-color: #33809e; color: #ffffff;\" href=\"http:\/\/www.lassebacklund.fi\/?page_id=10912\">9 Bj\u00f6rklundas<\/a><\/h6>\n<h6><a class=\"fasc-button fasc-size-medium fasc-type-glossy fasc-rounded-medium\" style=\"background-color: #33809e; color: #ffffff;\" href=\"http:\/\/www.lassebacklund.fi\/?page_id=315\">10 Anderssonas<\/a><\/h6>\n","protected":false},"excerpt":{"rendered":"<p>Klicka p\u00e5 \u00f6nskad g\u00e5rd och husnummer h\u00e4r nedan, s\u00e5 f\u00e5r du l\u00e4sa mera.&nbsp; 1 Sparbankshuset 2 Nelsons aff\u00e4r 7 \u00c5lgars 9 Bj\u00f6rklundas 10 Anderssonas<\/p>\n","protected":false},"author":1,"featured_media":0,"parent":51,"menu_order":1,"comment_status":"closed","ping_status":"closed","template":"","meta":{"footnotes":""},"class_list":["post-57","page","type-page","status-publish","hentry"],"_links":{"self":[{"href":"https:\/\/www.lassebacklund.fi\/index.php?rest_route=\/wp\/v2\/pages\/57","targetHints":{"allow":["GET"]}}],"collection":[{"href":"https:\/\/www.lassebacklund.fi\/index.php?rest_route=\/wp\/v2\/pages"}],"about":[{"href":"https:\/\/www.lassebacklund.fi\/index.php?rest_route=\/wp\/v2\/types\/page"}],"author":[{"embeddable":true,"href":"https:\/\/www.lassebacklund.fi\/index.php?rest_route=\/wp\/v2\/users\/1"}],"replies":[{"embeddable":true,"href":"https:\/\/www.lassebacklund.fi\/index.php?rest_route=%2Fwp%2Fv2%2Fcomments&post=57"}],"version-history":[{"count":16,"href":"https:\/\/www.lassebacklund.fi\/index.php?rest_route=\/wp\/v2\/pages\/57\/revisions"}],"predecessor-version":[{"id":10932,"href":"https:\/\/www.lassebacklund.fi\/index.php?rest_route=\/wp\/v2\/pages\/57\/revisions\/10932"}],"up":[{"embeddable":true,"href":"https:\/\/www.lassebacklund.fi\/index.php?rest_route=\/wp\/v2\/pages\/51"}],"wp:attachment":[{"href":"https:\/\/www.lassebacklund.fi\/index.php?rest_route=%2Fwp%2Fv2%2Fmedia&parent=57"}],"curies":[{"name":"wp","href":"https:\/\/api.w.org\/{rel}","templated":true}]}}