{"id":550,"date":"2016-09-14T21:54:42","date_gmt":"2016-09-14T19:54:42","guid":{"rendered":"http:\/\/www.lassebacklund.fi\/?page_id=550"},"modified":"2026-03-18T22:01:53","modified_gmt":"2026-03-18T20:01:53","slug":"klemets-emils-stuga-pa-dagsmarkvagen-368","status":"publish","type":"page","link":"https:\/\/www.lassebacklund.fi\/?page_id=550","title":{"rendered":"Klemets Emils stuga p\u00e5 Dagsmarkv\u00e4gen 368"},"content":{"rendered":"<figure id=\"attachment_14110\" aria-describedby=\"caption-attachment-14110\" style=\"width: 2304px\" class=\"wp-caption alignnone\"><img loading=\"lazy\" decoding=\"async\" class=\"size-full wp-image-14110\" src=\"http:\/\/www.lassebacklund.fi\/wp-content\/uploads\/2019\/09\/Klemets-Emelas-2019-2.jpg\" alt=\"\" width=\"2304\" height=\"1704\" srcset=\"https:\/\/www.lassebacklund.fi\/wp-content\/uploads\/2019\/09\/Klemets-Emelas-2019-2.jpg 2304w, https:\/\/www.lassebacklund.fi\/wp-content\/uploads\/2019\/09\/Klemets-Emelas-2019-2-300x222.jpg 300w, https:\/\/www.lassebacklund.fi\/wp-content\/uploads\/2019\/09\/Klemets-Emelas-2019-2-768x568.jpg 768w, https:\/\/www.lassebacklund.fi\/wp-content\/uploads\/2019\/09\/Klemets-Emelas-2019-2-1024x757.jpg 1024w\" sizes=\"auto, (max-width: 2304px) 100vw, 2304px\" \/><figcaption id=\"caption-attachment-14110\" class=\"wp-caption-text\">Den h\u00e4r stugan uppf\u00f6rdes i slutet av 1880-talet av Josef (f.1870-d\u00f6df\u00f6rklarad 1966) och Vilhelmina (1862-1952) Klemets, allts\u00e5 l\u00e5ngt f\u00f6re Josef \u00e5r 1898 f\u00f6r gott for till Amerika. Vilhelmina fortsatte att bo i stugan \u00e4nda till sin d\u00f6d 1952. Stugan \u00e4r fotograferad fr\u00e5n norr i september 2019.<\/figcaption><\/figure>\n<p><strong><span style=\"color: #000080;\">Sammanst\u00e4llt av Lasse Backlund 2014. Uppgifterna \u00e4r tagna ur gamla lagfarter.<\/span><\/strong><\/p>\n<p>I den h\u00e4r vackra mormorsstugan i skogsbrynet ovanf\u00f6r Kiaskroken bodde i tiderna \u201dLilltm\u00e5s Mina\u201d, allts\u00e5\u00a0 Vilhelmina Klemets (f. Klemets 1862-1952) tillsammans med sonen Emil Klemets (1899-1975) och hans hustru Elvina (f. Mitts i Perus 1905-1965).<\/p>\n<p>Torpstugan byggdes i slutet av 1880-talet p\u00e5\u00a0 en del av Str\u00f6mbergs hemman och stugan har renoverats flera g\u00e5nger, senast p\u00e5 1990-talet. I fall det \u00e4r sv\u00e5rt att veta var denna stuga finns, s\u00e5 kanske Skomakas Selmas f\u00f6rklaring hj\u00e4lper: &#8221;<span style=\"display: inline !important; float: none; background-color: transparent; color: #373737; font-family: 'Helvetica Neue',Helvetica,Arial,sans-serif; font-size: 16px; font-style: normal; font-variant: normal; font-weight: 300; letter-spacing: normal; orphans: 2; text-align: left; text-decoration: none; text-indent: 0px; text-transform: none; -webkit-text-stroke-width: 0px; white-space: normal; word-spacing: 0px;\">\u00c5 s\u00e5 gaar vi en beta \u00e5t\u00e4r \u00e5 s\u00e5 k\u00e5\u00e5m vi ti Borg Oskaras \u00e5 t\u00e5 gaar vi \u00e5t\u00e4r en beta \u00e5 k\u00e5mb\u00e4r ti Lillkork Klara\u00b4as s\u00e5m bodd t\u00e4\u00e4r neer i handi m\u00e5san \u00e5 s\u00e5 \u00e5t\u00e4r en beta \u00e5 t\u00e5 va e Lilltm\u00e5s Mina&#8221;<\/span>.<\/p>\n<p><strong>\u00c5r 1931, den 12 maj <\/strong>k\u00f6pte Vilhelmina Klemets och hennes i utlandet vistande man Josef Klemets torpomr\u00e5det p\u00e5 500 kvm av bonden Josef och Ida Str\u00f6mberg. K\u00f6peskillingen utgjorde 200 mark och Vilhelmina fick lagfart p\u00e5 denna l\u00e4genhet med namnet Lillmoss 2:54 \u00e5r 1933. Josef Klemets var f\u00f6r \u00f6vrigt son till <a href=\"http:\/\/www.lassebacklund.fi\/?page_id=11562\">&#8221;Lill-Skr\u00e4ddarin<\/a>&#8221; och bror till skr\u00e4ddaren <a href=\"http:\/\/www.lassebacklund.fi\/?page_id=6571\">Johannes Klemets<\/a>, Hilma Alvina, g. Rosenback, <a href=\"http:\/\/www.lassebacklund.fi\/?page_id=13410\">Viktor S\u00f6derqvist<\/a>, <a href=\"http:\/\/www.lassebacklund.fi\/?page_id=2098\">Erik-Johan Ekberg<\/a> och <a href=\"http:\/\/www.lassebacklund.fi\/?page_id=11402\">Anna Sofia, g. Lillsj\u00f6.<\/a><\/p>\n<h4><strong>Emil och Elvina tar \u00f6ver<\/strong><\/h4>\n<p><strong>\u00c5r 1947, den 10 augusti<\/strong> s\u00e5lde Vilhelmina Klemets stugan och den lilla tomten \u00e5t sin son Emil Klemets och dennes hustru Elvina f\u00f6r 10 000 mark. Elvina var dotter till Josef Henrik Mitts eller Storkull (1867-1915) och Maria Karolina (f. Rosenstedt 1865-1931, syster till Viktor Rosenstedt). Eftersom ingen k\u00e4nde till var Vilhelminas man Josef vistades, s\u00e5 uts\u00e5g r\u00e4tten i Lappfj\u00e4rd Viktor S\u00f6derkvist till hans god man och denne godk\u00e4nde f\u00f6rs\u00e4ljningen.<\/p>\n<p>Emil hade 2 systrar men endast Amanda (1896-1983)\u00a0 levde till vuxen \u00e5lder. Hon gifte sig \u00e5r 1947 med \u00e4nklingen Erland Enlund och hon bodde sedan med honom p\u00e5 Mittsholmen i Lappfj\u00e4rd.<\/p>\n<p>Emil och Elvina Klemets hade en dotter Ellen (1928-2013) som var gift med Ingmar \u00d6man och bosatt i K\u00e5tn\u00e4s i N\u00e4rpes.<\/p>\n<h4><strong>T\u00f6rm\u00e4 tar \u00f6ver<\/strong><\/h4>\n<p><strong>\u00c5r 1978, den 9 maj<\/strong> s\u00e5lde Ellen och Ingmar \u00d6man tomten med den f\u00f6rfallna stugan f\u00f6r 3 500 mark \u00e5t metallarbetaren Saimi Orvokki T\u00f6rm\u00e4. Hon var f\u00f6dd Oijennus i B\u00f6tom \u00e5r 1912 och hon var gift med Armas T\u00f6rm\u00e4, f\u00f6dd 1915 i Kauhajoki. Vid detta tillf\u00e4lle var de bosatta i Upplands V\u00e4sby i Sverige.<\/p>\n<p>De nuvarande \u00e4garna fr\u00e5n Hyvinge anv\u00e4nder stugan som fritidsbostad.<\/p>\n<h4><strong>Foton.<\/strong><\/h4>\n<figure id=\"attachment_21758\" aria-describedby=\"caption-attachment-21758\" style=\"width: 146px\" class=\"wp-caption alignnone\"><img loading=\"lazy\" decoding=\"async\" class=\"size-full wp-image-21758\" src=\"https:\/\/www.lassebacklund.fi\/wp-content\/uploads\/2022\/03\/Elvina-Klemets-o-Ellen-Oman-1929.jpg\" alt=\"\" width=\"146\" height=\"247\" \/><figcaption id=\"caption-attachment-21758\" class=\"wp-caption-text\">Elvina Klemets med sin dotter Ellen \u00e5r 1928 i Dagsmark.<\/figcaption><\/figure>\n<figure id=\"attachment_21759\" aria-describedby=\"caption-attachment-21759\" style=\"width: 1028px\" class=\"wp-caption alignnone\"><img loading=\"lazy\" decoding=\"async\" class=\"size-full wp-image-21759\" src=\"https:\/\/www.lassebacklund.fi\/wp-content\/uploads\/2022\/03\/Gustava-Oman-o-Elvina-Klemets-i-Katnas-Narpes-1958.jpg\" alt=\"\" width=\"1028\" height=\"1508\" srcset=\"https:\/\/www.lassebacklund.fi\/wp-content\/uploads\/2022\/03\/Gustava-Oman-o-Elvina-Klemets-i-Katnas-Narpes-1958.jpg 1028w, https:\/\/www.lassebacklund.fi\/wp-content\/uploads\/2022\/03\/Gustava-Oman-o-Elvina-Klemets-i-Katnas-Narpes-1958-205x300.jpg 205w, https:\/\/www.lassebacklund.fi\/wp-content\/uploads\/2022\/03\/Gustava-Oman-o-Elvina-Klemets-i-Katnas-Narpes-1958-698x1024.jpg 698w, https:\/\/www.lassebacklund.fi\/wp-content\/uploads\/2022\/03\/Gustava-Oman-o-Elvina-Klemets-i-Katnas-Narpes-1958-768x1127.jpg 768w\" sizes=\"auto, (max-width: 1028px) 100vw, 1028px\" \/><figcaption id=\"caption-attachment-21759\" class=\"wp-caption-text\">T.v. Gustava \u00d6man (f.1889 i Norrn\u00e4s-1977) vars son Ingvar \u00e5r 1954 gifte sig med Elvina Klemets\u00b4 dotter Ellen. Elvina till h\u00f6ger p\u00e5 fotot fr\u00e5n 1958.<\/figcaption><\/figure>\n<figure id=\"attachment_21760\" aria-describedby=\"caption-attachment-21760\" style=\"width: 1008px\" class=\"wp-caption alignnone\"><img loading=\"lazy\" decoding=\"async\" class=\"size-full wp-image-21760\" src=\"https:\/\/www.lassebacklund.fi\/wp-content\/uploads\/2022\/03\/Sonja-Oman-o-Emil-Klemets-i-1975-Dagsmark.jpg\" alt=\"\" width=\"1008\" height=\"1024\" srcset=\"https:\/\/www.lassebacklund.fi\/wp-content\/uploads\/2022\/03\/Sonja-Oman-o-Emil-Klemets-i-1975-Dagsmark.jpg 1008w, https:\/\/www.lassebacklund.fi\/wp-content\/uploads\/2022\/03\/Sonja-Oman-o-Emil-Klemets-i-1975-Dagsmark-295x300.jpg 295w, https:\/\/www.lassebacklund.fi\/wp-content\/uploads\/2022\/03\/Sonja-Oman-o-Emil-Klemets-i-1975-Dagsmark-768x780.jpg 768w\" sizes=\"auto, (max-width: 1008px) 100vw, 1008px\" \/><figcaption id=\"caption-attachment-21760\" class=\"wp-caption-text\">Emil Klemets sitter p\u00e5 trappan till sin stuga med sin dotterdotter Sonja \u00d6man (f.1954) \u00e5r 1975.<\/figcaption><\/figure>\n<figure id=\"attachment_14111\" aria-describedby=\"caption-attachment-14111\" style=\"width: 2304px\" class=\"wp-caption alignnone\"><img loading=\"lazy\" decoding=\"async\" class=\"size-full wp-image-14111\" src=\"http:\/\/www.lassebacklund.fi\/wp-content\/uploads\/2019\/09\/Klemets-Emelas-2019-4.jpg\" alt=\"\" width=\"2304\" height=\"1704\" srcset=\"https:\/\/www.lassebacklund.fi\/wp-content\/uploads\/2019\/09\/Klemets-Emelas-2019-4.jpg 2304w, https:\/\/www.lassebacklund.fi\/wp-content\/uploads\/2019\/09\/Klemets-Emelas-2019-4-300x222.jpg 300w, https:\/\/www.lassebacklund.fi\/wp-content\/uploads\/2019\/09\/Klemets-Emelas-2019-4-768x568.jpg 768w, https:\/\/www.lassebacklund.fi\/wp-content\/uploads\/2019\/09\/Klemets-Emelas-2019-4-1024x757.jpg 1024w\" sizes=\"auto, (max-width: 2304px) 100vw, 2304px\" \/><figcaption id=\"caption-attachment-14111\" class=\"wp-caption-text\">&#8221;Lilltm\u00e5s Emel och Elvinas&#8221; stuga fotograferad fr\u00e5n s\u00f6der i september 2019.<\/figcaption><\/figure>\n<figure id=\"attachment_14112\" aria-describedby=\"caption-attachment-14112\" style=\"width: 1600px\" class=\"wp-caption alignnone\"><img loading=\"lazy\" decoding=\"async\" class=\"size-full wp-image-14112\" src=\"http:\/\/www.lassebacklund.fi\/wp-content\/uploads\/2019\/09\/Klemets-Emils-hus-\u00e5r-2003.jpg\" alt=\"\" width=\"1600\" height=\"1200\" srcset=\"https:\/\/www.lassebacklund.fi\/wp-content\/uploads\/2019\/09\/Klemets-Emils-hus-\u00e5r-2003.jpg 1600w, https:\/\/www.lassebacklund.fi\/wp-content\/uploads\/2019\/09\/Klemets-Emils-hus-\u00e5r-2003-300x225.jpg 300w, https:\/\/www.lassebacklund.fi\/wp-content\/uploads\/2019\/09\/Klemets-Emils-hus-\u00e5r-2003-768x576.jpg 768w, https:\/\/www.lassebacklund.fi\/wp-content\/uploads\/2019\/09\/Klemets-Emils-hus-\u00e5r-2003-1024x768.jpg 1024w\" sizes=\"auto, (max-width: 1600px) 100vw, 1600px\" \/><figcaption id=\"caption-attachment-14112\" class=\"wp-caption-text\">Stugan fotograferad fr\u00e5n s\u00f6der \u00e5r 2003.<span style=\"background-color: #ffffff;\"> Tomten som bara \u00e4r 600 m2 stor br\u00f6ts ut fr\u00e5n Str\u00f6mbergs hemman p\u00e5 B\u00e5sk \u00e5r 1932 och lagfart beviljades f\u00f6ljande \u00e5r.<\/span><\/figcaption><\/figure>\n","protected":false},"excerpt":{"rendered":"<p>Sammanst\u00e4llt av Lasse Backlund 2014. Uppgifterna \u00e4r tagna ur gamla lagfarter. I den h\u00e4r vackra mormorsstugan i skogsbrynet ovanf\u00f6r Kiaskroken bodde i tiderna \u201dLilltm\u00e5s Mina\u201d, allts\u00e5\u00a0 Vilhelmina Klemets (f. Klemets 1862-1952) tillsammans med sonen Emil Klemets (1899-1975) och hans hustru <a class=\"more-link\" href=\"https:\/\/www.lassebacklund.fi\/?page_id=550\">Forts\u00e4tt l\u00e4sa <span class=\"screen-reader-text\">  Klemets Emils stuga p\u00e5 Dagsmarkv\u00e4gen 368<\/span><span class=\"meta-nav\">&rarr;<\/span><\/a><\/p>\n","protected":false},"author":1,"featured_media":0,"parent":61,"menu_order":368,"comment_status":"closed","ping_status":"closed","template":"","meta":{"footnotes":""},"class_list":["post-550","page","type-page","status-publish","hentry"],"_links":{"self":[{"href":"https:\/\/www.lassebacklund.fi\/index.php?rest_route=\/wp\/v2\/pages\/550","targetHints":{"allow":["GET"]}}],"collection":[{"href":"https:\/\/www.lassebacklund.fi\/index.php?rest_route=\/wp\/v2\/pages"}],"about":[{"href":"https:\/\/www.lassebacklund.fi\/index.php?rest_route=\/wp\/v2\/types\/page"}],"author":[{"embeddable":true,"href":"https:\/\/www.lassebacklund.fi\/index.php?rest_route=\/wp\/v2\/users\/1"}],"replies":[{"embeddable":true,"href":"https:\/\/www.lassebacklund.fi\/index.php?rest_route=%2Fwp%2Fv2%2Fcomments&post=550"}],"version-history":[{"count":15,"href":"https:\/\/www.lassebacklund.fi\/index.php?rest_route=\/wp\/v2\/pages\/550\/revisions"}],"predecessor-version":[{"id":25699,"href":"https:\/\/www.lassebacklund.fi\/index.php?rest_route=\/wp\/v2\/pages\/550\/revisions\/25699"}],"up":[{"embeddable":true,"href":"https:\/\/www.lassebacklund.fi\/index.php?rest_route=\/wp\/v2\/pages\/61"}],"wp:attachment":[{"href":"https:\/\/www.lassebacklund.fi\/index.php?rest_route=%2Fwp%2Fv2%2Fmedia&parent=550"}],"curies":[{"name":"wp","href":"https:\/\/api.w.org\/{rel}","templated":true}]}}