{"id":543,"date":"2016-09-14T21:25:08","date_gmt":"2016-09-14T19:25:08","guid":{"rendered":"http:\/\/www.lassebacklund.fi\/?page_id=543"},"modified":"2024-02-24T00:14:07","modified_gmt":"2024-02-23T22:14:07","slug":"sigrids-cafe-pa-dagsmarkvagen-367","status":"publish","type":"page","link":"https:\/\/www.lassebacklund.fi\/?page_id=543","title":{"rendered":"Sigrids caf\u00e9 p\u00e5 Dagsmarkv\u00e4gen 367"},"content":{"rendered":"<figure id=\"attachment_535\" aria-describedby=\"caption-attachment-535\" style=\"width: 465px\" class=\"wp-caption alignnone\"><img loading=\"lazy\" decoding=\"async\" class=\"size-full wp-image-535\" src=\"http:\/\/www.lassebacklund.fi\/wp-content\/uploads\/2016\/09\/1-7.jpg\" alt=\"P\u00e5 bilden h\u00e4r ovan st\u00e5r Karl Lillkull t.v och Yngve S\u00f6derqvist och bland blommorna g\u00f6mmer sig 4 unga damer, fr.v Elvi L\u00e5ngfors, Mildrid Forslin, Inga Klemets och Ewy Forslin. Bilden \u00e4r tagen fr\u00e5n v\u00e4ster, landsv\u00e4gen syns till v\u00e4nster p\u00e5 bild och i v\u00e4nstra kanten syns lite av Dahlroos Arvids hus. I h\u00f6gra kanten syns uthusen hos Eskil Agn\u00e4s. \" width=\"465\" height=\"708\" srcset=\"https:\/\/www.lassebacklund.fi\/wp-content\/uploads\/2016\/09\/1-7.jpg 465w, https:\/\/www.lassebacklund.fi\/wp-content\/uploads\/2016\/09\/1-7-197x300.jpg 197w\" sizes=\"auto, (max-width: 465px) 100vw, 465px\" \/><figcaption id=\"caption-attachment-535\" class=\"wp-caption-text\">Karl Lillkull t.v och Yngve S\u00f6derqvist och bland blommorna g\u00f6mmer sig 4 unga damer, fr.v Elvi L\u00e5ngfors, Mildrid Forslin, Inga Klemets och Ewy Forslin. Bilden \u00e4r tagen fr\u00e5n v\u00e4ster, landsv\u00e4gen syns till v\u00e4nster p\u00e5 bild och i v\u00e4nstra kanten syns lite av Dahlroos Arvids hus. I h\u00f6gra kanten syns uthusen hos Eskil Agn\u00e4s.<\/figcaption><\/figure>\n<p><strong><span style=\"color: #000080;\">Sammanst\u00e4llt av Lasse Backlund 2014, med hj\u00e4lp av Inger och B\u00f6rje Viklund. <\/span><\/strong><\/p>\n<p><strong>Vill du l\u00e4sa mera om Sigrids hemg\u00e5rd p\u00e5 A-Sidon, klicka <a href=\"https:\/\/www.lassebacklund.fi\/?page_id=2196\"><span style=\"text-decoration: underline;\"><span style=\"color: #000080; text-decoration: underline;\">H\u00c4R!<\/span><\/span><\/a> Vill du l\u00e4sa mera om Sigrids man Stor\u00e5s-Selim, s\u00e5\u00a0 klicka <a href=\"https:\/\/www.lassebacklund.fi\/?page_id=13987\"><span style=\"text-decoration: underline;\"><span style=\"color: #000080;\">H\u00c4R!<\/span><\/span><\/a><\/strong><\/p>\n<p>Det h\u00e4r speciella huset n\u00e4ra Sebasbackan byggdes n\u00e5gon g\u00e5ng mellan \u00e5ren 1936 &#8211; 1937 av Selim L\u00f6fgren (1911-1979), som var son till &#8221;Holmbergas Kalle&#8221; och Adelina L\u00f6fgren p\u00e5 Korsb\u00e4ckv\u00e4gen. Selim var sedan mars 1935 gift med Adelia Hermansdotter Lassila (f. 1911 p\u00e5 Replot). I september 1936 k\u00f6pte han en tomt p\u00e5 ca 1700 kvm av bonden Otto Bj\u00f6rklund, f\u00f6r att d\u00e4r bygga ett caf\u00e9. Tomten p\u00e5 Rosenback hemmanet fick namnet Lasell. Som byggare anlitade han Erik Anders Broberg, som byggde detta hus, som var lika l\u00e5ngt som brett och h\u00f6gt.<\/p>\n<p>Selim drev detta Central Caf\u00e9\u00a0 sj\u00e4lv en kort tid. Precis som namnet s\u00e4ger, s\u00e5 l\u00e5g Central Caf\u00e9\u00a0 mitt i byn, \u00e5tminstone var det centrum i Dagsmark n\u00e4r det byggdes p\u00e5\u00a0 1930-talet. F\u00f6re storskiftet var ju Sebasbackan och omr\u00e5det ner mot \u00e5n byacentrum, det \u00e4r f\u00f6rst p\u00e5 senare \u00e5r som det f\u00f6rskjutits \u00f6sterut.\u00a0 Selim utbildade sig samtidigt ocks\u00e5 till guldsmed hos Sandelin i Kristinestad. Sandelin var en aktad guldsmed med butik i n\u00e4rheten av nya kyrkan.<\/p>\n<h4><strong>Caf\u00e9et s\u00e4ljs \u00e5t Sigrid Lindberg 1938.<\/strong><\/h4>\n<p>Redan i januari 1938 s\u00e5 s\u00e5lde Selim och Adelia L\u00f6fgren denna Lasell l\u00e4genhet med caf\u00e9et \u00e5t Sigrid Lindberg fr\u00e5n Sunnantillv\u00e4gen. Sigrid var dotter till Carl Erik Utter (1867-1901), f\u00f6dd Skrivars i Uttermossa och Maria (f. i Uttermossa 1867, d. 1950). D\u00e5 Maria var 33 \u00e5r gammal dog hennes man Carl Erik och f\u00f6ljande \u00e5r 1902 gifte hon om sig med \u201dHaga-Hindrik\u201d Henrik Valentin Lindberg (1880-1952). Sigrid tog d\u00e5\u00a0 Henriks sl\u00e4ktnamn som hon anv\u00e4nde fram till \u00e5r 1950 d\u00e5 hon vid 52 \u00e5rs \u00e5lder gifte sig med \u201dStor\u00e5s\u201d- Selim Nordman \u00a0fr\u00e5n Kol\u00e4ngen (1912-1990).<\/p>\n<p>S\u00e4ljaren Selim L\u00f6fgren och Adelia flyttade genast efter f\u00f6rs\u00e4ljningen till Vasa.\u00a0Som f\u00e4rdig guldsmed \u00f6ppnade Selim till och med tv\u00e5 butiker i Vasa, den ena p\u00e5 Handelsesplanaden och den andra p\u00e5 Br\u00e4nd\u00f6v\u00e4gen 27 i Br\u00e4nd\u00f6. Den senare sk\u00f6ttes av Selims son Henry, som avslutade verksamheten \u00e5r 2015.<\/p>\n<p>I mars 1938 fick Sigrid kaf\u00e9r\u00e4ttigheter med firmanamnet Centralkaf\u00e9 men st\u00e4llet blev k\u00e4nt som Sigrids kaf\u00e9 och blev ett mycket popul\u00e4rt st\u00e4lle. P\u00e5 grund av den speciella arkitekturen fick kaf\u00e9et flera smeknamn, s\u00e5som f\u00e5gelholken och p\u00f6ntt\u00f6kahvila.<\/p>\n<h4><strong>Sigrid s\u00e4ljer caf\u00e9et \u00e5t Valter Roseng\u00e5rd 1943.<\/strong><\/h4>\n<p>I oktober \u00e5r 1943 s\u00e5lde Sigrid Lindberg <em><span style=\"color: #000080;\">\u201dLasell l\u00e4genheten j\u00e4mte d\u00e4r\u00e5 bel\u00e4gna bostads- och kaf\u00e9byggnad j\u00e4mte n\u00f6diga uthus\u201d<\/span><\/em> \u00e5t Valter Roseng\u00e5rd fr\u00e5n Brobackan. I k\u00f6pet ingick <span style=\"color: #000080;\"><em>\u201dalla i kaf\u00e9et nu befintliga kaf\u00e9inventarier och \u2013m\u00f6bler j\u00e4mte telefonapparat\u201d.<\/em><\/span> Kaf\u00e9byggnaden som hittills varit helt symmetrisk <em><span style=\"color: #000080;\">\u201dlika lang som breid och h\u00f6g\u201d<\/span><\/em> fick nu en tillbyggnad i den s\u00f6dra \u00e4ndan.<\/p>\n<p>Valter och hans hustru Lisen (f. Sundholm i N\u00e4rpes 1919) bodde i \u00f6vre v\u00e5ningen och bland annat Valters halvsyster, mejerskan Signe Roseng\u00e5rd (1910-1984) hj\u00e4lpte till att sk\u00f6ta kaf\u00e9et i nedre v\u00e5ningen. I mars 1944 fick Valter tillst\u00e5nd av l\u00e4nsstyrelsen att bedriva ett kaf\u00e9 av tredje klass under namnet &#8221;Centralkaf\u00e9&#8221;. I april 1946 b\u00f6rjade Roseng\u00e5rds s\u00e4lja glass i caf\u00e9et. Det var Bror Sundell som i Kristinestad hade startat en glassfabrik och han s\u00e5lde sin glass i den egna glassbaren, ur en k\u00e4rra p\u00e5 torget men han hade ocks\u00e5 n\u00e5gra \u00e5terf\u00f6rs\u00e4ljare i Syd\u00f6sterbotten, bland annat Valter Roseng\u00e5rd i Dagsmark.<\/p>\n<figure id=\"attachment_536\" aria-describedby=\"caption-attachment-536\" style=\"width: 716px\" class=\"wp-caption alignnone\"><img loading=\"lazy\" decoding=\"async\" class=\"size-full wp-image-536\" src=\"https:\/\/www.lassebacklund.fi\/wp-content\/uploads\/2016\/09\/2-7.jpg\" alt=\"\" width=\"716\" height=\"486\" srcset=\"https:\/\/www.lassebacklund.fi\/wp-content\/uploads\/2016\/09\/2-7.jpg 716w, https:\/\/www.lassebacklund.fi\/wp-content\/uploads\/2016\/09\/2-7-300x204.jpg 300w\" sizes=\"auto, (max-width: 716px) 100vw, 716px\" \/><figcaption id=\"caption-attachment-536\" class=\"wp-caption-text\">Alfons L\u00f6vdahl, Anita Bj\u00f6rklund, Verna Agn\u00e4s, Alice Norrg\u00e5rd och Gerda Kl\u00e5vus utanf\u00f6r cafe\u00e9t som enligt skylten hette Cafe Central.<\/figcaption><\/figure>\n<figure id=\"attachment_537\" aria-describedby=\"caption-attachment-537\" style=\"width: 995px\" class=\"wp-caption alignnone\"><img loading=\"lazy\" decoding=\"async\" class=\"size-full wp-image-537\" src=\"http:\/\/www.lassebacklund.fi\/wp-content\/uploads\/2016\/09\/3-4.jpg\" alt=\"P\u00e5 den h\u00e4r bilden fr\u00e5n 1970-talet syns det att kaf\u00e9huset byggts till med flera meter s\u00f6derut.\" width=\"995\" height=\"1016\" srcset=\"https:\/\/www.lassebacklund.fi\/wp-content\/uploads\/2016\/09\/3-4.jpg 995w, https:\/\/www.lassebacklund.fi\/wp-content\/uploads\/2016\/09\/3-4-294x300.jpg 294w, https:\/\/www.lassebacklund.fi\/wp-content\/uploads\/2016\/09\/3-4-768x784.jpg 768w\" sizes=\"auto, (max-width: 995px) 100vw, 995px\" \/><figcaption id=\"caption-attachment-537\" class=\"wp-caption-text\">P\u00e5 den h\u00e4r bilden fr\u00e5n 1970-talet syns det att caf\u00e9huset byggts till med flera meter s\u00f6derut.<\/figcaption><\/figure>\n<figure id=\"attachment_538\" aria-describedby=\"caption-attachment-538\" style=\"width: 1001px\" class=\"wp-caption alignnone\"><img loading=\"lazy\" decoding=\"async\" class=\"size-full wp-image-538\" src=\"http:\/\/www.lassebacklund.fi\/wp-content\/uploads\/2016\/09\/4-6.jpg\" alt=\"\u00c5r 1948 k\u00f6pte aff\u00e4rsmannen Nils Nelson kaf\u00e9byggnaden. I b\u00f6rjan av 1950-talet s\u00e5ldes hela st\u00e4llet \u00e5t Onni Heini\u00f6 fr\u00e5n B\u00f6tom. Han hade taxir\u00f6relse och byggde ett garage p\u00e5 g\u00e5rden. Detta garage byggdes senare om till bostad och finns fortfarande kvar.\" width=\"1001\" height=\"787\" srcset=\"https:\/\/www.lassebacklund.fi\/wp-content\/uploads\/2016\/09\/4-6.jpg 1001w, https:\/\/www.lassebacklund.fi\/wp-content\/uploads\/2016\/09\/4-6-300x236.jpg 300w, https:\/\/www.lassebacklund.fi\/wp-content\/uploads\/2016\/09\/4-6-768x604.jpg 768w\" sizes=\"auto, (max-width: 1001px) 100vw, 1001px\" \/><figcaption id=\"caption-attachment-538\" class=\"wp-caption-text\">\u00c5r 1948 k\u00f6pte aff\u00e4rsmannen Nils Nelson kaf\u00e9byggnaden. I b\u00f6rjan av 1950-talet s\u00e5lde Nelson\u00a0hela st\u00e4llet \u00e5t Onni Heini\u00f6 fr\u00e5n B\u00f6tom. Han hade taxir\u00f6relse och byggde ett garage p\u00e5 g\u00e5rden. Detta garage byggdes senare om till bostad och finns fortfarande kvar.<\/figcaption><\/figure>\n<h4><strong>Byggnaden \u00f6vertogs av Nils Nelson 1948 och sedan av Onni Heini\u00f6 1950.<\/strong><\/h4>\n<p>\u00c5r 1948 st\u00e4ngdes caf\u00e9t d\u00e5 byggnaden \u00f6vertogs av handlanden Nils Nelson. Han hade ingen verksamhet i byggnaden men han hyrde ut en l\u00e4genhet i \u00f6vre v\u00e5ningen \u00e5t en Martta Kannisto.<\/p>\n<p><strong>\u00c5r 1950, den 17 januari<\/strong> s\u00e5lde Nils Nelson caf\u00e9byggnaden \u00e5t Onni Heini\u00f6 fr\u00e5n B\u00f6tom f\u00f6r 335 000 mark. Heini\u00f6 lovade att Kannisto f\u00e5r bo kvar i g\u00e5rden, p\u00e5 villkor &#8221;att s\u00e4ljaren f\u00f6rst h\u00f6jer hyran&#8221;. Onni Heini\u00f6 hade inte sj\u00e4lv n\u00e5gon r\u00f6relse i byggnaden. Onni var f\u00f6dd \u00e5r 1917 i B\u00f6tom och \u00e5r 1941 hade han gift sig med krigs\u00e4nkan Tyyne (f. Laine \u00e5r 1909). Tyyne hade tidigare varit gift med Eino Heini\u00f6.<\/p>\n<p>Under \u00e5ren 1950-53 hade aff\u00e4rsmannen Osmo Jylli fr\u00e5n Kristinestad en liten butik och kiosk i Heini\u00f6s byggnad. Men d\u00e5 han upph\u00f6rde med verksamheten var det definitivt slut med aff\u00e4rsr\u00f6relsen i detta hus.<\/p>\n<p>I \u00f6vre v\u00e5ningen fanns ju en liten bostad utan bekv\u00e4mligheter. Fr\u00e5n juni \u2013 oktober \u00e5r 1966 hyrde Holger och Gunvor Hammarberg denna och bodde d\u00e4r med sina barn samtidigt som de byggde sitt hus i n\u00e4rheten.<\/p>\n<h4><strong>Byggnaden \u00f6vertogs av Anna och Birger Sonntag 1972.<\/strong><\/h4>\n<p>\u00c5r 1972, den 17 januari s\u00e5lde Onni och Tyyne Heini\u00f6 l\u00e4genheten Lasell med alla byggnader f\u00f6r 4 000 mark \u00e5t chauff\u00f6ren Birger Sonntag (f.1920 i Ing\u00e5, d. 2004) och Anna (f. Granholm 1918-2009). Dessa renoverade d\u00e5 garagebyggnaden till bostad och flyttade in i garaget. Ett par \u00e5r senare l\u00e4t de riva sj\u00e4lva kaf\u00e9byggnaden och i dag finns bara stenfoten kvar av kaf\u00e9byggnaden.<\/p>\n<figure id=\"attachment_539\" aria-describedby=\"caption-attachment-539\" style=\"width: 996px\" class=\"wp-caption alignnone\"><img loading=\"lazy\" decoding=\"async\" class=\"size-full wp-image-539\" src=\"http:\/\/www.lassebacklund.fi\/wp-content\/uploads\/2016\/09\/5-6.jpg\" alt=\"Birger Sonntag var i flera \u00e5r chauff\u00f6r \u00e5t Sideby Trafik, h\u00e4r har han parkerat buss nr 3 utanf\u00f6r kaf\u00e9byggnaden \u00e5r 1975. \" width=\"996\" height=\"990\" srcset=\"https:\/\/www.lassebacklund.fi\/wp-content\/uploads\/2016\/09\/5-6.jpg 996w, https:\/\/www.lassebacklund.fi\/wp-content\/uploads\/2016\/09\/5-6-150x150.jpg 150w, https:\/\/www.lassebacklund.fi\/wp-content\/uploads\/2016\/09\/5-6-300x298.jpg 300w, https:\/\/www.lassebacklund.fi\/wp-content\/uploads\/2016\/09\/5-6-768x763.jpg 768w\" sizes=\"auto, (max-width: 996px) 100vw, 996px\" \/><figcaption id=\"caption-attachment-539\" class=\"wp-caption-text\">Birger Sonntag var i flera \u00e5r chauff\u00f6r \u00e5t Sideby Trafik, h\u00e4r har han parkerat buss nr 3 utanf\u00f6r den nedlagda kaf\u00e9byggnaden \u00e5r 1975.<\/figcaption><\/figure>\n<figure id=\"attachment_540\" aria-describedby=\"caption-attachment-540\" style=\"width: 992px\" class=\"wp-caption alignnone\"><img loading=\"lazy\" decoding=\"async\" class=\"size-full wp-image-540\" src=\"http:\/\/www.lassebacklund.fi\/wp-content\/uploads\/2016\/09\/6-6.jpg\" alt=\"H\u00e4r bodde Birger och Anna Sonntag . Foto vintern 1975.\" width=\"992\" height=\"645\" srcset=\"https:\/\/www.lassebacklund.fi\/wp-content\/uploads\/2016\/09\/6-6.jpg 992w, https:\/\/www.lassebacklund.fi\/wp-content\/uploads\/2016\/09\/6-6-300x195.jpg 300w, https:\/\/www.lassebacklund.fi\/wp-content\/uploads\/2016\/09\/6-6-768x499.jpg 768w\" sizes=\"auto, (max-width: 992px) 100vw, 992px\" \/><figcaption id=\"caption-attachment-540\" class=\"wp-caption-text\">H\u00e4r bodde Birger och Anna Sonntag . Foto vintern 1975.<\/figcaption><\/figure>\n<figure id=\"attachment_541\" aria-describedby=\"caption-attachment-541\" style=\"width: 1600px\" class=\"wp-caption alignnone\"><img loading=\"lazy\" decoding=\"async\" class=\"size-full wp-image-541\" src=\"http:\/\/www.lassebacklund.fi\/wp-content\/uploads\/2016\/09\/7-5.jpg\" alt=\"Birger och Anna Sonntag bodde i detta hus fram till sin d\u00f6d. Fotot fr\u00e5n 2003 \u00e4r taget fr\u00e5n \u00f6ster. \" width=\"1600\" height=\"1200\" srcset=\"https:\/\/www.lassebacklund.fi\/wp-content\/uploads\/2016\/09\/7-5.jpg 1600w, https:\/\/www.lassebacklund.fi\/wp-content\/uploads\/2016\/09\/7-5-300x225.jpg 300w, https:\/\/www.lassebacklund.fi\/wp-content\/uploads\/2016\/09\/7-5-768x576.jpg 768w, https:\/\/www.lassebacklund.fi\/wp-content\/uploads\/2016\/09\/7-5-1024x768.jpg 1024w\" sizes=\"auto, (max-width: 1600px) 100vw, 1600px\" \/><figcaption id=\"caption-attachment-541\" class=\"wp-caption-text\">Birger och Anna Sonntag bodde i detta hus fram till sin d\u00f6d. Fotot fr\u00e5n 2003 \u00e4r taget fr\u00e5n \u00f6ster.<\/figcaption><\/figure>\n<figure id=\"attachment_542\" aria-describedby=\"caption-attachment-542\" style=\"width: 1600px\" class=\"wp-caption alignnone\"><img loading=\"lazy\" decoding=\"async\" class=\"size-full wp-image-542\" src=\"http:\/\/www.lassebacklund.fi\/wp-content\/uploads\/2016\/09\/8-5.jpg\" alt=\"Huset fotograferat fr\u00e5n v\u00e4ster v\u00e5ren 2003. Till v\u00e4nster skymtar Kurt Backlunds g\u00e5rd \" width=\"1600\" height=\"1200\" srcset=\"https:\/\/www.lassebacklund.fi\/wp-content\/uploads\/2016\/09\/8-5.jpg 1600w, https:\/\/www.lassebacklund.fi\/wp-content\/uploads\/2016\/09\/8-5-300x225.jpg 300w, https:\/\/www.lassebacklund.fi\/wp-content\/uploads\/2016\/09\/8-5-768x576.jpg 768w, https:\/\/www.lassebacklund.fi\/wp-content\/uploads\/2016\/09\/8-5-1024x768.jpg 1024w\" sizes=\"auto, (max-width: 1600px) 100vw, 1600px\" \/><figcaption id=\"caption-attachment-542\" class=\"wp-caption-text\">Huset fotograferat fr\u00e5n v\u00e4ster v\u00e5ren 2003. Till v\u00e4nster skymtar Kurt Backlunds g\u00e5rd<\/figcaption><\/figure>\n<h4><strong>Ellen Gr\u00f6nroos p\u00e5 caf\u00e9.<\/strong><\/h4>\n<p>En som tidigt b\u00f6rjade arbeta p\u00e5 det nya caf\u00e9et var Ellen Gr\u00f6nroos (1906-1988). Hon var dotter till Andersas-Erland Gr\u00f6nroos och hans f\u00f6rsta hustru Adelina Klemets (1876-1908). D\u00e5 mamman dog och Erland gifte om sig f\u00f6ljande \u00e5r, s\u00e5 togs den lilla flickan om hand av farfar och farmor som bodde i lillstugan hos Axel Forslin, som allts\u00e5 var Ellens farbror.<\/p>\n<p>\u00c5tminstone sommartid arbetade hon p\u00e5 caf\u00e9et och d\u00e4r tr\u00e4ffade hon sin blivande man Yrj\u00f6 Pullola fr\u00e5n Stor\u00e5. Yrj\u00f6 bodde i veckorna i lillstugan hos Forslins, d\u00e4r ocks\u00e5 Ellen bodde. Yrj\u00f6 och hans br\u00f6der h\u00f6ll den tiden p\u00e5 att bygga den nya folkh\u00f6gskolan i Lappfj\u00e4rd och under resorna mellan Stor\u00e5 och Lappfj\u00e4rd brukade de stanna till vid caf\u00e9et. \u00c5r 1930 gifte de sig och flyttade till Stor\u00e5 d\u00e4r de \u00e4ldsta barnen \u00e4r f\u00f6dda, sedan flyttade de till Lappfj\u00e4rd och slutligen till Kristinestad. De fick tillsammans 11 barn. Vill du l\u00e4sa mera om Ellen, s\u00e5 skall du klicka <a href=\"http:\/\/www.lassebacklund.fi\/?page_id=9665\"><span style=\"text-decoration: underline;\"><strong>H\u00c4R!<\/strong><\/span><\/a><\/p>\n","protected":false},"excerpt":{"rendered":"<p>Sammanst\u00e4llt av Lasse Backlund 2014, med hj\u00e4lp av Inger och B\u00f6rje Viklund. Vill du l\u00e4sa mera om Sigrids hemg\u00e5rd p\u00e5 A-Sidon, klicka H\u00c4R! Vill du l\u00e4sa mera om Sigrids man Stor\u00e5s-Selim, s\u00e5\u00a0 klicka H\u00c4R! Det h\u00e4r speciella huset n\u00e4ra Sebasbackan <a class=\"more-link\" href=\"https:\/\/www.lassebacklund.fi\/?page_id=543\">Forts\u00e4tt l\u00e4sa <span class=\"screen-reader-text\">  Sigrids caf\u00e9 p\u00e5 Dagsmarkv\u00e4gen 367<\/span><span class=\"meta-nav\">&rarr;<\/span><\/a><\/p>\n","protected":false},"author":1,"featured_media":0,"parent":61,"menu_order":367,"comment_status":"closed","ping_status":"closed","template":"","meta":{"footnotes":""},"class_list":["post-543","page","type-page","status-publish","hentry"],"_links":{"self":[{"href":"https:\/\/www.lassebacklund.fi\/index.php?rest_route=\/wp\/v2\/pages\/543","targetHints":{"allow":["GET"]}}],"collection":[{"href":"https:\/\/www.lassebacklund.fi\/index.php?rest_route=\/wp\/v2\/pages"}],"about":[{"href":"https:\/\/www.lassebacklund.fi\/index.php?rest_route=\/wp\/v2\/types\/page"}],"author":[{"embeddable":true,"href":"https:\/\/www.lassebacklund.fi\/index.php?rest_route=\/wp\/v2\/users\/1"}],"replies":[{"embeddable":true,"href":"https:\/\/www.lassebacklund.fi\/index.php?rest_route=%2Fwp%2Fv2%2Fcomments&post=543"}],"version-history":[{"count":13,"href":"https:\/\/www.lassebacklund.fi\/index.php?rest_route=\/wp\/v2\/pages\/543\/revisions"}],"predecessor-version":[{"id":22546,"href":"https:\/\/www.lassebacklund.fi\/index.php?rest_route=\/wp\/v2\/pages\/543\/revisions\/22546"}],"up":[{"embeddable":true,"href":"https:\/\/www.lassebacklund.fi\/index.php?rest_route=\/wp\/v2\/pages\/61"}],"wp:attachment":[{"href":"https:\/\/www.lassebacklund.fi\/index.php?rest_route=%2Fwp%2Fv2%2Fmedia&parent=543"}],"curies":[{"name":"wp","href":"https:\/\/api.w.org\/{rel}","templated":true}]}}