{"id":5425,"date":"2017-07-30T21:26:05","date_gmt":"2017-07-30T19:26:05","guid":{"rendered":"http:\/\/www.lassebacklund.fi\/?page_id=5425"},"modified":"2022-01-03T21:41:52","modified_gmt":"2022-01-03T19:41:52","slug":"1939-vinterkriget","status":"publish","type":"page","link":"https:\/\/www.lassebacklund.fi\/?page_id=5425","title":{"rendered":"Vinterkriget 1939-40"},"content":{"rendered":"<p>Selim Bj\u00f6rses som var en aktiv skyddsk\u00e5rist, har med sina fotografier f\u00f6revigat b\u00e5de f\u00f6rberedelserna och krigsh\u00e4ndelserna p\u00e5 hemmaplan i Lappfj\u00e4rd. Bilderna fr\u00e5n utskrivningen av h\u00e4star \u00e4r b\u00e5de tragiska och dystra, m\u00e4nnens miner \u00e4r allt annat \u00e4n muntra n\u00e4r de tvingas skicka iv\u00e4g sin h\u00e4st p\u00e5 en h\u00f6gst os\u00e4ker resa.<\/p>\n<figure id=\"attachment_1811\" aria-describedby=\"caption-attachment-1811\" style=\"width: 2000px\" class=\"wp-caption aligncenter\"><img loading=\"lazy\" decoding=\"async\" class=\"size-full wp-image-1811\" src=\"http:\/\/www.lassebacklund.fi\/wp-content\/uploads\/2016\/11\/ota295_foto_0379-WEB-h\u00e4stutsrivning-och-Mitts.jpg\" alt=\"H\u00e4r sker sj\u00e4lva utskrivningen och granskningen att allt \u00e4r med. Vid bords\u00e4ndan sitter Emil Ekman och till v\u00e4nster st\u00e5r Erland Klockars. Foto Selim Bj\u00f6rses \u00e5r 1939.\" width=\"2000\" height=\"1335\" srcset=\"https:\/\/www.lassebacklund.fi\/wp-content\/uploads\/2016\/11\/ota295_foto_0379-WEB-h\u00e4stutsrivning-och-Mitts.jpg 2000w, https:\/\/www.lassebacklund.fi\/wp-content\/uploads\/2016\/11\/ota295_foto_0379-WEB-h\u00e4stutsrivning-och-Mitts-300x200.jpg 300w, https:\/\/www.lassebacklund.fi\/wp-content\/uploads\/2016\/11\/ota295_foto_0379-WEB-h\u00e4stutsrivning-och-Mitts-768x513.jpg 768w, https:\/\/www.lassebacklund.fi\/wp-content\/uploads\/2016\/11\/ota295_foto_0379-WEB-h\u00e4stutsrivning-och-Mitts-1024x684.jpg 1024w\" sizes=\"auto, (max-width: 2000px) 100vw, 2000px\" \/><figcaption id=\"caption-attachment-1811\" class=\"wp-caption-text\">H\u00e4r sker sj\u00e4lva utskrivningen och granskningen att allt \u00e4r med. Vid bords\u00e4ndan sitter Emil Ekman och till v\u00e4nster st\u00e5r Erland Klockars. Foto Selim Bj\u00f6rses \u00e5r 1939.<\/figcaption><\/figure>\n<figure id=\"attachment_1809\" aria-describedby=\"caption-attachment-1809\" style=\"width: 1949px\" class=\"wp-caption aligncenter\"><img loading=\"lazy\" decoding=\"async\" class=\"size-full wp-image-1809\" src=\"http:\/\/www.lassebacklund.fi\/wp-content\/uploads\/2016\/11\/ota295_foto_0377-WEB-Mitts-hemsida.jpg\" alt=\"H\u00e4r ser vi h\u00e4star p\u00e5 v\u00e4g till inskrivningen p\u00e5 kyrkbacken i Lappfj\u00e4rd. Enligt best\u00e4mmelserna skulle h\u00e4starna medf\u00f6ra \u00e5tminstone 50 kg h\u00f6 och 15 kg havre. De skulle vara v\u00e4lskodda och ha ordentliga seldon. D\u00e4rtill var det en massa verktyg som skulle finnas med, bland annat en yxa, ett j\u00e4rnspett och en skyffel. Ett \u00e4mbare och h\u00e4stt\u00e4cke som skulle medf\u00f6ras varje h\u00e4st.\" width=\"1949\" height=\"1251\" srcset=\"https:\/\/www.lassebacklund.fi\/wp-content\/uploads\/2016\/11\/ota295_foto_0377-WEB-Mitts-hemsida.jpg 1949w, https:\/\/www.lassebacklund.fi\/wp-content\/uploads\/2016\/11\/ota295_foto_0377-WEB-Mitts-hemsida-300x193.jpg 300w, https:\/\/www.lassebacklund.fi\/wp-content\/uploads\/2016\/11\/ota295_foto_0377-WEB-Mitts-hemsida-768x493.jpg 768w, https:\/\/www.lassebacklund.fi\/wp-content\/uploads\/2016\/11\/ota295_foto_0377-WEB-Mitts-hemsida-1024x657.jpg 1024w\" sizes=\"auto, (max-width: 1949px) 100vw, 1949px\" \/><figcaption id=\"caption-attachment-1809\" class=\"wp-caption-text\">H\u00e4r ser vi h\u00e4star p\u00e5 v\u00e4g till inskrivningen p\u00e5 kyrkbacken i Lappfj\u00e4rd. Enligt best\u00e4mmelserna skulle h\u00e4starna medf\u00f6ra \u00e5tminstone 50 kg h\u00f6 och 15 kg havre. De skulle vara v\u00e4lskodda och ha ordentliga seldon. D\u00e4rtill var det en massa verktyg som skulle finnas med, bland annat en yxa, ett j\u00e4rnspett och en skyffel. Ett \u00e4mbare och h\u00e4stt\u00e4cke som skulle medf\u00f6ras varje h\u00e4st.<\/figcaption><\/figure>\n<figure id=\"attachment_1810\" aria-describedby=\"caption-attachment-1810\" style=\"width: 1965px\" class=\"wp-caption aligncenter\"><img loading=\"lazy\" decoding=\"async\" class=\"size-full wp-image-1810\" src=\"http:\/\/www.lassebacklund.fi\/wp-content\/uploads\/2016\/11\/ota295_foto_0378-WEB-Mitts-hemsida.jpg\" alt=\"H\u00e4r ser vi m\u00e5nga h\u00e4star utanf\u00f6r kyrkan i Lappfj\u00e4rd i v\u00e4ntan p\u00e5 f\u00f6rflyttning till j\u00e4rnv\u00e4gsstationen i Kristinestad. L\u00e4raren Selim Bj\u00f6rses var med och f\u00f6revigade det hela.\" width=\"1965\" height=\"1293\" srcset=\"https:\/\/www.lassebacklund.fi\/wp-content\/uploads\/2016\/11\/ota295_foto_0378-WEB-Mitts-hemsida.jpg 1965w, https:\/\/www.lassebacklund.fi\/wp-content\/uploads\/2016\/11\/ota295_foto_0378-WEB-Mitts-hemsida-300x197.jpg 300w, https:\/\/www.lassebacklund.fi\/wp-content\/uploads\/2016\/11\/ota295_foto_0378-WEB-Mitts-hemsida-768x505.jpg 768w, https:\/\/www.lassebacklund.fi\/wp-content\/uploads\/2016\/11\/ota295_foto_0378-WEB-Mitts-hemsida-1024x674.jpg 1024w\" sizes=\"auto, (max-width: 1965px) 100vw, 1965px\" \/><figcaption id=\"caption-attachment-1810\" class=\"wp-caption-text\">H\u00e4r ser vi m\u00e5nga h\u00e4star i Sk\u00e4rhushagen i Lappfj\u00e4rd i v\u00e4ntan p\u00e5 f\u00f6rflyttning till j\u00e4rnv\u00e4gsstationen i Kristinestad. L\u00e4raren Selim Bj\u00f6rses var med och f\u00f6revigade det hela d\u00e4r vi ser det nuvarande f\u00f6rsamlingshemmet i bakgrunden.<\/figcaption><\/figure>\n<figure id=\"attachment_1812\" aria-describedby=\"caption-attachment-1812\" style=\"width: 2000px\" class=\"wp-caption aligncenter\"><img loading=\"lazy\" decoding=\"async\" class=\"size-full wp-image-1812\" src=\"http:\/\/www.lassebacklund.fi\/wp-content\/uploads\/2016\/11\/ota295_foto_0380-WEB-Mitts-hemsida.jpg\" alt=\"Vi kan bara ana vad den bistra mannen p\u00e5 h\u00e4stk\u00e4rran t\u00e4nker p\u00e5. H\u00e4sten \u00e4r tillsvidare lyckligt omedveten om vad som v\u00e4ntar. Selim Bj\u00f6rses foto fr\u00e5n 1939 finns arkiverat p\u00e5 SLS:s traditionsarkiv i Vasa.\" width=\"2000\" height=\"1338\" srcset=\"https:\/\/www.lassebacklund.fi\/wp-content\/uploads\/2016\/11\/ota295_foto_0380-WEB-Mitts-hemsida.jpg 2000w, https:\/\/www.lassebacklund.fi\/wp-content\/uploads\/2016\/11\/ota295_foto_0380-WEB-Mitts-hemsida-300x201.jpg 300w, https:\/\/www.lassebacklund.fi\/wp-content\/uploads\/2016\/11\/ota295_foto_0380-WEB-Mitts-hemsida-768x514.jpg 768w, https:\/\/www.lassebacklund.fi\/wp-content\/uploads\/2016\/11\/ota295_foto_0380-WEB-Mitts-hemsida-1024x685.jpg 1024w\" sizes=\"auto, (max-width: 2000px) 100vw, 2000px\" \/><figcaption id=\"caption-attachment-1812\" class=\"wp-caption-text\">Vi kan bara ana vad den bistra mannen p\u00e5 h\u00e4stk\u00e4rran t\u00e4nker p\u00e5. H\u00e4sten \u00e4r tillsvidare lyckligt omedveten om vad som v\u00e4ntar. Selim Bj\u00f6rses foto fr\u00e5n 1939 finns arkiverat p\u00e5 SLS:s traditionsarkiv i Vasa.<\/figcaption><\/figure>\n<figure id=\"attachment_5435\" aria-describedby=\"caption-attachment-5435\" style=\"width: 1186px\" class=\"wp-caption aligncenter\"><img loading=\"lazy\" decoding=\"async\" class=\"size-full wp-image-5435\" src=\"http:\/\/www.lassebacklund.fi\/wp-content\/uploads\/2017\/07\/ota295_foto_0391.jpg\" alt=\"H\u00e4r en h\u00e4st med h\u00f6k\u00e4rra f\u00e4rdig att skickas till fronten, platsen \u00e4r vid Gustas Kaalas.\" width=\"1186\" height=\"694\" srcset=\"https:\/\/www.lassebacklund.fi\/wp-content\/uploads\/2017\/07\/ota295_foto_0391.jpg 1186w, https:\/\/www.lassebacklund.fi\/wp-content\/uploads\/2017\/07\/ota295_foto_0391-300x176.jpg 300w, https:\/\/www.lassebacklund.fi\/wp-content\/uploads\/2017\/07\/ota295_foto_0391-768x449.jpg 768w, https:\/\/www.lassebacklund.fi\/wp-content\/uploads\/2017\/07\/ota295_foto_0391-1024x599.jpg 1024w\" sizes=\"auto, (max-width: 1186px) 100vw, 1186px\" \/><figcaption id=\"caption-attachment-5435\" class=\"wp-caption-text\">H\u00e4r en h\u00e4st med h\u00f6k\u00e4rra f\u00e4rdig att skickas till fronten, platsen \u00e4r vid Gustas Kaalas.<\/figcaption><\/figure>\n<figure id=\"attachment_5430\" aria-describedby=\"caption-attachment-5430\" style=\"width: 970px\" class=\"wp-caption aligncenter\"><img loading=\"lazy\" decoding=\"async\" class=\"size-full wp-image-5430\" src=\"http:\/\/www.lassebacklund.fi\/wp-content\/uploads\/2017\/07\/H\u00e4star.jpg\" alt=\"Platsen f\u00f6r h\u00e4stutskrivningen fanns mellan Kyrkt\u00e5 och s\u00f6dra skolan, kyrkan ligger till v\u00e4nster. I bakgrunden Soininas rian och l\u00e4ngst till h\u00f6ger &quot;Svedar Johanas&quot;, allts\u00e5 Johan Asplund g\u00e5rd.\" width=\"970\" height=\"558\" srcset=\"https:\/\/www.lassebacklund.fi\/wp-content\/uploads\/2017\/07\/H\u00e4star.jpg 970w, https:\/\/www.lassebacklund.fi\/wp-content\/uploads\/2017\/07\/H\u00e4star-300x173.jpg 300w, https:\/\/www.lassebacklund.fi\/wp-content\/uploads\/2017\/07\/H\u00e4star-768x442.jpg 768w\" sizes=\"auto, (max-width: 970px) 100vw, 970px\" \/><figcaption id=\"caption-attachment-5430\" class=\"wp-caption-text\">Platsen f\u00f6r h\u00e4stutskrivningen fanns mellan Kyrkt\u00e5 och s\u00f6dra skolan, kyrkan ligger till v\u00e4nster. I bakgrunden Soininas rian och l\u00e4ngst till h\u00f6ger &#8221;Svedar Johanas&#8221;, allts\u00e5 Johan Asplund g\u00e5rd.<\/figcaption><\/figure>\n<figure id=\"attachment_5431\" aria-describedby=\"caption-attachment-5431\" style=\"width: 955px\" class=\"wp-caption aligncenter\"><img loading=\"lazy\" decoding=\"async\" class=\"size-full wp-image-5431\" src=\"http:\/\/www.lassebacklund.fi\/wp-content\/uploads\/2017\/07\/Karaprat.jpg\" alt=\"Dystra miner var det ocks\u00e5 hos dessa herrar, som dryftar v\u00e4rldsl\u00e4get och den uppkomna situationen. Tredje fr\u00e5n v\u00e4nster \u00e4r en Skogman fr\u00e5n \u00d6mossa, f\u00f6ljande d\u00e4r bak \u00e4r Axel Hemg\u00e5rd. L\u00e4ngst till h\u00f6ger st\u00e5r Emil Ekman och lite framf\u00f6r honom st\u00e5r Anselm Gullmes.\" width=\"955\" height=\"590\" srcset=\"https:\/\/www.lassebacklund.fi\/wp-content\/uploads\/2017\/07\/Karaprat.jpg 955w, https:\/\/www.lassebacklund.fi\/wp-content\/uploads\/2017\/07\/Karaprat-300x185.jpg 300w, https:\/\/www.lassebacklund.fi\/wp-content\/uploads\/2017\/07\/Karaprat-768x474.jpg 768w\" sizes=\"auto, (max-width: 955px) 100vw, 955px\" \/><figcaption id=\"caption-attachment-5431\" class=\"wp-caption-text\">Dystra miner var det ocks\u00e5 hos dessa herrar, som dryftar v\u00e4rldsl\u00e4get och den uppkomna situationen. Tredje fr\u00e5n v\u00e4nster \u00e4r en Skogman fr\u00e5n \u00d6mossa, f\u00f6ljande d\u00e4r bak \u00e4r Axel Hemg\u00e5rd. L\u00e4ngst till h\u00f6ger st\u00e5r Emil Ekman och lite framf\u00f6r honom st\u00e5r Anselm Gullmes.<\/figcaption><\/figure>\n<figure id=\"attachment_5432\" aria-describedby=\"caption-attachment-5432\" style=\"width: 954px\" class=\"wp-caption aligncenter\"><img loading=\"lazy\" decoding=\"async\" class=\"size-full wp-image-5432\" src=\"http:\/\/www.lassebacklund.fi\/wp-content\/uploads\/2017\/07\/Lottor-2.jpg\" alt=\"D\u00e5 veteranerna inkallades p\u00e5 den norra folkskolan sk\u00f6tte lottorna om matlagningen.\" width=\"954\" height=\"603\" srcset=\"https:\/\/www.lassebacklund.fi\/wp-content\/uploads\/2017\/07\/Lottor-2.jpg 954w, https:\/\/www.lassebacklund.fi\/wp-content\/uploads\/2017\/07\/Lottor-2-300x190.jpg 300w, https:\/\/www.lassebacklund.fi\/wp-content\/uploads\/2017\/07\/Lottor-2-768x485.jpg 768w\" sizes=\"auto, (max-width: 954px) 100vw, 954px\" \/><figcaption id=\"caption-attachment-5432\" class=\"wp-caption-text\">D\u00e5 veteranerna inkallades p\u00e5 den norra folkskolan sk\u00f6tte lottorna om matlagningen.<\/figcaption><\/figure>\n<figure id=\"attachment_5433\" aria-describedby=\"caption-attachment-5433\" style=\"width: 984px\" class=\"wp-caption aligncenter\"><img loading=\"lazy\" decoding=\"async\" class=\"size-full wp-image-5433\" src=\"http:\/\/www.lassebacklund.fi\/wp-content\/uploads\/2017\/07\/Lottor-1.jpg\" alt=\"Lottorna sk\u00f6tte om matserveringen under h\u00e4stutskrivningarna p\u00e5 s\u00f6dra folkskolan.\" width=\"984\" height=\"596\" srcset=\"https:\/\/www.lassebacklund.fi\/wp-content\/uploads\/2017\/07\/Lottor-1.jpg 984w, https:\/\/www.lassebacklund.fi\/wp-content\/uploads\/2017\/07\/Lottor-1-300x182.jpg 300w, https:\/\/www.lassebacklund.fi\/wp-content\/uploads\/2017\/07\/Lottor-1-768x465.jpg 768w\" sizes=\"auto, (max-width: 984px) 100vw, 984px\" \/><figcaption id=\"caption-attachment-5433\" class=\"wp-caption-text\">Lottorna sk\u00f6tte om matserveringen under h\u00e4stutskrivningarna p\u00e5 s\u00f6dra folkskolan.<\/figcaption><\/figure>\n<figure id=\"attachment_5440\" aria-describedby=\"caption-attachment-5440\" style=\"width: 1200px\" class=\"wp-caption aligncenter\"><img loading=\"lazy\" decoding=\"async\" class=\"size-full wp-image-5440\" src=\"http:\/\/www.lassebacklund.fi\/wp-content\/uploads\/2017\/07\/ota295_foto_0423.jpg\" alt=\"H\u00e4r p\u00e5g\u00e5r utskrivningen av h\u00e4star under ett riskov.\" width=\"1200\" height=\"811\" srcset=\"https:\/\/www.lassebacklund.fi\/wp-content\/uploads\/2017\/07\/ota295_foto_0423.jpg 1200w, https:\/\/www.lassebacklund.fi\/wp-content\/uploads\/2017\/07\/ota295_foto_0423-300x203.jpg 300w, https:\/\/www.lassebacklund.fi\/wp-content\/uploads\/2017\/07\/ota295_foto_0423-768x519.jpg 768w, https:\/\/www.lassebacklund.fi\/wp-content\/uploads\/2017\/07\/ota295_foto_0423-1024x692.jpg 1024w\" sizes=\"auto, (max-width: 1200px) 100vw, 1200px\" \/><figcaption id=\"caption-attachment-5440\" class=\"wp-caption-text\">H\u00e4r p\u00e5g\u00e5r utskrivningen av h\u00e4star under ett riskov.<\/figcaption><\/figure>\n<figure id=\"attachment_5434\" aria-describedby=\"caption-attachment-5434\" style=\"width: 1200px\" class=\"wp-caption aligncenter\"><img loading=\"lazy\" decoding=\"async\" class=\"size-full wp-image-5434\" src=\"http:\/\/www.lassebacklund.fi\/wp-content\/uploads\/2017\/07\/ota295_foto_0386.jpg\" alt=\"De hemmavarande skickade regelbundet matpaket och \u00f6vriga f\u00f6rn\u00f6denheter till de stridande vid \u00f6stgr\u00e4nsen.\" width=\"1200\" height=\"813\" srcset=\"https:\/\/www.lassebacklund.fi\/wp-content\/uploads\/2017\/07\/ota295_foto_0386.jpg 1200w, https:\/\/www.lassebacklund.fi\/wp-content\/uploads\/2017\/07\/ota295_foto_0386-300x203.jpg 300w, https:\/\/www.lassebacklund.fi\/wp-content\/uploads\/2017\/07\/ota295_foto_0386-768x520.jpg 768w, https:\/\/www.lassebacklund.fi\/wp-content\/uploads\/2017\/07\/ota295_foto_0386-1024x694.jpg 1024w\" sizes=\"auto, (max-width: 1200px) 100vw, 1200px\" \/><figcaption id=\"caption-attachment-5434\" class=\"wp-caption-text\">De hemmavarande skickade regelbundet matpaket och \u00f6vriga f\u00f6rn\u00f6denheter till de stridande vid \u00f6stgr\u00e4nsen.<\/figcaption><\/figure>\n<figure id=\"attachment_5437\" aria-describedby=\"caption-attachment-5437\" style=\"width: 1200px\" class=\"wp-caption aligncenter\"><img loading=\"lazy\" decoding=\"async\" class=\"size-full wp-image-5437\" src=\"http:\/\/www.lassebacklund.fi\/wp-content\/uploads\/2017\/07\/ota295_foto_0402.jpg\" alt=\"Bilden \u00e4r suddig men visar det berg av hopsamlad taggtr\u00e5d, som kommer att skickas till bef\u00e4stningarna p\u00e5 Karelska n\u00e4set.\" width=\"1200\" height=\"814\" srcset=\"https:\/\/www.lassebacklund.fi\/wp-content\/uploads\/2017\/07\/ota295_foto_0402.jpg 1200w, https:\/\/www.lassebacklund.fi\/wp-content\/uploads\/2017\/07\/ota295_foto_0402-300x204.jpg 300w, https:\/\/www.lassebacklund.fi\/wp-content\/uploads\/2017\/07\/ota295_foto_0402-768x521.jpg 768w, https:\/\/www.lassebacklund.fi\/wp-content\/uploads\/2017\/07\/ota295_foto_0402-1024x695.jpg 1024w\" sizes=\"auto, (max-width: 1200px) 100vw, 1200px\" \/><figcaption id=\"caption-attachment-5437\" class=\"wp-caption-text\">Bilden \u00e4r suddig men visar det berg av hopsamlad taggtr\u00e5d, som kommer att skickas till bef\u00e4stningarna p\u00e5 Karelska n\u00e4set.<\/figcaption><\/figure>\n<figure id=\"attachment_5444\" aria-describedby=\"caption-attachment-5444\" style=\"width: 1184px\" class=\"wp-caption aligncenter\"><img loading=\"lazy\" decoding=\"async\" class=\"size-full wp-image-5444\" src=\"http:\/\/www.lassebacklund.fi\/wp-content\/uploads\/2017\/07\/ota295_foto_0428.jpg\" alt=\"De sn\u00f6kl\u00e4dda f\u00e4lten breder ut sig bakom en frusen vakt.\" width=\"1184\" height=\"762\" srcset=\"https:\/\/www.lassebacklund.fi\/wp-content\/uploads\/2017\/07\/ota295_foto_0428.jpg 1184w, https:\/\/www.lassebacklund.fi\/wp-content\/uploads\/2017\/07\/ota295_foto_0428-300x193.jpg 300w, https:\/\/www.lassebacklund.fi\/wp-content\/uploads\/2017\/07\/ota295_foto_0428-768x494.jpg 768w, https:\/\/www.lassebacklund.fi\/wp-content\/uploads\/2017\/07\/ota295_foto_0428-1024x659.jpg 1024w\" sizes=\"auto, (max-width: 1184px) 100vw, 1184px\" \/><figcaption id=\"caption-attachment-5444\" class=\"wp-caption-text\">De sn\u00f6kl\u00e4dda f\u00e4lten breder ut sig bakom vakten Jarl Ingves. N\u00e4r de \u00e4ldre drog iv\u00e4g till fronten vid \u00f6stgr\u00e4nsen s\u00e5 blev det ungdomarna som fick ta \u00f6ver hemmafronten.<\/figcaption><\/figure>\n<figure id=\"attachment_5443\" aria-describedby=\"caption-attachment-5443\" style=\"width: 1181px\" class=\"wp-caption aligncenter\"><img loading=\"lazy\" decoding=\"async\" class=\"size-full wp-image-5443\" src=\"http:\/\/www.lassebacklund.fi\/wp-content\/uploads\/2017\/07\/ota295_foto_0427.jpg\" alt=\"En bev\u00e4pnad skyddsk\u00e5rist i skyddande dr\u00e4kt st\u00e5r vakt.\" width=\"1181\" height=\"771\" srcset=\"https:\/\/www.lassebacklund.fi\/wp-content\/uploads\/2017\/07\/ota295_foto_0427.jpg 1181w, https:\/\/www.lassebacklund.fi\/wp-content\/uploads\/2017\/07\/ota295_foto_0427-300x196.jpg 300w, https:\/\/www.lassebacklund.fi\/wp-content\/uploads\/2017\/07\/ota295_foto_0427-768x501.jpg 768w, https:\/\/www.lassebacklund.fi\/wp-content\/uploads\/2017\/07\/ota295_foto_0427-1024x669.jpg 1024w\" sizes=\"auto, (max-width: 1181px) 100vw, 1181px\" \/><figcaption id=\"caption-attachment-5443\" class=\"wp-caption-text\">Einar Krook\u00a0i skyddande dr\u00e4kt st\u00e5r vakt i Lappfj\u00e4rd.<\/figcaption><\/figure>\n<figure id=\"attachment_5445\" aria-describedby=\"caption-attachment-5445\" style=\"width: 1181px\" class=\"wp-caption aligncenter\"><img loading=\"lazy\" decoding=\"async\" class=\"size-full wp-image-5445\" src=\"http:\/\/www.lassebacklund.fi\/wp-content\/uploads\/2017\/07\/ota295_foto_0429.jpg\" alt=\"En stupad soldat b\u00e4rs i sn\u00f6yran in i kyrkan.\" width=\"1181\" height=\"757\" srcset=\"https:\/\/www.lassebacklund.fi\/wp-content\/uploads\/2017\/07\/ota295_foto_0429.jpg 1181w, https:\/\/www.lassebacklund.fi\/wp-content\/uploads\/2017\/07\/ota295_foto_0429-300x192.jpg 300w, https:\/\/www.lassebacklund.fi\/wp-content\/uploads\/2017\/07\/ota295_foto_0429-768x492.jpg 768w, https:\/\/www.lassebacklund.fi\/wp-content\/uploads\/2017\/07\/ota295_foto_0429-1024x656.jpg 1024w\" sizes=\"auto, (max-width: 1181px) 100vw, 1181px\" \/><figcaption id=\"caption-attachment-5445\" class=\"wp-caption-text\">En stupad soldat b\u00e4rs i sn\u00f6yran in i kyrkan.<\/figcaption><\/figure>\n<figure id=\"attachment_5442\" aria-describedby=\"caption-attachment-5442\" style=\"width: 1180px\" class=\"wp-caption aligncenter\"><img loading=\"lazy\" decoding=\"async\" class=\"size-full wp-image-5442\" src=\"http:\/\/www.lassebacklund.fi\/wp-content\/uploads\/2017\/07\/ota295_foto_0426.jpg\" alt=\"En stupad soldat b\u00e4rs in i kyrkan av anh\u00f6riga, f\u00f6ljd av skyddsk\u00e5rister och ett stort antal s\u00f6rjande.\" width=\"1180\" height=\"761\" srcset=\"https:\/\/www.lassebacklund.fi\/wp-content\/uploads\/2017\/07\/ota295_foto_0426.jpg 1180w, https:\/\/www.lassebacklund.fi\/wp-content\/uploads\/2017\/07\/ota295_foto_0426-300x193.jpg 300w, https:\/\/www.lassebacklund.fi\/wp-content\/uploads\/2017\/07\/ota295_foto_0426-768x495.jpg 768w, https:\/\/www.lassebacklund.fi\/wp-content\/uploads\/2017\/07\/ota295_foto_0426-1024x660.jpg 1024w\" sizes=\"auto, (max-width: 1180px) 100vw, 1180px\" \/><figcaption id=\"caption-attachment-5442\" class=\"wp-caption-text\">En stupad soldat b\u00e4rs in i kyrkan av anh\u00f6riga, f\u00f6ljd av skyddsk\u00e5rister och ett stort antal s\u00f6rjande.<\/figcaption><\/figure>\n<figure id=\"attachment_5441\" aria-describedby=\"caption-attachment-5441\" style=\"width: 1184px\" class=\"wp-caption aligncenter\"><img loading=\"lazy\" decoding=\"async\" class=\"size-full wp-image-5441\" src=\"http:\/\/www.lassebacklund.fi\/wp-content\/uploads\/2017\/07\/ota295_foto_0425.jpg\" alt=\"H\u00e4r begravs tv\u00e5 stupade soldaterna samtidigt, vilket inte var riktigt ovanligt under krigen.\" width=\"1184\" height=\"758\" srcset=\"https:\/\/www.lassebacklund.fi\/wp-content\/uploads\/2017\/07\/ota295_foto_0425.jpg 1184w, https:\/\/www.lassebacklund.fi\/wp-content\/uploads\/2017\/07\/ota295_foto_0425-300x192.jpg 300w, https:\/\/www.lassebacklund.fi\/wp-content\/uploads\/2017\/07\/ota295_foto_0425-768x492.jpg 768w, https:\/\/www.lassebacklund.fi\/wp-content\/uploads\/2017\/07\/ota295_foto_0425-1024x656.jpg 1024w\" sizes=\"auto, (max-width: 1184px) 100vw, 1184px\" \/><figcaption id=\"caption-attachment-5441\" class=\"wp-caption-text\">H\u00e4r begravs tv\u00e5 stupade soldaterna samtidigt, vilket inte var riktigt ovanligt under krigen.<\/figcaption><\/figure>\n<figure id=\"attachment_5436\" aria-describedby=\"caption-attachment-5436\" style=\"width: 1200px\" class=\"wp-caption aligncenter\"><img loading=\"lazy\" decoding=\"async\" class=\"size-full wp-image-5436\" src=\"http:\/\/www.lassebacklund.fi\/wp-content\/uploads\/2017\/07\/ota295_foto_0400.jpg\" alt=\"Begravningen av de f\u00f6rsta stupade soldaterna samlade ofta upp till tusen personer i kyrkan.\" width=\"1200\" height=\"811\" srcset=\"https:\/\/www.lassebacklund.fi\/wp-content\/uploads\/2017\/07\/ota295_foto_0400.jpg 1200w, https:\/\/www.lassebacklund.fi\/wp-content\/uploads\/2017\/07\/ota295_foto_0400-300x203.jpg 300w, https:\/\/www.lassebacklund.fi\/wp-content\/uploads\/2017\/07\/ota295_foto_0400-768x519.jpg 768w, https:\/\/www.lassebacklund.fi\/wp-content\/uploads\/2017\/07\/ota295_foto_0400-1024x692.jpg 1024w\" sizes=\"auto, (max-width: 1200px) 100vw, 1200px\" \/><figcaption id=\"caption-attachment-5436\" class=\"wp-caption-text\">Begravningen av de f\u00f6rsta stupade soldaterna samlade ofta upp till tusen personer i kyrkan.<\/figcaption><\/figure>\n<figure id=\"attachment_5439\" aria-describedby=\"caption-attachment-5439\" style=\"width: 1951px\" class=\"wp-caption aligncenter\"><img loading=\"lazy\" decoding=\"async\" class=\"size-full wp-image-5439\" src=\"http:\/\/www.lassebacklund.fi\/wp-content\/uploads\/2017\/07\/ota295_foto_0422WEB-Karelare-kommer-med-h\u00e4st.jpg\" alt=\"Under s\u00e5 gott som hela 1930-talet hade vintrarna varit s\u00e5 gott som sn\u00f6fria och mycket milda men i december 1939 slog k\u00f6lden till ordentligt med temperaturen ner mot -40 grader. I 25 graders kyla anl\u00e4nde dessa karelare till Lappfj\u00e4rd, kommunalg\u00e5rden syns till h\u00f6ger.\" width=\"1951\" height=\"1243\" srcset=\"https:\/\/www.lassebacklund.fi\/wp-content\/uploads\/2017\/07\/ota295_foto_0422WEB-Karelare-kommer-med-h\u00e4st.jpg 1951w, https:\/\/www.lassebacklund.fi\/wp-content\/uploads\/2017\/07\/ota295_foto_0422WEB-Karelare-kommer-med-h\u00e4st-300x191.jpg 300w, https:\/\/www.lassebacklund.fi\/wp-content\/uploads\/2017\/07\/ota295_foto_0422WEB-Karelare-kommer-med-h\u00e4st-768x489.jpg 768w, https:\/\/www.lassebacklund.fi\/wp-content\/uploads\/2017\/07\/ota295_foto_0422WEB-Karelare-kommer-med-h\u00e4st-1024x652.jpg 1024w\" sizes=\"auto, (max-width: 1951px) 100vw, 1951px\" \/><figcaption id=\"caption-attachment-5439\" class=\"wp-caption-text\">Under s\u00e5 gott som hela 1930-talet hade vintrarna varit s\u00e5 gott som sn\u00f6fria och mycket milda men i december 1939 slog k\u00f6lden till ordentligt med temperaturen ner mot -40 grader. I 25 graders kyla anl\u00e4nde dessa karelare till Lappfj\u00e4rd, kommunalg\u00e5rden syns till h\u00f6ger.<\/figcaption><\/figure>\n<figure id=\"attachment_5438\" aria-describedby=\"caption-attachment-5438\" style=\"width: 1956px\" class=\"wp-caption aligncenter\"><img loading=\"lazy\" decoding=\"async\" class=\"size-full wp-image-5438\" src=\"http:\/\/www.lassebacklund.fi\/wp-content\/uploads\/2017\/07\/ota295_foto_0415WEB-kor-p\u00e5-v\u00e4gen.jpg\" alt=\"Folk och kreatur b\u00f6rjade evakueras fr\u00e5n Karelen och h\u00e4r tv\u00e5 villr\u00e5diga kor p\u00e5 landsv\u00e4gen i Lappfj\u00e4rd.\" width=\"1956\" height=\"1139\" srcset=\"https:\/\/www.lassebacklund.fi\/wp-content\/uploads\/2017\/07\/ota295_foto_0415WEB-kor-p\u00e5-v\u00e4gen.jpg 1956w, https:\/\/www.lassebacklund.fi\/wp-content\/uploads\/2017\/07\/ota295_foto_0415WEB-kor-p\u00e5-v\u00e4gen-300x175.jpg 300w, https:\/\/www.lassebacklund.fi\/wp-content\/uploads\/2017\/07\/ota295_foto_0415WEB-kor-p\u00e5-v\u00e4gen-768x447.jpg 768w, https:\/\/www.lassebacklund.fi\/wp-content\/uploads\/2017\/07\/ota295_foto_0415WEB-kor-p\u00e5-v\u00e4gen-1024x596.jpg 1024w\" sizes=\"auto, (max-width: 1956px) 100vw, 1956px\" \/><figcaption id=\"caption-attachment-5438\" class=\"wp-caption-text\">Folk och kreatur b\u00f6rjade evakueras fr\u00e5n Karelen och h\u00e4r tv\u00e5 villr\u00e5diga kor p\u00e5 landsv\u00e4gen i Lappfj\u00e4rd.<\/figcaption><\/figure>\n","protected":false},"excerpt":{"rendered":"<p>Selim Bj\u00f6rses som var en aktiv skyddsk\u00e5rist, har med sina fotografier f\u00f6revigat b\u00e5de f\u00f6rberedelserna och krigsh\u00e4ndelserna p\u00e5 hemmaplan i Lappfj\u00e4rd. Bilderna fr\u00e5n utskrivningen av h\u00e4star \u00e4r b\u00e5de tragiska och dystra, m\u00e4nnens miner \u00e4r allt annat \u00e4n muntra n\u00e4r de tvingas <a class=\"more-link\" href=\"https:\/\/www.lassebacklund.fi\/?page_id=5425\">Forts\u00e4tt l\u00e4sa <span class=\"screen-reader-text\">  Vinterkriget 1939-40<\/span><span class=\"meta-nav\">&rarr;<\/span><\/a><\/p>\n","protected":false},"author":1,"featured_media":0,"parent":4555,"menu_order":0,"comment_status":"closed","ping_status":"closed","template":"","meta":{"footnotes":""},"class_list":["post-5425","page","type-page","status-publish","hentry"],"_links":{"self":[{"href":"https:\/\/www.lassebacklund.fi\/index.php?rest_route=\/wp\/v2\/pages\/5425","targetHints":{"allow":["GET"]}}],"collection":[{"href":"https:\/\/www.lassebacklund.fi\/index.php?rest_route=\/wp\/v2\/pages"}],"about":[{"href":"https:\/\/www.lassebacklund.fi\/index.php?rest_route=\/wp\/v2\/types\/page"}],"author":[{"embeddable":true,"href":"https:\/\/www.lassebacklund.fi\/index.php?rest_route=\/wp\/v2\/users\/1"}],"replies":[{"embeddable":true,"href":"https:\/\/www.lassebacklund.fi\/index.php?rest_route=%2Fwp%2Fv2%2Fcomments&post=5425"}],"version-history":[{"count":7,"href":"https:\/\/www.lassebacklund.fi\/index.php?rest_route=\/wp\/v2\/pages\/5425\/revisions"}],"predecessor-version":[{"id":5456,"href":"https:\/\/www.lassebacklund.fi\/index.php?rest_route=\/wp\/v2\/pages\/5425\/revisions\/5456"}],"up":[{"embeddable":true,"href":"https:\/\/www.lassebacklund.fi\/index.php?rest_route=\/wp\/v2\/pages\/4555"}],"wp:attachment":[{"href":"https:\/\/www.lassebacklund.fi\/index.php?rest_route=%2Fwp%2Fv2%2Fmedia&parent=5425"}],"curies":[{"name":"wp","href":"https:\/\/api.w.org\/{rel}","templated":true}]}}