{"id":5367,"date":"2017-07-29T19:09:00","date_gmt":"2017-07-29T17:09:00","guid":{"rendered":"http:\/\/www.lassebacklund.fi\/?page_id=5367"},"modified":"2022-01-03T21:40:44","modified_gmt":"2022-01-03T19:40:44","slug":"lantbruksutstallningen-1938","status":"publish","type":"page","link":"https:\/\/www.lassebacklund.fi\/?page_id=5367","title":{"rendered":"Lantbruksutst\u00e4llningen 1938."},"content":{"rendered":"<p>P\u00e5 sommaren 1938 anordnade Lantmannagillet i Lappfj\u00e4rd en st\u00f6rre lantbruksutst\u00e4llning p\u00e5 sportplanen bakom ungdomslokalen, 40 \u00e5r efter att gillet hade grundats. Selim Bj\u00f6rses var en av huvudarrang\u00f6rerna men han hade ocks\u00e5 kameran med, s\u00e5 att vi nu kan\u00a0ta del av den.<\/p>\n<figure id=\"attachment_5366\" aria-describedby=\"caption-attachment-5366\" style=\"width: 493px\" class=\"wp-caption aligncenter\"><img loading=\"lazy\" decoding=\"async\" class=\" wp-image-5366\" src=\"http:\/\/www.lassebacklund.fi\/wp-content\/uploads\/2017\/07\/P\u00e5lning.jpg\" alt=\"Med rej\u00e4la klubbor slogs p\u00e5larna till djurstallet ned i marken.\" width=\"493\" height=\"760\" srcset=\"https:\/\/www.lassebacklund.fi\/wp-content\/uploads\/2017\/07\/P\u00e5lning.jpg 627w, https:\/\/www.lassebacklund.fi\/wp-content\/uploads\/2017\/07\/P\u00e5lning-195x300.jpg 195w\" sizes=\"auto, (max-width: 493px) 100vw, 493px\" \/><figcaption id=\"caption-attachment-5366\" class=\"wp-caption-text\">Med rej\u00e4la klubbor slogs p\u00e5larna till djurstallet ned i marken.<\/figcaption><\/figure>\n<figure id=\"attachment_5353\" aria-describedby=\"caption-attachment-5353\" style=\"width: 1186px\" class=\"wp-caption aligncenter\"><img loading=\"lazy\" decoding=\"async\" class=\"size-full wp-image-5353\" src=\"http:\/\/www.lassebacklund.fi\/wp-content\/uploads\/2017\/07\/ota295_foto_0360.jpg\" alt=\"Det var m\u00e5nga tillf\u00e4lliga byggnader som skulle uppf\u00f6ras p\u00e5 sportplanen, mannen med papyrossen \u00e4r Selim Rosenberg.\" width=\"1186\" height=\"763\" srcset=\"https:\/\/www.lassebacklund.fi\/wp-content\/uploads\/2017\/07\/ota295_foto_0360.jpg 1186w, https:\/\/www.lassebacklund.fi\/wp-content\/uploads\/2017\/07\/ota295_foto_0360-300x193.jpg 300w, https:\/\/www.lassebacklund.fi\/wp-content\/uploads\/2017\/07\/ota295_foto_0360-768x494.jpg 768w, https:\/\/www.lassebacklund.fi\/wp-content\/uploads\/2017\/07\/ota295_foto_0360-1024x659.jpg 1024w\" sizes=\"auto, (max-width: 1186px) 100vw, 1186px\" \/><figcaption id=\"caption-attachment-5353\" class=\"wp-caption-text\">Det var m\u00e5nga tillf\u00e4lliga byggnader som skulle uppf\u00f6ras p\u00e5 sportplanen, mannen med papyrossen \u00e4r Selim Rosenberg.<\/figcaption><\/figure>\n<figure id=\"attachment_5362\" aria-describedby=\"caption-attachment-5362\" style=\"width: 1188px\" class=\"wp-caption aligncenter\"><img loading=\"lazy\" decoding=\"async\" class=\"size-full wp-image-5362\" src=\"http:\/\/www.lassebacklund.fi\/wp-content\/uploads\/2017\/07\/ota295_foto_0369.jpg\" alt=\"H\u00e4r anl\u00e4nder tr\u00f6skverken till utst\u00e4llningsomr\u00e5det p\u00e5 sportplanen.\" width=\"1188\" height=\"631\" srcset=\"https:\/\/www.lassebacklund.fi\/wp-content\/uploads\/2017\/07\/ota295_foto_0369.jpg 1188w, https:\/\/www.lassebacklund.fi\/wp-content\/uploads\/2017\/07\/ota295_foto_0369-300x159.jpg 300w, https:\/\/www.lassebacklund.fi\/wp-content\/uploads\/2017\/07\/ota295_foto_0369-768x408.jpg 768w, https:\/\/www.lassebacklund.fi\/wp-content\/uploads\/2017\/07\/ota295_foto_0369-1024x544.jpg 1024w\" sizes=\"auto, (max-width: 1188px) 100vw, 1188px\" \/><figcaption id=\"caption-attachment-5362\" class=\"wp-caption-text\">H\u00e4r anl\u00e4nder tr\u00f6skverken till utst\u00e4llningsomr\u00e5det p\u00e5 sportplanen.<\/figcaption><\/figure>\n<figure id=\"attachment_5361\" aria-describedby=\"caption-attachment-5361\" style=\"width: 1183px\" class=\"wp-caption aligncenter\"><img loading=\"lazy\" decoding=\"async\" class=\"size-full wp-image-5361\" src=\"http:\/\/www.lassebacklund.fi\/wp-content\/uploads\/2017\/07\/ota295_foto_0368.jpg\" alt=\"Frans \u00c5n\u00e4s dirigerar lastbilarna med tr\u00f6skverken till sina platser, medan sm\u00e5pojkarna st\u00e5r och ser p\u00e5 hur det skall lyckas.\" width=\"1183\" height=\"720\" srcset=\"https:\/\/www.lassebacklund.fi\/wp-content\/uploads\/2017\/07\/ota295_foto_0368.jpg 1183w, https:\/\/www.lassebacklund.fi\/wp-content\/uploads\/2017\/07\/ota295_foto_0368-300x183.jpg 300w, https:\/\/www.lassebacklund.fi\/wp-content\/uploads\/2017\/07\/ota295_foto_0368-768x467.jpg 768w, https:\/\/www.lassebacklund.fi\/wp-content\/uploads\/2017\/07\/ota295_foto_0368-1024x623.jpg 1024w\" sizes=\"auto, (max-width: 1183px) 100vw, 1183px\" \/><figcaption id=\"caption-attachment-5361\" class=\"wp-caption-text\">Frans \u00c5n\u00e4s dirigerar lastbilarna med tr\u00f6skverken till sina platser, medan sm\u00e5pojkarna st\u00e5r och ser p\u00e5 hur det skall lyckas.<\/figcaption><\/figure>\n<figure id=\"attachment_5365\" aria-describedby=\"caption-attachment-5365\" style=\"width: 1443px\" class=\"wp-caption aligncenter\"><img loading=\"lazy\" decoding=\"async\" class=\"size-full wp-image-5365\" src=\"http:\/\/www.lassebacklund.fi\/wp-content\/uploads\/2017\/07\/Alfred-Solfvin-p\u00e5-Lantbruksutst\u00e4llning-38-Selim-Bj\u00f6rses-foto.jpg\" alt=\"Alfred Solfvin \u00e4r med och ser p\u00e5 d\u00e5 maskinerna lossas p\u00e5 sportplanen.\" width=\"1443\" height=\"978\" srcset=\"https:\/\/www.lassebacklund.fi\/wp-content\/uploads\/2017\/07\/Alfred-Solfvin-p\u00e5-Lantbruksutst\u00e4llning-38-Selim-Bj\u00f6rses-foto.jpg 1443w, https:\/\/www.lassebacklund.fi\/wp-content\/uploads\/2017\/07\/Alfred-Solfvin-p\u00e5-Lantbruksutst\u00e4llning-38-Selim-Bj\u00f6rses-foto-300x203.jpg 300w, https:\/\/www.lassebacklund.fi\/wp-content\/uploads\/2017\/07\/Alfred-Solfvin-p\u00e5-Lantbruksutst\u00e4llning-38-Selim-Bj\u00f6rses-foto-768x521.jpg 768w, https:\/\/www.lassebacklund.fi\/wp-content\/uploads\/2017\/07\/Alfred-Solfvin-p\u00e5-Lantbruksutst\u00e4llning-38-Selim-Bj\u00f6rses-foto-1024x694.jpg 1024w\" sizes=\"auto, (max-width: 1443px) 100vw, 1443px\" \/><figcaption id=\"caption-attachment-5365\" class=\"wp-caption-text\">Alfred Solfvin \u00e4r med och ser p\u00e5 d\u00e5 maskinerna lossas p\u00e5 sportplanen.<\/figcaption><\/figure>\n<figure id=\"attachment_5357\" aria-describedby=\"caption-attachment-5357\" style=\"width: 1189px\" class=\"wp-caption aligncenter\"><img loading=\"lazy\" decoding=\"async\" class=\"size-full wp-image-5357\" src=\"http:\/\/www.lassebacklund.fi\/wp-content\/uploads\/2017\/07\/ota295_foto_0364.jpg\" alt=\"Hj\u00f6rdis Landg\u00e4rds ser p\u00e5 d\u00e5 matk\u00f6ken till utst\u00e4llningen lossas. Till h\u00f6ger lyfts en bordskiva p\u00e5 stativet.\" width=\"1189\" height=\"753\" srcset=\"https:\/\/www.lassebacklund.fi\/wp-content\/uploads\/2017\/07\/ota295_foto_0364.jpg 1189w, https:\/\/www.lassebacklund.fi\/wp-content\/uploads\/2017\/07\/ota295_foto_0364-300x190.jpg 300w, https:\/\/www.lassebacklund.fi\/wp-content\/uploads\/2017\/07\/ota295_foto_0364-768x486.jpg 768w, https:\/\/www.lassebacklund.fi\/wp-content\/uploads\/2017\/07\/ota295_foto_0364-1024x649.jpg 1024w\" sizes=\"auto, (max-width: 1189px) 100vw, 1189px\" \/><figcaption id=\"caption-attachment-5357\" class=\"wp-caption-text\">Hj\u00f6rdis Landg\u00e4rds ser p\u00e5 d\u00e5 matk\u00f6ken till utst\u00e4llningen lossas. Till h\u00f6ger lyfts en bordskiva p\u00e5 stativet.<\/figcaption><\/figure>\n<figure id=\"attachment_5360\" aria-describedby=\"caption-attachment-5360\" style=\"width: 1176px\" class=\"wp-caption aligncenter\"><img loading=\"lazy\" decoding=\"async\" class=\"size-full wp-image-5360\" src=\"http:\/\/www.lassebacklund.fi\/wp-content\/uploads\/2017\/07\/ota295_foto_0367.jpg\" alt=\"Nu \u00e4r det bara en timme kvar tills utst\u00e4llningen skall \u00f6ppna och Justus Tr\u00e4skvik, Emil P\u00e4rus och Konrad Kronman kontrollerar att h\u00f6gtalaranl\u00e4ggningen fungerar.\" width=\"1176\" height=\"769\" srcset=\"https:\/\/www.lassebacklund.fi\/wp-content\/uploads\/2017\/07\/ota295_foto_0367.jpg 1176w, https:\/\/www.lassebacklund.fi\/wp-content\/uploads\/2017\/07\/ota295_foto_0367-300x196.jpg 300w, https:\/\/www.lassebacklund.fi\/wp-content\/uploads\/2017\/07\/ota295_foto_0367-768x502.jpg 768w, https:\/\/www.lassebacklund.fi\/wp-content\/uploads\/2017\/07\/ota295_foto_0367-1024x670.jpg 1024w\" sizes=\"auto, (max-width: 1176px) 100vw, 1176px\" \/><figcaption id=\"caption-attachment-5360\" class=\"wp-caption-text\">Nu \u00e4r det bara en timme kvar tills utst\u00e4llningen skall \u00f6ppna och Justus Tr\u00e4skvik, Emil P\u00e4rus och Konrad Kronman kontrollerar att h\u00f6gtalaranl\u00e4ggningen fungerar.<\/figcaption><\/figure>\n<figure id=\"attachment_5358\" aria-describedby=\"caption-attachment-5358\" style=\"width: 1185px\" class=\"wp-caption aligncenter\"><img loading=\"lazy\" decoding=\"async\" class=\"size-full wp-image-5358\" src=\"http:\/\/www.lassebacklund.fi\/wp-content\/uploads\/2017\/07\/ota295_foto_0365.jpg\" alt=\"Utst\u00e4llningsomr\u00e5det p\u00e5 sportplanen bakom ungdomslokalen \u00e4r klar att ta emot bes\u00f6karna.\" width=\"1185\" height=\"585\" srcset=\"https:\/\/www.lassebacklund.fi\/wp-content\/uploads\/2017\/07\/ota295_foto_0365.jpg 1185w, https:\/\/www.lassebacklund.fi\/wp-content\/uploads\/2017\/07\/ota295_foto_0365-300x148.jpg 300w, https:\/\/www.lassebacklund.fi\/wp-content\/uploads\/2017\/07\/ota295_foto_0365-768x379.jpg 768w, https:\/\/www.lassebacklund.fi\/wp-content\/uploads\/2017\/07\/ota295_foto_0365-1024x506.jpg 1024w\" sizes=\"auto, (max-width: 1185px) 100vw, 1185px\" \/><figcaption id=\"caption-attachment-5358\" class=\"wp-caption-text\">Utst\u00e4llningsomr\u00e5det p\u00e5 sportplanen bakom ungdomslokalen \u00e4r klar att ta emot bes\u00f6karna.<\/figcaption><\/figure>\n<figure id=\"attachment_5369\" aria-describedby=\"caption-attachment-5369\" style=\"width: 903px\" class=\"wp-caption aligncenter\"><img loading=\"lazy\" decoding=\"async\" class=\"size-full wp-image-5369\" src=\"http:\/\/www.lassebacklund.fi\/wp-content\/uploads\/2017\/07\/Biljetter.jpg\" alt=\"Biljettf\u00f6rs\u00e4ljarna Hulda Klockars och Hulda Blomberg \u00e4r klara att ta emot g\u00e4sterna.\" width=\"903\" height=\"616\" srcset=\"https:\/\/www.lassebacklund.fi\/wp-content\/uploads\/2017\/07\/Biljetter.jpg 903w, https:\/\/www.lassebacklund.fi\/wp-content\/uploads\/2017\/07\/Biljetter-300x205.jpg 300w, https:\/\/www.lassebacklund.fi\/wp-content\/uploads\/2017\/07\/Biljetter-768x524.jpg 768w\" sizes=\"auto, (max-width: 903px) 100vw, 903px\" \/><figcaption id=\"caption-attachment-5369\" class=\"wp-caption-text\">Biljettf\u00f6rs\u00e4ljarna Hulda Klockars och Hulda Blomberg \u00e4r klara att ta emot g\u00e4sterna.<\/figcaption><\/figure>\n<figure id=\"attachment_5355\" aria-describedby=\"caption-attachment-5355\" style=\"width: 1167px\" class=\"wp-caption aligncenter\"><img loading=\"lazy\" decoding=\"async\" class=\"size-full wp-image-5355\" src=\"http:\/\/www.lassebacklund.fi\/wp-content\/uploads\/2017\/07\/ota295_foto_0362.jpg\" alt=\"Nils Molander h\u00e5ller \u00f6ppningstalet, d\u00e5 utst\u00e4llningen \u00f6ppnades. Notera h\u00f6gtalaren till v\u00e4nster.\" width=\"1167\" height=\"615\" srcset=\"https:\/\/www.lassebacklund.fi\/wp-content\/uploads\/2017\/07\/ota295_foto_0362.jpg 1167w, https:\/\/www.lassebacklund.fi\/wp-content\/uploads\/2017\/07\/ota295_foto_0362-300x158.jpg 300w, https:\/\/www.lassebacklund.fi\/wp-content\/uploads\/2017\/07\/ota295_foto_0362-768x405.jpg 768w, https:\/\/www.lassebacklund.fi\/wp-content\/uploads\/2017\/07\/ota295_foto_0362-1024x540.jpg 1024w\" sizes=\"auto, (max-width: 1167px) 100vw, 1167px\" \/><figcaption id=\"caption-attachment-5355\" class=\"wp-caption-text\">Nils Molander h\u00e5ller \u00f6ppningstalet, d\u00e5 utst\u00e4llningen \u00f6ppnades. Notera h\u00f6gtalaren till v\u00e4nster.<\/figcaption><\/figure>\n<figure id=\"attachment_5363\" aria-describedby=\"caption-attachment-5363\" style=\"width: 1179px\" class=\"wp-caption aligncenter\"><img loading=\"lazy\" decoding=\"async\" class=\"size-full wp-image-5363\" src=\"http:\/\/www.lassebacklund.fi\/wp-content\/uploads\/2017\/07\/ota295_foto_0370.jpg\" alt=\"Lantbruksklubben hade en egen avdelning, med \u00f6versk\u00e5dlig statistik \u00f6ver utvecklingen sedan starten 1929. P\u00e5 borden prover p\u00e5 olika produkter.\" width=\"1179\" height=\"759\" srcset=\"https:\/\/www.lassebacklund.fi\/wp-content\/uploads\/2017\/07\/ota295_foto_0370.jpg 1179w, https:\/\/www.lassebacklund.fi\/wp-content\/uploads\/2017\/07\/ota295_foto_0370-300x193.jpg 300w, https:\/\/www.lassebacklund.fi\/wp-content\/uploads\/2017\/07\/ota295_foto_0370-768x494.jpg 768w, https:\/\/www.lassebacklund.fi\/wp-content\/uploads\/2017\/07\/ota295_foto_0370-1024x659.jpg 1024w\" sizes=\"auto, (max-width: 1179px) 100vw, 1179px\" \/><figcaption id=\"caption-attachment-5363\" class=\"wp-caption-text\">Lantbruksklubben hade en egen avdelning, med \u00f6versk\u00e5dlig statistik \u00f6ver utvecklingen sedan starten 1929. P\u00e5 borden prover p\u00e5 olika produkter.<\/figcaption><\/figure>\n<figure id=\"attachment_5370\" aria-describedby=\"caption-attachment-5370\" style=\"width: 954px\" class=\"wp-caption aligncenter\"><img loading=\"lazy\" decoding=\"async\" class=\"size-full wp-image-5370\" src=\"http:\/\/www.lassebacklund.fi\/wp-content\/uploads\/2017\/07\/K\u00f6ket.jpg\" alt=\"Utek\u00f6ket d\u00e4r maten tillreddes hade en egen avdelning, d\u00e4r \u00e5ngorna steg fr\u00e5n grytorna mot himlen.\" width=\"954\" height=\"598\" srcset=\"https:\/\/www.lassebacklund.fi\/wp-content\/uploads\/2017\/07\/K\u00f6ket.jpg 954w, https:\/\/www.lassebacklund.fi\/wp-content\/uploads\/2017\/07\/K\u00f6ket-300x188.jpg 300w, https:\/\/www.lassebacklund.fi\/wp-content\/uploads\/2017\/07\/K\u00f6ket-768x481.jpg 768w\" sizes=\"auto, (max-width: 954px) 100vw, 954px\" \/><figcaption id=\"caption-attachment-5370\" class=\"wp-caption-text\">Utek\u00f6ket d\u00e4r maten tillreddes hade en egen avdelning, d\u00e4r \u00e5ngorna steg fr\u00e5n grytorna mot himlen.<\/figcaption><\/figure>\n<figure id=\"attachment_5364\" aria-describedby=\"caption-attachment-5364\" style=\"width: 939px\" class=\"wp-caption aligncenter\"><img loading=\"lazy\" decoding=\"async\" class=\"size-full wp-image-5364\" src=\"http:\/\/www.lassebacklund.fi\/wp-content\/uploads\/2017\/07\/Tv\u00e5-damer.jpg\" alt=\"Anna Ulfves till v\u00e4nster och Hj\u00f6rdis Ingves tar f\u00f6r sig av soppan som serverades p\u00e5 utst\u00e4llningen.\" width=\"939\" height=\"607\" srcset=\"https:\/\/www.lassebacklund.fi\/wp-content\/uploads\/2017\/07\/Tv\u00e5-damer.jpg 939w, https:\/\/www.lassebacklund.fi\/wp-content\/uploads\/2017\/07\/Tv\u00e5-damer-300x194.jpg 300w, https:\/\/www.lassebacklund.fi\/wp-content\/uploads\/2017\/07\/Tv\u00e5-damer-768x496.jpg 768w\" sizes=\"auto, (max-width: 939px) 100vw, 939px\" \/><figcaption id=\"caption-attachment-5364\" class=\"wp-caption-text\">Anna Ulfves till v\u00e4nster och Hj\u00f6rdis Ingves tar f\u00f6r sig av soppan som serverades p\u00e5 utst\u00e4llningen.<\/figcaption><\/figure>\n<figure id=\"attachment_5359\" aria-describedby=\"caption-attachment-5359\" style=\"width: 1176px\" class=\"wp-caption aligncenter\"><img loading=\"lazy\" decoding=\"async\" class=\"size-full wp-image-5359\" src=\"http:\/\/www.lassebacklund.fi\/wp-content\/uploads\/2017\/07\/ota295_foto_0366.jpg\" alt=\"Publiken bekantar sig med djuren, medan kvinnan med en tidstypisk handk\u00e4rra transporterar allehanda varor.\" width=\"1176\" height=\"761\" srcset=\"https:\/\/www.lassebacklund.fi\/wp-content\/uploads\/2017\/07\/ota295_foto_0366.jpg 1176w, https:\/\/www.lassebacklund.fi\/wp-content\/uploads\/2017\/07\/ota295_foto_0366-300x194.jpg 300w, https:\/\/www.lassebacklund.fi\/wp-content\/uploads\/2017\/07\/ota295_foto_0366-768x497.jpg 768w, https:\/\/www.lassebacklund.fi\/wp-content\/uploads\/2017\/07\/ota295_foto_0366-1024x663.jpg 1024w\" sizes=\"auto, (max-width: 1176px) 100vw, 1176px\" \/><figcaption id=\"caption-attachment-5359\" class=\"wp-caption-text\">Publiken bekantar sig med djuren, medan kvinnan med en tidstypisk handk\u00e4rra transporterar allehanda varor.<\/figcaption><\/figure>\n<figure id=\"attachment_5356\" aria-describedby=\"caption-attachment-5356\" style=\"width: 1183px\" class=\"wp-caption aligncenter\"><img loading=\"lazy\" decoding=\"async\" class=\"size-full wp-image-5356\" src=\"http:\/\/www.lassebacklund.fi\/wp-content\/uploads\/2017\/07\/ota295_foto_0363.jpg\" alt=\"Vaasan Autola var med och visade upp de moderna j\u00e4rnh\u00e4starna, som snart skulle ta \u00f6ver h\u00e4starnas tunga arbeten. \" width=\"1183\" height=\"704\" srcset=\"https:\/\/www.lassebacklund.fi\/wp-content\/uploads\/2017\/07\/ota295_foto_0363.jpg 1183w, https:\/\/www.lassebacklund.fi\/wp-content\/uploads\/2017\/07\/ota295_foto_0363-300x179.jpg 300w, https:\/\/www.lassebacklund.fi\/wp-content\/uploads\/2017\/07\/ota295_foto_0363-768x457.jpg 768w, https:\/\/www.lassebacklund.fi\/wp-content\/uploads\/2017\/07\/ota295_foto_0363-1024x609.jpg 1024w\" sizes=\"auto, (max-width: 1183px) 100vw, 1183px\" \/><figcaption id=\"caption-attachment-5356\" class=\"wp-caption-text\">Vaasan Autola var med och visade upp de moderna j\u00e4rnh\u00e4starna, som snart skulle ta \u00f6ver h\u00e4starnas tunga arbeten.<\/figcaption><\/figure>\n<figure id=\"attachment_5354\" aria-describedby=\"caption-attachment-5354\" style=\"width: 1190px\" class=\"wp-caption aligncenter\"><img loading=\"lazy\" decoding=\"async\" class=\"size-full wp-image-5354\" src=\"http:\/\/www.lassebacklund.fi\/wp-content\/uploads\/2017\/07\/ota295_foto_0361.jpg\" alt=\"I det h\u00e4r t\u00e4ltet serverades det pilsner f\u00f6r 4 mark medan limonaden kostade endast 1,50,\" width=\"1190\" height=\"756\" srcset=\"https:\/\/www.lassebacklund.fi\/wp-content\/uploads\/2017\/07\/ota295_foto_0361.jpg 1190w, https:\/\/www.lassebacklund.fi\/wp-content\/uploads\/2017\/07\/ota295_foto_0361-300x191.jpg 300w, https:\/\/www.lassebacklund.fi\/wp-content\/uploads\/2017\/07\/ota295_foto_0361-768x488.jpg 768w, https:\/\/www.lassebacklund.fi\/wp-content\/uploads\/2017\/07\/ota295_foto_0361-1024x651.jpg 1024w\" sizes=\"auto, (max-width: 1190px) 100vw, 1190px\" \/><figcaption id=\"caption-attachment-5354\" class=\"wp-caption-text\">I det h\u00e4r t\u00e4ltet serverades det pilsner f\u00f6r 4 mark medan limonaden kostade endast 1,50,<\/figcaption><\/figure>\n<figure id=\"attachment_5352\" aria-describedby=\"caption-attachment-5352\" style=\"width: 1185px\" class=\"wp-caption aligncenter\"><img loading=\"lazy\" decoding=\"async\" class=\"size-full wp-image-5352\" src=\"http:\/\/www.lassebacklund.fi\/wp-content\/uploads\/2017\/07\/ota295_foto_0359.jpg\" alt=\"Maten smakar f\u00f6r Hilda Rosenstedt och Edit Agn\u00e4s till v\u00e4nster. Fr\u00e5n h\u00f6ger sitter bland annat Irene Ingves, Ellen Krokb\u00e4ck och Gerda Skogman \" width=\"1185\" height=\"767\" srcset=\"https:\/\/www.lassebacklund.fi\/wp-content\/uploads\/2017\/07\/ota295_foto_0359.jpg 1185w, https:\/\/www.lassebacklund.fi\/wp-content\/uploads\/2017\/07\/ota295_foto_0359-300x194.jpg 300w, https:\/\/www.lassebacklund.fi\/wp-content\/uploads\/2017\/07\/ota295_foto_0359-768x497.jpg 768w, https:\/\/www.lassebacklund.fi\/wp-content\/uploads\/2017\/07\/ota295_foto_0359-1024x663.jpg 1024w\" sizes=\"auto, (max-width: 1185px) 100vw, 1185px\" \/><figcaption id=\"caption-attachment-5352\" class=\"wp-caption-text\">Maten smakar f\u00f6r Hilda Rosenstedt och Edit Agn\u00e4s till v\u00e4nster. Fr\u00e5n h\u00f6ger sitter bland annat Irene Ingves, Ellen Krokb\u00e4ck och Gerda Skogman<\/figcaption><\/figure>\n<figure id=\"attachment_5350\" aria-describedby=\"caption-attachment-5350\" style=\"width: 1186px\" class=\"wp-caption aligncenter\"><img loading=\"lazy\" decoding=\"async\" class=\"size-full wp-image-5350\" src=\"http:\/\/www.lassebacklund.fi\/wp-content\/uploads\/2017\/07\/ota295_foto_0351.jpg\" alt=\"H\u00e4r \u00e4r det demonstration av cikoria, tv\u00e4ttningsmaskin och sk\u00e4rningsapparat.\" width=\"1186\" height=\"762\" srcset=\"https:\/\/www.lassebacklund.fi\/wp-content\/uploads\/2017\/07\/ota295_foto_0351.jpg 1186w, https:\/\/www.lassebacklund.fi\/wp-content\/uploads\/2017\/07\/ota295_foto_0351-300x193.jpg 300w, https:\/\/www.lassebacklund.fi\/wp-content\/uploads\/2017\/07\/ota295_foto_0351-768x493.jpg 768w, https:\/\/www.lassebacklund.fi\/wp-content\/uploads\/2017\/07\/ota295_foto_0351-1024x658.jpg 1024w\" sizes=\"auto, (max-width: 1186px) 100vw, 1186px\" \/><figcaption id=\"caption-attachment-5350\" class=\"wp-caption-text\">H\u00e4r \u00e4r det demonstration av cikoria, tv\u00e4ttningsmaskin och sk\u00e4rningsapparat.<\/figcaption><\/figure>\n<figure id=\"attachment_5348\" aria-describedby=\"caption-attachment-5348\" style=\"width: 1175px\" class=\"wp-caption aligncenter\"><img loading=\"lazy\" decoding=\"async\" class=\"size-full wp-image-5348\" src=\"http:\/\/www.lassebacklund.fi\/wp-content\/uploads\/2017\/07\/ota295_foto_0345.jpg\" alt=\"Fina stamboksh\u00e4star visades ocks\u00e5 upp p\u00e5 utst\u00e4llningen.\" width=\"1175\" height=\"730\" srcset=\"https:\/\/www.lassebacklund.fi\/wp-content\/uploads\/2017\/07\/ota295_foto_0345.jpg 1175w, https:\/\/www.lassebacklund.fi\/wp-content\/uploads\/2017\/07\/ota295_foto_0345-300x186.jpg 300w, https:\/\/www.lassebacklund.fi\/wp-content\/uploads\/2017\/07\/ota295_foto_0345-768x477.jpg 768w, https:\/\/www.lassebacklund.fi\/wp-content\/uploads\/2017\/07\/ota295_foto_0345-1024x636.jpg 1024w\" sizes=\"auto, (max-width: 1175px) 100vw, 1175px\" \/><figcaption id=\"caption-attachment-5348\" class=\"wp-caption-text\">Fina stamboksh\u00e4star visades ocks\u00e5 upp p\u00e5 utst\u00e4llningen.<\/figcaption><\/figure>\n<figure id=\"attachment_5347\" aria-describedby=\"caption-attachment-5347\" style=\"width: 946px\" class=\"wp-caption aligncenter\"><img loading=\"lazy\" decoding=\"async\" class=\"size-full wp-image-5347\" src=\"http:\/\/www.lassebacklund.fi\/wp-content\/uploads\/2017\/07\/L\u00e5ngbord.jpg\" alt=\"Hj\u00e4lpredorna kan pusta ut d\u00e5 utst\u00e4llningen \u00e4r \u00f6ver, tredje fr\u00e5n v\u00e4nster \u00e4r Svea \u00c5djers, sedan Elin Gullmes, ok\u00e4nd, Ingrid Mannfolk, Linnea D\u00e5hli och Irene Ingves.\" width=\"946\" height=\"602\" srcset=\"https:\/\/www.lassebacklund.fi\/wp-content\/uploads\/2017\/07\/L\u00e5ngbord.jpg 946w, https:\/\/www.lassebacklund.fi\/wp-content\/uploads\/2017\/07\/L\u00e5ngbord-300x191.jpg 300w, https:\/\/www.lassebacklund.fi\/wp-content\/uploads\/2017\/07\/L\u00e5ngbord-768x489.jpg 768w\" sizes=\"auto, (max-width: 946px) 100vw, 946px\" \/><figcaption id=\"caption-attachment-5347\" class=\"wp-caption-text\">Hj\u00e4lpredorna kan pusta ut d\u00e5 utst\u00e4llningen \u00e4r \u00f6ver, tredje fr\u00e5n v\u00e4nster \u00e4r Svea \u00c5djers, sedan Elin Gullmes, ok\u00e4nd, Ingrid Mannfolk, Linnea D\u00e5hli och Irene Ingves.<\/figcaption><\/figure>\n<figure id=\"attachment_5349\" aria-describedby=\"caption-attachment-5349\" style=\"width: 1181px\" class=\"wp-caption aligncenter\"><img loading=\"lazy\" decoding=\"async\" class=\"size-full wp-image-5349\" src=\"http:\/\/www.lassebacklund.fi\/wp-content\/uploads\/2017\/07\/ota295_foto_0346.jpg\" alt=\"Arrang\u00f6ren hade garderat sig med en f\u00f6rs\u00e4kring i h\u00e4ndelse av regn. Vid middagstid p\u00e5 s\u00f6ndagen st\u00f6rtregnade det, vilket ledde till ett publikbortfall men som i detta fall ersattes av f\u00f6rs\u00e4kringen. H\u00e4r granskas regnm\u00e4taren efter utst\u00e4llningen.\" width=\"1181\" height=\"722\" srcset=\"https:\/\/www.lassebacklund.fi\/wp-content\/uploads\/2017\/07\/ota295_foto_0346.jpg 1181w, https:\/\/www.lassebacklund.fi\/wp-content\/uploads\/2017\/07\/ota295_foto_0346-300x183.jpg 300w, https:\/\/www.lassebacklund.fi\/wp-content\/uploads\/2017\/07\/ota295_foto_0346-768x470.jpg 768w, https:\/\/www.lassebacklund.fi\/wp-content\/uploads\/2017\/07\/ota295_foto_0346-1024x626.jpg 1024w\" sizes=\"auto, (max-width: 1181px) 100vw, 1181px\" \/><figcaption id=\"caption-attachment-5349\" class=\"wp-caption-text\">Arrang\u00f6ren hade garderat sig med en f\u00f6rs\u00e4kring i h\u00e4ndelse av regn. Vid middagstid p\u00e5 s\u00f6ndagen st\u00f6rtregnade det, vilket ledde till ett publikbortfall men inte heller s\u00e5 mycket att f\u00f6rs\u00e4kringen skulle ha fallit ut. H\u00e4r granskas regnm\u00e4taren efter utst\u00e4llningen.<\/figcaption><\/figure>\n","protected":false},"excerpt":{"rendered":"<p>P\u00e5 sommaren 1938 anordnade Lantmannagillet i Lappfj\u00e4rd en st\u00f6rre lantbruksutst\u00e4llning p\u00e5 sportplanen bakom ungdomslokalen, 40 \u00e5r efter att gillet hade grundats. Selim Bj\u00f6rses var en av huvudarrang\u00f6rerna men han hade ocks\u00e5 kameran med, s\u00e5 att vi nu kan\u00a0ta del av <a class=\"more-link\" href=\"https:\/\/www.lassebacklund.fi\/?page_id=5367\">Forts\u00e4tt l\u00e4sa <span class=\"screen-reader-text\">  Lantbruksutst\u00e4llningen 1938.<\/span><span class=\"meta-nav\">&rarr;<\/span><\/a><\/p>\n","protected":false},"author":1,"featured_media":0,"parent":4555,"menu_order":1,"comment_status":"closed","ping_status":"closed","template":"","meta":{"footnotes":""},"class_list":["post-5367","page","type-page","status-publish","hentry"],"_links":{"self":[{"href":"https:\/\/www.lassebacklund.fi\/index.php?rest_route=\/wp\/v2\/pages\/5367","targetHints":{"allow":["GET"]}}],"collection":[{"href":"https:\/\/www.lassebacklund.fi\/index.php?rest_route=\/wp\/v2\/pages"}],"about":[{"href":"https:\/\/www.lassebacklund.fi\/index.php?rest_route=\/wp\/v2\/types\/page"}],"author":[{"embeddable":true,"href":"https:\/\/www.lassebacklund.fi\/index.php?rest_route=\/wp\/v2\/users\/1"}],"replies":[{"embeddable":true,"href":"https:\/\/www.lassebacklund.fi\/index.php?rest_route=%2Fwp%2Fv2%2Fcomments&post=5367"}],"version-history":[{"count":5,"href":"https:\/\/www.lassebacklund.fi\/index.php?rest_route=\/wp\/v2\/pages\/5367\/revisions"}],"predecessor-version":[{"id":5449,"href":"https:\/\/www.lassebacklund.fi\/index.php?rest_route=\/wp\/v2\/pages\/5367\/revisions\/5449"}],"up":[{"embeddable":true,"href":"https:\/\/www.lassebacklund.fi\/index.php?rest_route=\/wp\/v2\/pages\/4555"}],"wp:attachment":[{"href":"https:\/\/www.lassebacklund.fi\/index.php?rest_route=%2Fwp%2Fv2%2Fmedia&parent=5367"}],"curies":[{"name":"wp","href":"https:\/\/api.w.org\/{rel}","templated":true}]}}