{"id":528,"date":"2016-09-14T20:36:40","date_gmt":"2016-09-14T18:36:40","guid":{"rendered":"http:\/\/www.lassebacklund.fi\/?page_id=528"},"modified":"2025-10-17T08:15:12","modified_gmt":"2025-10-17T05:15:12","slug":"bask-erlands-gard-pa-dagsmarkvagen-350","status":"publish","type":"page","link":"https:\/\/www.lassebacklund.fi\/?page_id=528","title":{"rendered":"B\u00e5sk Erlands g\u00e5rd p\u00e5 Dagsmarkv\u00e4gen 350"},"content":{"rendered":"<figure id=\"attachment_521\" aria-describedby=\"caption-attachment-521\" style=\"width: 1306px\" class=\"wp-caption aligncenter\"><img loading=\"lazy\" decoding=\"async\" class=\"size-full wp-image-521\" src=\"http:\/\/www.lassebacklund.fi\/wp-content\/uploads\/2016\/09\/1-5.jpg\" alt=\"H\u00e4r Erland B\u00e5sk stora bondg\u00e5rd i Kiaskroken. \" width=\"1306\" height=\"792\" srcset=\"https:\/\/www.lassebacklund.fi\/wp-content\/uploads\/2016\/09\/1-5.jpg 1306w, https:\/\/www.lassebacklund.fi\/wp-content\/uploads\/2016\/09\/1-5-300x182.jpg 300w, https:\/\/www.lassebacklund.fi\/wp-content\/uploads\/2016\/09\/1-5-768x466.jpg 768w, https:\/\/www.lassebacklund.fi\/wp-content\/uploads\/2016\/09\/1-5-1024x621.jpg 1024w\" sizes=\"auto, (max-width: 1306px) 100vw, 1306px\" \/><figcaption id=\"caption-attachment-521\" class=\"wp-caption-text\">Erland B\u00e5sks stora bondg\u00e5rd i Kiaskroken.<\/figcaption><\/figure>\n<p><strong><span style=\"color: #000080;\">Sammanst\u00e4llt av Lasse Backlund 2015, med hj\u00e4lp av Bengt Holmberg. <\/span><span style=\"color: #000080;\">L\u00e4ngst ner hittar du Edlas och Malakias sl\u00e4ktutredning.<\/span><\/strong><\/p>\n<p>Den h\u00e4r gamla g\u00e5rden stod i tiderna i Kias kroken eller i Gr\u00f6ndahlas kroken som den ocks\u00e5 kallades och den byggdes troligen av Malakias B\u00e5sk (1843-1919) och Edla (1850-1923). Den revs i b\u00f6rjan av 1970-talet och den skulle i dag ha st\u00e5tt mitt p\u00e5 landsv\u00e4gen, som byggdes om p\u00e5 80-talet. S\u00e5 l\u00e4nge g\u00e5rden fanns till gick landsv\u00e4gen i en tv\u00e4r kr\u00f6k runt g\u00e5rden och sikten var d\u00e5lig, vilket gjorde att Kias kroken var mycket trafikfarlig. N\u00e5gra sv\u00e5rare olyckor \u00e4r inte k\u00e4nda men flera utk\u00f6rningar har skett. Vill du l\u00e4sa om en olycka 1936, s\u00e5 klicka <a href=\"http:\/\/www.lassebacklund.fi\/?page_id=3925\"><span style=\"color: #000080; text-decoration: underline;\"><strong>H\u00c4R!<\/strong><\/span><\/a><\/p>\n<p>G\u00e5rden stod p\u00e5 Rosendal hemman, som i tiderna var ett av de st\u00f6rre hemmanen i Dagsmark. I samband med storskiftet samlades \u00e4gorna runt g\u00e5rden och i Stor\u00e5krin ner mot \u00e5n. Utskiften fanns nere i Ragnarsvik men i \u00f6vrigt var det stora hemmanet nu v\u00e4l samlat i ett par omr\u00e5den.<\/p>\n<figure id=\"attachment_522\" aria-describedby=\"caption-attachment-522\" style=\"width: 478px\" class=\"wp-caption alignnone\"><img loading=\"lazy\" decoding=\"async\" class=\" wp-image-522\" src=\"http:\/\/www.lassebacklund.fi\/wp-content\/uploads\/2016\/09\/2-6.jpg\" alt=\"H\u00e4r p\u00e5 bilden sitter Malakias och hans hustru Edla hos fotografen Ina Roos i Kristinestad. Malakias som i dagligt tal kallades f\u00f6r Kia fick allts\u00e5 ge namn \u00e5t kroken p\u00e5 v\u00e4gen runt hans g\u00e5rd och till och med omr\u00e5det kallas f\u00f6r Kias. \" width=\"478\" height=\"765\" srcset=\"https:\/\/www.lassebacklund.fi\/wp-content\/uploads\/2016\/09\/2-6.jpg 554w, https:\/\/www.lassebacklund.fi\/wp-content\/uploads\/2016\/09\/2-6-188x300.jpg 188w\" sizes=\"auto, (max-width: 478px) 100vw, 478px\" \/><figcaption id=\"caption-attachment-522\" class=\"wp-caption-text\">Malakias och hans hustru Edla hos fotografen Ina Roos i Kristinestad. Malakias som i dagligt tal kallades f\u00f6r Kia fick allts\u00e5 ge namn \u00e5t kroken p\u00e5 v\u00e4gen runt hans g\u00e5rd och till och med omr\u00e5det kallas f\u00f6r Kias.<\/figcaption><\/figure>\n<p><strong>\u00c5r 1872<\/strong> gifte sig Malakias med Edla och \u00e5r 1877 f\u00f6rv\u00e4rvade de 1\/32 av B\u00e5sk hemman nr 2. \u00c5r 1895 f\u00f6rv\u00e4rvade de ytterligare 1\/16 av B\u00e5sk hemman, vilket betydde att de d\u00e5 \u00e4gde totalt 3\/32 mtl.<\/p>\n<p>Delar av hemmanet s\u00e5ldes ut, bland annat s\u00e5lde Malakias<strong> \u00e5r 1890<\/strong> ett omr\u00e5de som kallades f\u00f6r B\u00f6leskiftet \u00e5t <a href=\"https:\/\/www.lassebacklund.fi\/?page_id=1626\">Ragnarsvik S\u00e5gbolag<\/a>, det h\u00e4r omr\u00e5det ligger n\u00e4ra gr\u00e4nsen till Lappfj\u00e4rd. De 10 del\u00e4garna i s\u00e5gbolaget s\u00e5lde inom n\u00e5got \u00e5r bolaget \u00e5t konsul Wendelin fr\u00e5n Kristinestad och \u00e5r 1896 k\u00f6pte denne Wendelin ytterligare ett omr\u00e5de av Malakias, som han gav namnet Liselund.<\/p>\n<p><strong>\u00c5r 1898,den 21 november<\/strong> arrenderade\u00a0 Malakias B\u00e5sk, i bolag med br\u00f6derna Viktor B\u00e5sk el. Gr\u00f6ndahl och Josef B\u00e5sk ett markomr\u00e5de vid Kl\u00e4ppforsen, p\u00e5 s\u00f6dra sidan av \u00e5n \u00e5t inhysesmannen Oskar Penttinen och dennes hustru Greta Lisa. Oskar fick r\u00e4tt att bygga en kvarn p\u00e5 omr\u00e5det och de tre s\u00e4ljarna tog \u00e5t sig r\u00e4tt att gratis f\u00e5 mala sin s\u00e4d f\u00f6r husbehov. Arrendetiden best\u00e4mdes till 50 \u00e5r och arrendatorn skall \u00e5rligen betala 35 mark i arrende.<\/p>\n<h3><strong>Dottern Ida och Erland B\u00e5sk tar \u00f6ver<\/strong><\/h3>\n<p><strong>\u00c5r 1902, den 23 april<\/strong> \u00f6verl\u00e4t Malakias och Edla B\u00e5sk hemmanet p\u00e5 3\/32 dels mtl \u00e5t sin enda dotter Ida och hennes man Erland. K\u00f6peskillingen utgjorde 1 500 mark, plus livstids sytning \u00e5t s\u00e4ljarna.<\/p>\n<p><u>Ida<\/u> Sofia B\u00e5sk (1878-1958) hade \u00e5r 1901 gift sig med Erland Str\u00f6mberg (1876-1953) som bodde i n\u00e4rheten och d\u00e5 de f\u00f6ljande \u00e5r \u00f6vertog hemmanet flyttade Malakias och Edla in i lillstugan och de bodde d\u00e4r till deras d\u00f6d. M\u00e5gen Erland som b\u00f6rjade kallas \u201dKias Erland\u201d var son till Josef Henrik Str\u00f6mberg el Finne (1831-1888), som f\u00f6rst var torpare p\u00e5 L\u00e5ng och fr\u00e5n 1867 p\u00e5 B\u00e5sk. Erlands mor hette Kajsa L\u00e5ng (f. 1835) och hon var dotter till Johan Henrik L\u00e5ng och Maria Klemets.<\/p>\n<p><strong>\u00c5r 1904, den 17 juli<\/strong> s\u00e5lde Erland och Ida B\u00e5sk 1\/36 mantal av hemmanet B\u00e5sk p\u00e5 totala 3\/32 mtl \u00e5t torparen Robert Joosepinpoika Ojanper\u00e4 fr\u00e5n B\u00f6tom. Denne Robert var sedan tidigare torpare och han bodde med sin familj p\u00e5 Kias torp, som var bel\u00e4get n\u00e4ra Kl\u00e4ppforsen p\u00e5 \u00e5ns norra sida, p\u00e5 gr\u00e4nsen mot B\u00f6tom. K\u00f6peskillingen utgjorde 3 000 mark men i k\u00f6pet ingick ingen sytning, f\u00f6rutom 4 famnar ved \u00e5rligen \u00e5t gamla \u00e4garna Malakias och Edla B\u00e5sk.<\/p>\n<p>Kias Erland var bror till Johannes Str\u00f6mberg (1857-1907), som var far till Selim Str\u00f6mberg (1901-1976) som bodde p\u00e5 <a href=\"https:\/\/www.lassebacklund.fi\/?page_id=532\">Dagsmarkv\u00e4gen 360.<\/a> Kias Erland var ocks\u00e5 bror till Josef Henrik B\u00e5sk (1854-1906) som var far till Erik Anders Broberg och till \u201dLillt-Josef\u201d Str\u00f6mberg som ju sedan blev far bland annat till Signe Holmberg och Elvi \u00d6ist.<\/p>\n<figure id=\"attachment_527\" aria-describedby=\"caption-attachment-527\" style=\"width: 1777px\" class=\"wp-caption aligncenter\"><img loading=\"lazy\" decoding=\"async\" class=\"size-full wp-image-527\" src=\"http:\/\/www.lassebacklund.fi\/wp-content\/uploads\/2016\/09\/2-nyy.jpg\" alt=\"Nere i h\u00f6gra h\u00f6rnet p\u00e5 kartan hittar vi Rosendahl hemmanet som Malakias och Edla fick sig tilldelade vid storskiftet. Hemmanet var bra placerat och \u00e4gorna l\u00e5g n\u00e4ra intill. M\u00f6jligtvis hade Malakias p\u00e5 n\u00e5got vis p\u00e5verkat lantm\u00e4tare Nilsson, f\u00f6r under l\u00e5nga tider under arbetet med storskiftet s\u00e5 bodde han just hos Malakias. Storskifteskartan fr\u00e5n Riksarkivet i Helsingfors.\" width=\"1777\" height=\"698\" srcset=\"https:\/\/www.lassebacklund.fi\/wp-content\/uploads\/2016\/09\/2-nyy.jpg 1777w, https:\/\/www.lassebacklund.fi\/wp-content\/uploads\/2016\/09\/2-nyy-300x118.jpg 300w, https:\/\/www.lassebacklund.fi\/wp-content\/uploads\/2016\/09\/2-nyy-768x302.jpg 768w, https:\/\/www.lassebacklund.fi\/wp-content\/uploads\/2016\/09\/2-nyy-1024x402.jpg 1024w\" sizes=\"auto, (max-width: 1777px) 100vw, 1777px\" \/><figcaption id=\"caption-attachment-527\" class=\"wp-caption-text\">Nere i h\u00f6gra h\u00f6rnet p\u00e5 kartan hittar vi Rosendahl hemmanet som Malakias och Edla fick sig tilldelade vid storskiftet. Hemmanet var bra placerat och \u00e4gorna l\u00e5g n\u00e4ra intill. M\u00f6jligtvis hade Malakias p\u00e5 n\u00e5got vis p\u00e5verkat lantm\u00e4tare Nilsson, f\u00f6r under l\u00e5nga tider under arbetet med storskiftet s\u00e5 bodde han just hos Malakias. Storskifteskartan fr\u00e5n Riksarkivet i Helsingfors.<\/figcaption><\/figure>\n<p>&nbsp;<\/p>\n<figure id=\"attachment_524\" aria-describedby=\"caption-attachment-524\" style=\"width: 480px\" class=\"wp-caption alignnone\"><img loading=\"lazy\" decoding=\"async\" class=\" wp-image-524\" src=\"http:\/\/www.lassebacklund.fi\/wp-content\/uploads\/2016\/09\/4-5.jpg\" alt=\"P\u00e5 fotot Ida B\u00e5sk och hennes man, m\u00e5gen Erland som i slutet p\u00e5 1800-talet tj\u00e4nstgjorde i den finska milit\u00e4ren, troligtvis i Vasa Bataljon. \" width=\"480\" height=\"360\" srcset=\"https:\/\/www.lassebacklund.fi\/wp-content\/uploads\/2016\/09\/4-5.jpg 1386w, https:\/\/www.lassebacklund.fi\/wp-content\/uploads\/2016\/09\/4-5-300x225.jpg 300w, https:\/\/www.lassebacklund.fi\/wp-content\/uploads\/2016\/09\/4-5-768x576.jpg 768w, https:\/\/www.lassebacklund.fi\/wp-content\/uploads\/2016\/09\/4-5-1024x768.jpg 1024w\" sizes=\"auto, (max-width: 480px) 100vw, 480px\" \/><figcaption id=\"caption-attachment-524\" class=\"wp-caption-text\">Ida B\u00e5sk och hennes man, m\u00e5gen Erland som i slutet p\u00e5 1800-talet tj\u00e4nstgjorde i den finska milit\u00e4ren, troligtvis i Vasa Skarpskyttebataljon.<\/figcaption><\/figure>\n<p>Erland och Ida var k\u00e4nda som ytterst ekonomiska som inte \u00f6dslade pengar p\u00e5 n\u00e5gonting on\u00f6digt, det var inte ens till\u00e5tet att \u00e4ta av r\u00f6nnb\u00e4ren utanf\u00f6r deras f\u00f6nster n\u00e4ra v\u00e4gen. Ida och Erland fick en dotter Adelina <u>Julanda<\/u>, f. 1902 men hon dog i unga \u00e5r och sonen Selim <u>Leander<\/u>, f\u00f6dd 1907 och han dog \u00e5r 1937 i en sv\u00e5r sjukdom. Erland var aktiv i byns f\u00f6reningar och satt i flera perioder i Lappfj\u00e4rds kommunfullm\u00e4ktige. Han representerade kommunen i flera interkommunala organisationer.<\/p>\n<p>Erland och Ida blev allts\u00e5 utan arvingar och g\u00e5rden s\u00e5ldes i delar, bland annat Broberg Erik Anders och hans hustru Amanda f. Sandlund k\u00f6pte \u00e5r 1942 delar av hemmanet som sedan bildades till K\u00e4llvik l\u00e4genhet. Strax efter k\u00f6pet dog Amanda men Broberg gifte om sig och bodde kvar i Kias kroken fram till sin d\u00f6d 1954, allts\u00e5 i det hus som i tiderna byggdes av <a href=\"https:\/\/www.lassebacklund.fi\/?page_id=22910\">karamelltillverkaren Harald Lillsj\u00f6.<\/a><\/p>\n<figure id=\"attachment_11984\" aria-describedby=\"caption-attachment-11984\" style=\"width: 694px\" class=\"wp-caption alignnone\"><img loading=\"lazy\" decoding=\"async\" class=\"size-full wp-image-11984\" src=\"http:\/\/www.lassebacklund.fi\/wp-content\/uploads\/2019\/04\/Nummela-Elsi.jpg\" alt=\"\" width=\"694\" height=\"1003\" srcset=\"https:\/\/www.lassebacklund.fi\/wp-content\/uploads\/2019\/04\/Nummela-Elsi.jpg 694w, https:\/\/www.lassebacklund.fi\/wp-content\/uploads\/2019\/04\/Nummela-Elsi-208x300.jpg 208w\" sizes=\"auto, (max-width: 694px) 100vw, 694px\" \/><figcaption id=\"caption-attachment-11984\" class=\"wp-caption-text\">I flera \u00e5r var Elsi Nummela fr\u00e5n Uttermossa piga eller hj\u00e4lpreda \u00e5t Erland och Ida.<\/figcaption><\/figure>\n<p>\u00c5r 1948 k\u00f6pte grannen Eliel och Signe Holmberg all mark och skog av Erland och Ida B\u00e5sk och hemmanet \u00e4r fortfarande i samma sl\u00e4kts \u00e4go. Som brukligt var s\u00e5 gav de en livstids sytning \u00e5t s\u00e4ljarna. Efter Idas d\u00f6d i slutet p\u00e5 50-talet stod sj\u00e4lva g\u00e5rden med alla uthus \u00f6de tills den p\u00e5 1970-talet s\u00e5ldes \u00e5t den nuvarande \u00e4garen. Stockarna ur g\u00e5rden anv\u00e4ndes f\u00f6r att bygga ett nytt hus som uppf\u00f6rdes 1973 p\u00e5 andra sidan v\u00e4gen.<\/p>\n<figure id=\"attachment_8740\" aria-describedby=\"caption-attachment-8740\" style=\"width: 613px\" class=\"wp-caption alignnone\"><img loading=\"lazy\" decoding=\"async\" class=\"size-full wp-image-8740\" src=\"http:\/\/www.lassebacklund.fi\/wp-content\/uploads\/2018\/06\/kias.jpg\" alt=\"\" width=\"613\" height=\"426\" srcset=\"https:\/\/www.lassebacklund.fi\/wp-content\/uploads\/2018\/06\/kias.jpg 613w, https:\/\/www.lassebacklund.fi\/wp-content\/uploads\/2018\/06\/kias-300x208.jpg 300w\" sizes=\"auto, (max-width: 613px) 100vw, 613px\" \/><figcaption id=\"caption-attachment-8740\" class=\"wp-caption-text\">Kias Erland och Idas bondg\u00e5rd i Kias-kroken. Till h\u00f6ger Vilho Toivonens g\u00e5rd som byggdes 1970.<\/figcaption><\/figure>\n<p>P\u00e5 bilden som \u00e4r tagen av Ingmar Roseng\u00e5rd syns det bra hur trafikfarlig Kias kroken faktiskt var. D\u00e5 landsv\u00e4gen byggdes om i mitten p\u00e5 80-talet r\u00e4tades v\u00e4gen ut och g\u00e5r i dag precis p\u00e5 det st\u00e4lle d\u00e4r g\u00e5rden stod.<\/p>\n<h4><strong>Agn\u00e4s Minas postkort \u00e5t Erland.<\/strong><\/h4>\n<figure id=\"attachment_526\" aria-describedby=\"caption-attachment-526\" style=\"width: 597px\" class=\"wp-caption aligncenter\"><img loading=\"lazy\" decoding=\"async\" class=\"wp-image-526 size-full\" src=\"http:\/\/www.lassebacklund.fi\/wp-content\/uploads\/2016\/09\/6-5.jpg\" alt=\"\u00c5r 1946 d\u00e5 Erland B\u00e5sk fyllde 70 \u00e5r fick han ett underligt gratulationskort av sin granne Mina Agn\u00e4s. Enligt texten p\u00e5 kortets framsida skulle det vara fr\u00e5n Kristinestad men i sj\u00e4lva verket \u00e4r det kyrkan i B\u00f6tom som \u00e4r avbildad. Kortet finns hos Bengt Holmberg. \" width=\"597\" height=\"794\" srcset=\"https:\/\/www.lassebacklund.fi\/wp-content\/uploads\/2016\/09\/6-5.jpg 597w, https:\/\/www.lassebacklund.fi\/wp-content\/uploads\/2016\/09\/6-5-226x300.jpg 226w\" sizes=\"auto, (max-width: 597px) 100vw, 597px\" \/><figcaption id=\"caption-attachment-526\" class=\"wp-caption-text\">\u00c5r 1946 d\u00e5 Erland B\u00e5sk fyllde 70 \u00e5r fick han ett underligt gratulationskort av sin granne Mina Agn\u00e4s. Enligt texten p\u00e5 kortets framsida skulle det vara fr\u00e5n Kristinestad men i sj\u00e4lva verket \u00e4r det kyrkan i B\u00f6tom som \u00e4r avbildad. Kortet finns hos Bengt Holmberg.<\/figcaption><\/figure>\n<p><span style=\"color: #000080;\">Denna sl\u00e4ktutredning \u00e4r uppgjord av Lasse Backlund \u00e5r 2015.<\/span><\/p>\n<h4><u><strong>Sl\u00e4ktutredning efter torparen Josef Johansson L\u00e5ng:<\/strong><\/u><\/h4>\n<p><u><strong>som var gift med <\/strong><\/u><u><strong>Brita Stina Riarb\u00e4ck .<\/strong><\/u><\/p>\n<p>Josef L\u00e5ng var son till Johan Eriksson L\u00e5ng (1790-1868) och Kajsa Mickelsson Frivillig (1794-1860). Han hade 5 syskon och efter dem finns ett stort antal \u00e4ttlingar i Dagsmark med omnejd.<\/p>\n<p><strong><u>Tabell<\/u><u> 1<\/u><\/strong><\/p>\n<p><strong>Josef Johansson L\u00e5ng <\/strong>(1825-1867) gift med Brita Stina (f. Riarb\u00e4ck 1823-1873).<\/p>\n<p>-Edla Maria (1849-1850)<\/p>\n<p>&#8211;<strong>Edla Sofia<\/strong> (1850-1923) se tabell 2<\/p>\n<p>&#8211;<strong>Maja Greta<\/strong> (1852-1914) se tabell 4<\/p>\n<p>&#8211;<strong>Wilhelmina<\/strong> (1864-1883) se tabell 9<\/p>\n<p><strong><u>Tabell<\/u><u> 2<\/u><\/strong><\/p>\n<p>Fr\u00e5n tabell 1<\/p>\n<p><strong>Edla Sofia L\u00e5ng, senare B\u00e5sk <\/strong>(1850-1923) gift \u00e5r 1872 med \u201dKia\u201d Malakias Eriksson L\u00e5ng, senare B\u00e5sk (1843-1919).<\/p>\n<p>-Maria Sofia (1875-1875)<\/p>\n<p>-Ida Sofia (1878-1958) se tabell 3<\/p>\n<p><strong><u>Tabell<\/u><u> 3<\/u><\/strong><\/p>\n<p>Fr\u00e5n tabell 2<\/p>\n<p><strong>Ida Sofia L\u00e5ng, senare B\u00e5sk <\/strong>(1875-1958) gift \u00e5r 1901 med Erland Josefsson B\u00e5sk (1876-1953). Erland var son till Josef Str\u00f6mberg ( f. 1831) och var bror till Johan Str\u00f6mberg som var far till Selim Str\u00f6mberg. Erland var bror till Josef Str\u00f6mberg d.\u00e4. som var far \u00e5t Josef Str\u00f6mberg d.y. och till Broberg Erik Anders. Bosatta p\u00e5 Rosendal hemman i Kias kroken.<\/p>\n<p>-Adelina <u>Julanda<\/u> (1902-1920)<\/p>\n<p>-Selim <u>Leander<\/u> (1907-1937)<\/p>\n<p><strong><u>Tabell<\/u><u> 4<\/u><\/strong><\/p>\n<p>Fr\u00e5n tabell 1<\/p>\n<p><strong>Maja Greta L\u00e5ng <\/strong>(1852-1914) gift \u00e5r 1900 med bonden Josef Henrik Uddfolk fr\u00e5n Uttermossa (1854-1929). Bosatta p\u00e5 Uddfolk i Uttermossa.<\/p>\n<p>&#8211;<strong>Josef Viktor<\/strong> (1880-1913) se tabell 5<\/p>\n<p>&#8211;<strong>Johannes<\/strong> (1886-1931) se tabell 7<\/p>\n<p>-Emil (1869-1893)<\/p>\n<p>-Ida Maria (1895-1914)<\/p>\n<p><strong><u>Tabell<\/u><u> 5<\/u><\/strong><\/p>\n<p>Fr\u00e5n tabell 4<\/p>\n<p><strong>Josef Viktor Uddfolk <\/strong>(1880-1913) gift \u00e5r 1900 med Ida Sofia Michelsdotter Berg fr\u00e5n Uttermossa (1879-1916). Bosatta p\u00e5 Uddfolk i Uttermossa.<\/p>\n<p>-Viktor Emil (1901-1919) ogift<\/p>\n<p>-Signe Julina (1906-1907)<\/p>\n<p>-Frans Selim (1907-1919)<\/p>\n<p>-Signe Julina (1910-1922)<\/p>\n<p>&#8211;<strong>Jenny Irene<\/strong> (1912-1936) se tabell 6<\/p>\n<p><strong><u>Tabell<\/u><u> 6<\/u><\/strong><\/p>\n<p>Fr\u00e5n tabell 5<\/p>\n<p><strong>Jenny Irene Uddfolk <\/strong>(1912-1936) gift \u00e5r 1932 med Aimo Ilmari Nummela fr\u00e5n B\u00f6tom (1879-1916). Bosatta i Uttermossa.<\/p>\n<p>-Ines Irene (1933-1933)<\/p>\n<p>-Maire Kaarina (1934-1934)<\/p>\n<p>-Lisi Karin (f. 1935) flyttade 1956 till Kristinestad, gift \u00e5r 1958 med Stig Edvard Nystr\u00f6m. 2 barn, bosatta i Sverige.<\/p>\n<p><strong><u>Tabell<\/u><u> 7<\/u><\/strong><\/p>\n<p>Fr\u00e5n tabell 4<\/p>\n<p><strong>Johannes Uddfolk <\/strong>(1886-1931) gift f\u00f6rsta g\u00e5ngen \u00e5r 1915 med storebrors \u00e4nka Ida Sofia Berg (1879-1919). Bosatta i Uttermossa.<\/p>\n<p>-Lennart Sigfrid (1915-1916)<\/p>\n<p>Gift 2. \u00e5r 1919 med fr\u00e5nskilda Hilda Elina H\u00e5x, tidigare gift Juth el Mannfolk fr\u00e5n Lappfj\u00e4rd. Bosatta i Uttermossa.<\/p>\n<p>-Eskil Sigfrid (f.1920) gift med Linnea (f.1919), 5 barn, bosatta i Sverige<\/p>\n<p>&#8211;<strong>Else Ingeborg<\/strong> (f. 1924) se tabell 8<\/p>\n<p>-Signe Maria (f. 1926), bosatt p\u00e5 \u00c5land, gift med Eino Jokinen<\/p>\n<p><strong><u>Tabell<\/u><u> 8<\/u><\/strong><\/p>\n<p>Fr\u00e5n tabell 7<\/p>\n<p><strong>Else Ingeborg Uddfolk <\/strong>(f.1924) gift \u00e5r 1952 med Aimo Ilari Nummela fr\u00e5n B\u00f6tom, i dennes tredje \u00e4ktenskap (1909-1970). Bosatta i Uttermossa. Se ocks\u00e5 tabell 6.<\/p>\n<p>-Egner Eilert (1949) gift och bosatt i Sverige<\/p>\n<p>-Raimo \u201dByf\u00e5nen\u201d Ilmari (f. 1952) gift med Arja Hannele Uusitalo fr\u00e5n Kristinestad. 4 barn, bosatta p\u00e5 Soldadtorpet i Uttermossa.<\/p>\n<p>-Marianne Elsie (f. 1953) gift med Erkki Antero Henttil\u00e4 fr\u00e5n Kempele, bosatt i Ule\u00e5borg<\/p>\n<p>-Rainer Johannes (1955-1978)<\/p>\n<p>-Erik Rafael (f.1956) gift 2 ggr, flera barn, bosatt i Pjelax<\/p>\n<p><strong><u>Tabell<\/u><u> 9<\/u><\/strong><\/p>\n<p>Fr\u00e5n tabell 1<\/p>\n<p><strong>Wilhelmina L\u00e5ng <\/strong>(1864-1931) gift \u00e5r 1883 med bonden Karl Johan Storg\u00e5rd fr\u00e5n H\u00e5x i Lappfj\u00e4rd (1852-1934). Bosatta i Lappfj\u00e4rd.<\/p>\n<p>&#8211;<strong>Ida Wilhelmina<\/strong> (1885-1961) se tabell 10<\/p>\n<p>&#8211;<strong>Hilda Elina<\/strong> (1888-1960) se tabell 11, se ocks\u00e5 tabell 7<\/p>\n<p>-Karl Henrik (1893-1938)<\/p>\n<p>-Selma Emilia (1896-1911)<\/p>\n<p>-Erland (1902-1964) ogift<\/p>\n<p>-Signe Irene(1904-1976) se tabell 12<\/p>\n<p><strong><u>Tabell<\/u><u> 10<\/u><\/strong><\/p>\n<p>Fr\u00e5n tabell 9<\/p>\n<p><strong>Ida Wilhelmina Storg\u00e5rd el H\u00e5x <\/strong>(1885-1961) gift med bonden Viktor \u00c5lgars fr\u00e5n Lappfj\u00e4rd (1871-1949). Bosatta i Lappfj\u00e4rd.<\/p>\n<p>-Eskil Arne \u00c5lgars (f. 1915, stupade i vinterkriget 1940)<\/p>\n<p>-Agnes Emilia (1917-2002) gift med Herman Edvin Hjerpe, bosatta i Korsholm, 3 s\u00f6ner<\/p>\n<p>-Ingeborg Alfonsina (1918-1996) gift med Artur Linz\u00e9n fr\u00e5n Tj\u00f6ck, 2 d\u00f6ttrar<\/p>\n<p>-Nils Erik \u00c5lgars (1920-1994) gift med Aino Lipasti (1918-2003) bosatta i Pargas, 3 barn<\/p>\n<p>-Else Ingeg\u00e4rd (1922-1942)<\/p>\n<p>-\u00c5ke Algot \u00c5lgars (1924-1979), gift med Fanny Gunnel Pitk\u00e4koski (f.1924).<\/p>\n<p>-Kurt Helge \u00c5lgars (1926-1984) ogift och barnl\u00f6s<\/p>\n<p>-Johan Yngve \u00c5lgars (1929-2011) ogift och barnl\u00f6s<\/p>\n<p><strong><u>Tabell<\/u><u> 11<\/u><\/strong><\/p>\n<p>Fr\u00e5n tabell 9<\/p>\n<p><strong>Hilda Alina Storg\u00e5rd el H\u00e5x <\/strong>(1888-1960) gift 1.med Viktor Emil Juth fr\u00e5n Lappfj\u00e4rd (f.1884). Bosatta i Lappfj\u00e4rd.<\/p>\n<p>-Elin Alina (1909-1916)<\/p>\n<ol start=\"2\">\n<li>gift med Johannes Uddfolk (1886-1931) se tabell 7<\/li>\n<\/ol>\n<p>-tre barn i andra \u00e4ktenskapet, se tabell 7<\/p>\n<p><strong><u>Tabell<\/u><u> 12<\/u><\/strong><\/p>\n<p>Fr\u00e5n tabell 9<\/p>\n<p><strong>Signe Irene Storg\u00e5rd el H\u00e5x <\/strong>(1904-1976) gift med Johannes Weegar fr\u00e5n P\u00f6rtom (1900-2004). Bosatta i norra \u00d6sterbotten och i P\u00f6rtom.<\/p>\n<p>-Frejvid Weegar, gift med Lillie fr\u00e5n Sverige, bosatt i Vasa, \u00e4gare till tidningen Kuriren och Kurirens resebyr\u00e5 (resebyr\u00e5n nedlagd 2016), barnen Ragna och Rune.<\/p>\n<p>-Gun-Lis Weegar<\/p>\n<p>-Ann-Lis Weegar<\/p>\n<p>-Bo-Erik Weegar, f. 1945, bosatt i Vasa, gift och har 2 barn<\/p>\n","protected":false},"excerpt":{"rendered":"<p>Sammanst\u00e4llt av Lasse Backlund 2015, med hj\u00e4lp av Bengt Holmberg. L\u00e4ngst ner hittar du Edlas och Malakias sl\u00e4ktutredning. Den h\u00e4r gamla g\u00e5rden stod i tiderna i Kias kroken eller i Gr\u00f6ndahlas kroken som den ocks\u00e5 kallades och den byggdes troligen <a class=\"more-link\" href=\"https:\/\/www.lassebacklund.fi\/?page_id=528\">Forts\u00e4tt l\u00e4sa <span class=\"screen-reader-text\">  B\u00e5sk Erlands g\u00e5rd p\u00e5 Dagsmarkv\u00e4gen 350<\/span><span class=\"meta-nav\">&rarr;<\/span><\/a><\/p>\n","protected":false},"author":1,"featured_media":0,"parent":61,"menu_order":350,"comment_status":"closed","ping_status":"closed","template":"","meta":{"footnotes":""},"class_list":["post-528","page","type-page","status-publish","hentry"],"_links":{"self":[{"href":"https:\/\/www.lassebacklund.fi\/index.php?rest_route=\/wp\/v2\/pages\/528","targetHints":{"allow":["GET"]}}],"collection":[{"href":"https:\/\/www.lassebacklund.fi\/index.php?rest_route=\/wp\/v2\/pages"}],"about":[{"href":"https:\/\/www.lassebacklund.fi\/index.php?rest_route=\/wp\/v2\/types\/page"}],"author":[{"embeddable":true,"href":"https:\/\/www.lassebacklund.fi\/index.php?rest_route=\/wp\/v2\/users\/1"}],"replies":[{"embeddable":true,"href":"https:\/\/www.lassebacklund.fi\/index.php?rest_route=%2Fwp%2Fv2%2Fcomments&post=528"}],"version-history":[{"count":16,"href":"https:\/\/www.lassebacklund.fi\/index.php?rest_route=\/wp\/v2\/pages\/528\/revisions"}],"predecessor-version":[{"id":24827,"href":"https:\/\/www.lassebacklund.fi\/index.php?rest_route=\/wp\/v2\/pages\/528\/revisions\/24827"}],"up":[{"embeddable":true,"href":"https:\/\/www.lassebacklund.fi\/index.php?rest_route=\/wp\/v2\/pages\/61"}],"wp:attachment":[{"href":"https:\/\/www.lassebacklund.fi\/index.php?rest_route=%2Fwp%2Fv2%2Fmedia&parent=528"}],"curies":[{"name":"wp","href":"https:\/\/api.w.org\/{rel}","templated":true}]}}