{"id":51,"date":"2016-07-12T23:00:57","date_gmt":"2016-07-12T21:00:57","guid":{"rendered":"http:\/\/www.lassebacklund.fi\/wp\/?page_id=51"},"modified":"2025-09-16T15:06:57","modified_gmt":"2025-09-16T12:06:57","slug":"gardar-forr-och-nu","status":"publish","type":"page","link":"https:\/\/www.lassebacklund.fi\/?page_id=51","title":{"rendered":"G\u00e5rdar f\u00f6rr och nu"},"content":{"rendered":"<p><span class=\"Normal-C\">H\u00e4r hittar du gamla fotografier och dokumentation \u00f6ver g\u00e5rdar i Dagsmark. V\u00e4lj f\u00f6rst v\u00e4gen d\u00e4r g\u00e5rden ligger genom att trycka p\u00e5 r\u00e4tt knapp h\u00e4r under.<\/span><\/p>\n<h6><a class=\"fasc-button fasc-size-medium fasc-type-glossy fasc-rounded-medium\" style=\"background-color: #33809e; color: #ffffff;\" href=\"http:\/\/www.lassebacklund.fi\/?page_id=57\">Bygr\u00e4nden<\/a><\/h6>\n<h6><a class=\"fasc-button fasc-size-medium fasc-type-glossy fasc-rounded-medium\" style=\"background-color: #33809e; color: #ffffff;\" href=\"http:\/\/www.lassebacklund.fi\/?page_id=59\">By\u00e5sv\u00e4gen<\/a><\/h6>\n<h6><a class=\"fasc-button fasc-size-medium fasc-type-glossy fasc-rounded-medium\" style=\"background-color: #33809e; color: #ffffff;\" href=\"http:\/\/www.lassebacklund.fi\/?page_id=61\">Dagsmarkv\u00e4gen<\/a><\/h6>\n<h6><a class=\"fasc-button fasc-size-medium fasc-type-glossy fasc-rounded-medium\" style=\"background-color: #33809e; color: #ffffff;\" href=\"http:\/\/www.lassebacklund.fi\/?page_id=75\">Korsb\u00e4ckv\u00e4gen<\/a><\/h6>\n<h6><a class=\"fasc-button fasc-size-medium fasc-type-glossy fasc-rounded-medium\" style=\"background-color: #33809e; color: #ffffff;\" href=\"http:\/\/www.lassebacklund.fi\/?page_id=78\">Lillsj\u00f6v\u00e4gen<\/a><\/h6>\n<h6><a class=\"fasc-button fasc-size-medium fasc-type-glossy fasc-rounded-medium\" style=\"background-color: #33809e; color: #ffffff;\" href=\"https:\/\/www.lassebacklund.fi\/?page_id=2049\">Lillsj\u00f6lidv\u00e4gen<\/a><\/h6>\n<h6><a class=\"fasc-button fasc-size-medium fasc-type-glossy fasc-rounded-medium\" style=\"background-color: #33809e; color: #ffffff;\" href=\"http:\/\/www.lassebacklund.fi\/?page_id=80\">Lisa-Morav\u00e4gen<\/a><\/h6>\n<h6><a class=\"fasc-button fasc-size-medium fasc-type-glossy fasc-rounded-medium\" style=\"background-color: #33809e; color: #ffffff;\" href=\"http:\/\/www.lassebacklund.fi\/?page_id=82\">Norrviksv\u00e4gen<\/a><\/h6>\n<h6><a class=\"fasc-button fasc-size-medium fasc-type-glossy fasc-rounded-medium\" style=\"background-color: #33809e; color: #ffffff;\" href=\"http:\/\/www.lassebacklund.fi\/?page_id=84\">Nystad-Kol\u00e4ngen<\/a><\/h6>\n<h6><a class=\"fasc-button fasc-size-medium fasc-type-glossy fasc-rounded-medium\" style=\"background-color: #33809e; color: #ffffff;\" href=\"http:\/\/www.lassebacklund.fi\/?page_id=88\">Stor\u00e5v\u00e4gen<\/a><\/h6>\n<h6><a class=\"fasc-button fasc-size-medium fasc-type-glossy fasc-rounded-medium\" style=\"background-color: #33809e; color: #ffffff;\" href=\"http:\/\/www.lassebacklund.fi\/?page_id=86\">Storkullsv\u00e4gen<\/a><\/h6>\n<h6><a class=\"fasc-button fasc-size-medium fasc-type-glossy fasc-rounded-medium\" style=\"background-color: #33809e; color: #ffffff;\" href=\"http:\/\/www.lassebacklund.fi\/?page_id=90\">Sunnantillv\u00e4gen<\/a><\/h6>\n<h6><a class=\"fasc-button fasc-size-medium fasc-type-glossy fasc-rounded-medium\" style=\"background-color: #33809e; color: #ffffff;\" href=\"http:\/\/www.lassebacklund.fi\/?page_id=92\">\u00c5backv\u00e4gen<\/a><\/h6>\n","protected":false},"excerpt":{"rendered":"<p>H\u00e4r hittar du gamla fotografier och dokumentation \u00f6ver g\u00e5rdar i Dagsmark. V\u00e4lj f\u00f6rst v\u00e4gen d\u00e4r g\u00e5rden ligger genom att trycka p\u00e5 r\u00e4tt knapp h\u00e4r under. Bygr\u00e4nden By\u00e5sv\u00e4gen Dagsmarkv\u00e4gen Korsb\u00e4ckv\u00e4gen Lillsj\u00f6v\u00e4gen Lillsj\u00f6lidv\u00e4gen Lisa-Morav\u00e4gen Norrviksv\u00e4gen Nystad-Kol\u00e4ngen Stor\u00e5v\u00e4gen Storkullsv\u00e4gen Sunnantillv\u00e4gen \u00c5backv\u00e4gen<\/p>\n","protected":false},"author":1,"featured_media":0,"parent":0,"menu_order":0,"comment_status":"closed","ping_status":"closed","template":"","meta":{"footnotes":""},"class_list":["post-51","page","type-page","status-publish","hentry"],"_links":{"self":[{"href":"https:\/\/www.lassebacklund.fi\/index.php?rest_route=\/wp\/v2\/pages\/51","targetHints":{"allow":["GET"]}}],"collection":[{"href":"https:\/\/www.lassebacklund.fi\/index.php?rest_route=\/wp\/v2\/pages"}],"about":[{"href":"https:\/\/www.lassebacklund.fi\/index.php?rest_route=\/wp\/v2\/types\/page"}],"author":[{"embeddable":true,"href":"https:\/\/www.lassebacklund.fi\/index.php?rest_route=\/wp\/v2\/users\/1"}],"replies":[{"embeddable":true,"href":"https:\/\/www.lassebacklund.fi\/index.php?rest_route=%2Fwp%2Fv2%2Fcomments&post=51"}],"version-history":[{"count":12,"href":"https:\/\/www.lassebacklund.fi\/index.php?rest_route=\/wp\/v2\/pages\/51\/revisions"}],"predecessor-version":[{"id":24614,"href":"https:\/\/www.lassebacklund.fi\/index.php?rest_route=\/wp\/v2\/pages\/51\/revisions\/24614"}],"wp:attachment":[{"href":"https:\/\/www.lassebacklund.fi\/index.php?rest_route=%2Fwp%2Fv2%2Fmedia&parent=51"}],"curies":[{"name":"wp","href":"https:\/\/api.w.org\/{rel}","templated":true}]}}