{"id":4944,"date":"2017-07-19T21:59:42","date_gmt":"2017-07-19T19:59:42","guid":{"rendered":"http:\/\/www.lassebacklund.fi\/?page_id=4944"},"modified":"2017-07-19T22:11:09","modified_gmt":"2017-07-19T20:11:09","slug":"korsbackbor-som-for-till-amerika","status":"publish","type":"page","link":"https:\/\/www.lassebacklund.fi\/?page_id=4944","title":{"rendered":"Korsb\u00e4ckbor som for till Amerika."},"content":{"rendered":"<p><span style=\"color: #000080;\">Fr\u00e5n Korsb\u00e4ck reste ocks\u00e5 flera personer till Amerika och Eva Gr\u00f6nlund, som bor i Vasa men \u00e4r f\u00f6dd och uppvuxen p\u00e5 Sunnantillv\u00e4gen har gjort en f\u00f6rteckning p\u00e5 en del av dessa:<\/span><\/p>\n<ol>\n<li><strong>Filippson<\/strong> Anders Lindfors (Sarviluoma) f. 1850 i Stor\u00e5. Kallades \u201dFinn-Ant\u201d och bodde i <u>Korsb\u00e4ck<\/u> med sin familj, bland annat Fina Lindfors och B\u00e4ckaas-Mari. Han for till Amerika <strong>1892.<\/strong><\/li>\n<li><strong>Korsb\u00e4ck<\/strong> Amanda Sofia Gretasdotter (Smeds) f. 1879 i <u>Korsb\u00e4ck<\/u>. Hon blev moderl\u00f6s i januari 1892 och f\u00f6ljde med morbrodern Robert f.1855 och dennes hustru Mina Smeds fr\u00e5n Tj\u00f6ck f. 1862 till Amerika. De anl\u00e4nde till New York 5.8.<strong>1892. <\/strong>Alla 3 anv\u00e4nde efternamnet Smeds vid ankomsten till Amerika.<\/li>\n<li><strong>Korsb\u00e4ck<\/strong> Axel Carlsson f. 1877 i <u>Korsb\u00e4ck<\/u> for till Iron Mountain i Amerika <strong>1899<\/strong>. Han var son till Carl Henriksson Korsb\u00e4ck f. 1835 och Lena Sofia Kajsasdotter N\u00f6jd f. 1839 i Siikais. Familjen bodde i Korsb\u00e4ck d\u00e4rifr\u00e5n de flyttade till Bergkulla i Lappfj\u00e4rd. Axel flyttade till K.stad 1896 och d\u00e4rifr\u00e5n till Amerika.<\/li>\n<li><strong>Korsb\u00e4ck <\/strong>Erik Anders Henriksson f. 1839 i <u>Korsb\u00e4ck<\/u> vistades i Amerika <strong>1882-1892.<\/strong> Han var son till Anders Henrik Anderson Rib\u00e4ck f. 1811 och Anna Caisa Johansdotter Korsb\u00e4ck f. 1817. Erik Anders var gift tv\u00e5 g\u00e5nger; f\u00f6rsta g\u00e5ngen med Maja Carolina Rosenstedt f. 1845 och andra g\u00e5ngen med kusinen Maja Greta Karl Gustavsdotter Lillkull f. 1836. Paret bodde p\u00e5 Lillsj\u00f6 hemman \u00e5r 1903.<\/li>\n<li><strong>Korsb\u00e4ck<\/strong> Johan Viktor Johansson f. 1878 i <u>Korsb\u00e4ck<\/u> var son till Karl Johan \u201dTr\u00e4sk Kalle\u201d Rosenkvist f. 1847 och Karolina Storkull f. 1851. Johan Viktor reste till Amerika f\u00f6rsta g\u00e5ngen 11.5.<strong>1901<\/strong>. Han var gift med Wilhelmina Rosenback f. 1869 och han dog i Amerika.<\/li>\n<li><strong>Korsb\u00e4ck<\/strong> Josef Henrik Karlsson f\u00f6dd 1861 i <u>Korsb\u00e4ck<\/u> reste till Amerika \u00e5r <strong>1883. <\/strong>Han var son till Karl Mattsson Korsb\u00e4ck f. 1832 och Greta Sofia Eriksdotter f. i Sideby 1830.<\/li>\n<li><strong>Korsb\u00e4ck <\/strong>Josef Henrik Josef Andersson f. 1869 i <u>Korsb\u00e4ck<\/u> for till Amerika \u00e5r <strong>1897. <\/strong>Han var gift med Hilma Sofia Mattsdotter f. 1873 i Sideby. Josef Henrik hade k\u00f6pt Rosenback 1\/24 mantal i Dagsmark \u00e5r 1895. H\u00f6sten 1897 s\u00e4nde han hem en fullmakt fr\u00e5n Iron Mountain s\u00e5 att hans far Josef Andersson Korsb\u00e4ck skulle f\u00e5 s\u00e4lja hans fastighet Rosenback 1\/24 mantal och kreatur i Dagsmark. De som hade bevittnat fullmakten var Josef Gustafsson L\u00e5ng, Henrik Josefsson Storkull och Viktor J. Henriksson Lillkull. (<em>fr\u00e5n Inga-Lills dokument) <\/em><em>Iron Mountain var en gruvstad. Bland finlandssvenskarna var kommuner fr\u00e5n \u00c5land, N\u00e4rpes och Lappfj\u00e4rd b\u00e4st representerade. (Myhrman, s. 187<\/em><\/li>\n<li><strong>Korsb\u00e4ck<\/strong> Viktor Reinholdsson f. 1868 fr\u00e5n <u>Korsb\u00e4ck<\/u> reste till Amerika <strong>1890<\/strong>. Han dog d\u00e4r 38 \u00e5r gammal 1907. Han var son till torparen Reinhold Esaiasson f. 1840 och Maria Sofia Mattsdotter S\u00f6derberg f. 1841.<\/li>\n<li><b><strong>Korsb\u00e4ck <\/strong>Robert Andersson (Smeds) f. 1855 i <u>Korsb\u00e4ck<\/u>, d. 1940 i Unity, USA. Robert var son till Anders Henrik Andersson Rib\u00e4ck f.1811 och Anna Kajsa Johansdotter Korsb\u00e4ck f.1817. Han gifte sig 13.10.1882 med Wilhelmina (Mina) Karlsdotter Smeds f. 1862 i Tj\u00f6ck och blev m\u00e5g och torpare p\u00e5 Smeds i Tj\u00f6ck. Robert och Mina for till Amerika via K\u00f6penhamn \u00e5r 1892. De anl\u00e4nde till New York 5.8.<strong>1892<\/strong>. Med dem f\u00f6ljde ocks\u00e5 Roberts 13-\u00e5riga systerdotter Amanda Sofia f. 1879. Amanda Sofias mor dog samma \u00e5r. Robert, Mina och Amanda Sofia anv\u00e4nde efternamnet Smeds vid ankomsten till New York. Mina d\u00f6df\u00f6rklarades 1.1.1950 i Amerika.<\/b><\/li>\n<li><strong>Lillsj\u00f6 <\/strong>Carl Erik Johansson Gammalg\u00e5rd, Sj\u00f6holm f. 1853 reste till Amerika <strong>1883<\/strong>. Han var gift med Maja Lena Josefsdotter Lillkull f. 1851. Carl Erik \u00e5terv\u00e4nde till Dagsmark. Familjen flyttade till Korsb\u00e4ck. Deras barn: Josef Erik f. 1878, Johan Viktor f. 1886, Erik Anders f. 1892 och Erland f. 1896<\/li>\n<li><strong>L\u00e5ng<\/strong> Henrik Emil Viktorsson f. 1886 i Korsb\u00e4ck, uppvuxen i Dagsmark, for till Escanaba i Amerika 29.3.<strong>1905<\/strong>. Han dog i en gruvolycka i Amerika 1906. Han var son till Viktor Andersson L\u00e5ng f. 26.9.1855 och Vilhelmina Josefsdotter f.12.10.1855 i Korsb\u00e4ck. <em>Escanaba, Michigan ligger p\u00e5 v\u00e4stra sidan av Lake Michigan. Tack vare j\u00e4rnv\u00e4gen och den goda hamnen blev Escanaba ett slags centrum f\u00f6r skogsl\u00e4ger, mindre s\u00e5gverksplatser och f\u00f6r utskeppning av j\u00e4rnmalm fr\u00e5n n\u00e4rliggande gruvorter. Vid sekelskiftet hade staden 10.000 inv\u00e5nare varav 300 var finlandssvenskar. (Myhrman, s.168)<\/em><\/li>\n<li><strong>Nyholm <\/strong>Anna Kajsa f. 1870 i Lappfj\u00e4rd. Fadern var Johan Anders Jakobsson Nyholm f. 1842 i Korsb\u00e4ck och modern Kajsa Agn\u00e4s f. 1843 i Lappfj\u00e4rd. Anna Kajsa dog i Amerika.<strong>\u00a0<\/strong><\/li>\n<li><b><strong>Rosenqvist <\/strong>Selma Sofia g. Dahlberg fr\u00e5n Korsb\u00e4ck f. 1889 emigrerade 26.7.<strong>1914<\/strong> till Hibbing i Minnesota till brodern Johan Viktor Rosenkvist. Hon gifte sig med Axel Lineus Dahlberg f. 1894 i Sverige.<\/b><\/li>\n<\/ol>\n<p>&nbsp;<\/p>\n","protected":false},"excerpt":{"rendered":"<p>Fr\u00e5n Korsb\u00e4ck reste ocks\u00e5 flera personer till Amerika och Eva Gr\u00f6nlund, som bor i Vasa men \u00e4r f\u00f6dd och uppvuxen p\u00e5 Sunnantillv\u00e4gen har gjort en f\u00f6rteckning p\u00e5 en del av dessa: Filippson Anders Lindfors (Sarviluoma) f. 1850 i Stor\u00e5. Kallades <a class=\"more-link\" href=\"https:\/\/www.lassebacklund.fi\/?page_id=4944\">Forts\u00e4tt l\u00e4sa <span class=\"screen-reader-text\">  Korsb\u00e4ckbor som for till Amerika.<\/span><span class=\"meta-nav\">&rarr;<\/span><\/a><\/p>\n","protected":false},"author":1,"featured_media":0,"parent":2694,"menu_order":0,"comment_status":"closed","ping_status":"closed","template":"","meta":{"footnotes":""},"class_list":["post-4944","page","type-page","status-publish","hentry"],"_links":{"self":[{"href":"https:\/\/www.lassebacklund.fi\/index.php?rest_route=\/wp\/v2\/pages\/4944","targetHints":{"allow":["GET"]}}],"collection":[{"href":"https:\/\/www.lassebacklund.fi\/index.php?rest_route=\/wp\/v2\/pages"}],"about":[{"href":"https:\/\/www.lassebacklund.fi\/index.php?rest_route=\/wp\/v2\/types\/page"}],"author":[{"embeddable":true,"href":"https:\/\/www.lassebacklund.fi\/index.php?rest_route=\/wp\/v2\/users\/1"}],"replies":[{"embeddable":true,"href":"https:\/\/www.lassebacklund.fi\/index.php?rest_route=%2Fwp%2Fv2%2Fcomments&post=4944"}],"version-history":[{"count":2,"href":"https:\/\/www.lassebacklund.fi\/index.php?rest_route=\/wp\/v2\/pages\/4944\/revisions"}],"predecessor-version":[{"id":4948,"href":"https:\/\/www.lassebacklund.fi\/index.php?rest_route=\/wp\/v2\/pages\/4944\/revisions\/4948"}],"up":[{"embeddable":true,"href":"https:\/\/www.lassebacklund.fi\/index.php?rest_route=\/wp\/v2\/pages\/2694"}],"wp:attachment":[{"href":"https:\/\/www.lassebacklund.fi\/index.php?rest_route=%2Fwp%2Fv2%2Fmedia&parent=4944"}],"curies":[{"name":"wp","href":"https:\/\/api.w.org\/{rel}","templated":true}]}}