{"id":4892,"date":"2017-07-17T22:11:33","date_gmt":"2017-07-17T20:11:33","guid":{"rendered":"http:\/\/www.lassebacklund.fi\/?page_id=4892"},"modified":"2026-03-02T21:09:31","modified_gmt":"2026-03-02T19:09:31","slug":"garden-krooks-tidiga-historia","status":"publish","type":"page","link":"https:\/\/www.lassebacklund.fi\/?page_id=4892","title":{"rendered":"G\u00e5rden Krooks tidiga historia"},"content":{"rendered":"<h3><strong>Storskiftet 1764-1793 i Dagsmark<\/strong><\/h3>\n<p>Det f\u00f6rsta storskiftet i Dagsmark som gjordes mellan \u00e5ren 1764-1793 var nog n\u00f6dv\u00e4ndigt, d\u00e5 man t\u00e4nker att detta hemman d\u00e5 utgjordes av hela 46 skiften \u00f6ver hela byn. Huvudbyggnaden l\u00e5g n\u00e5gonstans p\u00e5 Sebasbackan. H\u00e4r nedan en utredning \u00f6ver skiftningen.<\/p>\n<p><em>Henrik Mattsson Finne, f\u00f6dd 1738, var bonde \u00e5 \u00bc mantal av Finne d\u00e5 Dagsmark storskiftades. F\u00f6re storskiftet hade Henrik Mattsson och f\u00f6re honom hans fader Matts Andersson Finne, f\u00f6ljande skiften: <\/em><\/p>\n<p><em>Storfors\u00e4ngen, Palusveden, Smedholmen, Storsveden, Stor\u00e5kern, Lill\u00e5kern, K\u00e5llanden, Vallg\u00e4rdet, Kalvhaga, S\u00f6der\u00e5kern, Nyg\u00e4rdet, Kilg\u00e4rdet, G\u00e4dd\u00e4ngs\u00e5kern, Kvarn\u00e5kern, Kattsl\u00e4tan, Kohlh\u00e5rs\u00e4ngen, Falls\u00e4ngen, Holm\u00e4ngen, B\u00e4ss\u00e4ngen, Laxg\u00e4lssvedan, Tomtgropen, Tomtmyron, H\u00e4sie\u00e4ngen, Niskilan, Mellan\u00e4ngen, Forsgropen, Lillsj\u00f6m\u00e5san, Lillsj\u00f6holman, Djupviken, \u00d6vran H\u00e4sie\u00e4ngen, Stormyran, H\u00e4ggn\u00e4sm\u00e5san, Kvit\u00e5sb\u00e4cken, Berg\u00e4ngen, R\u00e5dd\u00e4ngen, Storforsb\u00e4cken, Spangm\u00e5san, Skitviken, B\u00f6rkm\u00e5san, \u00c4nikoskfallet, Sand\u00e5shagan och n\u00e5gra till som inte g\u00e5r att tyda.<\/em><\/p>\n<p><em>Efter storskiftet fick Henrik Mattsson \u00e4gorna samlade i 26 skiften. <\/em><\/p>\n<p><em>Skogarna och utmarkerna skiftades f\u00f6rst 1793 och d\u00e5 hade detta hemman redan bytt \u00e4gare till Erik Andersson Finne. Den nya \u00e4garen fick uppodlingsmarker i Suttm\u00e5san, Tomtmyran, Spangm\u00e5san, Sandbackan, S\u00f6der\u00e5kern, Lill- och Kol\u00e4ngen, B\u00e4ss\u00e4nget, Holm\u00e4ngen, Mellan\u00e4ngen och Svartm\u00e5san. Skogen fick han p\u00e5 Drag\u00e5sen i 2 skiften. <\/em><\/p>\n<p><em>N\u00e4r allt var f\u00e4rdigt skiftat hade den nya \u00e4garen inte mindre \u00e4n 297 tunnland mark, vilket i dag motsvarar 150 hektar. Det tidigare hemmanet p\u00e5 \u00bc mantal nedsattes i samband med storskiftet till 5\/24 mantal. <\/em><\/p>\n<h3><strong>G\u00e5rdens historia enlig Ingeborg Krook:<\/strong><\/h3>\n<p>N\u00e4r Ingeborg Krook \u00e5r 1934 gick i skolan bildades det en studiecirkel tillsammans med Anna och Helga Englund, Lilja Nordberg, Astrid Bj\u00f6rklund och Anna Huhtala. Den h\u00e4r gruppen skulle tillsammans med l\u00e4raren Einar Lind dokumentera hemg\u00e5rdarnas historia. Enligt Einar Linds och Ingeborgs utredningar skulle \u00e4garna till denna g\u00e5rd kunna dokumenteras \u00e4nda till 1600-talet. H\u00e4r ett sammandrag av \u00e4garna till Krook-g\u00e5rden fr\u00e5n 1600-talet till 1900-talet:<\/p>\n<ol>\n<li>Den f\u00f6rsta k\u00e4nda \u00e4garen skulle ha varit Sigfrid Johansson Lillkork fram till \u00e5r 1700. \u00bd mantal.<\/li>\n<li>1700-1724: Anders Sigfridsson Lillkork. \u00bd mantal.<\/li>\n<li>1724-1763: Matts Andersson Finne eller Lillkork, gift med Valborg Andersdotter (1692-1783). N\u00e4r Matts dog \u00e5r 1763 delades hemmanet mellan 2 av de m\u00e5nga barnen, n\u00e4mligen sonen Henrik Mattsson Finne eller Sebbas som fick h\u00e4lften och dottern Anna Mattsdotter som var gift med Gabriel Gabrielsson den andra halva. \u00bd mantal.<\/li>\n<li>1763-1790: Henrik Mattsson Finne eller Sebbas (1738-1809) gift med Anna Henriksdotter (1743-1815). Henrik och Anna hade 6 barn (Anna Cajsa f.1769, Erik Henrik f.1771, Maria Lisa, f.1773, Hindrik f.1777, Margaretha f.1780 och Johan (1790-1790) ) men ingen av dessa tog \u00f6ver hemmanet f\u00f6r \u00e5r 1790 finns en Erik Andersson Finne upptagen som \u00e4gare. Se h\u00f6gre upp en utredning \u00f6ver storskiftet 1764-1793! 1\/4 mantal.<\/li>\n<li>1790-1812: Erik Andersson Finne eller Sebbas (f. 1755-1810) som inte ser ut vara sl\u00e4kt med tidigare \u00e4garen och hans hustru Anna Johansdotter (f.1757). Erik och Anna fick 8 barn och den n\u00e4st\u00e4ldsta sonen Anders \u00f6vertog hemmanet. 5\/24 mantal.<\/li>\n<li>1812-1849: Anders Eriksson Finne eller Rosenback (f. 1785) som var gift med Greta Eriksdotter (f.1793), bonde p\u00e5 5\/48 mantal. Hemmanet delades sedan mellan tv\u00e5 av deras s\u00f6ner. Ena delen fick Anders, som kallades f\u00f6r Ant, och enligt l\u00e4rarens utredning skulle denna hemmansdel vara den som Antas-Otto Bj\u00f6rklund \u00e4gde under sin tid. Den andra halvan av hemmanet fick den yngsta sonen Gustav. Br\u00f6derna fick allts\u00e5 5\/96 mantal var. Erik och Greta fick m\u00e5nga barn, bland annat Johan Henrik (1814-1889) som fick ett torp av Rosenbacks (torparkontraktet l\u00e4ngst ner i historiken). Sonen Reinhold fick ocks\u00e5 ett torp av detta hemman. De \u00f6vriga syskonen Erik, Carl och Anna Greta fick utl\u00f6sen 34 rubel och 28 kopek var.<\/li>\n<li>1849-1866: Gustav Andersson Rosenback (f. 1828, d.1861) gift 1850 med Anna Greta Mickelsdotter Korsb\u00e4ck (1825-1916). Gustav och Anna fick endast dottern Anna Sofia Gustavsdotter som sedan \u00f6vertog hemmanet p\u00e5 5\/96 mantal.<\/li>\n<li>1866-1909: Anna Sofia Gustavsdotter Rosenback (1851-1910) som var gift med Josef Henrik Storkull, men tog namnet Rosenback (1846-1915). Anna och Josef fick 4 barn: 1870 Josef som gifte sig med Adelina Lillkull, 1875 Viktor som erh\u00f6ll halva hemmanet och antog namnet Nyroos och flyttade till nuvarande Mitts, 1880 Erik Anders som emigrerade till Amerika och 1888 Erland som erh\u00f6ll den andra halvan av hemmanet. Viktor Nyroos och Erland Krook fick allts\u00e5 5\/192 mantal var.<\/li>\n<li>1909 och fram\u00e5t: Erland Josefsson Rosenback (1888-1946) som senare tog namnet Fagerros och sedan bytte namn till Krook. Erland var gift med Hulda Amanda Karlsdotter Nyholm (1890-1966). D\u00e5 Erland och Hulda \u00e5r 1909 \u00f6vertog sin del av hemmanet m\u00e5ste de ge sytning \u00e5t Erlands f\u00f6r\u00e4ldrar och dessutom skulle de betala bort en skuld p\u00e5 600 mark. Av denna skuld h\u00f6rde 400 mark till en skuld som tagits d\u00e5 Erlands bror Erik Anders emigrerade till Amerika. 5\/192 mantal.<\/li>\n<\/ol>\n<figure id=\"attachment_4860\" aria-describedby=\"caption-attachment-4860\" style=\"width: 823px\" class=\"wp-caption aligncenter\"><img loading=\"lazy\" decoding=\"async\" class=\" wp-image-4860\" src=\"http:\/\/www.lassebacklund.fi\/wp-content\/uploads\/2017\/07\/26.jpg\" alt=\"Enligt Erland Krooks beskrivningar s\u00e5g g\u00e5rden ut s\u00e5 h\u00e4r f\u00f6re storskiftet i b\u00f6rjan p\u00e5 1900-talet. Ritningen gjord av Ingeborg Krook med l\u00e4rare Linds bist\u00e5nd.\" width=\"823\" height=\"558\" srcset=\"https:\/\/www.lassebacklund.fi\/wp-content\/uploads\/2017\/07\/26.jpg 1275w, https:\/\/www.lassebacklund.fi\/wp-content\/uploads\/2017\/07\/26-300x203.jpg 300w, https:\/\/www.lassebacklund.fi\/wp-content\/uploads\/2017\/07\/26-768x520.jpg 768w, https:\/\/www.lassebacklund.fi\/wp-content\/uploads\/2017\/07\/26-1024x694.jpg 1024w\" sizes=\"auto, (max-width: 823px) 100vw, 823px\" \/><figcaption id=\"caption-attachment-4860\" class=\"wp-caption-text\">Enligt Erland Krooks beskrivningar s\u00e5g g\u00e5rden ut s\u00e5 h\u00e4r f\u00f6re storskiftet i b\u00f6rjan p\u00e5 1900-talet. Ritningen gjord av Ingeborg Krook med l\u00e4rare Linds bist\u00e5nd.<\/figcaption><\/figure>\n<figure id=\"attachment_4861\" aria-describedby=\"caption-attachment-4861\" style=\"width: 839px\" class=\"wp-caption aligncenter\"><img loading=\"lazy\" decoding=\"async\" class=\" wp-image-4861\" src=\"http:\/\/www.lassebacklund.fi\/wp-content\/uploads\/2017\/07\/27.jpg\" alt=\"I b\u00f6rjan p\u00e5 1930 byggdes nya uthus hos Krook och enligt Ingeborg s\u00e5g uthusen ut s\u00e5 h\u00e4r f\u00f6re ombyggnaden.\" width=\"839\" height=\"646\" srcset=\"https:\/\/www.lassebacklund.fi\/wp-content\/uploads\/2017\/07\/27.jpg 1157w, https:\/\/www.lassebacklund.fi\/wp-content\/uploads\/2017\/07\/27-300x231.jpg 300w, https:\/\/www.lassebacklund.fi\/wp-content\/uploads\/2017\/07\/27-768x591.jpg 768w, https:\/\/www.lassebacklund.fi\/wp-content\/uploads\/2017\/07\/27-1024x789.jpg 1024w\" sizes=\"auto, (max-width: 839px) 100vw, 839px\" \/><figcaption id=\"caption-attachment-4861\" class=\"wp-caption-text\">I b\u00f6rjan p\u00e5 1930 byggdes nya uthus hos Krook och enligt Ingeborg s\u00e5g uthusen ut s\u00e5 h\u00e4r f\u00f6re ombyggnaden.<\/figcaption><\/figure>\n<figure id=\"attachment_4862\" aria-describedby=\"caption-attachment-4862\" style=\"width: 783px\" class=\"wp-caption aligncenter\"><img loading=\"lazy\" decoding=\"async\" class=\" wp-image-4862\" src=\"http:\/\/www.lassebacklund.fi\/wp-content\/uploads\/2017\/07\/28.jpg\" alt=\"Efter ombyggnaden i b\u00f6rjan p\u00e5 1930 talet s\u00e5 s\u00e5g uthusen ut p\u00e5 detta vis.\" width=\"783\" height=\"927\" srcset=\"https:\/\/www.lassebacklund.fi\/wp-content\/uploads\/2017\/07\/28.jpg 1088w, https:\/\/www.lassebacklund.fi\/wp-content\/uploads\/2017\/07\/28-253x300.jpg 253w, https:\/\/www.lassebacklund.fi\/wp-content\/uploads\/2017\/07\/28-768x909.jpg 768w, https:\/\/www.lassebacklund.fi\/wp-content\/uploads\/2017\/07\/28-865x1024.jpg 865w\" sizes=\"auto, (max-width: 783px) 100vw, 783px\" \/><figcaption id=\"caption-attachment-4862\" class=\"wp-caption-text\">Efter ombyggnaden i b\u00f6rjan p\u00e5 1930 talet s\u00e5 s\u00e5g uthusen ut p\u00e5 detta vis.<\/figcaption><\/figure>\n<figure id=\"attachment_4863\" aria-describedby=\"caption-attachment-4863\" style=\"width: 1338px\" class=\"wp-caption aligncenter\"><img loading=\"lazy\" decoding=\"async\" class=\"size-full wp-image-4863\" src=\"http:\/\/www.lassebacklund.fi\/wp-content\/uploads\/2017\/07\/29.jpg\" alt=\"Under denna ritning har Ingeborg Krook skrivit: \u201dInredningen i mitt hem 1934. Ritat av l\u00e4raren.\u201d\" width=\"1338\" height=\"773\" srcset=\"https:\/\/www.lassebacklund.fi\/wp-content\/uploads\/2017\/07\/29.jpg 1338w, https:\/\/www.lassebacklund.fi\/wp-content\/uploads\/2017\/07\/29-300x173.jpg 300w, https:\/\/www.lassebacklund.fi\/wp-content\/uploads\/2017\/07\/29-768x444.jpg 768w, https:\/\/www.lassebacklund.fi\/wp-content\/uploads\/2017\/07\/29-1024x592.jpg 1024w\" sizes=\"auto, (max-width: 1338px) 100vw, 1338px\" \/><figcaption id=\"caption-attachment-4863\" class=\"wp-caption-text\">Under denna ritning har Ingeborg Krook skrivit: \u201dInredningen i mitt hem 1934. Ritat av l\u00e4raren.\u201d<\/figcaption><\/figure>\n<h3><strong>Torparkontrakt 21 april 1840.<\/strong><\/h3>\n<p>I Dagsmark by har det funnits ovanligt m\u00e5nga torp, fr\u00e4mst beroende p\u00e5 att familjerna var stora. De flesta kontrakten gjordes mellan n\u00e4ra sl\u00e4ktingar. I detta fall gjordes kontrakt mellan far som var den sj\u00e4tte \u00e4garen och dennes son och lyder s\u00e5 h\u00e4r:<\/p>\n<p><em>\u201dTorparkontrakt av den 21 april 1840, varigenom bonden Anders Eriksson Finne uppl\u00e5ter ett torp till sonen Johan Henrik Andersson. Tomtst\u00e4llet v\u00e4ster om g\u00e5rden. <\/em><\/p>\n<p><strong><em>Till \u00e5ker<\/em><\/strong><em> 4 tegar i Vallg\u00e4lan, samt 1 linda i samma g\u00e4la upp emot landsv\u00e4gen. I Lillpalon 6 tegar i r\u00e5 med Str\u00f6mbergs \u00e5ker samt 1 linda i Svattmossan: tre tegar b\u00f6rjande vid en upp till tv\u00e4rdiket, samt ett halft tunnland i uppodlingsmarken samt \u00bd lotter i Storsj\u00f6tr\u00e4sk. <\/em><\/p>\n<p><strong><em>Hus<\/em><\/strong><em>: stuga med kammare, f\u00e4hus, stall, foderlada samt rian i lag med bonden (2 riar, torparens ria l\u00e5g s\u00f6der om bondens).<\/em><\/p>\n<p><strong><em>Br\u00e4nnved<\/em><\/strong><em> f\u00e5r huggas 5 famnar \u00e5rligen. H\u00e4lften \u00e5 hemskogsskiftet och h\u00e4lften p\u00e5 L\u00e5ngskiftet.<\/em><\/p>\n<p><strong><em>Villkor<\/em><\/strong><em>: 2 dagsverken varje m\u00e5nad \u00e5rligen. Torpets v\u00e4rde 400 riksdaler riksg\u00e4ldsedlar. Emot torpet f\u00f6rsvinner hans utl\u00f6sen ur fastigheten.\u201d<\/em><\/p>\n<p>Det h\u00e4r torpet som Johan Henrik hade f\u00e5tt 1840 \u00e5tergick \u00e5r 1893 till hemmanet som d\u00e5 \u00e4gdes av Josef Henrik Rosenback.<\/p>\n","protected":false},"excerpt":{"rendered":"<p>Storskiftet 1764-1793 i Dagsmark Det f\u00f6rsta storskiftet i Dagsmark som gjordes mellan \u00e5ren 1764-1793 var nog n\u00f6dv\u00e4ndigt, d\u00e5 man t\u00e4nker att detta hemman d\u00e5 utgjordes av hela 46 skiften \u00f6ver hela byn. Huvudbyggnaden l\u00e5g n\u00e5gonstans p\u00e5 Sebasbackan. H\u00e4r nedan en <a class=\"more-link\" href=\"https:\/\/www.lassebacklund.fi\/?page_id=4892\">Forts\u00e4tt l\u00e4sa <span class=\"screen-reader-text\">  G\u00e5rden Krooks tidiga historia<\/span><span class=\"meta-nav\">&rarr;<\/span><\/a><\/p>\n","protected":false},"author":1,"featured_media":0,"parent":4864,"menu_order":0,"comment_status":"closed","ping_status":"closed","template":"","meta":{"footnotes":""},"class_list":["post-4892","page","type-page","status-publish","hentry"],"_links":{"self":[{"href":"https:\/\/www.lassebacklund.fi\/index.php?rest_route=\/wp\/v2\/pages\/4892","targetHints":{"allow":["GET"]}}],"collection":[{"href":"https:\/\/www.lassebacklund.fi\/index.php?rest_route=\/wp\/v2\/pages"}],"about":[{"href":"https:\/\/www.lassebacklund.fi\/index.php?rest_route=\/wp\/v2\/types\/page"}],"author":[{"embeddable":true,"href":"https:\/\/www.lassebacklund.fi\/index.php?rest_route=\/wp\/v2\/users\/1"}],"replies":[{"embeddable":true,"href":"https:\/\/www.lassebacklund.fi\/index.php?rest_route=%2Fwp%2Fv2%2Fcomments&post=4892"}],"version-history":[{"count":10,"href":"https:\/\/www.lassebacklund.fi\/index.php?rest_route=\/wp\/v2\/pages\/4892\/revisions"}],"predecessor-version":[{"id":4894,"href":"https:\/\/www.lassebacklund.fi\/index.php?rest_route=\/wp\/v2\/pages\/4892\/revisions\/4894"}],"up":[{"embeddable":true,"href":"https:\/\/www.lassebacklund.fi\/index.php?rest_route=\/wp\/v2\/pages\/4864"}],"wp:attachment":[{"href":"https:\/\/www.lassebacklund.fi\/index.php?rest_route=%2Fwp%2Fv2%2Fmedia&parent=4892"}],"curies":[{"name":"wp","href":"https:\/\/api.w.org\/{rel}","templated":true}]}}