{"id":4886,"date":"2017-07-17T21:46:08","date_gmt":"2017-07-17T19:46:08","guid":{"rendered":"http:\/\/www.lassebacklund.fi\/?page_id=4886"},"modified":"2026-01-24T23:38:04","modified_gmt":"2026-01-24T21:38:04","slug":"ingeborg-krook-och-hennes-familj","status":"publish","type":"page","link":"https:\/\/www.lassebacklund.fi\/?page_id=4886","title":{"rendered":"Ingeborg Lindblads g\u00e5rd p\u00e5 Stor\u00e5v\u00e4gen 227"},"content":{"rendered":"<figure id=\"attachment_24429\" aria-describedby=\"caption-attachment-24429\" style=\"width: 2304px\" class=\"wp-caption alignnone\"><img loading=\"lazy\" decoding=\"async\" class=\"wp-image-24429 size-full\" src=\"https:\/\/www.lassebacklund.fi\/wp-content\/uploads\/2025\/07\/2025-Ingeborgas.jpg\" alt=\"\" width=\"2304\" height=\"1704\" srcset=\"https:\/\/www.lassebacklund.fi\/wp-content\/uploads\/2025\/07\/2025-Ingeborgas.jpg 2304w, https:\/\/www.lassebacklund.fi\/wp-content\/uploads\/2025\/07\/2025-Ingeborgas-300x222.jpg 300w, https:\/\/www.lassebacklund.fi\/wp-content\/uploads\/2025\/07\/2025-Ingeborgas-1024x757.jpg 1024w, https:\/\/www.lassebacklund.fi\/wp-content\/uploads\/2025\/07\/2025-Ingeborgas-768x568.jpg 768w, https:\/\/www.lassebacklund.fi\/wp-content\/uploads\/2025\/07\/2025-Ingeborgas-1536x1136.jpg 1536w, https:\/\/www.lassebacklund.fi\/wp-content\/uploads\/2025\/07\/2025-Ingeborgas-2048x1515.jpg 2048w\" sizes=\"auto, (max-width: 2304px) 100vw, 2304px\" \/><figcaption id=\"caption-attachment-24429\" class=\"wp-caption-text\">Den h\u00e4r g\u00e5rden i Palon byggde Gunnar och Ingeborg Lindblad i b\u00f6rjan av 1940-talet. Fotot taget fr\u00e5n sydost sommaren 2025.<\/figcaption><\/figure>\n<p><span style=\"color: #000080;\"><strong>Sammanst\u00e4llt av Lasse Backlund, med uppgifter tagna ur mantalsl\u00e4ngder och lagfarter. Annel Nyholm har bidragit med information och fotografier.<\/strong><\/span><\/p>\n<h3><strong>G\u00e5rdens historia<\/strong><\/h3>\n<p><strong>\u00c5r 1940, den 1 december<\/strong> s\u00e5lde bonden Erland Krook ett omr\u00e5de i Palon \u00e5t sin dotter Ingeborg och hennes man Gunnar Lindblad. Erland hade k\u00f6pt detta omr\u00e5de redan 1928 av Anselm Peltomaa, som i sin tur hade k\u00f6pt det av Erik Johan L\u00e5ng, han som kallades K\u00e5rk Erk J\u00e5han. Omr\u00e5det var p\u00e5 ca 4 ha och det fick namnet L\u00e5ngback 4:69 och k\u00f6peskillingen var 15 000 mark<\/p>\n<p>Genast i b\u00f6rjan av 1940-talet byggde Gunnar, som kallades &#8221;J\u00e5han Viktoras Gunnar&#8221; och hustrun Ingeborg en g\u00e5rd i Palon, p\u00e5 L\u00e5ngback l\u00e4genhet. Gunnar och Ingeborg var b\u00f6nder och hemskiftet L\u00e5ngback, d\u00e4r byggnaderna fanns var ca 4 ha stort. Den st\u00f6rsta \u00e5kern, som hette Ek 2:78 p\u00e5 4,8 ha fanns i Paradiset p\u00e5 andra sidan landsv\u00e4gen och den \u00e5kern som l\u00e5g p\u00e5 det gamla hemmanet \u00c5bro k\u00f6pte de ocks\u00e5 av Erland Krook. K\u00f6pebrevet skrevs 1 december 1940, skiftet kostade 8 000 mark och d\u00e4rtill skulle k\u00f6parna ge livstids sytning \u00e5t Erland och hans hustru Hulda.<\/p>\n<p><strong>\u00c5r 1940, den 1 december<\/strong> k\u00f6pte Gunnar och Ingeborg ett skogsskifte i Lillsj\u00f6 av Ingeborgs far Erland Krook. Skogen, ca 11 ha hade i tiderna tillh\u00f6rt Lillsj\u00f6 Mattasin och \u00e5r 1931 hade Erland k\u00f6pt Mattasinas skog i bolag med Valdemar Rosengren.<\/p>\n<figure id=\"attachment_4858\" aria-describedby=\"caption-attachment-4858\" style=\"width: 736px\" class=\"wp-caption alignnone\"><img loading=\"lazy\" decoding=\"async\" class=\"size-full wp-image-4858\" src=\"http:\/\/www.lassebacklund.fi\/wp-content\/uploads\/2017\/07\/24.jpg\" alt=\"P\u00e5 bilden Ingeborg och Gunnar Lindblad, fotot fr\u00e5n 1940.\" width=\"736\" height=\"526\" srcset=\"https:\/\/www.lassebacklund.fi\/wp-content\/uploads\/2017\/07\/24.jpg 736w, https:\/\/www.lassebacklund.fi\/wp-content\/uploads\/2017\/07\/24-300x214.jpg 300w\" sizes=\"auto, (max-width: 736px) 100vw, 736px\" \/><figcaption id=\"caption-attachment-4858\" class=\"wp-caption-text\">Ingeborg och Gunnar Lindblad, fotot fr\u00e5n 1940.<\/figcaption><\/figure>\n<p>Ingeborg och Gunnar fick 3 d\u00f6ttrar men endast Annel (f. 1944) levde till vuxen \u00e5lder. Men tidigt blev Gunnar sjuk och dog redan 1948 och g\u00e5rden och hemmanet \u00f6vertogs d\u00e5 av dottern Annel och \u00e4nkan Ingeborg. De fortsatte att bo i g\u00e5rden tillsammans med Ingeborgs mor Hulda.<\/p>\n<p>Som \u00e4nka b\u00f6rjade Ingeborg d\u00e5 arbeta p\u00e5 olika st\u00e4llen, bland annat p\u00e5 k\u00f6ket i folkskolan och d\u00e5 m\u00e5ste hon bo i den lilla bostaden p\u00e5 sm\u00e5skolvinden som h\u00f6rde till tj\u00e4nsten. Hon arbetade ocks\u00e5 en tid i Nils Nelsons aff\u00e4r och p\u00e5 De gamlas hem i Kristinestad. D\u00e5 hon fick tips om att det fanns en tj\u00e4nst ledig p\u00e5 Evangeliska Folkh\u00f6gskolan i Vasa och \u00e5r 1969 flyttade hon dit. I samma veva s\u00e5lde hon \u00e5kern p\u00e5 4,8 ha i Paradiset \u00e5t Dick och Irmeli Hemberg. I Vasa bodde och arbetade hon tills hon gick i pension p\u00e5 80-talet. Efter pensioneringen flyttade hon till Blinken i Lappfj\u00e4rd d\u00e4r hon bodde till sin d\u00f6d.<\/p>\n<p><strong>\u00c5r 1969<\/strong> f\u00f6rr\u00e4ttades arvsskifte efter avlidne Gunnar Lindblad, och dottern Annel fick skogsskiftet Mattsson i Lillsj\u00f6, medan modern Ingeborg fick g\u00e5rden, hemskiftet och l\u00e4genheten Ek i Paradiset. Redan den 11 maj samma \u00e5r s\u00e5lde Ingeborg l\u00e4genheten Ek \u00e5t grannen Dick Hemberg.<\/p>\n<p><strong>\u00c5r 1971<\/strong> s\u00e5lde Ingborg g\u00e5rden i Palon \u00e5t Mauno och Inga Rintala, som f\u00f6re det <a href=\"https:\/\/www.lassebacklund.fi\/?page_id=15537\">bodde i Lillsj\u00f6.<\/a> Rintala s\u00e5lde sedan g\u00e5rden vidare \u00e5t den nuvarande \u00e4garen.<\/p>\n<figure id=\"attachment_4859\" aria-describedby=\"caption-attachment-4859\" style=\"width: 893px\" class=\"wp-caption alignnone\"><img loading=\"lazy\" decoding=\"async\" class=\"size-full wp-image-4859\" src=\"http:\/\/www.lassebacklund.fi\/wp-content\/uploads\/2017\/07\/25.jpg\" alt=\"Den h\u00e4r g\u00e5rden byggde Ingeborg och Gunnar Lindblad i b\u00f6rjan p\u00e5 1940-talet. \" width=\"893\" height=\"670\" srcset=\"https:\/\/www.lassebacklund.fi\/wp-content\/uploads\/2017\/07\/25.jpg 893w, https:\/\/www.lassebacklund.fi\/wp-content\/uploads\/2017\/07\/25-300x225.jpg 300w, https:\/\/www.lassebacklund.fi\/wp-content\/uploads\/2017\/07\/25-768x576.jpg 768w\" sizes=\"auto, (max-width: 893px) 100vw, 893px\" \/><figcaption id=\"caption-attachment-4859\" class=\"wp-caption-text\">Den h\u00e4r g\u00e5rden byggde Ingeborg och Gunnar Lindblad i b\u00f6rjan p\u00e5 1940-talet. Fotot taget \u00e5r 2003.<\/figcaption><\/figure>\n<figure id=\"attachment_4898\" aria-describedby=\"caption-attachment-4898\" style=\"width: 746px\" class=\"wp-caption alignnone\"><img loading=\"lazy\" decoding=\"async\" class=\" wp-image-4898\" src=\"http:\/\/www.lassebacklund.fi\/wp-content\/uploads\/2017\/07\/Lindblad-Gunnar-och-Ingeborgs-hem.jpg\" alt=\"G\u00e5rden som Gunnar och Ingeborg Lindblad byggde i b\u00f6rjan p\u00e5 1940-talet i Palon.\" width=\"746\" height=\"473\" srcset=\"https:\/\/www.lassebacklund.fi\/wp-content\/uploads\/2017\/07\/Lindblad-Gunnar-och-Ingeborgs-hem.jpg 1116w, https:\/\/www.lassebacklund.fi\/wp-content\/uploads\/2017\/07\/Lindblad-Gunnar-och-Ingeborgs-hem-300x190.jpg 300w, https:\/\/www.lassebacklund.fi\/wp-content\/uploads\/2017\/07\/Lindblad-Gunnar-och-Ingeborgs-hem-768x487.jpg 768w, https:\/\/www.lassebacklund.fi\/wp-content\/uploads\/2017\/07\/Lindblad-Gunnar-och-Ingeborgs-hem-1024x649.jpg 1024w\" sizes=\"auto, (max-width: 746px) 100vw, 746px\" \/><figcaption id=\"caption-attachment-4898\" class=\"wp-caption-text\">G\u00e5rden som Gunnar och Ingeborg Lindblad byggde i b\u00f6rjan p\u00e5 1940-talet i Palon. Ingeborg (1920-2005) gifte sig \u00e5r 1940 med Gunnar Lindblad (1916-1948) fr\u00e5n Kvarn\u00e5. Gunnar var son till Johan Viktor Lindblad (1889-1965) och Amanda Sofia (f. Lillsj\u00f6 1889-1929).<\/figcaption><\/figure>\n","protected":false},"excerpt":{"rendered":"<p>Sammanst\u00e4llt av Lasse Backlund, med uppgifter tagna ur mantalsl\u00e4ngder och lagfarter. Annel Nyholm har bidragit med information och fotografier. G\u00e5rdens historia \u00c5r 1940, den 1 december s\u00e5lde bonden Erland Krook ett omr\u00e5de i Palon \u00e5t sin dotter Ingeborg och hennes <a class=\"more-link\" href=\"https:\/\/www.lassebacklund.fi\/?page_id=4886\">Forts\u00e4tt l\u00e4sa <span class=\"screen-reader-text\">  Ingeborg Lindblads g\u00e5rd p\u00e5 Stor\u00e5v\u00e4gen 227<\/span><span class=\"meta-nav\">&rarr;<\/span><\/a><\/p>\n","protected":false},"author":1,"featured_media":0,"parent":88,"menu_order":227,"comment_status":"closed","ping_status":"closed","template":"","meta":{"footnotes":""},"class_list":["post-4886","page","type-page","status-publish","hentry"],"_links":{"self":[{"href":"https:\/\/www.lassebacklund.fi\/index.php?rest_route=\/wp\/v2\/pages\/4886","targetHints":{"allow":["GET"]}}],"collection":[{"href":"https:\/\/www.lassebacklund.fi\/index.php?rest_route=\/wp\/v2\/pages"}],"about":[{"href":"https:\/\/www.lassebacklund.fi\/index.php?rest_route=\/wp\/v2\/types\/page"}],"author":[{"embeddable":true,"href":"https:\/\/www.lassebacklund.fi\/index.php?rest_route=\/wp\/v2\/users\/1"}],"replies":[{"embeddable":true,"href":"https:\/\/www.lassebacklund.fi\/index.php?rest_route=%2Fwp%2Fv2%2Fcomments&post=4886"}],"version-history":[{"count":13,"href":"https:\/\/www.lassebacklund.fi\/index.php?rest_route=\/wp\/v2\/pages\/4886\/revisions"}],"predecessor-version":[{"id":25518,"href":"https:\/\/www.lassebacklund.fi\/index.php?rest_route=\/wp\/v2\/pages\/4886\/revisions\/25518"}],"up":[{"embeddable":true,"href":"https:\/\/www.lassebacklund.fi\/index.php?rest_route=\/wp\/v2\/pages\/88"}],"wp:attachment":[{"href":"https:\/\/www.lassebacklund.fi\/index.php?rest_route=%2Fwp%2Fv2%2Fmedia&parent=4886"}],"curies":[{"name":"wp","href":"https:\/\/api.w.org\/{rel}","templated":true}]}}