{"id":4881,"date":"2017-07-17T21:40:15","date_gmt":"2017-07-17T19:40:15","guid":{"rendered":"http:\/\/www.lassebacklund.fi\/?page_id=4881"},"modified":"2017-07-17T21:42:10","modified_gmt":"2017-07-17T19:42:10","slug":"verna-krook-och-hennes-familj","status":"publish","type":"page","link":"https:\/\/www.lassebacklund.fi\/?page_id=4881","title":{"rendered":"Verna Krook och hennes familj."},"content":{"rendered":"<p>Verna (1918-1985) som var dotter till Erland och Hulda Krook gifte sig \u00e5r 1939 med Ragnar L\u00e5ngfors fr\u00e5n Klemets\u00e4ndan. D\u00e5 hennes bror Bertel stupade vid jultiden 1939 i vinterkriget \u00f6vertog Verna och Ragnar hemg\u00e5rden och de blev b\u00f6nder d\u00e4r.<\/p>\n<figure id=\"attachment_4856\" aria-describedby=\"caption-attachment-4856\" style=\"width: 606px\" class=\"wp-caption aligncenter\"><img loading=\"lazy\" decoding=\"async\" class=\" wp-image-4856\" src=\"http:\/\/www.lassebacklund.fi\/wp-content\/uploads\/2017\/07\/22-1.jpg\" alt=\"P\u00e5 bilden Verna och Ragnar L\u00e5ngfors som i slutet p\u00e5 1940-talet s\u00e5lde Krook-g\u00e5rden \u00e5t Ragnars syster Adele och hennes man Selim Eklund. Selim var son till \u201dK\u00e5rk-Viktor\u201d och paret bodde i dennes g\u00e5rd i korsningen till Korsb\u00e4ck.\" width=\"606\" height=\"435\" srcset=\"https:\/\/www.lassebacklund.fi\/wp-content\/uploads\/2017\/07\/22-1.jpg 740w, https:\/\/www.lassebacklund.fi\/wp-content\/uploads\/2017\/07\/22-1-300x215.jpg 300w\" sizes=\"auto, (max-width: 606px) 100vw, 606px\" \/><figcaption id=\"caption-attachment-4856\" class=\"wp-caption-text\">P\u00e5 bilden Verna och Ragnar L\u00e5ngfors som i slutet p\u00e5 1940-talet s\u00e5lde Krook-g\u00e5rden \u00e5t Ragnars syster Adele och hennes man Selim Eklund. Selim var son till \u201dK\u00e5rk-Viktor\u201d och paret bodde i dennes g\u00e5rd i korsningen till Korsb\u00e4ck.<\/figcaption><\/figure>\n<p>Verna och Ragnar som var barnl\u00f6sa stannade i Canada till 1958 d\u00e5 de flyttade tillbaka till Dagsmark och k\u00f6pte det nedlagda mejeriet d\u00e4r Stenstr\u00f6m startat tillverkning av tellblock n\u00e5gra \u00e5r innan. Paret fortsatte verksamheten till \u00e5r 1964 d\u00e5 de s\u00e5lde mejeribyggnaden och r\u00f6relsen \u00e5t Bror och Gunni Lundell. Vill du l\u00e4sa mera om mejeriet och tillverkningen av tellblock, s\u00e5 klicka <a href=\"http:\/\/www.lassebacklund.fi\/?page_id=1332\"><span style=\"text-decoration: underline;\"><span style=\"color: #000080;\"><strong>H\u00c4R!<\/strong><\/span><\/span><\/a><\/p>\n<p>Ragnar och Verna hade redan \u00e5r 1963 byggt en ny g\u00e5rd \u00e5t sig mitt emot mejeribyggnaden och i den bodde de sedan hela livet.<\/p>\n<figure id=\"attachment_4857\" aria-describedby=\"caption-attachment-4857\" style=\"width: 844px\" class=\"wp-caption aligncenter\"><img loading=\"lazy\" decoding=\"async\" class=\"size-full wp-image-4857\" src=\"http:\/\/www.lassebacklund.fi\/wp-content\/uploads\/2017\/07\/23.jpg\" alt=\"Den h\u00e4r g\u00e5rden byggde Ragnar och Verna L\u00e5ngfors \u00e5r 1963 och de bodde h\u00e4r s\u00e5 l\u00e4nge de levde. G\u00e5rden \u00f6vertogs sedan av en n\u00e4ra sl\u00e4kting som ocks\u00e5 bor d\u00e4r.\" width=\"844\" height=\"633\" srcset=\"https:\/\/www.lassebacklund.fi\/wp-content\/uploads\/2017\/07\/23.jpg 844w, https:\/\/www.lassebacklund.fi\/wp-content\/uploads\/2017\/07\/23-300x225.jpg 300w, https:\/\/www.lassebacklund.fi\/wp-content\/uploads\/2017\/07\/23-768x576.jpg 768w\" sizes=\"auto, (max-width: 844px) 100vw, 844px\" \/><figcaption id=\"caption-attachment-4857\" class=\"wp-caption-text\">Den h\u00e4r g\u00e5rden byggde Ragnar och Verna L\u00e5ngfors \u00e5r 1963 och de bodde h\u00e4r s\u00e5 l\u00e4nge de levde. G\u00e5rden \u00f6vertogs sedan av en n\u00e4ra sl\u00e4kting som ocks\u00e5 bor d\u00e4r.<\/figcaption><\/figure>\n<figure id=\"attachment_1323\" aria-describedby=\"caption-attachment-1323\" style=\"width: 1041px\" class=\"wp-caption aligncenter\"><img loading=\"lazy\" decoding=\"async\" class=\"size-full wp-image-1323\" src=\"http:\/\/www.lassebacklund.fi\/wp-content\/uploads\/2016\/10\/8-4.jpg\" alt=\"Tidningsartikel om Ragnar och Verna L\u00e5ngfors i b\u00f6rjan p\u00e5 60-talet. \" width=\"1041\" height=\"1496\" srcset=\"https:\/\/www.lassebacklund.fi\/wp-content\/uploads\/2016\/10\/8-4.jpg 1041w, https:\/\/www.lassebacklund.fi\/wp-content\/uploads\/2016\/10\/8-4-209x300.jpg 209w, https:\/\/www.lassebacklund.fi\/wp-content\/uploads\/2016\/10\/8-4-768x1104.jpg 768w, https:\/\/www.lassebacklund.fi\/wp-content\/uploads\/2016\/10\/8-4-713x1024.jpg 713w\" sizes=\"auto, (max-width: 1041px) 100vw, 1041px\" \/><figcaption id=\"caption-attachment-1323\" class=\"wp-caption-text\">Tidningsartikel om Ragnar och Verna L\u00e5ngfors i b\u00f6rjan p\u00e5 60-talet.<\/figcaption><\/figure>\n","protected":false},"excerpt":{"rendered":"<p>Verna (1918-1985) som var dotter till Erland och Hulda Krook gifte sig \u00e5r 1939 med Ragnar L\u00e5ngfors fr\u00e5n Klemets\u00e4ndan. D\u00e5 hennes bror Bertel stupade vid jultiden 1939 i vinterkriget \u00f6vertog Verna och Ragnar hemg\u00e5rden och de blev b\u00f6nder d\u00e4r. Verna <a class=\"more-link\" href=\"https:\/\/www.lassebacklund.fi\/?page_id=4881\">Forts\u00e4tt l\u00e4sa <span class=\"screen-reader-text\">  Verna Krook och hennes familj.<\/span><span class=\"meta-nav\">&rarr;<\/span><\/a><\/p>\n","protected":false},"author":1,"featured_media":0,"parent":4864,"menu_order":0,"comment_status":"closed","ping_status":"closed","template":"","meta":{"footnotes":""},"class_list":["post-4881","page","type-page","status-publish","hentry"],"_links":{"self":[{"href":"https:\/\/www.lassebacklund.fi\/index.php?rest_route=\/wp\/v2\/pages\/4881","targetHints":{"allow":["GET"]}}],"collection":[{"href":"https:\/\/www.lassebacklund.fi\/index.php?rest_route=\/wp\/v2\/pages"}],"about":[{"href":"https:\/\/www.lassebacklund.fi\/index.php?rest_route=\/wp\/v2\/types\/page"}],"author":[{"embeddable":true,"href":"https:\/\/www.lassebacklund.fi\/index.php?rest_route=\/wp\/v2\/users\/1"}],"replies":[{"embeddable":true,"href":"https:\/\/www.lassebacklund.fi\/index.php?rest_route=%2Fwp%2Fv2%2Fcomments&post=4881"}],"version-history":[{"count":3,"href":"https:\/\/www.lassebacklund.fi\/index.php?rest_route=\/wp\/v2\/pages\/4881\/revisions"}],"predecessor-version":[{"id":4884,"href":"https:\/\/www.lassebacklund.fi\/index.php?rest_route=\/wp\/v2\/pages\/4881\/revisions\/4884"}],"up":[{"embeddable":true,"href":"https:\/\/www.lassebacklund.fi\/index.php?rest_route=\/wp\/v2\/pages\/4864"}],"wp:attachment":[{"href":"https:\/\/www.lassebacklund.fi\/index.php?rest_route=%2Fwp%2Fv2%2Fmedia&parent=4881"}],"curies":[{"name":"wp","href":"https:\/\/api.w.org\/{rel}","templated":true}]}}