{"id":4870,"date":"2017-07-17T21:18:35","date_gmt":"2017-07-17T19:18:35","guid":{"rendered":"http:\/\/www.lassebacklund.fi\/?page_id=4870"},"modified":"2017-07-17T21:34:22","modified_gmt":"2017-07-17T19:34:22","slug":"byggaren-erland-krook","status":"publish","type":"page","link":"https:\/\/www.lassebacklund.fi\/?page_id=4870","title":{"rendered":"Byggaren Erland Krook."},"content":{"rendered":"<p><span style=\"color: #000080;\">Nedtecknat av Lasse Backlund i juli 2017. L\u00e4raren Selim Bj\u00f6rses har tagit bilderna, som nu finns arkiverade p\u00e5 SLS:s i Vasa.<\/span><\/p>\n<p>Erland Krook fr\u00e5n Dagsmark var ju bonde men han var ocks\u00e5 byggare. D\u00e5 s\u00f6dra folkskolan skulle byggas ut med en vinkel inneh\u00e5llande skolsal och l\u00e4rarinnebostad, s\u00e5 var det Erland Krook som tog bygget p\u00e5 entreprenad.<\/p>\n<figure id=\"attachment_4875\" aria-describedby=\"caption-attachment-4875\" style=\"width: 1955px\" class=\"wp-caption aligncenter\"><img loading=\"lazy\" decoding=\"async\" class=\"size-full wp-image-4875\" src=\"http:\/\/www.lassebacklund.fi\/wp-content\/uploads\/2017\/07\/ota295_foto_0184.jpg\" alt=\"Stenfoten \u00e4r lagd p\u00e5 tillbyggnaden vid s\u00f6dra folkskolan i Lappfj\u00e4rd och den granskas h\u00e4r av Karl Knus och Emil Ekman till v\u00e4nster. L\u00e4ngst bak st\u00e5r entrepren\u00f6ren Erland Krook och till h\u00f6ger st\u00e5r fullm\u00e4ktigeordf\u00f6rande Viktor Rosenstedt.\" width=\"1955\" height=\"1242\" srcset=\"https:\/\/www.lassebacklund.fi\/wp-content\/uploads\/2017\/07\/ota295_foto_0184.jpg 1955w, https:\/\/www.lassebacklund.fi\/wp-content\/uploads\/2017\/07\/ota295_foto_0184-300x191.jpg 300w, https:\/\/www.lassebacklund.fi\/wp-content\/uploads\/2017\/07\/ota295_foto_0184-768x488.jpg 768w, https:\/\/www.lassebacklund.fi\/wp-content\/uploads\/2017\/07\/ota295_foto_0184-1024x651.jpg 1024w\" sizes=\"auto, (max-width: 1955px) 100vw, 1955px\" \/><figcaption id=\"caption-attachment-4875\" class=\"wp-caption-text\">Stenfoten \u00e4r lagd p\u00e5 tillbyggnaden vid s\u00f6dra folkskolan i Lappfj\u00e4rd och den granskas h\u00e4r av Karl Knus och Emil Ekman till v\u00e4nster. L\u00e4ngst bak st\u00e5r entrepren\u00f6ren Erland Krook och till h\u00f6ger st\u00e5r fullm\u00e4ktigeordf\u00f6rande Viktor Rosenstedt. Foto Selim Bj\u00f6rses.<\/figcaption><\/figure>\n<figure id=\"attachment_4874\" aria-describedby=\"caption-attachment-4874\" style=\"width: 1967px\" class=\"wp-caption aligncenter\"><img loading=\"lazy\" decoding=\"async\" class=\"size-full wp-image-4874\" src=\"http:\/\/www.lassebacklund.fi\/wp-content\/uploads\/2017\/07\/ota295_foto_0183.jpg\" alt=\"Sommaren 1933 h\u00f6ll Erland Krook och hans mannar p\u00e5 med takkonstruktionen p\u00e5 s\u00f6dra skolans tillbyggnad.\" width=\"1967\" height=\"1254\" srcset=\"https:\/\/www.lassebacklund.fi\/wp-content\/uploads\/2017\/07\/ota295_foto_0183.jpg 1967w, https:\/\/www.lassebacklund.fi\/wp-content\/uploads\/2017\/07\/ota295_foto_0183-300x191.jpg 300w, https:\/\/www.lassebacklund.fi\/wp-content\/uploads\/2017\/07\/ota295_foto_0183-768x490.jpg 768w, https:\/\/www.lassebacklund.fi\/wp-content\/uploads\/2017\/07\/ota295_foto_0183-1024x653.jpg 1024w\" sizes=\"auto, (max-width: 1967px) 100vw, 1967px\" \/><figcaption id=\"caption-attachment-4874\" class=\"wp-caption-text\">Sommaren 1933 h\u00f6ll Erland Krook och hans mannar p\u00e5 med takkonstruktionen p\u00e5 s\u00f6dra skolans tillbyggnad. Foto Selim Bj\u00f6rses.<\/figcaption><\/figure>\n<figure id=\"attachment_4873\" aria-describedby=\"caption-attachment-4873\" style=\"width: 1177px\" class=\"wp-caption aligncenter\"><img loading=\"lazy\" decoding=\"async\" class=\"size-full wp-image-4873\" src=\"http:\/\/www.lassebacklund.fi\/wp-content\/uploads\/2017\/07\/ota295_foto_0181WEB.jpg\" alt=\"P\u00e5 h\u00f6sten 1933 \u00e4r tillbyggnaden f\u00e4rdig. Den v\u00e4nstra ing\u00e5ngen till l\u00e4rarinnan Tekla Skrivars bostad och genom den h\u00f6gra d\u00f6rren kom man till tamburen, en skolsal och skolk\u00f6ket. Till v\u00e4nster st\u00e5r Karl Knus, entrepren\u00f6ren Erland Krook, sedan Emil Ekman och till h\u00f6ger st\u00e5r Viktor Rosenstedt.\" width=\"1177\" height=\"779\" srcset=\"https:\/\/www.lassebacklund.fi\/wp-content\/uploads\/2017\/07\/ota295_foto_0181WEB.jpg 1177w, https:\/\/www.lassebacklund.fi\/wp-content\/uploads\/2017\/07\/ota295_foto_0181WEB-300x199.jpg 300w, https:\/\/www.lassebacklund.fi\/wp-content\/uploads\/2017\/07\/ota295_foto_0181WEB-768x508.jpg 768w, https:\/\/www.lassebacklund.fi\/wp-content\/uploads\/2017\/07\/ota295_foto_0181WEB-1024x678.jpg 1024w\" sizes=\"auto, (max-width: 1177px) 100vw, 1177px\" \/><figcaption id=\"caption-attachment-4873\" class=\"wp-caption-text\">P\u00e5 h\u00f6sten 1933 \u00e4r tillbyggnaden f\u00e4rdig. Den v\u00e4nstra ing\u00e5ngen till l\u00e4rarinnan Tekla Skrivars bostad och genom den h\u00f6gra d\u00f6rren kom man till tamburen, en skolsal och skolk\u00f6ket. Till v\u00e4nster st\u00e5r Karl Knus, entrepren\u00f6ren Erland Krook, sedan Emil Ekman och till h\u00f6ger st\u00e5r Viktor Rosenstedt.<\/figcaption><\/figure>\n<h3><strong>Tillbyggnad av folkskolan i H\u00e4rkmeri.<\/strong><\/h3>\n<p>N\u00e4r den gamla skolan i H\u00e4rkmeri som var byggd runt sekelskiftet blev f\u00f6r liten som var det Erland Krook som gjorde utbyggnaden med l\u00e4rarinnebost\u00e4der, tv\u00e5 klassrum och vaktm\u00e4starbostad.<\/p>\n<p><span style=\"font-family: 'Helvetica','sans-serif';\"><span style=\"color: #000000; font-size: medium;\">Tidningen Syd-\u00d6sterbottens redakt\u00f6r hade ringt upp skolans f\u00f6rest\u00e5ndare, l\u00e4raren A. E. Appel f\u00f6r att h\u00f6ra om hurudan tillbyggnad och renovering det \u00e4r fr\u00e5gan om och han ber\u00e4ttade s\u00e5 h\u00e4r i tidningen 19.1.1935:<\/span><\/span><\/p>\n<p><em><span style=\"font-family: 'Helvetica','sans-serif';\"><span style=\"color: #000000; font-size: medium;\">\u201dDet \u00e4r s\u00e5 s\u00e4kert att det inte \u00e4r alldeles litet bygge\u201d, s\u00e4ger Appel. \u201dArbetena som nu slutf\u00f6rts s\u00e5 n\u00e4r som p\u00e5 m\u00e5lning, tapetsering och br\u00e4dfodring, vilket skulle f\u00e5 anst\u00e5 till sommaren, b\u00f6rjade i fjol i april och ha dragit en kostnad av i runt tal 230,000 mark. F\u00f6r den summan ha vi f\u00e5tt en stor tambur, i vilken 90 elever rymmas utan att tr\u00e4ngsel uppst\u00e5r, tv\u00e5 nya l\u00e4rosalar, l\u00e4rarinnebost\u00e4der om sammanlagt 5 rum och 3 tamburer i \u00f6vre v\u00e5ningen, d\u00e4r \u00e4ven vaktm\u00e4starbostad om ett rum, k\u00f6k och tambur inrymts, samt under golvet en stor och rymlig k\u00e4llare. Slutligen ha de gamla uthusbyggnaderna helt slopats och nya uppf\u00f6rts i st\u00e4llet. <\/span><\/span><\/em><\/p>\n<p><em><span style=\"font-family: 'Helvetica','sans-serif';\"><span style=\"color: #000000; font-size: medium;\">Det \u00e4r nu ett stort och rymligt hus, det m\u00e5 man s\u00e4ga. D\u00e4r finns nu 22 murar, vilket ju ber\u00e4ttar en hel del om proportionerna. Och d\u00e5 inredningsarbetena och br\u00e4dfodringen utf\u00f6rts, vilket skall ske till den 1 augusti, d\u00e5 blir det nog ett mycket st\u00e5tligt skolhus\u201d.<\/span><\/span><\/em><\/p>\n<p>&nbsp;<\/p>\n","protected":false},"excerpt":{"rendered":"<p>Nedtecknat av Lasse Backlund i juli 2017. L\u00e4raren Selim Bj\u00f6rses har tagit bilderna, som nu finns arkiverade p\u00e5 SLS:s i Vasa. Erland Krook fr\u00e5n Dagsmark var ju bonde men han var ocks\u00e5 byggare. D\u00e5 s\u00f6dra folkskolan skulle byggas ut med <a class=\"more-link\" href=\"https:\/\/www.lassebacklund.fi\/?page_id=4870\">Forts\u00e4tt l\u00e4sa <span class=\"screen-reader-text\">  Byggaren Erland Krook.<\/span><span class=\"meta-nav\">&rarr;<\/span><\/a><\/p>\n","protected":false},"author":1,"featured_media":0,"parent":4864,"menu_order":0,"comment_status":"closed","ping_status":"closed","template":"","meta":{"footnotes":""},"class_list":["post-4870","page","type-page","status-publish","hentry"],"_links":{"self":[{"href":"https:\/\/www.lassebacklund.fi\/index.php?rest_route=\/wp\/v2\/pages\/4870","targetHints":{"allow":["GET"]}}],"collection":[{"href":"https:\/\/www.lassebacklund.fi\/index.php?rest_route=\/wp\/v2\/pages"}],"about":[{"href":"https:\/\/www.lassebacklund.fi\/index.php?rest_route=\/wp\/v2\/types\/page"}],"author":[{"embeddable":true,"href":"https:\/\/www.lassebacklund.fi\/index.php?rest_route=\/wp\/v2\/users\/1"}],"replies":[{"embeddable":true,"href":"https:\/\/www.lassebacklund.fi\/index.php?rest_route=%2Fwp%2Fv2%2Fcomments&post=4870"}],"version-history":[{"count":5,"href":"https:\/\/www.lassebacklund.fi\/index.php?rest_route=\/wp\/v2\/pages\/4870\/revisions"}],"predecessor-version":[{"id":4879,"href":"https:\/\/www.lassebacklund.fi\/index.php?rest_route=\/wp\/v2\/pages\/4870\/revisions\/4879"}],"up":[{"embeddable":true,"href":"https:\/\/www.lassebacklund.fi\/index.php?rest_route=\/wp\/v2\/pages\/4864"}],"wp:attachment":[{"href":"https:\/\/www.lassebacklund.fi\/index.php?rest_route=%2Fwp%2Fv2%2Fmedia&parent=4870"}],"curies":[{"name":"wp","href":"https:\/\/api.w.org\/{rel}","templated":true}]}}