{"id":47,"date":"2016-07-12T23:00:13","date_gmt":"2016-07-12T21:00:13","guid":{"rendered":"http:\/\/www.lassebacklund.fi\/wp\/?page_id=47"},"modified":"2025-10-26T22:23:42","modified_gmt":"2025-10-26T20:23:42","slug":"bildgalleri","status":"publish","type":"page","link":"https:\/\/www.lassebacklund.fi\/?page_id=47","title":{"rendered":"Bildgallerier."},"content":{"rendered":"<p>H\u00e4r hittar du b\u00e5de gamla och nya fotografier fr\u00e5n Dagsmark med omnejd. N\u00e4r det g\u00e4ller de gamla fotografierna \u00e4r fotografen ofta ok\u00e4nd men ta g\u00e4rna kontakt om du vet vem som kn\u00e4ppte bilden. Meddela ocks\u00e5 om du har mera uppgifter om fotografierna \u00e4n det som st\u00e5r i bildtexten.<\/p>\n<p>V\u00e4lj kategori genom att klicka p\u00e5 en av knapparna!<\/p>\n<h6><a class=\"fasc-button fasc-size-medium fasc-type-glossy fasc-rounded-medium\" style=\"background-color: #33809e; color: #ffffff;\" href=\"http:\/\/www.lassebacklund.fi\/?page_id=11177\">Br\u00f6llopsfoton<\/a><\/h6>\n<h6><a class=\"fasc-button fasc-size-medium fasc-type-glossy fasc-rounded-medium\" style=\"background-color: #33809e; color: #ffffff;\" href=\"http:\/\/www.lassebacklund.fi\/?page_id=8812\">Dagsmark UF:s foton<\/a><\/h6>\n<h6><a class=\"fasc-button fasc-size-medium fasc-type-glossy fasc-rounded-medium\" style=\"background-color: #33809e; color: #ffffff;\" href=\"http:\/\/www.lassebacklund.fi\/?page_id=13649\">Gruppfoton<\/a><\/h6>\n<h6><a class=\"fasc-button fasc-size-medium fasc-type-glossy fasc-rounded-medium\" style=\"background-color: #33809e; color: #ffffff;\" href=\"http:\/\/www.lassebacklund.fi\/?page_id=6836\">Viktor Nylunds foton<\/a><\/h6>\n<h6><a class=\"fasc-button fasc-size-medium fasc-type-glossy fasc-rounded-medium\" style=\"background-color: #33809e; color: #ffffff;\" href=\"http:\/\/www.lassebacklund.fi\/?page_id=8762\">Ingmar Roseng\u00e5rds foton<\/a><\/h6>\n<h6><a class=\"fasc-button fasc-size-medium fasc-type-glossy fasc-rounded-medium\" style=\"background-color: #33809e; color: #ffffff;\" href=\"http:\/\/www.lassebacklund.fi\/?page_id=5172\">Skolfoton<\/a><\/h6>\n<h6><a class=\"fasc-button fasc-size-medium fasc-type-glossy fasc-rounded-medium\" style=\"background-color: #33809e; color: #ffffff;\" href=\"http:\/\/www.lassebacklund.fi\/?page_id=4555\">Selim Bj\u00f6rses foton<\/a><\/h6>\n<h6><a class=\"fasc-button fasc-size-medium fasc-type-glossy fasc-rounded-medium\" style=\"background-color: #33809e; color: #ffffff;\" href=\"http:\/\/www.lassebacklund.fi\/?page_id=11192\">Fornfynd i Dagsmark<\/a><\/h6>\n<h6><a class=\"fasc-button fasc-size-medium fasc-type-glossy fasc-rounded-medium\" style=\"background-color: #33809e; color: #ffffff;\" href=\"http:\/\/www.lassebacklund.fi\/?page_id=15498\">Vykort fr\u00e5n Dagsmark<\/a><\/h6>\n<h6><a class=\"fasc-button fasc-size-medium fasc-type-glossy fasc-rounded-medium\" style=\"background-color: #33809e; color: #ffffff;\" href=\"http:\/\/www.lassebacklund.fi\/?page_id=15223\">Foton av Lappfj\u00e4rds kyrka<\/a><\/h6>\n<h6><a class=\"fasc-button fasc-size-medium fasc-type-glossy fasc-rounded-medium\" style=\"background-color: #33809e; color: #ffffff;\" href=\"http:\/\/www.lassebacklund.fi\/?page_id=15591\">Trygve Lindqvists foton<\/a><\/h6>\n<h6><a class=\"fasc-button fasc-size-medium fasc-type-glossy fasc-rounded-medium\" style=\"background-color: #33809e; color: #ffffff;\" href=\"https:\/\/www.lassebacklund.fi\/?page_id=19915\">Foton fr\u00e5n Lindells fabrik<\/a><\/h6>\n<p><a class=\"fasc-button fasc-size-medium fasc-type-glossy fasc-rounded-medium\" style=\"background-color: #33809e; color: #ffffff;\" href=\"https:\/\/www.lassebacklund.fi\/?page_id=24970\">Diverse foton fr\u00e5n Lappfj\u00e4rd<\/a><\/p>\n<h6>&nbsp;<\/h6>\n","protected":false},"excerpt":{"rendered":"<p>H\u00e4r hittar du b\u00e5de gamla och nya fotografier fr\u00e5n Dagsmark med omnejd. N\u00e4r det g\u00e4ller de gamla fotografierna \u00e4r fotografen ofta ok\u00e4nd men ta g\u00e4rna kontakt om du vet vem som kn\u00e4ppte bilden. Meddela ocks\u00e5 om du har mera uppgifter <a class=\"more-link\" href=\"https:\/\/www.lassebacklund.fi\/?page_id=47\">Forts\u00e4tt l\u00e4sa <span class=\"screen-reader-text\">  Bildgallerier.<\/span><span class=\"meta-nav\">&rarr;<\/span><\/a><\/p>\n","protected":false},"author":1,"featured_media":0,"parent":0,"menu_order":0,"comment_status":"closed","ping_status":"closed","template":"","meta":{"footnotes":""},"class_list":["post-47","page","type-page","status-publish","hentry"],"_links":{"self":[{"href":"https:\/\/www.lassebacklund.fi\/index.php?rest_route=\/wp\/v2\/pages\/47","targetHints":{"allow":["GET"]}}],"collection":[{"href":"https:\/\/www.lassebacklund.fi\/index.php?rest_route=\/wp\/v2\/pages"}],"about":[{"href":"https:\/\/www.lassebacklund.fi\/index.php?rest_route=\/wp\/v2\/types\/page"}],"author":[{"embeddable":true,"href":"https:\/\/www.lassebacklund.fi\/index.php?rest_route=\/wp\/v2\/users\/1"}],"replies":[{"embeddable":true,"href":"https:\/\/www.lassebacklund.fi\/index.php?rest_route=%2Fwp%2Fv2%2Fcomments&post=47"}],"version-history":[{"count":44,"href":"https:\/\/www.lassebacklund.fi\/index.php?rest_route=\/wp\/v2\/pages\/47\/revisions"}],"predecessor-version":[{"id":24973,"href":"https:\/\/www.lassebacklund.fi\/index.php?rest_route=\/wp\/v2\/pages\/47\/revisions\/24973"}],"wp:attachment":[{"href":"https:\/\/www.lassebacklund.fi\/index.php?rest_route=%2Fwp%2Fv2%2Fmedia&parent=47"}],"curies":[{"name":"wp","href":"https:\/\/api.w.org\/{rel}","templated":true}]}}