{"id":453,"date":"2016-09-13T17:21:51","date_gmt":"2016-09-13T15:21:51","guid":{"rendered":"http:\/\/www.lassebacklund.fi\/?page_id=453"},"modified":"2025-03-12T23:26:54","modified_gmt":"2025-03-12T21:26:54","slug":"erikas-almas-gard-pa-dagsmarkvagen-257","status":"publish","type":"page","link":"https:\/\/www.lassebacklund.fi\/?page_id=453","title":{"rendered":"Erikas Almas g\u00e5rd p\u00e5 Dagsmarkv\u00e4gen 257"},"content":{"rendered":"<figure id=\"attachment_444\" aria-describedby=\"caption-attachment-444\" style=\"width: 591px\" class=\"wp-caption alignnone\"><img loading=\"lazy\" decoding=\"async\" class=\"wp-image-444 size-full\" src=\"https:\/\/www.lassebacklund.fi\/wp-content\/uploads\/2016\/09\/1-2.jpg\" alt=\"1\" width=\"591\" height=\"346\" srcset=\"https:\/\/www.lassebacklund.fi\/wp-content\/uploads\/2016\/09\/1-2.jpg 591w, https:\/\/www.lassebacklund.fi\/wp-content\/uploads\/2016\/09\/1-2-300x176.jpg 300w\" sizes=\"auto, (max-width: 591px) 100vw, 591px\" \/><figcaption id=\"caption-attachment-444\" class=\"wp-caption-text\">Den h\u00e4r g\u00e5rden i Klemets\u00e4ndan byggdes p\u00e5 1800-talet av Karl Viktor Klemets.<\/figcaption><\/figure>\n<p><strong><span style=\"color: #000080;\">Sammanst\u00e4llt av Lasse Backlund 2015, med hj\u00e4lp av Anita Bj\u00f6rklund och Disa Ragn\u00e4s.<\/span><\/strong><\/p>\n<h3><strong>G\u00e5rdens historia<\/strong><\/h3>\n<h5><strong>Karl Viktor Klemets, senare Engstr\u00f6m<\/strong><\/h5>\n<p>Den h\u00e4r g\u00e5rden i Klemets\u00e4ndan byggdes p\u00e5 1800-talet av Karl Viktor Klemets (1853-1923) som senare tog namnet Engstr\u00f6m. Karl Viktor var son till mj\u00f6lnaren Johan <u>Erik<\/u> Klemets (1827-1868) och Anna Kajsa, f. Storkull (f. 1827) som \u00e4gde 1\/12 mantal av Klemets hemman. Karl Viktor och hans hustru Maria Helena (f. Eriks i Tj\u00f6ck 1858-1940) som kallades f\u00f6r Maja Lena \u00f6vertog i januari 1887 h\u00e4lften av detta hemman, allts\u00e5 1\/24 mantal av Karl Viktors mor, \u00e4nkan Anna Kajsa. Anna Kajsa hade blivit \u00e4nka 1868 under de sv\u00e5ra hungersn\u00f6d\u00e5ren, strax efter att hela 4 av hennes barn hade d\u00f6tt.<\/p>\n<p>I Karl Viktors och Maja Lenas k\u00f6p ingick halva hemmanet och andelar i Dagsmark Storsj\u00f6 och Lillsj\u00f6 tr\u00e4sk men Anna Kajsa \u201d<em>f\u00f6rbeh\u00e5ller mig min qvarnplats och veg dertill, samt vattenledning och sytning till min d\u00f6de dag<\/em>\u201d. P\u00e5 samma g\u00e5ng k\u00f6pte Karl Viktor och Maja Lena ocks\u00e5 brodern Josef Henriks del av hemmanet, vilket betydde att hela hemmanet nu var 1\/24 mantal stort. \u00c4nkan Anna Kajsa \u00f6verl\u00e4t sedan kvarnen och sin andel p\u00e5 1\/24 mantal av hemmanet \u00e5t Karl Viktors bror Anders, som dog s\u00e5 ung men som hann f\u00e5 dottern Alexandra eller Sandra som hon kallades d\u00e5 hon var sm\u00e5skoll\u00e4rarinna i Dagsmark.<\/p>\n<p>Bonden Karl Viktor och Maja Lena fick lagfart p\u00e5 denna Eriksson ben\u00e4mnda l\u00e4genhet 1891. Det \u00e4r allts\u00e5 fullt m\u00f6jligt att det kan vara Karl Viktors far, mj\u00f6lnaren och bonden Erik Klemets som byggde g\u00e5rden. Namnet \u201dErikas\u201d kommer troligtvis av Karl Viktors far Erik. \u00a0Denna Erik hade erh\u00e5llit hemmanet, som v\u00e4rderades till 207 rubel silver av sin mor, \u00e4nkan Anna Greta (f. 1791). Hon hade varit gift med mj\u00f6lnaren Anders Klemets (1794-1834). Ordet \u201derh\u00e5llit\u201d l\u00e5ter ju som att Erik hade f\u00e5tt hemmanet gratis men det betydde nog n\u00e5got helt annat, f\u00f6r i k\u00f6pebrevet st\u00e5r det klart att Erik skall betala stora summor \u00e5t sina syskon som utl\u00f6sen.<\/p>\n<h6>D\u00e4rtill skulle Erik ge sytning \u00e5t sin mor, bland annat det h\u00e4r:<\/h6>\n<h6>-tre tunnor spannm\u00e5l, till h\u00e4lften r\u00e5g och h\u00e4lften korn. En fj\u00e4rding f\u00e4rsk str\u00f6mming, en fj\u00e4rdedels tunna salt, ett ordentligt f\u00e5r till slakt samt 2 par pjexor.<\/h6>\n<h6>-foder f\u00f6r en ko och tre f\u00e5r eller 8 skrindar h\u00f6<\/h6>\n<h6>-fyra kappland \u00e5ker till potatis- och linodling, som hemmans\u00e4garen b\u00f6r v\u00e4l bruka och g\u00f6dsla, \u00e4vensom h\u00e4st till kyrkan och n\u00f6diga resor.<\/h6>\n<h6>-r\u00e4tten att bo kvar i sin sytningsstuga, huggen, torr och hemk\u00f6rd ved och r\u00e4tt att anv\u00e4nda n\u00f6diga uthus och f\u00e4hus.<\/h6>\n<figure id=\"attachment_445\" aria-describedby=\"caption-attachment-445\" style=\"width: 1181px\" class=\"wp-caption aligncenter\"><img loading=\"lazy\" decoding=\"async\" class=\"size-full wp-image-445\" src=\"http:\/\/www.lassebacklund.fi\/wp-content\/uploads\/2016\/09\/2-3.jpg\" alt=\"P\u00e5 storskifteskartan s\u00e5 ser vi att hemmanen Eriksson och Vesterg\u00e5rd l\u00e5g v\u00e4ldigt n\u00e4ra varandra, de hade till och med samma infart fr\u00e5n landsv\u00e4gen. I och med storskiftet fick de alla \u00e4gor samlade p\u00e5 ett st\u00e4lle, fr\u00e5n \u00e5n upp mot skogen. Karl Viktor Engstr\u00f6ms bror Erik Johan Klemets (1843-1893) blev bonde p\u00e5 Vesterg\u00e5rd hemmanet och det \u00f6vertogs i f\u00f6ljande generation av dottern Ida Maria och hennes man Henrik Vesterg\u00e5rd. \" width=\"1181\" height=\"894\" srcset=\"https:\/\/www.lassebacklund.fi\/wp-content\/uploads\/2016\/09\/2-3.jpg 1181w, https:\/\/www.lassebacklund.fi\/wp-content\/uploads\/2016\/09\/2-3-300x227.jpg 300w, https:\/\/www.lassebacklund.fi\/wp-content\/uploads\/2016\/09\/2-3-768x581.jpg 768w, https:\/\/www.lassebacklund.fi\/wp-content\/uploads\/2016\/09\/2-3-1024x775.jpg 1024w\" sizes=\"auto, (max-width: 1181px) 100vw, 1181px\" \/><figcaption id=\"caption-attachment-445\" class=\"wp-caption-text\">P\u00e5 storskifteskartan s\u00e5 ser vi att hemmanen Eriksson och Vesterg\u00e5rd l\u00e5g v\u00e4ldigt n\u00e4ra varandra, de hade till och med samma infart fr\u00e5n landsv\u00e4gen. I och med storskiftet fick de alla \u00e4gor samlade p\u00e5 ett st\u00e4lle, fr\u00e5n \u00e5n upp mot skogen. Karl Viktor Engstr\u00f6ms bror Erik Johan Klemets (1843-1893) blev bonde p\u00e5 Vesterg\u00e5rd hemmanet och det \u00f6vertogs i f\u00f6ljande generation av dottern Ida Maria och hennes man Henrik Vesterg\u00e5rd.<\/figcaption><\/figure>\n<p>Karl Viktor Engstr\u00f6m (Klemets) var bror bland till Anna Kajsa (1864-1916) som var gift med Gr\u00f6ndahlas Josip, och till mj\u00f6lnaren Anders (f. 1867 men dog redan 1898 av anstr\u00e4ngningen d\u00e5 han skulle v\u00e4nda en kvarnsten vid kvarnen, tillsammans med sin hustru Storfors Mathilda). Vill du l\u00e4sa mera om mj\u00f6lnaren Anders och om Klemets Kvarn, s\u00e5 klicka <a href=\"http:\/\/www.lassebacklund.fi\/?page_id=1587\"><span style=\"color: #000080;\"><strong><u>H\u00c4R<\/u><\/strong>!<\/span><\/a><\/p>\n<p>Karl Viktor Engstr\u00f6m och hans Maja Lena fick flera barn och \u00e5r 1907 \u00f6verl\u00e4t de hemmanet \u00e5t barnen Alvina och Johan Viktor. Dessa skulle betala stora pengar som utl\u00f6sen \u00e5t sina tv\u00e5 syskon Selma (1888-1909) och till Ida (f. 1893) och d\u00e4rtill sytning till f\u00f6r\u00e4ldrarna s\u00e5 l\u00e4nge de levde. Nu gick det inte b\u00e4ttre \u00e4n att b\u00e5de Alvina, Johan Viktor och Selma dog unga s\u00e5 det blev den yngsta dottern Ida som fick \u00f6verta hemmanet.<\/p>\n<h5><strong>Ida Engstr\u00f6m gifter sig med Viktor Bj\u00f6rklund och de tar \u00f6ver<\/strong><\/h5>\n<p>S\u00e5 det var endast dottern Ida Engstr\u00f6m (f. 1893) som levde till vuxen \u00e5lder och den 11\u00a0 juli 1922 d\u00e5 Ida var 28 \u00e5r gammal gifte hon sig med Viktor Viktorssson Bj\u00f6rklund (1892-1930) fr\u00e5n Tj\u00f6ck. Fyra dagar senare, allts\u00e5 den 15 juli 1922 \u00f6vertog Ida och hennes man Viktor hela Eriksson hemmanet p\u00e5 1\/24 mtl av Idas f\u00f6r\u00e4ldrar. K\u00f6peskillingen utgjordes av livstids sytning enligt ett skilt kontrakt.<\/p>\n<figure id=\"attachment_446\" aria-describedby=\"caption-attachment-446\" style=\"width: 404px\" class=\"wp-caption alignnone\"><img loading=\"lazy\" decoding=\"async\" class=\"size-full wp-image-446\" src=\"http:\/\/www.lassebacklund.fi\/wp-content\/uploads\/2016\/09\/3-1.jpg\" alt=\"H\u00e4r p\u00e5 fotot Viktor Bj\u00f6rklund fr\u00e5n Tj\u00f6ck som gifte sig med Ida. \" width=\"404\" height=\"722\" srcset=\"https:\/\/www.lassebacklund.fi\/wp-content\/uploads\/2016\/09\/3-1.jpg 404w, https:\/\/www.lassebacklund.fi\/wp-content\/uploads\/2016\/09\/3-1-168x300.jpg 168w\" sizes=\"auto, (max-width: 404px) 100vw, 404px\" \/><figcaption id=\"caption-attachment-446\" class=\"wp-caption-text\">Viktor Bj\u00f6rklund fr\u00e5n Tj\u00f6ck som gifte sig med Ida i juli 1922.<\/figcaption><\/figure>\n<p>D\u00e5 Viktor fr\u00e5n Tj\u00f6ck och hans Ida \u00e5r 1922 blev b\u00f6nder p\u00e5 hemmanet Eriksson, s\u00e5 byggde de en lillstuga \u00e5t Maja Lena, som fortfarande st\u00e5r kvar med gaveln mot v\u00e4gen. \u201dErikas\u201d Viktor och Ida fick endast en dotter, Gerda som f\u00f6ddes i juli 1925 men dog redan i november. Ida dog i barns\u00e4ng \u00e5r 1925 s\u00e5 nu bodde \u00e4nklingen Viktor ensam i det stora huset medan sv\u00e4rmodern Maja Lena bodde i den nybyggda lillstugan p\u00e5 g\u00e5rden.<\/p>\n<figure id=\"attachment_447\" aria-describedby=\"caption-attachment-447\" style=\"width: 1386px\" class=\"wp-caption aligncenter\"><img loading=\"lazy\" decoding=\"async\" class=\"size-full wp-image-447\" src=\"http:\/\/www.lassebacklund.fi\/wp-content\/uploads\/2016\/09\/4-2.jpg\" alt=\"Den h\u00e4r lillstugan som fortfarande st\u00e5r kvar byggdes i b\u00f6rjan p\u00e5 1920-talet. Fotot taget fr\u00e5n sydv\u00e4st \u00e5r 2015.\" width=\"1386\" height=\"1040\" srcset=\"https:\/\/www.lassebacklund.fi\/wp-content\/uploads\/2016\/09\/4-2.jpg 1386w, https:\/\/www.lassebacklund.fi\/wp-content\/uploads\/2016\/09\/4-2-300x225.jpg 300w, https:\/\/www.lassebacklund.fi\/wp-content\/uploads\/2016\/09\/4-2-768x576.jpg 768w, https:\/\/www.lassebacklund.fi\/wp-content\/uploads\/2016\/09\/4-2-1024x768.jpg 1024w\" sizes=\"auto, (max-width: 1386px) 100vw, 1386px\" \/><figcaption id=\"caption-attachment-447\" class=\"wp-caption-text\">Den h\u00e4r lillstugan som fortfarande st\u00e5r kvar byggdes i b\u00f6rjan p\u00e5 1920-talet. Fotot taget fr\u00e5n sydv\u00e4st \u00e5r 2015.<\/figcaption><\/figure>\n<figure id=\"attachment_448\" aria-describedby=\"caption-attachment-448\" style=\"width: 970px\" class=\"wp-caption aligncenter\"><img loading=\"lazy\" decoding=\"async\" class=\"size-full wp-image-448\" src=\"http:\/\/www.lassebacklund.fi\/wp-content\/uploads\/2016\/09\/5-2.jpg\" alt=\"Efter kriget bodde det evakuerade karelare i lillstugan till h\u00f6ger p\u00e5 fotot. Det var skomakaren Oskari Kaislakari och hans hustru Eeva, tillsammans med barnen Eino, Eero, Inkeri och Venla. Eftersom de hade boskap med sig fr\u00e5n Karelen s\u00e5 flyttade de efter en tid till Roras-Viktors tomma g\u00e5rd d\u00e4r det fanns ett f\u00e4hus \u00e5t djuren. Roras-Viktor R\u00f6nnqvists g\u00e5rd l\u00e5g n\u00e4stan tv\u00e4rs \u00f6ver landsv\u00e4gen, d\u00e4r Kangas g\u00e5rd st\u00e5r i dag. Kaislakaris flyttade sedan till \u00c5bo men de hade regelbunden kontakt med Anita och Margit, som st\u00e5r till v\u00e4nster p\u00e5 bilden.\" width=\"970\" height=\"676\" srcset=\"https:\/\/www.lassebacklund.fi\/wp-content\/uploads\/2016\/09\/5-2.jpg 970w, https:\/\/www.lassebacklund.fi\/wp-content\/uploads\/2016\/09\/5-2-300x209.jpg 300w, https:\/\/www.lassebacklund.fi\/wp-content\/uploads\/2016\/09\/5-2-768x535.jpg 768w\" sizes=\"auto, (max-width: 970px) 100vw, 970px\" \/><figcaption id=\"caption-attachment-448\" class=\"wp-caption-text\">Efter kriget bodde det evakuerade karelare i lillstugan till h\u00f6ger p\u00e5 fotot. Det var skomakaren Oskari Kaislakari och hans hustru Eeva, tillsammans med barnen Eino, Eero, Inkeri och Venla. Eftersom de hade boskap med sig fr\u00e5n Karelen s\u00e5 flyttade de efter en tid till Roras-Viktors tomma g\u00e5rd d\u00e4r det fanns ett f\u00e4hus \u00e5t djuren. Roras-Viktor R\u00f6nnqvists g\u00e5rd l\u00e5g n\u00e4stan tv\u00e4rs \u00f6ver landsv\u00e4gen, d\u00e4r Kangas g\u00e5rd st\u00e5r i dag. Kaislakaris flyttade sedan till \u00c5bo men de hade regelbunden kontakt med Anita och Margit, som st\u00e5r till v\u00e4nster p\u00e5 bilden.<\/figcaption><\/figure>\n<h5><strong>Viktor och Alma Bj\u00f6rklund tar \u00f6ver<\/strong><\/h5>\n<p>I april \u00e5r 1927 gifte Viktor om sig med Alma Norrgrann (1898-1962) hemma fr\u00e5n \u00d6mossa. Alma var dotter till Josef Henrik Norrgrann (tidigare Vikb\u00e4ck och Skogman f.1855, d. 1918) och till Greta Sofia (f. Eriks i Tj\u00f6ck \u00e5r 1863). Det speciella h\u00e4r \u00e4r att Viktors nya sv\u00e4rmor Greta Sofia var syster till hans tidigare sv\u00e4rmor Maria Helena, som ju bodde i lillstugan p\u00e5 g\u00e5rden.<\/p>\n<p>Almas \u00e4ldre bror \u201dDragholms Hindrik\u201d Henrik Norrgrann hade redan \u00e5r 1913 gift sig med \u201dTr\u00e4sk Kalles\u201d dotter Adelina Rosenqvist, som hade bosatt sig i Kvarn\u00e5 n\u00e4ra Dragholmen. (Vill du l\u00e4sa mera om Henrik Norrgrann och Adelina i Kvarn\u00e5, s\u00e5 klicka <a href=\"http:\/\/www.lassebacklund.fi\/?page_id=3935\"><span style=\"color: #000080;\"><strong><u>H\u00c4R<\/u><\/strong>!)<\/span><\/a><\/p>\n<figure id=\"attachment_449\" aria-describedby=\"caption-attachment-449\" style=\"width: 455px\" class=\"wp-caption aligncenter\"><img loading=\"lazy\" decoding=\"async\" class=\" wp-image-449\" src=\"http:\/\/www.lassebacklund.fi\/wp-content\/uploads\/2016\/09\/6-2.jpg\" alt=\"P\u00e5 bilden \u00d6mossaflickan Alma Norrgrann p\u00e5 sin konfirmationsdag.\" width=\"455\" height=\"602\" srcset=\"https:\/\/www.lassebacklund.fi\/wp-content\/uploads\/2016\/09\/6-2.jpg 912w, https:\/\/www.lassebacklund.fi\/wp-content\/uploads\/2016\/09\/6-2-227x300.jpg 227w, https:\/\/www.lassebacklund.fi\/wp-content\/uploads\/2016\/09\/6-2-768x1015.jpg 768w, https:\/\/www.lassebacklund.fi\/wp-content\/uploads\/2016\/09\/6-2-775x1024.jpg 775w\" sizes=\"auto, (max-width: 455px) 100vw, 455px\" \/><figcaption id=\"caption-attachment-449\" class=\"wp-caption-text\">\u00d6mossaflickan Alma Norrgrann p\u00e5 sin konfirmationsdag.<\/figcaption><\/figure>\n<h5><strong>\u00c4nkan Alma Bj\u00f6rklund tar \u00f6ver<\/strong><\/h5>\n<p>P\u00e5 h\u00f6sten 1927 fick Viktor och Alma sin f\u00f6rsta dotter, Margit och tv\u00e5 \u00e5r senare fick de den andra dottern Anita. Men redan \u00e5r 1930 s\u00e5 dog Viktor och nu stod Alma d\u00e4r med de sm\u00e5 flickorna, medan mannens f\u00f6re detta sv\u00e4rmor bodde i lillstugan. Trots att Alma var endast 32 \u00e5r d\u00e5 Viktor dog s\u00e5 gifte hon aldrig om sig. Det fanns gott om m\u00e4n som uppvaktade henne men hon hade beslutit att inte gifta om sig. Detta f\u00f6r att skydda de sm\u00e5 flickorna genom att inte ge dem n\u00e5gon styvfar, som kunde ha behandlat dem illa. H\u00e4lften av hemmanet Eriksson \u00f6vertogs av d\u00f6ttrarna Margit och Anita medan Alma beh\u00f6ll sin arvedel.<\/p>\n<p>Alma och de 2 d\u00f6ttrarna som kallades f\u00f6r \u201dAlmaas fleckor\u201d m\u00e5ste nu arbeta h\u00e5rt med jordbruket, men till deras hj\u00e4lp hade de alltid n\u00e5gon dr\u00e4ng. De flesta dr\u00e4ngar var finskatalande vilket betydde att b\u00e5da flickorna i ett tidigt skede l\u00e4rde sig finska flytande. N\u00e4r Anita b\u00f6rjade i folkskolan s\u00e5 fanns det redan en annan Anita Bj\u00f6rklund (Anita Helena 1926-1978, dotter till Lid-Viktor, gift Backlund, var bosatt i Sverige) som gick p\u00e5 en h\u00f6gre klass och d\u00e5 best\u00e4mde l\u00e4raren att Erikas Anita skulle heta Anita Engstr\u00f6m, f\u00f6r att l\u00e4ttare kunna skilja flickorna \u00e5t.<\/p>\n<figure id=\"attachment_450\" aria-describedby=\"caption-attachment-450\" style=\"width: 356px\" class=\"wp-caption aligncenter\"><img loading=\"lazy\" decoding=\"async\" class=\" wp-image-450\" src=\"http:\/\/www.lassebacklund.fi\/wp-content\/uploads\/2016\/09\/7-2.jpg\" alt=\"H\u00e4r p\u00e5 bilden Margit Bj\u00f6rklund i konfirmations\u00e5ldern.\" width=\"356\" height=\"554\" srcset=\"https:\/\/www.lassebacklund.fi\/wp-content\/uploads\/2016\/09\/7-2.jpg 718w, https:\/\/www.lassebacklund.fi\/wp-content\/uploads\/2016\/09\/7-2-193x300.jpg 193w, https:\/\/www.lassebacklund.fi\/wp-content\/uploads\/2016\/09\/7-2-658x1024.jpg 658w\" sizes=\"auto, (max-width: 356px) 100vw, 356px\" \/><figcaption id=\"caption-attachment-450\" class=\"wp-caption-text\">Margit Bj\u00f6rklund i konfirmations\u00e5ldern.<\/figcaption><\/figure>\n<h5><strong>Margit och Anita tar \u00f6ver<\/strong><\/h5>\n<p><strong>\u00c5r 1961, den 15 januari<\/strong> s\u00e5lde Alma Bj\u00f6rklund sitta halva hemman i lika stora delar \u00e5t sina d\u00f6ttrar Margit och Anita, som efter detta \u00e4gde hela hemmanet. K\u00f6peskillingen utgjorde 200 000 mark, plus livstids sytning \u00e5t modern Alma.<\/p>\n<p>Den \u00e4ldre systern Margit gifte sig \u00e5r 1963 med B\u00f6rje Ragn\u00e4s (1937-2015) fr\u00e5n Tj\u00f6ck och de bodde i den stora huvudg\u00e5rden fram till \u00e5r 1967 d\u00e5 de byggde ett nytt hus \u00e5t sig n\u00e4rmare landsv\u00e4gen. Den gamla g\u00e5rden stod kvar till b\u00f6rjan av 1980-talet d\u00e5 den revs f\u00f6r att ge plats \u00e5t ett potatislager. Margit och B\u00f6rje fick 3 barn och ett av barnen \u00e4r nu jordbrukare p\u00e5 hemmanet. Margit avled pl\u00f6tsligt \u00e5r 1977 i en \u00e5lder av 50 \u00e5r och maken B\u00f6rje bodde de sista \u00e5ren av sitt liv i Lappfj\u00e4rd.<\/p>\n<figure id=\"attachment_451\" aria-describedby=\"caption-attachment-451\" style=\"width: 414px\" class=\"wp-caption aligncenter\"><img loading=\"lazy\" decoding=\"async\" class=\"size-full wp-image-451\" src=\"http:\/\/www.lassebacklund.fi\/wp-content\/uploads\/2016\/09\/8-2.jpg\" alt=\"P\u00e5 fotot Anita Bj\u00f6rklund framf\u00f6r den gamla bondg\u00e5rden.\" width=\"414\" height=\"601\" srcset=\"https:\/\/www.lassebacklund.fi\/wp-content\/uploads\/2016\/09\/8-2.jpg 414w, https:\/\/www.lassebacklund.fi\/wp-content\/uploads\/2016\/09\/8-2-207x300.jpg 207w\" sizes=\"auto, (max-width: 414px) 100vw, 414px\" \/><figcaption id=\"caption-attachment-451\" class=\"wp-caption-text\">Anita Bj\u00f6rklund framf\u00f6r den gamla bondg\u00e5rden.<\/figcaption><\/figure>\n<figure id=\"attachment_452\" aria-describedby=\"caption-attachment-452\" style=\"width: 1600px\" class=\"wp-caption aligncenter\"><img loading=\"lazy\" decoding=\"async\" class=\"size-full wp-image-452\" src=\"http:\/\/www.lassebacklund.fi\/wp-content\/uploads\/2016\/09\/9-1.jpg\" alt=\"\u00c5r 2003 s\u00e5g huset ut h\u00e4r som B\u00f6rje och Margit Ragn\u00e4s byggde \u00e5r 1967, det har efter det renoverats grundligt av den nuvarande \u00e4garen. L\u00e4ngst till h\u00f6ger syns lillstugan som Viktor Bj\u00f6rklund byggde \u00e5t sin sv\u00e4rmor Maja-Lena n\u00e5gon g\u00e5ng p\u00e5 1920-talet.\" width=\"1600\" height=\"1200\" srcset=\"https:\/\/www.lassebacklund.fi\/wp-content\/uploads\/2016\/09\/9-1.jpg 1600w, https:\/\/www.lassebacklund.fi\/wp-content\/uploads\/2016\/09\/9-1-300x225.jpg 300w, https:\/\/www.lassebacklund.fi\/wp-content\/uploads\/2016\/09\/9-1-768x576.jpg 768w, https:\/\/www.lassebacklund.fi\/wp-content\/uploads\/2016\/09\/9-1-1024x768.jpg 1024w\" sizes=\"auto, (max-width: 1600px) 100vw, 1600px\" \/><figcaption id=\"caption-attachment-452\" class=\"wp-caption-text\">\u00c5r 2003 s\u00e5g huset ut h\u00e4r som B\u00f6rje och Margit Ragn\u00e4s byggde \u00e5r 1967, det har efter det renoverats grundligt av den nuvarande \u00e4garen. L\u00e4ngst till h\u00f6ger syns lillstugan som Viktor Bj\u00f6rklund byggde \u00e5t sin sv\u00e4rmor Maja Lena n\u00e5gon g\u00e5ng p\u00e5 1920-talet.<\/figcaption><\/figure>\n<p>Den yngre systern Anita bodde i lillstugan tillsammans med sin dotter, som flyttade till Sverige d\u00e5 hon blev vuxen. \u00c5r 2000 byggde Anita en ny g\u00e5rd \u00e5t sig i n\u00e4rheten, och efter det har ingen bott i lillstugan.<\/p>\n","protected":false},"excerpt":{"rendered":"<p>Sammanst\u00e4llt av Lasse Backlund 2015, med hj\u00e4lp av Anita Bj\u00f6rklund och Disa Ragn\u00e4s. G\u00e5rdens historia Karl Viktor Klemets, senare Engstr\u00f6m Den h\u00e4r g\u00e5rden i Klemets\u00e4ndan byggdes p\u00e5 1800-talet av Karl Viktor Klemets (1853-1923) som senare tog namnet Engstr\u00f6m. Karl Viktor <a class=\"more-link\" href=\"https:\/\/www.lassebacklund.fi\/?page_id=453\">Forts\u00e4tt l\u00e4sa <span class=\"screen-reader-text\">  Erikas Almas g\u00e5rd p\u00e5 Dagsmarkv\u00e4gen 257<\/span><span class=\"meta-nav\">&rarr;<\/span><\/a><\/p>\n","protected":false},"author":1,"featured_media":0,"parent":61,"menu_order":257,"comment_status":"closed","ping_status":"closed","template":"","meta":{"footnotes":""},"class_list":["post-453","page","type-page","status-publish","hentry"],"_links":{"self":[{"href":"https:\/\/www.lassebacklund.fi\/index.php?rest_route=\/wp\/v2\/pages\/453","targetHints":{"allow":["GET"]}}],"collection":[{"href":"https:\/\/www.lassebacklund.fi\/index.php?rest_route=\/wp\/v2\/pages"}],"about":[{"href":"https:\/\/www.lassebacklund.fi\/index.php?rest_route=\/wp\/v2\/types\/page"}],"author":[{"embeddable":true,"href":"https:\/\/www.lassebacklund.fi\/index.php?rest_route=\/wp\/v2\/users\/1"}],"replies":[{"embeddable":true,"href":"https:\/\/www.lassebacklund.fi\/index.php?rest_route=%2Fwp%2Fv2%2Fcomments&post=453"}],"version-history":[{"count":12,"href":"https:\/\/www.lassebacklund.fi\/index.php?rest_route=\/wp\/v2\/pages\/453\/revisions"}],"predecessor-version":[{"id":23797,"href":"https:\/\/www.lassebacklund.fi\/index.php?rest_route=\/wp\/v2\/pages\/453\/revisions\/23797"}],"up":[{"embeddable":true,"href":"https:\/\/www.lassebacklund.fi\/index.php?rest_route=\/wp\/v2\/pages\/61"}],"wp:attachment":[{"href":"https:\/\/www.lassebacklund.fi\/index.php?rest_route=%2Fwp%2Fv2%2Fmedia&parent=453"}],"curies":[{"name":"wp","href":"https:\/\/api.w.org\/{rel}","templated":true}]}}