{"id":4513,"date":"2017-06-24T13:44:23","date_gmt":"2017-06-24T11:44:23","guid":{"rendered":"http:\/\/www.lassebacklund.fi\/?page_id=4513"},"modified":"2026-01-04T22:53:10","modified_gmt":"2026-01-04T20:53:10","slug":"emigrationen-till-amerika","status":"publish","type":"page","link":"https:\/\/www.lassebacklund.fi\/?page_id=4513","title":{"rendered":"Emigrationen till Amerika"},"content":{"rendered":"<p><strong><span style=\"color: #000080;\">\u00c5bo Tidning varnade i mars 1903 emigranterna f\u00f6r vad som kan h\u00e4nda vid framkomsten till Amerika efter att villkoren f\u00f6r inresa hade sk\u00e4rpts:<\/span><\/strong><\/p>\n<p>Genom landets tidningar har under senaste tid ing\u00e5tt notiser om finska emigranter till Amerika, vilka vid ankomsten till destinationsorten icke kunnat fylla de sk\u00e4rpta fordringar F\u00f6renta staterna st\u00e4llt p\u00e5 immigrationen, och d\u00e4rf\u00f6r blivit \u00e5ters\u00e4nda hit. De \u00e5ters\u00e4nda emigranterna anl\u00e4nder vanligen i utblottat tillst\u00e5nd, varf\u00f6r de m\u00e5ste tas om hand av ordningsmakten och genom guvern\u00f6rens f\u00f6rsorg med fribiljetter per j\u00e4rnv\u00e4g s\u00e4ndas till sina hemorter.<\/p>\n<p>Bakom dessa notiser g\u00f6mmer sig beklagansv\u00e4rda \u00f6den, vilka enkla m\u00e4nniskor \u00e5dragit sig p\u00e5 grund av oerfarenhet och of\u00f6rm\u00e5ga att sj\u00e4lva reda ut f\u00f6r sig r\u00e4tta naturen av det f\u00f6retag, de kastat sig uti. Dessa personer har ofta med stora sv\u00e5righeter hopbragt medel f\u00f6r resan till det f\u00f6rlovade landet, utan att \u00e4gna n\u00e5gon tanke p\u00e5 hur d\u00e4rut\u00f6ver kunde beh\u00f6vas ytterligare tillg\u00e5ngar, f\u00f6r att fr\u00e5n emigrant\u00e5ngaren f\u00e5 stiga i land samt, f\u00f6r att uppeh\u00e5lla livet i det fr\u00e4mmande landet, tills n\u00e5gon arbetsf\u00f6rtj\u00e4nst d\u00e4r kan yppa sig. De har s\u00e5lunda offrat sina sista medel och d\u00e4rtill utst\u00e5tt resans sv\u00e5righeter och lidanden i on\u00f6dan. Enda beh\u00e5llningen d\u00e4rav har blivit en bitter erfarenhet och kanske l\u00e5ngt sj\u00e4lvf\u00f6rv\u00e4rvat armod, i deras hemland har man ytterligare tvungits till utgifter, f\u00f6r att f\u00e5 de arma f\u00f6rpassade till hemorterna, d\u00e4r naturligtvis nya, sm\u00e4rtsamma upplevandet v\u00e4ntat dem.<\/p>\n<p>Dessa bittra erfarenheter har emigranterna naturligtvis att fr\u00e4mst skylla sig sj\u00e4lva f\u00f6r. En s\u00e5dan l\u00e5ng och pr\u00f6vande f\u00e4rd b\u00f6r icke f\u00f6retas, innan full klarhet vunnits om d\u00e4rmed f\u00f6ljande kraft eller villkor. Men det kan knappast nekas att emigrantagenterna h\u00e4rst\u00e4des b\u00e4ra sin skuld i det passerade, om de ej tillb\u00f6rligen upplyst sina kunder r\u00f6rande de villkor, som fordras av dem vid betr\u00e4dandet av Amerikas jord. Och det vill synas troligast, att s\u00e5dan upplysning icke l\u00e4mnats, ty hade detta skett, skulle den on\u00f6diga, kostsamma och tunga resan icke blivit av. Av de \u00e5ters\u00e4nda emigranterna h\u00f6r man i de flesta fall \u00e4ven p\u00e5st\u00e5s, att de fr\u00e5n intet h\u00e5ll underr\u00e4ttas om vad som f\u00f6restod dem och d\u00e4rf\u00f6r varit fullst\u00e4ndigt okunniga d\u00e4rom. Tidningarna har visserligen p\u00e5 sin tid inneh\u00e5llit notiser om de sk\u00e4rpta amerikanska best\u00e4mmelserna. Men dessa notiser uppgiver man sig icke ha l\u00e4st eller \u00e5tminstone gl\u00f6mt.<\/p>\n<p>Oss synes d\u00e4rf\u00f6r att emigrantagenterna icke hj\u00e4rtl\u00f6st borde l\u00e4mna sina kunder i ovetenhet, utan l\u00e4mna dem fullst\u00e4ndiga upplysningar om allt, som r\u00f6r f\u00f6rh\u00e5llandena i Amerika, Gott vore v\u00e4l \u00e4ven, om kommuner d\u00e4rifr\u00e5n emigration f\u00f6rsigg\u00e5r i st\u00f6rre skala, f\u00f6rskaffa sig beh\u00f6vliga redog\u00f6relser i denna v\u00e4g, f\u00f6r att p\u00e5 l\u00e4mpligt s\u00e4tt tillhandh\u00e5lla inv\u00e5narna dessa. M\u00e5nga onyttiga resor kunde p\u00e5 s\u00e5 s\u00e4tt avstyras, m\u00e5nga ekonomiska f\u00f6rluster och mycket el\u00e4nde.<\/p>\n","protected":false},"excerpt":{"rendered":"<p>\u00c5bo Tidning varnade i mars 1903 emigranterna f\u00f6r vad som kan h\u00e4nda vid framkomsten till Amerika efter att villkoren f\u00f6r inresa hade sk\u00e4rpts: Genom landets tidningar har under senaste tid ing\u00e5tt notiser om finska emigranter till Amerika, vilka vid ankomsten <a class=\"more-link\" href=\"https:\/\/www.lassebacklund.fi\/?page_id=4513\">Forts\u00e4tt l\u00e4sa <span class=\"screen-reader-text\">  Emigrationen till Amerika<\/span><span class=\"meta-nav\">&rarr;<\/span><\/a><\/p>\n","protected":false},"author":1,"featured_media":0,"parent":25326,"menu_order":0,"comment_status":"closed","ping_status":"closed","template":"","meta":{"footnotes":""},"class_list":["post-4513","page","type-page","status-publish","hentry"],"_links":{"self":[{"href":"https:\/\/www.lassebacklund.fi\/index.php?rest_route=\/wp\/v2\/pages\/4513","targetHints":{"allow":["GET"]}}],"collection":[{"href":"https:\/\/www.lassebacklund.fi\/index.php?rest_route=\/wp\/v2\/pages"}],"about":[{"href":"https:\/\/www.lassebacklund.fi\/index.php?rest_route=\/wp\/v2\/types\/page"}],"author":[{"embeddable":true,"href":"https:\/\/www.lassebacklund.fi\/index.php?rest_route=\/wp\/v2\/users\/1"}],"replies":[{"embeddable":true,"href":"https:\/\/www.lassebacklund.fi\/index.php?rest_route=%2Fwp%2Fv2%2Fcomments&post=4513"}],"version-history":[{"count":2,"href":"https:\/\/www.lassebacklund.fi\/index.php?rest_route=\/wp\/v2\/pages\/4513\/revisions"}],"predecessor-version":[{"id":25360,"href":"https:\/\/www.lassebacklund.fi\/index.php?rest_route=\/wp\/v2\/pages\/4513\/revisions\/25360"}],"up":[{"embeddable":true,"href":"https:\/\/www.lassebacklund.fi\/index.php?rest_route=\/wp\/v2\/pages\/25326"}],"wp:attachment":[{"href":"https:\/\/www.lassebacklund.fi\/index.php?rest_route=%2Fwp%2Fv2%2Fmedia&parent=4513"}],"curies":[{"name":"wp","href":"https:\/\/api.w.org\/{rel}","templated":true}]}}