{"id":45,"date":"2016-07-12T22:59:30","date_gmt":"2016-07-12T20:59:30","guid":{"rendered":"http:\/\/www.lassebacklund.fi\/wp\/?page_id=45"},"modified":"2020-10-07T19:04:01","modified_gmt":"2020-10-07T16:04:01","slug":"kartor","status":"publish","type":"page","link":"https:\/\/www.lassebacklund.fi\/?page_id=45","title":{"rendered":"Kartor"},"content":{"rendered":"<p><span class=\"Normal-C\">H\u00e4r hittar du b\u00e5de nya och gamla kartor fr\u00e5n Dagsmark. Om du vill f\u00f6rstora kartorna i din bildsk\u00e4rm, s\u00e5 skall du h\u00e5lla ned CTRL-tangenten nere i v\u00e4nstra h\u00f6rnet och p\u00e5 samma g\u00e5ng klicka n\u00e5gra g\u00e5nger p\u00e5 + tangenten i h\u00f6gra kanten.<\/span><\/p>\n<p><a class=\"fasc-button fasc-size-medium fasc-type-glossy fasc-rounded-medium\" style=\"background-color: #33809e; color: #ffffff;\" href=\"http:\/\/www.lassebacklund.fi\/?page_id=4190\">Sockenkartor \u00f6ver Dagsmark 1935<\/a><\/p>\n<p><a class=\"fasc-button fasc-size-medium fasc-type-glossy fasc-rounded-medium\" style=\"background-color: #33809e; color: #ffffff;\" href=\"http:\/\/www.lassebacklund.fi\/?page_id=4207\">Blandade kartor \u00f6ver Dagsmark<\/a><\/p>\n<h6><a class=\"fasc-button fasc-size-medium fasc-type-glossy fasc-rounded-medium\" style=\"background-color: #33809e; color: #ffffff;\" href=\"http:\/\/www.lassebacklund.fi\/?page_id=4043\">Kartor p\u00e5 Klemets hemman nr 1<\/a><\/h6>\n<h6><a class=\"fasc-button fasc-size-medium fasc-type-glossy fasc-rounded-medium\" style=\"background-color: #33809e; color: #ffffff;\" href=\"http:\/\/www.lassebacklund.fi\/?page_id=4060\">Kartor p\u00e5 B\u00e5sk hemman nr 2<\/a><\/h6>\n<h6><a class=\"fasc-button fasc-size-medium fasc-type-glossy fasc-rounded-medium\" style=\"background-color: #33809e; color: #ffffff;\" href=\"http:\/\/www.lassebacklund.fi\/?page_id=4081\">Kartor p\u00e5 Rosenback\/Finne hemman nr 3.<\/a><\/h6>\n<h6><a class=\"fasc-button fasc-size-medium fasc-type-glossy fasc-rounded-medium\" style=\"background-color: #33809e; color: #ffffff;\" href=\"http:\/\/www.lassebacklund.fi\/?page_id=4125\">Kartor p\u00e5 L\u00e5ng hemman nr 4<\/a><\/h6>\n<h6><a class=\"fasc-button fasc-size-medium fasc-type-glossy fasc-rounded-medium\" style=\"background-color: #33809e; color: #ffffff;\" href=\"http:\/\/www.lassebacklund.fi\/?page_id=4140\">Kartor p\u00e5 Lillkull hemman nr 5<\/a><\/h6>\n<h6><a class=\"fasc-button fasc-size-medium fasc-type-glossy fasc-rounded-medium\" style=\"background-color: #33809e; color: #ffffff;\" href=\"http:\/\/www.lassebacklund.fi\/?page_id=4156\">Kartor p\u00e5 Storkull hemman nr 6<\/a><\/h6>\n<h6><a class=\"fasc-button fasc-size-medium fasc-type-glossy fasc-rounded-medium\" style=\"background-color: #33809e; color: #ffffff;\" href=\"http:\/\/www.lassebacklund.fi\/?page_id=4178\">Kartor p\u00e5 Korsb\u00e4ck hemman nr 7<\/a><\/h6>\n<p><a class=\"fasc-button fasc-size-medium fasc-type-glossy fasc-rounded-medium\" style=\"background-color: #33809e; color: #ffffff;\" href=\"http:\/\/www.lassebacklund.fi\/?page_id=6093\">Kartor fr\u00e5n Lillsj\u00f6 nybyggarhemman<\/a><\/p>\n<p>Om du gillar gamla kartor, s\u00e5 skall du klicka <a href=\"https:\/\/expo.oscapps.jyu.fi\/s\/vanhakartta\/page\/etusivu\"><span style=\"text-decoration: underline;\"><span style=\"color: #000080; text-decoration: underline;\"><strong>H\u00c4R<\/strong><\/span><\/span><\/a>, s\u00e5 kommer du till Heikki Rantatupas j\u00e4ttesamling med flera tusen gamla kartor.<\/p>\n<p>Vill du se och l\u00e4sa om &#8221;Gamla kartor och kartg\u00e5tor fr\u00e5n Syd\u00f6sterbottens&#8221;, s\u00e5 skall du klicka <a href=\"https:\/\/www.abo.fi\/centret-for-livslangt-larande\/gamla-kartor-och-kartgator-i-sydosterbotten\/\"><span style=\"text-decoration: underline;\"><span style=\"color: #000080;\"><strong>H\u00c4R!<\/strong><\/span><\/span><\/a><\/p>\n","protected":false},"excerpt":{"rendered":"<p>H\u00e4r hittar du b\u00e5de nya och gamla kartor fr\u00e5n Dagsmark. Om du vill f\u00f6rstora kartorna i din bildsk\u00e4rm, s\u00e5 skall du h\u00e5lla ned CTRL-tangenten nere i v\u00e4nstra h\u00f6rnet och p\u00e5 samma g\u00e5ng klicka n\u00e5gra g\u00e5nger p\u00e5 + tangenten i h\u00f6gra <a class=\"more-link\" href=\"https:\/\/www.lassebacklund.fi\/?page_id=45\">Forts\u00e4tt l\u00e4sa <span class=\"screen-reader-text\">  Kartor<\/span><span class=\"meta-nav\">&rarr;<\/span><\/a><\/p>\n","protected":false},"author":1,"featured_media":0,"parent":0,"menu_order":0,"comment_status":"closed","ping_status":"closed","template":"","meta":{"footnotes":""},"class_list":["post-45","page","type-page","status-publish","hentry"],"_links":{"self":[{"href":"https:\/\/www.lassebacklund.fi\/index.php?rest_route=\/wp\/v2\/pages\/45","targetHints":{"allow":["GET"]}}],"collection":[{"href":"https:\/\/www.lassebacklund.fi\/index.php?rest_route=\/wp\/v2\/pages"}],"about":[{"href":"https:\/\/www.lassebacklund.fi\/index.php?rest_route=\/wp\/v2\/types\/page"}],"author":[{"embeddable":true,"href":"https:\/\/www.lassebacklund.fi\/index.php?rest_route=\/wp\/v2\/users\/1"}],"replies":[{"embeddable":true,"href":"https:\/\/www.lassebacklund.fi\/index.php?rest_route=%2Fwp%2Fv2%2Fcomments&post=45"}],"version-history":[{"count":14,"href":"https:\/\/www.lassebacklund.fi\/index.php?rest_route=\/wp\/v2\/pages\/45\/revisions"}],"predecessor-version":[{"id":17971,"href":"https:\/\/www.lassebacklund.fi\/index.php?rest_route=\/wp\/v2\/pages\/45\/revisions\/17971"}],"wp:attachment":[{"href":"https:\/\/www.lassebacklund.fi\/index.php?rest_route=%2Fwp%2Fv2%2Fmedia&parent=45"}],"curies":[{"name":"wp","href":"https:\/\/api.w.org\/{rel}","templated":true}]}}