{"id":4392,"date":"2017-06-05T20:35:26","date_gmt":"2017-06-05T18:35:26","guid":{"rendered":"http:\/\/www.lassebacklund.fi\/?page_id=4392"},"modified":"2017-06-05T20:35:26","modified_gmt":"2017-06-05T18:35:26","slug":"axel-grankull-fran-skaftung","status":"publish","type":"page","link":"https:\/\/www.lassebacklund.fi\/?page_id=4392","title":{"rendered":"Axel Grankull fr\u00e5n Skaftung."},"content":{"rendered":"<p><span style=\"color: #000080;\">Den 27.4.1918 skrev tidningen Syd-\u00d6sterbotten att Axel Grankull fr\u00e5n Skaftung hade stupat:<\/span><\/p>\n<p>Efter att ha \u00e5tnjutit en dags permission begav han sig \u00e5nyo till fronten den 19 dennes. Redan den 21 n\u00e5dde oss emellertid budskapet att han samma dag blivit s\u00e5rad vid Lemp\u00e4\u00e4l\u00e4. Man hoppades dock att s\u00e5ret skulle vara av lindrigare art, men s\u00e5 var ej fallet. Den 23 dennes grusades detta hopp, d\u00e5 meddelande ingick, att han samma dag avlidit p\u00e5 ett sjukhus i Tammerfors. S\u00e5ledes \u00e5ter ett offer fr\u00e5n v\u00e5ra trakter f\u00f6r landsf\u00f6rr\u00e4darnas och nidingars kulor. Och h\u00e4pen fr\u00e5gar man \u00e5ter: Varf\u00f6r just han? Varf\u00f6r alltid de b\u00e4sta?<\/p>\n<p>Med Axel Grankull bortgick en driftig aff\u00e4rsman, en god son och en \u00e4lskad make och fader, han f\u00f6ddes i Skaftung by den 19 augusti \u00e5r 1890 och dog s\u00e5ledes i sitt 28:de \u00e5r. Skaftung folkskola genomgick han och bes\u00f6kte \u00e4ven Vasa handelsskola. Intresserad f\u00f6r fram\u00e5tskridande var han en bland stiftarna av Skaftung ungdomsf\u00f6rening och tj\u00e4nstgjorde uti densamma flera \u00e5r som kass\u00f6r, Han hade helt s\u00e4kert kommit att mycket bidra till ortens ekonomiska fram\u00e5tskridande s\u00e5v\u00e4l genom exempel och f\u00f6red\u00f6me, som genom f\u00f6retagsamhet i att starta industriella f\u00f6retag. S\u00e5 fick han just f\u00e4rdig en fiskk\u00e4rlsfabrik, d\u00e4r de f\u00f6rsta alstren tillverkades, medan han tj\u00e4nstgjorde vid fronten.<\/p>\n<p>St\u00e4ndigt i verksamhet, alltid skyndsamt hann Du trots Din korta livstid utr\u00e4tta mycket, och det mesta gjorde Du till sist, d\u00e5 Du gav Ditt liv i kampen f\u00f6r fosterlandet. Din livstid var kort, men om den m\u00e4tes efter vad Du utr\u00e4ttat, s\u00e5 var Ditt liv l\u00e5ngt, l\u00e4ngre \u00e4n de flesta gr\u00e5nade \u00e5ldringars.<\/p>\n<p>V\u00e4lsignat vare Ditt minne!<\/p>\n<p><img loading=\"lazy\" decoding=\"async\" class=\"size-full wp-image-4391 aligncenter\" src=\"http:\/\/www.lassebacklund.fi\/wp-content\/uploads\/2017\/06\/Axel-Grankull.jpg\" alt=\"Axel Grankull\" width=\"258\" height=\"644\" srcset=\"https:\/\/www.lassebacklund.fi\/wp-content\/uploads\/2017\/06\/Axel-Grankull.jpg 258w, https:\/\/www.lassebacklund.fi\/wp-content\/uploads\/2017\/06\/Axel-Grankull-120x300.jpg 120w\" sizes=\"auto, (max-width: 258px) 100vw, 258px\" \/><\/p>\n","protected":false},"excerpt":{"rendered":"<p>Den 27.4.1918 skrev tidningen Syd-\u00d6sterbotten att Axel Grankull fr\u00e5n Skaftung hade stupat: Efter att ha \u00e5tnjutit en dags permission begav han sig \u00e5nyo till fronten den 19 dennes. Redan den 21 n\u00e5dde oss emellertid budskapet att han samma dag blivit <a class=\"more-link\" href=\"https:\/\/www.lassebacklund.fi\/?page_id=4392\">Forts\u00e4tt l\u00e4sa <span class=\"screen-reader-text\">  Axel Grankull fr\u00e5n Skaftung.<\/span><span class=\"meta-nav\">&rarr;<\/span><\/a><\/p>\n","protected":false},"author":1,"featured_media":0,"parent":3752,"menu_order":0,"comment_status":"closed","ping_status":"closed","template":"","meta":{"footnotes":""},"class_list":["post-4392","page","type-page","status-publish","hentry"],"_links":{"self":[{"href":"https:\/\/www.lassebacklund.fi\/index.php?rest_route=\/wp\/v2\/pages\/4392","targetHints":{"allow":["GET"]}}],"collection":[{"href":"https:\/\/www.lassebacklund.fi\/index.php?rest_route=\/wp\/v2\/pages"}],"about":[{"href":"https:\/\/www.lassebacklund.fi\/index.php?rest_route=\/wp\/v2\/types\/page"}],"author":[{"embeddable":true,"href":"https:\/\/www.lassebacklund.fi\/index.php?rest_route=\/wp\/v2\/users\/1"}],"replies":[{"embeddable":true,"href":"https:\/\/www.lassebacklund.fi\/index.php?rest_route=%2Fwp%2Fv2%2Fcomments&post=4392"}],"version-history":[{"count":1,"href":"https:\/\/www.lassebacklund.fi\/index.php?rest_route=\/wp\/v2\/pages\/4392\/revisions"}],"predecessor-version":[{"id":4393,"href":"https:\/\/www.lassebacklund.fi\/index.php?rest_route=\/wp\/v2\/pages\/4392\/revisions\/4393"}],"up":[{"embeddable":true,"href":"https:\/\/www.lassebacklund.fi\/index.php?rest_route=\/wp\/v2\/pages\/3752"}],"wp:attachment":[{"href":"https:\/\/www.lassebacklund.fi\/index.php?rest_route=%2Fwp%2Fv2%2Fmedia&parent=4392"}],"curies":[{"name":"wp","href":"https:\/\/api.w.org\/{rel}","templated":true}]}}