{"id":4368,"date":"2017-06-03T22:25:12","date_gmt":"2017-06-03T20:25:12","guid":{"rendered":"http:\/\/www.lassebacklund.fi\/?page_id=4368"},"modified":"2017-06-03T22:25:12","modified_gmt":"2017-06-03T20:25:12","slug":"hemming-utfolk-fran-uttermossa","status":"publish","type":"page","link":"https:\/\/www.lassebacklund.fi\/?page_id=4368","title":{"rendered":"Hemming Utfolk fr\u00e5n Uttermossa."},"content":{"rendered":"<p><span style=\"color: #000080;\">Tidningen Syd-\u00d6sterbotten i mars 1918 flera artiklar om Hemming Utfolk, som stupade i Sastmola:<\/span><\/p>\n<p><strong>2.3.1918.<\/strong><\/p>\n<p>P\u00e5 Sastmola fronten har kampen under de senaste dagarna varit allvarsam. De r\u00f6da har f\u00f6rfogat \u00f6ver betydande styrkor, utrustade med kanoner och kulsprutor. De har dock, s\u00e5som redan i f\u00f6rra numret meddelades, besegrats och drivits allt l\u00e4ngre s\u00f6derut.<\/p>\n<p>Under dessa drabbningar har de r\u00f6da f\u00f6rlorat omkring 80 d\u00f6da, varav 7 i g\u00e5r, samt \u00e4ven f\u00e5tt ett stort antal s\u00e5rade. P\u00e5 skyddsk\u00e5rens sida har \u00e4ven offer kr\u00e4vts. S\u00e5 rapporteras att f\u00f6ljande 8 ljutit hj\u00e4lted\u00f6den: Matti Nummelin fr\u00e5n Kristinestad, Hemming Utfolk fr\u00e5n Uttermossa, Axel Ekholm fr\u00e5n Skaftung, Alfons Groop fr\u00e5n \u00d6vermark, V. Nieminen fr\u00e5n Kannus, N. Uusitalo fr\u00e5n Stor\u00e5, L. Harjunp\u00e4\u00e4 och W. Nurmela fr\u00e5n B\u00f6tom.<\/p>\n<p><strong>9.3.1918. Lappfj\u00e4rd.<\/strong><\/p>\n<p>I morgon kl. 2 e. m. jordf\u00e4stes i Lappfj\u00e4rd kyrka i frihetskampen under slaget i Sastmola stupade frihetshj\u00e4lten Hemming Utfolk. Vi tar f\u00f6r givet att samtliga medborgare i f\u00f6rsamlingen, som det kunna, skall bevisa hj\u00e4lten sin tacksamhet genom att hedra hans begravning med sin n\u00e4rvaro.<\/p>\n<p><strong>9.3.1918. Uttermossa. Josef Hemming Utfolk.<\/strong><\/p>\n<p>Bland dem, som stupade i striden mot landsf\u00f6rr\u00e4darna vid Sastmola fronten, var Josef Hemming Utfolk fr\u00e5n Uttermossa. Han var f\u00f6dd den 4 december 1899 och son till skomakaren Josef Utfolk och dennes hustru Maria.<\/p>\n<p>Sedan hemmet uppl\u00f6sts genom moderns d\u00f6d 1912 flyttade fadern j\u00e4mte tv\u00e5 barn till sin bror bonden Viktor Mannfolk och levde d\u00e4r flera \u00e5r tillsammans med honom, tv\u00e5 systrar och sin \u00e5ldriga fader. De tv\u00e5 barnen fick h\u00e4r ett nytt hem med synnerligt god omv\u00e5rdnad. N\u00e4r fadern f\u00f6r ett \u00e5r sedan flyttade till sitt nyk\u00f6pta hemman, stannade Hemming j\u00e4mte hans 7-\u00e5riga syster kvar i farbroderns hem. Hemming inskrevs i Uttermossa nyinr\u00e4ttade folkskola 1910. Han var framst\u00e5ende som elev, men blev ej i tillf\u00e4lle att avsluta sin folkskolekurs. Intresse och l\u00e4slust verkade dock hos honom. De senaste \u00e5ren har han flitigt anlitat till buds st\u00e5ende b\u00f6cker och bibliotek. Varmt intresserad f\u00f6r ungdomslivet och ungdomens h\u00f6jande i sin hembygd har han sista \u00e5ret varit ungdomsf\u00f6reningens viceordf\u00f6rande och en av f\u00f6reningens mest energiska och sj\u00e4lvuppoffrande k\u00e4mpar. Sj\u00e4lv har han alltid upptr\u00e4tt hyfsat och ordentligt och varit ett gott f\u00f6red\u00f6me f\u00f6r ungdomen i sin omgivning. N\u00e4r frihetskampen begynte, gick han sj\u00e4lvmant f\u00f6r att hj\u00e4lpa. F\u00f6ga trodde han bock att han s\u00e5 snart skulle komma att offra sitt liv. Han hoppades kanske under en l\u00e4ngre \u00f6vningstid vinna utbildning och f\u00e5 tj\u00e4nstg\u00f6ra som vaktman. Men, nej hans levnadstimme var \u00e4ndad. Fosterjorden beh\u00f6vde honom och han gick modigt fram och offrade det dyraste han \u00e4gde. Han offrade sitt liv.<\/p>\n<p><em>\u201dOch vann en storhet, knappast dr\u00f6md,<\/em><\/p>\n<p><em>blev landets stolthet, blev ber\u00f6md<\/em><\/p>\n<p><em>som starkast bland dess vakter<\/em><\/p>\n<p><em>och blir i Finlands tid ej gl\u00f6md.\u201d<\/em><\/p>\n<p><strong>16.3.1918. Lappfj\u00e4rd. Begravning.<\/strong><\/p>\n<p>Senaste s\u00f6ndag den 10 dennes begravdes under ett stort deltagande fr\u00e5n allm\u00e4nhetens sida, den vid de heta striderna i Sastmola den 25 februari stupade skyddsk\u00e5risten Hemming Utfolk fr\u00e5n Uttermossa by i Lappfj\u00e4rd.<\/p>\n<p>De hemmavarande skyddsk\u00e5rerna bildade spalier f\u00f6r likt\u00e5get, f\u00f6retr\u00e4tt av ett kommando hedersvakt p\u00e5 v\u00e4g till kyrkan, d\u00e4r den stupade vigdes till sin sista vila. Under det kistan bars genom kyrkan utf\u00f6rdes p\u00e5 orgeln en sorgmarsch av kantor Ser\u00e9n. Lappfj\u00e4rd s\u00e5ngk\u00f6r utf\u00f6rde s\u00e5ng b\u00e5de f\u00f6re och efter jordf\u00e4stningen, som f\u00f6rr\u00e4ttades av prosten Georg Laur\u00e9n, vilken talade h\u00f6gst\u00e4mda ord om m\u00e4nniskors plikt att g\u00f6ra sitt liv betydelsefullt. Talaren p\u00e5pekade, hur betydelsefullt g\u00f6r icke den m\u00e4nniska sitt liv, som i n\u00e4rvarande tid offrar det f\u00f6r fosterlandet.<\/p>\n<p>Kransar nedlades utom av de egna fr\u00e5n Uttermossa by, Uttermossa ungdomsf\u00f6rening, Lappfj\u00e4rd kommun. Under s\u00e5ng nedmyllades hj\u00e4ltens stoft \u00e5 det f\u00f6r Lappfj\u00e4rd skyddsk\u00e5rister invid Lappfj\u00e4rd kyrka avskilda gravst\u00e4llet. Hemming Utfolk \u00e4r den femte i hj\u00e4ltarnas rad som fr\u00e5n Lappfj\u00e4rd stupat i kampen f\u00f6r fosterlandet. V\u00e4lsignat minne \u00f6ver honom!<\/p>\n<p><strong>\u00a0<img loading=\"lazy\" decoding=\"async\" class=\"alignnone size-full wp-image-4360\" src=\"http:\/\/www.lassebacklund.fi\/wp-content\/uploads\/2017\/06\/Utfolk-Hemming.jpg\" alt=\"Utfolk Hemming\" width=\"274\" height=\"518\" srcset=\"https:\/\/www.lassebacklund.fi\/wp-content\/uploads\/2017\/06\/Utfolk-Hemming.jpg 274w, https:\/\/www.lassebacklund.fi\/wp-content\/uploads\/2017\/06\/Utfolk-Hemming-159x300.jpg 159w\" sizes=\"auto, (max-width: 274px) 100vw, 274px\" \/><\/strong><\/p>\n","protected":false},"excerpt":{"rendered":"<p>Tidningen Syd-\u00d6sterbotten i mars 1918 flera artiklar om Hemming Utfolk, som stupade i Sastmola: 2.3.1918. P\u00e5 Sastmola fronten har kampen under de senaste dagarna varit allvarsam. De r\u00f6da har f\u00f6rfogat \u00f6ver betydande styrkor, utrustade med kanoner och kulsprutor. De har <a class=\"more-link\" href=\"https:\/\/www.lassebacklund.fi\/?page_id=4368\">Forts\u00e4tt l\u00e4sa <span class=\"screen-reader-text\">  Hemming Utfolk fr\u00e5n Uttermossa.<\/span><span class=\"meta-nav\">&rarr;<\/span><\/a><\/p>\n","protected":false},"author":1,"featured_media":0,"parent":3752,"menu_order":0,"comment_status":"closed","ping_status":"closed","template":"","meta":{"footnotes":""},"class_list":["post-4368","page","type-page","status-publish","hentry"],"_links":{"self":[{"href":"https:\/\/www.lassebacklund.fi\/index.php?rest_route=\/wp\/v2\/pages\/4368","targetHints":{"allow":["GET"]}}],"collection":[{"href":"https:\/\/www.lassebacklund.fi\/index.php?rest_route=\/wp\/v2\/pages"}],"about":[{"href":"https:\/\/www.lassebacklund.fi\/index.php?rest_route=\/wp\/v2\/types\/page"}],"author":[{"embeddable":true,"href":"https:\/\/www.lassebacklund.fi\/index.php?rest_route=\/wp\/v2\/users\/1"}],"replies":[{"embeddable":true,"href":"https:\/\/www.lassebacklund.fi\/index.php?rest_route=%2Fwp%2Fv2%2Fcomments&post=4368"}],"version-history":[{"count":1,"href":"https:\/\/www.lassebacklund.fi\/index.php?rest_route=\/wp\/v2\/pages\/4368\/revisions"}],"predecessor-version":[{"id":4369,"href":"https:\/\/www.lassebacklund.fi\/index.php?rest_route=\/wp\/v2\/pages\/4368\/revisions\/4369"}],"up":[{"embeddable":true,"href":"https:\/\/www.lassebacklund.fi\/index.php?rest_route=\/wp\/v2\/pages\/3752"}],"wp:attachment":[{"href":"https:\/\/www.lassebacklund.fi\/index.php?rest_route=%2Fwp%2Fv2%2Fmedia&parent=4368"}],"curies":[{"name":"wp","href":"https:\/\/api.w.org\/{rel}","templated":true}]}}