{"id":4332,"date":"2017-06-01T21:57:48","date_gmt":"2017-06-01T19:57:48","guid":{"rendered":"http:\/\/www.lassebacklund.fi\/?page_id=4332"},"modified":"2017-06-03T21:49:40","modified_gmt":"2017-06-03T19:49:40","slug":"erik-anders-sundholm-fran-dagsmark","status":"publish","type":"page","link":"https:\/\/www.lassebacklund.fi\/?page_id=4332","title":{"rendered":"Erik Anders Sundholm fr\u00e5n Dagsmark."},"content":{"rendered":"<p><span style=\"color: #000080;\">Erik Anders Sundholm var en f\u00f6re detta bonde fr\u00e5n Dagsmark, som f\u00f6re inb\u00f6rdeskriget br\u00f6t ut s\u00e5lde sitt hemman p\u00e5 Brobackan \u00e5t Viktor Eklund, som sedan gav det vidare \u00e5t sin son Emil, som kallades K\u00e5rk-Emel. Vill du l\u00e4sa mera om Erik Anders Sundholm, hans hemman och Eklundarna, s\u00e5 klicka <a style=\"color: #000080;\" href=\"http:\/\/www.lassebacklund.fi\/?page_id=1200\"><span style=\"text-decoration: underline;\"><strong>H\u00c4R<\/strong><\/span><\/a>! Uppgifterna h\u00e4r under \u00e4r tagna ur tidningen Syd-\u00d6sterbotten.<\/span><\/p>\n<p><span style=\"line-height: 115%; font-family: 'Helvetica','sans-serif'; font-size: 10.5pt;\"><span style=\"color: #000000;\"><strong>9.2.1918.<\/strong> Fr\u00e5n Dagsmark kommer uppgifter om att Erik Anders Sundholm skulle ha stupat i Ule\u00e5borg.<\/span><\/span><\/p>\n<p><strong>13.2.1918 fr\u00e5n Lappfj\u00e4rd.<\/strong><\/p>\n<p>Torsdagen den 14 februari kl. 12 p\u00e5 dagen invigas i Lappfj\u00e4rd kyrka till den sista vilan de i slaget i Ule\u00e5borg stupade hj\u00e4ltarna fr\u00e5n Lappfj\u00e4rd Emil Knus, Erik Anders Sundholm och Johan Ojala. Till denna stora medborgerliga sorgeakt tror vi helt visst att man ur huset vill infinna sig.<\/p>\n<p><strong>13.2.1918 fr\u00e5n Dagsmark.<\/strong><\/p>\n<p>I kampen mot fienden och landsf\u00f6rr\u00e4darna stupade f.d. bonden Erik Anders Sundholm fr\u00e5n Dagsmark i striderna vid Ule\u00e5borg den 3 dennes. Med Erik Anders Sundholm har bortg\u00e5tt en k\u00e4rnkarl i ordets gamla \u00f6sterbottniska betydelse. Aldrig dagtingande med sin \u00e5sikt stod han st\u00e4dse redo att f\u00f6rsvara densamma. R\u00e4ttvis och best\u00e4md, som han var, var man alltid i kamratkretsen s\u00e4ker p\u00e5 att finna en karl bakom orden och d\u00e4rifr\u00e5n fanns ingen apell. Saknaden bland hans anh\u00f6riga och inom kamratkretsen \u00e4r stor. F\u00f6r f\u00e4derneslandets lycka och framtid offrade han det b\u00e4sta han kunde ge, n\u00e4mligen sitt liv. Hans offer har ej varit f\u00f6rg\u00e4ves. Hans minne f\u00f6ljs av tacksamhet f\u00f6r vad han har utr\u00e4ttat och i h\u00e4vderna skall hans namn st\u00e4dse str\u00e5la som ett manande f\u00f6red\u00f6me, d\u00e5 v\u00e5ld och olag skall bek\u00e4mpas med mannamod. Erik Anders Sundholm har visat att: \u201d\u00c4n lever f\u00e4drens ande, \u00e4nnu har landet m\u00e4n&#8221;, att k\u00e4mpa f\u00f6r r\u00e4tt och sanning.<\/p>\n<p>H\u00e4rlig \u00e4r d\u00f6den, n\u00e4r modigt i fr\u00e4msta ledet du dignar i kamp f\u00f6r ditt land.<\/p>\n<p><strong>16.2.1918<\/strong>. <span style=\"color: #000080;\">Syskonen annonserade i tidningen<\/span>: F\u00f6r det varma deltagandet som kommit oss till del och den hyllning som \u00e4gnats v\u00e5r i striderna vid Ule\u00e5borg stupade broder Erik Anders Sundholm, framb\u00e4r vi h\u00e4rmed v\u00e5ra varmaste tacks\u00e4gelser.<\/p>\n<p><strong>20.2.1918. Begravning i Lappfj\u00e4rd.<\/strong><\/p>\n<p>Till gravens ro vigdes senaste torsdag den 14 dennes de i fosterlandets frihetskamp i striden vid Ule\u00e5borg fallna hj\u00e4ltarna fr\u00e5n Lappfj\u00e4rd skyddsk\u00e5r Emil Knus, Erik Anders Sundholm och Johan Edward Ojala. Jordf\u00e4stningen, som f\u00f6rr\u00e4ttades i Lappfj\u00e4rd kyrka av prosten Georg Laur\u00e9n, assisterad av pastor Wilhelm Ingman, \u00f6vervars av en till ett par tusen personer uppg\u00e5ende allm\u00e4nhet.<\/p>\n<p>I sitt h\u00f6gst\u00e4mda fosterl\u00e4ndska griftetal erinrade prosten Laur\u00e9n om brodersk\u00e4rleken och framf\u00f6rallt fosterlandsk\u00e4rlekens r\u00e4tta inneb\u00f6rd, som f\u00f6rsakar allt, t.o.m. f\u00f6r\u00e4ldrar, hustru, barn och ett lyckligt hem. Magister Einar Wichmann sj\u00f6ng till orgelackompagnement flera s\u00e5ngnummer. Ett 30-tal kransar \u00e5tf\u00f6ljda av tal nedlades p\u00e5 hj\u00e4ltarnas kistor, allt vittnande om, att de fallnas livsg\u00e4rning och framf\u00f6rallt deras hj\u00e4lted\u00e5d fullt uppskattats, av tacksamma medborgare. Under kantor Nordlunds ledning sj\u00f6ng Lappfj\u00e4rd s\u00e5ngk\u00f6r b\u00e5de f\u00f6re och efter jordf\u00e4stningen. Under sorgmarsch utbars kistorna ur kyrkan och neds\u00e4nktes under s\u00e5ng i den invid kyrkan inredda graven. Sedan graven av skyddsk\u00e5rister igenmyllats, bildade gravkullen av de nedlagda kransarna en stor \u00e4tteh\u00f6g av blommor och band. S\u00e5 var den st\u00f6rsta sorgeakt, som det nuvarande sl\u00e4ktet i Lappfj\u00e4rd sk\u00e5dat, till \u00e4nda och helt visst skola alla, som nalkas Lappfj\u00e4rd stora v\u00f6rdnadsbjudande tempel g\u00e5 till hj\u00e4ltarnas grav och p\u00e5minna sig Runebergs ord:<\/p>\n<p>\u201dInga slavar trampe kullen,<\/p>\n<p>d\u00e4r den tappre bor i mullen&#8221;.<\/p>\n<p><img loading=\"lazy\" decoding=\"async\" class=\"alignnone size-full wp-image-4357\" src=\"http:\/\/www.lassebacklund.fi\/wp-content\/uploads\/2017\/06\/Sundholm-Erik-Anders.jpg\" alt=\"Sundholm Erik Anders\" width=\"292\" height=\"423\" srcset=\"https:\/\/www.lassebacklund.fi\/wp-content\/uploads\/2017\/06\/Sundholm-Erik-Anders.jpg 292w, https:\/\/www.lassebacklund.fi\/wp-content\/uploads\/2017\/06\/Sundholm-Erik-Anders-207x300.jpg 207w\" sizes=\"auto, (max-width: 292px) 100vw, 292px\" \/><\/p>\n","protected":false},"excerpt":{"rendered":"<p>Erik Anders Sundholm var en f\u00f6re detta bonde fr\u00e5n Dagsmark, som f\u00f6re inb\u00f6rdeskriget br\u00f6t ut s\u00e5lde sitt hemman p\u00e5 Brobackan \u00e5t Viktor Eklund, som sedan gav det vidare \u00e5t sin son Emil, som kallades K\u00e5rk-Emel. Vill du l\u00e4sa mera om <a class=\"more-link\" href=\"https:\/\/www.lassebacklund.fi\/?page_id=4332\">Forts\u00e4tt l\u00e4sa <span class=\"screen-reader-text\">  Erik Anders Sundholm fr\u00e5n Dagsmark.<\/span><span class=\"meta-nav\">&rarr;<\/span><\/a><\/p>\n","protected":false},"author":1,"featured_media":0,"parent":3752,"menu_order":0,"comment_status":"closed","ping_status":"closed","template":"","meta":{"footnotes":""},"class_list":["post-4332","page","type-page","status-publish","hentry"],"_links":{"self":[{"href":"https:\/\/www.lassebacklund.fi\/index.php?rest_route=\/wp\/v2\/pages\/4332","targetHints":{"allow":["GET"]}}],"collection":[{"href":"https:\/\/www.lassebacklund.fi\/index.php?rest_route=\/wp\/v2\/pages"}],"about":[{"href":"https:\/\/www.lassebacklund.fi\/index.php?rest_route=\/wp\/v2\/types\/page"}],"author":[{"embeddable":true,"href":"https:\/\/www.lassebacklund.fi\/index.php?rest_route=\/wp\/v2\/users\/1"}],"replies":[{"embeddable":true,"href":"https:\/\/www.lassebacklund.fi\/index.php?rest_route=%2Fwp%2Fv2%2Fcomments&post=4332"}],"version-history":[{"count":5,"href":"https:\/\/www.lassebacklund.fi\/index.php?rest_route=\/wp\/v2\/pages\/4332\/revisions"}],"predecessor-version":[{"id":4358,"href":"https:\/\/www.lassebacklund.fi\/index.php?rest_route=\/wp\/v2\/pages\/4332\/revisions\/4358"}],"up":[{"embeddable":true,"href":"https:\/\/www.lassebacklund.fi\/index.php?rest_route=\/wp\/v2\/pages\/3752"}],"wp:attachment":[{"href":"https:\/\/www.lassebacklund.fi\/index.php?rest_route=%2Fwp%2Fv2%2Fmedia&parent=4332"}],"curies":[{"name":"wp","href":"https:\/\/api.w.org\/{rel}","templated":true}]}}