{"id":4327,"date":"2017-06-01T21:40:43","date_gmt":"2017-06-01T19:40:43","guid":{"rendered":"http:\/\/www.lassebacklund.fi\/?page_id=4327"},"modified":"2017-06-03T22:18:58","modified_gmt":"2017-06-03T20:18:58","slug":"emil-knus-fran-lappfjard","status":"publish","type":"page","link":"https:\/\/www.lassebacklund.fi\/?page_id=4327","title":{"rendered":"Emil Knus fr\u00e5n Lappfj\u00e4rd."},"content":{"rendered":"<p><span style=\"color: #000080;\">Tidningen Syd-\u00d6sterbotten skrev flera artiklar om Emil Knus fr\u00e5n Lappfj\u00e4rd:<\/span><\/p>\n<p><span style=\"line-height: 115%; font-family: 'Helvetica','sans-serif'; font-size: 10pt;\"><span style=\"color: #000000;\"><strong>9.2.1918<\/strong>. Fr\u00e5n Lappfj\u00e4rd rapporteras att lantbrukaren Emil Knus skulle ha stupat i Ule\u00e5borg.<\/span><\/span><\/p>\n<p><strong>13.2.1918. Emil Knus.<\/strong><\/p>\n<p>S\u00e5som redan i senaste nummer av denna tidning meddelades, stupade i slaget vid Ule\u00e5borg \u00e4ven lantbrukaren Otto Emil Knus fr\u00e5n Lappfj\u00e4rd. Redan i unga \u00e5r l\u00e4t Emil Knus varsna, att han var icke s\u00e5 ringa beg\u00e5vad. Uppvuxen i ett gott allmogehem l\u00e4rde sig fullt uppskatta det goda i det enkla allmogelivet och drogs d\u00e4rf\u00f6r icke s\u00e5som s\u00e5 m\u00e5nga allmogebarn, som visa en mer \u00e4n vanlig beg\u00e5vning, bort fr\u00e5n bondelivet till \u201d skolans l\u00e4rda dater&#8221;. H\u00e4rtill bidrog kanske \u00e4ven, att Emil Knus i r\u00e4tt unga \u00e4r miste sin fader, h\u00e4radsn\u00e4mndemannen Henrik Knus och s\u00e5som den \u00e4ldsta hemmavarande sonen blev han j\u00e4mte sin moder hemmets och de yngre syskonens st\u00f6d.<\/p>\n<p>Redan fr\u00e5n unga \u00e4r deltog Knus i allm\u00e4nna v\u00e4rv. J\u00e4mte en god v\u00e4n, studerande fr\u00e5n Lappfj\u00e4rd, bragte Emil Knus l\u00e5nebiblioteken i Lappfj\u00e4rd i ett f\u00f6r den tiden gott skick. \u00c4gande en stor l\u00e4slust fann Emil Knus h\u00e4r ett gott tillf\u00e4lle, som han inte f\u00f6rsummade, att skaffa sig bokligt vetande och gjorde detta s\u00e5 grundligt, att han kunde referera fr\u00e5n bibliotekets flesta, icke s\u00e5 f\u00e5 boknummer. Detta hade stor betydelse, d\u00e5 Emil Knus j\u00e4mte n\u00e5gra andra var den, som omh\u00e4nderhade biblioteket. han kunde d\u00e4rigenom f\u00f6r de bokl\u00e5nes\u00f6kande f\u00f6resl\u00e5 efter deras personliga l\u00e4ggning l\u00e4mpliga b\u00f6cker. Detta har stor betydelse, d\u00e5 det g\u00e4ller att hos folket uppdriva l\u00e4slusten.<\/p>\n<p>D\u00e5 ungdomsr\u00f6relsen p\u00e5 1890-talet tog sin b\u00f6rjan i svenska bygder, fann denna r\u00f6relse p\u00e5 orten i Emil Knus en f\u00f6rst\u00e5ende v\u00e4n. Han h\u00f6rde till stiftarna av Lappfj\u00e4rd ungdomsf\u00f6rening och var under f\u00f6reningens f\u00f6rsta verksamhet p\u00e5 ett lyckligt s\u00e4tt f\u00f6reningens ledande kraft. D\u00e5 f\u00f6reningen 1902 h\u00f6ll p\u00e5 att d\u00f6, var det Emil Knus, som tog initiativ till att bl\u00e5sa liv i f\u00f6reningen p\u00e5 nytt. S\u00e5som en enkel hyllning f\u00f6r vad Emil Knus verkat inom Lappfj\u00e4rd ungdomsf\u00f6rening, anh\u00f6ll f\u00f6reningen f\u00f6r ett par \u00e5r sedan om att f\u00e5 kalla honom till sin hedersmedlem.<\/p>\n<p>Tidigare \u00e4gnade Emil Knus sig med stort intresse \u00e5t det kommunala livet och var h\u00e4ri en v\u00e4lbeh\u00f6vlig och v\u00e4rderad kraft. P\u00e5 senare tid hade Knus, str\u00e4ngt upptagen j\u00e4mte sitt jordbruk av annan syssels\u00e4ttning, icke mycken tid f\u00f6r denna verksamhet. Av Emil Knus&#8217; intresse i det kulturella arbetet i sin hembygd m\u00e5 s\u00e5som hans allra st\u00f6rsta framh\u00e5llas, hans insats i v\u00e5r f\u00f6rfattningskamp. Under den bobrikoffska tiden var han det passiva motst\u00e5ndets i Lappfj\u00e4rd kanske verksammaste man; detta med ett s\u00e5dant intresse, att det m\u00e5ngen g\u00e5ng i hans of\u00f6rskr\u00e4ckthet h\u00f6ll p\u00e5 att f\u00f6ra f\u00f6r l\u00e5ngt. F\u00f6r detta intresse sparade han aldrig tid och krafter. Nu, n\u00e4r s\u00e5 att s\u00e4ga Finlands folk beredde sig till den stora kraftm\u00e4tningen i sin politiska kamp, var Emil Knus den fr\u00e4mste med i ledet. Sedan i r\u00e4tt unga \u00e5r har Emil Krus med bondedottern Lina Knus i \u00e4ktenskapet levt ett lyckligt familjeliv i vars goda h\u00e4gn fem barn vuxit upp, varav n\u00e5gra hunnit till mogen \u00e5lder.<\/p>\n<p>Emil Knus var klart\u00e4nkt och aldrig r\u00e4dd att s\u00e4ga sin mening, men gjorde detta med en medf\u00f6dd k\u00e4nslighet och en sakk\u00e4nnedom, som v\u00e4ckte allas aktning. Till sin personliga l\u00e4ggning var Knus vans\u00e4ll och gladlynt. Till \u201dV\u00f6r\u00e5gossarnas&#8221; led drog han f\u00f6r att sedan hemf\u00f6ra skicklighet i ledningen av Lappfj\u00e4rd skyddsk\u00e5r. Denna blev dock Emil Knus sista f\u00e4rd. Efter flera bragder lj\u00f6t, som ovan n\u00e4mnts, Emil Knus sin hj\u00e4lted\u00f6d i slaget vid Ule\u00e5borg, tr\u00e4ffad av en av fosterlandsf\u00f6rr\u00e4darnas kulor i hj\u00e4rtat i sitt 42 levnads\u00e5r.<\/p>\n<p>Emil Knus, du har slutat din arbetsdag och du gjorde det p\u00e5 ett s\u00e4tt som ditt goda hj\u00e4rta f\u00f6rtj\u00e4nade. Du \u00e4lskade ditt land s\u00e5 varmt som den enkla bygdens son kan g\u00f6ra det, f\u00f6r detta samma land gav du ditt blod, ditt liv. V\u00e4l k\u00e4nns offret tungt f\u00f6r det hem, vars goda fader du varit, f\u00f6r de v\u00e4nner som l\u00e4rt k\u00e4nna dig, men fosterlandet kr\u00e4vde det. F\u00f6rvisso tror vi, att du sj\u00e4lv \u00e4r n\u00f6jd med ditt val. Att d\u00f6 f\u00f6r sitt land, \u00e4r att leva f\u00f6r dess \u00e4ra, s\u00e4ger v\u00e5r stora skald. Du var det godas vapendragare i livet, du blev den store hj\u00e4lten i d\u00f6den. Guds frid h\u00e4nge din ande, jordens frid din grav och tacksamma medborgare ditt stolta minne!<\/p>\n<p>Hav tack och farv\u00e4l!<\/p>\n<p><strong>13.2.1918 fr\u00e5n Lappfj\u00e4rd.<\/strong><\/p>\n<p>Torsdagen den 14 februari kl. 12 p\u00e5 dagen invigas i Lappfj\u00e4rd kyrka till den sista vilan de i slaget i Ule\u00e5borg stupade hj\u00e4ltarna fr\u00e5n Lappfj\u00e4rd Emil Knus, Erik Anders Sundholm och Johan Ojala. Till denna stora medborgerliga sorgeakt tror vi helt visst att man ur huset vill infinna sig.<\/p>\n<p><strong>20.2.1918. Begravning i Lappfj\u00e4rd.<\/strong><\/p>\n<p>Till gravens ro vigdes senaste torsdag den 14 dennes de i fosterlandets frihetskamp i striden vid Ule\u00e5borg fallna hj\u00e4ltarna fr\u00e5n Lappfj\u00e4rd skyddsk\u00e5r Emil Knus, Erik Anders Sundholm och Johan Edward Ojala. Jordf\u00e4stningen, som f\u00f6rr\u00e4ttades i Lappfj\u00e4rd kyrka av prosten Georg Laur\u00e9n, assiterad av pastor Wilhelm Ingman, \u00f6vervars av en till ett par tusen personer uppg\u00e5ende allm\u00e4nhet.<\/p>\n<p>I sitt h\u00f6gst\u00e4mda fosterl\u00e4ndska griftetal erinrade prosten Laur\u00e9n om brodersk\u00e4rleken och framf\u00f6rallt fosterlandsk\u00e4rlekens r\u00e4tta inneb\u00f6rd, som f\u00f6rsakar allt, t.o.m. f\u00f6r\u00e4ldrar, hustru, barn och ett lyckligt hem. Magister Einar Wichmann sj\u00f6ng till orgelackompagnement flera s\u00e5ngnummer. Ett 30-tal kransar \u00e5tf\u00f6ljda av tal nedlades p\u00e5 hj\u00e4ltarnas kistor, allt vittnande om, att de fallnas livsg\u00e4rning och framf\u00f6rallt deras hj\u00e4lted\u00e5d fullt uppskattats, av tacksamma medborgare. Under kantor Nordlunds ledning sj\u00f6ng Lappfj\u00e4rd s\u00e5ngk\u00f6r b\u00e5de f\u00f6re och efter jordf\u00e4stningen. Under sorgmarsch utbars kistorna ur kyrkan och neds\u00e4nktes under s\u00e5ng i den invid kyrkan inredda graven. Sedan graven av skyddsk\u00e5rister igenmyllats, bildade gravkullen av de nedlagda kransarna en stor \u00e4tteh\u00f6g av blommor och band. S\u00e5 var den st\u00f6rsta sorgeakt, som det nuvarande sl\u00e4ktet i Lappfj\u00e4rd sk\u00e5dat, till \u00e4nda och helt visst skola alla, som nalkas Lappfj\u00e4rd stora v\u00f6rdnadsbjudande tempel g\u00e5 till hj\u00e4ltarnas grav och p\u00e5minna sig Runebergs ord:<\/p>\n<p><em>\u201dInga slavar trampe kullen,<\/em><\/p>\n<p><em>d\u00e4r den tappre bor i mullen&#8221;.<\/em><\/p>\n<p><span style=\"line-height: 115%; font-family: 'Helvetica','sans-serif'; font-size: 10.5pt;\"><span style=\"color: #000000;\"><strong>16.2.1918<\/strong>. <span style=\"color: #000080;\">De anh\u00f6riga tackade i tidningen med<\/span>: Ett djupt k\u00e4nt tack till alla dem, som hedrat Emil Knus\u00b4 minne vid begravningen i s\u00e5v\u00e4l s\u00e5ng, tal som blommor.<\/span><\/span><\/p>\n","protected":false},"excerpt":{"rendered":"<p>Tidningen Syd-\u00d6sterbotten skrev flera artiklar om Emil Knus fr\u00e5n Lappfj\u00e4rd: 9.2.1918. Fr\u00e5n Lappfj\u00e4rd rapporteras att lantbrukaren Emil Knus skulle ha stupat i Ule\u00e5borg. 13.2.1918. Emil Knus. S\u00e5som redan i senaste nummer av denna tidning meddelades, stupade i slaget vid Ule\u00e5borg <a class=\"more-link\" href=\"https:\/\/www.lassebacklund.fi\/?page_id=4327\">Forts\u00e4tt l\u00e4sa <span class=\"screen-reader-text\">  Emil Knus fr\u00e5n Lappfj\u00e4rd.<\/span><span class=\"meta-nav\">&rarr;<\/span><\/a><\/p>\n","protected":false},"author":1,"featured_media":0,"parent":3752,"menu_order":0,"comment_status":"closed","ping_status":"closed","template":"","meta":{"footnotes":""},"class_list":["post-4327","page","type-page","status-publish","hentry"],"_links":{"self":[{"href":"https:\/\/www.lassebacklund.fi\/index.php?rest_route=\/wp\/v2\/pages\/4327","targetHints":{"allow":["GET"]}}],"collection":[{"href":"https:\/\/www.lassebacklund.fi\/index.php?rest_route=\/wp\/v2\/pages"}],"about":[{"href":"https:\/\/www.lassebacklund.fi\/index.php?rest_route=\/wp\/v2\/types\/page"}],"author":[{"embeddable":true,"href":"https:\/\/www.lassebacklund.fi\/index.php?rest_route=\/wp\/v2\/users\/1"}],"replies":[{"embeddable":true,"href":"https:\/\/www.lassebacklund.fi\/index.php?rest_route=%2Fwp%2Fv2%2Fcomments&post=4327"}],"version-history":[{"count":4,"href":"https:\/\/www.lassebacklund.fi\/index.php?rest_route=\/wp\/v2\/pages\/4327\/revisions"}],"predecessor-version":[{"id":4367,"href":"https:\/\/www.lassebacklund.fi\/index.php?rest_route=\/wp\/v2\/pages\/4327\/revisions\/4367"}],"up":[{"embeddable":true,"href":"https:\/\/www.lassebacklund.fi\/index.php?rest_route=\/wp\/v2\/pages\/3752"}],"wp:attachment":[{"href":"https:\/\/www.lassebacklund.fi\/index.php?rest_route=%2Fwp%2Fv2%2Fmedia&parent=4327"}],"curies":[{"name":"wp","href":"https:\/\/api.w.org\/{rel}","templated":true}]}}