{"id":4321,"date":"2017-06-01T17:31:08","date_gmt":"2017-06-01T15:31:08","guid":{"rendered":"http:\/\/www.lassebacklund.fi\/?page_id=4321"},"modified":"2020-12-05T18:19:31","modified_gmt":"2020-12-05T16:19:31","slug":"alfred-nordman-fran-pjelax","status":"publish","type":"page","link":"https:\/\/www.lassebacklund.fi\/?page_id=4321","title":{"rendered":"Alfred Nordman fr\u00e5n Pjelax."},"content":{"rendered":"<p><strong>13.2.1918 <\/strong><\/p>\n<p>Alfred Nordman, som f\u00f6ll p\u00e5 \u00e4rans f\u00e4lt vid slaget i Kristinestad var bonde fr\u00e5n Pjelaks och endast 25 \u00e5r gammal. Efter att n\u00e5gra \u00e5r ha vistats i Amerika, dit han emigrerade som 17-\u00e5rig, \u00e5terv\u00e4nde han till hemorten, d\u00e4r han d\u00e5 ingick \u00e4ktenskap och \u00f6vertog en del av sin faders hemman, som han sedan med sin hustru sk\u00f6tte med omtanke i sambruk med den del hustrun medf\u00f6rde till boet. Alfred Nordman var k\u00e4nd som en stilla och samsgod man, som knappast haft en fiende.<\/p>\n<p><strong>Begravningen av Alfred Nordman.<\/strong><\/p>\n<p>Den stupade bonden Johan Alfred Nordmans stoft vigdes till gravens ro den 9 februari i N\u00e4rpes kyrka. Stora folkskaror n\u00e4rvar. Mellan skyddsk\u00e5rister uppst\u00e4llda i dubbel led bars kistan med den fallne k\u00e4mpen \u00f6ver kyrkbacken in i kyrkans kor, d\u00e4r jordf\u00e4stningsakten f\u00f6rr\u00e4ttades av pastor Nordlund, assisterad av prosten Dahlberg och pastor Krook. Det var h\u00f6gtid i den \u00e5ldriga kyrkan. Vid graven sj\u00f6ng Pjelaks s\u00e5ngk\u00f6r.<\/p>\n<p>Under kransnedl\u00e4ggningen h\u00f6lls flera tal. Dels ber\u00f6rde man d\u00e4r den \u00f6sterbottniska frihetsk\u00e4rleken, som eldat den bortg\u00e5ngne likas\u00e5v\u00e4l som hans kamrater att utf\u00f6ra det \u00e4dla befrielseverket. Dels framh\u00f6ll man hur Johan Alfred Nordman genom sin d\u00f6d f\u00f6r fosterlandet visat v\u00e5ra unga m\u00e4n den v\u00e4g det \u00e4r sk\u00f6nast f\u00f6r dem att g\u00e5.<\/p>\n<p>P\u00e5 \u00d6sterbottens folk vilar i dessa dagar Finlands hopp. M\u00e5 vi inte dra den skammen \u00f6ver oss att detta hopp skulle svikas. Med Gud till kamp f\u00f6r hem och fosterland!<\/p>\n<p>Bland de nedlagda kransarna m\u00e4rkas: Fr\u00e5n staben i N\u00e4rpes, fr\u00e5n de skilda byarnas skyddsk\u00e5rer, fr\u00e5n \u00d6vermark skyddsk\u00e5r, fr\u00e5n Kask\u00f6 skyddsk\u00e5r, fr\u00e5n Kristinestads skyddsk\u00e5r, fr\u00e5n medborgare i Kristinestad, fr\u00e5n Kristinestads kommun, fr\u00e5n Skrattn\u00e4sbor, fr\u00e5n medborgarinnor i Yttermark, fr\u00e5n Yttermark andelshandel.<\/p>\n<p><span style=\"color: #000080;\">I samma tidning tackade \u00e4nkan Anna Nordman<\/span>: \u201dEtt uppriktigt tack framb\u00e4rs h\u00e4rmed till alla f\u00f6r det ovanligt stora deltagandet i min djupa sorg, samt hyllningen vid graven, f\u00f6r s\u00e5ngen, den rika blomsterhyllningen och talen\u201d.<\/p>\n<p><span style=\"color: #000080;\">N\u00e4rpes kommun l\u00e4t efter inb\u00f6rdeskriget uppg\u00f6ra en kort historik med en lista p\u00e5 de N\u00e4rpesbor som hade stupat under inb\u00f6rdeskriget och det trycktes upp en liten bok som heter \u201dMinnesskrift \u00f6ver N\u00e4rpes sockens deltagande i frihetskriget \u00e5r 1918\u201d. S\u00e5 h\u00e4r lyder texten om Alfred Nordman:<\/span><\/p>\n<p>Johan Alfred Nordman, son till bonden Adrian Andersson och hans hustru Maja Stina Mickeldotter \u00e5 Lassfolk i Pjelax, f\u00f6dd den 24 juni 1892, stupade i striden vid Kristinestad den 31 januari 1918, tr\u00e4ffad i hj\u00e4rtat av en fientlig kula vid anfallet mot ryssarnas l\u00f6pgravar.<\/p>\n<p>Redan vid 18 \u00e5rs \u00e5lder, i maj 1920, reste Alfred Norman till Amerika. Han var dock starkt f\u00e4stad vid hemmets jord och \u00e5terv\u00e4nde efter fem \u00e5rs bortavaro, samt \u00f6vertog h\u00e4lften av sitt f\u00e4dernehemman. N\u00e4r han 1916 ingick \u00e4ktenskap med Anna Emilia Karl-Johansdotter Spelman, sammanslogs hennes hemmansdel \u00e5 R\u00e5tts d\u00e4rmed. Vid sk\u00f6tseln av dessa hemmansdelar, utm\u00e4rkte sig Nordman s\u00e5som en s\u00e4rdeles flitig och r\u00e4ttskaffens bonde. S\u00e5som den f\u00f6rsta av de i frihetskriget fallna N\u00e4rpesborna b\u00e4ddades han ned i den f\u00e4dernejord han \u00e4lskade s\u00e5 h\u00f6gt.<\/p>\n<p>Johan Alfred Nordmans begravning den 9 februari artade sig till en folkh\u00f6gtidlighet av en f\u00f6r ortens f\u00f6rh\u00e5llanden enast\u00e5ende storslagen art. redan tidigt p\u00e5 f\u00f6rmiddagen s\u00e5g man skaror av m\u00e4nniskor till h\u00e4st och till fots p\u00e5 v\u00e4g mot N\u00e4rpes kyrka. N\u00e4r vid tolvtiden den avlidnes stoft i sin blomstersmyckade kista, \u00e5tf\u00f6ljd av ett l\u00e5ngt begravningst\u00e5g anl\u00e4nde till kyrkovallen, d\u00e4r N\u00e4rpes och \u00d6vermark skyddsk\u00e5rer bildade h\u00e4ck, utgjorde den tillst\u00e4deskomna folkmassan omkring 2,500 personer. Jordf\u00e4stningen f\u00f6rsiggick, liksom vid alla de f\u00f6ljande hj\u00e4ltebegravningarna i kyrkan, dit kistan f\u00f6ljd av N\u00e4rpes skyddsk\u00e5r med fana inbars under tonerna av Chopins sorgmarsch.<\/p>\n<p>Jordf\u00e4stningen f\u00f6rr\u00e4ttades av pastor Nordlund, bitr\u00e4dd av f\u00f6rsamlingens b\u00e4gge pr\u00e4ster. Utg\u00e5ende fr\u00e5n f\u00f6rsta versen av psalmen 485 i v\u00e5r svenska psalmbok tolkade talaren stundens betydelse och dr\u00f6jde s\u00e4rskilt vid den fallnes offerg\u00e4rning, d\u00e5 han gav sitt liv till v\u00e4rn f\u00f6r fosterland och hembygd, f\u00f6r frihet, lag och r\u00e4tt och d\u00e4rmed blev ett manande f\u00f6red\u00f6me f\u00f6r alla landets s\u00f6ner att modigt k\u00e4mpa, allt lida, allt f\u00f6rsaka f\u00f6r fosterlandets heliga sak. Detta hans stora offer, varigenom han vann en of\u00f6rg\u00e4tlig hj\u00e4lte\u00e4ra, borde ock n\u00e4st undergivenhet under Guds r\u00e5dslag och vilja l\u00e4tta f\u00f6r den avlidnes unga maka, f\u00f6r\u00e4ldrar och syskon sorgens tunga b\u00f6rda och giva s\u00e4rskilt den f\u00f6rstn\u00e4mnda mod och kraft att vid sin makes b\u00e5r inst\u00e4mma i de ord, vilka v\u00e5r skaldekonung l\u00e5ter torpets dotter uttala vid sin \u00e4lskades stoft:<\/p>\n<h6>\u201dEj med klagan skall ditt minna firas,<\/h6>\n<h6>ej likt dens, som g\u00e5r och snart skall gl\u00f6mmas;<\/h6>\n<h6>s\u00e5 skall fosterlandet dig begr\u00e5ta<\/h6>\n<h6>som en afton gr\u00e5ter dagg om sommarn,<\/h6>\n<h6>full av gl\u00e4dje, ljus och s\u00e5nger<\/h6>\n<h6>och med famnen str\u00e4ckt mot morgonrodnan\u201d.<\/h6>\n<p>&nbsp;<\/p>\n<p>Kistan f\u00f6rdes ut under orgeltoner till den n\u00e4rbel\u00e4gna graven, med skyddsk\u00e5ren \u00e5t bildade h\u00e4ck. Under det graven igenmyllades sj\u00f6ng en mansk\u00f6r fr\u00e5n den stupades hemby. S\u00e5 vidtog en riklig blomsterhyllning, varunder flera tal h\u00f6lls. Utom fr\u00e5n staben i N\u00e4rpes nedlades inalles \u00e5tta kransar fr\u00e5n skyddsk\u00e5rerna i de olika byalagen i socknen. Dessutom fr\u00e5n Kristinestads, Kask\u00f6 och \u00d6vermark skyddsk\u00e5rer, fr\u00e5n Kristinestads kommun, fr\u00e5n medborgare och medborgarinnor i Kristinestad, fr\u00e5n Skrattn\u00e4sbor, m.fl. fr\u00e5n anh\u00f6riga och personliga bekanta.<\/p>\n<p>N\u00e4r den gripande h\u00f6gtidligheten var slut, hade den med sin starka b\u00e4rande andakt f\u00f6r visso gjort ett djupt och varaktigt intryck p\u00e5 den tusenh\u00f6vdade skaran, som i den soliga vinterdagen hade st\u00e4mt m\u00f6te vid den nu f\u00f6r f\u00f6rsta g\u00e5ngen \u00f6ppnade hj\u00e4ltegraven. Man hade k\u00e4nt en fl\u00e4kt av Guds ande.<\/p>\n<p><img loading=\"lazy\" decoding=\"async\" class=\"size-full wp-image-4350 alignleft\" src=\"http:\/\/www.lassebacklund.fi\/wp-content\/uploads\/2017\/06\/Nordman-Johan-Alfred.jpg\" alt=\"Nordman Johan Alfred\" width=\"245\" height=\"548\" srcset=\"https:\/\/www.lassebacklund.fi\/wp-content\/uploads\/2017\/06\/Nordman-Johan-Alfred.jpg 245w, https:\/\/www.lassebacklund.fi\/wp-content\/uploads\/2017\/06\/Nordman-Johan-Alfred-134x300.jpg 134w\" sizes=\"auto, (max-width: 245px) 100vw, 245px\" \/><\/p>\n","protected":false},"excerpt":{"rendered":"<p>13.2.1918 Alfred Nordman, som f\u00f6ll p\u00e5 \u00e4rans f\u00e4lt vid slaget i Kristinestad var bonde fr\u00e5n Pjelaks och endast 25 \u00e5r gammal. Efter att n\u00e5gra \u00e5r ha vistats i Amerika, dit han emigrerade som 17-\u00e5rig, \u00e5terv\u00e4nde han till hemorten, d\u00e4r han <a class=\"more-link\" href=\"https:\/\/www.lassebacklund.fi\/?page_id=4321\">Forts\u00e4tt l\u00e4sa <span class=\"screen-reader-text\">  Alfred Nordman fr\u00e5n Pjelax.<\/span><span class=\"meta-nav\">&rarr;<\/span><\/a><\/p>\n","protected":false},"author":1,"featured_media":0,"parent":3752,"menu_order":0,"comment_status":"closed","ping_status":"closed","template":"","meta":{"footnotes":""},"class_list":["post-4321","page","type-page","status-publish","hentry"],"_links":{"self":[{"href":"https:\/\/www.lassebacklund.fi\/index.php?rest_route=\/wp\/v2\/pages\/4321","targetHints":{"allow":["GET"]}}],"collection":[{"href":"https:\/\/www.lassebacklund.fi\/index.php?rest_route=\/wp\/v2\/pages"}],"about":[{"href":"https:\/\/www.lassebacklund.fi\/index.php?rest_route=\/wp\/v2\/types\/page"}],"author":[{"embeddable":true,"href":"https:\/\/www.lassebacklund.fi\/index.php?rest_route=\/wp\/v2\/users\/1"}],"replies":[{"embeddable":true,"href":"https:\/\/www.lassebacklund.fi\/index.php?rest_route=%2Fwp%2Fv2%2Fcomments&post=4321"}],"version-history":[{"count":4,"href":"https:\/\/www.lassebacklund.fi\/index.php?rest_route=\/wp\/v2\/pages\/4321\/revisions"}],"predecessor-version":[{"id":18610,"href":"https:\/\/www.lassebacklund.fi\/index.php?rest_route=\/wp\/v2\/pages\/4321\/revisions\/18610"}],"up":[{"embeddable":true,"href":"https:\/\/www.lassebacklund.fi\/index.php?rest_route=\/wp\/v2\/pages\/3752"}],"wp:attachment":[{"href":"https:\/\/www.lassebacklund.fi\/index.php?rest_route=%2Fwp%2Fv2%2Fmedia&parent=4321"}],"curies":[{"name":"wp","href":"https:\/\/api.w.org\/{rel}","templated":true}]}}