{"id":4304,"date":"2017-05-30T21:57:04","date_gmt":"2017-05-30T19:57:04","guid":{"rendered":"http:\/\/www.lassebacklund.fi\/?page_id=4304"},"modified":"2017-05-30T21:57:04","modified_gmt":"2017-05-30T19:57:04","slug":"protestmotet-i-onsdags-stort-av-rodgardister","status":"publish","type":"page","link":"https:\/\/www.lassebacklund.fi\/?page_id=4304","title":{"rendered":"Protestm\u00f6tet i onsdags st\u00f6rt av r\u00f6dgardister."},"content":{"rendered":"<p><span style=\"color: #000080;\">Artikel i tidningen Syd-\u00d6sterbotten 8.12.1917:<\/span><\/p>\n<p>Med anledning av de i denna landsdel f\u00f6r\u00f6vade socialistiska tilltagen hade ett opinionsm\u00f6te f\u00f6r ett stort antal landskommuner sammankallats h\u00e4rst\u00e4des. I hundranden hade b\u00f6nder och jordfolk \u00e4ven infunnit sig. M\u00f6tet skulle begynna kl. 1 men p\u00e5 grund av t\u00e5gf\u00f6rsening, kunde det vidtaga inemot kl.3.<\/p>\n<p>Redan f\u00f6re m\u00f6tet hade r\u00f6dgardisterna uttalat hotelser och hoppades de m\u00f6jligen f\u00e5 m\u00f6tet dymedels inhiberat. D\u00e5 dylikt icke hade \u00e5syftad verkan, tillgreps andra \u00e5tg\u00e4rder. Fr\u00e5n \u00d6stermark ankom mer \u00e4n ett halft hundrade lantbor, som dock saknade l\u00e4nsmanspass. De frihetsr\u00f6da l\u00e4t d\u00e5 alla dessa sitta insp\u00e4rrade i t\u00e5get och f\u00f6rhindrade dem s\u00e5lunda att deltaga i m\u00f6tet. Fr\u00e5n m\u00f6tesledningens sida vidtogs intet h\u00e4rtill, emedan man f\u00f6resatt sig att icke giva anledning till minsta \u00f6verv\u00e5ld.<\/p>\n<p>Till f\u00f6rst spelade ett hornkapell Bj\u00f6rneborgarnas marsch. M\u00f6tet inleddes sedan av magister Lindstr\u00f6m med ett tal p\u00e5 svenska, vari han p\u00e5minde om de blodsd\u00e5d och v\u00e5ldsamheter, som p\u00e5 otaliga orter i v\u00e5rt land beg\u00e5tts i socialdemokratiska partiets namn, samt framh\u00f6ll m\u00f6tets \u00e4ndam\u00e5l: att uttala protest mot medborgarf\u00f6rtrycket. \u00c4ven ber\u00f6rde talaren f\u00f6rh\u00e5llandena speciellt i staden, hurusom polisinr\u00e4ttningen godtyckligt blivit inkr\u00e4ktad och fortfarande \u00e4r i de r\u00f6das v\u00e5ld, samt att r\u00f6dgardisterna av staden fordrat en penningsumma f\u00f6r f\u00f6rdelning sig emellan.<\/p>\n<p>P\u00e5 finska talade rektor Sepp\u00e4, som erinrade om klubbekriget d\u00e5 Syd\u00f6sterbottens folk reste sig mot v\u00e5ldet. Talaren inpr\u00e4glade med kraftiga ord vikten av gemensamt upptr\u00e4dande f\u00f6r hemfred och frihet mot de ansvariga huliganerna. Efter talen h\u00f6jdes hurra- och brarop. En del r\u00f6dgardister skr\u00e4nade med alas-rop, till och med mitt under Sepp\u00e4s tal.<\/p>\n<p>Bestegs talarstolen s\u00e5 av l\u00e4rare Teir fr\u00e5n Lappfj\u00e4rd, vilken h\u00f6ll ett kraftigt, v\u00e4lformat tal. Till estraden hade nu anl\u00e4nt r\u00f6dgardisternas chef, skr\u00e4ddaren Aarnio j\u00e4mte hantlangare och s\u00f6kte hindra talaren, vilket dock icke blev av. Aarnio v\u00e4nde sig d\u00e5 till n\u00e5gra strax invid st\u00e5ende ryska soldater och f\u00f6rs\u00f6kte sitt b\u00e4sta att inverka p\u00e5 dem, vilket dock ej lyckades.<\/p>\n<p>D\u00e5 herr Teir slutat, tr\u00e4ngde sig Aarnio upp i talarstolen, varvid folkmassan kraftigt gav sitt ogillande till k\u00e4nna. Trots det hotade denne att st\u00e5 kvar till morgon om det skulle g\u00e4lla. D\u00e5 larmet icke avtog steg en vaktsoldat fram och tecknade tystnad. D\u00e5 ov\u00e4sendet dock fortfor framtr\u00e4dde l\u00e4rare Jalas och manade till stillhet, varvid m\u00e4ngden lugnade ned sig. H\u00e4refter begynte Aarnio efter en stunds bet\u00e4nkande utslunga l\u00f6gnbeskyllningar samt ut\u00f6sa ovett \u00f6ver de borgerliga.<\/p>\n<p>D\u00e5 Aarnio slutat och utt\u00f6mt sin galla, tr\u00e4ngde r\u00f6dgardisten Eklund upp i talarstolen och fortsatte i samma anda.<\/p>\n<p>D\u00e5 detta icke syntes taga n\u00e5gon \u00e4nde b\u00f6rjade musiken spela. Detta f\u00f6rtr\u00f6t synbarligen r\u00f6dgardisterna, ty en viss Aho j\u00e4mte kamrater v\u00e4nde sig till soldater, som de fingo \u00f6vertalade att ingripa och avbryta musiken.<\/p>\n<p>D\u00e5 m\u00f6tets fredliga fortg\u00e5ng st\u00f6rdes och det icke syntes kunna forts\u00e4ttas p\u00e5 torget, drog sig allm\u00e4nheten \u00e5t r\u00e5dhuset till, d\u00e4r fr\u00e5n trappan uppl\u00e4stes tv\u00e5 kl\u00e4mmar, vilka enh\u00e4lligt godk\u00e4ndes. Kl\u00e4mmarna var av f\u00f6ljande lydelse:<\/p>\n<p>1)Medborgare i Syd\u00f6sterbotten uttala sitt skarpaste ogillande av de terroristiska d\u00e5d, som i socialdemokratiska partiets namn ig\u00e5ngsatts under en tid, d\u00e5 folkets alla krafter borde ansp\u00e4nnas f\u00f6r m\u00f6tandet av den hotande n\u00f6dtiden och f\u00f6r vinnande av sj\u00e4lvst\u00e4ndighet i v\u00e5rt land och framh\u00e5lla sin avsikt vara att som en man underst\u00f6da alla de styrelse\u00e5tg\u00e4rder, vilka \u00e5syfta \u00e5terinf\u00f6randet av fred och ordning samt g\u00f6ra slut p\u00e5 det socialdemokratiska partiets f\u00f6rr\u00e4diska samarbete med en f\u00f6r oss fr\u00e4mmande soldatesk.<\/p>\n<p>2)P\u00e5 grund h\u00e4rav anser medborgarm\u00f6tet n\u00f6digt att alla kommuner i Syd\u00f6sterbotten sammansluta sig f\u00f6r uppr\u00e4tth\u00e5llandet av fred och ordning i sin landsdel och att f\u00f6r detta \u00e4ndam\u00e5l omedelbart tills\u00e4ttes en av kommunerna utsedd gemensam kommitt\u00e9.<\/p>\n<p>Den f\u00f6rstn\u00e4mnda av dessa kl\u00e4mmar besl\u00f6ts skriftligen befordra till landsh\u00f6vdingens k\u00e4nnedom. Skrivelsen undertecknades sedermera av det f\u00f6ljande diskussionsm\u00f6tets ordf\u00f6rande och sekreterare, samt en man fr\u00e5n varje kommun som var representerade.<\/p>\n<p>R\u00f6dgardisterna fortsatte med sina skr\u00e4nande brandtal p\u00e5 torget. Det \u00e4r att m\u00e4rka att till m\u00f6tet voro kallade alla de som icke godk\u00e4nna terroristd\u00e5den utan fordra lagens h\u00e5llande i helgd. Icke f\u00f6rty upptr\u00e4dde just h\u00e4rvid v\u00e5ldsm\u00e4n och st\u00f6rde ett fredligt m\u00f6te. P\u00e5 m\u00f6tesdeltagarna, som uppgingo till \u00f6ver tusen, gav r\u00f6dgardisternas upptr\u00e4dande ett mer \u00e4n tydligt bevis p\u00e5 folkfrihetsf\u00f6rtrycket. Lantborna fingo verkligen se hur oroselementen b\u00e4r sig \u00e5t. Och utan tvivel var detta en kraftig sporre att verka f\u00f6r sammanslutning och energisk aktion mot anarko-socialisterna.<\/p>\n<p>\u00d6verl\u00e4ggningsm\u00f6te vidtog efter\u00e5t kl. 4 p\u00e5 r\u00e5dhuset och voro de kringliggande kommunerna ganska talrikt f\u00f6retr\u00e4dda. Att leda f\u00f6rhandlingarna valdes magister E. Wichmann samt till sekreterare djurl\u00e4kare L. Laurell, varefter skreds till diskussion om n\u00f6dv\u00e4ndigheten av en s\u00e4rskild centralkommitt\u00e9 kommunerna emellan. Enh\u00e4lligt besl\u00f6ts att tills\u00e4tta en s\u00e5dan och valdes till medlemmar:<\/p>\n<p>Kristinestad: Aminoff och Sepp\u00e4, suppleant Slotte<\/p>\n<p>Landsf\u00f6rsamlingen: Hinds och Mangs, suppleant Butts<\/p>\n<p>Lappfj\u00e4rd: Emil Knus och Laurell, suppleant K. Knus<\/p>\n<p>Sideby: Grankull och hanses, suppleant Vestervik<\/p>\n<p>N\u00e4rpes: Nix och Jeppson, suppleant Karlsson<\/p>\n<p>\u00d6vermark: Ehrs och Rosenl\u00f6f, suppleant Franz\u00e9n<\/p>\n<p>Kask\u00f6: Ollonqvist och Koivisto, suppleant Nordback<\/p>\n<p>B\u00f6tom: Hakala och Prosi, suppleant Gr\u00f6nlund<\/p>\n<p>Stor\u00e5: Talvitie och Linnala, suppleant Hautala<\/p>\n<p>\u00d6stermark: Savonen och Kangas, suppleant Heikkil\u00e4<\/p>\n<p>Kauhajoki: Joukamo och Ritola, suppleant Kokko<\/p>\n<p>Jurva: Koivisto och Hahto, suppleant Peltokoski<\/p>\n<p>Att sammankalla kommitt\u00e9n valdes borgm\u00e4stare Aminoff.<\/p>\n<p>Vid m\u00f6tet behandlades \u00e4ven s\u00e4rskilda fr\u00e5gor ang\u00e5ende den allm\u00e4nna ordningens uppr\u00e4tth\u00e5llande. Grundande av skyddsk\u00e5rer i varje kommun ans\u00e5gs alldeles n\u00f6dv\u00e4ndigt och uppmanades den valda kommitt\u00e9n att skrida till snabb och effektiv verksamhet i ber\u00f6rt avseende. Envar b\u00f6r veta sin plikt.<\/p>\n","protected":false},"excerpt":{"rendered":"<p>Artikel i tidningen Syd-\u00d6sterbotten 8.12.1917: Med anledning av de i denna landsdel f\u00f6r\u00f6vade socialistiska tilltagen hade ett opinionsm\u00f6te f\u00f6r ett stort antal landskommuner sammankallats h\u00e4rst\u00e4des. I hundranden hade b\u00f6nder och jordfolk \u00e4ven infunnit sig. M\u00f6tet skulle begynna kl. 1 men <a class=\"more-link\" href=\"https:\/\/www.lassebacklund.fi\/?page_id=4304\">Forts\u00e4tt l\u00e4sa <span class=\"screen-reader-text\">  Protestm\u00f6tet i onsdags st\u00f6rt av r\u00f6dgardister.<\/span><span class=\"meta-nav\">&rarr;<\/span><\/a><\/p>\n","protected":false},"author":1,"featured_media":0,"parent":4300,"menu_order":0,"comment_status":"closed","ping_status":"closed","template":"","meta":{"footnotes":""},"class_list":["post-4304","page","type-page","status-publish","hentry"],"_links":{"self":[{"href":"https:\/\/www.lassebacklund.fi\/index.php?rest_route=\/wp\/v2\/pages\/4304","targetHints":{"allow":["GET"]}}],"collection":[{"href":"https:\/\/www.lassebacklund.fi\/index.php?rest_route=\/wp\/v2\/pages"}],"about":[{"href":"https:\/\/www.lassebacklund.fi\/index.php?rest_route=\/wp\/v2\/types\/page"}],"author":[{"embeddable":true,"href":"https:\/\/www.lassebacklund.fi\/index.php?rest_route=\/wp\/v2\/users\/1"}],"replies":[{"embeddable":true,"href":"https:\/\/www.lassebacklund.fi\/index.php?rest_route=%2Fwp%2Fv2%2Fcomments&post=4304"}],"version-history":[{"count":1,"href":"https:\/\/www.lassebacklund.fi\/index.php?rest_route=\/wp\/v2\/pages\/4304\/revisions"}],"predecessor-version":[{"id":4305,"href":"https:\/\/www.lassebacklund.fi\/index.php?rest_route=\/wp\/v2\/pages\/4304\/revisions\/4305"}],"up":[{"embeddable":true,"href":"https:\/\/www.lassebacklund.fi\/index.php?rest_route=\/wp\/v2\/pages\/4300"}],"wp:attachment":[{"href":"https:\/\/www.lassebacklund.fi\/index.php?rest_route=%2Fwp%2Fv2%2Fmedia&parent=4304"}],"curies":[{"name":"wp","href":"https:\/\/api.w.org\/{rel}","templated":true}]}}