{"id":4250,"date":"2017-05-23T17:38:03","date_gmt":"2017-05-23T15:38:03","guid":{"rendered":"http:\/\/www.lassebacklund.fi\/?page_id=4250"},"modified":"2017-06-05T21:55:05","modified_gmt":"2017-06-05T19:55:05","slug":"det-forsta-offret","status":"publish","type":"page","link":"https:\/\/www.lassebacklund.fi\/?page_id=4250","title":{"rendered":"Det f\u00f6rsta offret. Matti Nummelin."},"content":{"rendered":"<p><span style=\"line-height: 115%; font-family: 'Helvetica','sans-serif'; font-size: 10.5pt;\"><span style=\"color: #000000;\"><strong>27.2.1918. Stupad<\/strong>.<\/span><\/span><\/p>\n<p><span style=\"line-height: 115%; font-family: 'Helvetica','sans-serif'; font-size: 10.5pt;\"><span style=\"color: #000000;\">Enligt i g\u00e5r ing\u00e5ngen uppgift har skyddsk\u00e5risten Matti Nummelin fr\u00e5n Kristinestad sv\u00e5rt s\u00e5rats i striderna i trakten av Hamnholmen p\u00e5 gr\u00e4nsen mellan Vittisbofj\u00e4rd och Sastmola, samt i g\u00e5r avlidit p\u00e5 sjukhuset.<\/span><\/span><\/p>\n<p><span style=\"color: #000080;\">Artikel i tidningen Syd-\u00d6sterbotten den 2 mars 1918:<\/span><\/p>\n<p>Den f\u00f6rsta som stupade i frihetskriget fr\u00e5n Kristinestad var Matts Martin Nummelin, som stupade p\u00e5 Sastmola fronten den 25 februari 1918. F\u00f6dd i Kristinestad den 25 maj 1899, var Matti Nummelin, d\u00e5 han lj\u00f6t hj\u00e4lted\u00f6den, blott 18 \u00e5r och 9 m\u00e5nader. Ehuru han var ung, var han dock en fullv\u00e4rdig k\u00e4mpe som f\u00e5, s\u00e4llsynt v\u00e4l beg\u00e5vad i b\u00e5de kroppsligt och andligt avseende. Efter att ha bes\u00f6kt stadens folkskola, varifr\u00e5n han utdimitterades den 25 maj 1912 med ett ovanligt gott betyg, erh\u00f6ll han snart plats p\u00e5 handlanden Koskinens j\u00e4rnaff\u00e4r h\u00e4rst\u00e4des, i vars tj\u00e4nst han st\u00e5tt \u00e4nda tills han intr\u00e4dde som frivillig i skyddsk\u00e5rens flygande kolonn, d\u00e4r han blev gruppledare.<\/p>\n<p>Vid bildandet av Kristinestads skyddsk\u00e5r var han en av de f\u00f6rsta som anm\u00e4lde sig. F\u00f6r den som k\u00e4nde Matti Nummelin, var detta en alldeles naturlig sak, ty d\u00e5 det g\u00e4llde att mot v\u00e5ld och \u00f6vergrepp v\u00e4rna lag och r\u00e4tt, hem och h\u00e4rd, m\u00e5ste han helt enkelt vara med i fr\u00e4msta led. Hans karakt\u00e4r och sinne var s\u00e5dant. Faror och sv\u00e5righeter var f\u00f6r honom till endast f\u00f6r att \u00f6vervinnas. S\u00e5som sportsman var han en av de fr\u00e4msta p\u00e5 orten. Gladlynt och v\u00e4ns\u00e4ll l\u00e4mnar han i kamratkretsen de b\u00e4sta minnen.<\/p>\n<p>Under hans krigarbana, som s\u00e5 snart skulle avbrytas, hade han \u00e4ven tillvunnit sig beundran och h\u00f6gaktning, vilket ocks\u00e5 framg\u00e5r av det brev han s\u00f6rjande mor och syskon f\u00e5tt motta av den l\u00e4kare, som sk\u00f6tte honom under de tv\u00e5 sista timmar han levde p\u00e5 sjukhuset i Sastmola. Han skriver i \u00f6vers\u00e4ttning s\u00e5 h\u00e4r:<\/p>\n<p><span style=\"color: #000080;\">\u201dJag var hos Eder son under hans sista stunder. Han f\u00f6rdes till sjukhuset ungef\u00e4r en timme efter att han blev s\u00e5rad. S\u00e5ren var s\u00e5 sv\u00e5ra att vi, tre l\u00e4kare, ans\u00e5g en operation om\u00f6jlig. Pl\u00e5gorna tog vi dock bort med morfin men \u00e4ven d\u00e4rf\u00f6rinnan klagade han ej. Han var n\u00f6jd med sitt \u00f6de som endast en man och hj\u00e4lte kan det. \u00c4nda till slutet glad v\u00e4ckte han d\u00e4rigenom uppseende p\u00e5 sjukhuset. Av senare anl\u00e4nda s\u00e5rade kamrater fr\u00e5gade han hur striden avl\u00f6pt och om dess resultat.<\/span><\/p>\n<p><span style=\"color: #000080;\">D\u00e5 han k\u00e4nde att krafterna avtog, bad han genom sin l\u00e4kares fru f\u00e5 l\u00e4mna bud och h\u00e4lsningar till sin gamla mor och syskonen. Alla som l\u00e4rde k\u00e4nna honom vid fronten och p\u00e5 sjukhuset, kunde inte gl\u00f6mma den i d\u00f6den glada och hurtiga ynglingen. De skall minnas honom med den st\u00f6rsta saknad och h\u00f6gaktning. Det \u00e4r om\u00f6jligt f\u00f6r l\u00e4karen att uttrycka sina k\u00e4nslor vid denna hj\u00e4ltes b\u00e5r. S\u00e5 vacker och fridfull var hans unga livsgnista d\u00e5 den slocknade, att det kan vara m\u00f6jligt blott f\u00f6r den, vilken s\u00e5som segrare stupar i striden f\u00f6r en k\u00e4r mor, ett \u00e4lskat fosterland. Han f\u00e5r ej saknas med t\u00e5rar utan med h\u00f6gaktning.\u201d<\/span><\/p>\n<p><em>Yngling, du tr\u00e4dde i ledet in<\/em><\/p>\n<p><em>att k\u00e4mpa f\u00f6r frihet och r\u00e4tt.<\/em><\/p>\n<p><em>Med gev\u00e4ret i handen du gjorde din plikt,<\/em><\/p>\n<p><em>Hav tack och \u00e4ra, frid och ro!<\/em><\/p>\n<p><strong>6.3.1918. Matti Nummelins begravning.<\/strong><\/p>\n<p>Stupade skyddsk\u00e5risten Matti Nummelins begravning \u00e4gde rum i stadens kyrka i s\u00f6ndags kl. 4 e. m. Det med lejonfanor vackert dekorerade templet var fyllt till sista plats. Fr\u00e5n den avlidnes hem f\u00f6rdes liket genom en hedersvakt av skyddsk\u00e5rister, som bildade spalier \u00e4nda till kyrkan. Under tonerna av en sorgmarsch p\u00e5 orgel bars liket fram till koret. Sedan en s\u00e5ngk\u00f6r sjungit \u201dJag g\u00e5r mot d\u00f6den var jag g\u00e5r&#8221;, f\u00f6rr\u00e4ttades jordf\u00e4stningen av kyrkoherde Aug. Tranchant, som talade h\u00f6gst\u00e4mda ord vid till den unga hj\u00e4ltens minne och tr\u00f6stens ord till de s\u00f6rjande anf\u00f6rvanterna.<\/p>\n<p>Sedan k\u00f6ren ytterligare sjungit vidtog en rik blomsterhyllning, varvid tal h\u00f6lls av mag. V. F. Lindstr\u00f6m och bagaren O. Kyyny. Sedan fr\u00f6ken H. Wegelius sjungit ett par s\u00e5nger solo bars liket under orgelmusik ur templet. Graven hade gr\u00e4vts p\u00e5 gravg\u00e5rden invid gamla kyrkan. Efter det, graven igenmyllats sj\u00f6ng k\u00f6ren ett par s\u00e5nger, varefter handl. A. Slotte l\u00e4ste en dikt. F\u00f6rutom fr\u00e5n anf\u00f6rvanter och v\u00e4nner nedlades kransar fr\u00e5n Kristinestads kommun, fr\u00e5n medborgarinnor och medborgare i Kristinestad, fr\u00e5n skyddsk\u00e5ren i Kristinestad och fr\u00e5n skyddsk\u00e5ren i Lappfj\u00e4rd.<\/p>\n<p><img loading=\"lazy\" decoding=\"async\" class=\"alignnone size-full wp-image-4249\" src=\"http:\/\/www.lassebacklund.fi\/wp-content\/uploads\/2017\/05\/Nummelins-d\u00f6dsannons.jpg\" alt=\"Nummelins d\u00f6dsannons\" width=\"242\" height=\"508\" srcset=\"https:\/\/www.lassebacklund.fi\/wp-content\/uploads\/2017\/05\/Nummelins-d\u00f6dsannons.jpg 242w, https:\/\/www.lassebacklund.fi\/wp-content\/uploads\/2017\/05\/Nummelins-d\u00f6dsannons-143x300.jpg 143w\" sizes=\"auto, (max-width: 242px) 100vw, 242px\" \/><\/p>\n<p>&nbsp;<\/p>\n","protected":false},"excerpt":{"rendered":"<p>27.2.1918. Stupad. Enligt i g\u00e5r ing\u00e5ngen uppgift har skyddsk\u00e5risten Matti Nummelin fr\u00e5n Kristinestad sv\u00e5rt s\u00e5rats i striderna i trakten av Hamnholmen p\u00e5 gr\u00e4nsen mellan Vittisbofj\u00e4rd och Sastmola, samt i g\u00e5r avlidit p\u00e5 sjukhuset. Artikel i tidningen Syd-\u00d6sterbotten den 2 mars <a class=\"more-link\" href=\"https:\/\/www.lassebacklund.fi\/?page_id=4250\">Forts\u00e4tt l\u00e4sa <span class=\"screen-reader-text\">  Det f\u00f6rsta offret. Matti Nummelin.<\/span><span class=\"meta-nav\">&rarr;<\/span><\/a><\/p>\n","protected":false},"author":1,"featured_media":0,"parent":3752,"menu_order":0,"comment_status":"closed","ping_status":"closed","template":"","meta":{"footnotes":""},"class_list":["post-4250","page","type-page","status-publish","hentry"],"_links":{"self":[{"href":"https:\/\/www.lassebacklund.fi\/index.php?rest_route=\/wp\/v2\/pages\/4250","targetHints":{"allow":["GET"]}}],"collection":[{"href":"https:\/\/www.lassebacklund.fi\/index.php?rest_route=\/wp\/v2\/pages"}],"about":[{"href":"https:\/\/www.lassebacklund.fi\/index.php?rest_route=\/wp\/v2\/types\/page"}],"author":[{"embeddable":true,"href":"https:\/\/www.lassebacklund.fi\/index.php?rest_route=\/wp\/v2\/users\/1"}],"replies":[{"embeddable":true,"href":"https:\/\/www.lassebacklund.fi\/index.php?rest_route=%2Fwp%2Fv2%2Fcomments&post=4250"}],"version-history":[{"count":6,"href":"https:\/\/www.lassebacklund.fi\/index.php?rest_route=\/wp\/v2\/pages\/4250\/revisions"}],"predecessor-version":[{"id":4414,"href":"https:\/\/www.lassebacklund.fi\/index.php?rest_route=\/wp\/v2\/pages\/4250\/revisions\/4414"}],"up":[{"embeddable":true,"href":"https:\/\/www.lassebacklund.fi\/index.php?rest_route=\/wp\/v2\/pages\/3752"}],"wp:attachment":[{"href":"https:\/\/www.lassebacklund.fi\/index.php?rest_route=%2Fwp%2Fv2%2Fmedia&parent=4250"}],"curies":[{"name":"wp","href":"https:\/\/api.w.org\/{rel}","templated":true}]}}