{"id":4216,"date":"2017-05-22T18:10:58","date_gmt":"2017-05-22T16:10:58","guid":{"rendered":"http:\/\/www.lassebacklund.fi\/?page_id=4216"},"modified":"2017-05-22T18:21:22","modified_gmt":"2017-05-22T16:21:22","slug":"storstrejken-i-november-1917","status":"publish","type":"page","link":"https:\/\/www.lassebacklund.fi\/?page_id=4216","title":{"rendered":"Storstrejken i november 1917."},"content":{"rendered":"<p><span style=\"color: #000080;\">Den 14 november 1917 utbr\u00f6t en storstrejk i Helsingfors, som sedan spred sig i hela landet. I princip hade de r\u00f6da gardena med st\u00f6d av de ryska trupperna makten i landet under de 6 dagar som strejken\u00a0p\u00e5gick. Allting stod s\u00e5 gott som stilla i Finland och i tidningen Syd-\u00d6sterbotten den 17.11.1917 handlade ledaren om det dystra l\u00e4get i landet. Ocks\u00e5 utan strejk h\u00f6ll landet p\u00e5 att r\u00e5ka i hungersn\u00f6d och s\u00e5 h\u00e4r skrev tidningen i sin ledare \u201dDen r\u00f6da terrorn\u201d den 24 november, allts\u00e5 4 dagar efter att strejken tog slut:<\/span><\/p>\n<p>Sedan f\u00f6rra onsdagen har landet st\u00e5tt stilla. I sex dagar har Finlands socialdemokrater lekt \u201drevolution\u201d med ett samh\u00e4lle, som st\u00e5r vid branten av sin underg\u00e5ng, ett f\u00f6rsvarsl\u00f6st, sv\u00e4ltande samh\u00e4lle, som st\u00e5r inf\u00f6r hungersn\u00f6d och anarki. I sex dagar har detta parti provocerat okunniga och f\u00f6rvildade ryska knekthopar mot of\u00f6rvitliga medborgares liv, frihet och egendom. I sex dagar har det socialistiska skr\u00e4ckv\u00e4ldet satt \u00e5sido de enklaste medborgerliga r\u00e4ttigheter, personlig oantastlighet, yttrande-, press-, f\u00f6rsamlings- och f\u00f6reningsfrihet, \u201dh\u00e4ktat\u201d och misshandlat medborgare, \u201davsatt\u201d tj\u00e4nstem\u00e4n, beg\u00e5tt hemfridsbrott. I sex dagar har socialisterna avbrutit j\u00e4rnv\u00e4gstrafiken, telefonen, telegrafen och posten, och kommit \u00e5stad ett avbr\u00e4ck p\u00e5 alla omr\u00e5den, fr\u00e4mst med avseende p\u00e5 varuanskaffningen och f\u00f6rdelningen av livsf\u00f6rn\u00f6denheter, som icke kan botas.<\/p>\n<p>P\u00e5 sjunde dagen kunde de se p\u00e5 sitt verk: ett samh\u00e4lle som ropar p\u00e5 br\u00f6d, frihet, ordning, skydd, lag. Och vad kunna dessa ge? En lag om att ingen f\u00e5r arbeta mer \u00e4n \u00e5tta timmar i fabrikerna \u2013 det \u00e4r svaret p\u00e5 br\u00f6dn\u00f6den. Ett r\u00f6tt garde, som sj\u00e4lvt \u00e4r en fara f\u00f6r liv och egendom, &#8211; det \u00e4r svaret p\u00e5 folkets fordran p\u00e5 ordning, frid och skydd. En m\u00e5ngh\u00f6vdad partihydra och en skr\u00e4ckregering p\u00e5 Broholmen \u2013 det \u00e4r svaret p\u00e5 folkets fordran p\u00e5 laglighet och ordnat samh\u00e4llsskick. Men det \u00e4r ocks\u00e5 allt. Och fr\u00e5n socialistsynpunkt \u00e4r det v\u00e4l nu ganska gott i Finland.<\/p>\n<p>Det skall vara finl\u00e4ndska socialdemokrater f\u00f6r att komma p\u00e5 tanken att prisge sitt v\u00e4rnl\u00f6sa, hungrande lands medborgare \u00e5t fr\u00e4mmande soldater. Segern var billig och triumfen l\u00e4tt vunnen. Det betyder naturligtvis mindre f\u00f6r dem att de \u00e4r i minoritet i land och lantdag. Huvudsaken \u00e4r att det finl\u00e4ndska arbetarr\u00e5d, som nu alldeles on\u00f6digt pryds med namnet \u201dSenat\u201d i broderlig f\u00f6rening med det ryska matrosr\u00e5det i Helsingfors bekl\u00e4des med skr\u00e4ckv\u00e4ldets maktfullkomlighet.<\/p>\n<p>Detta synes ha varit revolutionens f\u00f6rn\u00e4msta vinst. Herr Stahovitsch hade erbjudit socialdemokraterna makten, herr Nekrasov hade gjort detta. Varf\u00f6r d\u00e5 detta revolution\u00e4ra spektakel? Det socialistiska kasernr\u00e5det m\u00e5 regera b\u00e4st det kan i gula borgen; de borgerliga skall ej resa hinder p\u00e5 dess v\u00e4g till makten. I l\u00e4ngden l\u00e4r det nog bli ganska sv\u00e5rt att sitta p\u00e5 ryska bajonetter och styra ett sv\u00e4ltande folk.<\/p>\n<p><span style=\"color: #000080;\">I samma tidning, allts\u00e5 l\u00f6rdagen den 24.11.1917 kan vi l\u00e4sa om strejken i Kristinestad:<\/span><\/p>\n<p>Natten mot onsdag den 14 november utbr\u00f6t i huvudstaden storstrejk, proklamerad av socialisternas \u201drevolution\u00e4ra centralr\u00e5d\u201d i Helsingfors. Underr\u00e4ttelser om strejk skickades hit omedelbart efter utbrottet, men allt gick i gamla f\u00e5ror \u00e4nda till fredagen. De socialistiska ledarna h\u00e4r saknade n\u00e4rmare meddelanden om h\u00e4ndelserna p\u00e5 andra orter och hade inte f\u00e5tt f\u00f6rh\u00e5llningsorder.<\/p>\n<p>Under fredagen f\u00f6retogs ingenting. Endast en tydlig nervositet kunde k\u00e4nnas. Inte ens under aftonens lopp ingick n\u00e5gra underr\u00e4ttelser, varf\u00f6r n\u00e5gra strejker inte vidtogs. N\u00e5gra r\u00f6dgardister v\u00e4nde sig i alla fall till milit\u00e4ren och intalade den ett och varje, s\u00e5 att en del blev \u00f6vertalad. Med soldatesken som st\u00f6d dristade sig socialisterna d\u00e5 f\u00f6rklara strejk fr\u00e5n kl.12 natten mot l\u00f6rdagen.<\/p>\n<p>Omedelbart tillsattes vakter i patruller om tre r\u00f6dgardister och tre soldater. Till utomst\u00e5ende meddelades ingenting om strejken eller dess \u00e4ndam\u00e5l. Inte ens alla socialister, som deltog och vandrade kring gatorna hade fullt reda p\u00e5 vad som saken egentligen g\u00e4llde, utan visade titt och t\u00e4tt sin f\u00e5kunnighet. En och annan sen nattvandrare antastades av patrullerna och utfr\u00e5gades samt hotades med h\u00e4mtning till \u201dTorpet\u201d. \u00c4nnu fredag kv\u00e4ll arbetade tryckerierna och f\u00f6ljande dagstidningar f\u00e4rdigtrycktes.<\/p>\n<p>P\u00e5 l\u00f6rdag morgon b\u00f6rjade emellertid den f\u00f6reg\u00e5ende kv\u00e4ll utsedda socialistiska strejkkommitt\u00e9n att arbeta p\u00e5 allvar. Dess utskickade m\u00e4n infann sig p\u00e5 officinerna och f\u00f6rbj\u00f6d arbetet, f\u00f6reteende n\u00e5gon slags apokryfisk order. L\u00f6rdagsupplagan fick kvarligga outdelad. Patruller str\u00f6vade omkring med st\u00e4ngningsp\u00e5bud f\u00f6r aff\u00e4rerna och hindrade arbetet p\u00e5 arbetsplatserna. Till en b\u00f6rjan lydde ingen, trots upprepade tills\u00e4gelser av de r\u00f6da. S\u00e5 utsattes respiten till kl. 12. F\u00f6r att ge eftertryck \u00e5t hotet drog r\u00f6dgardet ut p\u00e5 h\u00e4rnad genom staden och tvingade butikerna att st\u00e4nga.<\/p>\n<p>Redan p\u00e5 morgonen dekreterade folkviljan att polisen skulle demokratiseras. De strejkande infann sig p\u00e5 poliskammaren och fordrade att \u00f6verta den. Polismakten v\u00e4grade inte ens, utan l\u00e4mnade alltsammans, de \u00f6verl\u00e4t revolvrar och sablar och gick. Den nya ordningsmakten tog genast lokalen i besittning. Till dess chef uts\u00e5gs skr\u00e4ddaren Frans Aarnio. En skara r\u00f6dgardister fick han till sin hj\u00e4lp. En r\u00f6d flagga hissades ocks\u00e5 p\u00e5 polishuset, som syntes ha apterats till socialisternas andra h\u00f6gkvarter.<\/p>\n<p><strong>Vapenletningar.<\/strong><\/p>\n<p>Fram p\u00e5 dagen f\u00e4stes de strejkandes uppm\u00e4rksamhet vid m\u00f6jligen f\u00f6refintliga vapenf\u00f6rr\u00e5d. De borgerliga m\u00e5ste naturligtvis ber\u00f6vas alla anfalls- och f\u00f6rsvarsmedel f\u00f6r att folkviljan skulle kunna h\u00e4rska tryggt. Inemot kl. 2 syntes en bev\u00e4pnad milit\u00e4rpatrull, ledsagad av socialisterna, styra sina steg mot r\u00e5dhuset. Truppen gjorde halt utanf\u00f6r och fordrade nycklarna till k\u00e4llaren, som sedan granskades. Endast ett parti pot\u00e4ter som tillh\u00f6rde livsmedelsn\u00e4mnden visade sig f\u00f6r unders\u00f6karnas blickar. Sedan g\u00e4llde det huvudbyggnaden. Alla rum granskades, ocks\u00e5 butkor och vedl\u00e5rar, \u00e4nda upp till vinden. Naturligtvis hittades ingenting i vapenv\u00e4g. D\u00e4refter g\u00e4llde det den gamla kyrkan, d\u00e4r man klev omkring och unders\u00f6kte till och med l\u00e4ktare och predikstol. Som man kan t\u00e4nka sig hittades inga vapen. Dagen f\u00f6rfl\u00f6t sedan lugnt.<\/p>\n<p><strong>En soar\u00e9 med f\u00f6rhinder.<\/strong><\/p>\n<p>Strejken fortsatte under s\u00f6ndagen. Postkontoret st\u00e4ngdes och en av postiljonerna upph\u00e4mtades till strejkkansliet men frigavs senare. P\u00e5 aftonen skulle en teaterf\u00f6rest\u00e4llning f\u00f6rsigg\u00e5 i Arbetets V\u00e4nners lokal och p\u00e5 goda grunder kunde man anta att den nya ordningsmakten hade f\u00f6r avsikt att trakassera, s\u00e5vida tillst\u00e5nd inte beg\u00e4rdes. Arbetets V\u00e4nners styrelse besl\u00f6t f\u00f6r att undvika obehag f\u00f6r publiken, att inhibera soar\u00e9n. De som skulle medverka i teaterstycket besl\u00f6t dock att p\u00e5 eget bev\u00e5g f\u00f6rs\u00f6ka spela och gjorde sina f\u00f6rberedelser. Publiken b\u00f6rjade infinna sig \u2013 samt socialister som f\u00f6rbj\u00f6d tillst\u00e4llningen. Man v\u00e4grade dock att foga sig och det s\u00e5g ut som om soar\u00e9n skulle kunna bli av. Rungande hurrarop skallade i lokalen men s\u00e5 kallade r\u00f6dgardisterna p\u00e5 f\u00f6rst\u00e4rkning och v\u00e4nde sig till ryska soldater. Sedan uppf\u00f6randet redan b\u00f6rjat kom underr\u00e4ttelsen att soldatr\u00e5det utf\u00e4rdat f\u00f6rbud. F\u00f6rest\u00e4llningen avbr\u00f6ts och publiken avl\u00e4gsnade sig lugnt.<\/p>\n<p><strong>Oro.<\/strong><\/p>\n<p>\u00c4nnu p\u00e5 m\u00e5ndagen hade inga underr\u00e4ttelser om strejken givits. Fr\u00e5n Helsingfors h\u00f6rdes att orsakerna till arbetsinst\u00e4llelsen var avl\u00e4gsnade och att de omtvistade lagf\u00f6rslagen hade godk\u00e4nts av lantdagen. Aff\u00e4rerna \u00f6ppnade d\u00e4rf\u00f6r igen som vanligt. De strejkande st\u00e4ngde dock butikerna omedelbart och den som v\u00e4grade blev trakasserad. Handlanden Koskinen ans\u00e5g sig inte beh\u00f6va efterkomma de r\u00f6das fordran, eftersom de inte hade r\u00e4tt d\u00e4rtill. Herr Koskinen h\u00e4ktades d\u00e5 och f\u00f6rdes bort fr\u00e5n sitt hem men han frigavs dock mot kv\u00e4llen. P\u00e5 kv\u00e4llen kom meddelanden om strejkens avslutande p\u00e5 olika orter. Socialisterna i Kristinestad ans\u00e5g dock att deras vinningar varit f\u00f6r sm\u00e5 och d\u00e4rf\u00f6r besl\u00f6t de att forts\u00e4tta strejken \u00e4nnu.<\/p>\n<p><strong>H\u00e4ktningar.<\/strong><\/p>\n<p>P\u00e5 tisdagen riktades r\u00f6dgardisternas uppm\u00e4rksamhet p\u00e5 kommunala skyddsk\u00e5ren, som hittills inte det minsta ingripit utan f\u00f6rh\u00e5llit sig avvaktande. F\u00f6rfr\u00e5gningar om k\u00e5ren gjordes fr\u00e5n socialisth\u00e5ll och man fordrade medlemsf\u00f6rteckningar men s\u00e5dana fick de inte. K\u00e5rm\u00e4nnen ingenj\u00f6r Jarl Olin och kontoristen Hugo Juthas anh\u00f6lls och sp\u00e4rrades in i polish\u00e4ktet. De kvarh\u00f6lls d\u00e4r \u00e4nda till onsdag kv\u00e4ll. Tidtals infann sig socialister i deras cell och de dukade upp historier om h\u00e4ktningar av skyddsk\u00e5rister och om att arkebuseringar verkst\u00e4llts, i syfte att skr\u00e4mma. De tv\u00e5 anh\u00e5lla frigavs genom medling vid 7-tiden onsdag kv\u00e4ll.<\/p>\n<p><strong>Husunders\u00f6kningar.<\/strong><\/p>\n<p>Under tisdagens lopp f\u00f6retogs husunders\u00f6kningar hos ett flertal privata personer. Man letade nu efter gev\u00e4r och revolvrar hos enskilda och s\u00f6kte samtidigt efter livsmedel. Nu och d\u00e5 s\u00e5g man att socialisterna f\u00f6rde beslagtagna vapen till poliskammaren. Man kom \u00f6ver \u00e5tskilliga hagelgev\u00e4r och revolvrar, samt ocks\u00e5 n\u00e5got salongsgev\u00e4r. Till och med en kulspruta skulle de ha hittat men den skulle ha varit ett gammalt muskedunder, som n\u00e4rmast v\u00e4rdesattes som museif\u00f6rem\u00e5l.<\/p>\n<p>Bland annat verkst\u00e4lldes unders\u00f6kning hos borgm\u00e4stare Elis Granfelt trots att han inte var hemma. Trots det br\u00f6t de sig in men de hittade ingenting av det som de s\u00f6kte.<\/p>\n<p><strong>Strejken avbl\u00e5ses<\/strong>.<\/p>\n<p>Redan p\u00e5 tisdags f\u00f6rmiddag antogs det att de strejkande hade \u00f6nskat att strejken tog slut. Till klarhet kom man ej emedan man ans\u00e5g att man hade vunnit f\u00f6r litet och ville ha ytterligare fordringar genomdrivna p\u00e5 orten. Nu och d\u00e5 ringdes till S-\u00d6:s kontor om att strejken snarligen kommer att upph\u00f6ra men det blev f\u00f6rst senare. I gath\u00f6rnen uppspikades sedan proklamationer om att strejken var avbl\u00e5st kl. 6 p\u00e5 kv\u00e4llen, d\u00e5 socialisterna ocks\u00e5 genomf\u00f6rde en demonstration. Tal h\u00f6lls p\u00e5 torget och p\u00e5 kv\u00e4llen var allt lugnt. Milism\u00e4n b\u00f6rjade sedan visa sig p\u00e5 gatorna och de f\u00f6rs\u00e5gs med r\u00f6da armbindlar med bokst\u00e4verna R. M. Arbetarna fortsatte att bes\u00e4tta polisinr\u00e4ttningen ocks\u00e5 efter strejken.<\/p>\n<p><strong>Slutsats.<\/strong><\/p>\n<p>Man m\u00e5ste uttala sin djupa f\u00f6rv\u00e5ning \u00f6ver att medlemmar av ett parti som har frihet, j\u00e4mlikhet och broderskap p\u00e5 sitt program och s\u00e4ger sig str\u00e4va till allm\u00e4nt m\u00e4nskliga r\u00e4ttigheter, kan l\u00e5ta sig till att g\u00f6ra revolt mot samh\u00e4llet i en tung och sv\u00e5r tid. Nu om n\u00e5gonsin skulle det ha g\u00e4llt att bevara sinnet kallt och inte predika ve och f\u00f6rg\u00f6relse \u00f6ver of\u00f6rvitliga medborgare. Arbetarhatet drevs upp s\u00e5, att man inte v\u00e4jde sig f\u00f6r att ta st\u00f6d av fr\u00e4mmande bajonetter \u2013 mot eget lands folk. Samh\u00e4llets minst sansade element, d\u00e4r s\u00e5dana fanns med som inte levt alldeles of\u00f6rvitligt, fordrade nu att f\u00e5 ta hand om ledningen. Man m\u00e5ste f\u00f6rv\u00e5nas \u00f6ver att verkliga socialdemokrater \u00e4nnu vill h\u00f6ra till ett parti, som tar p\u00e5 sig ansvaret f\u00f6r den nu avslutade v\u00e5ldsstrejken. Storstrejken av november 1917 \u00e4r f\u00f6rvisso en skamfl\u00e4ck i den finl\u00e4ndska socialdemokratins historia. Den \u00e4r ett nedsl\u00e5ende bevis p\u00e5 den odisciplin som r\u00e5der och som inneb\u00e4r den st\u00f6rsta fara f\u00f6r landet.<\/p>\n<p><span style=\"color: #000080;\">I samma tidning, l\u00f6rdagen den 24.11.1917 fanns en artikel om skyddsk\u00e5ren i Lappfj\u00e4rd:<\/span><\/p>\n<p>I tisdags p\u00e5 kv\u00e4llen samlades ett stort antal Lappfj\u00e4rdsbor i ungdomshemmet och ett 80-tal medlemmar intr\u00e4dde d\u00e5 i skyddsk\u00e5ren. Dit anl\u00e4nde d\u00e5 bud att socialisterna och soldaterna f\u00f6rbr\u00f6drat sig och att telefoncentralen hade st\u00e4ngts. Socialister och soldater t\u00e5gade upp till ungdomshemmet och drog sedan till l\u00e4nsman Nordlunds bostad. Denne som redan hade hunnit g\u00e5 till s\u00e4ngs trakasserades och tvingades att f\u00f6lja med. De tog \u00e4ven nycklar, papper, vapen m.m. Sedan gick t\u00e5get till polis \u00c5djers som h\u00e4ktades och liksom herr Nordlund h\u00e4mtades till socialisternas lokal.<\/p>\n<p>F\u00f6ljande dag samlades skyddsk\u00e5ren f\u00f6r att dryfta l\u00e4get och ett hundratal var n\u00e4rvarande. Man valde en 5-mannadeputation, som fordrade att de h\u00e4ktade skulle friges, vilket ocks\u00e5 skedde. En socialistledare infann sig hos skyddsk\u00e5ren och kr\u00e4vde gisslan. Vid 3-tiden anst\u00e4lldes husunders\u00f6kning hos skr\u00e4ddaren Hellman, som anh\u00f6lls men v\u00e4grade att f\u00f6lja med. \u00c4ven handlanden Stenman trakasserades. P\u00e5 kv\u00e4llen anl\u00e4nde fr\u00e5n Kristinestad tv\u00e5 soldater, f\u00f6r att f\u00f6rs\u00f6ka sig p\u00e5 en f\u00f6rlikning. De f\u00f6reslog en kompromissn\u00e4mnd med 3 personer ur vardera l\u00e4gret, vilket ocks\u00e5 godk\u00e4ndes. Skyddsk\u00e5rens representanter blev herr Laurell, handlanden Erland Klockars och jordbrukaren E. J. Bj\u00f6rses. Socialisterna valde Kivim\u00e4ki, \u00d6str\u00f6m och Junnila. Resultatet av \u00f6verl\u00e4ggningen blev att kronol\u00e4nsmannen skulle kvarst\u00e5 och \u00e5terf\u00e5 sina tillh\u00f6righeter. En milis best\u00e5ende av 2 borgerliga och 2 socialister bildades. De f\u00f6rra konstaplarna \u00c5djers och Nykvist fick kvarst\u00e5 men fr\u00e5n socialisth\u00e5ll tillsattes \u00d6str\u00f6m och Kivim\u00e4ki. Milisen skulle vara obev\u00e4pnad.<\/p>\n<p>D\u00e4rmed var trasslet slut. Telefoncentralen \u00f6ppnades \u00e5ter kl. 9 i onsdags p\u00e5 kv\u00e4llen. Om h\u00e4ndelserna i Lappfj\u00e4rd har kannst\u00f6pts mycket, men de mest rafflande historierna \u00e4r som synes osanna.<\/p>\n<p><span style=\"color: #000080;\">I samma tidnings ocks\u00e5 en liten artikel, d\u00e4r det st\u00e5r att tv\u00e5 ynglingar fr\u00e5n Lappfj\u00e4rd som tillsammans med fadern var p\u00e5 arbete i Starr\u00e4ngen blev sv\u00e5rt skadades vid skottlossning. De f\u00f6rdes b\u00e5da till Kristinestad f\u00f6r att f\u00e5 v\u00e5rd. M\u00f6jligtvis hade denna h\u00e4ndelse ingenting med socialisterna att g\u00f6ra utan att det gjordes av avogt sinnade och dikterad av h\u00e4mndk\u00e4nsla.<\/span><\/p>\n<p><span style=\"color: #000080;\"><strong>I Syd-\u00d6sterbotten 5.1.1918<\/strong> ingick en artikel fr\u00e5n fullm\u00e4ktigem\u00f6tet i Lappfj\u00e4rd. Arbetarf\u00f6reningen i bolag med r\u00f6dgardisterna hade h\u00e5llit vakt under storstrejken i november 1917 och f\u00f6r detta arbete ville de nu ha ers\u00e4ttning av kommunen. Svaret fr\u00e5n fullm\u00e4ktigem\u00f6tet var klart och tydligt:<\/span><\/p>\n<p>D\u00e5 ortens arbetaref\u00f6rening under storstrejken i november och sedan dess gjort anspr\u00e5k d\u00e4rp\u00e5, att s\u00e4rskilda av n\u00e4mnda f\u00f6rening utsedda medlemmar i egenskap av milism\u00e4n skola av kommunen avl\u00f6nas f\u00f6r ordningens uppr\u00e4tth\u00e5llande, besl\u00f6t fullm\u00e4ktige enh\u00e4lligt att gentemot f\u00f6rber\u00f6rda yrkande uttala sin best\u00e4mda protest och indignation.<\/p>\n<p>Fullm\u00e4ktige anse, att det f\u00f6r kommunen vore en oerh\u00f6rd skamfl\u00e4ck att f\u00f6r ordningens uppr\u00e4tth\u00e5llande anlita personer, vilka utblottade p\u00e5 all moralisk halt och under h\u00e4nsynsl\u00f6st \u00f6vertr\u00e4dande och f\u00f6rakt f\u00f6r r\u00e4ttsordningen, begagnat sig av fredliga medborgares f\u00f6rsvarsl\u00f6sa st\u00e4llning samt med grovt och nesligt v\u00e5ldsd\u00e5d under nattens timmar st\u00f6rt m\u00e4nniskors hemfrid och f\u00e4ngslat den lagliga ordningens uppr\u00e4tth\u00e5llare, varf\u00f6r till n\u00e4mnda f\u00f6rening h\u00f6rande medlemmar och andra med dem t\u00e4nkande, vilka deltagit i f\u00f6rber\u00f6rda huligand\u00e5d, enligt fullm\u00e4ktiges enh\u00e4lliga beslut icke f\u00e5 anlitas f\u00f6r n\u00e5got uppdrag som avser den allm\u00e4nna ordningens uppr\u00e4tth\u00e5llande i Lappfj\u00e4rds kommun.<\/p>\n<p><a href=\"http:\/\/www.lassebacklund.fi\/?page_id=3747\"><span style=\"color: #000080; text-decoration: underline;\"><strong>Tillbaka till huvudartikel om skyddsk\u00e5ren.<\/strong><\/span><\/a><\/p>\n","protected":false},"excerpt":{"rendered":"<p>Den 14 november 1917 utbr\u00f6t en storstrejk i Helsingfors, som sedan spred sig i hela landet. I princip hade de r\u00f6da gardena med st\u00f6d av de ryska trupperna makten i landet under de 6 dagar som strejken\u00a0p\u00e5gick. Allting stod s\u00e5 <a class=\"more-link\" href=\"https:\/\/www.lassebacklund.fi\/?page_id=4216\">Forts\u00e4tt l\u00e4sa <span class=\"screen-reader-text\">  Storstrejken i november 1917.<\/span><span class=\"meta-nav\">&rarr;<\/span><\/a><\/p>\n","protected":false},"author":1,"featured_media":0,"parent":3747,"menu_order":0,"comment_status":"closed","ping_status":"closed","template":"","meta":{"footnotes":""},"class_list":["post-4216","page","type-page","status-publish","hentry"],"_links":{"self":[{"href":"https:\/\/www.lassebacklund.fi\/index.php?rest_route=\/wp\/v2\/pages\/4216","targetHints":{"allow":["GET"]}}],"collection":[{"href":"https:\/\/www.lassebacklund.fi\/index.php?rest_route=\/wp\/v2\/pages"}],"about":[{"href":"https:\/\/www.lassebacklund.fi\/index.php?rest_route=\/wp\/v2\/types\/page"}],"author":[{"embeddable":true,"href":"https:\/\/www.lassebacklund.fi\/index.php?rest_route=\/wp\/v2\/users\/1"}],"replies":[{"embeddable":true,"href":"https:\/\/www.lassebacklund.fi\/index.php?rest_route=%2Fwp%2Fv2%2Fcomments&post=4216"}],"version-history":[{"count":6,"href":"https:\/\/www.lassebacklund.fi\/index.php?rest_route=\/wp\/v2\/pages\/4216\/revisions"}],"predecessor-version":[{"id":4222,"href":"https:\/\/www.lassebacklund.fi\/index.php?rest_route=\/wp\/v2\/pages\/4216\/revisions\/4222"}],"up":[{"embeddable":true,"href":"https:\/\/www.lassebacklund.fi\/index.php?rest_route=\/wp\/v2\/pages\/3747"}],"wp:attachment":[{"href":"https:\/\/www.lassebacklund.fi\/index.php?rest_route=%2Fwp%2Fv2%2Fmedia&parent=4216"}],"curies":[{"name":"wp","href":"https:\/\/api.w.org\/{rel}","templated":true}]}}