{"id":4207,"date":"2017-05-19T21:48:41","date_gmt":"2017-05-19T19:48:41","guid":{"rendered":"http:\/\/www.lassebacklund.fi\/?page_id=4207"},"modified":"2026-03-20T19:13:32","modified_gmt":"2026-03-20T17:13:32","slug":"blandade-kartor-over-dagsmark","status":"publish","type":"page","link":"https:\/\/www.lassebacklund.fi\/?page_id=4207","title":{"rendered":"Blandade kartor \u00f6ver Dagsmark."},"content":{"rendered":"<p>Om du vill f\u00f6rstora kartorna i din bildsk\u00e4rm, s\u00e5 skall du h\u00e5lla ned CTRL-tangenten nere i v\u00e4nstra h\u00f6rnet och p\u00e5 samma g\u00e5ng klicka n\u00e5gra g\u00e5nger p\u00e5 + tangenten i h\u00f6gra kanten.<\/p>\n<figure id=\"attachment_1518\" aria-describedby=\"caption-attachment-1518\" style=\"width: 1076px\" class=\"wp-caption alignnone\"><img loading=\"lazy\" decoding=\"async\" class=\"size-full wp-image-1518\" src=\"https:\/\/www.lassebacklund.fi\/wp-content\/uploads\/2016\/10\/1-12.jpg\" alt=\"\" width=\"1076\" height=\"1095\" srcset=\"https:\/\/www.lassebacklund.fi\/wp-content\/uploads\/2016\/10\/1-12.jpg 1076w, https:\/\/www.lassebacklund.fi\/wp-content\/uploads\/2016\/10\/1-12-295x300.jpg 295w, https:\/\/www.lassebacklund.fi\/wp-content\/uploads\/2016\/10\/1-12-768x782.jpg 768w, https:\/\/www.lassebacklund.fi\/wp-content\/uploads\/2016\/10\/1-12-1006x1024.jpg 1006w\" sizes=\"auto, (max-width: 1076px) 100vw, 1076px\" \/><figcaption id=\"caption-attachment-1518\" class=\"wp-caption-text\">Rurik Nylunds karta \u00f6ver hemmanens placering p\u00e5 Sebasbackan och i Stor\u00e5krin f\u00f6re storskiftet i slutet av 1700-talet. P\u00e5 den gamla kartan ser vi ocks\u00e5 att s\u00e5 gott som hela A-sidon \u00e4r skogsmark och att inga v\u00e4gar finns.<\/figcaption><\/figure>\n<figure id=\"attachment_4201\" aria-describedby=\"caption-attachment-4201\" style=\"width: 1729px\" class=\"wp-caption aligncenter\"><img loading=\"lazy\" decoding=\"async\" class=\"size-full wp-image-4201\" src=\"http:\/\/www.lassebacklund.fi\/wp-content\/uploads\/2017\/05\/Emil-Storkulls-karta-Dagsmark-\u00e5r-1900-uppgjord-1983.jpg\" alt=\"Emil Storkulls karta fr\u00e5n 1983, f\u00f6rest\u00e4llande Dagsmark \u00e5r 1900.\" width=\"1729\" height=\"1227\" srcset=\"https:\/\/www.lassebacklund.fi\/wp-content\/uploads\/2017\/05\/Emil-Storkulls-karta-Dagsmark-\u00e5r-1900-uppgjord-1983.jpg 1729w, https:\/\/www.lassebacklund.fi\/wp-content\/uploads\/2017\/05\/Emil-Storkulls-karta-Dagsmark-\u00e5r-1900-uppgjord-1983-300x213.jpg 300w, https:\/\/www.lassebacklund.fi\/wp-content\/uploads\/2017\/05\/Emil-Storkulls-karta-Dagsmark-\u00e5r-1900-uppgjord-1983-768x545.jpg 768w, https:\/\/www.lassebacklund.fi\/wp-content\/uploads\/2017\/05\/Emil-Storkulls-karta-Dagsmark-\u00e5r-1900-uppgjord-1983-1024x727.jpg 1024w\" sizes=\"auto, (max-width: 1729px) 100vw, 1729px\" \/><figcaption id=\"caption-attachment-4201\" class=\"wp-caption-text\">Emil Storkulls karta fr\u00e5n 1983, f\u00f6rest\u00e4llande Dagsmark \u00e5r 1900.<\/figcaption><\/figure>\n<figure id=\"attachment_15240\" aria-describedby=\"caption-attachment-15240\" style=\"width: 1993px\" class=\"wp-caption aligncenter\"><img loading=\"lazy\" decoding=\"async\" class=\"wp-image-15240 size-full\" src=\"http:\/\/www.lassebacklund.fi\/wp-content\/uploads\/2019\/12\/Karta-\u00f6ver-Dagsmark-G-Gr\u00f6ndahl.jpg\" alt=\"\" width=\"1993\" height=\"2779\" srcset=\"https:\/\/www.lassebacklund.fi\/wp-content\/uploads\/2019\/12\/Karta-\u00f6ver-Dagsmark-G-Gr\u00f6ndahl.jpg 1993w, https:\/\/www.lassebacklund.fi\/wp-content\/uploads\/2019\/12\/Karta-\u00f6ver-Dagsmark-G-Gr\u00f6ndahl-215x300.jpg 215w, https:\/\/www.lassebacklund.fi\/wp-content\/uploads\/2019\/12\/Karta-\u00f6ver-Dagsmark-G-Gr\u00f6ndahl-768x1071.jpg 768w, https:\/\/www.lassebacklund.fi\/wp-content\/uploads\/2019\/12\/Karta-\u00f6ver-Dagsmark-G-Gr\u00f6ndahl-734x1024.jpg 734w\" sizes=\"auto, (max-width: 1993px) 100vw, 1993px\" \/><figcaption id=\"caption-attachment-15240\" class=\"wp-caption-text\">Gunnar Gr\u00f6ndahls karta d\u00e4r det bra syns var v\u00e4garna gick, vilka diken det fanns och mycket till.<\/figcaption><\/figure>\n<figure id=\"attachment_22945\" aria-describedby=\"caption-attachment-22945\" style=\"width: 768px\" class=\"wp-caption alignnone\"><img loading=\"lazy\" decoding=\"async\" class=\"size-full wp-image-22945\" src=\"https:\/\/www.lassebacklund.fi\/wp-content\/uploads\/2024\/06\/1810-karta-med-trasken-och-hemmanet-Korsback.jpg\" alt=\"\" width=\"768\" height=\"862\" srcset=\"https:\/\/www.lassebacklund.fi\/wp-content\/uploads\/2024\/06\/1810-karta-med-trasken-och-hemmanet-Korsback.jpg 768w, https:\/\/www.lassebacklund.fi\/wp-content\/uploads\/2024\/06\/1810-karta-med-trasken-och-hemmanet-Korsback-267x300.jpg 267w\" sizes=\"auto, (max-width: 768px) 100vw, 768px\" \/><figcaption id=\"caption-attachment-22945\" class=\"wp-caption-text\">Omkring 1810 s\u00e5g Storsj\u00f6n och Lillsj\u00f6n ut s\u00e5 h\u00e4r och vid kanalen mellan sj\u00f6arna l\u00e5g den kvarn som Erik Rosenstedt byggde efter att ha flyttat fr\u00e5n Norrmark. Hemmanet Korsb\u00e4ck l\u00e5g p\u00e5 \u00f6stra sidan av Storsj\u00f6n, nedanf\u00f6r dagens Stenlunds g\u00e5rd. Kartan fr\u00e5n Riksarkivet i Sverige.<\/figcaption><\/figure>\n<figure id=\"attachment_14716\" aria-describedby=\"caption-attachment-14716\" style=\"width: 1414px\" class=\"wp-caption alignnone\"><img loading=\"lazy\" decoding=\"async\" class=\"size-full wp-image-14716\" src=\"http:\/\/www.lassebacklund.fi\/wp-content\/uploads\/2019\/10\/Karta-\u00f6ver-Dagsmark-by-1846.jpg\" alt=\"\" width=\"1414\" height=\"844\" srcset=\"https:\/\/www.lassebacklund.fi\/wp-content\/uploads\/2019\/10\/Karta-\u00f6ver-Dagsmark-by-1846.jpg 1414w, https:\/\/www.lassebacklund.fi\/wp-content\/uploads\/2019\/10\/Karta-\u00f6ver-Dagsmark-by-1846-300x179.jpg 300w, https:\/\/www.lassebacklund.fi\/wp-content\/uploads\/2019\/10\/Karta-\u00f6ver-Dagsmark-by-1846-768x458.jpg 768w, https:\/\/www.lassebacklund.fi\/wp-content\/uploads\/2019\/10\/Karta-\u00f6ver-Dagsmark-by-1846-1024x611.jpg 1024w\" sizes=\"auto, (max-width: 1414px) 100vw, 1414px\" \/><figcaption id=\"caption-attachment-14716\" class=\"wp-caption-text\">P\u00e5 kartan fr\u00e5n 1846 s\u00e5 finns alla hemman i Dagsmark fortfarande inritade i Stor\u00e5krin och p\u00e5 Sebasbackan. N\u00e5gra hemman borde \u00e4nd\u00e5 ha blivit flyttade till Brobackan vid denna tid. Notera att det fanns 2 kvarnar i Kvarn\u00e5 p\u00e5 b\u00e5da sidorna om Malarudden.<\/figcaption><\/figure>\n<figure id=\"attachment_14714\" aria-describedby=\"caption-attachment-14714\" style=\"width: 887px\" class=\"wp-caption alignnone\"><img loading=\"lazy\" decoding=\"async\" class=\"size-full wp-image-14714\" src=\"http:\/\/www.lassebacklund.fi\/wp-content\/uploads\/2019\/10\/Karta-fr\u00e5n-1846-\u00f6ver-Storsj\u00f6-tr\u00e4sk.jpg\" alt=\"\" width=\"887\" height=\"884\" srcset=\"https:\/\/www.lassebacklund.fi\/wp-content\/uploads\/2019\/10\/Karta-fr\u00e5n-1846-\u00f6ver-Storsj\u00f6-tr\u00e4sk.jpg 887w, https:\/\/www.lassebacklund.fi\/wp-content\/uploads\/2019\/10\/Karta-fr\u00e5n-1846-\u00f6ver-Storsj\u00f6-tr\u00e4sk-150x150.jpg 150w, https:\/\/www.lassebacklund.fi\/wp-content\/uploads\/2019\/10\/Karta-fr\u00e5n-1846-\u00f6ver-Storsj\u00f6-tr\u00e4sk-300x300.jpg 300w, https:\/\/www.lassebacklund.fi\/wp-content\/uploads\/2019\/10\/Karta-fr\u00e5n-1846-\u00f6ver-Storsj\u00f6-tr\u00e4sk-768x765.jpg 768w\" sizes=\"auto, (max-width: 887px) 100vw, 887px\" \/><figcaption id=\"caption-attachment-14714\" class=\"wp-caption-text\">P\u00e5 kartan fr\u00e5n 1846 s\u00e5 beskrivs Dagsmark Storsj\u00f6tr\u00e4sk som uttorkat. P\u00e5 tr\u00e4skets \u00f6stra strand s\u00e5 visar den r\u00f6da pricken var hemmanet Korsb\u00e4ck fanns, det vill s\u00e4ga nedanf\u00f6r nuvarande Stenlunds g\u00e5rd.<\/figcaption><\/figure>\n<figure id=\"attachment_14712\" aria-describedby=\"caption-attachment-14712\" style=\"width: 980px\" class=\"wp-caption alignnone\"><img loading=\"lazy\" decoding=\"async\" class=\"size-full wp-image-14712\" src=\"http:\/\/www.lassebacklund.fi\/wp-content\/uploads\/2019\/10\/Karta-1800-talet.jpg\" alt=\"\" width=\"980\" height=\"576\" srcset=\"https:\/\/www.lassebacklund.fi\/wp-content\/uploads\/2019\/10\/Karta-1800-talet.jpg 980w, https:\/\/www.lassebacklund.fi\/wp-content\/uploads\/2019\/10\/Karta-1800-talet-300x176.jpg 300w, https:\/\/www.lassebacklund.fi\/wp-content\/uploads\/2019\/10\/Karta-1800-talet-768x451.jpg 768w\" sizes=\"auto, (max-width: 980px) 100vw, 980px\" \/><figcaption id=\"caption-attachment-14712\" class=\"wp-caption-text\">P\u00e5 kartan fr\u00e5n 1846 s\u00e5 ser vi att det redan d\u00e5 fanns tv\u00e5 torp i Nystad, som under alla tider har funnits p\u00e5 Lappfj\u00e4rds bys marker. De r\u00f6da prickarna till h\u00f6ger visar var hemmanen l\u00e5g den h\u00e4r tiden, allts\u00e5 i Stor\u00e5krin och p\u00e5 Sebasbackan.<\/figcaption><\/figure>\n<figure id=\"attachment_15379\" aria-describedby=\"caption-attachment-15379\" style=\"width: 1144px\" class=\"wp-caption alignnone\"><img loading=\"lazy\" decoding=\"async\" class=\"size-full wp-image-15379\" src=\"http:\/\/www.lassebacklund.fi\/wp-content\/uploads\/2020\/01\/Dagsmark-med-hemmansnamn.jpg\" alt=\"\" width=\"1144\" height=\"711\" srcset=\"https:\/\/www.lassebacklund.fi\/wp-content\/uploads\/2020\/01\/Dagsmark-med-hemmansnamn.jpg 1144w, https:\/\/www.lassebacklund.fi\/wp-content\/uploads\/2020\/01\/Dagsmark-med-hemmansnamn-300x186.jpg 300w, https:\/\/www.lassebacklund.fi\/wp-content\/uploads\/2020\/01\/Dagsmark-med-hemmansnamn-768x477.jpg 768w, https:\/\/www.lassebacklund.fi\/wp-content\/uploads\/2020\/01\/Dagsmark-med-hemmansnamn-1024x636.jpg 1024w\" sizes=\"auto, (max-width: 1144px) 100vw, 1144px\" \/><figcaption id=\"caption-attachment-15379\" class=\"wp-caption-text\">Dagsmark med hemmansnamnen, ca 1920. Karta fr\u00e5n Riksarkivet.<\/figcaption><\/figure>\n<figure id=\"attachment_15380\" aria-describedby=\"caption-attachment-15380\" style=\"width: 819px\" class=\"wp-caption alignnone\"><img loading=\"lazy\" decoding=\"async\" class=\"size-full wp-image-15380\" src=\"http:\/\/www.lassebacklund.fi\/wp-content\/uploads\/2020\/01\/Korsb\u00e4ck-med-hemmansnamn.jpg\" alt=\"\" width=\"819\" height=\"879\" srcset=\"https:\/\/www.lassebacklund.fi\/wp-content\/uploads\/2020\/01\/Korsb\u00e4ck-med-hemmansnamn.jpg 819w, https:\/\/www.lassebacklund.fi\/wp-content\/uploads\/2020\/01\/Korsb\u00e4ck-med-hemmansnamn-280x300.jpg 280w, https:\/\/www.lassebacklund.fi\/wp-content\/uploads\/2020\/01\/Korsb\u00e4ck-med-hemmansnamn-768x824.jpg 768w\" sizes=\"auto, (max-width: 819px) 100vw, 819px\" \/><figcaption id=\"caption-attachment-15380\" class=\"wp-caption-text\">Korsb\u00e4ck med hemmansnamn, ca 1920. Karta fr\u00e5n Riksarkivet.<\/figcaption><\/figure>\n<figure id=\"attachment_16656\" aria-describedby=\"caption-attachment-16656\" style=\"width: 1564px\" class=\"wp-caption alignnone\"><img loading=\"lazy\" decoding=\"async\" class=\"size-full wp-image-16656\" src=\"http:\/\/www.lassebacklund.fi\/wp-content\/uploads\/2020\/05\/Dagsmark-f\u00f6r-5000-\u00e5r-sedan-med-v\u00e4gar-och-\u00e5ar.jpg\" alt=\"\" width=\"1564\" height=\"861\" srcset=\"https:\/\/www.lassebacklund.fi\/wp-content\/uploads\/2020\/05\/Dagsmark-f\u00f6r-5000-\u00e5r-sedan-med-v\u00e4gar-och-\u00e5ar.jpg 1564w, https:\/\/www.lassebacklund.fi\/wp-content\/uploads\/2020\/05\/Dagsmark-f\u00f6r-5000-\u00e5r-sedan-med-v\u00e4gar-och-\u00e5ar-300x165.jpg 300w, https:\/\/www.lassebacklund.fi\/wp-content\/uploads\/2020\/05\/Dagsmark-f\u00f6r-5000-\u00e5r-sedan-med-v\u00e4gar-och-\u00e5ar-1024x564.jpg 1024w, https:\/\/www.lassebacklund.fi\/wp-content\/uploads\/2020\/05\/Dagsmark-f\u00f6r-5000-\u00e5r-sedan-med-v\u00e4gar-och-\u00e5ar-768x423.jpg 768w, https:\/\/www.lassebacklund.fi\/wp-content\/uploads\/2020\/05\/Dagsmark-f\u00f6r-5000-\u00e5r-sedan-med-v\u00e4gar-och-\u00e5ar-1536x846.jpg 1536w\" sizes=\"auto, (max-width: 1564px) 100vw, 1564px\" \/><figcaption id=\"caption-attachment-16656\" class=\"wp-caption-text\">F\u00f6r 5000 \u00e5r sedan var en stor del av Dagsmark under vatten. Utanf\u00f6r fastlandet fanns en st\u00f6rre \u00f6 d\u00e4r dagens Stor\u00e5sen, Ris\u00e5sen och Berg\u00e5sen finns. Efter en tid fick denna \u00f6 kontakt med fastlandet vid S\u00e5gkvarnbacken vid Lindqvists.<\/figcaption><\/figure>\n<figure id=\"attachment_12670\" aria-describedby=\"caption-attachment-12670\" style=\"width: 731px\" class=\"wp-caption alignnone\"><img loading=\"lazy\" decoding=\"async\" class=\"size-full wp-image-12670\" src=\"http:\/\/www.lassebacklund.fi\/wp-content\/uploads\/2019\/06\/Nylunds-karta-Dagsmark-f\u00f6r-4000-\u00e5r-sedan.jpg\" alt=\"\" width=\"731\" height=\"1364\" srcset=\"https:\/\/www.lassebacklund.fi\/wp-content\/uploads\/2019\/06\/Nylunds-karta-Dagsmark-f\u00f6r-4000-\u00e5r-sedan.jpg 731w, https:\/\/www.lassebacklund.fi\/wp-content\/uploads\/2019\/06\/Nylunds-karta-Dagsmark-f\u00f6r-4000-\u00e5r-sedan-161x300.jpg 161w, https:\/\/www.lassebacklund.fi\/wp-content\/uploads\/2019\/06\/Nylunds-karta-Dagsmark-f\u00f6r-4000-\u00e5r-sedan-549x1024.jpg 549w\" sizes=\"auto, (max-width: 731px) 100vw, 731px\" \/><figcaption id=\"caption-attachment-12670\" class=\"wp-caption-text\">Rurik Nylunds karta visar var strandlinjen gick f\u00f6r 5000 \u00e5r sedan. I Dagsmark var det bara en liten del av By\u00e5sen, Berg\u00e5sen och Drag\u00e5sen som stack upp ur havet. Trianglarna visar var det fanns bos\u00e4ttning denna tid. B\u00f6tombergen stack ocks\u00e5 upp ur havet men n\u00e5gon bos\u00e4ttning har aldrig funnits d\u00e4r. Nutida v\u00e4gar \u00e4r utritade med smala streck f\u00f6r att det skall vara l\u00e4ttare att orientera sig.<\/figcaption><\/figure>\n<figure id=\"attachment_13560\" aria-describedby=\"caption-attachment-13560\" style=\"width: 1864px\" class=\"wp-caption alignnone\"><img loading=\"lazy\" decoding=\"async\" class=\"size-full wp-image-13560\" src=\"http:\/\/www.lassebacklund.fi\/wp-content\/uploads\/2019\/08\/Berg-Elgot-1.jpg\" alt=\"\" width=\"1864\" height=\"1129\" srcset=\"https:\/\/www.lassebacklund.fi\/wp-content\/uploads\/2019\/08\/Berg-Elgot-1.jpg 1864w, https:\/\/www.lassebacklund.fi\/wp-content\/uploads\/2019\/08\/Berg-Elgot-1-300x182.jpg 300w, https:\/\/www.lassebacklund.fi\/wp-content\/uploads\/2019\/08\/Berg-Elgot-1-768x465.jpg 768w, https:\/\/www.lassebacklund.fi\/wp-content\/uploads\/2019\/08\/Berg-Elgot-1-1024x620.jpg 1024w\" sizes=\"auto, (max-width: 1864px) 100vw, 1864px\" \/><figcaption id=\"caption-attachment-13560\" class=\"wp-caption-text\">Elgot Berg fr\u00e5n Korsb\u00e4ck ritade denna karta \u00e5r 1996 och visar allt fr\u00e5n g\u00e5rdar till v\u00e4gar och diken.<\/figcaption><\/figure>\n<figure id=\"attachment_13561\" aria-describedby=\"caption-attachment-13561\" style=\"width: 1373px\" class=\"wp-caption alignnone\"><img loading=\"lazy\" decoding=\"async\" class=\"size-full wp-image-13561\" src=\"http:\/\/www.lassebacklund.fi\/wp-content\/uploads\/2019\/08\/Berg-Elgot-3.jpg\" alt=\"\" width=\"1373\" height=\"1496\" srcset=\"https:\/\/www.lassebacklund.fi\/wp-content\/uploads\/2019\/08\/Berg-Elgot-3.jpg 1373w, https:\/\/www.lassebacklund.fi\/wp-content\/uploads\/2019\/08\/Berg-Elgot-3-275x300.jpg 275w, https:\/\/www.lassebacklund.fi\/wp-content\/uploads\/2019\/08\/Berg-Elgot-3-768x837.jpg 768w, https:\/\/www.lassebacklund.fi\/wp-content\/uploads\/2019\/08\/Berg-Elgot-3-940x1024.jpg 940w\" sizes=\"auto, (max-width: 1373px) 100vw, 1373px\" \/><figcaption id=\"caption-attachment-13561\" class=\"wp-caption-text\">H\u00f6gra delen av den karta \u00f6ver Korsb\u00e4ck som Elgot Berg ritade \u00e5r 1996.<\/figcaption><\/figure>\n<figure id=\"attachment_13562\" aria-describedby=\"caption-attachment-13562\" style=\"width: 1214px\" class=\"wp-caption alignnone\"><img loading=\"lazy\" decoding=\"async\" class=\"size-full wp-image-13562\" src=\"http:\/\/www.lassebacklund.fi\/wp-content\/uploads\/2019\/08\/Berg-Elgot-4.jpg\" alt=\"\" width=\"1214\" height=\"1477\" srcset=\"https:\/\/www.lassebacklund.fi\/wp-content\/uploads\/2019\/08\/Berg-Elgot-4.jpg 1214w, https:\/\/www.lassebacklund.fi\/wp-content\/uploads\/2019\/08\/Berg-Elgot-4-247x300.jpg 247w, https:\/\/www.lassebacklund.fi\/wp-content\/uploads\/2019\/08\/Berg-Elgot-4-768x934.jpg 768w, https:\/\/www.lassebacklund.fi\/wp-content\/uploads\/2019\/08\/Berg-Elgot-4-842x1024.jpg 842w\" sizes=\"auto, (max-width: 1214px) 100vw, 1214px\" \/><figcaption id=\"caption-attachment-13562\" class=\"wp-caption-text\">V\u00e4nstra delen av den karta \u00f6ver Korsb\u00e4ck som Elgot Berg ritade \u00e5r 1996.<\/figcaption><\/figure>\n<figure id=\"attachment_4828\" aria-describedby=\"caption-attachment-4828\" style=\"width: 2104px\" class=\"wp-caption aligncenter\"><img loading=\"lazy\" decoding=\"async\" class=\"size-full wp-image-4828\" src=\"http:\/\/www.lassebacklund.fi\/wp-content\/uploads\/2017\/07\/Vattenledningskarta.jpg\" alt=\"Eleverna i folkskolan gjorde p\u00e5 Einar Linds tid m\u00e5nga viktiga dokumentationer. Ralf Nyholm fr\u00e5n Kvarn\u00e5, ritade bland annat denna karta i b\u00f6rjan p\u00e5 50-talet, som visar de 10 vattenledningarna som d\u00e5 fanns i Dagsmark. Den \u00e4ldsta \u00e4r fr\u00e5n 1916, den som d\u00e5 kallades f\u00f6r Yls\u00f6b\u00e4cks och i dag kallas f\u00f6r Storkull Anselmas. Erik Anders Broberg gjorde p\u00e5 sin tid m\u00e5nga vattenledningar i byn.\" width=\"2104\" height=\"1530\" srcset=\"https:\/\/www.lassebacklund.fi\/wp-content\/uploads\/2017\/07\/Vattenledningskarta.jpg 2104w, https:\/\/www.lassebacklund.fi\/wp-content\/uploads\/2017\/07\/Vattenledningskarta-300x218.jpg 300w, https:\/\/www.lassebacklund.fi\/wp-content\/uploads\/2017\/07\/Vattenledningskarta-768x558.jpg 768w, https:\/\/www.lassebacklund.fi\/wp-content\/uploads\/2017\/07\/Vattenledningskarta-1024x745.jpg 1024w\" sizes=\"auto, (max-width: 2104px) 100vw, 2104px\" \/><figcaption id=\"caption-attachment-4828\" class=\"wp-caption-text\">Eleverna i folkskolan gjorde p\u00e5 Einar Linds tid m\u00e5nga viktiga dokumentationer. Ralf Nyholm fr\u00e5n Kvarn\u00e5, ritade bland annat denna karta i b\u00f6rjan p\u00e5 50-talet, som visar de 10 vattenledningarna som d\u00e5 fanns i Dagsmark. Den \u00e4ldsta \u00e4r fr\u00e5n 1916, den som d\u00e5 kallades f\u00f6r Yls\u00f6b\u00e4cks och i dag kallas f\u00f6r Storkull Anselmas. Erik Anders Broberg gjorde p\u00e5 sin tid m\u00e5nga vattenledningar i byn.<\/figcaption><\/figure>\n<figure id=\"attachment_4202\" aria-describedby=\"caption-attachment-4202\" style=\"width: 1602px\" class=\"wp-caption aligncenter\"><img loading=\"lazy\" decoding=\"async\" class=\"size-full wp-image-4202\" src=\"http:\/\/www.lassebacklund.fi\/wp-content\/uploads\/2017\/05\/Gammal-karta-av-Rurik-Nylund.jpg\" alt=\"Rurik Nylunds karta \u00f6ver Dagsmark och grannbyarna.\" width=\"1602\" height=\"2435\" srcset=\"https:\/\/www.lassebacklund.fi\/wp-content\/uploads\/2017\/05\/Gammal-karta-av-Rurik-Nylund.jpg 1602w, https:\/\/www.lassebacklund.fi\/wp-content\/uploads\/2017\/05\/Gammal-karta-av-Rurik-Nylund-197x300.jpg 197w, https:\/\/www.lassebacklund.fi\/wp-content\/uploads\/2017\/05\/Gammal-karta-av-Rurik-Nylund-768x1167.jpg 768w, https:\/\/www.lassebacklund.fi\/wp-content\/uploads\/2017\/05\/Gammal-karta-av-Rurik-Nylund-674x1024.jpg 674w\" sizes=\"auto, (max-width: 1602px) 100vw, 1602px\" \/><figcaption id=\"caption-attachment-4202\" class=\"wp-caption-text\">Rurik Nylunds karta \u00f6ver Dagsmark och grannbyarna.<\/figcaption><\/figure>\n<figure id=\"attachment_4205\" aria-describedby=\"caption-attachment-4205\" style=\"width: 1149px\" class=\"wp-caption aligncenter\"><img loading=\"lazy\" decoding=\"async\" class=\"size-full wp-image-4205\" src=\"http:\/\/www.lassebacklund.fi\/wp-content\/uploads\/2017\/05\/Orienteringskarta-\u00f6ver-Dagsmark.jpg\" alt=\"OK Kristinas orienteringskarta \u00f6ver Dagsmark och By\u00e5sen.\" width=\"1149\" height=\"1703\" srcset=\"https:\/\/www.lassebacklund.fi\/wp-content\/uploads\/2017\/05\/Orienteringskarta-\u00f6ver-Dagsmark.jpg 1149w, https:\/\/www.lassebacklund.fi\/wp-content\/uploads\/2017\/05\/Orienteringskarta-\u00f6ver-Dagsmark-202x300.jpg 202w, https:\/\/www.lassebacklund.fi\/wp-content\/uploads\/2017\/05\/Orienteringskarta-\u00f6ver-Dagsmark-768x1138.jpg 768w, https:\/\/www.lassebacklund.fi\/wp-content\/uploads\/2017\/05\/Orienteringskarta-\u00f6ver-Dagsmark-691x1024.jpg 691w\" sizes=\"auto, (max-width: 1149px) 100vw, 1149px\" \/><figcaption id=\"caption-attachment-4205\" class=\"wp-caption-text\">OK Kristinas orienteringskarta \u00f6ver Dagsmark och By\u00e5sen.<\/figcaption><\/figure>\n<figure id=\"attachment_4203\" aria-describedby=\"caption-attachment-4203\" style=\"width: 1510px\" class=\"wp-caption aligncenter\"><img loading=\"lazy\" decoding=\"async\" class=\"size-full wp-image-4203\" src=\"http:\/\/www.lassebacklund.fi\/wp-content\/uploads\/2017\/05\/Grundkarta-Dagsmark-centrum.jpg\" alt=\"Grundkarta \u00f6ver Dagsmark centrum.\" width=\"1510\" height=\"2235\" srcset=\"https:\/\/www.lassebacklund.fi\/wp-content\/uploads\/2017\/05\/Grundkarta-Dagsmark-centrum.jpg 1510w, https:\/\/www.lassebacklund.fi\/wp-content\/uploads\/2017\/05\/Grundkarta-Dagsmark-centrum-203x300.jpg 203w, https:\/\/www.lassebacklund.fi\/wp-content\/uploads\/2017\/05\/Grundkarta-Dagsmark-centrum-768x1137.jpg 768w, https:\/\/www.lassebacklund.fi\/wp-content\/uploads\/2017\/05\/Grundkarta-Dagsmark-centrum-692x1024.jpg 692w\" sizes=\"auto, (max-width: 1510px) 100vw, 1510px\" \/><figcaption id=\"caption-attachment-4203\" class=\"wp-caption-text\">Grundkarta \u00f6ver Dagsmark centrum.<\/figcaption><\/figure>\n<figure id=\"attachment_4204\" aria-describedby=\"caption-attachment-4204\" style=\"width: 1494px\" class=\"wp-caption aligncenter\"><img loading=\"lazy\" decoding=\"async\" class=\"size-full wp-image-4204\" src=\"http:\/\/www.lassebacklund.fi\/wp-content\/uploads\/2017\/05\/Grundkarta-\u00f6ver-Dagsmark-2002.jpg\" alt=\"Grundkarta \u00f6ver Dagsmark fr\u00e5n \u00e5r 2002.\" width=\"1494\" height=\"1195\" srcset=\"https:\/\/www.lassebacklund.fi\/wp-content\/uploads\/2017\/05\/Grundkarta-\u00f6ver-Dagsmark-2002.jpg 1494w, https:\/\/www.lassebacklund.fi\/wp-content\/uploads\/2017\/05\/Grundkarta-\u00f6ver-Dagsmark-2002-300x240.jpg 300w, https:\/\/www.lassebacklund.fi\/wp-content\/uploads\/2017\/05\/Grundkarta-\u00f6ver-Dagsmark-2002-768x614.jpg 768w, https:\/\/www.lassebacklund.fi\/wp-content\/uploads\/2017\/05\/Grundkarta-\u00f6ver-Dagsmark-2002-1024x819.jpg 1024w\" sizes=\"auto, (max-width: 1494px) 100vw, 1494px\" \/><figcaption id=\"caption-attachment-4204\" class=\"wp-caption-text\">Grundkarta \u00f6ver Dagsmark fr\u00e5n \u00e5r 2002.<\/figcaption><\/figure>\n<figure id=\"attachment_4206\" aria-describedby=\"caption-attachment-4206\" style=\"width: 1497px\" class=\"wp-caption aligncenter\"><img loading=\"lazy\" decoding=\"async\" class=\"size-full wp-image-4206\" src=\"http:\/\/www.lassebacklund.fi\/wp-content\/uploads\/2017\/05\/V\u00e4gkarta-\u00f6ver-Dagsmark-med-omnejd.jpg\" alt=\"V\u00e4gkarta \u00f6ver Dagsmark by.\" width=\"1497\" height=\"888\" srcset=\"https:\/\/www.lassebacklund.fi\/wp-content\/uploads\/2017\/05\/V\u00e4gkarta-\u00f6ver-Dagsmark-med-omnejd.jpg 1497w, https:\/\/www.lassebacklund.fi\/wp-content\/uploads\/2017\/05\/V\u00e4gkarta-\u00f6ver-Dagsmark-med-omnejd-300x178.jpg 300w, https:\/\/www.lassebacklund.fi\/wp-content\/uploads\/2017\/05\/V\u00e4gkarta-\u00f6ver-Dagsmark-med-omnejd-768x456.jpg 768w, https:\/\/www.lassebacklund.fi\/wp-content\/uploads\/2017\/05\/V\u00e4gkarta-\u00f6ver-Dagsmark-med-omnejd-1024x607.jpg 1024w\" sizes=\"auto, (max-width: 1497px) 100vw, 1497px\" \/><figcaption id=\"caption-attachment-4206\" class=\"wp-caption-text\">V\u00e4gkarta \u00f6ver Dagsmark by.<\/figcaption><\/figure>\n","protected":false},"excerpt":{"rendered":"<p>Om du vill f\u00f6rstora kartorna i din bildsk\u00e4rm, s\u00e5 skall du h\u00e5lla ned CTRL-tangenten nere i v\u00e4nstra h\u00f6rnet och p\u00e5 samma g\u00e5ng klicka n\u00e5gra g\u00e5nger p\u00e5 + tangenten i h\u00f6gra kanten.<\/p>\n","protected":false},"author":1,"featured_media":0,"parent":45,"menu_order":0,"comment_status":"closed","ping_status":"closed","template":"","meta":{"footnotes":""},"class_list":["post-4207","page","type-page","status-publish","hentry"],"_links":{"self":[{"href":"https:\/\/www.lassebacklund.fi\/index.php?rest_route=\/wp\/v2\/pages\/4207","targetHints":{"allow":["GET"]}}],"collection":[{"href":"https:\/\/www.lassebacklund.fi\/index.php?rest_route=\/wp\/v2\/pages"}],"about":[{"href":"https:\/\/www.lassebacklund.fi\/index.php?rest_route=\/wp\/v2\/types\/page"}],"author":[{"embeddable":true,"href":"https:\/\/www.lassebacklund.fi\/index.php?rest_route=\/wp\/v2\/users\/1"}],"replies":[{"embeddable":true,"href":"https:\/\/www.lassebacklund.fi\/index.php?rest_route=%2Fwp%2Fv2%2Fcomments&post=4207"}],"version-history":[{"count":13,"href":"https:\/\/www.lassebacklund.fi\/index.php?rest_route=\/wp\/v2\/pages\/4207\/revisions"}],"predecessor-version":[{"id":25703,"href":"https:\/\/www.lassebacklund.fi\/index.php?rest_route=\/wp\/v2\/pages\/4207\/revisions\/25703"}],"up":[{"embeddable":true,"href":"https:\/\/www.lassebacklund.fi\/index.php?rest_route=\/wp\/v2\/pages\/45"}],"wp:attachment":[{"href":"https:\/\/www.lassebacklund.fi\/index.php?rest_route=%2Fwp%2Fv2%2Fmedia&parent=4207"}],"curies":[{"name":"wp","href":"https:\/\/api.w.org\/{rel}","templated":true}]}}