{"id":4190,"date":"2017-05-19T19:07:52","date_gmt":"2017-05-19T17:07:52","guid":{"rendered":"http:\/\/www.lassebacklund.fi\/?page_id=4190"},"modified":"2017-07-17T16:50:45","modified_gmt":"2017-07-17T14:50:45","slug":"sockenkarta-over-dagsmark-fran-1935","status":"publish","type":"page","link":"https:\/\/www.lassebacklund.fi\/?page_id=4190","title":{"rendered":"Sockenkarta \u00f6ver Dagsmark fr\u00e5n 1935."},"content":{"rendered":"<p>Om du vill f\u00f6rstora kartorna i din bildsk\u00e4rm, s\u00e5 skall du h\u00e5lla ned CTRL-tangenten nere i v\u00e4nstra h\u00f6rnet och p\u00e5 samma g\u00e5ng klicka n\u00e5gra g\u00e5nger p\u00e5 + tangenten i h\u00f6gra kanten.<\/p>\n<figure id=\"attachment_4187\" aria-describedby=\"caption-attachment-4187\" style=\"width: 1275px\" class=\"wp-caption aligncenter\"><img loading=\"lazy\" decoding=\"async\" class=\"size-full wp-image-4187\" src=\"http:\/\/www.lassebacklund.fi\/wp-content\/uploads\/2017\/05\/Karta-\u00f6vre-1.jpg\" alt=\"Sockenkartans \u00f6vre del v\u00e4sterut.\" width=\"1275\" height=\"1750\" srcset=\"https:\/\/www.lassebacklund.fi\/wp-content\/uploads\/2017\/05\/Karta-\u00f6vre-1.jpg 1275w, https:\/\/www.lassebacklund.fi\/wp-content\/uploads\/2017\/05\/Karta-\u00f6vre-1-219x300.jpg 219w, https:\/\/www.lassebacklund.fi\/wp-content\/uploads\/2017\/05\/Karta-\u00f6vre-1-768x1054.jpg 768w, https:\/\/www.lassebacklund.fi\/wp-content\/uploads\/2017\/05\/Karta-\u00f6vre-1-746x1024.jpg 746w\" sizes=\"auto, (max-width: 1275px) 100vw, 1275px\" \/><figcaption id=\"caption-attachment-4187\" class=\"wp-caption-text\">Sockenkartans \u00f6vre del v\u00e4sterut.<\/figcaption><\/figure>\n<figure id=\"attachment_4188\" aria-describedby=\"caption-attachment-4188\" style=\"width: 1275px\" class=\"wp-caption aligncenter\"><img loading=\"lazy\" decoding=\"async\" class=\"size-full wp-image-4188\" src=\"http:\/\/www.lassebacklund.fi\/wp-content\/uploads\/2017\/05\/Karta-\u00f6vre-2.jpg\" alt=\"Sockenkartans \u00f6vre del, mitten.\" width=\"1275\" height=\"1750\" srcset=\"https:\/\/www.lassebacklund.fi\/wp-content\/uploads\/2017\/05\/Karta-\u00f6vre-2.jpg 1275w, https:\/\/www.lassebacklund.fi\/wp-content\/uploads\/2017\/05\/Karta-\u00f6vre-2-219x300.jpg 219w, https:\/\/www.lassebacklund.fi\/wp-content\/uploads\/2017\/05\/Karta-\u00f6vre-2-768x1054.jpg 768w, https:\/\/www.lassebacklund.fi\/wp-content\/uploads\/2017\/05\/Karta-\u00f6vre-2-746x1024.jpg 746w\" sizes=\"auto, (max-width: 1275px) 100vw, 1275px\" \/><figcaption id=\"caption-attachment-4188\" class=\"wp-caption-text\">Sockenkartans \u00f6vre del, mitten.<\/figcaption><\/figure>\n<figure id=\"attachment_4189\" aria-describedby=\"caption-attachment-4189\" style=\"width: 1275px\" class=\"wp-caption aligncenter\"><img loading=\"lazy\" decoding=\"async\" class=\"size-full wp-image-4189\" src=\"http:\/\/www.lassebacklund.fi\/wp-content\/uploads\/2017\/05\/Karta-\u00f6vre-3.jpg\" alt=\"Sockenkartans \u00f6vre del, mot \u00f6ster.\" width=\"1275\" height=\"1750\" srcset=\"https:\/\/www.lassebacklund.fi\/wp-content\/uploads\/2017\/05\/Karta-\u00f6vre-3.jpg 1275w, https:\/\/www.lassebacklund.fi\/wp-content\/uploads\/2017\/05\/Karta-\u00f6vre-3-219x300.jpg 219w, https:\/\/www.lassebacklund.fi\/wp-content\/uploads\/2017\/05\/Karta-\u00f6vre-3-768x1054.jpg 768w, https:\/\/www.lassebacklund.fi\/wp-content\/uploads\/2017\/05\/Karta-\u00f6vre-3-746x1024.jpg 746w\" sizes=\"auto, (max-width: 1275px) 100vw, 1275px\" \/><figcaption id=\"caption-attachment-4189\" class=\"wp-caption-text\">Sockenkartans \u00f6vre del, mot \u00f6ster.<\/figcaption><\/figure>\n<figure id=\"attachment_4184\" aria-describedby=\"caption-attachment-4184\" style=\"width: 1274px\" class=\"wp-caption aligncenter\"><img loading=\"lazy\" decoding=\"async\" class=\"size-full wp-image-4184\" src=\"http:\/\/www.lassebacklund.fi\/wp-content\/uploads\/2017\/05\/Karta-nedre-1.jpg\" alt=\"Sockenkartans nedre del, mot v\u00e4ster.\" width=\"1274\" height=\"1750\" srcset=\"https:\/\/www.lassebacklund.fi\/wp-content\/uploads\/2017\/05\/Karta-nedre-1.jpg 1274w, https:\/\/www.lassebacklund.fi\/wp-content\/uploads\/2017\/05\/Karta-nedre-1-218x300.jpg 218w, https:\/\/www.lassebacklund.fi\/wp-content\/uploads\/2017\/05\/Karta-nedre-1-768x1055.jpg 768w, https:\/\/www.lassebacklund.fi\/wp-content\/uploads\/2017\/05\/Karta-nedre-1-745x1024.jpg 745w\" sizes=\"auto, (max-width: 1274px) 100vw, 1274px\" \/><figcaption id=\"caption-attachment-4184\" class=\"wp-caption-text\">Sockenkartans nedre del, mot v\u00e4ster.<\/figcaption><\/figure>\n<figure id=\"attachment_4185\" aria-describedby=\"caption-attachment-4185\" style=\"width: 1274px\" class=\"wp-caption aligncenter\"><img loading=\"lazy\" decoding=\"async\" class=\"size-full wp-image-4185\" src=\"http:\/\/www.lassebacklund.fi\/wp-content\/uploads\/2017\/05\/Karta-nedre-2.jpg\" alt=\"Sockenkartans nedre del, mitten.\" width=\"1274\" height=\"1750\" srcset=\"https:\/\/www.lassebacklund.fi\/wp-content\/uploads\/2017\/05\/Karta-nedre-2.jpg 1274w, https:\/\/www.lassebacklund.fi\/wp-content\/uploads\/2017\/05\/Karta-nedre-2-218x300.jpg 218w, https:\/\/www.lassebacklund.fi\/wp-content\/uploads\/2017\/05\/Karta-nedre-2-768x1055.jpg 768w, https:\/\/www.lassebacklund.fi\/wp-content\/uploads\/2017\/05\/Karta-nedre-2-745x1024.jpg 745w\" sizes=\"auto, (max-width: 1274px) 100vw, 1274px\" \/><figcaption id=\"caption-attachment-4185\" class=\"wp-caption-text\">Sockenkartans nedre del, mitten.<\/figcaption><\/figure>\n<figure id=\"attachment_4186\" aria-describedby=\"caption-attachment-4186\" style=\"width: 1274px\" class=\"wp-caption aligncenter\"><img loading=\"lazy\" decoding=\"async\" class=\"size-full wp-image-4186\" src=\"http:\/\/www.lassebacklund.fi\/wp-content\/uploads\/2017\/05\/Karta-nedre-3.jpg\" alt=\"Sockenkartans nedre del, mot \u00f6ster.\" width=\"1274\" height=\"1750\" srcset=\"https:\/\/www.lassebacklund.fi\/wp-content\/uploads\/2017\/05\/Karta-nedre-3.jpg 1274w, https:\/\/www.lassebacklund.fi\/wp-content\/uploads\/2017\/05\/Karta-nedre-3-218x300.jpg 218w, https:\/\/www.lassebacklund.fi\/wp-content\/uploads\/2017\/05\/Karta-nedre-3-768x1055.jpg 768w, https:\/\/www.lassebacklund.fi\/wp-content\/uploads\/2017\/05\/Karta-nedre-3-745x1024.jpg 745w\" sizes=\"auto, (max-width: 1274px) 100vw, 1274px\" \/><figcaption id=\"caption-attachment-4186\" class=\"wp-caption-text\">Sockenkartans nedre del, mot \u00f6ster.<\/figcaption><\/figure>\n<figure id=\"attachment_4193\" aria-describedby=\"caption-attachment-4193\" style=\"width: 1499px\" class=\"wp-caption aligncenter\"><img loading=\"lazy\" decoding=\"async\" class=\"size-full wp-image-4193\" src=\"http:\/\/www.lassebacklund.fi\/wp-content\/uploads\/2017\/05\/Sockenkarta-Centrum.jpg\" alt=\"Detalj av sockenkarta, centrumomr\u00e5det.\" width=\"1499\" height=\"862\" srcset=\"https:\/\/www.lassebacklund.fi\/wp-content\/uploads\/2017\/05\/Sockenkarta-Centrum.jpg 1499w, https:\/\/www.lassebacklund.fi\/wp-content\/uploads\/2017\/05\/Sockenkarta-Centrum-300x173.jpg 300w, https:\/\/www.lassebacklund.fi\/wp-content\/uploads\/2017\/05\/Sockenkarta-Centrum-768x442.jpg 768w, https:\/\/www.lassebacklund.fi\/wp-content\/uploads\/2017\/05\/Sockenkarta-Centrum-1024x589.jpg 1024w\" sizes=\"auto, (max-width: 1499px) 100vw, 1499px\" \/><figcaption id=\"caption-attachment-4193\" class=\"wp-caption-text\">Detalj av sockenkarta, centrumomr\u00e5det.<\/figcaption><\/figure>\n<figure id=\"attachment_4194\" aria-describedby=\"caption-attachment-4194\" style=\"width: 1499px\" class=\"wp-caption aligncenter\"><img loading=\"lazy\" decoding=\"async\" class=\"size-full wp-image-4194\" src=\"http:\/\/www.lassebacklund.fi\/wp-content\/uploads\/2017\/05\/Sockenkarta-Klemets\u00e4ndan.jpg\" alt=\"Detalj av sockenkartan, Klemets\u00e4ndan och del av Perus.\" width=\"1499\" height=\"800\" srcset=\"https:\/\/www.lassebacklund.fi\/wp-content\/uploads\/2017\/05\/Sockenkarta-Klemets\u00e4ndan.jpg 1499w, https:\/\/www.lassebacklund.fi\/wp-content\/uploads\/2017\/05\/Sockenkarta-Klemets\u00e4ndan-300x160.jpg 300w, https:\/\/www.lassebacklund.fi\/wp-content\/uploads\/2017\/05\/Sockenkarta-Klemets\u00e4ndan-768x410.jpg 768w, https:\/\/www.lassebacklund.fi\/wp-content\/uploads\/2017\/05\/Sockenkarta-Klemets\u00e4ndan-1024x546.jpg 1024w\" sizes=\"auto, (max-width: 1499px) 100vw, 1499px\" \/><figcaption id=\"caption-attachment-4194\" class=\"wp-caption-text\">Detalj av sockenkartan, Klemets\u00e4ndan och del av Perus.<\/figcaption><\/figure>\n<figure id=\"attachment_4195\" aria-describedby=\"caption-attachment-4195\" style=\"width: 1003px\" class=\"wp-caption aligncenter\"><img loading=\"lazy\" decoding=\"async\" class=\"size-full wp-image-4195\" src=\"http:\/\/www.lassebacklund.fi\/wp-content\/uploads\/2017\/05\/Sockenkarta-Kvarn\u00e5-Lillsj\u00f6.jpg\" alt=\"Detaljer av sockenkartan, Berg\u00e5sen, Kvarn\u00e5 och Lillsj\u00f6.\" width=\"1003\" height=\"1350\" srcset=\"https:\/\/www.lassebacklund.fi\/wp-content\/uploads\/2017\/05\/Sockenkarta-Kvarn\u00e5-Lillsj\u00f6.jpg 1003w, https:\/\/www.lassebacklund.fi\/wp-content\/uploads\/2017\/05\/Sockenkarta-Kvarn\u00e5-Lillsj\u00f6-223x300.jpg 223w, https:\/\/www.lassebacklund.fi\/wp-content\/uploads\/2017\/05\/Sockenkarta-Kvarn\u00e5-Lillsj\u00f6-768x1034.jpg 768w, https:\/\/www.lassebacklund.fi\/wp-content\/uploads\/2017\/05\/Sockenkarta-Kvarn\u00e5-Lillsj\u00f6-761x1024.jpg 761w\" sizes=\"auto, (max-width: 1003px) 100vw, 1003px\" \/><figcaption id=\"caption-attachment-4195\" class=\"wp-caption-text\">Detaljer av sockenkartan, Berg\u00e5sen, Kvarn\u00e5 och Lillsj\u00f6.<\/figcaption><\/figure>\n<figure id=\"attachment_4196\" aria-describedby=\"caption-attachment-4196\" style=\"width: 1196px\" class=\"wp-caption aligncenter\"><img loading=\"lazy\" decoding=\"async\" class=\"size-full wp-image-4196\" src=\"http:\/\/www.lassebacklund.fi\/wp-content\/uploads\/2017\/05\/Sockenkarta-Palon-Lillsj\u00f6.jpg\" alt=\"Detalj av sockenkartan, Palon och Lillsj\u00f6.\" width=\"1196\" height=\"1237\" srcset=\"https:\/\/www.lassebacklund.fi\/wp-content\/uploads\/2017\/05\/Sockenkarta-Palon-Lillsj\u00f6.jpg 1196w, https:\/\/www.lassebacklund.fi\/wp-content\/uploads\/2017\/05\/Sockenkarta-Palon-Lillsj\u00f6-290x300.jpg 290w, https:\/\/www.lassebacklund.fi\/wp-content\/uploads\/2017\/05\/Sockenkarta-Palon-Lillsj\u00f6-768x794.jpg 768w, https:\/\/www.lassebacklund.fi\/wp-content\/uploads\/2017\/05\/Sockenkarta-Palon-Lillsj\u00f6-990x1024.jpg 990w\" sizes=\"auto, (max-width: 1196px) 100vw, 1196px\" \/><figcaption id=\"caption-attachment-4196\" class=\"wp-caption-text\">Detalj av sockenkartan, Palon och Lillsj\u00f6.<\/figcaption><\/figure>\n<figure id=\"attachment_4197\" aria-describedby=\"caption-attachment-4197\" style=\"width: 1501px\" class=\"wp-caption aligncenter\"><img loading=\"lazy\" decoding=\"async\" class=\"size-full wp-image-4197\" src=\"http:\/\/www.lassebacklund.fi\/wp-content\/uploads\/2017\/05\/Sockenkarta-\u00c5backan-Palon.jpg\" alt=\"Detalj av sockenkartan, \u00c5backan och Palon.\" width=\"1501\" height=\"1421\" srcset=\"https:\/\/www.lassebacklund.fi\/wp-content\/uploads\/2017\/05\/Sockenkarta-\u00c5backan-Palon.jpg 1501w, https:\/\/www.lassebacklund.fi\/wp-content\/uploads\/2017\/05\/Sockenkarta-\u00c5backan-Palon-300x284.jpg 300w, https:\/\/www.lassebacklund.fi\/wp-content\/uploads\/2017\/05\/Sockenkarta-\u00c5backan-Palon-768x727.jpg 768w, https:\/\/www.lassebacklund.fi\/wp-content\/uploads\/2017\/05\/Sockenkarta-\u00c5backan-Palon-1024x969.jpg 1024w\" sizes=\"auto, (max-width: 1501px) 100vw, 1501px\" \/><figcaption id=\"caption-attachment-4197\" class=\"wp-caption-text\">Detalj av sockenkartan, \u00c5backan och Palon.<\/figcaption><\/figure>\n<p>&nbsp;<\/p>\n<p>&nbsp;<\/p>\n","protected":false},"excerpt":{"rendered":"<p>Om du vill f\u00f6rstora kartorna i din bildsk\u00e4rm, s\u00e5 skall du h\u00e5lla ned CTRL-tangenten nere i v\u00e4nstra h\u00f6rnet och p\u00e5 samma g\u00e5ng klicka n\u00e5gra g\u00e5nger p\u00e5 + tangenten i h\u00f6gra kanten. &nbsp; &nbsp;<\/p>\n","protected":false},"author":1,"featured_media":0,"parent":45,"menu_order":0,"comment_status":"closed","ping_status":"closed","template":"","meta":{"footnotes":""},"class_list":["post-4190","page","type-page","status-publish","hentry"],"_links":{"self":[{"href":"https:\/\/www.lassebacklund.fi\/index.php?rest_route=\/wp\/v2\/pages\/4190","targetHints":{"allow":["GET"]}}],"collection":[{"href":"https:\/\/www.lassebacklund.fi\/index.php?rest_route=\/wp\/v2\/pages"}],"about":[{"href":"https:\/\/www.lassebacklund.fi\/index.php?rest_route=\/wp\/v2\/types\/page"}],"author":[{"embeddable":true,"href":"https:\/\/www.lassebacklund.fi\/index.php?rest_route=\/wp\/v2\/users\/1"}],"replies":[{"embeddable":true,"href":"https:\/\/www.lassebacklund.fi\/index.php?rest_route=%2Fwp%2Fv2%2Fcomments&post=4190"}],"version-history":[{"count":5,"href":"https:\/\/www.lassebacklund.fi\/index.php?rest_route=\/wp\/v2\/pages\/4190\/revisions"}],"predecessor-version":[{"id":4833,"href":"https:\/\/www.lassebacklund.fi\/index.php?rest_route=\/wp\/v2\/pages\/4190\/revisions\/4833"}],"up":[{"embeddable":true,"href":"https:\/\/www.lassebacklund.fi\/index.php?rest_route=\/wp\/v2\/pages\/45"}],"wp:attachment":[{"href":"https:\/\/www.lassebacklund.fi\/index.php?rest_route=%2Fwp%2Fv2%2Fmedia&parent=4190"}],"curies":[{"name":"wp","href":"https:\/\/api.w.org\/{rel}","templated":true}]}}