{"id":4160,"date":"2017-05-18T21:31:57","date_gmt":"2017-05-18T19:31:57","guid":{"rendered":"http:\/\/www.lassebacklund.fi\/?page_id=4160"},"modified":"2026-04-25T09:14:22","modified_gmt":"2026-04-25T06:14:22","slug":"johanssons-hemmans-historia","status":"publish","type":"page","link":"https:\/\/www.lassebacklund.fi\/?page_id=4160","title":{"rendered":"Johanssons hemmans historia"},"content":{"rendered":"<p><strong><span style=\"color: #000080;\">Denna utf\u00f6rliga utredning om hemmanet Johansson har gjorts av Inga-Lill Sandstr\u00f6m fr\u00e5n Vasa.<\/span><\/strong><\/p>\n<p>Hemmanet p\u00e5 Storkull som vid storskiftet fick namnet <u><strong>Johansson 6: 9,11<\/strong><\/u> utgjorde 1\/12 av Storkull hemman. Det \u00e4gdes vid storskiftesregleringens b\u00f6rjan av <strong>Karl Erik Johansson Storkull <\/strong>(1873-1945). Hemmanet hade Karl Erik bekommit sig s\u00e5: <strong>1\/24 mantal<\/strong> genom avhandling 7.10.1893 d\u00e5 hans mor <strong>Edla Karolina<\/strong> \u00f6verl\u00e5tit sitt hemman om 1\/12 del av Storkull, h\u00e4lften vardera \u00e5t sina s\u00f6ner Karl Erik och Josef Henrik. Hemmanet hade Edla Karolina och hennes man Johan Henrik Storkull erh\u00e5llit genom k\u00f6pebrev 3.12.1868 av Johan Henriks far <strong>Johan Hans Henriksson Storkull<\/strong>. Edla hade efter mannens d\u00f6d f\u00e5tt fastebrev 20.12.1884.<\/p>\n<p>S\u00f6nerna skall till lika delar utge livstids sytning \u00e5t modern. I \u00f6vrigt \u00e4r \u00f6verenskommet att Edla skall ge 900 mark till s\u00f6nerna f\u00f6r <strong>uppf\u00f6rande av en ny mang\u00e5rd<\/strong>. Resten av i boet befintliga kontanter f\u00f6rbeh\u00e5ller hon sig. Likas\u00e5 f\u00f6rbeh\u00e5ller hon sig <strong>husbondev\u00e4ldet s\u00e5 l\u00e4nge hon det \u00f6nskar. <\/strong>Men d\u00e5 hon avs\u00e4ger sig v\u00e4rdskapet erh\u00e5ller s\u00f6nerna all i boet befintlig<strong> l\u00f6segendom och all kreatur till j\u00e4mn f\u00f6rdelning <\/strong>med undantag av tv\u00e5 kor och husger\u00e5d hon d\u00e5 finner f\u00f6r gott att undantaga. Karl Erik erh\u00f6ll <strong>1 uppbudet<\/strong> p\u00e5 n\u00e4mnda hemmansdel den <strong>20.11.1894 \u00a7 42<\/strong>.<\/p>\n<p>Den <strong>andra 1\/24 -delen<\/strong> av Storkull erh\u00f6ll Karl Erik Johansson genom att han och hans <strong>hustru Matilda<\/strong> (1876-1905) den 8.11.1902 k\u00f6pte den av <strong>Josef Erik Henriksson Storkull<\/strong> f. 1839 och hans hustru <strong>Anna Sofia Reinholdsdotter.<\/strong> S\u00e4ljaren Josef var f\u00f6r \u00f6vrigt kusin till Karl Eriks far Johan. F\u00f6r denna hemmansdel betalade Karl Erik och Matilda <strong>3.000 mark finskt guldmynt samt livstidssytning<\/strong> till s\u00e4ljarna. Hemmanet fick genast tilltr\u00e4das till <strong>jord, hus skog och h\u00e4gnader<\/strong>. Men i \u00f6vrigt var det \u00f6verenskommet att om k\u00f6parna <strong>inom 10 \u00e5r f\u00f6rs\u00e4ljer hemmanet <\/strong>\u00e5t annan person skall de till s\u00e4ljarna ytterligare <strong>betala 1.000 finska mark<\/strong>. Karl Erik Johansson erh\u00f6ll lagfart p\u00e5 denna hemmansdel den <strong>1.12.1902 \u00a7 33.<\/strong><\/p>\n<p><strong>I sytningskontraktet<\/strong> som uppgjordes samma dag framkommer att Josef och Anna Sofia undantog till bostad \u00e5t sig den <strong>st\u00f6rre boningsstugan<\/strong> som finnes \u00e5 g\u00e5rden, den mindre f\u00e4husbyggningen med f\u00e4hus och foderlada och port emellan, spannm\u00e5lsmagasin, tv\u00e5 lider och b\u00f6r k\u00f6paren \u00e5t dem uppf\u00f6ra \u00e4nnu ett lider. Dessutom f\u00f6rbeh\u00f6ll de sig <strong>6 tegar<\/strong> i r\u00e5 med hem\u00e5kern samt <strong>\u00f6vre \u00e4ndan av Ny\u00e4ngen <\/strong>i r\u00e5 med Anders Storkulls mark.<\/p>\n<p><strong>\u00c5r 1905<\/strong> dog Karl Erik Storkulls hustru Matilda. Karl Erik <strong>gifte om sig 1907<\/strong> med Adelina Ulfves f. Storkull (f.1871) och flyttade till Lappfj\u00e4rd. Han \u00e4ndrade ocks\u00e5 sitt efternamn till <strong>Brog\u00e5rd.<\/strong> Han s\u00e5lde d\u00e5 sitt hemman Johansson 6: 9,11 i Dagsmark.<\/p>\n<h4><strong>Karl Erik s\u00e4ljer halva hemmanet<\/strong><\/h4>\n<p><strong>\u00c5r 1907, den 25 juni<\/strong> s\u00e5lde Karl Erik Storkull halva hemmanet eller 1\/24 dels mtl \u00e5t <strong>Karl Johan Andersson Korsb\u00e4ck<\/strong> (Holmbergas Kaal) och hans hustru Adelina f\u00f6r 7.000 mark + sytning. Karl och Adelina erh\u00f6ll 1 uppbud den 2.12.1910 \u00a7 56.<\/p>\n<p><strong>\u00c5r 1913<\/strong> s\u00e5lde Karl och Adelina Korsb\u00e4ck hemmansdelen \u00e5t aff\u00e4rsmannen <strong>Axel Lilltr\u00e4sk<\/strong> \u00e5r 1913.<\/p>\n<p><strong>\u00c5r 1914, den 25 maj<\/strong> s\u00e5lde Axel Lilltr\u00e4sk hemmansdeln vidare f\u00f6r 5.000 mark \u00e5t <strong>Frans och Amanda Luoma.<\/strong> De skall ocks\u00e5 utge \u00e5rlig sytning \u00e5t Karl Eriks mor Edla Karolina enligt kontrakt av den 7.10.1893.<\/p>\n<p>Frans Luoma var f\u00f6dd i Stor\u00e5 1863 och hade d\u00e4r gift sig med Amanda Lindbom, som var f\u00f6dd i Stor\u00e5 1867. F\u00f6re de \u00e5r 1914 flyttade till Dagsmark fick de 7 s\u00f6ner, alla f\u00f6dda i Stor\u00e5. Sonen Juho reste till Amerika medan s\u00f6nerna Aleksanteri och Vihtori dog unga.<\/p>\n<p><strong>\u00c5r 1934, den 16 mars<\/strong> s\u00e5lde Frans och Amanda Luoma sitt Johansson hemman 6:11 i 4 lika stora delar \u00e5t s\u00f6nerna Oskari (f.1900), Svante (f.1903), Martti (f.1907) och Artturi (f.1910). S\u00e4ljarna tog \u00e5t sig fri bostadsr\u00e4tt i halva g\u00e5rden, livstids sytning och fri sk\u00f6tsel till d\u00f6d dag.<\/p>\n<h4><strong>Karl Erik s\u00e4ljer andra halvan av hemmanet<\/strong><\/h4>\n<p>Samma dag, allts\u00e5 <strong>den 25.6.1907<\/strong> s\u00e5lde Karl Erik Storkull andra halvan ocks\u00e5 1\/24 del av hemmanet Johansson \u00e5t <strong>Josef Erik Henriksson och Anna Sofia<\/strong> Storkull. Josef och Anna Sofia k\u00f6pte allts\u00e5 tillbaka den hemmansdel de s\u00e5lde \u00e5t Karl Erik \u00e5r 1902.<\/p>\n<p><strong>\u00c5r 1909, den 20 januari<\/strong> s\u00e5lde Josef och Anna Sofia Storkull denna hemmansdel \u00e5t Josefs <strong>systerson Karl Viktor Andersson Storkull<\/strong> eller Rosenblad, som kallades &#8221;Pala Viktor&#8221;. Denne skall \u00e5t dem bygga ett sytningshus senast den 20.1.1911. Han skall \u00e4ven st\u00e5 f\u00f6r storskiftesutskylder. Edla Storkull-Lillandt bibeh\u00f6ll sin r\u00e4tt. Namnet Lillandt hade Edla Karolina f\u00e5tt d\u00e5 hon gifte sig med Viktor Lillandt, men hon \u00e4r senare fr\u00e5nskild. Edla Eriksdotter bibeh\u00f6lls ocks\u00e5 vid sitt torpkontrakt i 50 \u00e5r.<\/p>\n<p>Samtidigt med denna avhandling s\u00e5lde &#8221;Pala Viktor&#8221; Karl Viktor \u00e5t sin far <strong>Anders<\/strong> Konstantin Andersson <strong>Rosenblad<\/strong> eller Storkull och dennes hustru Kristina den del han skulle f\u00e5 i arv efter sin avlidna moder Karolina.<\/p>\n<p><strong>\u00c5r 1910, den 2 december<\/strong> s\u00f6kte Pala Viktor Andersson lagfart p\u00e5 sitt hemman, h\u00e4lften av Johansson 6:9,11, 1\/24 del av Storkull. Hemmanet gav han namnet H\u00e4gglund och han tog ocks\u00e5 sj\u00e4lv namnet H\u00e4gglund som sitt nya efternamn.<\/p>\n<p><strong>\u00c5r 1944, den 7 december<\/strong> s\u00e5lde Pala Viktor sitt hemman H\u00e4gglund i tv\u00e5 lika stora \u00e5t sina s\u00f6ner Einar (f.1910) och Gunnar (f.1916). S\u00f6nerna skulle ge utl\u00f6sen 25 000 mark var \u00e5t sin syster Ellen Ingegerd, samtidigt som de skulle ge livstids sytning \u00e5t f\u00f6r\u00e4ldrarna. S\u00e4ljarna tog \u00e5t sig fri r\u00e4tt att bebo lillstugan och r\u00e4tt att anv\u00e4nda ett h\u00e4rbre i n\u00e4rheten S\u00f6nerna skulle uppf\u00f6ra ett f\u00e4hus med foderlada, f\u00f6rutom de traditionella villkoren f\u00f6r sytningen.<\/p>\n<p><strong>\u00c5r 1961, den 12 april<\/strong> s\u00e5lde br\u00f6derna Einar och Gunnar H\u00e4gglund hemmansdelen H\u00e4gglund 6:24 \u00e5t Uuno Valter och Aili Sylvia Jansson fr\u00e5n Stor\u00e5 f\u00f6r 6 miljoner gamla mark.<\/p>\n<p><strong>\u00c5r 1962, den 1 juni<\/strong> s\u00e5lde paret Jansson g\u00e5rden och hemmansdelen H\u00e4gglund 6:24 \u00e5t Ellen Salmi (f.1921) f\u00f6r 3,2 miljoner gamla mark. Ellen, som kallades &#8221;Salmi Matti Ellen&#8221; och hennes man Viljo Matias (f.1909 i Siikais), som kallades &#8221;Salmi Matti&#8221; bedrev handels med skor och kl\u00e4der i Lappfj\u00e4rd.<\/p>\n<p><strong>\u00c5r 1968, den 6 augusti<\/strong> s\u00e5lde Ellen och Matias Salmi g\u00e5rden och hemmansdelen H\u00e4gglund 6:24 f\u00f6r 50 000 nymark \u00e5t bonden Paavo Peltoniemi (f.1925) fr\u00e5n H\u00e4rkmeri. Han hade \u00e5r 1948 gift sig med Irja Jaakkola (f.1927) fr\u00e5n Sideby och de hade med sig tv\u00e5 s\u00f6ner och en dotter.<\/p>\n<p><strong>\u00c5r 1982, den 16 augusti<\/strong> s\u00e5lde Paavo och Irja Peltoniemi hela hemmansdelen H\u00e4gglund 6:24 \u00e5t sina tv\u00e5 s\u00f6ner. D\u00e5 den \u00e4ldre sonen avled \u00f6vertogs hemmanet av den yngre sonen och det \u00e4r fortfarande i hans \u00e4go.<\/p>\n","protected":false},"excerpt":{"rendered":"<p>Denna utf\u00f6rliga utredning om hemmanet Johansson har gjorts av Inga-Lill Sandstr\u00f6m fr\u00e5n Vasa. Hemmanet p\u00e5 Storkull som vid storskiftet fick namnet Johansson 6: 9,11 utgjorde 1\/12 av Storkull hemman. Det \u00e4gdes vid storskiftesregleringens b\u00f6rjan av Karl Erik Johansson Storkull (1873-1945). <a class=\"more-link\" href=\"https:\/\/www.lassebacklund.fi\/?page_id=4160\">Forts\u00e4tt l\u00e4sa <span class=\"screen-reader-text\">  Johanssons hemmans historia<\/span><span class=\"meta-nav\">&rarr;<\/span><\/a><\/p>\n","protected":false},"author":1,"featured_media":0,"parent":4156,"menu_order":0,"comment_status":"closed","ping_status":"closed","template":"","meta":{"footnotes":""},"class_list":["post-4160","page","type-page","status-publish","hentry"],"_links":{"self":[{"href":"https:\/\/www.lassebacklund.fi\/index.php?rest_route=\/wp\/v2\/pages\/4160","targetHints":{"allow":["GET"]}}],"collection":[{"href":"https:\/\/www.lassebacklund.fi\/index.php?rest_route=\/wp\/v2\/pages"}],"about":[{"href":"https:\/\/www.lassebacklund.fi\/index.php?rest_route=\/wp\/v2\/types\/page"}],"author":[{"embeddable":true,"href":"https:\/\/www.lassebacklund.fi\/index.php?rest_route=\/wp\/v2\/users\/1"}],"replies":[{"embeddable":true,"href":"https:\/\/www.lassebacklund.fi\/index.php?rest_route=%2Fwp%2Fv2%2Fcomments&post=4160"}],"version-history":[{"count":11,"href":"https:\/\/www.lassebacklund.fi\/index.php?rest_route=\/wp\/v2\/pages\/4160\/revisions"}],"predecessor-version":[{"id":25850,"href":"https:\/\/www.lassebacklund.fi\/index.php?rest_route=\/wp\/v2\/pages\/4160\/revisions\/25850"}],"up":[{"embeddable":true,"href":"https:\/\/www.lassebacklund.fi\/index.php?rest_route=\/wp\/v2\/pages\/4156"}],"wp:attachment":[{"href":"https:\/\/www.lassebacklund.fi\/index.php?rest_route=%2Fwp%2Fv2%2Fmedia&parent=4160"}],"curies":[{"name":"wp","href":"https:\/\/api.w.org\/{rel}","templated":true}]}}